{"id":5709,"date":"2025-10-17T22:29:45","date_gmt":"2025-10-17T22:29:45","guid":{"rendered":"https:\/\/happyinaknit.com\/?post_type=product&#038;p=5709"},"modified":"2025-10-17T22:29:46","modified_gmt":"2025-10-17T22:29:46","slug":"clover-adatu-rinkinys-jumbo-340","status":"publish","type":"product","link":"https:\/\/happyinaknit.com\/en\/product\/clover-adatu-rinkinys-jumbo-340\/","title":{"rendered":"Clover needle set Jumbo 340"},"content":{"rendered":"<p data-start=\"61\" data-end=\"270\">High quality <strong data-start=\"77\" data-end=\"87\">Clover<\/strong> Needles are designed for sewing, assembling and finishing knitted or yarn products. The curved tip makes it easier to join knits and comfortably thread even in difficult places.<\/p>\n<p data-start=\"272\" data-end=\"339\">The needles are presented in an elegant, convenient storage case.<\/p>\n<p data-start=\"341\" data-end=\"355\"><strong data-start=\"341\" data-end=\"353\">Features:<\/strong><\/p>\n<ul data-start=\"356\" data-end=\"487\">\n<li data-start=\"356\" data-end=\"427\">\n<p data-start=\"358\" data-end=\"427\">Needles with <strong data-start=\"368\" data-end=\"386\">with a curved tip<\/strong> \u2013 especially convenient for sewing thread products<\/p>\n<\/li>\n<li data-start=\"428\" data-end=\"460\">\n<p data-start=\"430\" data-end=\"460\">Glides smoothly over fabric<\/p>\n<\/li>\n<li data-start=\"461\" data-end=\"487\">\n<p data-start=\"463\" data-end=\"487\">In the package \u2013 <strong data-start=\"475\" data-end=\"485\">1 pc.<\/strong><\/p>\n<\/li>\n<\/ul>\n<p data-start=\"489\" data-end=\"501\"><strong data-start=\"489\" data-end=\"499\">Size:<\/strong><\/p>\n<ul data-start=\"502\" data-end=\"547\">\n<li data-start=\"502\" data-end=\"526\">\n<p data-start=\"504\" data-end=\"526\">Diameter: <strong data-start=\"514\" data-end=\"524\">2.5mm<\/strong><\/p>\n<\/li>\n<li data-start=\"527\" data-end=\"547\">\n<p data-start=\"529\" data-end=\"547\">Length: <strong data-start=\"536\" data-end=\"545\">70 mm<\/strong><\/p>\n<\/li>\n<\/ul>\n<p data-start=\"549\" data-end=\"672\" data-is-last-node=\"\" data-is-only-node=\"\"><strong data-start=\"549\" data-end=\"564\">Manufacturer:<\/strong> Clover, Japan<br data-start=\"581\" data-end=\"584\" \/><strong data-start=\"584\" data-end=\"596\">Note:<\/strong> Color shades may vary slightly depending on your device&#039;s screen.<\/p>","protected":false},"excerpt":{"rendered":"<p>Auk\u0161tos kokyb\u0117s Clover adatos skirtos mezgini\u0173 ar si\u016bl\u0173 gamini\u0173 siuvimui, surinkimui ir u\u017ebaigimui. Lenktas galiukas leid\u017eia lengviau sujungti mezginius ir patogiai \u012fverti si\u016blus net sud\u0117tingose vietose. Adatos pateikiamos eleganti\u0161kame, patogiame laikyti futliar\u0117lyje. Savyb\u0117s: Adatos su lenktu galiuku \u2013 ypa\u010d patogios si\u016bl\u0173 gamini\u0173 siuvimui Skland\u017eiai slysta per audin\u012f Pakuot\u0117je \u2013 1 vnt. Dydis: Skersmuo: 2,5 mm [&hellip;]<\/p>\n","protected":false},"featured_media":5710,"comment_status":"open","ping_status":"closed","template":"","meta":{"_acf_changed":false},"product_brand":[1074],"product_cat":[15,1080,20],"product_tag":[],"pro-kategorijos":[],"class_list":{"0":"post-5709","1":"product","2":"type-product","3":"status-publish","4":"has-post-thumbnail","6":"product_brand-clover","7":"product_cat-visi-produktai","8":"product_cat-adatos","9":"product_cat-priedai-mezgimui","11":"first","12":"outofstock","13":"shipping-taxable","14":"purchasable","15":"product-type-simple"},"acf":[],"yoast_head":"<!-- This site is optimized with the Yoast SEO plugin v26.8 - https:\/\/yoast.com\/product\/yoast-seo-wordpress\/ -->\n<title>Clover adat\u0173 rinkinys Jumbo 340 - Happyinaknit.com<\/title>\n<meta name=\"robots\" content=\"index, follow, max-snippet:-1, max-image-preview:large, max-video-preview:-1\" \/>\n<link rel=\"canonical\" href=\"https:\/\/happyinaknit.com\/en\/product\/clover-adatu-rinkinys-jumbo-340\/\" \/>\n<meta property=\"og:locale\" content=\"en_US\" \/>\n<meta property=\"og:type\" content=\"article\" \/>\n<meta property=\"og:title\" content=\"Clover adat\u0173 rinkinys Jumbo 340 - Happyinaknit.com\" \/>\n<meta property=\"og:description\" content=\"Auk\u0161tos kokyb\u0117s Clover adatos skirtos mezgini\u0173 ar si\u016bl\u0173 gamini\u0173 siuvimui, surinkimui ir u\u017ebaigimui. Lenktas galiukas leid\u017eia lengviau sujungti mezginius ir patogiai \u012fverti si\u016blus net sud\u0117tingose vietose. Adatos pateikiamos eleganti\u0161kame, patogiame laikyti futliar\u0117lyje. Savyb\u0117s: Adatos su lenktu galiuku \u2013 ypa\u010d patogios si\u016bl\u0173 gamini\u0173 siuvimui Skland\u017eiai slysta per audin\u012f Pakuot\u0117je \u2013 1 vnt. Dydis: Skersmuo: 2,5 mm [&hellip;]\" \/>\n<meta property=\"og:url\" content=\"https:\/\/happyinaknit.com\/en\/product\/clover-adatu-rinkinys-jumbo-340\/\" \/>\n<meta property=\"og:site_name\" content=\"Happyinaknit.com\" \/>\n<meta property=\"article:modified_time\" content=\"2025-10-17T22:29:46+00:00\" \/>\n<meta property=\"og:image\" content=\"https:\/\/happyinaknit.com\/wp-content\/uploads\/2025\/10\/051221356315.jpg\" \/>\n\t<meta property=\"og:image:width\" content=\"500\" \/>\n\t<meta property=\"og:image:height\" content=\"500\" \/>\n\t<meta property=\"og:image:type\" content=\"image\/jpeg\" \/>\n<meta name=\"twitter:card\" content=\"summary_large_image\" \/>\n<script type=\"application\/ld+json\" class=\"yoast-schema-graph\">{\"@context\":\"https:\/\/schema.org\",\"@graph\":[{\"@type\":\"WebPage\",\"@id\":\"https:\/\/happyinaknit.com\/produktas\/clover-adatu-rinkinys-jumbo-340\/\",\"url\":\"https:\/\/happyinaknit.com\/produktas\/clover-adatu-rinkinys-jumbo-340\/\",\"name\":\"Clover adat\u0173 rinkinys Jumbo 340 - Happyinaknit.com\",\"isPartOf\":{\"@id\":\"https:\/\/happyinaknit.com\/lt\/#website\"},\"primaryImageOfPage\":{\"@id\":\"https:\/\/happyinaknit.com\/produktas\/clover-adatu-rinkinys-jumbo-340\/#primaryimage\"},\"image\":{\"@id\":\"https:\/\/happyinaknit.com\/produktas\/clover-adatu-rinkinys-jumbo-340\/#primaryimage\"},\"thumbnailUrl\":\"https:\/\/happyinaknit.com\/wp-content\/uploads\/2025\/10\/051221356315.jpg\",\"datePublished\":\"2025-10-17T22:29:45+00:00\",\"dateModified\":\"2025-10-17T22:29:46+00:00\",\"breadcrumb\":{\"@id\":\"https:\/\/happyinaknit.com\/produktas\/clover-adatu-rinkinys-jumbo-340\/#breadcrumb\"},\"inLanguage\":\"en-US\",\"potentialAction\":[{\"@type\":\"ReadAction\",\"target\":[\"https:\/\/happyinaknit.com\/produktas\/clover-adatu-rinkinys-jumbo-340\/\"]}]},{\"@type\":\"ImageObject\",\"inLanguage\":\"en-US\",\"@id\":\"https:\/\/happyinaknit.com\/produktas\/clover-adatu-rinkinys-jumbo-340\/#primaryimage\",\"url\":\"https:\/\/happyinaknit.com\/wp-content\/uploads\/2025\/10\/051221356315.jpg\",\"contentUrl\":\"https:\/\/happyinaknit.com\/wp-content\/uploads\/2025\/10\/051221356315.jpg\",\"width\":500,\"height\":500},{\"@type\":\"BreadcrumbList\",\"@id\":\"https:\/\/happyinaknit.com\/produktas\/clover-adatu-rinkinys-jumbo-340\/#breadcrumb\",\"itemListElement\":[{\"@type\":\"ListItem\",\"position\":1,\"name\":\"Home\",\"item\":\"https:\/\/happyinaknit.com\/lt\/\"},{\"@type\":\"ListItem\",\"position\":2,\"name\":\"Parduotuv\u0117\",\"item\":\"https:\/\/happyinaknit.com\/lt\/parduotuve\/\"},{\"@type\":\"ListItem\",\"position\":3,\"name\":\"Clover adat\u0173 rinkinys Jumbo 340\"}]},{\"@type\":\"WebSite\",\"@id\":\"https:\/\/happyinaknit.com\/lt\/#website\",\"url\":\"https:\/\/happyinaknit.com\/lt\/\",\"name\":\"Happyinaknit.com\",\"description\":\"\",\"potentialAction\":[{\"@type\":\"SearchAction\",\"target\":{\"@type\":\"EntryPoint\",\"urlTemplate\":\"https:\/\/happyinaknit.com\/lt\/?s={search_term_string}\"},\"query-input\":{\"@type\":\"PropertyValueSpecification\",\"valueRequired\":true,\"valueName\":\"search_term_string\"}}],\"inLanguage\":\"en-US\"}]}<\/script>\n<!-- \/ Yoast SEO plugin. -->","yoast_head_json":{"title":"Clover adat\u0173 rinkinys Jumbo 340 - Happyinaknit.com","robots":{"index":"index","follow":"follow","max-snippet":"max-snippet:-1","max-image-preview":"max-image-preview:large","max-video-preview":"max-video-preview:-1"},"canonical":"https:\/\/happyinaknit.com\/en\/product\/clover-adatu-rinkinys-jumbo-340\/","og_locale":"en_US","og_type":"article","og_title":"Clover adat\u0173 rinkinys Jumbo 340 - Happyinaknit.com","og_description":"Auk\u0161tos kokyb\u0117s Clover adatos skirtos mezgini\u0173 ar si\u016bl\u0173 gamini\u0173 siuvimui, surinkimui ir u\u017ebaigimui. Lenktas galiukas leid\u017eia lengviau sujungti mezginius ir patogiai \u012fverti si\u016blus net sud\u0117tingose vietose. Adatos pateikiamos eleganti\u0161kame, patogiame laikyti futliar\u0117lyje. Savyb\u0117s: Adatos su lenktu galiuku \u2013 ypa\u010d patogios si\u016bl\u0173 gamini\u0173 siuvimui Skland\u017eiai slysta per audin\u012f Pakuot\u0117je \u2013 1 vnt. Dydis: Skersmuo: 2,5 mm [&hellip;]","og_url":"https:\/\/happyinaknit.com\/en\/product\/clover-adatu-rinkinys-jumbo-340\/","og_site_name":"Happyinaknit.com","article_modified_time":"2025-10-17T22:29:46+00:00","og_image":[{"width":500,"height":500,"url":"https:\/\/happyinaknit.com\/wp-content\/uploads\/2025\/10\/051221356315.jpg","type":"image\/jpeg"}],"twitter_card":"summary_large_image","schema":{"@context":"https:\/\/schema.org","@graph":[{"@type":"WebPage","@id":"https:\/\/happyinaknit.com\/produktas\/clover-adatu-rinkinys-jumbo-340\/","url":"https:\/\/happyinaknit.com\/produktas\/clover-adatu-rinkinys-jumbo-340\/","name":"Clover adat\u0173 rinkinys Jumbo 340 - Happyinaknit.com","isPartOf":{"@id":"https:\/\/happyinaknit.com\/lt\/#website"},"primaryImageOfPage":{"@id":"https:\/\/happyinaknit.com\/produktas\/clover-adatu-rinkinys-jumbo-340\/#primaryimage"},"image":{"@id":"https:\/\/happyinaknit.com\/produktas\/clover-adatu-rinkinys-jumbo-340\/#primaryimage"},"thumbnailUrl":"https:\/\/happyinaknit.com\/wp-content\/uploads\/2025\/10\/051221356315.jpg","datePublished":"2025-10-17T22:29:45+00:00","dateModified":"2025-10-17T22:29:46+00:00","breadcrumb":{"@id":"https:\/\/happyinaknit.com\/produktas\/clover-adatu-rinkinys-jumbo-340\/#breadcrumb"},"inLanguage":"en-US","potentialAction":[{"@type":"ReadAction","target":["https:\/\/happyinaknit.com\/produktas\/clover-adatu-rinkinys-jumbo-340\/"]}]},{"@type":"ImageObject","inLanguage":"en-US","@id":"https:\/\/happyinaknit.com\/produktas\/clover-adatu-rinkinys-jumbo-340\/#primaryimage","url":"https:\/\/happyinaknit.com\/wp-content\/uploads\/2025\/10\/051221356315.jpg","contentUrl":"https:\/\/happyinaknit.com\/wp-content\/uploads\/2025\/10\/051221356315.jpg","width":500,"height":500},{"@type":"BreadcrumbList","@id":"https:\/\/happyinaknit.com\/produktas\/clover-adatu-rinkinys-jumbo-340\/#breadcrumb","itemListElement":[{"@type":"ListItem","position":1,"name":"Home","item":"https:\/\/happyinaknit.com\/lt\/"},{"@type":"ListItem","position":2,"name":"Parduotuv\u0117","item":"https:\/\/happyinaknit.com\/lt\/parduotuve\/"},{"@type":"ListItem","position":3,"name":"Clover adat\u0173 rinkinys Jumbo 340"}]},{"@type":"WebSite","@id":"https:\/\/happyinaknit.com\/lt\/#website","url":"https:\/\/happyinaknit.com\/lt\/","name":"Happyinaknit.com","description":"","potentialAction":[{"@type":"SearchAction","target":{"@type":"EntryPoint","urlTemplate":"https:\/\/happyinaknit.com\/lt\/?s={search_term_string}"},"query-input":{"@type":"PropertyValueSpecification","valueRequired":true,"valueName":"search_term_string"}}],"inLanguage":"en-US"}]}},"_links":{"self":[{"href":"https:\/\/happyinaknit.com\/en\/wp-json\/wp\/v2\/product\/5709","targetHints":{"allow":["GET"]}}],"collection":[{"href":"https:\/\/happyinaknit.com\/en\/wp-json\/wp\/v2\/product"}],"about":[{"href":"https:\/\/happyinaknit.com\/en\/wp-json\/wp\/v2\/types\/product"}],"replies":[{"embeddable":true,"href":"https:\/\/happyinaknit.com\/en\/wp-json\/wp\/v2\/comments?post=5709"}],"wp:featuredmedia":[{"embeddable":true,"href":"https:\/\/happyinaknit.com\/en\/wp-json\/wp\/v2\/media\/5710"}],"wp:attachment":[{"href":"https:\/\/happyinaknit.com\/en\/wp-json\/wp\/v2\/media?parent=5709"}],"wp:term":[{"taxonomy":"product_brand","embeddable":true,"href":"https:\/\/happyinaknit.com\/en\/wp-json\/wp\/v2\/product_brand?post=5709"},{"taxonomy":"product_cat","embeddable":true,"href":"https:\/\/happyinaknit.com\/en\/wp-json\/wp\/v2\/product_cat?post=5709"},{"taxonomy":"product_tag","embeddable":true,"href":"https:\/\/happyinaknit.com\/en\/wp-json\/wp\/v2\/product_tag?post=5709"},{"taxonomy":"pro-kategorijos","embeddable":true,"href":"https:\/\/happyinaknit.com\/en\/wp-json\/wp\/v2\/pro-kategorijos?post=5709"}],"curies":[{"name":"wp","href":"https:\/\/api.w.org\/{rel}","templated":true}]}}