{"id":5696,"date":"2025-10-17T22:11:59","date_gmt":"2025-10-17T22:11:59","guid":{"rendered":"https:\/\/happyinaknit.com\/?post_type=product&#038;p=5696"},"modified":"2025-10-18T07:55:37","modified_gmt":"2025-10-18T07:55:37","slug":"clover-mezginio-akiu-zymekliai-3108","status":"publish","type":"product","link":"https:\/\/happyinaknit.com\/en\/product\/clover-mezginio-akiu-zymekliai-3108\/","title":{"rendered":"Clover Soft Jumbo Stitch Ring Markers  3108"},"content":{"rendered":"<p data-start=\"51\" data-end=\"217\">Soft <strong data-start=\"59\" data-end=\"69\">Clover<\/strong> Circular markers are a handy tool that helps you mark the beginning and end of a pattern, as well as the places for increases or decreases when knitting with large needles.<\/p>\n<p data-start=\"219\" data-end=\"384\">Made of <strong data-start=\"232\" data-end=\"263\">soft, flexible plastic<\/strong>, so it glides gently over the skewers and does not scratch their surface. Ideal for both wooden and metal skewers.<\/p>\n<p data-start=\"386\" data-end=\"545\">The set includes rings in two sizes and colors:<br data-start=\"431\" data-end=\"434\" \/>\ud83d\udd39 <strong data-start=\"437\" data-end=\"457\">10 yellow flowers<\/strong> \u2013 suitable for knitting needles <strong data-start=\"476\" data-end=\"487\">8-10mm<\/strong><br data-start=\"487\" data-end=\"490\" \/>\ud83d\udd39 <strong data-start=\"493\" data-end=\"512\">10 blue flowers<\/strong> \u2013 suitable for knitting needles <strong data-start=\"531\" data-end=\"543\">12-19mm<\/strong><\/p>\n<p data-start=\"547\" data-end=\"583\"><strong data-start=\"547\" data-end=\"561\">In the package:<\/strong> 20 soft markers<\/p>\n<p data-start=\"585\" data-end=\"599\"><strong data-start=\"585\" data-end=\"597\">Features:<\/strong><\/p>\n<ul data-start=\"600\" data-end=\"791\">\n<li data-start=\"600\" data-end=\"667\">\n<p data-start=\"602\" data-end=\"667\">Rings of different sizes \u2013 convenient for working with various needles<\/p>\n<\/li>\n<li data-start=\"668\" data-end=\"706\">\n<p data-start=\"670\" data-end=\"706\">Soft, elastic, non-scratch<\/p>\n<\/li>\n<li data-start=\"707\" data-end=\"739\">\n<p data-start=\"709\" data-end=\"739\">Easy to put on and take off<\/p>\n<\/li>\n<li data-start=\"740\" data-end=\"791\">\n<p data-start=\"742\" data-end=\"791\">Helps to follow a pattern, mark the beginning or end<\/p>\n<\/li>\n<\/ul>\n<p data-start=\"793\" data-end=\"916\" data-is-last-node=\"\" data-is-only-node=\"\"><strong data-start=\"793\" data-end=\"808\">Manufacturer:<\/strong> Clover, Japan<br data-start=\"825\" data-end=\"828\" \/><strong data-start=\"828\" data-end=\"840\">Note:<\/strong> Color shades may vary slightly depending on your device&#039;s screen.<\/p>","protected":false},"excerpt":{"rendered":"<p>Mink\u0161ti Clover \u017eiediniai \u017eymekliai \u2013 tai patogus \u012frankis, padedantis pa\u017eym\u0117ti ra\u0161to prad\u017ei\u0105 ir pabaig\u0105, prid\u0117jim\u0173 ar nu\u0117mim\u0173 vietas mezgant stambiais virbalais. Pagaminti i\u0161 mink\u0161to, elastingo plastiko, tod\u0117l \u0161velniai slysta virbalais ir nebrai\u017eo j\u0173 pavir\u0161iaus. Idealiai tinka tiek mediniams, tiek metaliniams virbalams. Rinkinyje yra \u017eiedai dviej\u0173 dyd\u017ei\u0173 ir spalv\u0173:\ud83d\udd39 10 gelton\u0173 \u017eied\u0173 \u2013 tinka virbalams 8\u201310 [&hellip;]<\/p>\n","protected":false},"featured_media":5697,"comment_status":"open","ping_status":"closed","template":"","meta":{"_acf_changed":false},"product_brand":[1074],"product_cat":[15,20,1081],"product_tag":[],"pro-kategorijos":[],"class_list":{"0":"post-5696","1":"product","2":"type-product","3":"status-publish","4":"has-post-thumbnail","6":"product_brand-clover","7":"product_cat-visi-produktai","8":"product_cat-priedai-mezgimui","9":"product_cat-zymekliai","11":"first","12":"instock","13":"shipping-taxable","14":"purchasable","15":"product-type-simple"},"acf":[],"yoast_head":"<!-- This site is optimized with the Yoast SEO plugin v26.8 - https:\/\/yoast.com\/product\/yoast-seo-wordpress\/ -->\n<title>Clover mezginio aki\u0173 \u017eymekliai 3108 - Happyinaknit.com<\/title>\n<meta name=\"robots\" content=\"index, follow, max-snippet:-1, max-image-preview:large, max-video-preview:-1\" \/>\n<link rel=\"canonical\" href=\"https:\/\/happyinaknit.com\/en\/product\/clover-mezginio-akiu-zymekliai-3108\/\" \/>\n<meta property=\"og:locale\" content=\"en_US\" \/>\n<meta property=\"og:type\" content=\"article\" \/>\n<meta property=\"og:title\" content=\"Clover mezginio aki\u0173 \u017eymekliai 3108 - Happyinaknit.com\" \/>\n<meta property=\"og:description\" content=\"Mink\u0161ti Clover \u017eiediniai \u017eymekliai \u2013 tai patogus \u012frankis, padedantis pa\u017eym\u0117ti ra\u0161to prad\u017ei\u0105 ir pabaig\u0105, prid\u0117jim\u0173 ar nu\u0117mim\u0173 vietas mezgant stambiais virbalais. Pagaminti i\u0161 mink\u0161to, elastingo plastiko, tod\u0117l \u0161velniai slysta virbalais ir nebrai\u017eo j\u0173 pavir\u0161iaus. Idealiai tinka tiek mediniams, tiek metaliniams virbalams. Rinkinyje yra \u017eiedai dviej\u0173 dyd\u017ei\u0173 ir spalv\u0173:\ud83d\udd39 10 gelton\u0173 \u017eied\u0173 \u2013 tinka virbalams 8\u201310 [&hellip;]\" \/>\n<meta property=\"og:url\" content=\"https:\/\/happyinaknit.com\/en\/product\/clover-mezginio-akiu-zymekliai-3108\/\" \/>\n<meta property=\"og:site_name\" content=\"Happyinaknit.com\" \/>\n<meta property=\"article:modified_time\" content=\"2025-10-18T07:55:37+00:00\" \/>\n<meta property=\"og:image\" content=\"https:\/\/happyinaknit.com\/wp-content\/uploads\/2025\/10\/61vokrkvQKL._UF8941000_QL80_.jpg\" \/>\n\t<meta property=\"og:image:width\" content=\"894\" \/>\n\t<meta property=\"og:image:height\" content=\"894\" \/>\n\t<meta property=\"og:image:type\" content=\"image\/jpeg\" \/>\n<meta name=\"twitter:card\" content=\"summary_large_image\" \/>\n<meta name=\"twitter:label1\" content=\"Est. reading time\" \/>\n\t<meta name=\"twitter:data1\" content=\"1 minute\" \/>\n<script type=\"application\/ld+json\" class=\"yoast-schema-graph\">{\"@context\":\"https:\/\/schema.org\",\"@graph\":[{\"@type\":\"WebPage\",\"@id\":\"https:\/\/happyinaknit.com\/produktas\/clover-mezginio-akiu-zymekliai-3108\/\",\"url\":\"https:\/\/happyinaknit.com\/produktas\/clover-mezginio-akiu-zymekliai-3108\/\",\"name\":\"Clover mezginio aki\u0173 \u017eymekliai 3108 - Happyinaknit.com\",\"isPartOf\":{\"@id\":\"https:\/\/happyinaknit.com\/lt\/#website\"},\"primaryImageOfPage\":{\"@id\":\"https:\/\/happyinaknit.com\/produktas\/clover-mezginio-akiu-zymekliai-3108\/#primaryimage\"},\"image\":{\"@id\":\"https:\/\/happyinaknit.com\/produktas\/clover-mezginio-akiu-zymekliai-3108\/#primaryimage\"},\"thumbnailUrl\":\"https:\/\/happyinaknit.com\/wp-content\/uploads\/2025\/10\/61vokrkvQKL._UF8941000_QL80_.jpg\",\"datePublished\":\"2025-10-17T22:11:59+00:00\",\"dateModified\":\"2025-10-18T07:55:37+00:00\",\"breadcrumb\":{\"@id\":\"https:\/\/happyinaknit.com\/produktas\/clover-mezginio-akiu-zymekliai-3108\/#breadcrumb\"},\"inLanguage\":\"en-US\",\"potentialAction\":[{\"@type\":\"ReadAction\",\"target\":[\"https:\/\/happyinaknit.com\/produktas\/clover-mezginio-akiu-zymekliai-3108\/\"]}]},{\"@type\":\"ImageObject\",\"inLanguage\":\"en-US\",\"@id\":\"https:\/\/happyinaknit.com\/produktas\/clover-mezginio-akiu-zymekliai-3108\/#primaryimage\",\"url\":\"https:\/\/happyinaknit.com\/wp-content\/uploads\/2025\/10\/61vokrkvQKL._UF8941000_QL80_.jpg\",\"contentUrl\":\"https:\/\/happyinaknit.com\/wp-content\/uploads\/2025\/10\/61vokrkvQKL._UF8941000_QL80_.jpg\",\"width\":894,\"height\":894},{\"@type\":\"BreadcrumbList\",\"@id\":\"https:\/\/happyinaknit.com\/produktas\/clover-mezginio-akiu-zymekliai-3108\/#breadcrumb\",\"itemListElement\":[{\"@type\":\"ListItem\",\"position\":1,\"name\":\"Home\",\"item\":\"https:\/\/happyinaknit.com\/lt\/\"},{\"@type\":\"ListItem\",\"position\":2,\"name\":\"Parduotuv\u0117\",\"item\":\"https:\/\/happyinaknit.com\/lt\/parduotuve\/\"},{\"@type\":\"ListItem\",\"position\":3,\"name\":\"Clover mezginio aki\u0173 \u017eymekliai 3108\"}]},{\"@type\":\"WebSite\",\"@id\":\"https:\/\/happyinaknit.com\/lt\/#website\",\"url\":\"https:\/\/happyinaknit.com\/lt\/\",\"name\":\"Happyinaknit.com\",\"description\":\"\",\"potentialAction\":[{\"@type\":\"SearchAction\",\"target\":{\"@type\":\"EntryPoint\",\"urlTemplate\":\"https:\/\/happyinaknit.com\/lt\/?s={search_term_string}\"},\"query-input\":{\"@type\":\"PropertyValueSpecification\",\"valueRequired\":true,\"valueName\":\"search_term_string\"}}],\"inLanguage\":\"en-US\"}]}<\/script>\n<!-- \/ Yoast SEO plugin. -->","yoast_head_json":{"title":"Clover mezginio aki\u0173 \u017eymekliai 3108 - Happyinaknit.com","robots":{"index":"index","follow":"follow","max-snippet":"max-snippet:-1","max-image-preview":"max-image-preview:large","max-video-preview":"max-video-preview:-1"},"canonical":"https:\/\/happyinaknit.com\/en\/product\/clover-mezginio-akiu-zymekliai-3108\/","og_locale":"en_US","og_type":"article","og_title":"Clover mezginio aki\u0173 \u017eymekliai 3108 - Happyinaknit.com","og_description":"Mink\u0161ti Clover \u017eiediniai \u017eymekliai \u2013 tai patogus \u012frankis, padedantis pa\u017eym\u0117ti ra\u0161to prad\u017ei\u0105 ir pabaig\u0105, prid\u0117jim\u0173 ar nu\u0117mim\u0173 vietas mezgant stambiais virbalais. Pagaminti i\u0161 mink\u0161to, elastingo plastiko, tod\u0117l \u0161velniai slysta virbalais ir nebrai\u017eo j\u0173 pavir\u0161iaus. Idealiai tinka tiek mediniams, tiek metaliniams virbalams. Rinkinyje yra \u017eiedai dviej\u0173 dyd\u017ei\u0173 ir spalv\u0173:\ud83d\udd39 10 gelton\u0173 \u017eied\u0173 \u2013 tinka virbalams 8\u201310 [&hellip;]","og_url":"https:\/\/happyinaknit.com\/en\/product\/clover-mezginio-akiu-zymekliai-3108\/","og_site_name":"Happyinaknit.com","article_modified_time":"2025-10-18T07:55:37+00:00","og_image":[{"width":894,"height":894,"url":"https:\/\/happyinaknit.com\/wp-content\/uploads\/2025\/10\/61vokrkvQKL._UF8941000_QL80_.jpg","type":"image\/jpeg"}],"twitter_card":"summary_large_image","twitter_misc":{"Est. reading time":"1 minute"},"schema":{"@context":"https:\/\/schema.org","@graph":[{"@type":"WebPage","@id":"https:\/\/happyinaknit.com\/produktas\/clover-mezginio-akiu-zymekliai-3108\/","url":"https:\/\/happyinaknit.com\/produktas\/clover-mezginio-akiu-zymekliai-3108\/","name":"Clover mezginio aki\u0173 \u017eymekliai 3108 - Happyinaknit.com","isPartOf":{"@id":"https:\/\/happyinaknit.com\/lt\/#website"},"primaryImageOfPage":{"@id":"https:\/\/happyinaknit.com\/produktas\/clover-mezginio-akiu-zymekliai-3108\/#primaryimage"},"image":{"@id":"https:\/\/happyinaknit.com\/produktas\/clover-mezginio-akiu-zymekliai-3108\/#primaryimage"},"thumbnailUrl":"https:\/\/happyinaknit.com\/wp-content\/uploads\/2025\/10\/61vokrkvQKL._UF8941000_QL80_.jpg","datePublished":"2025-10-17T22:11:59+00:00","dateModified":"2025-10-18T07:55:37+00:00","breadcrumb":{"@id":"https:\/\/happyinaknit.com\/produktas\/clover-mezginio-akiu-zymekliai-3108\/#breadcrumb"},"inLanguage":"en-US","potentialAction":[{"@type":"ReadAction","target":["https:\/\/happyinaknit.com\/produktas\/clover-mezginio-akiu-zymekliai-3108\/"]}]},{"@type":"ImageObject","inLanguage":"en-US","@id":"https:\/\/happyinaknit.com\/produktas\/clover-mezginio-akiu-zymekliai-3108\/#primaryimage","url":"https:\/\/happyinaknit.com\/wp-content\/uploads\/2025\/10\/61vokrkvQKL._UF8941000_QL80_.jpg","contentUrl":"https:\/\/happyinaknit.com\/wp-content\/uploads\/2025\/10\/61vokrkvQKL._UF8941000_QL80_.jpg","width":894,"height":894},{"@type":"BreadcrumbList","@id":"https:\/\/happyinaknit.com\/produktas\/clover-mezginio-akiu-zymekliai-3108\/#breadcrumb","itemListElement":[{"@type":"ListItem","position":1,"name":"Home","item":"https:\/\/happyinaknit.com\/lt\/"},{"@type":"ListItem","position":2,"name":"Parduotuv\u0117","item":"https:\/\/happyinaknit.com\/lt\/parduotuve\/"},{"@type":"ListItem","position":3,"name":"Clover mezginio aki\u0173 \u017eymekliai 3108"}]},{"@type":"WebSite","@id":"https:\/\/happyinaknit.com\/lt\/#website","url":"https:\/\/happyinaknit.com\/lt\/","name":"Happyinaknit.com","description":"","potentialAction":[{"@type":"SearchAction","target":{"@type":"EntryPoint","urlTemplate":"https:\/\/happyinaknit.com\/lt\/?s={search_term_string}"},"query-input":{"@type":"PropertyValueSpecification","valueRequired":true,"valueName":"search_term_string"}}],"inLanguage":"en-US"}]}},"_links":{"self":[{"href":"https:\/\/happyinaknit.com\/en\/wp-json\/wp\/v2\/product\/5696","targetHints":{"allow":["GET"]}}],"collection":[{"href":"https:\/\/happyinaknit.com\/en\/wp-json\/wp\/v2\/product"}],"about":[{"href":"https:\/\/happyinaknit.com\/en\/wp-json\/wp\/v2\/types\/product"}],"replies":[{"embeddable":true,"href":"https:\/\/happyinaknit.com\/en\/wp-json\/wp\/v2\/comments?post=5696"}],"wp:featuredmedia":[{"embeddable":true,"href":"https:\/\/happyinaknit.com\/en\/wp-json\/wp\/v2\/media\/5697"}],"wp:attachment":[{"href":"https:\/\/happyinaknit.com\/en\/wp-json\/wp\/v2\/media?parent=5696"}],"wp:term":[{"taxonomy":"product_brand","embeddable":true,"href":"https:\/\/happyinaknit.com\/en\/wp-json\/wp\/v2\/product_brand?post=5696"},{"taxonomy":"product_cat","embeddable":true,"href":"https:\/\/happyinaknit.com\/en\/wp-json\/wp\/v2\/product_cat?post=5696"},{"taxonomy":"product_tag","embeddable":true,"href":"https:\/\/happyinaknit.com\/en\/wp-json\/wp\/v2\/product_tag?post=5696"},{"taxonomy":"pro-kategorijos","embeddable":true,"href":"https:\/\/happyinaknit.com\/en\/wp-json\/wp\/v2\/pro-kategorijos?post=5696"}],"curies":[{"name":"wp","href":"https:\/\/api.w.org\/{rel}","templated":true}]}}