{"id":5690,"date":"2025-10-17T21:58:24","date_gmt":"2025-10-17T21:58:24","guid":{"rendered":"https:\/\/happyinaknit.com\/?post_type=product&#038;p=5690"},"modified":"2025-12-15T10:36:32","modified_gmt":"2025-12-15T10:36:32","slug":"seeknit-antgaliai-stoppers-prisukamiems-valams","status":"publish","type":"product","link":"https:\/\/happyinaknit.com\/en\/product\/seeknit-antgaliai-stoppers-prisukamiems-valams\/","title":{"rendered":"Seeknit stoppers for Interchangeable  Knitting Cables"},"content":{"rendered":"<p data-start=\"36\" data-end=\"276\"><strong data-start=\"36\" data-end=\"47\">Seeknit<\/strong> Tips are a convenient and reliable way to prevent knitting from slipping off the needles. Made of high-quality plastic, they hold firmly on the end of the line and are perfect for both straight and circular projects.<\/p>\n<p data-start=\"278\" data-end=\"350\">Can be used with all <strong data-start=\"303\" data-end=\"314\">Seeknit<\/strong> with screw-in rods and lines.<\/p>\n<p data-start=\"352\" data-end=\"466\"><strong data-start=\"352\" data-end=\"373\">Possible options:<\/strong><br data-start=\"373\" data-end=\"376\" \/>\ud83d\udd39 <strong data-start=\"379\" data-end=\"385\">M2<\/strong> \u2013 suitable for knitting needles <strong data-start=\"404\" data-end=\"418\">3.5-5.0mm<\/strong><br data-start=\"418\" data-end=\"421\" \/>\ud83d\udd39 <strong data-start=\"424\" data-end=\"430\">M4<\/strong> \u2013 suitable for knitting needles <strong data-start=\"449\" data-end=\"464\">5.5-10.0mm<\/strong><\/p>\n<p data-start=\"490\" data-end=\"504\"><strong data-start=\"490\" data-end=\"502\">Features:<\/strong><\/p>\n<ul data-start=\"505\" data-end=\"656\">\n<li data-start=\"542\" data-end=\"596\">\n<p data-start=\"544\" data-end=\"596\">Compatible with all Seeknit screw-in needles<\/p>\n<\/li>\n<li data-start=\"597\" data-end=\"628\">\n<p data-start=\"599\" data-end=\"628\">Easy to put on and take off<\/p>\n<\/li>\n<li data-start=\"629\" data-end=\"656\">\n<p data-start=\"631\" data-end=\"656\">Durable and practical<\/p>\n<\/li>\n<\/ul>\n<p data-start=\"658\" data-end=\"746\" data-is-last-node=\"\" data-is-only-node=\"\"><strong data-start=\"658\" data-end=\"670\">Note:<\/strong> Color shades may vary slightly depending on your device&#039;s screen.<\/p>","protected":false},"excerpt":{"rendered":"<p>Seeknit antgaliai \u2013 tai patogus ir patikimas b\u016bdas apsaugoti mezgin\u012f nuo aki\u0173 nuslydimo nuo virbal\u0173. Pagaminti i\u0161 auk\u0161tos kokyb\u0117s plastiko, jie tvirtai laikosi ant valo galo ir puikiai tinka tiek tiesiems, tiek apskritiems projektams. Galima naudoti su visais Seeknit prisukamais virbalais bei valais. Galimi variantai:\ud83d\udd39 M2 \u2013 tinka virbalams 3,5\u20135,0 mm\ud83d\udd39 M4 \u2013 tinka virbalams [&hellip;]<\/p>\n","protected":false},"featured_media":5688,"comment_status":"open","ping_status":"closed","template":"","meta":{"_acf_changed":false},"product_brand":[1068],"product_cat":[15,868,20],"product_tag":[],"pro-kategorijos":[],"class_list":{"0":"post-5690","1":"product","2":"type-product","3":"status-publish","4":"has-post-thumbnail","6":"product_brand-ka-seeknit","7":"product_cat-visi-produktai","8":"product_cat-antgaliaistabdziukai","9":"product_cat-priedai-mezgimui","11":"first","12":"instock","13":"shipping-taxable","14":"purchasable","15":"product-type-variable"},"acf":[],"yoast_head":"<!-- This site is optimized with the Yoast SEO plugin v26.8 - https:\/\/yoast.com\/product\/yoast-seo-wordpress\/ -->\n<title>Seeknit antgaliai (stoppers) prisukamiems valams - Happyinaknit.com<\/title>\n<meta name=\"robots\" content=\"index, follow, max-snippet:-1, max-image-preview:large, max-video-preview:-1\" \/>\n<link rel=\"canonical\" href=\"https:\/\/happyinaknit.com\/en\/product\/seeknit-antgaliai-stoppers-prisukamiems-valams\/\" \/>\n<meta property=\"og:locale\" content=\"en_US\" \/>\n<meta property=\"og:type\" content=\"article\" \/>\n<meta property=\"og:title\" content=\"Seeknit antgaliai (stoppers) prisukamiems valams - Happyinaknit.com\" \/>\n<meta property=\"og:description\" content=\"Seeknit antgaliai \u2013 tai patogus ir patikimas b\u016bdas apsaugoti mezgin\u012f nuo aki\u0173 nuslydimo nuo virbal\u0173. Pagaminti i\u0161 auk\u0161tos kokyb\u0117s plastiko, jie tvirtai laikosi ant valo galo ir puikiai tinka tiek tiesiems, tiek apskritiems projektams. Galima naudoti su visais Seeknit prisukamais virbalais bei valais. Galimi variantai:\ud83d\udd39 M2 \u2013 tinka virbalams 3,5\u20135,0 mm\ud83d\udd39 M4 \u2013 tinka virbalams [&hellip;]\" \/>\n<meta property=\"og:url\" content=\"https:\/\/happyinaknit.com\/en\/product\/seeknit-antgaliai-stoppers-prisukamiems-valams\/\" \/>\n<meta property=\"og:site_name\" content=\"Happyinaknit.com\" \/>\n<meta property=\"article:modified_time\" content=\"2025-12-15T10:36:32+00:00\" \/>\n<meta property=\"og:image\" content=\"https:\/\/happyinaknit.com\/wp-content\/uploads\/2025\/10\/il_570xN.3756973695_2vpk.jpg.webp\" \/>\n\t<meta property=\"og:image:width\" content=\"570\" \/>\n\t<meta property=\"og:image:height\" content=\"570\" \/>\n\t<meta property=\"og:image:type\" content=\"image\/webp\" \/>\n<meta name=\"twitter:card\" content=\"summary_large_image\" \/>\n<script type=\"application\/ld+json\" class=\"yoast-schema-graph\">{\"@context\":\"https:\/\/schema.org\",\"@graph\":[{\"@type\":\"WebPage\",\"@id\":\"https:\/\/happyinaknit.com\/produktas\/seeknit-antgaliai-stoppers-prisukamiems-valams\/\",\"url\":\"https:\/\/happyinaknit.com\/produktas\/seeknit-antgaliai-stoppers-prisukamiems-valams\/\",\"name\":\"Seeknit antgaliai (stoppers) prisukamiems valams - Happyinaknit.com\",\"isPartOf\":{\"@id\":\"https:\/\/happyinaknit.com\/lt\/#website\"},\"primaryImageOfPage\":{\"@id\":\"https:\/\/happyinaknit.com\/produktas\/seeknit-antgaliai-stoppers-prisukamiems-valams\/#primaryimage\"},\"image\":{\"@id\":\"https:\/\/happyinaknit.com\/produktas\/seeknit-antgaliai-stoppers-prisukamiems-valams\/#primaryimage\"},\"thumbnailUrl\":\"https:\/\/happyinaknit.com\/wp-content\/uploads\/2025\/10\/il_570xN.3756973695_2vpk.jpg.webp\",\"datePublished\":\"2025-10-17T21:58:24+00:00\",\"dateModified\":\"2025-12-15T10:36:32+00:00\",\"breadcrumb\":{\"@id\":\"https:\/\/happyinaknit.com\/produktas\/seeknit-antgaliai-stoppers-prisukamiems-valams\/#breadcrumb\"},\"inLanguage\":\"en-US\",\"potentialAction\":[{\"@type\":\"ReadAction\",\"target\":[\"https:\/\/happyinaknit.com\/produktas\/seeknit-antgaliai-stoppers-prisukamiems-valams\/\"]}]},{\"@type\":\"ImageObject\",\"inLanguage\":\"en-US\",\"@id\":\"https:\/\/happyinaknit.com\/produktas\/seeknit-antgaliai-stoppers-prisukamiems-valams\/#primaryimage\",\"url\":\"https:\/\/happyinaknit.com\/wp-content\/uploads\/2025\/10\/il_570xN.3756973695_2vpk.jpg.webp\",\"contentUrl\":\"https:\/\/happyinaknit.com\/wp-content\/uploads\/2025\/10\/il_570xN.3756973695_2vpk.jpg.webp\",\"width\":570,\"height\":570},{\"@type\":\"BreadcrumbList\",\"@id\":\"https:\/\/happyinaknit.com\/produktas\/seeknit-antgaliai-stoppers-prisukamiems-valams\/#breadcrumb\",\"itemListElement\":[{\"@type\":\"ListItem\",\"position\":1,\"name\":\"Home\",\"item\":\"https:\/\/happyinaknit.com\/lt\/\"},{\"@type\":\"ListItem\",\"position\":2,\"name\":\"Parduotuv\u0117\",\"item\":\"https:\/\/happyinaknit.com\/lt\/parduotuve\/\"},{\"@type\":\"ListItem\",\"position\":3,\"name\":\"Seeknit antgaliai (stoppers) prisukamiems valams\"}]},{\"@type\":\"WebSite\",\"@id\":\"https:\/\/happyinaknit.com\/lt\/#website\",\"url\":\"https:\/\/happyinaknit.com\/lt\/\",\"name\":\"Happyinaknit.com\",\"description\":\"\",\"potentialAction\":[{\"@type\":\"SearchAction\",\"target\":{\"@type\":\"EntryPoint\",\"urlTemplate\":\"https:\/\/happyinaknit.com\/lt\/?s={search_term_string}\"},\"query-input\":{\"@type\":\"PropertyValueSpecification\",\"valueRequired\":true,\"valueName\":\"search_term_string\"}}],\"inLanguage\":\"en-US\"}]}<\/script>\n<!-- \/ Yoast SEO plugin. -->","yoast_head_json":{"title":"Seeknit antgaliai (stoppers) prisukamiems valams - Happyinaknit.com","robots":{"index":"index","follow":"follow","max-snippet":"max-snippet:-1","max-image-preview":"max-image-preview:large","max-video-preview":"max-video-preview:-1"},"canonical":"https:\/\/happyinaknit.com\/en\/product\/seeknit-antgaliai-stoppers-prisukamiems-valams\/","og_locale":"en_US","og_type":"article","og_title":"Seeknit antgaliai (stoppers) prisukamiems valams - Happyinaknit.com","og_description":"Seeknit antgaliai \u2013 tai patogus ir patikimas b\u016bdas apsaugoti mezgin\u012f nuo aki\u0173 nuslydimo nuo virbal\u0173. Pagaminti i\u0161 auk\u0161tos kokyb\u0117s plastiko, jie tvirtai laikosi ant valo galo ir puikiai tinka tiek tiesiems, tiek apskritiems projektams. Galima naudoti su visais Seeknit prisukamais virbalais bei valais. Galimi variantai:\ud83d\udd39 M2 \u2013 tinka virbalams 3,5\u20135,0 mm\ud83d\udd39 M4 \u2013 tinka virbalams [&hellip;]","og_url":"https:\/\/happyinaknit.com\/en\/product\/seeknit-antgaliai-stoppers-prisukamiems-valams\/","og_site_name":"Happyinaknit.com","article_modified_time":"2025-12-15T10:36:32+00:00","og_image":[{"width":570,"height":570,"url":"https:\/\/happyinaknit.com\/wp-content\/uploads\/2025\/10\/il_570xN.3756973695_2vpk.jpg.webp","type":"image\/webp"}],"twitter_card":"summary_large_image","schema":{"@context":"https:\/\/schema.org","@graph":[{"@type":"WebPage","@id":"https:\/\/happyinaknit.com\/produktas\/seeknit-antgaliai-stoppers-prisukamiems-valams\/","url":"https:\/\/happyinaknit.com\/produktas\/seeknit-antgaliai-stoppers-prisukamiems-valams\/","name":"Seeknit antgaliai (stoppers) prisukamiems valams - Happyinaknit.com","isPartOf":{"@id":"https:\/\/happyinaknit.com\/lt\/#website"},"primaryImageOfPage":{"@id":"https:\/\/happyinaknit.com\/produktas\/seeknit-antgaliai-stoppers-prisukamiems-valams\/#primaryimage"},"image":{"@id":"https:\/\/happyinaknit.com\/produktas\/seeknit-antgaliai-stoppers-prisukamiems-valams\/#primaryimage"},"thumbnailUrl":"https:\/\/happyinaknit.com\/wp-content\/uploads\/2025\/10\/il_570xN.3756973695_2vpk.jpg.webp","datePublished":"2025-10-17T21:58:24+00:00","dateModified":"2025-12-15T10:36:32+00:00","breadcrumb":{"@id":"https:\/\/happyinaknit.com\/produktas\/seeknit-antgaliai-stoppers-prisukamiems-valams\/#breadcrumb"},"inLanguage":"en-US","potentialAction":[{"@type":"ReadAction","target":["https:\/\/happyinaknit.com\/produktas\/seeknit-antgaliai-stoppers-prisukamiems-valams\/"]}]},{"@type":"ImageObject","inLanguage":"en-US","@id":"https:\/\/happyinaknit.com\/produktas\/seeknit-antgaliai-stoppers-prisukamiems-valams\/#primaryimage","url":"https:\/\/happyinaknit.com\/wp-content\/uploads\/2025\/10\/il_570xN.3756973695_2vpk.jpg.webp","contentUrl":"https:\/\/happyinaknit.com\/wp-content\/uploads\/2025\/10\/il_570xN.3756973695_2vpk.jpg.webp","width":570,"height":570},{"@type":"BreadcrumbList","@id":"https:\/\/happyinaknit.com\/produktas\/seeknit-antgaliai-stoppers-prisukamiems-valams\/#breadcrumb","itemListElement":[{"@type":"ListItem","position":1,"name":"Home","item":"https:\/\/happyinaknit.com\/lt\/"},{"@type":"ListItem","position":2,"name":"Parduotuv\u0117","item":"https:\/\/happyinaknit.com\/lt\/parduotuve\/"},{"@type":"ListItem","position":3,"name":"Seeknit antgaliai (stoppers) prisukamiems valams"}]},{"@type":"WebSite","@id":"https:\/\/happyinaknit.com\/lt\/#website","url":"https:\/\/happyinaknit.com\/lt\/","name":"Happyinaknit.com","description":"","potentialAction":[{"@type":"SearchAction","target":{"@type":"EntryPoint","urlTemplate":"https:\/\/happyinaknit.com\/lt\/?s={search_term_string}"},"query-input":{"@type":"PropertyValueSpecification","valueRequired":true,"valueName":"search_term_string"}}],"inLanguage":"en-US"}]}},"_links":{"self":[{"href":"https:\/\/happyinaknit.com\/en\/wp-json\/wp\/v2\/product\/5690","targetHints":{"allow":["GET"]}}],"collection":[{"href":"https:\/\/happyinaknit.com\/en\/wp-json\/wp\/v2\/product"}],"about":[{"href":"https:\/\/happyinaknit.com\/en\/wp-json\/wp\/v2\/types\/product"}],"replies":[{"embeddable":true,"href":"https:\/\/happyinaknit.com\/en\/wp-json\/wp\/v2\/comments?post=5690"}],"wp:featuredmedia":[{"embeddable":true,"href":"https:\/\/happyinaknit.com\/en\/wp-json\/wp\/v2\/media\/5688"}],"wp:attachment":[{"href":"https:\/\/happyinaknit.com\/en\/wp-json\/wp\/v2\/media?parent=5690"}],"wp:term":[{"taxonomy":"product_brand","embeddable":true,"href":"https:\/\/happyinaknit.com\/en\/wp-json\/wp\/v2\/product_brand?post=5690"},{"taxonomy":"product_cat","embeddable":true,"href":"https:\/\/happyinaknit.com\/en\/wp-json\/wp\/v2\/product_cat?post=5690"},{"taxonomy":"product_tag","embeddable":true,"href":"https:\/\/happyinaknit.com\/en\/wp-json\/wp\/v2\/product_tag?post=5690"},{"taxonomy":"pro-kategorijos","embeddable":true,"href":"https:\/\/happyinaknit.com\/en\/wp-json\/wp\/v2\/pro-kategorijos?post=5690"}],"curies":[{"name":"wp","href":"https:\/\/api.w.org\/{rel}","templated":true}]}}