{"id":5676,"date":"2025-10-17T21:18:26","date_gmt":"2025-10-17T21:18:26","guid":{"rendered":"https:\/\/happyinaknit.com\/?post_type=product&#038;p=5676"},"modified":"2025-12-15T10:35:30","modified_gmt":"2025-12-15T10:35:30","slug":"ka-seeknit-valas-prisukamiems-virbalams","status":"publish","type":"product","link":"https:\/\/happyinaknit.com\/en\/product\/ka-seeknit-valas-prisukamiems-virbalams\/","title":{"rendered":"KA Seeknit Cable For Interchangeable  Knitting Needles"},"content":{"rendered":"<p data-start=\"24\" data-end=\"284\">High quality <strong data-start=\"40\" data-end=\"54\">KA Seeknit<\/strong> Swivel joint lines are a convenient and reliable choice for both screw-on and adjustable rods. The lines are extremely flexible, soft and resistant to twisting.<br data-start=\"237\" data-end=\"240\" \/>\ud83d\udc49 <strong data-start=\"243\" data-end=\"284\">The specified length does not include the length of the needles!<\/strong><\/p>\n<p data-start=\"286\" data-end=\"375\"><strong data-start=\"286\" data-end=\"307\">Possible options:<\/strong><br data-start=\"307\" data-end=\"310\" \/>\ud83d\udd39 <strong data-start=\"313\" data-end=\"319\">M2<\/strong> \u2013 suitable for knitting needles <strong data-start=\"338\" data-end=\"352\">3.5-5.0mm<\/strong><\/p>\n<p data-start=\"377\" data-end=\"443\">\ud83d\udd39 <strong data-start=\"380\" data-end=\"386\">M4<\/strong> \u2013 suitable for knitting needles <strong data-start=\"405\" data-end=\"420\">5.5-10.0mm<\/strong><\/p>\n<p data-start=\"445\" data-end=\"459\"><strong data-start=\"445\" data-end=\"457\">Features:<\/strong><\/p>\n<ul data-start=\"460\" data-end=\"648\">\n<li data-start=\"460\" data-end=\"499\">\n<p data-start=\"462\" data-end=\"499\">Soft, elastic and extremely durable<\/p>\n<\/li>\n<li data-start=\"500\" data-end=\"550\">\n<p data-start=\"502\" data-end=\"550\">Swivel joint prevents the line from twisting<\/p>\n<\/li>\n<li data-start=\"551\" data-end=\"586\">\n<p data-start=\"553\" data-end=\"586\">For smooth and comfortable knitting<\/p>\n<\/li>\n<li data-start=\"587\" data-end=\"648\">\n<p data-start=\"589\" data-end=\"648\">Compatible with all <strong data-start=\"610\" data-end=\"624\">KA Seeknit<\/strong> with screw-on pins<\/p>\n<\/li>\n<\/ul>\n<p data-start=\"650\" data-end=\"738\" data-is-last-node=\"\" data-is-only-node=\"\"><strong data-start=\"650\" data-end=\"662\">Note:<\/strong> Color shades may vary slightly depending on your device&#039;s screen.<\/p>","protected":false},"excerpt":{"rendered":"<p>Auk\u0161tos kokyb\u0117s KA Seeknit valai su besisukan\u010diomis jungtimis \u2013 tai patogus ir patikimas pasirinkimas tiek prisukamiems, tiek kei\u010diamo ilgio virbalams. Valai yra itin lankst\u016bs, mink\u0161ti ir atspar\u016bs susisukimui.\ud83d\udc49 Nurodytas ilgis \u2013 be virbal\u0173 ilgio! Galimi variantai:\ud83d\udd39 M2 \u2013 tinka virbalams 3,5\u20135,0 mm \ud83d\udd39 M4 \u2013 tinka virbalams 5,5\u201310,0 mm Savyb\u0117s: Mink\u0161ti, elastingi ir itin patvar\u016bs [&hellip;]<\/p>\n","protected":false},"featured_media":5655,"comment_status":"open","ping_status":"closed","template":"","meta":{"_acf_changed":false},"product_brand":[1068],"product_cat":[15,19,864],"product_tag":[],"pro-kategorijos":[],"class_list":{"0":"post-5676","1":"product","2":"type-product","3":"status-publish","4":"has-post-thumbnail","6":"product_brand-ka-seeknit","7":"product_cat-visi-produktai","8":"product_cat-mezgimo-priemones","9":"product_cat-valai-virbalams","11":"first","12":"outofstock","13":"shipping-taxable","14":"purchasable","15":"product-type-variable"},"acf":[],"yoast_head":"<!-- This site is optimized with the Yoast SEO plugin v26.8 - https:\/\/yoast.com\/product\/yoast-seo-wordpress\/ -->\n<title>KA Seeknit valas prisukamiems virbalams - Happyinaknit.com<\/title>\n<meta name=\"robots\" content=\"index, follow, max-snippet:-1, max-image-preview:large, max-video-preview:-1\" \/>\n<link rel=\"canonical\" href=\"https:\/\/happyinaknit.com\/en\/product\/ka-seeknit-valas-prisukamiems-virbalams\/\" \/>\n<meta property=\"og:locale\" content=\"en_US\" \/>\n<meta property=\"og:type\" content=\"article\" \/>\n<meta property=\"og:title\" content=\"KA Seeknit valas prisukamiems virbalams - Happyinaknit.com\" \/>\n<meta property=\"og:description\" content=\"Auk\u0161tos kokyb\u0117s KA Seeknit valai su besisukan\u010diomis jungtimis \u2013 tai patogus ir patikimas pasirinkimas tiek prisukamiems, tiek kei\u010diamo ilgio virbalams. Valai yra itin lankst\u016bs, mink\u0161ti ir atspar\u016bs susisukimui.\ud83d\udc49 Nurodytas ilgis \u2013 be virbal\u0173 ilgio! Galimi variantai:\ud83d\udd39 M2 \u2013 tinka virbalams 3,5\u20135,0 mm \ud83d\udd39 M4 \u2013 tinka virbalams 5,5\u201310,0 mm Savyb\u0117s: Mink\u0161ti, elastingi ir itin patvar\u016bs [&hellip;]\" \/>\n<meta property=\"og:url\" content=\"https:\/\/happyinaknit.com\/en\/product\/ka-seeknit-valas-prisukamiems-virbalams\/\" \/>\n<meta property=\"og:site_name\" content=\"Happyinaknit.com\" \/>\n<meta property=\"article:modified_time\" content=\"2025-12-15T10:35:30+00:00\" \/>\n<meta property=\"og:image\" content=\"https:\/\/happyinaknit.com\/wp-content\/uploads\/2025\/10\/il_570xN.3692978176_njoq.jpg.webp\" \/>\n\t<meta property=\"og:image:width\" content=\"570\" \/>\n\t<meta property=\"og:image:height\" content=\"570\" \/>\n\t<meta property=\"og:image:type\" content=\"image\/webp\" \/>\n<meta name=\"twitter:card\" content=\"summary_large_image\" \/>\n<script type=\"application\/ld+json\" class=\"yoast-schema-graph\">{\"@context\":\"https:\/\/schema.org\",\"@graph\":[{\"@type\":\"WebPage\",\"@id\":\"https:\/\/happyinaknit.com\/produktas\/ka-seeknit-valas-prisukamiems-virbalams\/\",\"url\":\"https:\/\/happyinaknit.com\/produktas\/ka-seeknit-valas-prisukamiems-virbalams\/\",\"name\":\"KA Seeknit valas prisukamiems virbalams - Happyinaknit.com\",\"isPartOf\":{\"@id\":\"https:\/\/happyinaknit.com\/lt\/#website\"},\"primaryImageOfPage\":{\"@id\":\"https:\/\/happyinaknit.com\/produktas\/ka-seeknit-valas-prisukamiems-virbalams\/#primaryimage\"},\"image\":{\"@id\":\"https:\/\/happyinaknit.com\/produktas\/ka-seeknit-valas-prisukamiems-virbalams\/#primaryimage\"},\"thumbnailUrl\":\"https:\/\/happyinaknit.com\/wp-content\/uploads\/2025\/10\/il_570xN.3692978176_njoq.jpg.webp\",\"datePublished\":\"2025-10-17T21:18:26+00:00\",\"dateModified\":\"2025-12-15T10:35:30+00:00\",\"breadcrumb\":{\"@id\":\"https:\/\/happyinaknit.com\/produktas\/ka-seeknit-valas-prisukamiems-virbalams\/#breadcrumb\"},\"inLanguage\":\"en-US\",\"potentialAction\":[{\"@type\":\"ReadAction\",\"target\":[\"https:\/\/happyinaknit.com\/produktas\/ka-seeknit-valas-prisukamiems-virbalams\/\"]}]},{\"@type\":\"ImageObject\",\"inLanguage\":\"en-US\",\"@id\":\"https:\/\/happyinaknit.com\/produktas\/ka-seeknit-valas-prisukamiems-virbalams\/#primaryimage\",\"url\":\"https:\/\/happyinaknit.com\/wp-content\/uploads\/2025\/10\/il_570xN.3692978176_njoq.jpg.webp\",\"contentUrl\":\"https:\/\/happyinaknit.com\/wp-content\/uploads\/2025\/10\/il_570xN.3692978176_njoq.jpg.webp\",\"width\":570,\"height\":570},{\"@type\":\"BreadcrumbList\",\"@id\":\"https:\/\/happyinaknit.com\/produktas\/ka-seeknit-valas-prisukamiems-virbalams\/#breadcrumb\",\"itemListElement\":[{\"@type\":\"ListItem\",\"position\":1,\"name\":\"Home\",\"item\":\"https:\/\/happyinaknit.com\/lt\/\"},{\"@type\":\"ListItem\",\"position\":2,\"name\":\"Parduotuv\u0117\",\"item\":\"https:\/\/happyinaknit.com\/lt\/parduotuve\/\"},{\"@type\":\"ListItem\",\"position\":3,\"name\":\"KA Seeknit valas prisukamiems virbalams\"}]},{\"@type\":\"WebSite\",\"@id\":\"https:\/\/happyinaknit.com\/lt\/#website\",\"url\":\"https:\/\/happyinaknit.com\/lt\/\",\"name\":\"Happyinaknit.com\",\"description\":\"\",\"potentialAction\":[{\"@type\":\"SearchAction\",\"target\":{\"@type\":\"EntryPoint\",\"urlTemplate\":\"https:\/\/happyinaknit.com\/lt\/?s={search_term_string}\"},\"query-input\":{\"@type\":\"PropertyValueSpecification\",\"valueRequired\":true,\"valueName\":\"search_term_string\"}}],\"inLanguage\":\"en-US\"}]}<\/script>\n<!-- \/ Yoast SEO plugin. -->","yoast_head_json":{"title":"KA Seeknit valas prisukamiems virbalams - Happyinaknit.com","robots":{"index":"index","follow":"follow","max-snippet":"max-snippet:-1","max-image-preview":"max-image-preview:large","max-video-preview":"max-video-preview:-1"},"canonical":"https:\/\/happyinaknit.com\/en\/product\/ka-seeknit-valas-prisukamiems-virbalams\/","og_locale":"en_US","og_type":"article","og_title":"KA Seeknit valas prisukamiems virbalams - Happyinaknit.com","og_description":"Auk\u0161tos kokyb\u0117s KA Seeknit valai su besisukan\u010diomis jungtimis \u2013 tai patogus ir patikimas pasirinkimas tiek prisukamiems, tiek kei\u010diamo ilgio virbalams. Valai yra itin lankst\u016bs, mink\u0161ti ir atspar\u016bs susisukimui.\ud83d\udc49 Nurodytas ilgis \u2013 be virbal\u0173 ilgio! Galimi variantai:\ud83d\udd39 M2 \u2013 tinka virbalams 3,5\u20135,0 mm \ud83d\udd39 M4 \u2013 tinka virbalams 5,5\u201310,0 mm Savyb\u0117s: Mink\u0161ti, elastingi ir itin patvar\u016bs [&hellip;]","og_url":"https:\/\/happyinaknit.com\/en\/product\/ka-seeknit-valas-prisukamiems-virbalams\/","og_site_name":"Happyinaknit.com","article_modified_time":"2025-12-15T10:35:30+00:00","og_image":[{"width":570,"height":570,"url":"https:\/\/happyinaknit.com\/wp-content\/uploads\/2025\/10\/il_570xN.3692978176_njoq.jpg.webp","type":"image\/webp"}],"twitter_card":"summary_large_image","schema":{"@context":"https:\/\/schema.org","@graph":[{"@type":"WebPage","@id":"https:\/\/happyinaknit.com\/produktas\/ka-seeknit-valas-prisukamiems-virbalams\/","url":"https:\/\/happyinaknit.com\/produktas\/ka-seeknit-valas-prisukamiems-virbalams\/","name":"KA Seeknit valas prisukamiems virbalams - Happyinaknit.com","isPartOf":{"@id":"https:\/\/happyinaknit.com\/lt\/#website"},"primaryImageOfPage":{"@id":"https:\/\/happyinaknit.com\/produktas\/ka-seeknit-valas-prisukamiems-virbalams\/#primaryimage"},"image":{"@id":"https:\/\/happyinaknit.com\/produktas\/ka-seeknit-valas-prisukamiems-virbalams\/#primaryimage"},"thumbnailUrl":"https:\/\/happyinaknit.com\/wp-content\/uploads\/2025\/10\/il_570xN.3692978176_njoq.jpg.webp","datePublished":"2025-10-17T21:18:26+00:00","dateModified":"2025-12-15T10:35:30+00:00","breadcrumb":{"@id":"https:\/\/happyinaknit.com\/produktas\/ka-seeknit-valas-prisukamiems-virbalams\/#breadcrumb"},"inLanguage":"en-US","potentialAction":[{"@type":"ReadAction","target":["https:\/\/happyinaknit.com\/produktas\/ka-seeknit-valas-prisukamiems-virbalams\/"]}]},{"@type":"ImageObject","inLanguage":"en-US","@id":"https:\/\/happyinaknit.com\/produktas\/ka-seeknit-valas-prisukamiems-virbalams\/#primaryimage","url":"https:\/\/happyinaknit.com\/wp-content\/uploads\/2025\/10\/il_570xN.3692978176_njoq.jpg.webp","contentUrl":"https:\/\/happyinaknit.com\/wp-content\/uploads\/2025\/10\/il_570xN.3692978176_njoq.jpg.webp","width":570,"height":570},{"@type":"BreadcrumbList","@id":"https:\/\/happyinaknit.com\/produktas\/ka-seeknit-valas-prisukamiems-virbalams\/#breadcrumb","itemListElement":[{"@type":"ListItem","position":1,"name":"Home","item":"https:\/\/happyinaknit.com\/lt\/"},{"@type":"ListItem","position":2,"name":"Parduotuv\u0117","item":"https:\/\/happyinaknit.com\/lt\/parduotuve\/"},{"@type":"ListItem","position":3,"name":"KA Seeknit valas prisukamiems virbalams"}]},{"@type":"WebSite","@id":"https:\/\/happyinaknit.com\/lt\/#website","url":"https:\/\/happyinaknit.com\/lt\/","name":"Happyinaknit.com","description":"","potentialAction":[{"@type":"SearchAction","target":{"@type":"EntryPoint","urlTemplate":"https:\/\/happyinaknit.com\/lt\/?s={search_term_string}"},"query-input":{"@type":"PropertyValueSpecification","valueRequired":true,"valueName":"search_term_string"}}],"inLanguage":"en-US"}]}},"_links":{"self":[{"href":"https:\/\/happyinaknit.com\/en\/wp-json\/wp\/v2\/product\/5676","targetHints":{"allow":["GET"]}}],"collection":[{"href":"https:\/\/happyinaknit.com\/en\/wp-json\/wp\/v2\/product"}],"about":[{"href":"https:\/\/happyinaknit.com\/en\/wp-json\/wp\/v2\/types\/product"}],"replies":[{"embeddable":true,"href":"https:\/\/happyinaknit.com\/en\/wp-json\/wp\/v2\/comments?post=5676"}],"wp:featuredmedia":[{"embeddable":true,"href":"https:\/\/happyinaknit.com\/en\/wp-json\/wp\/v2\/media\/5655"}],"wp:attachment":[{"href":"https:\/\/happyinaknit.com\/en\/wp-json\/wp\/v2\/media?parent=5676"}],"wp:term":[{"taxonomy":"product_brand","embeddable":true,"href":"https:\/\/happyinaknit.com\/en\/wp-json\/wp\/v2\/product_brand?post=5676"},{"taxonomy":"product_cat","embeddable":true,"href":"https:\/\/happyinaknit.com\/en\/wp-json\/wp\/v2\/product_cat?post=5676"},{"taxonomy":"product_tag","embeddable":true,"href":"https:\/\/happyinaknit.com\/en\/wp-json\/wp\/v2\/product_tag?post=5676"},{"taxonomy":"pro-kategorijos","embeddable":true,"href":"https:\/\/happyinaknit.com\/en\/wp-json\/wp\/v2\/pro-kategorijos?post=5676"}],"curies":[{"name":"wp","href":"https:\/\/api.w.org\/{rel}","templated":true}]}}