{"id":5611,"date":"2025-10-16T23:09:13","date_gmt":"2025-10-16T23:09:13","guid":{"rendered":"https:\/\/happyinaknit.com\/?post_type=product&#038;p=5611"},"modified":"2025-10-28T13:51:23","modified_gmt":"2025-10-28T13:51:23","slug":"addi-unicase-stilingas-rinkinys-mezgeja","status":"publish","type":"product","link":"https:\/\/happyinaknit.com\/en\/product\/addi-unicase-stilingas-rinkinys-mezgeja\/","title":{"rendered":"Addi Unicase \u2013 stylish organizer for knitters"},"content":{"rendered":"<p data-start=\"52\" data-end=\"270\"><strong data-start=\"52\" data-end=\"68\">Addi Unicase<\/strong> \u2013 is a charming and practical set for all knitters and needlework lovers. The compact case holds all the essential tools, and its design with a unicorn motif adds special charm.<\/p>\n<p data-start=\"277\" data-end=\"297\"><strong data-start=\"277\" data-end=\"295\">The set includes:<\/strong><\/p>\n<ul data-start=\"298\" data-end=\"599\">\n<li data-start=\"298\" data-end=\"338\">\n<p data-start=\"300\" data-end=\"338\">Tape measure <strong data-start=\"320\" data-end=\"330\">150cm<\/strong> length<\/p>\n<\/li>\n<li data-start=\"339\" data-end=\"387\">\n<p data-start=\"341\" data-end=\"387\">Gold-plated unicorn-shaped scissors \ud83e\udd84<\/p>\n<\/li>\n<li data-start=\"388\" data-end=\"423\">\n<p data-start=\"390\" data-end=\"423\">Sewing needle with a blunt end<\/p>\n<\/li>\n<li data-start=\"424\" data-end=\"481\">\n<p data-start=\"426\" data-end=\"481\">4 knitting markers: 3 silver and 2 gold<\/p>\n<\/li>\n<li data-start=\"482\" data-end=\"547\">\n<p data-start=\"484\" data-end=\"547\">3 pockets inside, one of them with Velcro<\/p>\n<\/li>\n<li data-start=\"548\" data-end=\"599\">\n<p data-start=\"550\" data-end=\"599\">The case is securely fastened with a press (button).<\/p>\n<\/li>\n<\/ul>\n<p data-start=\"606\" data-end=\"620\"><strong data-start=\"606\" data-end=\"618\">Features:<\/strong><\/p>\n<ul data-start=\"621\" data-end=\"729\">\n<li data-start=\"621\" data-end=\"658\">\n<p data-start=\"623\" data-end=\"658\">Compact and travel-friendly<\/p>\n<\/li>\n<li data-start=\"659\" data-end=\"684\">\n<p data-start=\"661\" data-end=\"684\">Elegant design<\/p>\n<\/li>\n<li data-start=\"685\" data-end=\"729\">\n<p data-start=\"687\" data-end=\"729\">All the tools you need in one place<\/p>\n<\/li>\n<\/ul>\n<p data-start=\"736\" data-end=\"769\"><strong data-start=\"736\" data-end=\"751\">Manufacturer:<\/strong> Addi, Germany<\/p>\n<p data-start=\"771\" data-end=\"859\" data-is-last-node=\"\" data-is-only-node=\"\"><strong data-start=\"771\" data-end=\"783\">Note:<\/strong> Color shades may vary slightly depending on your device&#039;s screen.<\/p>","protected":false},"excerpt":{"rendered":"<p>Addi Unicase \u2013 tai \u017eavingas ir prakti\u0161kas rinkinys visoms mezg\u0117joms ir rankdarbi\u0173 myl\u0117tojoms. Kompakti\u0161kas d\u0117klas talpina visus b\u016btiniausius \u012frankius, o jo dizainas su vienaragio motyvu suteikia ypatingo \u017eavesio. Rinkinyje yra: Centimetrin\u0117 juosta 150 cm ilgio Paauksuotos \u017eirkl\u0117s vienaragio formos \ud83e\udd84 Siuvimo adata su buntu galu 4 mezgimo \u017eymekliai: 3 sidabriniai ir 2 auksiniai Viduje 3 [&hellip;]<\/p>\n","protected":false},"featured_media":5620,"comment_status":"open","ping_status":"closed","template":"","meta":{"_acf_changed":false},"product_brand":[786],"product_cat":[15,1080,1079,92,20,90,1081],"product_tag":[],"pro-kategorijos":[],"class_list":{"0":"post-5611","1":"product","2":"type-product","3":"status-publish","4":"has-post-thumbnail","6":"product_brand-addi","7":"product_cat-visi-produktai","8":"product_cat-adatos","9":"product_cat-deklai","10":"product_cat-matavimo-priemones","11":"product_cat-priedai-mezgimui","12":"product_cat-zirkles","13":"product_cat-zymekliai","15":"first","16":"instock","17":"shipping-taxable","18":"purchasable","19":"product-type-simple"},"acf":[],"yoast_head":"<!-- This site is optimized with the Yoast SEO plugin v26.8 - https:\/\/yoast.com\/product\/yoast-seo-wordpress\/ -->\n<title>Addi Unicase \u2013 stilingas rinkinys mezg\u0117ja - Happyinaknit.com<\/title>\n<meta name=\"robots\" content=\"index, follow, max-snippet:-1, max-image-preview:large, max-video-preview:-1\" \/>\n<link rel=\"canonical\" href=\"https:\/\/happyinaknit.com\/en\/product\/addi-unicase-stilingas-rinkinys-mezgeja\/\" \/>\n<meta property=\"og:locale\" content=\"en_US\" \/>\n<meta property=\"og:type\" content=\"article\" \/>\n<meta property=\"og:title\" content=\"Addi Unicase \u2013 stilingas rinkinys mezg\u0117ja - Happyinaknit.com\" \/>\n<meta property=\"og:description\" content=\"Addi Unicase \u2013 tai \u017eavingas ir prakti\u0161kas rinkinys visoms mezg\u0117joms ir rankdarbi\u0173 myl\u0117tojoms. Kompakti\u0161kas d\u0117klas talpina visus b\u016btiniausius \u012frankius, o jo dizainas su vienaragio motyvu suteikia ypatingo \u017eavesio. Rinkinyje yra: Centimetrin\u0117 juosta 150 cm ilgio Paauksuotos \u017eirkl\u0117s vienaragio formos \ud83e\udd84 Siuvimo adata su buntu galu 4 mezgimo \u017eymekliai: 3 sidabriniai ir 2 auksiniai Viduje 3 [&hellip;]\" \/>\n<meta property=\"og:url\" content=\"https:\/\/happyinaknit.com\/en\/product\/addi-unicase-stilingas-rinkinys-mezgeja\/\" \/>\n<meta property=\"og:site_name\" content=\"Happyinaknit.com\" \/>\n<meta property=\"article:modified_time\" content=\"2025-10-28T13:51:23+00:00\" \/>\n<meta property=\"og:image\" content=\"https:\/\/happyinaknit.com\/wp-content\/uploads\/2025\/10\/estuche-con-accesorios-addiunicase-addi.jpg-1.webp\" \/>\n\t<meta property=\"og:image:width\" content=\"800\" \/>\n\t<meta property=\"og:image:height\" content=\"800\" \/>\n\t<meta property=\"og:image:type\" content=\"image\/webp\" \/>\n<meta name=\"twitter:card\" content=\"summary_large_image\" \/>\n<meta name=\"twitter:label1\" content=\"Est. reading time\" \/>\n\t<meta name=\"twitter:data1\" content=\"1 minute\" \/>\n<script type=\"application\/ld+json\" class=\"yoast-schema-graph\">{\"@context\":\"https:\/\/schema.org\",\"@graph\":[{\"@type\":\"WebPage\",\"@id\":\"https:\/\/happyinaknit.com\/produktas\/addi-unicase-stilingas-rinkinys-mezgeja\/\",\"url\":\"https:\/\/happyinaknit.com\/produktas\/addi-unicase-stilingas-rinkinys-mezgeja\/\",\"name\":\"Addi Unicase \u2013 stilingas rinkinys mezg\u0117ja - Happyinaknit.com\",\"isPartOf\":{\"@id\":\"https:\/\/happyinaknit.com\/lt\/#website\"},\"primaryImageOfPage\":{\"@id\":\"https:\/\/happyinaknit.com\/produktas\/addi-unicase-stilingas-rinkinys-mezgeja\/#primaryimage\"},\"image\":{\"@id\":\"https:\/\/happyinaknit.com\/produktas\/addi-unicase-stilingas-rinkinys-mezgeja\/#primaryimage\"},\"thumbnailUrl\":\"https:\/\/happyinaknit.com\/wp-content\/uploads\/2025\/10\/estuche-con-accesorios-addiunicase-addi.jpg-1.webp\",\"datePublished\":\"2025-10-16T23:09:13+00:00\",\"dateModified\":\"2025-10-28T13:51:23+00:00\",\"breadcrumb\":{\"@id\":\"https:\/\/happyinaknit.com\/produktas\/addi-unicase-stilingas-rinkinys-mezgeja\/#breadcrumb\"},\"inLanguage\":\"en-US\",\"potentialAction\":[{\"@type\":\"ReadAction\",\"target\":[\"https:\/\/happyinaknit.com\/produktas\/addi-unicase-stilingas-rinkinys-mezgeja\/\"]}]},{\"@type\":\"ImageObject\",\"inLanguage\":\"en-US\",\"@id\":\"https:\/\/happyinaknit.com\/produktas\/addi-unicase-stilingas-rinkinys-mezgeja\/#primaryimage\",\"url\":\"https:\/\/happyinaknit.com\/wp-content\/uploads\/2025\/10\/estuche-con-accesorios-addiunicase-addi.jpg-1.webp\",\"contentUrl\":\"https:\/\/happyinaknit.com\/wp-content\/uploads\/2025\/10\/estuche-con-accesorios-addiunicase-addi.jpg-1.webp\",\"width\":800,\"height\":800},{\"@type\":\"BreadcrumbList\",\"@id\":\"https:\/\/happyinaknit.com\/produktas\/addi-unicase-stilingas-rinkinys-mezgeja\/#breadcrumb\",\"itemListElement\":[{\"@type\":\"ListItem\",\"position\":1,\"name\":\"Home\",\"item\":\"https:\/\/happyinaknit.com\/lt\/\"},{\"@type\":\"ListItem\",\"position\":2,\"name\":\"Parduotuv\u0117\",\"item\":\"https:\/\/happyinaknit.com\/lt\/parduotuve\/\"},{\"@type\":\"ListItem\",\"position\":3,\"name\":\"Addi Unicase \u2013 stilingas rinkinys mezg\u0117ja\"}]},{\"@type\":\"WebSite\",\"@id\":\"https:\/\/happyinaknit.com\/lt\/#website\",\"url\":\"https:\/\/happyinaknit.com\/lt\/\",\"name\":\"Happyinaknit.com\",\"description\":\"\",\"potentialAction\":[{\"@type\":\"SearchAction\",\"target\":{\"@type\":\"EntryPoint\",\"urlTemplate\":\"https:\/\/happyinaknit.com\/lt\/?s={search_term_string}\"},\"query-input\":{\"@type\":\"PropertyValueSpecification\",\"valueRequired\":true,\"valueName\":\"search_term_string\"}}],\"inLanguage\":\"en-US\"}]}<\/script>\n<!-- \/ Yoast SEO plugin. -->","yoast_head_json":{"title":"Addi Unicase \u2013 stilingas rinkinys mezg\u0117ja - Happyinaknit.com","robots":{"index":"index","follow":"follow","max-snippet":"max-snippet:-1","max-image-preview":"max-image-preview:large","max-video-preview":"max-video-preview:-1"},"canonical":"https:\/\/happyinaknit.com\/en\/product\/addi-unicase-stilingas-rinkinys-mezgeja\/","og_locale":"en_US","og_type":"article","og_title":"Addi Unicase \u2013 stilingas rinkinys mezg\u0117ja - Happyinaknit.com","og_description":"Addi Unicase \u2013 tai \u017eavingas ir prakti\u0161kas rinkinys visoms mezg\u0117joms ir rankdarbi\u0173 myl\u0117tojoms. Kompakti\u0161kas d\u0117klas talpina visus b\u016btiniausius \u012frankius, o jo dizainas su vienaragio motyvu suteikia ypatingo \u017eavesio. Rinkinyje yra: Centimetrin\u0117 juosta 150 cm ilgio Paauksuotos \u017eirkl\u0117s vienaragio formos \ud83e\udd84 Siuvimo adata su buntu galu 4 mezgimo \u017eymekliai: 3 sidabriniai ir 2 auksiniai Viduje 3 [&hellip;]","og_url":"https:\/\/happyinaknit.com\/en\/product\/addi-unicase-stilingas-rinkinys-mezgeja\/","og_site_name":"Happyinaknit.com","article_modified_time":"2025-10-28T13:51:23+00:00","og_image":[{"width":800,"height":800,"url":"https:\/\/happyinaknit.com\/wp-content\/uploads\/2025\/10\/estuche-con-accesorios-addiunicase-addi.jpg-1.webp","type":"image\/webp"}],"twitter_card":"summary_large_image","twitter_misc":{"Est. reading time":"1 minute"},"schema":{"@context":"https:\/\/schema.org","@graph":[{"@type":"WebPage","@id":"https:\/\/happyinaknit.com\/produktas\/addi-unicase-stilingas-rinkinys-mezgeja\/","url":"https:\/\/happyinaknit.com\/produktas\/addi-unicase-stilingas-rinkinys-mezgeja\/","name":"Addi Unicase \u2013 stilingas rinkinys mezg\u0117ja - Happyinaknit.com","isPartOf":{"@id":"https:\/\/happyinaknit.com\/lt\/#website"},"primaryImageOfPage":{"@id":"https:\/\/happyinaknit.com\/produktas\/addi-unicase-stilingas-rinkinys-mezgeja\/#primaryimage"},"image":{"@id":"https:\/\/happyinaknit.com\/produktas\/addi-unicase-stilingas-rinkinys-mezgeja\/#primaryimage"},"thumbnailUrl":"https:\/\/happyinaknit.com\/wp-content\/uploads\/2025\/10\/estuche-con-accesorios-addiunicase-addi.jpg-1.webp","datePublished":"2025-10-16T23:09:13+00:00","dateModified":"2025-10-28T13:51:23+00:00","breadcrumb":{"@id":"https:\/\/happyinaknit.com\/produktas\/addi-unicase-stilingas-rinkinys-mezgeja\/#breadcrumb"},"inLanguage":"en-US","potentialAction":[{"@type":"ReadAction","target":["https:\/\/happyinaknit.com\/produktas\/addi-unicase-stilingas-rinkinys-mezgeja\/"]}]},{"@type":"ImageObject","inLanguage":"en-US","@id":"https:\/\/happyinaknit.com\/produktas\/addi-unicase-stilingas-rinkinys-mezgeja\/#primaryimage","url":"https:\/\/happyinaknit.com\/wp-content\/uploads\/2025\/10\/estuche-con-accesorios-addiunicase-addi.jpg-1.webp","contentUrl":"https:\/\/happyinaknit.com\/wp-content\/uploads\/2025\/10\/estuche-con-accesorios-addiunicase-addi.jpg-1.webp","width":800,"height":800},{"@type":"BreadcrumbList","@id":"https:\/\/happyinaknit.com\/produktas\/addi-unicase-stilingas-rinkinys-mezgeja\/#breadcrumb","itemListElement":[{"@type":"ListItem","position":1,"name":"Home","item":"https:\/\/happyinaknit.com\/lt\/"},{"@type":"ListItem","position":2,"name":"Parduotuv\u0117","item":"https:\/\/happyinaknit.com\/lt\/parduotuve\/"},{"@type":"ListItem","position":3,"name":"Addi Unicase \u2013 stilingas rinkinys mezg\u0117ja"}]},{"@type":"WebSite","@id":"https:\/\/happyinaknit.com\/lt\/#website","url":"https:\/\/happyinaknit.com\/lt\/","name":"Happyinaknit.com","description":"","potentialAction":[{"@type":"SearchAction","target":{"@type":"EntryPoint","urlTemplate":"https:\/\/happyinaknit.com\/lt\/?s={search_term_string}"},"query-input":{"@type":"PropertyValueSpecification","valueRequired":true,"valueName":"search_term_string"}}],"inLanguage":"en-US"}]}},"_links":{"self":[{"href":"https:\/\/happyinaknit.com\/en\/wp-json\/wp\/v2\/product\/5611","targetHints":{"allow":["GET"]}}],"collection":[{"href":"https:\/\/happyinaknit.com\/en\/wp-json\/wp\/v2\/product"}],"about":[{"href":"https:\/\/happyinaknit.com\/en\/wp-json\/wp\/v2\/types\/product"}],"replies":[{"embeddable":true,"href":"https:\/\/happyinaknit.com\/en\/wp-json\/wp\/v2\/comments?post=5611"}],"wp:featuredmedia":[{"embeddable":true,"href":"https:\/\/happyinaknit.com\/en\/wp-json\/wp\/v2\/media\/5620"}],"wp:attachment":[{"href":"https:\/\/happyinaknit.com\/en\/wp-json\/wp\/v2\/media?parent=5611"}],"wp:term":[{"taxonomy":"product_brand","embeddable":true,"href":"https:\/\/happyinaknit.com\/en\/wp-json\/wp\/v2\/product_brand?post=5611"},{"taxonomy":"product_cat","embeddable":true,"href":"https:\/\/happyinaknit.com\/en\/wp-json\/wp\/v2\/product_cat?post=5611"},{"taxonomy":"product_tag","embeddable":true,"href":"https:\/\/happyinaknit.com\/en\/wp-json\/wp\/v2\/product_tag?post=5611"},{"taxonomy":"pro-kategorijos","embeddable":true,"href":"https:\/\/happyinaknit.com\/en\/wp-json\/wp\/v2\/pro-kategorijos?post=5611"}],"curies":[{"name":"wp","href":"https:\/\/api.w.org\/{rel}","templated":true}]}}