{"id":5591,"date":"2025-10-16T22:40:39","date_gmt":"2025-10-16T22:40:39","guid":{"rendered":"https:\/\/happyinaknit.com\/?post_type=product&#038;p=5591"},"modified":"2026-03-10T14:26:22","modified_gmt":"2026-03-10T14:26:22","slug":"klijai-audiniams-gutermann-ht2-textil","status":"publish","type":"product","link":"https:\/\/happyinaknit.com\/en\/product\/klijai-audiniams-gutermann-ht2-textil\/","title":{"rendered":"G\u00fctermann HT2 Textil Fabric Glue"},"content":{"rendered":"<p data-start=\"47\" data-end=\"325\"><strong data-start=\"47\" data-end=\"71\">G\u00fctermann HT2 Textil<\/strong> \u2013 high quality <strong data-start=\"90\" data-end=\"121\">solvent-free fabric glue<\/strong>, designed for reliable bonding of various materials: <strong data-start=\"171\" data-end=\"216\">cotton, linen, denim, felt, canvas<\/strong> and many other tissues.<br data-start=\"242\" data-end=\"245\" \/>Perfect for sewing, creative projects or small repairs.<\/p>\n<p data-start=\"327\" data-end=\"465\">These glues are <strong data-start=\"342\" data-end=\"409\">transparent, elastic and resistant to washing and dry cleaning<\/strong>.<br data-start=\"410\" data-end=\"413\" \/>The glue that has not yet dried can be easily washed off with water.<\/p>\n<h4 data-start=\"472\" data-end=\"503\"><strong data-start=\"477\" data-end=\"503\">Features and uses:<\/strong><\/h4>\n<ul data-start=\"504\" data-end=\"907\">\n<li data-start=\"504\" data-end=\"582\">\n<p data-start=\"506\" data-end=\"582\">For treating fabric edges against fraying (a great alternative to hemming)<\/p>\n<\/li>\n<li data-start=\"583\" data-end=\"643\">\n<p data-start=\"585\" data-end=\"643\">Suitable for gluing bows, appliqu\u00e9s and decorations<\/p>\n<\/li>\n<li data-start=\"644\" data-end=\"775\">\n<p data-start=\"646\" data-end=\"775\">Perfect for gluing rhinestones \u2013 does not damage the surface, does not destroy the crystals and remains completely colorless when not dried<\/p>\n<\/li>\n<li data-start=\"776\" data-end=\"858\">\n<p data-start=\"778\" data-end=\"858\">Can be used for gluing threads or reinforcing seams in toy making<\/p>\n<\/li>\n<li data-start=\"859\" data-end=\"907\">\n<p data-start=\"861\" data-end=\"907\">After drying <strong data-start=\"875\" data-end=\"905\">remain flexible and strong<\/strong><\/p>\n<\/li>\n<\/ul>\n<h4 data-start=\"914\" data-end=\"935\"><strong data-start=\"919\" data-end=\"935\">Application:<\/strong><\/h4>\n<ul data-start=\"936\" data-end=\"1087\">\n<li data-start=\"936\" data-end=\"972\">\n<p data-start=\"938\" data-end=\"972\">for fabric processing and repair,<\/p>\n<\/li>\n<li data-start=\"973\" data-end=\"1012\">\n<p data-start=\"975\" data-end=\"1012\">for gluing applications and decorations,<\/p>\n<\/li>\n<li data-start=\"1013\" data-end=\"1059\">\n<p data-start=\"1015\" data-end=\"1059\">for attaching rhinestones to all types of fabrics,<\/p>\n<\/li>\n<li data-start=\"1060\" data-end=\"1087\">\n<p data-start=\"1062\" data-end=\"1087\">for creative projects.<\/p>\n<\/li>\n<\/ul>\n<p data-start=\"1094\" data-end=\"1109\"><strong data-start=\"1094\" data-end=\"1109\">Advantages:<\/strong><\/p>\n<ul data-start=\"1110\" data-end=\"1220\">\n<li data-start=\"1110\" data-end=\"1126\">\n<p data-start=\"1112\" data-end=\"1126\">Solvent-free<\/p>\n<\/li>\n<li data-start=\"1127\" data-end=\"1153\">\n<p data-start=\"1129\" data-end=\"1153\">Transparent after drying<\/p>\n<\/li>\n<li data-start=\"1154\" data-end=\"1189\">\n<p data-start=\"1156\" data-end=\"1189\">Elastic and washable<\/p>\n<\/li>\n<li data-start=\"1190\" data-end=\"1220\">\n<p data-start=\"1192\" data-end=\"1220\">Suitable for delicate fabrics<\/p>\n<\/li>\n<\/ul>\n<p data-start=\"1222\" data-end=\"1260\"><strong data-start=\"1222\" data-end=\"1237\">Manufacturer:<\/strong> Gutermann, Germany<\/p>\n<p data-start=\"1262\" data-end=\"1350\" data-is-last-node=\"\" data-is-only-node=\"\"><strong data-start=\"1262\" data-end=\"1274\">Note:<\/strong> Color shades may vary slightly depending on your device&#039;s screen.<\/p>","protected":false},"excerpt":{"rendered":"<p>G\u00fctermann HT2 Textil \u2013 auk\u0161tos kokyb\u0117s audini\u0173 klijai be tirpikli\u0173, skirti patikimam \u012fvairi\u0173 med\u017eiag\u0173 suklijavimui: medviln\u0117s, lino, d\u017einso, veltinio, kanvos ir daugelio kit\u0173 audini\u0173.Puikiai tinka tiek siuvimui, tiek k\u016brybiniams projektams ar smulkiems taisymams. \u0160ie klijai yra skaidr\u016bs, elastingi ir atspar\u016bs skalbimui bei cheminiam valymui.Dar nei\u0161d\u017ei\u016bv\u0119 klijai lengvai nusiplauna vandeniu. Savyb\u0117s ir naudojimas: Skirti audini\u0173 kra\u0161t\u0173 [&hellip;]<\/p>\n","protected":false},"featured_media":8137,"comment_status":"open","ping_status":"closed","template":"","meta":{"_acf_changed":false},"product_brand":[1078],"product_cat":[15,1083,20],"product_tag":[],"pro-kategorijos":[],"class_list":{"0":"post-5591","1":"product","2":"type-product","3":"status-publish","4":"has-post-thumbnail","6":"product_brand-gutermann","7":"product_cat-visi-produktai","8":"product_cat-lateksasklijai","9":"product_cat-priedai-mezgimui","11":"first","12":"instock","13":"shipping-taxable","14":"purchasable","15":"product-type-simple"},"acf":[],"yoast_head":"<!-- This site is optimized with the Yoast SEO plugin v26.8 - https:\/\/yoast.com\/product\/yoast-seo-wordpress\/ -->\n<title>Klijai audiniams G\u00fctermann HT2 Textil - Happyinaknit.com<\/title>\n<meta name=\"robots\" content=\"index, follow, max-snippet:-1, max-image-preview:large, max-video-preview:-1\" \/>\n<link rel=\"canonical\" href=\"https:\/\/happyinaknit.com\/en\/product\/klijai-audiniams-gutermann-ht2-textil\/\" \/>\n<meta property=\"og:locale\" content=\"en_US\" \/>\n<meta property=\"og:type\" content=\"article\" \/>\n<meta property=\"og:title\" content=\"Klijai audiniams G\u00fctermann HT2 Textil - Happyinaknit.com\" \/>\n<meta property=\"og:description\" content=\"G\u00fctermann HT2 Textil \u2013 auk\u0161tos kokyb\u0117s audini\u0173 klijai be tirpikli\u0173, skirti patikimam \u012fvairi\u0173 med\u017eiag\u0173 suklijavimui: medviln\u0117s, lino, d\u017einso, veltinio, kanvos ir daugelio kit\u0173 audini\u0173.Puikiai tinka tiek siuvimui, tiek k\u016brybiniams projektams ar smulkiems taisymams. \u0160ie klijai yra skaidr\u016bs, elastingi ir atspar\u016bs skalbimui bei cheminiam valymui.Dar nei\u0161d\u017ei\u016bv\u0119 klijai lengvai nusiplauna vandeniu. Savyb\u0117s ir naudojimas: Skirti audini\u0173 kra\u0161t\u0173 [&hellip;]\" \/>\n<meta property=\"og:url\" content=\"https:\/\/happyinaknit.com\/en\/product\/klijai-audiniams-gutermann-ht2-textil\/\" \/>\n<meta property=\"og:site_name\" content=\"Happyinaknit.com\" \/>\n<meta property=\"article:modified_time\" content=\"2026-03-10T14:26:22+00:00\" \/>\n<meta property=\"og:image\" content=\"https:\/\/happyinaknit.com\/wp-content\/uploads\/2025\/10\/tekstiliniai-klijai-gutermann-ht2-3.jpg\" \/>\n\t<meta property=\"og:image:width\" content=\"425\" \/>\n\t<meta property=\"og:image:height\" content=\"425\" \/>\n\t<meta property=\"og:image:type\" content=\"image\/jpeg\" \/>\n<meta name=\"twitter:card\" content=\"summary_large_image\" \/>\n<meta name=\"twitter:label1\" content=\"Est. reading time\" \/>\n\t<meta name=\"twitter:data1\" content=\"1 minute\" \/>\n<script type=\"application\/ld+json\" class=\"yoast-schema-graph\">{\"@context\":\"https:\/\/schema.org\",\"@graph\":[{\"@type\":\"WebPage\",\"@id\":\"https:\/\/happyinaknit.com\/produktas\/klijai-audiniams-gutermann-ht2-textil\/\",\"url\":\"https:\/\/happyinaknit.com\/produktas\/klijai-audiniams-gutermann-ht2-textil\/\",\"name\":\"Klijai audiniams G\u00fctermann HT2 Textil - Happyinaknit.com\",\"isPartOf\":{\"@id\":\"https:\/\/happyinaknit.com\/lt\/#website\"},\"primaryImageOfPage\":{\"@id\":\"https:\/\/happyinaknit.com\/produktas\/klijai-audiniams-gutermann-ht2-textil\/#primaryimage\"},\"image\":{\"@id\":\"https:\/\/happyinaknit.com\/produktas\/klijai-audiniams-gutermann-ht2-textil\/#primaryimage\"},\"thumbnailUrl\":\"https:\/\/happyinaknit.com\/wp-content\/uploads\/2025\/10\/tekstiliniai-klijai-gutermann-ht2-3.jpg\",\"datePublished\":\"2025-10-16T22:40:39+00:00\",\"dateModified\":\"2026-03-10T14:26:22+00:00\",\"breadcrumb\":{\"@id\":\"https:\/\/happyinaknit.com\/produktas\/klijai-audiniams-gutermann-ht2-textil\/#breadcrumb\"},\"inLanguage\":\"en-US\",\"potentialAction\":[{\"@type\":\"ReadAction\",\"target\":[\"https:\/\/happyinaknit.com\/produktas\/klijai-audiniams-gutermann-ht2-textil\/\"]}]},{\"@type\":\"ImageObject\",\"inLanguage\":\"en-US\",\"@id\":\"https:\/\/happyinaknit.com\/produktas\/klijai-audiniams-gutermann-ht2-textil\/#primaryimage\",\"url\":\"https:\/\/happyinaknit.com\/wp-content\/uploads\/2025\/10\/tekstiliniai-klijai-gutermann-ht2-3.jpg\",\"contentUrl\":\"https:\/\/happyinaknit.com\/wp-content\/uploads\/2025\/10\/tekstiliniai-klijai-gutermann-ht2-3.jpg\",\"width\":425,\"height\":425},{\"@type\":\"BreadcrumbList\",\"@id\":\"https:\/\/happyinaknit.com\/produktas\/klijai-audiniams-gutermann-ht2-textil\/#breadcrumb\",\"itemListElement\":[{\"@type\":\"ListItem\",\"position\":1,\"name\":\"Home\",\"item\":\"https:\/\/happyinaknit.com\/lt\/\"},{\"@type\":\"ListItem\",\"position\":2,\"name\":\"Parduotuv\u0117\",\"item\":\"https:\/\/happyinaknit.com\/lt\/parduotuve\/\"},{\"@type\":\"ListItem\",\"position\":3,\"name\":\"Klijai audiniams G\u00fctermann HT2 Textil\"}]},{\"@type\":\"WebSite\",\"@id\":\"https:\/\/happyinaknit.com\/lt\/#website\",\"url\":\"https:\/\/happyinaknit.com\/lt\/\",\"name\":\"Happyinaknit.com\",\"description\":\"\",\"potentialAction\":[{\"@type\":\"SearchAction\",\"target\":{\"@type\":\"EntryPoint\",\"urlTemplate\":\"https:\/\/happyinaknit.com\/lt\/?s={search_term_string}\"},\"query-input\":{\"@type\":\"PropertyValueSpecification\",\"valueRequired\":true,\"valueName\":\"search_term_string\"}}],\"inLanguage\":\"en-US\"}]}<\/script>\n<!-- \/ Yoast SEO plugin. -->","yoast_head_json":{"title":"Klijai audiniams G\u00fctermann HT2 Textil - Happyinaknit.com","robots":{"index":"index","follow":"follow","max-snippet":"max-snippet:-1","max-image-preview":"max-image-preview:large","max-video-preview":"max-video-preview:-1"},"canonical":"https:\/\/happyinaknit.com\/en\/product\/klijai-audiniams-gutermann-ht2-textil\/","og_locale":"en_US","og_type":"article","og_title":"Klijai audiniams G\u00fctermann HT2 Textil - Happyinaknit.com","og_description":"G\u00fctermann HT2 Textil \u2013 auk\u0161tos kokyb\u0117s audini\u0173 klijai be tirpikli\u0173, skirti patikimam \u012fvairi\u0173 med\u017eiag\u0173 suklijavimui: medviln\u0117s, lino, d\u017einso, veltinio, kanvos ir daugelio kit\u0173 audini\u0173.Puikiai tinka tiek siuvimui, tiek k\u016brybiniams projektams ar smulkiems taisymams. \u0160ie klijai yra skaidr\u016bs, elastingi ir atspar\u016bs skalbimui bei cheminiam valymui.Dar nei\u0161d\u017ei\u016bv\u0119 klijai lengvai nusiplauna vandeniu. Savyb\u0117s ir naudojimas: Skirti audini\u0173 kra\u0161t\u0173 [&hellip;]","og_url":"https:\/\/happyinaknit.com\/en\/product\/klijai-audiniams-gutermann-ht2-textil\/","og_site_name":"Happyinaknit.com","article_modified_time":"2026-03-10T14:26:22+00:00","og_image":[{"width":425,"height":425,"url":"https:\/\/happyinaknit.com\/wp-content\/uploads\/2025\/10\/tekstiliniai-klijai-gutermann-ht2-3.jpg","type":"image\/jpeg"}],"twitter_card":"summary_large_image","twitter_misc":{"Est. reading time":"1 minute"},"schema":{"@context":"https:\/\/schema.org","@graph":[{"@type":"WebPage","@id":"https:\/\/happyinaknit.com\/produktas\/klijai-audiniams-gutermann-ht2-textil\/","url":"https:\/\/happyinaknit.com\/produktas\/klijai-audiniams-gutermann-ht2-textil\/","name":"Klijai audiniams G\u00fctermann HT2 Textil - Happyinaknit.com","isPartOf":{"@id":"https:\/\/happyinaknit.com\/lt\/#website"},"primaryImageOfPage":{"@id":"https:\/\/happyinaknit.com\/produktas\/klijai-audiniams-gutermann-ht2-textil\/#primaryimage"},"image":{"@id":"https:\/\/happyinaknit.com\/produktas\/klijai-audiniams-gutermann-ht2-textil\/#primaryimage"},"thumbnailUrl":"https:\/\/happyinaknit.com\/wp-content\/uploads\/2025\/10\/tekstiliniai-klijai-gutermann-ht2-3.jpg","datePublished":"2025-10-16T22:40:39+00:00","dateModified":"2026-03-10T14:26:22+00:00","breadcrumb":{"@id":"https:\/\/happyinaknit.com\/produktas\/klijai-audiniams-gutermann-ht2-textil\/#breadcrumb"},"inLanguage":"en-US","potentialAction":[{"@type":"ReadAction","target":["https:\/\/happyinaknit.com\/produktas\/klijai-audiniams-gutermann-ht2-textil\/"]}]},{"@type":"ImageObject","inLanguage":"en-US","@id":"https:\/\/happyinaknit.com\/produktas\/klijai-audiniams-gutermann-ht2-textil\/#primaryimage","url":"https:\/\/happyinaknit.com\/wp-content\/uploads\/2025\/10\/tekstiliniai-klijai-gutermann-ht2-3.jpg","contentUrl":"https:\/\/happyinaknit.com\/wp-content\/uploads\/2025\/10\/tekstiliniai-klijai-gutermann-ht2-3.jpg","width":425,"height":425},{"@type":"BreadcrumbList","@id":"https:\/\/happyinaknit.com\/produktas\/klijai-audiniams-gutermann-ht2-textil\/#breadcrumb","itemListElement":[{"@type":"ListItem","position":1,"name":"Home","item":"https:\/\/happyinaknit.com\/lt\/"},{"@type":"ListItem","position":2,"name":"Parduotuv\u0117","item":"https:\/\/happyinaknit.com\/lt\/parduotuve\/"},{"@type":"ListItem","position":3,"name":"Klijai audiniams G\u00fctermann HT2 Textil"}]},{"@type":"WebSite","@id":"https:\/\/happyinaknit.com\/lt\/#website","url":"https:\/\/happyinaknit.com\/lt\/","name":"Happyinaknit.com","description":"","potentialAction":[{"@type":"SearchAction","target":{"@type":"EntryPoint","urlTemplate":"https:\/\/happyinaknit.com\/lt\/?s={search_term_string}"},"query-input":{"@type":"PropertyValueSpecification","valueRequired":true,"valueName":"search_term_string"}}],"inLanguage":"en-US"}]}},"_links":{"self":[{"href":"https:\/\/happyinaknit.com\/en\/wp-json\/wp\/v2\/product\/5591","targetHints":{"allow":["GET"]}}],"collection":[{"href":"https:\/\/happyinaknit.com\/en\/wp-json\/wp\/v2\/product"}],"about":[{"href":"https:\/\/happyinaknit.com\/en\/wp-json\/wp\/v2\/types\/product"}],"replies":[{"embeddable":true,"href":"https:\/\/happyinaknit.com\/en\/wp-json\/wp\/v2\/comments?post=5591"}],"wp:featuredmedia":[{"embeddable":true,"href":"https:\/\/happyinaknit.com\/en\/wp-json\/wp\/v2\/media\/8137"}],"wp:attachment":[{"href":"https:\/\/happyinaknit.com\/en\/wp-json\/wp\/v2\/media?parent=5591"}],"wp:term":[{"taxonomy":"product_brand","embeddable":true,"href":"https:\/\/happyinaknit.com\/en\/wp-json\/wp\/v2\/product_brand?post=5591"},{"taxonomy":"product_cat","embeddable":true,"href":"https:\/\/happyinaknit.com\/en\/wp-json\/wp\/v2\/product_cat?post=5591"},{"taxonomy":"product_tag","embeddable":true,"href":"https:\/\/happyinaknit.com\/en\/wp-json\/wp\/v2\/product_tag?post=5591"},{"taxonomy":"pro-kategorijos","embeddable":true,"href":"https:\/\/happyinaknit.com\/en\/wp-json\/wp\/v2\/pro-kategorijos?post=5591"}],"curies":[{"name":"wp","href":"https:\/\/api.w.org\/{rel}","templated":true}]}}