{"id":5583,"date":"2025-10-16T22:26:59","date_gmt":"2025-10-16T22:26:59","guid":{"rendered":"https:\/\/happyinaknit.com\/?post_type=product&#038;p=5583"},"modified":"2025-12-13T09:12:39","modified_gmt":"2025-12-13T09:12:39","slug":"regia-abs-latex-neslystantis-latekso-pienelis-kojinems","status":"publish","type":"product","link":"https:\/\/happyinaknit.com\/en\/product\/regia-abs-latex-neslystantis-latekso-pienelis-kojinems\/","title":{"rendered":"Regia ABS-Latex \u2013 non-slip latex coating for socks"},"content":{"rendered":"<p data-start=\"66\" data-end=\"361\"><strong data-start=\"66\" data-end=\"85\">Regia ABS-Latex<\/strong> \u2013 is a high-quality latex milk that provides a non-slip effect to your knitted socks or house shoes.<br data-start=\"202\" data-end=\"205\" \/>A great solution for those who like to walk around the house in socks - especially <strong data-start=\"280\" data-end=\"316\">for children or active adults<\/strong>because it prevents slipping on smooth floors.<\/p>\n<p data-start=\"363\" data-end=\"531\">In addition, this milk <strong data-start=\"383\" data-end=\"422\">protects the sole area from wear<\/strong>, so the socks last longer.<br data-start=\"454\" data-end=\"457\" \/>Product <strong data-start=\"467\" data-end=\"482\">economical<\/strong>, <strong data-start=\"484\" data-end=\"503\">easy to apply<\/strong> and <strong data-start=\"507\" data-end=\"528\">long-lasting<\/strong>.<\/p>\n<p data-start=\"533\" data-end=\"550\"><strong data-start=\"533\" data-end=\"548\">Usage:<\/strong><\/p>\n<ol data-start=\"551\" data-end=\"716\">\n<li data-start=\"551\" data-end=\"615\">\n<p data-start=\"554\" data-end=\"615\">Apply small dots or the desired pattern to the sole of the sock.<\/p>\n<\/li>\n<li data-start=\"616\" data-end=\"653\">\n<p data-start=\"619\" data-end=\"653\">Leave to dry horizontally.<\/p>\n<\/li>\n<li data-start=\"654\" data-end=\"716\">\n<p data-start=\"657\" data-end=\"716\">After drying, the surface becomes elastic and non-slip.<\/p>\n<\/li>\n<\/ol>\n<p data-start=\"754\" data-end=\"788\"><strong data-start=\"754\" data-end=\"769\">Manufacturer:<\/strong> Regia, Germany<\/p>\n<p data-start=\"790\" data-end=\"878\" data-is-last-node=\"\" data-is-only-node=\"\"><strong data-start=\"790\" data-end=\"802\">Note:<\/strong> Color shades may vary slightly depending on your device&#039;s screen.<\/p>","protected":false},"excerpt":{"rendered":"<p>Regia ABS-Latex \u2013 tai auk\u0161tos kokyb\u0117s latekso pienelis, suteikiantis neslystant\u012f efekt\u0105 j\u016bs\u0173 megztoms kojin\u0117ms ar nam\u0173 avalynei.Puikus sprendimas tiems, kas m\u0117gsta vaik\u0161\u010dioti namuose su kojin\u0117mis \u2013 ypa\u010d vaikams ar aktyviems suaugusiems, nes apsaugo nuo slydimo ant lygi\u0173 grind\u0173. Be to, \u0161is pienelis apsaugo pado srit\u012f nuo susid\u0117v\u0117jimo, tod\u0117l kojin\u0117s tarnauja ilgiau.Produktas ekonomi\u0161kas, lengvai tepamas ir [&hellip;]<\/p>\n","protected":false},"featured_media":5587,"comment_status":"open","ping_status":"closed","template":"","meta":{"_acf_changed":false},"product_brand":[65],"product_cat":[15,1083,20,94],"product_tag":[],"pro-kategorijos":[],"class_list":{"0":"post-5583","1":"product","2":"type-product","3":"status-publish","4":"has-post-thumbnail","6":"product_brand-regia","7":"product_cat-visi-produktai","8":"product_cat-lateksasklijai","9":"product_cat-priedai-mezgimui","10":"product_cat-siulai-kojinems","12":"first","13":"outofstock","14":"shipping-taxable","15":"purchasable","16":"product-type-variable"},"acf":[],"yoast_head":"<!-- This site is optimized with the Yoast SEO plugin v26.8 - https:\/\/yoast.com\/product\/yoast-seo-wordpress\/ -->\n<title>Regia ABS-Latex \u2013 neslystantis latekso pienelis kojin\u0117ms - Happyinaknit.com<\/title>\n<meta name=\"robots\" content=\"index, follow, max-snippet:-1, max-image-preview:large, max-video-preview:-1\" \/>\n<link rel=\"canonical\" href=\"https:\/\/happyinaknit.com\/en\/product\/regia-abs-latex-neslystantis-latekso-pienelis-kojinems\/\" \/>\n<meta property=\"og:locale\" content=\"en_US\" \/>\n<meta property=\"og:type\" content=\"article\" \/>\n<meta property=\"og:title\" content=\"Regia ABS-Latex \u2013 neslystantis latekso pienelis kojin\u0117ms - Happyinaknit.com\" \/>\n<meta property=\"og:description\" content=\"Regia ABS-Latex \u2013 tai auk\u0161tos kokyb\u0117s latekso pienelis, suteikiantis neslystant\u012f efekt\u0105 j\u016bs\u0173 megztoms kojin\u0117ms ar nam\u0173 avalynei.Puikus sprendimas tiems, kas m\u0117gsta vaik\u0161\u010dioti namuose su kojin\u0117mis \u2013 ypa\u010d vaikams ar aktyviems suaugusiems, nes apsaugo nuo slydimo ant lygi\u0173 grind\u0173. Be to, \u0161is pienelis apsaugo pado srit\u012f nuo susid\u0117v\u0117jimo, tod\u0117l kojin\u0117s tarnauja ilgiau.Produktas ekonomi\u0161kas, lengvai tepamas ir [&hellip;]\" \/>\n<meta property=\"og:url\" content=\"https:\/\/happyinaknit.com\/en\/product\/regia-abs-latex-neslystantis-latekso-pienelis-kojinems\/\" \/>\n<meta property=\"og:site_name\" content=\"Happyinaknit.com\" \/>\n<meta property=\"article:modified_time\" content=\"2025-12-13T09:12:39+00:00\" \/>\n<meta property=\"og:image\" content=\"https:\/\/happyinaknit.com\/wp-content\/uploads\/2025\/10\/latex_20zwart.jpg.webp\" \/>\n\t<meta property=\"og:image:width\" content=\"700\" \/>\n\t<meta property=\"og:image:height\" content=\"700\" \/>\n\t<meta property=\"og:image:type\" content=\"image\/webp\" \/>\n<meta name=\"twitter:card\" content=\"summary_large_image\" \/>\n<meta name=\"twitter:label1\" content=\"Est. reading time\" \/>\n\t<meta name=\"twitter:data1\" content=\"1 minute\" \/>\n<script type=\"application\/ld+json\" class=\"yoast-schema-graph\">{\"@context\":\"https:\/\/schema.org\",\"@graph\":[{\"@type\":\"WebPage\",\"@id\":\"https:\/\/happyinaknit.com\/produktas\/regia-abs-latex-neslystantis-latekso-pienelis-kojinems\/\",\"url\":\"https:\/\/happyinaknit.com\/produktas\/regia-abs-latex-neslystantis-latekso-pienelis-kojinems\/\",\"name\":\"Regia ABS-Latex \u2013 neslystantis latekso pienelis kojin\u0117ms - Happyinaknit.com\",\"isPartOf\":{\"@id\":\"https:\/\/happyinaknit.com\/lt\/#website\"},\"primaryImageOfPage\":{\"@id\":\"https:\/\/happyinaknit.com\/produktas\/regia-abs-latex-neslystantis-latekso-pienelis-kojinems\/#primaryimage\"},\"image\":{\"@id\":\"https:\/\/happyinaknit.com\/produktas\/regia-abs-latex-neslystantis-latekso-pienelis-kojinems\/#primaryimage\"},\"thumbnailUrl\":\"https:\/\/happyinaknit.com\/wp-content\/uploads\/2025\/10\/latex_20zwart.jpg.webp\",\"datePublished\":\"2025-10-16T22:26:59+00:00\",\"dateModified\":\"2025-12-13T09:12:39+00:00\",\"breadcrumb\":{\"@id\":\"https:\/\/happyinaknit.com\/produktas\/regia-abs-latex-neslystantis-latekso-pienelis-kojinems\/#breadcrumb\"},\"inLanguage\":\"en-US\",\"potentialAction\":[{\"@type\":\"ReadAction\",\"target\":[\"https:\/\/happyinaknit.com\/produktas\/regia-abs-latex-neslystantis-latekso-pienelis-kojinems\/\"]}]},{\"@type\":\"ImageObject\",\"inLanguage\":\"en-US\",\"@id\":\"https:\/\/happyinaknit.com\/produktas\/regia-abs-latex-neslystantis-latekso-pienelis-kojinems\/#primaryimage\",\"url\":\"https:\/\/happyinaknit.com\/wp-content\/uploads\/2025\/10\/latex_20zwart.jpg.webp\",\"contentUrl\":\"https:\/\/happyinaknit.com\/wp-content\/uploads\/2025\/10\/latex_20zwart.jpg.webp\",\"width\":700,\"height\":700},{\"@type\":\"BreadcrumbList\",\"@id\":\"https:\/\/happyinaknit.com\/produktas\/regia-abs-latex-neslystantis-latekso-pienelis-kojinems\/#breadcrumb\",\"itemListElement\":[{\"@type\":\"ListItem\",\"position\":1,\"name\":\"Home\",\"item\":\"https:\/\/happyinaknit.com\/lt\/\"},{\"@type\":\"ListItem\",\"position\":2,\"name\":\"Parduotuv\u0117\",\"item\":\"https:\/\/happyinaknit.com\/lt\/parduotuve\/\"},{\"@type\":\"ListItem\",\"position\":3,\"name\":\"Regia ABS-Latex \u2013 neslystantis latekso pienelis kojin\u0117ms\"}]},{\"@type\":\"WebSite\",\"@id\":\"https:\/\/happyinaknit.com\/lt\/#website\",\"url\":\"https:\/\/happyinaknit.com\/lt\/\",\"name\":\"Happyinaknit.com\",\"description\":\"\",\"potentialAction\":[{\"@type\":\"SearchAction\",\"target\":{\"@type\":\"EntryPoint\",\"urlTemplate\":\"https:\/\/happyinaknit.com\/lt\/?s={search_term_string}\"},\"query-input\":{\"@type\":\"PropertyValueSpecification\",\"valueRequired\":true,\"valueName\":\"search_term_string\"}}],\"inLanguage\":\"en-US\"}]}<\/script>\n<!-- \/ Yoast SEO plugin. -->","yoast_head_json":{"title":"Regia ABS-Latex \u2013 neslystantis latekso pienelis kojin\u0117ms - Happyinaknit.com","robots":{"index":"index","follow":"follow","max-snippet":"max-snippet:-1","max-image-preview":"max-image-preview:large","max-video-preview":"max-video-preview:-1"},"canonical":"https:\/\/happyinaknit.com\/en\/product\/regia-abs-latex-neslystantis-latekso-pienelis-kojinems\/","og_locale":"en_US","og_type":"article","og_title":"Regia ABS-Latex \u2013 neslystantis latekso pienelis kojin\u0117ms - Happyinaknit.com","og_description":"Regia ABS-Latex \u2013 tai auk\u0161tos kokyb\u0117s latekso pienelis, suteikiantis neslystant\u012f efekt\u0105 j\u016bs\u0173 megztoms kojin\u0117ms ar nam\u0173 avalynei.Puikus sprendimas tiems, kas m\u0117gsta vaik\u0161\u010dioti namuose su kojin\u0117mis \u2013 ypa\u010d vaikams ar aktyviems suaugusiems, nes apsaugo nuo slydimo ant lygi\u0173 grind\u0173. Be to, \u0161is pienelis apsaugo pado srit\u012f nuo susid\u0117v\u0117jimo, tod\u0117l kojin\u0117s tarnauja ilgiau.Produktas ekonomi\u0161kas, lengvai tepamas ir [&hellip;]","og_url":"https:\/\/happyinaknit.com\/en\/product\/regia-abs-latex-neslystantis-latekso-pienelis-kojinems\/","og_site_name":"Happyinaknit.com","article_modified_time":"2025-12-13T09:12:39+00:00","og_image":[{"width":700,"height":700,"url":"https:\/\/happyinaknit.com\/wp-content\/uploads\/2025\/10\/latex_20zwart.jpg.webp","type":"image\/webp"}],"twitter_card":"summary_large_image","twitter_misc":{"Est. reading time":"1 minute"},"schema":{"@context":"https:\/\/schema.org","@graph":[{"@type":"WebPage","@id":"https:\/\/happyinaknit.com\/produktas\/regia-abs-latex-neslystantis-latekso-pienelis-kojinems\/","url":"https:\/\/happyinaknit.com\/produktas\/regia-abs-latex-neslystantis-latekso-pienelis-kojinems\/","name":"Regia ABS-Latex \u2013 neslystantis latekso pienelis kojin\u0117ms - Happyinaknit.com","isPartOf":{"@id":"https:\/\/happyinaknit.com\/lt\/#website"},"primaryImageOfPage":{"@id":"https:\/\/happyinaknit.com\/produktas\/regia-abs-latex-neslystantis-latekso-pienelis-kojinems\/#primaryimage"},"image":{"@id":"https:\/\/happyinaknit.com\/produktas\/regia-abs-latex-neslystantis-latekso-pienelis-kojinems\/#primaryimage"},"thumbnailUrl":"https:\/\/happyinaknit.com\/wp-content\/uploads\/2025\/10\/latex_20zwart.jpg.webp","datePublished":"2025-10-16T22:26:59+00:00","dateModified":"2025-12-13T09:12:39+00:00","breadcrumb":{"@id":"https:\/\/happyinaknit.com\/produktas\/regia-abs-latex-neslystantis-latekso-pienelis-kojinems\/#breadcrumb"},"inLanguage":"en-US","potentialAction":[{"@type":"ReadAction","target":["https:\/\/happyinaknit.com\/produktas\/regia-abs-latex-neslystantis-latekso-pienelis-kojinems\/"]}]},{"@type":"ImageObject","inLanguage":"en-US","@id":"https:\/\/happyinaknit.com\/produktas\/regia-abs-latex-neslystantis-latekso-pienelis-kojinems\/#primaryimage","url":"https:\/\/happyinaknit.com\/wp-content\/uploads\/2025\/10\/latex_20zwart.jpg.webp","contentUrl":"https:\/\/happyinaknit.com\/wp-content\/uploads\/2025\/10\/latex_20zwart.jpg.webp","width":700,"height":700},{"@type":"BreadcrumbList","@id":"https:\/\/happyinaknit.com\/produktas\/regia-abs-latex-neslystantis-latekso-pienelis-kojinems\/#breadcrumb","itemListElement":[{"@type":"ListItem","position":1,"name":"Home","item":"https:\/\/happyinaknit.com\/lt\/"},{"@type":"ListItem","position":2,"name":"Parduotuv\u0117","item":"https:\/\/happyinaknit.com\/lt\/parduotuve\/"},{"@type":"ListItem","position":3,"name":"Regia ABS-Latex \u2013 neslystantis latekso pienelis kojin\u0117ms"}]},{"@type":"WebSite","@id":"https:\/\/happyinaknit.com\/lt\/#website","url":"https:\/\/happyinaknit.com\/lt\/","name":"Happyinaknit.com","description":"","potentialAction":[{"@type":"SearchAction","target":{"@type":"EntryPoint","urlTemplate":"https:\/\/happyinaknit.com\/lt\/?s={search_term_string}"},"query-input":{"@type":"PropertyValueSpecification","valueRequired":true,"valueName":"search_term_string"}}],"inLanguage":"en-US"}]}},"_links":{"self":[{"href":"https:\/\/happyinaknit.com\/en\/wp-json\/wp\/v2\/product\/5583","targetHints":{"allow":["GET"]}}],"collection":[{"href":"https:\/\/happyinaknit.com\/en\/wp-json\/wp\/v2\/product"}],"about":[{"href":"https:\/\/happyinaknit.com\/en\/wp-json\/wp\/v2\/types\/product"}],"replies":[{"embeddable":true,"href":"https:\/\/happyinaknit.com\/en\/wp-json\/wp\/v2\/comments?post=5583"}],"wp:featuredmedia":[{"embeddable":true,"href":"https:\/\/happyinaknit.com\/en\/wp-json\/wp\/v2\/media\/5587"}],"wp:attachment":[{"href":"https:\/\/happyinaknit.com\/en\/wp-json\/wp\/v2\/media?parent=5583"}],"wp:term":[{"taxonomy":"product_brand","embeddable":true,"href":"https:\/\/happyinaknit.com\/en\/wp-json\/wp\/v2\/product_brand?post=5583"},{"taxonomy":"product_cat","embeddable":true,"href":"https:\/\/happyinaknit.com\/en\/wp-json\/wp\/v2\/product_cat?post=5583"},{"taxonomy":"product_tag","embeddable":true,"href":"https:\/\/happyinaknit.com\/en\/wp-json\/wp\/v2\/product_tag?post=5583"},{"taxonomy":"pro-kategorijos","embeddable":true,"href":"https:\/\/happyinaknit.com\/en\/wp-json\/wp\/v2\/pro-kategorijos?post=5583"}],"curies":[{"name":"wp","href":"https:\/\/api.w.org\/{rel}","templated":true}]}}