{"id":5566,"date":"2025-10-16T21:54:48","date_gmt":"2025-10-16T21:54:48","guid":{"rendered":"https:\/\/happyinaknit.com\/?post_type=product&#038;p=5566"},"modified":"2026-04-16T15:36:22","modified_gmt":"2026-04-16T15:36:22","slug":"sandnes-garn-akiu-laikikliai","status":"publish","type":"product","link":"https:\/\/happyinaknit.com\/en\/product\/sandnes-garn-akiu-laikikliai\/","title":{"rendered":"Sandnes Garn stitch cords"},"content":{"rendered":"<article class=\"text-token-text-primary w-full focus:outline-none [--shadow-height:45px] has-data-writing-block:pointer-events-none has-data-writing-block:-mt-(--shadow-height) has-data-writing-block:pt-(--shadow-height) [&amp;:has([data-writing-block])&gt;*]:pointer-events-auto [content-visibility:auto] supports-[content-visibility:auto]:[contain-intrinsic-size:auto_100lvh] scroll-mt-[calc(var(--header-height)+min(200px,max(70px,20svh)))]\" dir=\"auto\" style=\"font-style: normal; font-variant-caps: normal; font-weight: 400; letter-spacing: normal; orphans: auto; text-align: start; text-indent: 0px; text-transform: none; white-space: normal; widows: auto; word-spacing: 0px; -webkit-text-stroke-width: 0px; text-decoration: none; caret-color: #000000; color: #000000;\" tabindex=\"-1\" data-turn-id=\"b39f3703-3a0a-41fb-8815-480ef29be2bb\" data-testid=\"conversation-turn-622\" data-scroll-anchor=\"true\" data-turn=\"assistant\">\n<div class=\"text-base my-auto mx-auto pb-10 [--thread-content-margin:--spacing(4)] thread-sm:[--thread-content-margin:--spacing(6)] thread-lg:[--thread-content-margin:--spacing(16)] px-(--thread-content-margin)\">\n<div class=\"[--thread-content-max-width:40rem] thread-lg:[--thread-content-max-width:48rem] mx-auto max-w-(--thread-content-max-width) flex-1 group\/turn-messages focus-visible:outline-hidden relative flex w-full min-w-0 flex-col agent-turn\" tabindex=\"-1\">\n<div class=\"flex max-w-full flex-col grow\">\n<div class=\"min-h-8 text-message relative flex w-full flex-col items-end gap-2 text-start break-words whitespace-normal [.text-message+&amp;]:mt-1\" dir=\"auto\" data-message-author-role=\"assistant\" data-message-id=\"b39f3703-3a0a-41fb-8815-480ef29be2bb\" data-message-model-slug=\"gpt-5\">\n<div class=\"flex w-full flex-col gap-1 empty:hidden first:pt-[1px]\">\n<div class=\"markdown prose dark:prose-invert w-full break-words light markdown-new-styling\">\n<p data-start=\"68\" data-end=\"261\">Sandnes Garn aki\u0173 laikikliai \u2013 tai patogus ir prakti\u0161kas \u012frankis mezg\u0117jams, leid\u017eiantis lengvai perkelti akis nuo virbal\u0173, pavyzd\u017eiui, kai reikia atid\u0117ti rankoves ar kitas mezginio dalis.<\/p>\n<p data-start=\"263\" data-end=\"660\">\u0160ie \u0161ni\u016breliai pagaminti i\u0161 mink\u0161to, tu\u0161\u010diavidurio plastiko, tod\u0117l j\u0173 gal\u0105 galima tiesiog u\u017emauti ant virbalo ir perstumti akis tiesiai nuo virbalo ant \u0161ni\u016brelio.<br data-start=\"433\" data-end=\"436\" \/>Kad akys nei\u0161slyst\u0173, tiesiog surai\u0161ykite \u0161ni\u016brelio galus \u012f mazgel\u012f.<br data-start=\"507\" data-end=\"510\" \/>Kai reikia akis gr\u0105\u017einti atgal ant virbalo, tiesiog atlikite veiksm\u0105 atvirk\u0161\u010diai \u2013 u\u017ed\u0117kite virbal\u0105 ant \u0161ni\u016brelio galo ir perkelkite akis atgal.<\/p>\n<p data-start=\"662\" data-end=\"676\"><strong data-start=\"662\" data-end=\"674\">Savyb\u0117s:<\/strong><\/p>\n<ul data-start=\"677\" data-end=\"960\">\n<li data-start=\"677\" data-end=\"698\">\n<p data-start=\"679\" data-end=\"698\">Ilgis: <strong data-start=\"686\" data-end=\"696\">100 cm<\/strong><\/p>\n<\/li>\n<li data-start=\"720\" data-end=\"779\">\n<p data-start=\"722\" data-end=\"779\">Pagaminta i\u0161 mink\u0161to, lankstaus, tu\u0161\u010diavidurio plastiko<\/p>\n<\/li>\n<li><strong data-start=\"782\" data-end=\"837\">Puikiai tinka virbalams, kuri\u0173 storis 2,00\u20134,50 mm (Small &#8211; \u00a0<\/strong>Storis: 2<strong data-start=\"709\" data-end=\"717\"> mm)<\/strong><\/li>\n<li><strong data-start=\"782\" data-end=\"837\">Puikiai tinka virbalams, kuri\u0173 storis 5,00\u201310,00 mm (Medium &#8211; <\/strong>Storis: <strong data-start=\"709\" data-end=\"717\">3 mm)<\/strong><\/li>\n<li data-start=\"840\" data-end=\"880\">\n<p data-start=\"842\" data-end=\"880\">Galima <strong data-start=\"849\" data-end=\"878\">sutrumpinti pagal poreik\u012f<\/strong><\/p>\n<\/li>\n<li data-start=\"881\" data-end=\"960\">\n<p data-start=\"883\" data-end=\"960\">Galima \u012fsigyti <strong data-start=\"898\" data-end=\"911\">po 1 vnt.<\/strong> arba <strong data-start=\"917\" data-end=\"941\">pakuot\u0117je po 12 vnt.<\/strong> (\u012fvairi\u0173 spalv\u0173)<\/p>\n<\/li>\n<\/ul>\n<p data-start=\"962\" data-end=\"1081\">\u0160ni\u016breliai yra spalvoti, lengvai pastebimi ir itin patog\u016bs naudoti tiek pradedantiesiems, tiek patyrusiems mezg\u0117jams.<\/p>\n<p data-start=\"1083\" data-end=\"1124\"><strong data-start=\"1083\" data-end=\"1098\">Gamintojas:<\/strong> Sandnes Garn, Norvegija<\/p>\n<p data-start=\"1126\" data-end=\"1214\" data-is-last-node=\"\" data-is-only-node=\"\"><strong data-start=\"1126\" data-end=\"1138\">Pastaba:<\/strong> spalv\u0173 atspalviai gali \u0161iek tiek skirtis priklausomai nuo \u012frenginio ekrano.<\/p>\n<\/div>\n<\/div>\n<\/div>\n<\/div>\n<\/div>\n<\/div>\n<\/article>\n","protected":false},"excerpt":{"rendered":"<p>Sandnes Garn aki\u0173 laikikliai \u2013 tai patogus ir prakti\u0161kas \u012frankis mezg\u0117jams, leid\u017eiantis lengvai perkelti akis nuo virbal\u0173, pavyzd\u017eiui, kai reikia atid\u0117ti rankoves ar kitas mezginio dalis. \u0160ie \u0161ni\u016breliai pagaminti i\u0161 mink\u0161to, tu\u0161\u010diavidurio plastiko, tod\u0117l j\u0173 gal\u0105 galima tiesiog u\u017emauti ant virbalo ir perstumti akis tiesiai nuo virbalo ant \u0161ni\u016brelio.Kad akys nei\u0161slyst\u0173, tiesiog surai\u0161ykite \u0161ni\u016brelio galus [&hellip;]<\/p>\n","protected":false},"featured_media":5569,"comment_status":"open","ping_status":"closed","template":"","meta":{"_acf_changed":false},"product_brand":[1075],"product_cat":[15,1350,20],"product_tag":[],"pro-kategorijos":[],"class_list":{"0":"post-5566","1":"product","2":"type-product","3":"status-publish","4":"has-post-thumbnail","6":"product_brand-sandnes-garn","7":"product_cat-visi-produktai","8":"product_cat-laikikliai","9":"product_cat-priedai-mezgimui","11":"first","12":"instock","13":"shipping-taxable","14":"purchasable","15":"product-type-variable"},"acf":[],"yoast_head":"<!-- This site is optimized with the Yoast SEO plugin v26.8 - https:\/\/yoast.com\/product\/yoast-seo-wordpress\/ -->\n<title>Sandnes Garn aki\u0173 laikikliai - Happyinaknit.com<\/title>\n<meta name=\"robots\" content=\"index, follow, max-snippet:-1, max-image-preview:large, max-video-preview:-1\" \/>\n<link rel=\"canonical\" href=\"https:\/\/happyinaknit.com\/en\/product\/sandnes-garn-akiu-laikikliai\/\" \/>\n<meta property=\"og:locale\" content=\"en_US\" \/>\n<meta property=\"og:type\" content=\"article\" \/>\n<meta property=\"og:title\" content=\"Sandnes Garn aki\u0173 laikikliai - Happyinaknit.com\" \/>\n<meta property=\"og:description\" content=\"Sandnes Garn aki\u0173 laikikliai \u2013 tai patogus ir prakti\u0161kas \u012frankis mezg\u0117jams, leid\u017eiantis lengvai perkelti akis nuo virbal\u0173, pavyzd\u017eiui, kai reikia atid\u0117ti rankoves ar kitas mezginio dalis. \u0160ie \u0161ni\u016breliai pagaminti i\u0161 mink\u0161to, tu\u0161\u010diavidurio plastiko, tod\u0117l j\u0173 gal\u0105 galima tiesiog u\u017emauti ant virbalo ir perstumti akis tiesiai nuo virbalo ant \u0161ni\u016brelio.Kad akys nei\u0161slyst\u0173, tiesiog surai\u0161ykite \u0161ni\u016brelio galus [&hellip;]\" \/>\n<meta property=\"og:url\" content=\"https:\/\/happyinaknit.com\/en\/product\/sandnes-garn-akiu-laikikliai\/\" \/>\n<meta property=\"og:site_name\" content=\"Happyinaknit.com\" \/>\n<meta property=\"article:modified_time\" content=\"2026-04-16T15:36:22+00:00\" \/>\n<meta property=\"og:image\" content=\"https:\/\/happyinaknit.com\/wp-content\/uploads\/2025\/10\/cordons-souples-fins-737439.jpg.webp\" \/>\n\t<meta property=\"og:image:width\" content=\"1025\" \/>\n\t<meta property=\"og:image:height\" content=\"895\" \/>\n\t<meta property=\"og:image:type\" content=\"image\/webp\" \/>\n<meta name=\"twitter:card\" content=\"summary_large_image\" \/>\n<meta name=\"twitter:label1\" content=\"Est. reading time\" \/>\n\t<meta name=\"twitter:data1\" content=\"1 minute\" \/>\n<script type=\"application\/ld+json\" class=\"yoast-schema-graph\">{\"@context\":\"https:\/\/schema.org\",\"@graph\":[{\"@type\":\"WebPage\",\"@id\":\"https:\/\/happyinaknit.com\/produktas\/sandnes-garn-akiu-laikikliai\/\",\"url\":\"https:\/\/happyinaknit.com\/produktas\/sandnes-garn-akiu-laikikliai\/\",\"name\":\"Sandnes Garn aki\u0173 laikikliai - Happyinaknit.com\",\"isPartOf\":{\"@id\":\"https:\/\/happyinaknit.com\/lt\/#website\"},\"primaryImageOfPage\":{\"@id\":\"https:\/\/happyinaknit.com\/produktas\/sandnes-garn-akiu-laikikliai\/#primaryimage\"},\"image\":{\"@id\":\"https:\/\/happyinaknit.com\/produktas\/sandnes-garn-akiu-laikikliai\/#primaryimage\"},\"thumbnailUrl\":\"https:\/\/happyinaknit.com\/wp-content\/uploads\/2025\/10\/cordons-souples-fins-737439.jpg.webp\",\"datePublished\":\"2025-10-16T21:54:48+00:00\",\"dateModified\":\"2026-04-16T15:36:22+00:00\",\"breadcrumb\":{\"@id\":\"https:\/\/happyinaknit.com\/produktas\/sandnes-garn-akiu-laikikliai\/#breadcrumb\"},\"inLanguage\":\"en-US\",\"potentialAction\":[{\"@type\":\"ReadAction\",\"target\":[\"https:\/\/happyinaknit.com\/produktas\/sandnes-garn-akiu-laikikliai\/\"]}]},{\"@type\":\"ImageObject\",\"inLanguage\":\"en-US\",\"@id\":\"https:\/\/happyinaknit.com\/produktas\/sandnes-garn-akiu-laikikliai\/#primaryimage\",\"url\":\"https:\/\/happyinaknit.com\/wp-content\/uploads\/2025\/10\/cordons-souples-fins-737439.jpg.webp\",\"contentUrl\":\"https:\/\/happyinaknit.com\/wp-content\/uploads\/2025\/10\/cordons-souples-fins-737439.jpg.webp\",\"width\":1025,\"height\":895},{\"@type\":\"BreadcrumbList\",\"@id\":\"https:\/\/happyinaknit.com\/produktas\/sandnes-garn-akiu-laikikliai\/#breadcrumb\",\"itemListElement\":[{\"@type\":\"ListItem\",\"position\":1,\"name\":\"Home\",\"item\":\"https:\/\/happyinaknit.com\/lt\/\"},{\"@type\":\"ListItem\",\"position\":2,\"name\":\"Parduotuv\u0117\",\"item\":\"https:\/\/happyinaknit.com\/lt\/parduotuve\/\"},{\"@type\":\"ListItem\",\"position\":3,\"name\":\"Sandnes Garn aki\u0173 laikikliai\"}]},{\"@type\":\"WebSite\",\"@id\":\"https:\/\/happyinaknit.com\/lt\/#website\",\"url\":\"https:\/\/happyinaknit.com\/lt\/\",\"name\":\"Happyinaknit.com\",\"description\":\"\",\"potentialAction\":[{\"@type\":\"SearchAction\",\"target\":{\"@type\":\"EntryPoint\",\"urlTemplate\":\"https:\/\/happyinaknit.com\/lt\/?s={search_term_string}\"},\"query-input\":{\"@type\":\"PropertyValueSpecification\",\"valueRequired\":true,\"valueName\":\"search_term_string\"}}],\"inLanguage\":\"en-US\"}]}<\/script>\n<!-- \/ Yoast SEO plugin. -->","yoast_head_json":{"title":"Sandnes Garn aki\u0173 laikikliai - Happyinaknit.com","robots":{"index":"index","follow":"follow","max-snippet":"max-snippet:-1","max-image-preview":"max-image-preview:large","max-video-preview":"max-video-preview:-1"},"canonical":"https:\/\/happyinaknit.com\/en\/product\/sandnes-garn-akiu-laikikliai\/","og_locale":"en_US","og_type":"article","og_title":"Sandnes Garn aki\u0173 laikikliai - Happyinaknit.com","og_description":"Sandnes Garn aki\u0173 laikikliai \u2013 tai patogus ir prakti\u0161kas \u012frankis mezg\u0117jams, leid\u017eiantis lengvai perkelti akis nuo virbal\u0173, pavyzd\u017eiui, kai reikia atid\u0117ti rankoves ar kitas mezginio dalis. \u0160ie \u0161ni\u016breliai pagaminti i\u0161 mink\u0161to, tu\u0161\u010diavidurio plastiko, tod\u0117l j\u0173 gal\u0105 galima tiesiog u\u017emauti ant virbalo ir perstumti akis tiesiai nuo virbalo ant \u0161ni\u016brelio.Kad akys nei\u0161slyst\u0173, tiesiog surai\u0161ykite \u0161ni\u016brelio galus [&hellip;]","og_url":"https:\/\/happyinaknit.com\/en\/product\/sandnes-garn-akiu-laikikliai\/","og_site_name":"Happyinaknit.com","article_modified_time":"2026-04-16T15:36:22+00:00","og_image":[{"width":1025,"height":895,"url":"https:\/\/happyinaknit.com\/wp-content\/uploads\/2025\/10\/cordons-souples-fins-737439.jpg.webp","type":"image\/webp"}],"twitter_card":"summary_large_image","twitter_misc":{"Est. reading time":"1 minute"},"schema":{"@context":"https:\/\/schema.org","@graph":[{"@type":"WebPage","@id":"https:\/\/happyinaknit.com\/produktas\/sandnes-garn-akiu-laikikliai\/","url":"https:\/\/happyinaknit.com\/produktas\/sandnes-garn-akiu-laikikliai\/","name":"Sandnes Garn aki\u0173 laikikliai - Happyinaknit.com","isPartOf":{"@id":"https:\/\/happyinaknit.com\/lt\/#website"},"primaryImageOfPage":{"@id":"https:\/\/happyinaknit.com\/produktas\/sandnes-garn-akiu-laikikliai\/#primaryimage"},"image":{"@id":"https:\/\/happyinaknit.com\/produktas\/sandnes-garn-akiu-laikikliai\/#primaryimage"},"thumbnailUrl":"https:\/\/happyinaknit.com\/wp-content\/uploads\/2025\/10\/cordons-souples-fins-737439.jpg.webp","datePublished":"2025-10-16T21:54:48+00:00","dateModified":"2026-04-16T15:36:22+00:00","breadcrumb":{"@id":"https:\/\/happyinaknit.com\/produktas\/sandnes-garn-akiu-laikikliai\/#breadcrumb"},"inLanguage":"en-US","potentialAction":[{"@type":"ReadAction","target":["https:\/\/happyinaknit.com\/produktas\/sandnes-garn-akiu-laikikliai\/"]}]},{"@type":"ImageObject","inLanguage":"en-US","@id":"https:\/\/happyinaknit.com\/produktas\/sandnes-garn-akiu-laikikliai\/#primaryimage","url":"https:\/\/happyinaknit.com\/wp-content\/uploads\/2025\/10\/cordons-souples-fins-737439.jpg.webp","contentUrl":"https:\/\/happyinaknit.com\/wp-content\/uploads\/2025\/10\/cordons-souples-fins-737439.jpg.webp","width":1025,"height":895},{"@type":"BreadcrumbList","@id":"https:\/\/happyinaknit.com\/produktas\/sandnes-garn-akiu-laikikliai\/#breadcrumb","itemListElement":[{"@type":"ListItem","position":1,"name":"Home","item":"https:\/\/happyinaknit.com\/lt\/"},{"@type":"ListItem","position":2,"name":"Parduotuv\u0117","item":"https:\/\/happyinaknit.com\/lt\/parduotuve\/"},{"@type":"ListItem","position":3,"name":"Sandnes Garn aki\u0173 laikikliai"}]},{"@type":"WebSite","@id":"https:\/\/happyinaknit.com\/lt\/#website","url":"https:\/\/happyinaknit.com\/lt\/","name":"Happyinaknit.com","description":"","potentialAction":[{"@type":"SearchAction","target":{"@type":"EntryPoint","urlTemplate":"https:\/\/happyinaknit.com\/lt\/?s={search_term_string}"},"query-input":{"@type":"PropertyValueSpecification","valueRequired":true,"valueName":"search_term_string"}}],"inLanguage":"en-US"}]}},"_links":{"self":[{"href":"https:\/\/happyinaknit.com\/en\/wp-json\/wp\/v2\/product\/5566","targetHints":{"allow":["GET"]}}],"collection":[{"href":"https:\/\/happyinaknit.com\/en\/wp-json\/wp\/v2\/product"}],"about":[{"href":"https:\/\/happyinaknit.com\/en\/wp-json\/wp\/v2\/types\/product"}],"replies":[{"embeddable":true,"href":"https:\/\/happyinaknit.com\/en\/wp-json\/wp\/v2\/comments?post=5566"}],"wp:featuredmedia":[{"embeddable":true,"href":"https:\/\/happyinaknit.com\/en\/wp-json\/wp\/v2\/media\/5569"}],"wp:attachment":[{"href":"https:\/\/happyinaknit.com\/en\/wp-json\/wp\/v2\/media?parent=5566"}],"wp:term":[{"taxonomy":"product_brand","embeddable":true,"href":"https:\/\/happyinaknit.com\/en\/wp-json\/wp\/v2\/product_brand?post=5566"},{"taxonomy":"product_cat","embeddable":true,"href":"https:\/\/happyinaknit.com\/en\/wp-json\/wp\/v2\/product_cat?post=5566"},{"taxonomy":"product_tag","embeddable":true,"href":"https:\/\/happyinaknit.com\/en\/wp-json\/wp\/v2\/product_tag?post=5566"},{"taxonomy":"pro-kategorijos","embeddable":true,"href":"https:\/\/happyinaknit.com\/en\/wp-json\/wp\/v2\/pro-kategorijos?post=5566"}],"curies":[{"name":"wp","href":"https:\/\/api.w.org\/{rel}","templated":true}]}}