{"id":5556,"date":"2025-10-16T21:24:35","date_gmt":"2025-10-16T21:24:35","guid":{"rendered":"https:\/\/happyinaknit.com\/?post_type=product&#038;p=5556"},"modified":"2025-12-06T13:53:56","modified_gmt":"2025-12-06T13:53:56","slug":"addi-medinis-liniuotes-matuoklis-addicalibro","status":"publish","type":"product","link":"https:\/\/happyinaknit.com\/en\/product\/addi-medinis-liniuotes-matuoklis-addicalibro\/","title":{"rendered":"Addi wooden ruler-gauge AddiCalibro"},"content":{"rendered":"<p data-start=\"54\" data-end=\"282\"><strong data-start=\"54\" data-end=\"70\">Addi Calibro<\/strong> \u2013 is a natural wood ruler-gauge that combines <strong data-start=\"130\" data-end=\"173\">environmental friendliness, accuracy and functionality<\/strong>This tool allows you to quickly and conveniently determine the size of knitting needles or hooks and check the knitting density.<\/p>\n<p data-start=\"284\" data-end=\"491\">In addition to the usual <strong data-start=\"298\" data-end=\"317\">circular knitting needles<\/strong> measuring holes, the meter also has <strong data-start=\"357\" data-end=\"394\">compartments for square knitting needles<\/strong> (<em data-start=\"396\" data-end=\"408\">Addi Novel<\/em>) and <strong data-start=\"413\" data-end=\"431\">Addi for the ducks<\/strong>, making it a universal helper for any knitter.<\/p>\n<p data-start=\"493\" data-end=\"656\">Integrated <strong data-start=\"504\" data-end=\"516\">ruler<\/strong> allows you to measure knits or samples while working. Natural wood gives this tool a pleasant feel and sustainable durability.<\/p>\n<p data-start=\"658\" data-end=\"672\"><strong data-start=\"658\" data-end=\"670\">Features:<\/strong><\/p>\n<ul data-start=\"673\" data-end=\"860\">\n<li data-start=\"673\" data-end=\"710\">\n<p data-start=\"675\" data-end=\"710\">Made of natural wood<\/p>\n<\/li>\n<li data-start=\"711\" data-end=\"768\">\n<p data-start=\"713\" data-end=\"768\">Suitable for round, square and hook needles<\/p>\n<\/li>\n<li data-start=\"769\" data-end=\"791\">\n<p data-start=\"771\" data-end=\"791\">Built-in ruler<\/p>\n<\/li>\n<li data-start=\"792\" data-end=\"822\">\n<p data-start=\"794\" data-end=\"822\">Easy and convenient to use<\/p>\n<\/li>\n<li data-start=\"823\" data-end=\"860\">\n<p data-start=\"825\" data-end=\"860\">Strong, eco-friendly and durable<\/p>\n<\/li>\n<\/ul>\n<p data-start=\"862\" data-end=\"895\"><strong data-start=\"862\" data-end=\"877\">Manufacturer:<\/strong> Addi, Germany<\/p>\n<p data-start=\"897\" data-end=\"985\" data-is-last-node=\"\" data-is-only-node=\"\"><strong data-start=\"897\" data-end=\"909\">Note:<\/strong> Color shades may vary slightly depending on your device&#039;s screen.<\/p>","protected":false},"excerpt":{"rendered":"<p>Addi Calibro \u2013 tai nat\u016bralios medienos liniuot\u0117\u2013matuoklis, sujungiantis ekologi\u0161kum\u0105, tikslum\u0105 ir funkcionalum\u0105. \u0160is \u012frankis leid\u017eia greitai ir patogiai nustatyti virbal\u0173 ar v\u0105\u0161eli\u0173 dyd\u012f bei patikrinti mezgimo tankum\u0105. Be \u012fprastini\u0173 apvali\u0173 virbal\u0173 matavimo ang\u0173, matuoklyje taip pat yra skyreliai kvadratiniams virbalams (Addi Novel) ir v\u0105\u0161eliams Addi, tod\u0117l tai universalus pagalbininkas bet kuriam mezg\u0117jui. Integruota liniuot\u0117 leid\u017eia [&hellip;]<\/p>\n","protected":false},"featured_media":5548,"comment_status":"open","ping_status":"closed","template":"","meta":{"_acf_changed":false},"product_brand":[786],"product_cat":[15,92,20],"product_tag":[],"pro-kategorijos":[],"class_list":{"0":"post-5556","1":"product","2":"type-product","3":"status-publish","4":"has-post-thumbnail","6":"product_brand-addi","7":"product_cat-visi-produktai","8":"product_cat-matavimo-priemones","9":"product_cat-priedai-mezgimui","11":"first","12":"instock","13":"shipping-taxable","14":"purchasable","15":"product-type-simple"},"acf":[],"yoast_head":"<!-- This site is optimized with the Yoast SEO plugin v26.8 - https:\/\/yoast.com\/product\/yoast-seo-wordpress\/ -->\n<title>Addi medinis liniuot\u0117s\u2013matuoklis AddiCalibro - Happyinaknit.com<\/title>\n<meta name=\"robots\" content=\"index, follow, max-snippet:-1, max-image-preview:large, max-video-preview:-1\" \/>\n<link rel=\"canonical\" href=\"https:\/\/happyinaknit.com\/en\/product\/addi-medinis-liniuotes-matuoklis-addicalibro\/\" \/>\n<meta property=\"og:locale\" content=\"en_US\" \/>\n<meta property=\"og:type\" content=\"article\" \/>\n<meta property=\"og:title\" content=\"Addi medinis liniuot\u0117s\u2013matuoklis AddiCalibro - Happyinaknit.com\" \/>\n<meta property=\"og:description\" content=\"Addi Calibro \u2013 tai nat\u016bralios medienos liniuot\u0117\u2013matuoklis, sujungiantis ekologi\u0161kum\u0105, tikslum\u0105 ir funkcionalum\u0105. \u0160is \u012frankis leid\u017eia greitai ir patogiai nustatyti virbal\u0173 ar v\u0105\u0161eli\u0173 dyd\u012f bei patikrinti mezgimo tankum\u0105. Be \u012fprastini\u0173 apvali\u0173 virbal\u0173 matavimo ang\u0173, matuoklyje taip pat yra skyreliai kvadratiniams virbalams (Addi Novel) ir v\u0105\u0161eliams Addi, tod\u0117l tai universalus pagalbininkas bet kuriam mezg\u0117jui. Integruota liniuot\u0117 leid\u017eia [&hellip;]\" \/>\n<meta property=\"og:url\" content=\"https:\/\/happyinaknit.com\/en\/product\/addi-medinis-liniuotes-matuoklis-addicalibro\/\" \/>\n<meta property=\"og:site_name\" content=\"Happyinaknit.com\" \/>\n<meta property=\"article:modified_time\" content=\"2025-12-06T13:53:56+00:00\" \/>\n<meta property=\"og:image\" content=\"https:\/\/happyinaknit.com\/wp-content\/uploads\/2025\/10\/ad5352-1-625x794_0.jpg\" \/>\n\t<meta property=\"og:image:width\" content=\"625\" \/>\n\t<meta property=\"og:image:height\" content=\"794\" \/>\n\t<meta property=\"og:image:type\" content=\"image\/jpeg\" \/>\n<meta name=\"twitter:card\" content=\"summary_large_image\" \/>\n<meta name=\"twitter:label1\" content=\"Est. reading time\" \/>\n\t<meta name=\"twitter:data1\" content=\"1 minute\" \/>\n<script type=\"application\/ld+json\" class=\"yoast-schema-graph\">{\"@context\":\"https:\/\/schema.org\",\"@graph\":[{\"@type\":\"WebPage\",\"@id\":\"https:\/\/happyinaknit.com\/produktas\/addi-medinis-liniuotes-matuoklis-addicalibro\/\",\"url\":\"https:\/\/happyinaknit.com\/produktas\/addi-medinis-liniuotes-matuoklis-addicalibro\/\",\"name\":\"Addi medinis liniuot\u0117s\u2013matuoklis AddiCalibro - Happyinaknit.com\",\"isPartOf\":{\"@id\":\"https:\/\/happyinaknit.com\/lt\/#website\"},\"primaryImageOfPage\":{\"@id\":\"https:\/\/happyinaknit.com\/produktas\/addi-medinis-liniuotes-matuoklis-addicalibro\/#primaryimage\"},\"image\":{\"@id\":\"https:\/\/happyinaknit.com\/produktas\/addi-medinis-liniuotes-matuoklis-addicalibro\/#primaryimage\"},\"thumbnailUrl\":\"https:\/\/happyinaknit.com\/wp-content\/uploads\/2025\/10\/ad5352-1-625x794_0.jpg\",\"datePublished\":\"2025-10-16T21:24:35+00:00\",\"dateModified\":\"2025-12-06T13:53:56+00:00\",\"breadcrumb\":{\"@id\":\"https:\/\/happyinaknit.com\/produktas\/addi-medinis-liniuotes-matuoklis-addicalibro\/#breadcrumb\"},\"inLanguage\":\"en-US\",\"potentialAction\":[{\"@type\":\"ReadAction\",\"target\":[\"https:\/\/happyinaknit.com\/produktas\/addi-medinis-liniuotes-matuoklis-addicalibro\/\"]}]},{\"@type\":\"ImageObject\",\"inLanguage\":\"en-US\",\"@id\":\"https:\/\/happyinaknit.com\/produktas\/addi-medinis-liniuotes-matuoklis-addicalibro\/#primaryimage\",\"url\":\"https:\/\/happyinaknit.com\/wp-content\/uploads\/2025\/10\/ad5352-1-625x794_0.jpg\",\"contentUrl\":\"https:\/\/happyinaknit.com\/wp-content\/uploads\/2025\/10\/ad5352-1-625x794_0.jpg\",\"width\":625,\"height\":794},{\"@type\":\"BreadcrumbList\",\"@id\":\"https:\/\/happyinaknit.com\/produktas\/addi-medinis-liniuotes-matuoklis-addicalibro\/#breadcrumb\",\"itemListElement\":[{\"@type\":\"ListItem\",\"position\":1,\"name\":\"Home\",\"item\":\"https:\/\/happyinaknit.com\/lt\/\"},{\"@type\":\"ListItem\",\"position\":2,\"name\":\"Parduotuv\u0117\",\"item\":\"https:\/\/happyinaknit.com\/lt\/parduotuve\/\"},{\"@type\":\"ListItem\",\"position\":3,\"name\":\"Addi medinis liniuot\u0117s\u2013matuoklis AddiCalibro\"}]},{\"@type\":\"WebSite\",\"@id\":\"https:\/\/happyinaknit.com\/lt\/#website\",\"url\":\"https:\/\/happyinaknit.com\/lt\/\",\"name\":\"Happyinaknit.com\",\"description\":\"\",\"potentialAction\":[{\"@type\":\"SearchAction\",\"target\":{\"@type\":\"EntryPoint\",\"urlTemplate\":\"https:\/\/happyinaknit.com\/lt\/?s={search_term_string}\"},\"query-input\":{\"@type\":\"PropertyValueSpecification\",\"valueRequired\":true,\"valueName\":\"search_term_string\"}}],\"inLanguage\":\"en-US\"}]}<\/script>\n<!-- \/ Yoast SEO plugin. -->","yoast_head_json":{"title":"Addi medinis liniuot\u0117s\u2013matuoklis AddiCalibro - Happyinaknit.com","robots":{"index":"index","follow":"follow","max-snippet":"max-snippet:-1","max-image-preview":"max-image-preview:large","max-video-preview":"max-video-preview:-1"},"canonical":"https:\/\/happyinaknit.com\/en\/product\/addi-medinis-liniuotes-matuoklis-addicalibro\/","og_locale":"en_US","og_type":"article","og_title":"Addi medinis liniuot\u0117s\u2013matuoklis AddiCalibro - Happyinaknit.com","og_description":"Addi Calibro \u2013 tai nat\u016bralios medienos liniuot\u0117\u2013matuoklis, sujungiantis ekologi\u0161kum\u0105, tikslum\u0105 ir funkcionalum\u0105. \u0160is \u012frankis leid\u017eia greitai ir patogiai nustatyti virbal\u0173 ar v\u0105\u0161eli\u0173 dyd\u012f bei patikrinti mezgimo tankum\u0105. Be \u012fprastini\u0173 apvali\u0173 virbal\u0173 matavimo ang\u0173, matuoklyje taip pat yra skyreliai kvadratiniams virbalams (Addi Novel) ir v\u0105\u0161eliams Addi, tod\u0117l tai universalus pagalbininkas bet kuriam mezg\u0117jui. Integruota liniuot\u0117 leid\u017eia [&hellip;]","og_url":"https:\/\/happyinaknit.com\/en\/product\/addi-medinis-liniuotes-matuoklis-addicalibro\/","og_site_name":"Happyinaknit.com","article_modified_time":"2025-12-06T13:53:56+00:00","og_image":[{"width":625,"height":794,"url":"https:\/\/happyinaknit.com\/wp-content\/uploads\/2025\/10\/ad5352-1-625x794_0.jpg","type":"image\/jpeg"}],"twitter_card":"summary_large_image","twitter_misc":{"Est. reading time":"1 minute"},"schema":{"@context":"https:\/\/schema.org","@graph":[{"@type":"WebPage","@id":"https:\/\/happyinaknit.com\/produktas\/addi-medinis-liniuotes-matuoklis-addicalibro\/","url":"https:\/\/happyinaknit.com\/produktas\/addi-medinis-liniuotes-matuoklis-addicalibro\/","name":"Addi medinis liniuot\u0117s\u2013matuoklis AddiCalibro - Happyinaknit.com","isPartOf":{"@id":"https:\/\/happyinaknit.com\/lt\/#website"},"primaryImageOfPage":{"@id":"https:\/\/happyinaknit.com\/produktas\/addi-medinis-liniuotes-matuoklis-addicalibro\/#primaryimage"},"image":{"@id":"https:\/\/happyinaknit.com\/produktas\/addi-medinis-liniuotes-matuoklis-addicalibro\/#primaryimage"},"thumbnailUrl":"https:\/\/happyinaknit.com\/wp-content\/uploads\/2025\/10\/ad5352-1-625x794_0.jpg","datePublished":"2025-10-16T21:24:35+00:00","dateModified":"2025-12-06T13:53:56+00:00","breadcrumb":{"@id":"https:\/\/happyinaknit.com\/produktas\/addi-medinis-liniuotes-matuoklis-addicalibro\/#breadcrumb"},"inLanguage":"en-US","potentialAction":[{"@type":"ReadAction","target":["https:\/\/happyinaknit.com\/produktas\/addi-medinis-liniuotes-matuoklis-addicalibro\/"]}]},{"@type":"ImageObject","inLanguage":"en-US","@id":"https:\/\/happyinaknit.com\/produktas\/addi-medinis-liniuotes-matuoklis-addicalibro\/#primaryimage","url":"https:\/\/happyinaknit.com\/wp-content\/uploads\/2025\/10\/ad5352-1-625x794_0.jpg","contentUrl":"https:\/\/happyinaknit.com\/wp-content\/uploads\/2025\/10\/ad5352-1-625x794_0.jpg","width":625,"height":794},{"@type":"BreadcrumbList","@id":"https:\/\/happyinaknit.com\/produktas\/addi-medinis-liniuotes-matuoklis-addicalibro\/#breadcrumb","itemListElement":[{"@type":"ListItem","position":1,"name":"Home","item":"https:\/\/happyinaknit.com\/lt\/"},{"@type":"ListItem","position":2,"name":"Parduotuv\u0117","item":"https:\/\/happyinaknit.com\/lt\/parduotuve\/"},{"@type":"ListItem","position":3,"name":"Addi medinis liniuot\u0117s\u2013matuoklis AddiCalibro"}]},{"@type":"WebSite","@id":"https:\/\/happyinaknit.com\/lt\/#website","url":"https:\/\/happyinaknit.com\/lt\/","name":"Happyinaknit.com","description":"","potentialAction":[{"@type":"SearchAction","target":{"@type":"EntryPoint","urlTemplate":"https:\/\/happyinaknit.com\/lt\/?s={search_term_string}"},"query-input":{"@type":"PropertyValueSpecification","valueRequired":true,"valueName":"search_term_string"}}],"inLanguage":"en-US"}]}},"_links":{"self":[{"href":"https:\/\/happyinaknit.com\/en\/wp-json\/wp\/v2\/product\/5556","targetHints":{"allow":["GET"]}}],"collection":[{"href":"https:\/\/happyinaknit.com\/en\/wp-json\/wp\/v2\/product"}],"about":[{"href":"https:\/\/happyinaknit.com\/en\/wp-json\/wp\/v2\/types\/product"}],"replies":[{"embeddable":true,"href":"https:\/\/happyinaknit.com\/en\/wp-json\/wp\/v2\/comments?post=5556"}],"wp:featuredmedia":[{"embeddable":true,"href":"https:\/\/happyinaknit.com\/en\/wp-json\/wp\/v2\/media\/5548"}],"wp:attachment":[{"href":"https:\/\/happyinaknit.com\/en\/wp-json\/wp\/v2\/media?parent=5556"}],"wp:term":[{"taxonomy":"product_brand","embeddable":true,"href":"https:\/\/happyinaknit.com\/en\/wp-json\/wp\/v2\/product_brand?post=5556"},{"taxonomy":"product_cat","embeddable":true,"href":"https:\/\/happyinaknit.com\/en\/wp-json\/wp\/v2\/product_cat?post=5556"},{"taxonomy":"product_tag","embeddable":true,"href":"https:\/\/happyinaknit.com\/en\/wp-json\/wp\/v2\/product_tag?post=5556"},{"taxonomy":"pro-kategorijos","embeddable":true,"href":"https:\/\/happyinaknit.com\/en\/wp-json\/wp\/v2\/pro-kategorijos?post=5556"}],"curies":[{"name":"wp","href":"https:\/\/api.w.org\/{rel}","templated":true}]}}