{"id":5455,"date":"2025-10-16T09:50:40","date_gmt":"2025-10-16T09:50:40","guid":{"rendered":"https:\/\/happyinaknit.com\/?post_type=product&#038;p=5455"},"modified":"2026-04-06T18:40:40","modified_gmt":"2026-04-06T18:40:40","slug":"adeles-mohair-extra-fine-boucle-kidmohair","status":"publish","type":"product","link":"https:\/\/happyinaknit.com\/en\/product\/adeles-mohair-extra-fine-boucle-kidmohair\/","title":{"rendered":"Adele&#039;s Mohair Extra Fine Boucle KidMohair"},"content":{"rendered":"<p data-start=\"0\" data-end=\"274\"><strong data-start=\"0\" data-end=\"18\">Ad\u00e9le&#039;s Mohair<\/strong> is a meticulously handcrafted South African brand that produces designer knitting yarns, accessories and home textiles. The company was founded in 1983 by Ad\u00e9le, who still runs the production, adhering to the principles of fair trade and sustainable production.<\/p>\n<p data-start=\"276\" data-end=\"571\">Luxurious natural fibers \u2013 mohair (from Angora goats) and merino wool (from sheep) \u2013 are sourced locally, ensuring the highest quality. Current trends in recycling and sustainability have inspired Ad\u00e9le&#039;s Mohair to create new, contemporary products while maintaining respect for nature and traditional craftsmanship.<\/p>\n<p data-start=\"573\" data-end=\"677\" data-is-last-node=\"\" data-is-only-node=\"\">The workshop is located in a picturesque area between the cities of East London and Port Elizabeth, South Africa.<\/p>\n<p data-start=\"52\" data-end=\"395\"><strong data-start=\"52\" data-end=\"98\">Adele&#039;s Mohair Extra Fine Boucle Kidmohair<\/strong> \u2013 these are extremely light, fluffy and luxurious yarns with a looped (boucl\u00e9) structure effect. Made from high-quality kid mohair, they give knitwear softness, warmth and a subtle fluffiness. Perfect for sweaters, scarves, shawls or accessories when you want a light, airy fabric.<\/p>\n<p data-start=\"397\" data-end=\"516\"><strong data-start=\"397\" data-end=\"409\">Composition:<\/strong> 79 % mohair, 21 % acrylic<br data-start=\"436\" data-end=\"439\" \/><strong data-start=\"439\" data-end=\"458\">Weight\/Length:<\/strong> 25g \/ 210m<br data-start=\"471\" data-end=\"474\" \/><strong data-start=\"474\" data-end=\"502\">Recommended needles:<\/strong> 3.75 \u2013 8mm<\/p>\n<p data-start=\"518\" data-end=\"697\"><strong data-start=\"518\" data-end=\"530\">Features:<\/strong> Due to their exceptionally soft and light texture, these yarns are perfect for knitting both alone and in combination with other yarns, giving the knitwear volume and uniqueness.<\/p>\n<p data-start=\"699\" data-end=\"787\"><strong data-start=\"699\" data-end=\"713\">Care:<\/strong><br data-start=\"713\" data-end=\"716\" \/>Hand wash in cold water, dry flat.<\/p>\n<p data-start=\"789\" data-end=\"877\" data-is-last-node=\"\" data-is-only-node=\"\"><strong data-start=\"789\" data-end=\"801\">Note:<\/strong> Color shades may vary slightly depending on your device&#039;s screen.<\/p>","protected":false},"excerpt":{"rendered":"<p>Ad\u00e9le\u2019s Mohair \u2013 tai kruop\u0161taus rank\u0173 darbo piet\u0173 Afrikos prek\u0117s \u017eenklas, gaminantis dizaineri\u0161kus mezgimo si\u016blus, aksesuarus ir nam\u0173 tekstil\u0119. \u012emon\u0119 1983 metais \u012fk\u016br\u0117 Ad\u00e9le, kuri iki \u0161iol vadovauja gamybai, laikydamasi s\u0105\u017einingos prekybos ir tvarios gamybos princip\u0173. Prabang\u016bs nat\u016bral\u016bs pluo\u0161tai \u2013 moheris (i\u0161 angoros o\u017ek\u0173) ir merino vilna (i\u0161 avi\u0173) \u2013 gaunami vietoje, u\u017etikrinant auk\u0161\u010diausi\u0105 kokyb\u0119. [&hellip;]<\/p>\n","protected":false},"featured_media":5443,"comment_status":"open","ping_status":"closed","template":"","meta":{"_acf_changed":false},"product_brand":[97],"product_cat":[15,18],"product_tag":[],"pro-kategorijos":[74,75],"class_list":{"0":"post-5455","1":"product","2":"type-product","3":"status-publish","4":"has-post-thumbnail","6":"product_brand-adeles","7":"product_cat-visi-produktai","8":"product_cat-siulai","9":"pro-kategorijos-moheras","10":"pro-kategorijos-super-kid-mohera","12":"first","13":"instock","14":"shipping-taxable","15":"purchasable","16":"product-type-variable"},"acf":[],"yoast_head":"<!-- This site is optimized with the Yoast SEO plugin v26.8 - https:\/\/yoast.com\/product\/yoast-seo-wordpress\/ -->\n<title>Adele\u2019s Mohair Extra Fine Boucle KidMohair - Happyinaknit.com<\/title>\n<meta name=\"robots\" content=\"index, follow, max-snippet:-1, max-image-preview:large, max-video-preview:-1\" \/>\n<link rel=\"canonical\" href=\"https:\/\/happyinaknit.com\/en\/product\/adeles-mohair-extra-fine-boucle-kidmohair\/\" \/>\n<meta property=\"og:locale\" content=\"en_US\" \/>\n<meta property=\"og:type\" content=\"article\" \/>\n<meta property=\"og:title\" content=\"Adele\u2019s Mohair Extra Fine Boucle KidMohair - Happyinaknit.com\" \/>\n<meta property=\"og:description\" content=\"Ad\u00e9le\u2019s Mohair \u2013 tai kruop\u0161taus rank\u0173 darbo piet\u0173 Afrikos prek\u0117s \u017eenklas, gaminantis dizaineri\u0161kus mezgimo si\u016blus, aksesuarus ir nam\u0173 tekstil\u0119. \u012emon\u0119 1983 metais \u012fk\u016br\u0117 Ad\u00e9le, kuri iki \u0161iol vadovauja gamybai, laikydamasi s\u0105\u017einingos prekybos ir tvarios gamybos princip\u0173. Prabang\u016bs nat\u016bral\u016bs pluo\u0161tai \u2013 moheris (i\u0161 angoros o\u017ek\u0173) ir merino vilna (i\u0161 avi\u0173) \u2013 gaunami vietoje, u\u017etikrinant auk\u0161\u010diausi\u0105 kokyb\u0119. [&hellip;]\" \/>\n<meta property=\"og:url\" content=\"https:\/\/happyinaknit.com\/en\/product\/adeles-mohair-extra-fine-boucle-kidmohair\/\" \/>\n<meta property=\"og:site_name\" content=\"Happyinaknit.com\" \/>\n<meta property=\"article:modified_time\" content=\"2026-04-06T18:40:40+00:00\" \/>\n<meta property=\"og:image\" content=\"https:\/\/happyinaknit.com\/wp-content\/uploads\/2025\/10\/IMG_9906.jpg\" \/>\n\t<meta property=\"og:image:width\" content=\"1313\" \/>\n\t<meta property=\"og:image:height\" content=\"1326\" \/>\n\t<meta property=\"og:image:type\" content=\"image\/jpeg\" \/>\n<meta name=\"twitter:card\" content=\"summary_large_image\" \/>\n<meta name=\"twitter:label1\" content=\"Est. reading time\" \/>\n\t<meta name=\"twitter:data1\" content=\"1 minute\" \/>\n<script type=\"application\/ld+json\" class=\"yoast-schema-graph\">{\"@context\":\"https:\/\/schema.org\",\"@graph\":[{\"@type\":\"WebPage\",\"@id\":\"https:\/\/happyinaknit.com\/produktas\/adeles-mohair-extra-fine-boucle-kidmohair\/\",\"url\":\"https:\/\/happyinaknit.com\/produktas\/adeles-mohair-extra-fine-boucle-kidmohair\/\",\"name\":\"Adele\u2019s Mohair Extra Fine Boucle KidMohair - Happyinaknit.com\",\"isPartOf\":{\"@id\":\"https:\/\/happyinaknit.com\/lt\/#website\"},\"primaryImageOfPage\":{\"@id\":\"https:\/\/happyinaknit.com\/produktas\/adeles-mohair-extra-fine-boucle-kidmohair\/#primaryimage\"},\"image\":{\"@id\":\"https:\/\/happyinaknit.com\/produktas\/adeles-mohair-extra-fine-boucle-kidmohair\/#primaryimage\"},\"thumbnailUrl\":\"https:\/\/happyinaknit.com\/wp-content\/uploads\/2025\/10\/IMG_9906.jpg\",\"datePublished\":\"2025-10-16T09:50:40+00:00\",\"dateModified\":\"2026-04-06T18:40:40+00:00\",\"breadcrumb\":{\"@id\":\"https:\/\/happyinaknit.com\/produktas\/adeles-mohair-extra-fine-boucle-kidmohair\/#breadcrumb\"},\"inLanguage\":\"en-US\",\"potentialAction\":[{\"@type\":\"ReadAction\",\"target\":[\"https:\/\/happyinaknit.com\/produktas\/adeles-mohair-extra-fine-boucle-kidmohair\/\"]}]},{\"@type\":\"ImageObject\",\"inLanguage\":\"en-US\",\"@id\":\"https:\/\/happyinaknit.com\/produktas\/adeles-mohair-extra-fine-boucle-kidmohair\/#primaryimage\",\"url\":\"https:\/\/happyinaknit.com\/wp-content\/uploads\/2025\/10\/IMG_9906.jpg\",\"contentUrl\":\"https:\/\/happyinaknit.com\/wp-content\/uploads\/2025\/10\/IMG_9906.jpg\",\"width\":1313,\"height\":1326},{\"@type\":\"BreadcrumbList\",\"@id\":\"https:\/\/happyinaknit.com\/produktas\/adeles-mohair-extra-fine-boucle-kidmohair\/#breadcrumb\",\"itemListElement\":[{\"@type\":\"ListItem\",\"position\":1,\"name\":\"Home\",\"item\":\"https:\/\/happyinaknit.com\/lt\/\"},{\"@type\":\"ListItem\",\"position\":2,\"name\":\"Parduotuv\u0117\",\"item\":\"https:\/\/happyinaknit.com\/lt\/parduotuve\/\"},{\"@type\":\"ListItem\",\"position\":3,\"name\":\"Adele\u2019s Mohair Extra Fine Boucle KidMohair\"}]},{\"@type\":\"WebSite\",\"@id\":\"https:\/\/happyinaknit.com\/lt\/#website\",\"url\":\"https:\/\/happyinaknit.com\/lt\/\",\"name\":\"Happyinaknit.com\",\"description\":\"\",\"potentialAction\":[{\"@type\":\"SearchAction\",\"target\":{\"@type\":\"EntryPoint\",\"urlTemplate\":\"https:\/\/happyinaknit.com\/lt\/?s={search_term_string}\"},\"query-input\":{\"@type\":\"PropertyValueSpecification\",\"valueRequired\":true,\"valueName\":\"search_term_string\"}}],\"inLanguage\":\"en-US\"}]}<\/script>\n<!-- \/ Yoast SEO plugin. -->","yoast_head_json":{"title":"Adele\u2019s Mohair Extra Fine Boucle KidMohair - Happyinaknit.com","robots":{"index":"index","follow":"follow","max-snippet":"max-snippet:-1","max-image-preview":"max-image-preview:large","max-video-preview":"max-video-preview:-1"},"canonical":"https:\/\/happyinaknit.com\/en\/product\/adeles-mohair-extra-fine-boucle-kidmohair\/","og_locale":"en_US","og_type":"article","og_title":"Adele\u2019s Mohair Extra Fine Boucle KidMohair - Happyinaknit.com","og_description":"Ad\u00e9le\u2019s Mohair \u2013 tai kruop\u0161taus rank\u0173 darbo piet\u0173 Afrikos prek\u0117s \u017eenklas, gaminantis dizaineri\u0161kus mezgimo si\u016blus, aksesuarus ir nam\u0173 tekstil\u0119. \u012emon\u0119 1983 metais \u012fk\u016br\u0117 Ad\u00e9le, kuri iki \u0161iol vadovauja gamybai, laikydamasi s\u0105\u017einingos prekybos ir tvarios gamybos princip\u0173. Prabang\u016bs nat\u016bral\u016bs pluo\u0161tai \u2013 moheris (i\u0161 angoros o\u017ek\u0173) ir merino vilna (i\u0161 avi\u0173) \u2013 gaunami vietoje, u\u017etikrinant auk\u0161\u010diausi\u0105 kokyb\u0119. [&hellip;]","og_url":"https:\/\/happyinaknit.com\/en\/product\/adeles-mohair-extra-fine-boucle-kidmohair\/","og_site_name":"Happyinaknit.com","article_modified_time":"2026-04-06T18:40:40+00:00","og_image":[{"width":1313,"height":1326,"url":"https:\/\/happyinaknit.com\/wp-content\/uploads\/2025\/10\/IMG_9906.jpg","type":"image\/jpeg"}],"twitter_card":"summary_large_image","twitter_misc":{"Est. reading time":"1 minute"},"schema":{"@context":"https:\/\/schema.org","@graph":[{"@type":"WebPage","@id":"https:\/\/happyinaknit.com\/produktas\/adeles-mohair-extra-fine-boucle-kidmohair\/","url":"https:\/\/happyinaknit.com\/produktas\/adeles-mohair-extra-fine-boucle-kidmohair\/","name":"Adele\u2019s Mohair Extra Fine Boucle KidMohair - Happyinaknit.com","isPartOf":{"@id":"https:\/\/happyinaknit.com\/lt\/#website"},"primaryImageOfPage":{"@id":"https:\/\/happyinaknit.com\/produktas\/adeles-mohair-extra-fine-boucle-kidmohair\/#primaryimage"},"image":{"@id":"https:\/\/happyinaknit.com\/produktas\/adeles-mohair-extra-fine-boucle-kidmohair\/#primaryimage"},"thumbnailUrl":"https:\/\/happyinaknit.com\/wp-content\/uploads\/2025\/10\/IMG_9906.jpg","datePublished":"2025-10-16T09:50:40+00:00","dateModified":"2026-04-06T18:40:40+00:00","breadcrumb":{"@id":"https:\/\/happyinaknit.com\/produktas\/adeles-mohair-extra-fine-boucle-kidmohair\/#breadcrumb"},"inLanguage":"en-US","potentialAction":[{"@type":"ReadAction","target":["https:\/\/happyinaknit.com\/produktas\/adeles-mohair-extra-fine-boucle-kidmohair\/"]}]},{"@type":"ImageObject","inLanguage":"en-US","@id":"https:\/\/happyinaknit.com\/produktas\/adeles-mohair-extra-fine-boucle-kidmohair\/#primaryimage","url":"https:\/\/happyinaknit.com\/wp-content\/uploads\/2025\/10\/IMG_9906.jpg","contentUrl":"https:\/\/happyinaknit.com\/wp-content\/uploads\/2025\/10\/IMG_9906.jpg","width":1313,"height":1326},{"@type":"BreadcrumbList","@id":"https:\/\/happyinaknit.com\/produktas\/adeles-mohair-extra-fine-boucle-kidmohair\/#breadcrumb","itemListElement":[{"@type":"ListItem","position":1,"name":"Home","item":"https:\/\/happyinaknit.com\/lt\/"},{"@type":"ListItem","position":2,"name":"Parduotuv\u0117","item":"https:\/\/happyinaknit.com\/lt\/parduotuve\/"},{"@type":"ListItem","position":3,"name":"Adele\u2019s Mohair Extra Fine Boucle KidMohair"}]},{"@type":"WebSite","@id":"https:\/\/happyinaknit.com\/lt\/#website","url":"https:\/\/happyinaknit.com\/lt\/","name":"Happyinaknit.com","description":"","potentialAction":[{"@type":"SearchAction","target":{"@type":"EntryPoint","urlTemplate":"https:\/\/happyinaknit.com\/lt\/?s={search_term_string}"},"query-input":{"@type":"PropertyValueSpecification","valueRequired":true,"valueName":"search_term_string"}}],"inLanguage":"en-US"}]}},"_links":{"self":[{"href":"https:\/\/happyinaknit.com\/en\/wp-json\/wp\/v2\/product\/5455","targetHints":{"allow":["GET"]}}],"collection":[{"href":"https:\/\/happyinaknit.com\/en\/wp-json\/wp\/v2\/product"}],"about":[{"href":"https:\/\/happyinaknit.com\/en\/wp-json\/wp\/v2\/types\/product"}],"replies":[{"embeddable":true,"href":"https:\/\/happyinaknit.com\/en\/wp-json\/wp\/v2\/comments?post=5455"}],"wp:featuredmedia":[{"embeddable":true,"href":"https:\/\/happyinaknit.com\/en\/wp-json\/wp\/v2\/media\/5443"}],"wp:attachment":[{"href":"https:\/\/happyinaknit.com\/en\/wp-json\/wp\/v2\/media?parent=5455"}],"wp:term":[{"taxonomy":"product_brand","embeddable":true,"href":"https:\/\/happyinaknit.com\/en\/wp-json\/wp\/v2\/product_brand?post=5455"},{"taxonomy":"product_cat","embeddable":true,"href":"https:\/\/happyinaknit.com\/en\/wp-json\/wp\/v2\/product_cat?post=5455"},{"taxonomy":"product_tag","embeddable":true,"href":"https:\/\/happyinaknit.com\/en\/wp-json\/wp\/v2\/product_tag?post=5455"},{"taxonomy":"pro-kategorijos","embeddable":true,"href":"https:\/\/happyinaknit.com\/en\/wp-json\/wp\/v2\/pro-kategorijos?post=5455"}],"curies":[{"name":"wp","href":"https:\/\/api.w.org\/{rel}","templated":true}]}}