{"id":5431,"date":"2025-10-15T21:24:41","date_gmt":"2025-10-15T21:24:41","guid":{"rendered":"https:\/\/happyinaknit.com\/?post_type=product&#038;p=5431"},"modified":"2025-11-13T19:52:35","modified_gmt":"2025-11-13T19:52:35","slug":"katia-washi","status":"publish","type":"product","link":"https:\/\/happyinaknit.com\/en\/product\/katia-washi\/","title":{"rendered":"Katia Washi"},"content":{"rendered":"<p data-start=\"21\" data-end=\"408\"><strong data-start=\"21\" data-end=\"36\">Katia Washi<\/strong> \u2013 is a ribbon yarn made from a blend of viscose and polyester, making it extremely soft, light and fluffy. This yarn is perfect for creating handbags, bags, backpacks, basket-type or boho-style accessories. <em data-start=\"264\" data-end=\"271\">Washi<\/em> It has been a real fashion trend for several seasons now \u2013 all you need to do is choose the right fittings and you will have an exclusive handmade accessory!<\/p>\n<p data-start=\"410\" data-end=\"646\"><strong data-start=\"410\" data-end=\"422\">Composition:<\/strong> 70 % polyester, 30 % viscose<br data-start=\"453\" data-end=\"456\" \/><strong data-start=\"456\" data-end=\"475\">Weight\/Length:<\/strong> 100 g - 100 m<br data-start=\"489\" data-end=\"492\" \/><strong data-start=\"492\" data-end=\"520\" data-is-only-node=\"\">Recommended needles:<\/strong> 8 \u2013 12 mm<br data-start=\"530\" data-end=\"533\" \/><strong data-start=\"533\" data-end=\"561\">Recommended hook:<\/strong> 8 \u2013 12 mm<br data-start=\"571\" data-end=\"574\" \/><strong data-start=\"574\" data-end=\"613\">Density (using 9 mm needles):<\/strong> 10 \u00d7 10 cm \u2013 9 mesh \u00d7 12 rows<\/p>\n<p data-start=\"648\" data-end=\"734\"><strong data-start=\"648\" data-end=\"662\">Care:<\/strong><br data-start=\"662\" data-end=\"665\" \/>Wash on gentle cycle up to 30\u00b0C, dry flat.<\/p>\n<p data-start=\"736\" data-end=\"824\" data-is-last-node=\"\" data-is-only-node=\"\"><strong data-start=\"736\" data-end=\"748\">Note:<\/strong> Color shades may vary slightly depending on your device&#039;s screen.<\/p>","protected":false},"excerpt":{"rendered":"<p>Katia Washi \u2013 tai juostiniai si\u016blai, pagaminti i\u0161 viskoz\u0117s ir poliesterio mi\u0161inio, tod\u0117l jie yra itin \u0161veln\u016bs, lengvi ir pur\u016bs. \u0160ie si\u016blai puikiai tinka rankin\u0117ms, krep\u0161iams, kuprin\u0117ms, krep\u0161elio tipo ar \u201eboho\u201c stiliaus aksesuarams kurti. Washi jau kelis sezonus i\u0161lieka tikra mados tendencija \u2013 tereikia tinkamai parinkti furnit\u016br\u0105, ir tur\u0117site i\u0161skirtin\u012f rank\u0173 darbo aksesuar\u0105! Sud\u0117tis: 70 [&hellip;]<\/p>\n","protected":false},"featured_media":4668,"comment_status":"open","ping_status":"closed","template":"","meta":{"_acf_changed":false},"product_brand":[69],"product_cat":[15,182,18],"product_tag":[33],"pro-kategorijos":[79,78],"class_list":{"0":"post-5431","1":"product","2":"type-product","3":"status-publish","4":"has-post-thumbnail","6":"product_brand-concept-by-katia","7":"product_cat-visi-produktai","8":"product_cat-ispardavimas","9":"product_cat-siulai","10":"product_tag-ispardavimas","11":"pro-kategorijos-poliesteris","12":"pro-kategorijos-viskoze","14":"first","15":"instock","16":"sale","17":"shipping-taxable","18":"purchasable","19":"product-type-variable"},"acf":[],"yoast_head":"<!-- This site is optimized with the Yoast SEO plugin v26.8 - https:\/\/yoast.com\/product\/yoast-seo-wordpress\/ -->\n<title>Katia Washi - Happyinaknit.com<\/title>\n<meta name=\"robots\" content=\"index, follow, max-snippet:-1, max-image-preview:large, max-video-preview:-1\" \/>\n<link rel=\"canonical\" href=\"https:\/\/happyinaknit.com\/en\/product\/katia-washi\/\" \/>\n<meta property=\"og:locale\" content=\"en_US\" \/>\n<meta property=\"og:type\" content=\"article\" \/>\n<meta property=\"og:title\" content=\"Katia Washi - Happyinaknit.com\" \/>\n<meta property=\"og:description\" content=\"Katia Washi \u2013 tai juostiniai si\u016blai, pagaminti i\u0161 viskoz\u0117s ir poliesterio mi\u0161inio, tod\u0117l jie yra itin \u0161veln\u016bs, lengvi ir pur\u016bs. \u0160ie si\u016blai puikiai tinka rankin\u0117ms, krep\u0161iams, kuprin\u0117ms, krep\u0161elio tipo ar \u201eboho\u201c stiliaus aksesuarams kurti. Washi jau kelis sezonus i\u0161lieka tikra mados tendencija \u2013 tereikia tinkamai parinkti furnit\u016br\u0105, ir tur\u0117site i\u0161skirtin\u012f rank\u0173 darbo aksesuar\u0105! Sud\u0117tis: 70 [&hellip;]\" \/>\n<meta property=\"og:url\" content=\"https:\/\/happyinaknit.com\/en\/product\/katia-washi\/\" \/>\n<meta property=\"og:site_name\" content=\"Happyinaknit.com\" \/>\n<meta property=\"article:modified_time\" content=\"2025-11-13T19:52:35+00:00\" \/>\n<meta property=\"og:image\" content=\"https:\/\/happyinaknit.com\/wp-content\/uploads\/2025\/10\/IMG_9610.jpg\" \/>\n\t<meta property=\"og:image:width\" content=\"1320\" \/>\n\t<meta property=\"og:image:height\" content=\"1259\" \/>\n\t<meta property=\"og:image:type\" content=\"image\/jpeg\" \/>\n<meta name=\"twitter:card\" content=\"summary_large_image\" \/>\n<meta name=\"twitter:label1\" content=\"Est. reading time\" \/>\n\t<meta name=\"twitter:data1\" content=\"1 minute\" \/>\n<script type=\"application\/ld+json\" class=\"yoast-schema-graph\">{\"@context\":\"https:\/\/schema.org\",\"@graph\":[{\"@type\":\"WebPage\",\"@id\":\"https:\/\/happyinaknit.com\/produktas\/katia-washi\/\",\"url\":\"https:\/\/happyinaknit.com\/produktas\/katia-washi\/\",\"name\":\"Katia Washi - Happyinaknit.com\",\"isPartOf\":{\"@id\":\"https:\/\/happyinaknit.com\/lt\/#website\"},\"primaryImageOfPage\":{\"@id\":\"https:\/\/happyinaknit.com\/produktas\/katia-washi\/#primaryimage\"},\"image\":{\"@id\":\"https:\/\/happyinaknit.com\/produktas\/katia-washi\/#primaryimage\"},\"thumbnailUrl\":\"https:\/\/happyinaknit.com\/wp-content\/uploads\/2025\/10\/IMG_9610.jpg\",\"datePublished\":\"2025-10-15T21:24:41+00:00\",\"dateModified\":\"2025-11-13T19:52:35+00:00\",\"breadcrumb\":{\"@id\":\"https:\/\/happyinaknit.com\/produktas\/katia-washi\/#breadcrumb\"},\"inLanguage\":\"en-US\",\"potentialAction\":[{\"@type\":\"ReadAction\",\"target\":[\"https:\/\/happyinaknit.com\/produktas\/katia-washi\/\"]}]},{\"@type\":\"ImageObject\",\"inLanguage\":\"en-US\",\"@id\":\"https:\/\/happyinaknit.com\/produktas\/katia-washi\/#primaryimage\",\"url\":\"https:\/\/happyinaknit.com\/wp-content\/uploads\/2025\/10\/IMG_9610.jpg\",\"contentUrl\":\"https:\/\/happyinaknit.com\/wp-content\/uploads\/2025\/10\/IMG_9610.jpg\",\"width\":1320,\"height\":1259},{\"@type\":\"BreadcrumbList\",\"@id\":\"https:\/\/happyinaknit.com\/produktas\/katia-washi\/#breadcrumb\",\"itemListElement\":[{\"@type\":\"ListItem\",\"position\":1,\"name\":\"Home\",\"item\":\"https:\/\/happyinaknit.com\/lt\/\"},{\"@type\":\"ListItem\",\"position\":2,\"name\":\"Parduotuv\u0117\",\"item\":\"https:\/\/happyinaknit.com\/lt\/parduotuve\/\"},{\"@type\":\"ListItem\",\"position\":3,\"name\":\"Katia Washi\"}]},{\"@type\":\"WebSite\",\"@id\":\"https:\/\/happyinaknit.com\/lt\/#website\",\"url\":\"https:\/\/happyinaknit.com\/lt\/\",\"name\":\"Happyinaknit.com\",\"description\":\"\",\"potentialAction\":[{\"@type\":\"SearchAction\",\"target\":{\"@type\":\"EntryPoint\",\"urlTemplate\":\"https:\/\/happyinaknit.com\/lt\/?s={search_term_string}\"},\"query-input\":{\"@type\":\"PropertyValueSpecification\",\"valueRequired\":true,\"valueName\":\"search_term_string\"}}],\"inLanguage\":\"en-US\"}]}<\/script>\n<!-- \/ Yoast SEO plugin. -->","yoast_head_json":{"title":"Katia Washi - Happyinaknit.com","robots":{"index":"index","follow":"follow","max-snippet":"max-snippet:-1","max-image-preview":"max-image-preview:large","max-video-preview":"max-video-preview:-1"},"canonical":"https:\/\/happyinaknit.com\/en\/product\/katia-washi\/","og_locale":"en_US","og_type":"article","og_title":"Katia Washi - Happyinaknit.com","og_description":"Katia Washi \u2013 tai juostiniai si\u016blai, pagaminti i\u0161 viskoz\u0117s ir poliesterio mi\u0161inio, tod\u0117l jie yra itin \u0161veln\u016bs, lengvi ir pur\u016bs. \u0160ie si\u016blai puikiai tinka rankin\u0117ms, krep\u0161iams, kuprin\u0117ms, krep\u0161elio tipo ar \u201eboho\u201c stiliaus aksesuarams kurti. Washi jau kelis sezonus i\u0161lieka tikra mados tendencija \u2013 tereikia tinkamai parinkti furnit\u016br\u0105, ir tur\u0117site i\u0161skirtin\u012f rank\u0173 darbo aksesuar\u0105! Sud\u0117tis: 70 [&hellip;]","og_url":"https:\/\/happyinaknit.com\/en\/product\/katia-washi\/","og_site_name":"Happyinaknit.com","article_modified_time":"2025-11-13T19:52:35+00:00","og_image":[{"width":1320,"height":1259,"url":"https:\/\/happyinaknit.com\/wp-content\/uploads\/2025\/10\/IMG_9610.jpg","type":"image\/jpeg"}],"twitter_card":"summary_large_image","twitter_misc":{"Est. reading time":"1 minute"},"schema":{"@context":"https:\/\/schema.org","@graph":[{"@type":"WebPage","@id":"https:\/\/happyinaknit.com\/produktas\/katia-washi\/","url":"https:\/\/happyinaknit.com\/produktas\/katia-washi\/","name":"Katia Washi - Happyinaknit.com","isPartOf":{"@id":"https:\/\/happyinaknit.com\/lt\/#website"},"primaryImageOfPage":{"@id":"https:\/\/happyinaknit.com\/produktas\/katia-washi\/#primaryimage"},"image":{"@id":"https:\/\/happyinaknit.com\/produktas\/katia-washi\/#primaryimage"},"thumbnailUrl":"https:\/\/happyinaknit.com\/wp-content\/uploads\/2025\/10\/IMG_9610.jpg","datePublished":"2025-10-15T21:24:41+00:00","dateModified":"2025-11-13T19:52:35+00:00","breadcrumb":{"@id":"https:\/\/happyinaknit.com\/produktas\/katia-washi\/#breadcrumb"},"inLanguage":"en-US","potentialAction":[{"@type":"ReadAction","target":["https:\/\/happyinaknit.com\/produktas\/katia-washi\/"]}]},{"@type":"ImageObject","inLanguage":"en-US","@id":"https:\/\/happyinaknit.com\/produktas\/katia-washi\/#primaryimage","url":"https:\/\/happyinaknit.com\/wp-content\/uploads\/2025\/10\/IMG_9610.jpg","contentUrl":"https:\/\/happyinaknit.com\/wp-content\/uploads\/2025\/10\/IMG_9610.jpg","width":1320,"height":1259},{"@type":"BreadcrumbList","@id":"https:\/\/happyinaknit.com\/produktas\/katia-washi\/#breadcrumb","itemListElement":[{"@type":"ListItem","position":1,"name":"Home","item":"https:\/\/happyinaknit.com\/lt\/"},{"@type":"ListItem","position":2,"name":"Parduotuv\u0117","item":"https:\/\/happyinaknit.com\/lt\/parduotuve\/"},{"@type":"ListItem","position":3,"name":"Katia Washi"}]},{"@type":"WebSite","@id":"https:\/\/happyinaknit.com\/lt\/#website","url":"https:\/\/happyinaknit.com\/lt\/","name":"Happyinaknit.com","description":"","potentialAction":[{"@type":"SearchAction","target":{"@type":"EntryPoint","urlTemplate":"https:\/\/happyinaknit.com\/lt\/?s={search_term_string}"},"query-input":{"@type":"PropertyValueSpecification","valueRequired":true,"valueName":"search_term_string"}}],"inLanguage":"en-US"}]}},"_links":{"self":[{"href":"https:\/\/happyinaknit.com\/en\/wp-json\/wp\/v2\/product\/5431","targetHints":{"allow":["GET"]}}],"collection":[{"href":"https:\/\/happyinaknit.com\/en\/wp-json\/wp\/v2\/product"}],"about":[{"href":"https:\/\/happyinaknit.com\/en\/wp-json\/wp\/v2\/types\/product"}],"replies":[{"embeddable":true,"href":"https:\/\/happyinaknit.com\/en\/wp-json\/wp\/v2\/comments?post=5431"}],"wp:featuredmedia":[{"embeddable":true,"href":"https:\/\/happyinaknit.com\/en\/wp-json\/wp\/v2\/media\/4668"}],"wp:attachment":[{"href":"https:\/\/happyinaknit.com\/en\/wp-json\/wp\/v2\/media?parent=5431"}],"wp:term":[{"taxonomy":"product_brand","embeddable":true,"href":"https:\/\/happyinaknit.com\/en\/wp-json\/wp\/v2\/product_brand?post=5431"},{"taxonomy":"product_cat","embeddable":true,"href":"https:\/\/happyinaknit.com\/en\/wp-json\/wp\/v2\/product_cat?post=5431"},{"taxonomy":"product_tag","embeddable":true,"href":"https:\/\/happyinaknit.com\/en\/wp-json\/wp\/v2\/product_tag?post=5431"},{"taxonomy":"pro-kategorijos","embeddable":true,"href":"https:\/\/happyinaknit.com\/en\/wp-json\/wp\/v2\/pro-kategorijos?post=5431"}],"curies":[{"name":"wp","href":"https:\/\/api.w.org\/{rel}","templated":true}]}}