{"id":5412,"date":"2025-10-15T21:08:21","date_gmt":"2025-10-15T21:08:21","guid":{"rendered":"https:\/\/happyinaknit.com\/?post_type=product&#038;p=5412"},"modified":"2025-11-13T19:51:47","modified_gmt":"2025-11-13T19:51:47","slug":"concept-by-katia-cosmopolitan","status":"publish","type":"product","link":"https:\/\/happyinaknit.com\/en\/product\/concept-by-katia-cosmopolitan\/","title":{"rendered":"Concept by Katia Cosmopolitan"},"content":{"rendered":"<p data-start=\"39\" data-end=\"385\"><strong data-start=\"39\" data-end=\"72\">Concept by Katia Cosmopolitan<\/strong> \u2013 is a softly shimmering yarn made from high-quality viscose and polyester. It has an elegant drape, subtle shine and exceptional softness. Knits made from this yarn look light, sophisticated and extremely pleasant to wear \u2013 perfect for sweaters, cardigans or stylish blouses.<\/p>\n<p data-start=\"387\" data-end=\"629\"><strong data-start=\"387\" data-end=\"399\">Composition:<\/strong> 88 % viscose, 12 % polyester<br data-start=\"430\" data-end=\"433\" \/><strong data-start=\"433\" data-end=\"452\">Weight\/Length:<\/strong> 50 g - 105 m<br data-start=\"465\" data-end=\"468\" \/><strong data-start=\"468\" data-end=\"496\" data-is-only-node=\"\">Recommended needles:<\/strong> 5.5 \u2013 6 mm<br data-start=\"507\" data-end=\"510\" \/><strong data-start=\"510\" data-end=\"523\">Density:<\/strong> 10 \u00d7 10 cm \u2013 18 stitches \u00d7 25 rows<br data-start=\"555\" data-end=\"558\" \/><strong data-start=\"558\" data-end=\"585\">Consumption:<\/strong> for a sweater (size M) \u2013 about 9 balls<\/p>\n<p data-start=\"631\" data-end=\"759\"><strong data-start=\"631\" data-end=\"645\">Care:<\/strong><br data-start=\"645\" data-end=\"648\" \/>Wash by hand or on a gentle cycle up to 30\u00b0C, dry flat, do not iron with a hot iron.<\/p>\n<p data-start=\"761\" data-end=\"849\" data-is-last-node=\"\" data-is-only-node=\"\"><strong data-start=\"761\" data-end=\"773\">Note:<\/strong> Color shades may vary slightly depending on your device&#039;s screen.<\/p>","protected":false},"excerpt":{"rendered":"<p>Concept by Katia Cosmopolitan \u2013 tai \u0161velniai \u017evilgantys si\u016blai, sukurti i\u0161 auk\u0161tos kokyb\u0117s viskoz\u0117s ir poliesterio. Jie pasi\u017eymi eleganti\u0161ku kritimu, subtiliu blizgesiu ir ypatingu \u0161velnumu. Mezginiai i\u0161 \u0161i\u0173 si\u016bl\u0173 atrodo lengvi, rafinuoti ir itin malon\u016bs d\u0117v\u0117ti \u2013 puikiai tinka megztiniams, kardiganams ar stilingoms palaidin\u0117ms. Sud\u0117tis: 88 % viskoz\u0117, 12 % poliesterisSvoris \/ ilgis: 50 g [&hellip;]<\/p>\n","protected":false},"featured_media":4678,"comment_status":"open","ping_status":"closed","template":"","meta":{"_acf_changed":false},"product_brand":[69],"product_cat":[15,182,18],"product_tag":[33],"pro-kategorijos":[78],"class_list":{"0":"post-5412","1":"product","2":"type-product","3":"status-publish","4":"has-post-thumbnail","6":"product_brand-concept-by-katia","7":"product_cat-visi-produktai","8":"product_cat-ispardavimas","9":"product_cat-siulai","10":"product_tag-ispardavimas","11":"pro-kategorijos-viskoze","13":"first","14":"instock","15":"sale","16":"shipping-taxable","17":"purchasable","18":"product-type-variable"},"acf":[],"yoast_head":"<!-- This site is optimized with the Yoast SEO plugin v26.8 - https:\/\/yoast.com\/product\/yoast-seo-wordpress\/ -->\n<title>Concept by Katia Cosmopolitan - Happyinaknit.com<\/title>\n<meta name=\"robots\" content=\"index, follow, max-snippet:-1, max-image-preview:large, max-video-preview:-1\" \/>\n<link rel=\"canonical\" href=\"https:\/\/happyinaknit.com\/en\/product\/concept-by-katia-cosmopolitan\/\" \/>\n<meta property=\"og:locale\" content=\"en_US\" \/>\n<meta property=\"og:type\" content=\"article\" \/>\n<meta property=\"og:title\" content=\"Concept by Katia Cosmopolitan - Happyinaknit.com\" \/>\n<meta property=\"og:description\" content=\"Concept by Katia Cosmopolitan \u2013 tai \u0161velniai \u017evilgantys si\u016blai, sukurti i\u0161 auk\u0161tos kokyb\u0117s viskoz\u0117s ir poliesterio. Jie pasi\u017eymi eleganti\u0161ku kritimu, subtiliu blizgesiu ir ypatingu \u0161velnumu. Mezginiai i\u0161 \u0161i\u0173 si\u016bl\u0173 atrodo lengvi, rafinuoti ir itin malon\u016bs d\u0117v\u0117ti \u2013 puikiai tinka megztiniams, kardiganams ar stilingoms palaidin\u0117ms. Sud\u0117tis: 88 % viskoz\u0117, 12 % poliesterisSvoris \/ ilgis: 50 g [&hellip;]\" \/>\n<meta property=\"og:url\" content=\"https:\/\/happyinaknit.com\/en\/product\/concept-by-katia-cosmopolitan\/\" \/>\n<meta property=\"og:site_name\" content=\"Happyinaknit.com\" \/>\n<meta property=\"article:modified_time\" content=\"2025-11-13T19:51:47+00:00\" \/>\n<meta property=\"og:image\" content=\"https:\/\/happyinaknit.com\/wp-content\/uploads\/2025\/10\/IMG_9599.jpg\" \/>\n\t<meta property=\"og:image:width\" content=\"1320\" \/>\n\t<meta property=\"og:image:height\" content=\"1402\" \/>\n\t<meta property=\"og:image:type\" content=\"image\/jpeg\" \/>\n<meta name=\"twitter:card\" content=\"summary_large_image\" \/>\n<meta name=\"twitter:label1\" content=\"Est. reading time\" \/>\n\t<meta name=\"twitter:data1\" content=\"1 minute\" \/>\n<script type=\"application\/ld+json\" class=\"yoast-schema-graph\">{\"@context\":\"https:\/\/schema.org\",\"@graph\":[{\"@type\":\"WebPage\",\"@id\":\"https:\/\/happyinaknit.com\/produktas\/concept-by-katia-cosmopolitan\/\",\"url\":\"https:\/\/happyinaknit.com\/produktas\/concept-by-katia-cosmopolitan\/\",\"name\":\"Concept by Katia Cosmopolitan - Happyinaknit.com\",\"isPartOf\":{\"@id\":\"https:\/\/happyinaknit.com\/lt\/#website\"},\"primaryImageOfPage\":{\"@id\":\"https:\/\/happyinaknit.com\/produktas\/concept-by-katia-cosmopolitan\/#primaryimage\"},\"image\":{\"@id\":\"https:\/\/happyinaknit.com\/produktas\/concept-by-katia-cosmopolitan\/#primaryimage\"},\"thumbnailUrl\":\"https:\/\/happyinaknit.com\/wp-content\/uploads\/2025\/10\/IMG_9599.jpg\",\"datePublished\":\"2025-10-15T21:08:21+00:00\",\"dateModified\":\"2025-11-13T19:51:47+00:00\",\"breadcrumb\":{\"@id\":\"https:\/\/happyinaknit.com\/produktas\/concept-by-katia-cosmopolitan\/#breadcrumb\"},\"inLanguage\":\"en-US\",\"potentialAction\":[{\"@type\":\"ReadAction\",\"target\":[\"https:\/\/happyinaknit.com\/produktas\/concept-by-katia-cosmopolitan\/\"]}]},{\"@type\":\"ImageObject\",\"inLanguage\":\"en-US\",\"@id\":\"https:\/\/happyinaknit.com\/produktas\/concept-by-katia-cosmopolitan\/#primaryimage\",\"url\":\"https:\/\/happyinaknit.com\/wp-content\/uploads\/2025\/10\/IMG_9599.jpg\",\"contentUrl\":\"https:\/\/happyinaknit.com\/wp-content\/uploads\/2025\/10\/IMG_9599.jpg\",\"width\":1320,\"height\":1402},{\"@type\":\"BreadcrumbList\",\"@id\":\"https:\/\/happyinaknit.com\/produktas\/concept-by-katia-cosmopolitan\/#breadcrumb\",\"itemListElement\":[{\"@type\":\"ListItem\",\"position\":1,\"name\":\"Home\",\"item\":\"https:\/\/happyinaknit.com\/lt\/\"},{\"@type\":\"ListItem\",\"position\":2,\"name\":\"Parduotuv\u0117\",\"item\":\"https:\/\/happyinaknit.com\/lt\/parduotuve\/\"},{\"@type\":\"ListItem\",\"position\":3,\"name\":\"Concept by Katia Cosmopolitan\"}]},{\"@type\":\"WebSite\",\"@id\":\"https:\/\/happyinaknit.com\/lt\/#website\",\"url\":\"https:\/\/happyinaknit.com\/lt\/\",\"name\":\"Happyinaknit.com\",\"description\":\"\",\"potentialAction\":[{\"@type\":\"SearchAction\",\"target\":{\"@type\":\"EntryPoint\",\"urlTemplate\":\"https:\/\/happyinaknit.com\/lt\/?s={search_term_string}\"},\"query-input\":{\"@type\":\"PropertyValueSpecification\",\"valueRequired\":true,\"valueName\":\"search_term_string\"}}],\"inLanguage\":\"en-US\"}]}<\/script>\n<!-- \/ Yoast SEO plugin. -->","yoast_head_json":{"title":"Concept by Katia Cosmopolitan - Happyinaknit.com","robots":{"index":"index","follow":"follow","max-snippet":"max-snippet:-1","max-image-preview":"max-image-preview:large","max-video-preview":"max-video-preview:-1"},"canonical":"https:\/\/happyinaknit.com\/en\/product\/concept-by-katia-cosmopolitan\/","og_locale":"en_US","og_type":"article","og_title":"Concept by Katia Cosmopolitan - Happyinaknit.com","og_description":"Concept by Katia Cosmopolitan \u2013 tai \u0161velniai \u017evilgantys si\u016blai, sukurti i\u0161 auk\u0161tos kokyb\u0117s viskoz\u0117s ir poliesterio. Jie pasi\u017eymi eleganti\u0161ku kritimu, subtiliu blizgesiu ir ypatingu \u0161velnumu. Mezginiai i\u0161 \u0161i\u0173 si\u016bl\u0173 atrodo lengvi, rafinuoti ir itin malon\u016bs d\u0117v\u0117ti \u2013 puikiai tinka megztiniams, kardiganams ar stilingoms palaidin\u0117ms. Sud\u0117tis: 88 % viskoz\u0117, 12 % poliesterisSvoris \/ ilgis: 50 g [&hellip;]","og_url":"https:\/\/happyinaknit.com\/en\/product\/concept-by-katia-cosmopolitan\/","og_site_name":"Happyinaknit.com","article_modified_time":"2025-11-13T19:51:47+00:00","og_image":[{"width":1320,"height":1402,"url":"https:\/\/happyinaknit.com\/wp-content\/uploads\/2025\/10\/IMG_9599.jpg","type":"image\/jpeg"}],"twitter_card":"summary_large_image","twitter_misc":{"Est. reading time":"1 minute"},"schema":{"@context":"https:\/\/schema.org","@graph":[{"@type":"WebPage","@id":"https:\/\/happyinaknit.com\/produktas\/concept-by-katia-cosmopolitan\/","url":"https:\/\/happyinaknit.com\/produktas\/concept-by-katia-cosmopolitan\/","name":"Concept by Katia Cosmopolitan - Happyinaknit.com","isPartOf":{"@id":"https:\/\/happyinaknit.com\/lt\/#website"},"primaryImageOfPage":{"@id":"https:\/\/happyinaknit.com\/produktas\/concept-by-katia-cosmopolitan\/#primaryimage"},"image":{"@id":"https:\/\/happyinaknit.com\/produktas\/concept-by-katia-cosmopolitan\/#primaryimage"},"thumbnailUrl":"https:\/\/happyinaknit.com\/wp-content\/uploads\/2025\/10\/IMG_9599.jpg","datePublished":"2025-10-15T21:08:21+00:00","dateModified":"2025-11-13T19:51:47+00:00","breadcrumb":{"@id":"https:\/\/happyinaknit.com\/produktas\/concept-by-katia-cosmopolitan\/#breadcrumb"},"inLanguage":"en-US","potentialAction":[{"@type":"ReadAction","target":["https:\/\/happyinaknit.com\/produktas\/concept-by-katia-cosmopolitan\/"]}]},{"@type":"ImageObject","inLanguage":"en-US","@id":"https:\/\/happyinaknit.com\/produktas\/concept-by-katia-cosmopolitan\/#primaryimage","url":"https:\/\/happyinaknit.com\/wp-content\/uploads\/2025\/10\/IMG_9599.jpg","contentUrl":"https:\/\/happyinaknit.com\/wp-content\/uploads\/2025\/10\/IMG_9599.jpg","width":1320,"height":1402},{"@type":"BreadcrumbList","@id":"https:\/\/happyinaknit.com\/produktas\/concept-by-katia-cosmopolitan\/#breadcrumb","itemListElement":[{"@type":"ListItem","position":1,"name":"Home","item":"https:\/\/happyinaknit.com\/lt\/"},{"@type":"ListItem","position":2,"name":"Parduotuv\u0117","item":"https:\/\/happyinaknit.com\/lt\/parduotuve\/"},{"@type":"ListItem","position":3,"name":"Concept by Katia Cosmopolitan"}]},{"@type":"WebSite","@id":"https:\/\/happyinaknit.com\/lt\/#website","url":"https:\/\/happyinaknit.com\/lt\/","name":"Happyinaknit.com","description":"","potentialAction":[{"@type":"SearchAction","target":{"@type":"EntryPoint","urlTemplate":"https:\/\/happyinaknit.com\/lt\/?s={search_term_string}"},"query-input":{"@type":"PropertyValueSpecification","valueRequired":true,"valueName":"search_term_string"}}],"inLanguage":"en-US"}]}},"_links":{"self":[{"href":"https:\/\/happyinaknit.com\/en\/wp-json\/wp\/v2\/product\/5412","targetHints":{"allow":["GET"]}}],"collection":[{"href":"https:\/\/happyinaknit.com\/en\/wp-json\/wp\/v2\/product"}],"about":[{"href":"https:\/\/happyinaknit.com\/en\/wp-json\/wp\/v2\/types\/product"}],"replies":[{"embeddable":true,"href":"https:\/\/happyinaknit.com\/en\/wp-json\/wp\/v2\/comments?post=5412"}],"wp:featuredmedia":[{"embeddable":true,"href":"https:\/\/happyinaknit.com\/en\/wp-json\/wp\/v2\/media\/4678"}],"wp:attachment":[{"href":"https:\/\/happyinaknit.com\/en\/wp-json\/wp\/v2\/media?parent=5412"}],"wp:term":[{"taxonomy":"product_brand","embeddable":true,"href":"https:\/\/happyinaknit.com\/en\/wp-json\/wp\/v2\/product_brand?post=5412"},{"taxonomy":"product_cat","embeddable":true,"href":"https:\/\/happyinaknit.com\/en\/wp-json\/wp\/v2\/product_cat?post=5412"},{"taxonomy":"product_tag","embeddable":true,"href":"https:\/\/happyinaknit.com\/en\/wp-json\/wp\/v2\/product_tag?post=5412"},{"taxonomy":"pro-kategorijos","embeddable":true,"href":"https:\/\/happyinaknit.com\/en\/wp-json\/wp\/v2\/pro-kategorijos?post=5412"}],"curies":[{"name":"wp","href":"https:\/\/api.w.org\/{rel}","templated":true}]}}