{"id":5411,"date":"2025-10-15T21:00:35","date_gmt":"2025-10-15T21:00:35","guid":{"rendered":"https:\/\/happyinaknit.com\/?post_type=product&#038;p=5411"},"modified":"2025-11-13T19:51:28","modified_gmt":"2025-11-13T19:51:28","slug":"concept-by-katia-veganette","status":"publish","type":"product","link":"https:\/\/happyinaknit.com\/en\/product\/concept-by-katia-veganette\/","title":{"rendered":"Concept by Katia Veganette"},"content":{"rendered":"<p data-start=\"36\" data-end=\"445\"><strong data-start=\"36\" data-end=\"66\">Concept by Katia Veganette<\/strong> \u2013 made of soft cotton with a small amount of polyamide, which gives the yarn strength and elasticity. These yarns are a great choice for those who prefer a completely \u201cvegan friendly\u201d composition. Pleasant to the body, breathable and versatile \u2013 perfect for both summer and off-season knitwear: sweaters, blouses or scarves.<\/p>\n<p data-start=\"447\" data-end=\"693\"><strong data-start=\"447\" data-end=\"459\">Composition:<\/strong> 90 % cotton, 10 % polyamide<br data-start=\"490\" data-end=\"493\" \/><strong data-start=\"493\" data-end=\"512\">Weight\/Length:<\/strong> 50 g - 140 m<br data-start=\"525\" data-end=\"528\" \/><strong data-start=\"528\" data-end=\"556\" data-is-only-node=\"\">Recommended needles:<\/strong> 4 \u2013 4.5 mm<br data-start=\"567\" data-end=\"570\" \/><strong data-start=\"570\" data-end=\"583\">Density:<\/strong> 10 \u00d7 10 cm \u2013 19 stitches \u00d7 26 rows<br data-start=\"615\" data-end=\"618\" \/><strong data-start=\"618\" data-end=\"645\">Consumption:<\/strong> for a sweater (size 44\u201346) \u2013 about 7 balls<\/p>\n<p data-start=\"695\" data-end=\"823\"><strong data-start=\"695\" data-end=\"709\">Care:<\/strong><br data-start=\"709\" data-end=\"712\" \/>Wash by hand or on a gentle cycle up to 30\u00b0C, dry flat, do not iron with a hot iron.<\/p>\n<p data-start=\"825\" data-end=\"913\" data-is-last-node=\"\" data-is-only-node=\"\"><strong data-start=\"825\" data-end=\"837\">Note:<\/strong> Color shades may vary slightly depending on your device&#039;s screen.<\/p>","protected":false},"excerpt":{"rendered":"<p>Concept by Katia Veganette \u2013 \u00a0pagaminti i\u0161 \u0161velnios medviln\u0117s su nedideliu poliamido kiekiu, kuris suteikia si\u016blui tvirtumo ir elastingumo. \u0160ie si\u016blai \u2013 puikus pasirinkimas tiems, kurie renkasi visi\u0161kai \u201evegan friendly\u201c sud\u0117t\u012f. Malon\u016bs prie k\u016bno, kv\u0117puojantys ir universal\u016bs \u2013 puikiai tinka tiek vasariniams, tiek tarpsezonio mezginiams: megztiniams, palaidin\u0117ms ar \u0161alikams. Sud\u0117tis: 90 % medviln\u0117, 10 % [&hellip;]<\/p>\n","protected":false},"featured_media":4681,"comment_status":"open","ping_status":"closed","template":"","meta":{"_acf_changed":false},"product_brand":[69],"product_cat":[15,182,18],"product_tag":[33],"pro-kategorijos":[55],"class_list":{"0":"post-5411","1":"product","2":"type-product","3":"status-publish","4":"has-post-thumbnail","6":"product_brand-concept-by-katia","7":"product_cat-visi-produktai","8":"product_cat-ispardavimas","9":"product_cat-siulai","10":"product_tag-ispardavimas","11":"pro-kategorijos-medvilne","13":"first","14":"instock","15":"sale","16":"shipping-taxable","17":"purchasable","18":"product-type-simple"},"acf":[],"yoast_head":"<!-- This site is optimized with the Yoast SEO plugin v26.8 - https:\/\/yoast.com\/product\/yoast-seo-wordpress\/ -->\n<title>Concept by Katia Veganette - Happyinaknit.com<\/title>\n<meta name=\"robots\" content=\"index, follow, max-snippet:-1, max-image-preview:large, max-video-preview:-1\" \/>\n<link rel=\"canonical\" href=\"https:\/\/happyinaknit.com\/en\/product\/concept-by-katia-veganette\/\" \/>\n<meta property=\"og:locale\" content=\"en_US\" \/>\n<meta property=\"og:type\" content=\"article\" \/>\n<meta property=\"og:title\" content=\"Concept by Katia Veganette - Happyinaknit.com\" \/>\n<meta property=\"og:description\" content=\"Concept by Katia Veganette \u2013 \u00a0pagaminti i\u0161 \u0161velnios medviln\u0117s su nedideliu poliamido kiekiu, kuris suteikia si\u016blui tvirtumo ir elastingumo. \u0160ie si\u016blai \u2013 puikus pasirinkimas tiems, kurie renkasi visi\u0161kai \u201evegan friendly\u201c sud\u0117t\u012f. Malon\u016bs prie k\u016bno, kv\u0117puojantys ir universal\u016bs \u2013 puikiai tinka tiek vasariniams, tiek tarpsezonio mezginiams: megztiniams, palaidin\u0117ms ar \u0161alikams. Sud\u0117tis: 90 % medviln\u0117, 10 % [&hellip;]\" \/>\n<meta property=\"og:url\" content=\"https:\/\/happyinaknit.com\/en\/product\/concept-by-katia-veganette\/\" \/>\n<meta property=\"og:site_name\" content=\"Happyinaknit.com\" \/>\n<meta property=\"article:modified_time\" content=\"2025-11-13T19:51:28+00:00\" \/>\n<meta property=\"og:image\" content=\"https:\/\/happyinaknit.com\/wp-content\/uploads\/2025\/10\/IMG_9596.jpg\" \/>\n\t<meta property=\"og:image:width\" content=\"1320\" \/>\n\t<meta property=\"og:image:height\" content=\"1149\" \/>\n\t<meta property=\"og:image:type\" content=\"image\/jpeg\" \/>\n<meta name=\"twitter:card\" content=\"summary_large_image\" \/>\n<meta name=\"twitter:label1\" content=\"Est. reading time\" \/>\n\t<meta name=\"twitter:data1\" content=\"1 minute\" \/>\n<script type=\"application\/ld+json\" class=\"yoast-schema-graph\">{\"@context\":\"https:\/\/schema.org\",\"@graph\":[{\"@type\":\"WebPage\",\"@id\":\"https:\/\/happyinaknit.com\/produktas\/concept-by-katia-veganette\/\",\"url\":\"https:\/\/happyinaknit.com\/produktas\/concept-by-katia-veganette\/\",\"name\":\"Concept by Katia Veganette - Happyinaknit.com\",\"isPartOf\":{\"@id\":\"https:\/\/happyinaknit.com\/lt\/#website\"},\"primaryImageOfPage\":{\"@id\":\"https:\/\/happyinaknit.com\/produktas\/concept-by-katia-veganette\/#primaryimage\"},\"image\":{\"@id\":\"https:\/\/happyinaknit.com\/produktas\/concept-by-katia-veganette\/#primaryimage\"},\"thumbnailUrl\":\"https:\/\/happyinaknit.com\/wp-content\/uploads\/2025\/10\/IMG_9596.jpg\",\"datePublished\":\"2025-10-15T21:00:35+00:00\",\"dateModified\":\"2025-11-13T19:51:28+00:00\",\"breadcrumb\":{\"@id\":\"https:\/\/happyinaknit.com\/produktas\/concept-by-katia-veganette\/#breadcrumb\"},\"inLanguage\":\"en-US\",\"potentialAction\":[{\"@type\":\"ReadAction\",\"target\":[\"https:\/\/happyinaknit.com\/produktas\/concept-by-katia-veganette\/\"]}]},{\"@type\":\"ImageObject\",\"inLanguage\":\"en-US\",\"@id\":\"https:\/\/happyinaknit.com\/produktas\/concept-by-katia-veganette\/#primaryimage\",\"url\":\"https:\/\/happyinaknit.com\/wp-content\/uploads\/2025\/10\/IMG_9596.jpg\",\"contentUrl\":\"https:\/\/happyinaknit.com\/wp-content\/uploads\/2025\/10\/IMG_9596.jpg\",\"width\":1320,\"height\":1149},{\"@type\":\"BreadcrumbList\",\"@id\":\"https:\/\/happyinaknit.com\/produktas\/concept-by-katia-veganette\/#breadcrumb\",\"itemListElement\":[{\"@type\":\"ListItem\",\"position\":1,\"name\":\"Home\",\"item\":\"https:\/\/happyinaknit.com\/lt\/\"},{\"@type\":\"ListItem\",\"position\":2,\"name\":\"Parduotuv\u0117\",\"item\":\"https:\/\/happyinaknit.com\/lt\/parduotuve\/\"},{\"@type\":\"ListItem\",\"position\":3,\"name\":\"Concept by Katia Veganette\"}]},{\"@type\":\"WebSite\",\"@id\":\"https:\/\/happyinaknit.com\/lt\/#website\",\"url\":\"https:\/\/happyinaknit.com\/lt\/\",\"name\":\"Happyinaknit.com\",\"description\":\"\",\"potentialAction\":[{\"@type\":\"SearchAction\",\"target\":{\"@type\":\"EntryPoint\",\"urlTemplate\":\"https:\/\/happyinaknit.com\/lt\/?s={search_term_string}\"},\"query-input\":{\"@type\":\"PropertyValueSpecification\",\"valueRequired\":true,\"valueName\":\"search_term_string\"}}],\"inLanguage\":\"en-US\"}]}<\/script>\n<!-- \/ Yoast SEO plugin. -->","yoast_head_json":{"title":"Concept by Katia Veganette - Happyinaknit.com","robots":{"index":"index","follow":"follow","max-snippet":"max-snippet:-1","max-image-preview":"max-image-preview:large","max-video-preview":"max-video-preview:-1"},"canonical":"https:\/\/happyinaknit.com\/en\/product\/concept-by-katia-veganette\/","og_locale":"en_US","og_type":"article","og_title":"Concept by Katia Veganette - Happyinaknit.com","og_description":"Concept by Katia Veganette \u2013 \u00a0pagaminti i\u0161 \u0161velnios medviln\u0117s su nedideliu poliamido kiekiu, kuris suteikia si\u016blui tvirtumo ir elastingumo. \u0160ie si\u016blai \u2013 puikus pasirinkimas tiems, kurie renkasi visi\u0161kai \u201evegan friendly\u201c sud\u0117t\u012f. Malon\u016bs prie k\u016bno, kv\u0117puojantys ir universal\u016bs \u2013 puikiai tinka tiek vasariniams, tiek tarpsezonio mezginiams: megztiniams, palaidin\u0117ms ar \u0161alikams. Sud\u0117tis: 90 % medviln\u0117, 10 % [&hellip;]","og_url":"https:\/\/happyinaknit.com\/en\/product\/concept-by-katia-veganette\/","og_site_name":"Happyinaknit.com","article_modified_time":"2025-11-13T19:51:28+00:00","og_image":[{"width":1320,"height":1149,"url":"https:\/\/happyinaknit.com\/wp-content\/uploads\/2025\/10\/IMG_9596.jpg","type":"image\/jpeg"}],"twitter_card":"summary_large_image","twitter_misc":{"Est. reading time":"1 minute"},"schema":{"@context":"https:\/\/schema.org","@graph":[{"@type":"WebPage","@id":"https:\/\/happyinaknit.com\/produktas\/concept-by-katia-veganette\/","url":"https:\/\/happyinaknit.com\/produktas\/concept-by-katia-veganette\/","name":"Concept by Katia Veganette - Happyinaknit.com","isPartOf":{"@id":"https:\/\/happyinaknit.com\/lt\/#website"},"primaryImageOfPage":{"@id":"https:\/\/happyinaknit.com\/produktas\/concept-by-katia-veganette\/#primaryimage"},"image":{"@id":"https:\/\/happyinaknit.com\/produktas\/concept-by-katia-veganette\/#primaryimage"},"thumbnailUrl":"https:\/\/happyinaknit.com\/wp-content\/uploads\/2025\/10\/IMG_9596.jpg","datePublished":"2025-10-15T21:00:35+00:00","dateModified":"2025-11-13T19:51:28+00:00","breadcrumb":{"@id":"https:\/\/happyinaknit.com\/produktas\/concept-by-katia-veganette\/#breadcrumb"},"inLanguage":"en-US","potentialAction":[{"@type":"ReadAction","target":["https:\/\/happyinaknit.com\/produktas\/concept-by-katia-veganette\/"]}]},{"@type":"ImageObject","inLanguage":"en-US","@id":"https:\/\/happyinaknit.com\/produktas\/concept-by-katia-veganette\/#primaryimage","url":"https:\/\/happyinaknit.com\/wp-content\/uploads\/2025\/10\/IMG_9596.jpg","contentUrl":"https:\/\/happyinaknit.com\/wp-content\/uploads\/2025\/10\/IMG_9596.jpg","width":1320,"height":1149},{"@type":"BreadcrumbList","@id":"https:\/\/happyinaknit.com\/produktas\/concept-by-katia-veganette\/#breadcrumb","itemListElement":[{"@type":"ListItem","position":1,"name":"Home","item":"https:\/\/happyinaknit.com\/lt\/"},{"@type":"ListItem","position":2,"name":"Parduotuv\u0117","item":"https:\/\/happyinaknit.com\/lt\/parduotuve\/"},{"@type":"ListItem","position":3,"name":"Concept by Katia Veganette"}]},{"@type":"WebSite","@id":"https:\/\/happyinaknit.com\/lt\/#website","url":"https:\/\/happyinaknit.com\/lt\/","name":"Happyinaknit.com","description":"","potentialAction":[{"@type":"SearchAction","target":{"@type":"EntryPoint","urlTemplate":"https:\/\/happyinaknit.com\/lt\/?s={search_term_string}"},"query-input":{"@type":"PropertyValueSpecification","valueRequired":true,"valueName":"search_term_string"}}],"inLanguage":"en-US"}]}},"_links":{"self":[{"href":"https:\/\/happyinaknit.com\/en\/wp-json\/wp\/v2\/product\/5411","targetHints":{"allow":["GET"]}}],"collection":[{"href":"https:\/\/happyinaknit.com\/en\/wp-json\/wp\/v2\/product"}],"about":[{"href":"https:\/\/happyinaknit.com\/en\/wp-json\/wp\/v2\/types\/product"}],"replies":[{"embeddable":true,"href":"https:\/\/happyinaknit.com\/en\/wp-json\/wp\/v2\/comments?post=5411"}],"wp:featuredmedia":[{"embeddable":true,"href":"https:\/\/happyinaknit.com\/en\/wp-json\/wp\/v2\/media\/4681"}],"wp:attachment":[{"href":"https:\/\/happyinaknit.com\/en\/wp-json\/wp\/v2\/media?parent=5411"}],"wp:term":[{"taxonomy":"product_brand","embeddable":true,"href":"https:\/\/happyinaknit.com\/en\/wp-json\/wp\/v2\/product_brand?post=5411"},{"taxonomy":"product_cat","embeddable":true,"href":"https:\/\/happyinaknit.com\/en\/wp-json\/wp\/v2\/product_cat?post=5411"},{"taxonomy":"product_tag","embeddable":true,"href":"https:\/\/happyinaknit.com\/en\/wp-json\/wp\/v2\/product_tag?post=5411"},{"taxonomy":"pro-kategorijos","embeddable":true,"href":"https:\/\/happyinaknit.com\/en\/wp-json\/wp\/v2\/pro-kategorijos?post=5411"}],"curies":[{"name":"wp","href":"https:\/\/api.w.org\/{rel}","templated":true}]}}