{"id":5405,"date":"2025-10-15T20:54:46","date_gmt":"2025-10-15T20:54:46","guid":{"rendered":"https:\/\/happyinaknit.com\/?post_type=product&#038;p=5405"},"modified":"2025-11-13T19:51:08","modified_gmt":"2025-11-13T19:51:08","slug":"katia-yucatan","status":"publish","type":"product","link":"https:\/\/happyinaknit.com\/en\/product\/katia-yucatan\/","title":{"rendered":"Katia Yucatan"},"content":{"rendered":"<p data-start=\"23\" data-end=\"401\"><strong data-start=\"23\" data-end=\"40\">Katia Yucatan<\/strong> \u2013 these are original, textured yarns that combine the softness of viscose, the strength of polyester, the naturalness of cotton and the light elasticity of polyamide. This unique combination of fibers gives the yarn a subtle shine and a special structure, making knitwear look modern and stylish. Perfect for summer sweaters, blouses or light scarves.<\/p>\n<p data-start=\"403\" data-end=\"604\"><strong data-start=\"403\" data-end=\"415\">Composition:<\/strong> 39 % viscose, 38 % polyester, 16 % cotton, 7 % polyamide<br data-start=\"477\" data-end=\"480\" \/><strong data-start=\"480\" data-end=\"499\">Weight\/Length:<\/strong> 50 g - 100 m<br data-start=\"512\" data-end=\"515\" \/><strong data-start=\"515\" data-end=\"543\" data-is-only-node=\"\">Recommended needles:<\/strong> 4.5 \u2013 5 mm<br data-start=\"554\" data-end=\"557\" \/><strong data-start=\"557\" data-end=\"570\">Density:<\/strong> 10 \u00d7 10 cm \u2013 17 stitches \u00d7 23 rows<\/p>\n<p data-start=\"606\" data-end=\"734\"><strong data-start=\"606\" data-end=\"620\">Care:<\/strong><br data-start=\"620\" data-end=\"623\" \/>Wash by hand or on a gentle cycle up to 30\u00b0C, dry flat, do not iron with a hot iron.<\/p>\n<p data-start=\"736\" data-end=\"824\" data-is-last-node=\"\" data-is-only-node=\"\"><strong data-start=\"736\" data-end=\"748\">Note:<\/strong> Color shades may vary slightly depending on your device&#039;s screen.<\/p>","protected":false},"excerpt":{"rendered":"<p>Katia Yucat\u00e1n \u2013 tai original\u016bs, tekst\u016briniai si\u016blai, kuriuose dera viskoz\u0117s \u0161velnumas, poliesterio tvirtumas, medviln\u0117s nat\u016bralumas ir lengvas poliamido elastingumas. \u0160is unikalus pluo\u0161t\u0173 derinys suteikia si\u016blui subtil\u0173 blizges\u012f ir ypating\u0105 strukt\u016br\u0105, tod\u0117l mezginiai atrodo moderniai ir stilingai. Puikiai tinka vasariniams megztiniams, palaidin\u0117ms ar lengviems \u0161alikams. Sud\u0117tis: 39 % viskoz\u0117, 38 % poliesteris, 16 % medviln\u0117, 7 [&hellip;]<\/p>\n","protected":false},"featured_media":4682,"comment_status":"open","ping_status":"closed","template":"","meta":{"_acf_changed":false},"product_brand":[69],"product_cat":[15,182,18],"product_tag":[33],"pro-kategorijos":[55,78],"class_list":{"0":"post-5405","1":"product","2":"type-product","3":"status-publish","4":"has-post-thumbnail","6":"product_brand-concept-by-katia","7":"product_cat-visi-produktai","8":"product_cat-ispardavimas","9":"product_cat-siulai","10":"product_tag-ispardavimas","11":"pro-kategorijos-medvilne","12":"pro-kategorijos-viskoze","14":"first","15":"instock","16":"sale","17":"shipping-taxable","18":"purchasable","19":"product-type-variable"},"acf":[],"yoast_head":"<!-- This site is optimized with the Yoast SEO plugin v26.8 - https:\/\/yoast.com\/product\/yoast-seo-wordpress\/ -->\n<title>Katia Yucat\u00e1n - Happyinaknit.com<\/title>\n<meta name=\"robots\" content=\"index, follow, max-snippet:-1, max-image-preview:large, max-video-preview:-1\" \/>\n<link rel=\"canonical\" href=\"https:\/\/happyinaknit.com\/en\/product\/katia-yucatan\/\" \/>\n<meta property=\"og:locale\" content=\"en_US\" \/>\n<meta property=\"og:type\" content=\"article\" \/>\n<meta property=\"og:title\" content=\"Katia Yucat\u00e1n - Happyinaknit.com\" \/>\n<meta property=\"og:description\" content=\"Katia Yucat\u00e1n \u2013 tai original\u016bs, tekst\u016briniai si\u016blai, kuriuose dera viskoz\u0117s \u0161velnumas, poliesterio tvirtumas, medviln\u0117s nat\u016bralumas ir lengvas poliamido elastingumas. \u0160is unikalus pluo\u0161t\u0173 derinys suteikia si\u016blui subtil\u0173 blizges\u012f ir ypating\u0105 strukt\u016br\u0105, tod\u0117l mezginiai atrodo moderniai ir stilingai. Puikiai tinka vasariniams megztiniams, palaidin\u0117ms ar lengviems \u0161alikams. Sud\u0117tis: 39 % viskoz\u0117, 38 % poliesteris, 16 % medviln\u0117, 7 [&hellip;]\" \/>\n<meta property=\"og:url\" content=\"https:\/\/happyinaknit.com\/en\/product\/katia-yucatan\/\" \/>\n<meta property=\"og:site_name\" content=\"Happyinaknit.com\" \/>\n<meta property=\"article:modified_time\" content=\"2025-11-13T19:51:08+00:00\" \/>\n<meta property=\"og:image\" content=\"https:\/\/happyinaknit.com\/wp-content\/uploads\/2025\/10\/IMG_9595.jpg\" \/>\n\t<meta property=\"og:image:width\" content=\"1320\" \/>\n\t<meta property=\"og:image:height\" content=\"1108\" \/>\n\t<meta property=\"og:image:type\" content=\"image\/jpeg\" \/>\n<meta name=\"twitter:card\" content=\"summary_large_image\" \/>\n<meta name=\"twitter:label1\" content=\"Est. reading time\" \/>\n\t<meta name=\"twitter:data1\" content=\"1 minute\" \/>\n<script type=\"application\/ld+json\" class=\"yoast-schema-graph\">{\"@context\":\"https:\/\/schema.org\",\"@graph\":[{\"@type\":\"WebPage\",\"@id\":\"https:\/\/happyinaknit.com\/produktas\/katia-yucatan\/\",\"url\":\"https:\/\/happyinaknit.com\/produktas\/katia-yucatan\/\",\"name\":\"Katia Yucat\u00e1n - Happyinaknit.com\",\"isPartOf\":{\"@id\":\"https:\/\/happyinaknit.com\/lt\/#website\"},\"primaryImageOfPage\":{\"@id\":\"https:\/\/happyinaknit.com\/produktas\/katia-yucatan\/#primaryimage\"},\"image\":{\"@id\":\"https:\/\/happyinaknit.com\/produktas\/katia-yucatan\/#primaryimage\"},\"thumbnailUrl\":\"https:\/\/happyinaknit.com\/wp-content\/uploads\/2025\/10\/IMG_9595.jpg\",\"datePublished\":\"2025-10-15T20:54:46+00:00\",\"dateModified\":\"2025-11-13T19:51:08+00:00\",\"breadcrumb\":{\"@id\":\"https:\/\/happyinaknit.com\/produktas\/katia-yucatan\/#breadcrumb\"},\"inLanguage\":\"en-US\",\"potentialAction\":[{\"@type\":\"ReadAction\",\"target\":[\"https:\/\/happyinaknit.com\/produktas\/katia-yucatan\/\"]}]},{\"@type\":\"ImageObject\",\"inLanguage\":\"en-US\",\"@id\":\"https:\/\/happyinaknit.com\/produktas\/katia-yucatan\/#primaryimage\",\"url\":\"https:\/\/happyinaknit.com\/wp-content\/uploads\/2025\/10\/IMG_9595.jpg\",\"contentUrl\":\"https:\/\/happyinaknit.com\/wp-content\/uploads\/2025\/10\/IMG_9595.jpg\",\"width\":1320,\"height\":1108},{\"@type\":\"BreadcrumbList\",\"@id\":\"https:\/\/happyinaknit.com\/produktas\/katia-yucatan\/#breadcrumb\",\"itemListElement\":[{\"@type\":\"ListItem\",\"position\":1,\"name\":\"Home\",\"item\":\"https:\/\/happyinaknit.com\/lt\/\"},{\"@type\":\"ListItem\",\"position\":2,\"name\":\"Parduotuv\u0117\",\"item\":\"https:\/\/happyinaknit.com\/lt\/parduotuve\/\"},{\"@type\":\"ListItem\",\"position\":3,\"name\":\"Katia Yucat\u00e1n\"}]},{\"@type\":\"WebSite\",\"@id\":\"https:\/\/happyinaknit.com\/lt\/#website\",\"url\":\"https:\/\/happyinaknit.com\/lt\/\",\"name\":\"Happyinaknit.com\",\"description\":\"\",\"potentialAction\":[{\"@type\":\"SearchAction\",\"target\":{\"@type\":\"EntryPoint\",\"urlTemplate\":\"https:\/\/happyinaknit.com\/lt\/?s={search_term_string}\"},\"query-input\":{\"@type\":\"PropertyValueSpecification\",\"valueRequired\":true,\"valueName\":\"search_term_string\"}}],\"inLanguage\":\"en-US\"}]}<\/script>\n<!-- \/ Yoast SEO plugin. -->","yoast_head_json":{"title":"Katia Yucat\u00e1n - Happyinaknit.com","robots":{"index":"index","follow":"follow","max-snippet":"max-snippet:-1","max-image-preview":"max-image-preview:large","max-video-preview":"max-video-preview:-1"},"canonical":"https:\/\/happyinaknit.com\/en\/product\/katia-yucatan\/","og_locale":"en_US","og_type":"article","og_title":"Katia Yucat\u00e1n - Happyinaknit.com","og_description":"Katia Yucat\u00e1n \u2013 tai original\u016bs, tekst\u016briniai si\u016blai, kuriuose dera viskoz\u0117s \u0161velnumas, poliesterio tvirtumas, medviln\u0117s nat\u016bralumas ir lengvas poliamido elastingumas. \u0160is unikalus pluo\u0161t\u0173 derinys suteikia si\u016blui subtil\u0173 blizges\u012f ir ypating\u0105 strukt\u016br\u0105, tod\u0117l mezginiai atrodo moderniai ir stilingai. Puikiai tinka vasariniams megztiniams, palaidin\u0117ms ar lengviems \u0161alikams. Sud\u0117tis: 39 % viskoz\u0117, 38 % poliesteris, 16 % medviln\u0117, 7 [&hellip;]","og_url":"https:\/\/happyinaknit.com\/en\/product\/katia-yucatan\/","og_site_name":"Happyinaknit.com","article_modified_time":"2025-11-13T19:51:08+00:00","og_image":[{"width":1320,"height":1108,"url":"https:\/\/happyinaknit.com\/wp-content\/uploads\/2025\/10\/IMG_9595.jpg","type":"image\/jpeg"}],"twitter_card":"summary_large_image","twitter_misc":{"Est. reading time":"1 minute"},"schema":{"@context":"https:\/\/schema.org","@graph":[{"@type":"WebPage","@id":"https:\/\/happyinaknit.com\/produktas\/katia-yucatan\/","url":"https:\/\/happyinaknit.com\/produktas\/katia-yucatan\/","name":"Katia Yucat\u00e1n - Happyinaknit.com","isPartOf":{"@id":"https:\/\/happyinaknit.com\/lt\/#website"},"primaryImageOfPage":{"@id":"https:\/\/happyinaknit.com\/produktas\/katia-yucatan\/#primaryimage"},"image":{"@id":"https:\/\/happyinaknit.com\/produktas\/katia-yucatan\/#primaryimage"},"thumbnailUrl":"https:\/\/happyinaknit.com\/wp-content\/uploads\/2025\/10\/IMG_9595.jpg","datePublished":"2025-10-15T20:54:46+00:00","dateModified":"2025-11-13T19:51:08+00:00","breadcrumb":{"@id":"https:\/\/happyinaknit.com\/produktas\/katia-yucatan\/#breadcrumb"},"inLanguage":"en-US","potentialAction":[{"@type":"ReadAction","target":["https:\/\/happyinaknit.com\/produktas\/katia-yucatan\/"]}]},{"@type":"ImageObject","inLanguage":"en-US","@id":"https:\/\/happyinaknit.com\/produktas\/katia-yucatan\/#primaryimage","url":"https:\/\/happyinaknit.com\/wp-content\/uploads\/2025\/10\/IMG_9595.jpg","contentUrl":"https:\/\/happyinaknit.com\/wp-content\/uploads\/2025\/10\/IMG_9595.jpg","width":1320,"height":1108},{"@type":"BreadcrumbList","@id":"https:\/\/happyinaknit.com\/produktas\/katia-yucatan\/#breadcrumb","itemListElement":[{"@type":"ListItem","position":1,"name":"Home","item":"https:\/\/happyinaknit.com\/lt\/"},{"@type":"ListItem","position":2,"name":"Parduotuv\u0117","item":"https:\/\/happyinaknit.com\/lt\/parduotuve\/"},{"@type":"ListItem","position":3,"name":"Katia Yucat\u00e1n"}]},{"@type":"WebSite","@id":"https:\/\/happyinaknit.com\/lt\/#website","url":"https:\/\/happyinaknit.com\/lt\/","name":"Happyinaknit.com","description":"","potentialAction":[{"@type":"SearchAction","target":{"@type":"EntryPoint","urlTemplate":"https:\/\/happyinaknit.com\/lt\/?s={search_term_string}"},"query-input":{"@type":"PropertyValueSpecification","valueRequired":true,"valueName":"search_term_string"}}],"inLanguage":"en-US"}]}},"_links":{"self":[{"href":"https:\/\/happyinaknit.com\/en\/wp-json\/wp\/v2\/product\/5405","targetHints":{"allow":["GET"]}}],"collection":[{"href":"https:\/\/happyinaknit.com\/en\/wp-json\/wp\/v2\/product"}],"about":[{"href":"https:\/\/happyinaknit.com\/en\/wp-json\/wp\/v2\/types\/product"}],"replies":[{"embeddable":true,"href":"https:\/\/happyinaknit.com\/en\/wp-json\/wp\/v2\/comments?post=5405"}],"wp:featuredmedia":[{"embeddable":true,"href":"https:\/\/happyinaknit.com\/en\/wp-json\/wp\/v2\/media\/4682"}],"wp:attachment":[{"href":"https:\/\/happyinaknit.com\/en\/wp-json\/wp\/v2\/media?parent=5405"}],"wp:term":[{"taxonomy":"product_brand","embeddable":true,"href":"https:\/\/happyinaknit.com\/en\/wp-json\/wp\/v2\/product_brand?post=5405"},{"taxonomy":"product_cat","embeddable":true,"href":"https:\/\/happyinaknit.com\/en\/wp-json\/wp\/v2\/product_cat?post=5405"},{"taxonomy":"product_tag","embeddable":true,"href":"https:\/\/happyinaknit.com\/en\/wp-json\/wp\/v2\/product_tag?post=5405"},{"taxonomy":"pro-kategorijos","embeddable":true,"href":"https:\/\/happyinaknit.com\/en\/wp-json\/wp\/v2\/pro-kategorijos?post=5405"}],"curies":[{"name":"wp","href":"https:\/\/api.w.org\/{rel}","templated":true}]}}