{"id":5398,"date":"2025-10-15T20:45:56","date_gmt":"2025-10-15T20:45:56","guid":{"rendered":"https:\/\/happyinaknit.com\/?post_type=product&#038;p=5398"},"modified":"2025-12-06T20:55:41","modified_gmt":"2025-12-06T20:55:41","slug":"concept-by-katia-bereber","status":"publish","type":"product","link":"https:\/\/happyinaknit.com\/en\/product\/concept-by-katia-bereber\/","title":{"rendered":"Concept by Katia Bereber"},"content":{"rendered":"<p data-start=\"34\" data-end=\"406\"><strong data-start=\"34\" data-end=\"62\">Concept by Katia Bereber<\/strong> \u2013 is an elegant, softly shimmering yarn in which the natural blend of cotton and viscose EcoVero is complemented by the subtle sheen of metallized polyester. This yarn is designed for summer and interseasonal knitwear \u2013 it is light, breathable and gives the products a radiant luxury. Suitable for sweaters, blouses or light cardigans.<\/p>\n<p data-start=\"408\" data-end=\"703\"><strong data-start=\"408\" data-end=\"420\">Composition:<\/strong> 75 % cotton, 18 % viscose <em data-start=\"449\" data-end=\"458\">EcoVero<\/em>, 5 % polyester, 2 % metalized polyester<br data-start=\"505\" data-end=\"508\" \/><strong data-start=\"508\" data-end=\"527\">Weight\/Length:<\/strong> 50 g - 130 m<br data-start=\"540\" data-end=\"543\" data-is-only-node=\"\" \/><strong data-start=\"543\" data-end=\"571\">Recommended needles:<\/strong> 3 \u2013 3.5 mm<br data-start=\"582\" data-end=\"585\" \/><strong data-start=\"585\" data-end=\"598\">Density:<\/strong> 10 \u00d7 10 cm \u2013 24 stitches \u00d7 31 rows<br data-start=\"629\" data-end=\"632\" \/><strong data-start=\"632\" data-end=\"659\">Consumption:<\/strong> for a sweater (size M) \u2013 about 8 balls<\/p>\n<p data-start=\"705\" data-end=\"850\"><strong data-start=\"705\" data-end=\"719\">Care:<\/strong><br data-start=\"719\" data-end=\"722\" \/>Wash by hand or on wool\/delicates cycle up to 30\u00b0C, dry flat, do not iron with a hot iron.<\/p>\n<p data-start=\"852\" data-end=\"940\" data-is-last-node=\"\" data-is-only-node=\"\"><strong data-start=\"852\" data-end=\"864\">Note:<\/strong> Color shades may vary slightly depending on your device&#039;s screen.<\/p>","protected":false},"excerpt":{"rendered":"<p>Concept by Katia Bereber \u2013 tai eleganti\u0161ki, \u0161velniai \u017evilgantys si\u016blai, kuriuose nat\u016bralus medviln\u0117s ir viskoz\u0117s \u201eEcoVero\u201c derinys papildytas subtiliu metalizuoto poliesterio blizgesiu. \u0160ie si\u016blai sukurti vasaros ir tarpsezonio mezginiams \u2013 jie lengvi, kv\u0117puojantys ir suteikia gaminiams \u0161vytin\u010dios prabangos. Tinka megztiniams, palaidin\u0117ms ar lengviems kardiganams. Sud\u0117tis: 75 % medviln\u0117, 18 % viskoz\u0117 EcoVero, 5 % poliesteris, [&hellip;]<\/p>\n","protected":false},"featured_media":4689,"comment_status":"open","ping_status":"closed","template":"","meta":{"_acf_changed":false},"product_brand":[69],"product_cat":[15,182,18,323],"product_tag":[33],"pro-kategorijos":[55,78],"class_list":{"0":"post-5398","1":"product","2":"type-product","3":"status-publish","4":"has-post-thumbnail","6":"product_brand-concept-by-katia","7":"product_cat-visi-produktai","8":"product_cat-ispardavimas","9":"product_cat-siulai","10":"product_cat-siulai-su-lureksu-ir-zvyneliais","11":"product_tag-ispardavimas","12":"pro-kategorijos-medvilne","13":"pro-kategorijos-viskoze","15":"first","16":"instock","17":"sale","18":"shipping-taxable","19":"purchasable","20":"product-type-variable"},"acf":[],"yoast_head":"<!-- This site is optimized with the Yoast SEO plugin v26.8 - https:\/\/yoast.com\/product\/yoast-seo-wordpress\/ -->\n<title>Concept by Katia Bereber - Happyinaknit.com<\/title>\n<meta name=\"robots\" content=\"index, follow, max-snippet:-1, max-image-preview:large, max-video-preview:-1\" \/>\n<link rel=\"canonical\" href=\"https:\/\/happyinaknit.com\/en\/product\/concept-by-katia-bereber\/\" \/>\n<meta property=\"og:locale\" content=\"en_US\" \/>\n<meta property=\"og:type\" content=\"article\" \/>\n<meta property=\"og:title\" content=\"Concept by Katia Bereber - Happyinaknit.com\" \/>\n<meta property=\"og:description\" content=\"Concept by Katia Bereber \u2013 tai eleganti\u0161ki, \u0161velniai \u017evilgantys si\u016blai, kuriuose nat\u016bralus medviln\u0117s ir viskoz\u0117s \u201eEcoVero\u201c derinys papildytas subtiliu metalizuoto poliesterio blizgesiu. \u0160ie si\u016blai sukurti vasaros ir tarpsezonio mezginiams \u2013 jie lengvi, kv\u0117puojantys ir suteikia gaminiams \u0161vytin\u010dios prabangos. Tinka megztiniams, palaidin\u0117ms ar lengviems kardiganams. Sud\u0117tis: 75 % medviln\u0117, 18 % viskoz\u0117 EcoVero, 5 % poliesteris, [&hellip;]\" \/>\n<meta property=\"og:url\" content=\"https:\/\/happyinaknit.com\/en\/product\/concept-by-katia-bereber\/\" \/>\n<meta property=\"og:site_name\" content=\"Happyinaknit.com\" \/>\n<meta property=\"article:modified_time\" content=\"2025-12-06T20:55:41+00:00\" \/>\n<meta property=\"og:image\" content=\"https:\/\/happyinaknit.com\/wp-content\/uploads\/2025\/10\/IMG_9588.jpg\" \/>\n\t<meta property=\"og:image:width\" content=\"1320\" \/>\n\t<meta property=\"og:image:height\" content=\"1420\" \/>\n\t<meta property=\"og:image:type\" content=\"image\/jpeg\" \/>\n<meta name=\"twitter:card\" content=\"summary_large_image\" \/>\n<meta name=\"twitter:label1\" content=\"Est. reading time\" \/>\n\t<meta name=\"twitter:data1\" content=\"1 minute\" \/>\n<script type=\"application\/ld+json\" class=\"yoast-schema-graph\">{\"@context\":\"https:\/\/schema.org\",\"@graph\":[{\"@type\":\"WebPage\",\"@id\":\"https:\/\/happyinaknit.com\/produktas\/concept-by-katia-bereber\/\",\"url\":\"https:\/\/happyinaknit.com\/produktas\/concept-by-katia-bereber\/\",\"name\":\"Concept by Katia Bereber - Happyinaknit.com\",\"isPartOf\":{\"@id\":\"https:\/\/happyinaknit.com\/lt\/#website\"},\"primaryImageOfPage\":{\"@id\":\"https:\/\/happyinaknit.com\/produktas\/concept-by-katia-bereber\/#primaryimage\"},\"image\":{\"@id\":\"https:\/\/happyinaknit.com\/produktas\/concept-by-katia-bereber\/#primaryimage\"},\"thumbnailUrl\":\"https:\/\/happyinaknit.com\/wp-content\/uploads\/2025\/10\/IMG_9588.jpg\",\"datePublished\":\"2025-10-15T20:45:56+00:00\",\"dateModified\":\"2025-12-06T20:55:41+00:00\",\"breadcrumb\":{\"@id\":\"https:\/\/happyinaknit.com\/produktas\/concept-by-katia-bereber\/#breadcrumb\"},\"inLanguage\":\"en-US\",\"potentialAction\":[{\"@type\":\"ReadAction\",\"target\":[\"https:\/\/happyinaknit.com\/produktas\/concept-by-katia-bereber\/\"]}]},{\"@type\":\"ImageObject\",\"inLanguage\":\"en-US\",\"@id\":\"https:\/\/happyinaknit.com\/produktas\/concept-by-katia-bereber\/#primaryimage\",\"url\":\"https:\/\/happyinaknit.com\/wp-content\/uploads\/2025\/10\/IMG_9588.jpg\",\"contentUrl\":\"https:\/\/happyinaknit.com\/wp-content\/uploads\/2025\/10\/IMG_9588.jpg\",\"width\":1320,\"height\":1420},{\"@type\":\"BreadcrumbList\",\"@id\":\"https:\/\/happyinaknit.com\/produktas\/concept-by-katia-bereber\/#breadcrumb\",\"itemListElement\":[{\"@type\":\"ListItem\",\"position\":1,\"name\":\"Home\",\"item\":\"https:\/\/happyinaknit.com\/lt\/\"},{\"@type\":\"ListItem\",\"position\":2,\"name\":\"Parduotuv\u0117\",\"item\":\"https:\/\/happyinaknit.com\/lt\/parduotuve\/\"},{\"@type\":\"ListItem\",\"position\":3,\"name\":\"Concept by Katia Bereber\"}]},{\"@type\":\"WebSite\",\"@id\":\"https:\/\/happyinaknit.com\/lt\/#website\",\"url\":\"https:\/\/happyinaknit.com\/lt\/\",\"name\":\"Happyinaknit.com\",\"description\":\"\",\"potentialAction\":[{\"@type\":\"SearchAction\",\"target\":{\"@type\":\"EntryPoint\",\"urlTemplate\":\"https:\/\/happyinaknit.com\/lt\/?s={search_term_string}\"},\"query-input\":{\"@type\":\"PropertyValueSpecification\",\"valueRequired\":true,\"valueName\":\"search_term_string\"}}],\"inLanguage\":\"en-US\"}]}<\/script>\n<!-- \/ Yoast SEO plugin. -->","yoast_head_json":{"title":"Concept by Katia Bereber - Happyinaknit.com","robots":{"index":"index","follow":"follow","max-snippet":"max-snippet:-1","max-image-preview":"max-image-preview:large","max-video-preview":"max-video-preview:-1"},"canonical":"https:\/\/happyinaknit.com\/en\/product\/concept-by-katia-bereber\/","og_locale":"en_US","og_type":"article","og_title":"Concept by Katia Bereber - Happyinaknit.com","og_description":"Concept by Katia Bereber \u2013 tai eleganti\u0161ki, \u0161velniai \u017evilgantys si\u016blai, kuriuose nat\u016bralus medviln\u0117s ir viskoz\u0117s \u201eEcoVero\u201c derinys papildytas subtiliu metalizuoto poliesterio blizgesiu. \u0160ie si\u016blai sukurti vasaros ir tarpsezonio mezginiams \u2013 jie lengvi, kv\u0117puojantys ir suteikia gaminiams \u0161vytin\u010dios prabangos. Tinka megztiniams, palaidin\u0117ms ar lengviems kardiganams. Sud\u0117tis: 75 % medviln\u0117, 18 % viskoz\u0117 EcoVero, 5 % poliesteris, [&hellip;]","og_url":"https:\/\/happyinaknit.com\/en\/product\/concept-by-katia-bereber\/","og_site_name":"Happyinaknit.com","article_modified_time":"2025-12-06T20:55:41+00:00","og_image":[{"width":1320,"height":1420,"url":"https:\/\/happyinaknit.com\/wp-content\/uploads\/2025\/10\/IMG_9588.jpg","type":"image\/jpeg"}],"twitter_card":"summary_large_image","twitter_misc":{"Est. reading time":"1 minute"},"schema":{"@context":"https:\/\/schema.org","@graph":[{"@type":"WebPage","@id":"https:\/\/happyinaknit.com\/produktas\/concept-by-katia-bereber\/","url":"https:\/\/happyinaknit.com\/produktas\/concept-by-katia-bereber\/","name":"Concept by Katia Bereber - Happyinaknit.com","isPartOf":{"@id":"https:\/\/happyinaknit.com\/lt\/#website"},"primaryImageOfPage":{"@id":"https:\/\/happyinaknit.com\/produktas\/concept-by-katia-bereber\/#primaryimage"},"image":{"@id":"https:\/\/happyinaknit.com\/produktas\/concept-by-katia-bereber\/#primaryimage"},"thumbnailUrl":"https:\/\/happyinaknit.com\/wp-content\/uploads\/2025\/10\/IMG_9588.jpg","datePublished":"2025-10-15T20:45:56+00:00","dateModified":"2025-12-06T20:55:41+00:00","breadcrumb":{"@id":"https:\/\/happyinaknit.com\/produktas\/concept-by-katia-bereber\/#breadcrumb"},"inLanguage":"en-US","potentialAction":[{"@type":"ReadAction","target":["https:\/\/happyinaknit.com\/produktas\/concept-by-katia-bereber\/"]}]},{"@type":"ImageObject","inLanguage":"en-US","@id":"https:\/\/happyinaknit.com\/produktas\/concept-by-katia-bereber\/#primaryimage","url":"https:\/\/happyinaknit.com\/wp-content\/uploads\/2025\/10\/IMG_9588.jpg","contentUrl":"https:\/\/happyinaknit.com\/wp-content\/uploads\/2025\/10\/IMG_9588.jpg","width":1320,"height":1420},{"@type":"BreadcrumbList","@id":"https:\/\/happyinaknit.com\/produktas\/concept-by-katia-bereber\/#breadcrumb","itemListElement":[{"@type":"ListItem","position":1,"name":"Home","item":"https:\/\/happyinaknit.com\/lt\/"},{"@type":"ListItem","position":2,"name":"Parduotuv\u0117","item":"https:\/\/happyinaknit.com\/lt\/parduotuve\/"},{"@type":"ListItem","position":3,"name":"Concept by Katia Bereber"}]},{"@type":"WebSite","@id":"https:\/\/happyinaknit.com\/lt\/#website","url":"https:\/\/happyinaknit.com\/lt\/","name":"Happyinaknit.com","description":"","potentialAction":[{"@type":"SearchAction","target":{"@type":"EntryPoint","urlTemplate":"https:\/\/happyinaknit.com\/lt\/?s={search_term_string}"},"query-input":{"@type":"PropertyValueSpecification","valueRequired":true,"valueName":"search_term_string"}}],"inLanguage":"en-US"}]}},"_links":{"self":[{"href":"https:\/\/happyinaknit.com\/en\/wp-json\/wp\/v2\/product\/5398","targetHints":{"allow":["GET"]}}],"collection":[{"href":"https:\/\/happyinaknit.com\/en\/wp-json\/wp\/v2\/product"}],"about":[{"href":"https:\/\/happyinaknit.com\/en\/wp-json\/wp\/v2\/types\/product"}],"replies":[{"embeddable":true,"href":"https:\/\/happyinaknit.com\/en\/wp-json\/wp\/v2\/comments?post=5398"}],"wp:featuredmedia":[{"embeddable":true,"href":"https:\/\/happyinaknit.com\/en\/wp-json\/wp\/v2\/media\/4689"}],"wp:attachment":[{"href":"https:\/\/happyinaknit.com\/en\/wp-json\/wp\/v2\/media?parent=5398"}],"wp:term":[{"taxonomy":"product_brand","embeddable":true,"href":"https:\/\/happyinaknit.com\/en\/wp-json\/wp\/v2\/product_brand?post=5398"},{"taxonomy":"product_cat","embeddable":true,"href":"https:\/\/happyinaknit.com\/en\/wp-json\/wp\/v2\/product_cat?post=5398"},{"taxonomy":"product_tag","embeddable":true,"href":"https:\/\/happyinaknit.com\/en\/wp-json\/wp\/v2\/product_tag?post=5398"},{"taxonomy":"pro-kategorijos","embeddable":true,"href":"https:\/\/happyinaknit.com\/en\/wp-json\/wp\/v2\/pro-kategorijos?post=5398"}],"curies":[{"name":"wp","href":"https:\/\/api.w.org\/{rel}","templated":true}]}}