{"id":5341,"date":"2025-10-15T19:10:59","date_gmt":"2025-10-15T19:10:59","guid":{"rendered":"https:\/\/happyinaknit.com\/?post_type=product&#038;p=5341"},"modified":"2025-11-13T19:59:49","modified_gmt":"2025-11-13T19:59:49","slug":"concept-by-katia-pure","status":"publish","type":"product","link":"https:\/\/happyinaknit.com\/en\/product\/concept-by-katia-pure\/","title":{"rendered":"Concept by Katia Pure"},"content":{"rendered":"<p data-start=\"31\" data-end=\"475\"><strong data-start=\"31\" data-end=\"56\">Concept by Katia Pure<\/strong> \u2013 is a luxurious, ultra-soft yarn made from 100 % Pima cotton grown on the northern coast of Peru. These cord-structured yarns are light, fluffy and at the same time thick enough, so knits from them are knitted quickly and comfortably. Perfect for all-year-round knits \u2013 from light sweaters to summer tops or cardigans. The yarns gently fit the body, have a pleasant natural sheen and are of exceptional quality.<\/p>\n<p data-start=\"477\" data-end=\"711\"><strong data-start=\"477\" data-end=\"489\">Composition:<\/strong> 100 % Pima cotton<br data-start=\"509\" data-end=\"512\" \/><strong data-start=\"512\" data-end=\"531\">Weight\/Length:<\/strong> 50 g - 100 m<br data-start=\"544\" data-end=\"547\" \/><strong data-start=\"547\" data-end=\"575\" data-is-only-node=\"\">Recommended needles:<\/strong> 4.5 \u2013 5.0 mm<br data-start=\"588\" data-end=\"591\" \/><strong data-start=\"591\" data-end=\"604\">Density:<\/strong> 10 \u00d7 10 cm \u2013 19 stitches \u00d7 24 rows<br data-start=\"636\" data-end=\"639\" \/><strong data-start=\"639\" data-end=\"666\">Approximate consumption:<\/strong> for a sweater (size 42) \u2013 about 8 balls<\/p>\n<p data-start=\"713\" data-end=\"850\"><strong data-start=\"713\" data-end=\"727\">Care:<\/strong><br data-start=\"727\" data-end=\"730\" \/>Wash by hand at a temperature not exceeding 30\u00b0C, dry flat, do not iron with a hot iron.<\/p>\n<p data-start=\"852\" data-end=\"940\" data-is-last-node=\"\" data-is-only-node=\"\"><strong data-start=\"852\" data-end=\"864\">Note:<\/strong> Color shades may vary slightly depending on your device&#039;s screen.<\/p>","protected":false},"excerpt":{"rendered":"<p>Concept by Katia Pure \u2013 tai prabang\u016bs, itin \u0161veln\u016bs si\u016blai i\u0161 100 % Pima medviln\u0117s, augintos \u0161iaurin\u0117je Peru pakrant\u0117je. \u0160ie virvelio strukt\u016bros si\u016blai yra lengvi, pur\u016bs ir tuo pa\u010diu pakankamai stori, tod\u0117l mezginiai i\u0161 j\u0173 mezgami greitai ir patogiai. Puikiai tinka vis\u0173 met\u0173 mezginiams \u2013 nuo lengv\u0173 megztini\u0173 iki vasarini\u0173 top\u0173 ar kardigan\u0173. Si\u016blai \u0161velniai [&hellip;]<\/p>\n","protected":false},"featured_media":4720,"comment_status":"open","ping_status":"closed","template":"","meta":{"_acf_changed":false},"product_brand":[69],"product_cat":[15,182,18],"product_tag":[33],"pro-kategorijos":[55],"class_list":{"0":"post-5341","1":"product","2":"type-product","3":"status-publish","4":"has-post-thumbnail","6":"product_brand-concept-by-katia","7":"product_cat-visi-produktai","8":"product_cat-ispardavimas","9":"product_cat-siulai","10":"product_tag-ispardavimas","11":"pro-kategorijos-medvilne","13":"first","14":"instock","15":"sale","16":"shipping-taxable","17":"purchasable","18":"product-type-variable"},"acf":[],"yoast_head":"<!-- This site is optimized with the Yoast SEO plugin v26.8 - https:\/\/yoast.com\/product\/yoast-seo-wordpress\/ -->\n<title>Concept by Katia Pure - Happyinaknit.com<\/title>\n<meta name=\"robots\" content=\"index, follow, max-snippet:-1, max-image-preview:large, max-video-preview:-1\" \/>\n<link rel=\"canonical\" href=\"https:\/\/happyinaknit.com\/en\/product\/concept-by-katia-pure\/\" \/>\n<meta property=\"og:locale\" content=\"en_US\" \/>\n<meta property=\"og:type\" content=\"article\" \/>\n<meta property=\"og:title\" content=\"Concept by Katia Pure - Happyinaknit.com\" \/>\n<meta property=\"og:description\" content=\"Concept by Katia Pure \u2013 tai prabang\u016bs, itin \u0161veln\u016bs si\u016blai i\u0161 100 % Pima medviln\u0117s, augintos \u0161iaurin\u0117je Peru pakrant\u0117je. \u0160ie virvelio strukt\u016bros si\u016blai yra lengvi, pur\u016bs ir tuo pa\u010diu pakankamai stori, tod\u0117l mezginiai i\u0161 j\u0173 mezgami greitai ir patogiai. Puikiai tinka vis\u0173 met\u0173 mezginiams \u2013 nuo lengv\u0173 megztini\u0173 iki vasarini\u0173 top\u0173 ar kardigan\u0173. Si\u016blai \u0161velniai [&hellip;]\" \/>\n<meta property=\"og:url\" content=\"https:\/\/happyinaknit.com\/en\/product\/concept-by-katia-pure\/\" \/>\n<meta property=\"og:site_name\" content=\"Happyinaknit.com\" \/>\n<meta property=\"article:modified_time\" content=\"2025-11-13T19:59:49+00:00\" \/>\n<meta property=\"og:image\" content=\"https:\/\/happyinaknit.com\/wp-content\/uploads\/2025\/10\/IMG_9556.jpg\" \/>\n\t<meta property=\"og:image:width\" content=\"1320\" \/>\n\t<meta property=\"og:image:height\" content=\"1125\" \/>\n\t<meta property=\"og:image:type\" content=\"image\/jpeg\" \/>\n<meta name=\"twitter:card\" content=\"summary_large_image\" \/>\n<meta name=\"twitter:label1\" content=\"Est. reading time\" \/>\n\t<meta name=\"twitter:data1\" content=\"1 minute\" \/>\n<script type=\"application\/ld+json\" class=\"yoast-schema-graph\">{\"@context\":\"https:\/\/schema.org\",\"@graph\":[{\"@type\":\"WebPage\",\"@id\":\"https:\/\/happyinaknit.com\/produktas\/concept-by-katia-pure\/\",\"url\":\"https:\/\/happyinaknit.com\/produktas\/concept-by-katia-pure\/\",\"name\":\"Concept by Katia Pure - Happyinaknit.com\",\"isPartOf\":{\"@id\":\"https:\/\/happyinaknit.com\/lt\/#website\"},\"primaryImageOfPage\":{\"@id\":\"https:\/\/happyinaknit.com\/produktas\/concept-by-katia-pure\/#primaryimage\"},\"image\":{\"@id\":\"https:\/\/happyinaknit.com\/produktas\/concept-by-katia-pure\/#primaryimage\"},\"thumbnailUrl\":\"https:\/\/happyinaknit.com\/wp-content\/uploads\/2025\/10\/IMG_9556.jpg\",\"datePublished\":\"2025-10-15T19:10:59+00:00\",\"dateModified\":\"2025-11-13T19:59:49+00:00\",\"breadcrumb\":{\"@id\":\"https:\/\/happyinaknit.com\/produktas\/concept-by-katia-pure\/#breadcrumb\"},\"inLanguage\":\"en-US\",\"potentialAction\":[{\"@type\":\"ReadAction\",\"target\":[\"https:\/\/happyinaknit.com\/produktas\/concept-by-katia-pure\/\"]}]},{\"@type\":\"ImageObject\",\"inLanguage\":\"en-US\",\"@id\":\"https:\/\/happyinaknit.com\/produktas\/concept-by-katia-pure\/#primaryimage\",\"url\":\"https:\/\/happyinaknit.com\/wp-content\/uploads\/2025\/10\/IMG_9556.jpg\",\"contentUrl\":\"https:\/\/happyinaknit.com\/wp-content\/uploads\/2025\/10\/IMG_9556.jpg\",\"width\":1320,\"height\":1125},{\"@type\":\"BreadcrumbList\",\"@id\":\"https:\/\/happyinaknit.com\/produktas\/concept-by-katia-pure\/#breadcrumb\",\"itemListElement\":[{\"@type\":\"ListItem\",\"position\":1,\"name\":\"Home\",\"item\":\"https:\/\/happyinaknit.com\/lt\/\"},{\"@type\":\"ListItem\",\"position\":2,\"name\":\"Parduotuv\u0117\",\"item\":\"https:\/\/happyinaknit.com\/lt\/parduotuve\/\"},{\"@type\":\"ListItem\",\"position\":3,\"name\":\"Concept by Katia Pure\"}]},{\"@type\":\"WebSite\",\"@id\":\"https:\/\/happyinaknit.com\/lt\/#website\",\"url\":\"https:\/\/happyinaknit.com\/lt\/\",\"name\":\"Happyinaknit.com\",\"description\":\"\",\"potentialAction\":[{\"@type\":\"SearchAction\",\"target\":{\"@type\":\"EntryPoint\",\"urlTemplate\":\"https:\/\/happyinaknit.com\/lt\/?s={search_term_string}\"},\"query-input\":{\"@type\":\"PropertyValueSpecification\",\"valueRequired\":true,\"valueName\":\"search_term_string\"}}],\"inLanguage\":\"en-US\"}]}<\/script>\n<!-- \/ Yoast SEO plugin. -->","yoast_head_json":{"title":"Concept by Katia Pure - Happyinaknit.com","robots":{"index":"index","follow":"follow","max-snippet":"max-snippet:-1","max-image-preview":"max-image-preview:large","max-video-preview":"max-video-preview:-1"},"canonical":"https:\/\/happyinaknit.com\/en\/product\/concept-by-katia-pure\/","og_locale":"en_US","og_type":"article","og_title":"Concept by Katia Pure - Happyinaknit.com","og_description":"Concept by Katia Pure \u2013 tai prabang\u016bs, itin \u0161veln\u016bs si\u016blai i\u0161 100 % Pima medviln\u0117s, augintos \u0161iaurin\u0117je Peru pakrant\u0117je. \u0160ie virvelio strukt\u016bros si\u016blai yra lengvi, pur\u016bs ir tuo pa\u010diu pakankamai stori, tod\u0117l mezginiai i\u0161 j\u0173 mezgami greitai ir patogiai. Puikiai tinka vis\u0173 met\u0173 mezginiams \u2013 nuo lengv\u0173 megztini\u0173 iki vasarini\u0173 top\u0173 ar kardigan\u0173. Si\u016blai \u0161velniai [&hellip;]","og_url":"https:\/\/happyinaknit.com\/en\/product\/concept-by-katia-pure\/","og_site_name":"Happyinaknit.com","article_modified_time":"2025-11-13T19:59:49+00:00","og_image":[{"width":1320,"height":1125,"url":"https:\/\/happyinaknit.com\/wp-content\/uploads\/2025\/10\/IMG_9556.jpg","type":"image\/jpeg"}],"twitter_card":"summary_large_image","twitter_misc":{"Est. reading time":"1 minute"},"schema":{"@context":"https:\/\/schema.org","@graph":[{"@type":"WebPage","@id":"https:\/\/happyinaknit.com\/produktas\/concept-by-katia-pure\/","url":"https:\/\/happyinaknit.com\/produktas\/concept-by-katia-pure\/","name":"Concept by Katia Pure - Happyinaknit.com","isPartOf":{"@id":"https:\/\/happyinaknit.com\/lt\/#website"},"primaryImageOfPage":{"@id":"https:\/\/happyinaknit.com\/produktas\/concept-by-katia-pure\/#primaryimage"},"image":{"@id":"https:\/\/happyinaknit.com\/produktas\/concept-by-katia-pure\/#primaryimage"},"thumbnailUrl":"https:\/\/happyinaknit.com\/wp-content\/uploads\/2025\/10\/IMG_9556.jpg","datePublished":"2025-10-15T19:10:59+00:00","dateModified":"2025-11-13T19:59:49+00:00","breadcrumb":{"@id":"https:\/\/happyinaknit.com\/produktas\/concept-by-katia-pure\/#breadcrumb"},"inLanguage":"en-US","potentialAction":[{"@type":"ReadAction","target":["https:\/\/happyinaknit.com\/produktas\/concept-by-katia-pure\/"]}]},{"@type":"ImageObject","inLanguage":"en-US","@id":"https:\/\/happyinaknit.com\/produktas\/concept-by-katia-pure\/#primaryimage","url":"https:\/\/happyinaknit.com\/wp-content\/uploads\/2025\/10\/IMG_9556.jpg","contentUrl":"https:\/\/happyinaknit.com\/wp-content\/uploads\/2025\/10\/IMG_9556.jpg","width":1320,"height":1125},{"@type":"BreadcrumbList","@id":"https:\/\/happyinaknit.com\/produktas\/concept-by-katia-pure\/#breadcrumb","itemListElement":[{"@type":"ListItem","position":1,"name":"Home","item":"https:\/\/happyinaknit.com\/lt\/"},{"@type":"ListItem","position":2,"name":"Parduotuv\u0117","item":"https:\/\/happyinaknit.com\/lt\/parduotuve\/"},{"@type":"ListItem","position":3,"name":"Concept by Katia Pure"}]},{"@type":"WebSite","@id":"https:\/\/happyinaknit.com\/lt\/#website","url":"https:\/\/happyinaknit.com\/lt\/","name":"Happyinaknit.com","description":"","potentialAction":[{"@type":"SearchAction","target":{"@type":"EntryPoint","urlTemplate":"https:\/\/happyinaknit.com\/lt\/?s={search_term_string}"},"query-input":{"@type":"PropertyValueSpecification","valueRequired":true,"valueName":"search_term_string"}}],"inLanguage":"en-US"}]}},"_links":{"self":[{"href":"https:\/\/happyinaknit.com\/en\/wp-json\/wp\/v2\/product\/5341","targetHints":{"allow":["GET"]}}],"collection":[{"href":"https:\/\/happyinaknit.com\/en\/wp-json\/wp\/v2\/product"}],"about":[{"href":"https:\/\/happyinaknit.com\/en\/wp-json\/wp\/v2\/types\/product"}],"replies":[{"embeddable":true,"href":"https:\/\/happyinaknit.com\/en\/wp-json\/wp\/v2\/comments?post=5341"}],"wp:featuredmedia":[{"embeddable":true,"href":"https:\/\/happyinaknit.com\/en\/wp-json\/wp\/v2\/media\/4720"}],"wp:attachment":[{"href":"https:\/\/happyinaknit.com\/en\/wp-json\/wp\/v2\/media?parent=5341"}],"wp:term":[{"taxonomy":"product_brand","embeddable":true,"href":"https:\/\/happyinaknit.com\/en\/wp-json\/wp\/v2\/product_brand?post=5341"},{"taxonomy":"product_cat","embeddable":true,"href":"https:\/\/happyinaknit.com\/en\/wp-json\/wp\/v2\/product_cat?post=5341"},{"taxonomy":"product_tag","embeddable":true,"href":"https:\/\/happyinaknit.com\/en\/wp-json\/wp\/v2\/product_tag?post=5341"},{"taxonomy":"pro-kategorijos","embeddable":true,"href":"https:\/\/happyinaknit.com\/en\/wp-json\/wp\/v2\/pro-kategorijos?post=5341"}],"curies":[{"name":"wp","href":"https:\/\/api.w.org\/{rel}","templated":true}]}}