{"id":5337,"date":"2025-10-15T18:40:19","date_gmt":"2025-10-15T18:40:19","guid":{"rendered":"https:\/\/happyinaknit.com\/?post_type=product&#038;p=5337"},"modified":"2026-02-08T17:20:45","modified_gmt":"2026-02-08T17:20:45","slug":"dovanu-kuponas","status":"publish","type":"product","link":"https:\/\/happyinaknit.com\/en\/product\/dovanu-kuponas\/","title":{"rendered":"A gift certificate is the perfect gift for any occasion!"},"content":{"rendered":"<p>Not sure which colors or threads you like best? Give the gift of choosing for yourself! After payment, the gift voucher is automatically sent to the specified email address. The recipient can use it to pay for any goods in our online store.<\/p>\n<p>Details:<br \/>\n\u2022 Electronic coupon sent by email<br \/>\n\u2022 Available denominations: \u20ac25, \u20ac50, \u20ac75, \u20ac100, \u20ac150<br \/>\n\u2022 Expiration date \u2013 12 months from date of purchase<br \/>\n\u2022 Valid for all products in our online store<\/p>\n<p>A great gift for Christmas, birthday or just from the heart!<\/p>","protected":false},"excerpt":{"rendered":"<p>Ne\u017einote, kokios spalvos ar si\u016blai labiausiai patiks? Padovanokite galimyb\u0119 pasirinkti patiems! Po apmok\u0117jimo dovan\u0173 kuponas automati\u0161kai i\u0161siun\u010diamas nurodytu el. pa\u0161to adresu. Gav\u0117jas gali juo atsiskaityti u\u017e bet kurias prekes m\u016bs\u0173 elektronin\u0117je parduotuv\u0117je. Detal\u0117s: \u2022 Elektroninis kuponas siun\u010diamas el. pa\u0161tu \u2022 Galimi nominalai: 25 \u20ac, 50 \u20ac, 75 \u20ac, 100 \u20ac, 150 \u20ac \u2022 Galiojimo laikas [&hellip;]<\/p>\n","protected":false},"featured_media":5622,"comment_status":"open","ping_status":"closed","template":"","meta":{"_acf_changed":false},"product_brand":[],"product_cat":[15,1276],"product_tag":[],"pro-kategorijos":[],"class_list":{"0":"post-5337","1":"product","2":"type-product","3":"status-publish","4":"has-post-thumbnail","6":"product_cat-visi-produktai","7":"product_cat-dovanu-kuponai","9":"first","10":"instock","11":"shipping-taxable","12":"purchasable","13":"product-type-variable"},"acf":[],"yoast_head":"<!-- This site is optimized with the Yoast SEO plugin v26.8 - https:\/\/yoast.com\/product\/yoast-seo-wordpress\/ -->\n<title>Dovan\u0173 kuponas \u2013 tobula dovana bet kokiai progai! - Happyinaknit.com<\/title>\n<meta name=\"robots\" content=\"index, follow, max-snippet:-1, max-image-preview:large, max-video-preview:-1\" \/>\n<link rel=\"canonical\" href=\"https:\/\/happyinaknit.com\/en\/product\/dovanu-kuponas\/\" \/>\n<meta property=\"og:locale\" content=\"en_US\" \/>\n<meta property=\"og:type\" content=\"article\" \/>\n<meta property=\"og:title\" content=\"Dovan\u0173 kuponas \u2013 tobula dovana bet kokiai progai! - Happyinaknit.com\" \/>\n<meta property=\"og:description\" content=\"Ne\u017einote, kokios spalvos ar si\u016blai labiausiai patiks? Padovanokite galimyb\u0119 pasirinkti patiems! Po apmok\u0117jimo dovan\u0173 kuponas automati\u0161kai i\u0161siun\u010diamas nurodytu el. pa\u0161to adresu. Gav\u0117jas gali juo atsiskaityti u\u017e bet kurias prekes m\u016bs\u0173 elektronin\u0117je parduotuv\u0117je. Detal\u0117s: \u2022 Elektroninis kuponas siun\u010diamas el. pa\u0161tu \u2022 Galimi nominalai: 25 \u20ac, 50 \u20ac, 75 \u20ac, 100 \u20ac, 150 \u20ac \u2022 Galiojimo laikas [&hellip;]\" \/>\n<meta property=\"og:url\" content=\"https:\/\/happyinaknit.com\/en\/product\/dovanu-kuponas\/\" \/>\n<meta property=\"og:site_name\" content=\"Happyinaknit.com\" \/>\n<meta property=\"article:modified_time\" content=\"2026-02-08T17:20:45+00:00\" \/>\n<meta property=\"og:image\" content=\"https:\/\/happyinaknit.com\/wp-content\/uploads\/2025\/10\/gift-voucher-scaled.jpg\" \/>\n\t<meta property=\"og:image:width\" content=\"2560\" \/>\n\t<meta property=\"og:image:height\" content=\"1920\" \/>\n\t<meta property=\"og:image:type\" content=\"image\/jpeg\" \/>\n<meta name=\"twitter:card\" content=\"summary_large_image\" \/>\n<meta name=\"twitter:label1\" content=\"Est. reading time\" \/>\n\t<meta name=\"twitter:data1\" content=\"1 minute\" \/>\n<script type=\"application\/ld+json\" class=\"yoast-schema-graph\">{\"@context\":\"https:\/\/schema.org\",\"@graph\":[{\"@type\":\"WebPage\",\"@id\":\"https:\/\/happyinaknit.com\/produktas\/dovanu-kuponas\/\",\"url\":\"https:\/\/happyinaknit.com\/produktas\/dovanu-kuponas\/\",\"name\":\"Dovan\u0173 kuponas \u2013 tobula dovana bet kokiai progai! - Happyinaknit.com\",\"isPartOf\":{\"@id\":\"https:\/\/happyinaknit.com\/lt\/#website\"},\"primaryImageOfPage\":{\"@id\":\"https:\/\/happyinaknit.com\/produktas\/dovanu-kuponas\/#primaryimage\"},\"image\":{\"@id\":\"https:\/\/happyinaknit.com\/produktas\/dovanu-kuponas\/#primaryimage\"},\"thumbnailUrl\":\"https:\/\/happyinaknit.com\/wp-content\/uploads\/2025\/10\/gift-voucher-scaled.jpg\",\"datePublished\":\"2025-10-15T18:40:19+00:00\",\"dateModified\":\"2026-02-08T17:20:45+00:00\",\"breadcrumb\":{\"@id\":\"https:\/\/happyinaknit.com\/produktas\/dovanu-kuponas\/#breadcrumb\"},\"inLanguage\":\"en-US\",\"potentialAction\":[{\"@type\":\"ReadAction\",\"target\":[\"https:\/\/happyinaknit.com\/produktas\/dovanu-kuponas\/\"]}]},{\"@type\":\"ImageObject\",\"inLanguage\":\"en-US\",\"@id\":\"https:\/\/happyinaknit.com\/produktas\/dovanu-kuponas\/#primaryimage\",\"url\":\"https:\/\/happyinaknit.com\/wp-content\/uploads\/2025\/10\/gift-voucher-scaled.jpg\",\"contentUrl\":\"https:\/\/happyinaknit.com\/wp-content\/uploads\/2025\/10\/gift-voucher-scaled.jpg\",\"width\":2560,\"height\":1920},{\"@type\":\"BreadcrumbList\",\"@id\":\"https:\/\/happyinaknit.com\/produktas\/dovanu-kuponas\/#breadcrumb\",\"itemListElement\":[{\"@type\":\"ListItem\",\"position\":1,\"name\":\"Home\",\"item\":\"https:\/\/happyinaknit.com\/lt\/\"},{\"@type\":\"ListItem\",\"position\":2,\"name\":\"Parduotuv\u0117\",\"item\":\"https:\/\/happyinaknit.com\/lt\/parduotuve\/\"},{\"@type\":\"ListItem\",\"position\":3,\"name\":\"Dovan\u0173 kuponas \u2013 tobula dovana bet kokiai progai!\"}]},{\"@type\":\"WebSite\",\"@id\":\"https:\/\/happyinaknit.com\/lt\/#website\",\"url\":\"https:\/\/happyinaknit.com\/lt\/\",\"name\":\"Happyinaknit.com\",\"description\":\"\",\"potentialAction\":[{\"@type\":\"SearchAction\",\"target\":{\"@type\":\"EntryPoint\",\"urlTemplate\":\"https:\/\/happyinaknit.com\/lt\/?s={search_term_string}\"},\"query-input\":{\"@type\":\"PropertyValueSpecification\",\"valueRequired\":true,\"valueName\":\"search_term_string\"}}],\"inLanguage\":\"en-US\"}]}<\/script>\n<!-- \/ Yoast SEO plugin. -->","yoast_head_json":{"title":"Dovan\u0173 kuponas \u2013 tobula dovana bet kokiai progai! - Happyinaknit.com","robots":{"index":"index","follow":"follow","max-snippet":"max-snippet:-1","max-image-preview":"max-image-preview:large","max-video-preview":"max-video-preview:-1"},"canonical":"https:\/\/happyinaknit.com\/en\/product\/dovanu-kuponas\/","og_locale":"en_US","og_type":"article","og_title":"Dovan\u0173 kuponas \u2013 tobula dovana bet kokiai progai! - Happyinaknit.com","og_description":"Ne\u017einote, kokios spalvos ar si\u016blai labiausiai patiks? Padovanokite galimyb\u0119 pasirinkti patiems! Po apmok\u0117jimo dovan\u0173 kuponas automati\u0161kai i\u0161siun\u010diamas nurodytu el. pa\u0161to adresu. Gav\u0117jas gali juo atsiskaityti u\u017e bet kurias prekes m\u016bs\u0173 elektronin\u0117je parduotuv\u0117je. Detal\u0117s: \u2022 Elektroninis kuponas siun\u010diamas el. pa\u0161tu \u2022 Galimi nominalai: 25 \u20ac, 50 \u20ac, 75 \u20ac, 100 \u20ac, 150 \u20ac \u2022 Galiojimo laikas [&hellip;]","og_url":"https:\/\/happyinaknit.com\/en\/product\/dovanu-kuponas\/","og_site_name":"Happyinaknit.com","article_modified_time":"2026-02-08T17:20:45+00:00","og_image":[{"width":2560,"height":1920,"url":"https:\/\/happyinaknit.com\/wp-content\/uploads\/2025\/10\/gift-voucher-scaled.jpg","type":"image\/jpeg"}],"twitter_card":"summary_large_image","twitter_misc":{"Est. reading time":"1 minute"},"schema":{"@context":"https:\/\/schema.org","@graph":[{"@type":"WebPage","@id":"https:\/\/happyinaknit.com\/produktas\/dovanu-kuponas\/","url":"https:\/\/happyinaknit.com\/produktas\/dovanu-kuponas\/","name":"Dovan\u0173 kuponas \u2013 tobula dovana bet kokiai progai! - Happyinaknit.com","isPartOf":{"@id":"https:\/\/happyinaknit.com\/lt\/#website"},"primaryImageOfPage":{"@id":"https:\/\/happyinaknit.com\/produktas\/dovanu-kuponas\/#primaryimage"},"image":{"@id":"https:\/\/happyinaknit.com\/produktas\/dovanu-kuponas\/#primaryimage"},"thumbnailUrl":"https:\/\/happyinaknit.com\/wp-content\/uploads\/2025\/10\/gift-voucher-scaled.jpg","datePublished":"2025-10-15T18:40:19+00:00","dateModified":"2026-02-08T17:20:45+00:00","breadcrumb":{"@id":"https:\/\/happyinaknit.com\/produktas\/dovanu-kuponas\/#breadcrumb"},"inLanguage":"en-US","potentialAction":[{"@type":"ReadAction","target":["https:\/\/happyinaknit.com\/produktas\/dovanu-kuponas\/"]}]},{"@type":"ImageObject","inLanguage":"en-US","@id":"https:\/\/happyinaknit.com\/produktas\/dovanu-kuponas\/#primaryimage","url":"https:\/\/happyinaknit.com\/wp-content\/uploads\/2025\/10\/gift-voucher-scaled.jpg","contentUrl":"https:\/\/happyinaknit.com\/wp-content\/uploads\/2025\/10\/gift-voucher-scaled.jpg","width":2560,"height":1920},{"@type":"BreadcrumbList","@id":"https:\/\/happyinaknit.com\/produktas\/dovanu-kuponas\/#breadcrumb","itemListElement":[{"@type":"ListItem","position":1,"name":"Home","item":"https:\/\/happyinaknit.com\/lt\/"},{"@type":"ListItem","position":2,"name":"Parduotuv\u0117","item":"https:\/\/happyinaknit.com\/lt\/parduotuve\/"},{"@type":"ListItem","position":3,"name":"Dovan\u0173 kuponas \u2013 tobula dovana bet kokiai progai!"}]},{"@type":"WebSite","@id":"https:\/\/happyinaknit.com\/lt\/#website","url":"https:\/\/happyinaknit.com\/lt\/","name":"Happyinaknit.com","description":"","potentialAction":[{"@type":"SearchAction","target":{"@type":"EntryPoint","urlTemplate":"https:\/\/happyinaknit.com\/lt\/?s={search_term_string}"},"query-input":{"@type":"PropertyValueSpecification","valueRequired":true,"valueName":"search_term_string"}}],"inLanguage":"en-US"}]}},"_links":{"self":[{"href":"https:\/\/happyinaknit.com\/en\/wp-json\/wp\/v2\/product\/5337","targetHints":{"allow":["GET"]}}],"collection":[{"href":"https:\/\/happyinaknit.com\/en\/wp-json\/wp\/v2\/product"}],"about":[{"href":"https:\/\/happyinaknit.com\/en\/wp-json\/wp\/v2\/types\/product"}],"replies":[{"embeddable":true,"href":"https:\/\/happyinaknit.com\/en\/wp-json\/wp\/v2\/comments?post=5337"}],"wp:featuredmedia":[{"embeddable":true,"href":"https:\/\/happyinaknit.com\/en\/wp-json\/wp\/v2\/media\/5622"}],"wp:attachment":[{"href":"https:\/\/happyinaknit.com\/en\/wp-json\/wp\/v2\/media?parent=5337"}],"wp:term":[{"taxonomy":"product_brand","embeddable":true,"href":"https:\/\/happyinaknit.com\/en\/wp-json\/wp\/v2\/product_brand?post=5337"},{"taxonomy":"product_cat","embeddable":true,"href":"https:\/\/happyinaknit.com\/en\/wp-json\/wp\/v2\/product_cat?post=5337"},{"taxonomy":"product_tag","embeddable":true,"href":"https:\/\/happyinaknit.com\/en\/wp-json\/wp\/v2\/product_tag?post=5337"},{"taxonomy":"pro-kategorijos","embeddable":true,"href":"https:\/\/happyinaknit.com\/en\/wp-json\/wp\/v2\/pro-kategorijos?post=5337"}],"curies":[{"name":"wp","href":"https:\/\/api.w.org\/{rel}","templated":true}]}}