{"id":5304,"date":"2025-10-15T10:54:19","date_gmt":"2025-10-15T10:54:19","guid":{"rendered":"https:\/\/happyinaknit.com\/?post_type=product&#038;p=5304"},"modified":"2026-01-01T20:48:43","modified_gmt":"2026-01-01T20:48:43","slug":"concept-by-katia-cotton-merino-tweed","status":"publish","type":"product","link":"https:\/\/happyinaknit.com\/en\/product\/concept-by-katia-cotton-merino-tweed\/","title":{"rendered":"Concept by Katia Cotton-Merino Tweed"},"content":{"rendered":"<p data-start=\"46\" data-end=\"502\"><strong data-start=\"46\" data-end=\"86\">Concept by Katia Cotton-Merino Tweed<\/strong> \u2013 is a natural, soft and sustainable yarn made from recycled cotton, Merino Extrafine wool and recycled polyester. This yarn combines the classic tweed effect with a modern approach to ecology. The yarn is soft, slightly fluffy and has subtle color inclusions, making the knitwear look cozy, warm and with a unique character. Perfect for sweaters, vests, scarves or hats.<\/p>\n<p data-start=\"504\" data-end=\"843\"><strong data-start=\"504\" data-end=\"516\">Composition:<\/strong> 53 % recycled cotton, 25 % extrafine merino wool, 22 % recycled polyester<br data-start=\"600\" data-end=\"603\" \/><strong data-start=\"603\" data-end=\"622\">Weight\/Length:<\/strong> 50 g - 105 m<br data-start=\"635\" data-end=\"638\" \/><strong data-start=\"638\" data-end=\"666\" data-is-only-node=\"\">Recommended needles:<\/strong> 4.5 \u2013 5.0 mm<br data-start=\"679\" data-end=\"682\" \/><strong data-start=\"682\" data-end=\"710\">Recommended hook:<\/strong> 4.5 mm<br data-start=\"717\" data-end=\"720\" \/><strong data-start=\"720\" data-end=\"733\">Density:<\/strong> 10 \u00d7 10 cm \u2013 16 stitches \u00d7 23 rows<br data-start=\"765\" data-end=\"768\" \/><strong data-start=\"768\" data-end=\"795\">Approximate consumption:<\/strong> for a sweater (size 44\u201346) \u2013 about 9 balls<\/p>\n<p data-start=\"845\" data-end=\"982\"><strong data-start=\"845\" data-end=\"859\">Care:<\/strong><br data-start=\"859\" data-end=\"862\" \/>Wash by hand at a temperature not exceeding 30\u00b0C, dry flat, do not iron with a hot iron.<\/p>\n<p data-start=\"984\" data-end=\"1072\" data-is-last-node=\"\" data-is-only-node=\"\"><strong data-start=\"984\" data-end=\"996\">Note:<\/strong> Color shades may vary slightly depending on your device&#039;s screen.<\/p>","protected":false},"excerpt":{"rendered":"<p>Concept by Katia Cotton-Merino Tweed \u2013 tai nat\u016bral\u016bs, mink\u0161ti ir tvar\u016bs si\u016blai, pagaminti i\u0161 perdirbtos medviln\u0117s, vilnos \u201eMerino Extrafine\u201c ir perdirbto poliesterio. \u0160iame si\u016ble susilieja klasikinis \u201etvido\u201c efektas ir \u0161iuolaikinis po\u017ei\u016bris \u012f ekologij\u0105. Si\u016blai yra \u0161veln\u016bs, \u0161iek tiek pur\u016bs ir turi subtili\u0173 spalvini\u0173 intarp\u0173, tod\u0117l mezginiai atrodo jauk\u016bs, \u0161ilti ir i\u0161skirtinio charakterio. Puikiai tinka megztiniams, [&hellip;]<\/p>\n","protected":false},"featured_media":4735,"comment_status":"open","ping_status":"closed","template":"","meta":{"_acf_changed":false},"product_brand":[69],"product_cat":[15,182,18],"product_tag":[33],"pro-kategorijos":[55,71],"class_list":{"0":"post-5304","1":"product","2":"type-product","3":"status-publish","4":"has-post-thumbnail","6":"product_brand-concept-by-katia","7":"product_cat-visi-produktai","8":"product_cat-ispardavimas","9":"product_cat-siulai","10":"product_tag-ispardavimas","11":"pro-kategorijos-medvilne","12":"pro-kategorijos-merino-vilna","14":"first","15":"instock","16":"sale","17":"shipping-taxable","18":"purchasable","19":"product-type-variable"},"acf":[],"yoast_head":"<!-- This site is optimized with the Yoast SEO plugin v26.8 - https:\/\/yoast.com\/product\/yoast-seo-wordpress\/ -->\n<title>Concept by Katia Cotton-Merino Tweed - Happyinaknit.com<\/title>\n<meta name=\"robots\" content=\"index, follow, max-snippet:-1, max-image-preview:large, max-video-preview:-1\" \/>\n<link rel=\"canonical\" href=\"https:\/\/happyinaknit.com\/en\/product\/concept-by-katia-cotton-merino-tweed\/\" \/>\n<meta property=\"og:locale\" content=\"en_US\" \/>\n<meta property=\"og:type\" content=\"article\" \/>\n<meta property=\"og:title\" content=\"Concept by Katia Cotton-Merino Tweed - Happyinaknit.com\" \/>\n<meta property=\"og:description\" content=\"Concept by Katia Cotton-Merino Tweed \u2013 tai nat\u016bral\u016bs, mink\u0161ti ir tvar\u016bs si\u016blai, pagaminti i\u0161 perdirbtos medviln\u0117s, vilnos \u201eMerino Extrafine\u201c ir perdirbto poliesterio. \u0160iame si\u016ble susilieja klasikinis \u201etvido\u201c efektas ir \u0161iuolaikinis po\u017ei\u016bris \u012f ekologij\u0105. Si\u016blai yra \u0161veln\u016bs, \u0161iek tiek pur\u016bs ir turi subtili\u0173 spalvini\u0173 intarp\u0173, tod\u0117l mezginiai atrodo jauk\u016bs, \u0161ilti ir i\u0161skirtinio charakterio. Puikiai tinka megztiniams, [&hellip;]\" \/>\n<meta property=\"og:url\" content=\"https:\/\/happyinaknit.com\/en\/product\/concept-by-katia-cotton-merino-tweed\/\" \/>\n<meta property=\"og:site_name\" content=\"Happyinaknit.com\" \/>\n<meta property=\"article:modified_time\" content=\"2026-01-01T20:48:43+00:00\" \/>\n<meta property=\"og:image\" content=\"https:\/\/happyinaknit.com\/wp-content\/uploads\/2025\/10\/IMG_9541.jpg\" \/>\n\t<meta property=\"og:image:width\" content=\"1320\" \/>\n\t<meta property=\"og:image:height\" content=\"1182\" \/>\n\t<meta property=\"og:image:type\" content=\"image\/jpeg\" \/>\n<meta name=\"twitter:card\" content=\"summary_large_image\" \/>\n<meta name=\"twitter:label1\" content=\"Est. reading time\" \/>\n\t<meta name=\"twitter:data1\" content=\"1 minute\" \/>\n<script type=\"application\/ld+json\" class=\"yoast-schema-graph\">{\"@context\":\"https:\/\/schema.org\",\"@graph\":[{\"@type\":\"WebPage\",\"@id\":\"https:\/\/happyinaknit.com\/produktas\/concept-by-katia-cotton-merino-tweed\/\",\"url\":\"https:\/\/happyinaknit.com\/produktas\/concept-by-katia-cotton-merino-tweed\/\",\"name\":\"Concept by Katia Cotton-Merino Tweed - Happyinaknit.com\",\"isPartOf\":{\"@id\":\"https:\/\/happyinaknit.com\/lt\/#website\"},\"primaryImageOfPage\":{\"@id\":\"https:\/\/happyinaknit.com\/produktas\/concept-by-katia-cotton-merino-tweed\/#primaryimage\"},\"image\":{\"@id\":\"https:\/\/happyinaknit.com\/produktas\/concept-by-katia-cotton-merino-tweed\/#primaryimage\"},\"thumbnailUrl\":\"https:\/\/happyinaknit.com\/wp-content\/uploads\/2025\/10\/IMG_9541.jpg\",\"datePublished\":\"2025-10-15T10:54:19+00:00\",\"dateModified\":\"2026-01-01T20:48:43+00:00\",\"breadcrumb\":{\"@id\":\"https:\/\/happyinaknit.com\/produktas\/concept-by-katia-cotton-merino-tweed\/#breadcrumb\"},\"inLanguage\":\"en-US\",\"potentialAction\":[{\"@type\":\"ReadAction\",\"target\":[\"https:\/\/happyinaknit.com\/produktas\/concept-by-katia-cotton-merino-tweed\/\"]}]},{\"@type\":\"ImageObject\",\"inLanguage\":\"en-US\",\"@id\":\"https:\/\/happyinaknit.com\/produktas\/concept-by-katia-cotton-merino-tweed\/#primaryimage\",\"url\":\"https:\/\/happyinaknit.com\/wp-content\/uploads\/2025\/10\/IMG_9541.jpg\",\"contentUrl\":\"https:\/\/happyinaknit.com\/wp-content\/uploads\/2025\/10\/IMG_9541.jpg\",\"width\":1320,\"height\":1182},{\"@type\":\"BreadcrumbList\",\"@id\":\"https:\/\/happyinaknit.com\/produktas\/concept-by-katia-cotton-merino-tweed\/#breadcrumb\",\"itemListElement\":[{\"@type\":\"ListItem\",\"position\":1,\"name\":\"Home\",\"item\":\"https:\/\/happyinaknit.com\/lt\/\"},{\"@type\":\"ListItem\",\"position\":2,\"name\":\"Parduotuv\u0117\",\"item\":\"https:\/\/happyinaknit.com\/lt\/parduotuve\/\"},{\"@type\":\"ListItem\",\"position\":3,\"name\":\"Concept by Katia Cotton-Merino Tweed\"}]},{\"@type\":\"WebSite\",\"@id\":\"https:\/\/happyinaknit.com\/lt\/#website\",\"url\":\"https:\/\/happyinaknit.com\/lt\/\",\"name\":\"Happyinaknit.com\",\"description\":\"\",\"potentialAction\":[{\"@type\":\"SearchAction\",\"target\":{\"@type\":\"EntryPoint\",\"urlTemplate\":\"https:\/\/happyinaknit.com\/lt\/?s={search_term_string}\"},\"query-input\":{\"@type\":\"PropertyValueSpecification\",\"valueRequired\":true,\"valueName\":\"search_term_string\"}}],\"inLanguage\":\"en-US\"}]}<\/script>\n<!-- \/ Yoast SEO plugin. -->","yoast_head_json":{"title":"Concept by Katia Cotton-Merino Tweed - Happyinaknit.com","robots":{"index":"index","follow":"follow","max-snippet":"max-snippet:-1","max-image-preview":"max-image-preview:large","max-video-preview":"max-video-preview:-1"},"canonical":"https:\/\/happyinaknit.com\/en\/product\/concept-by-katia-cotton-merino-tweed\/","og_locale":"en_US","og_type":"article","og_title":"Concept by Katia Cotton-Merino Tweed - Happyinaknit.com","og_description":"Concept by Katia Cotton-Merino Tweed \u2013 tai nat\u016bral\u016bs, mink\u0161ti ir tvar\u016bs si\u016blai, pagaminti i\u0161 perdirbtos medviln\u0117s, vilnos \u201eMerino Extrafine\u201c ir perdirbto poliesterio. \u0160iame si\u016ble susilieja klasikinis \u201etvido\u201c efektas ir \u0161iuolaikinis po\u017ei\u016bris \u012f ekologij\u0105. Si\u016blai yra \u0161veln\u016bs, \u0161iek tiek pur\u016bs ir turi subtili\u0173 spalvini\u0173 intarp\u0173, tod\u0117l mezginiai atrodo jauk\u016bs, \u0161ilti ir i\u0161skirtinio charakterio. Puikiai tinka megztiniams, [&hellip;]","og_url":"https:\/\/happyinaknit.com\/en\/product\/concept-by-katia-cotton-merino-tweed\/","og_site_name":"Happyinaknit.com","article_modified_time":"2026-01-01T20:48:43+00:00","og_image":[{"width":1320,"height":1182,"url":"https:\/\/happyinaknit.com\/wp-content\/uploads\/2025\/10\/IMG_9541.jpg","type":"image\/jpeg"}],"twitter_card":"summary_large_image","twitter_misc":{"Est. reading time":"1 minute"},"schema":{"@context":"https:\/\/schema.org","@graph":[{"@type":"WebPage","@id":"https:\/\/happyinaknit.com\/produktas\/concept-by-katia-cotton-merino-tweed\/","url":"https:\/\/happyinaknit.com\/produktas\/concept-by-katia-cotton-merino-tweed\/","name":"Concept by Katia Cotton-Merino Tweed - Happyinaknit.com","isPartOf":{"@id":"https:\/\/happyinaknit.com\/lt\/#website"},"primaryImageOfPage":{"@id":"https:\/\/happyinaknit.com\/produktas\/concept-by-katia-cotton-merino-tweed\/#primaryimage"},"image":{"@id":"https:\/\/happyinaknit.com\/produktas\/concept-by-katia-cotton-merino-tweed\/#primaryimage"},"thumbnailUrl":"https:\/\/happyinaknit.com\/wp-content\/uploads\/2025\/10\/IMG_9541.jpg","datePublished":"2025-10-15T10:54:19+00:00","dateModified":"2026-01-01T20:48:43+00:00","breadcrumb":{"@id":"https:\/\/happyinaknit.com\/produktas\/concept-by-katia-cotton-merino-tweed\/#breadcrumb"},"inLanguage":"en-US","potentialAction":[{"@type":"ReadAction","target":["https:\/\/happyinaknit.com\/produktas\/concept-by-katia-cotton-merino-tweed\/"]}]},{"@type":"ImageObject","inLanguage":"en-US","@id":"https:\/\/happyinaknit.com\/produktas\/concept-by-katia-cotton-merino-tweed\/#primaryimage","url":"https:\/\/happyinaknit.com\/wp-content\/uploads\/2025\/10\/IMG_9541.jpg","contentUrl":"https:\/\/happyinaknit.com\/wp-content\/uploads\/2025\/10\/IMG_9541.jpg","width":1320,"height":1182},{"@type":"BreadcrumbList","@id":"https:\/\/happyinaknit.com\/produktas\/concept-by-katia-cotton-merino-tweed\/#breadcrumb","itemListElement":[{"@type":"ListItem","position":1,"name":"Home","item":"https:\/\/happyinaknit.com\/lt\/"},{"@type":"ListItem","position":2,"name":"Parduotuv\u0117","item":"https:\/\/happyinaknit.com\/lt\/parduotuve\/"},{"@type":"ListItem","position":3,"name":"Concept by Katia Cotton-Merino Tweed"}]},{"@type":"WebSite","@id":"https:\/\/happyinaknit.com\/lt\/#website","url":"https:\/\/happyinaknit.com\/lt\/","name":"Happyinaknit.com","description":"","potentialAction":[{"@type":"SearchAction","target":{"@type":"EntryPoint","urlTemplate":"https:\/\/happyinaknit.com\/lt\/?s={search_term_string}"},"query-input":{"@type":"PropertyValueSpecification","valueRequired":true,"valueName":"search_term_string"}}],"inLanguage":"en-US"}]}},"_links":{"self":[{"href":"https:\/\/happyinaknit.com\/en\/wp-json\/wp\/v2\/product\/5304","targetHints":{"allow":["GET"]}}],"collection":[{"href":"https:\/\/happyinaknit.com\/en\/wp-json\/wp\/v2\/product"}],"about":[{"href":"https:\/\/happyinaknit.com\/en\/wp-json\/wp\/v2\/types\/product"}],"replies":[{"embeddable":true,"href":"https:\/\/happyinaknit.com\/en\/wp-json\/wp\/v2\/comments?post=5304"}],"wp:featuredmedia":[{"embeddable":true,"href":"https:\/\/happyinaknit.com\/en\/wp-json\/wp\/v2\/media\/4735"}],"wp:attachment":[{"href":"https:\/\/happyinaknit.com\/en\/wp-json\/wp\/v2\/media?parent=5304"}],"wp:term":[{"taxonomy":"product_brand","embeddable":true,"href":"https:\/\/happyinaknit.com\/en\/wp-json\/wp\/v2\/product_brand?post=5304"},{"taxonomy":"product_cat","embeddable":true,"href":"https:\/\/happyinaknit.com\/en\/wp-json\/wp\/v2\/product_cat?post=5304"},{"taxonomy":"product_tag","embeddable":true,"href":"https:\/\/happyinaknit.com\/en\/wp-json\/wp\/v2\/product_tag?post=5304"},{"taxonomy":"pro-kategorijos","embeddable":true,"href":"https:\/\/happyinaknit.com\/en\/wp-json\/wp\/v2\/pro-kategorijos?post=5304"}],"curies":[{"name":"wp","href":"https:\/\/api.w.org\/{rel}","templated":true}]}}