{"id":5281,"date":"2025-10-15T09:49:18","date_gmt":"2025-10-15T09:49:18","guid":{"rendered":"https:\/\/happyinaknit.com\/?post_type=product&#038;p=5281"},"modified":"2026-03-02T21:55:23","modified_gmt":"2026-03-02T21:55:23","slug":"concept-by-katia-atenea","status":"publish","type":"product","link":"https:\/\/happyinaknit.com\/en\/product\/concept-by-katia-atenea\/","title":{"rendered":"Concept by Katia Atenea"},"content":{"rendered":"<p data-start=\"33\" data-end=\"434\"><strong data-start=\"33\" data-end=\"60\">Concept by Katia Atenea<\/strong> \u2013 is an extremely soft, luxurious yarn that combines the best qualities of natural fibers: the warmth of merino wool, the softness of mako cotton and the luxury of cashmere. The yarn has a subtle matte shine effect and a perfect shape, so knitwear looks elegant and remains extremely pleasant to wear. A great choice for light sweaters, cardigans or knitted blouses.<\/p>\n<p data-start=\"436\" data-end=\"700\"><strong data-start=\"436\" data-end=\"448\">Composition:<\/strong> 42 % merino wool, 40 % mako cotton, 18 % cashmere<br data-start=\"501\" data-end=\"504\" \/><strong data-start=\"504\" data-end=\"523\">Weight\/Length:<\/strong> 25 g - 175 m<br data-start=\"536\" data-end=\"539\" \/><strong data-start=\"539\" data-end=\"567\" data-is-only-node=\"\">Recommended needles:<\/strong> 3 \u2013 3.5 mm<br data-start=\"578\" data-end=\"581\" \/><strong data-start=\"581\" data-end=\"594\">Density:<\/strong> 10 \u00d7 10 cm \u2013 25 mesh \u00d7 35 rows<br data-start=\"626\" data-end=\"629\" \/><strong data-start=\"629\" data-end=\"656\">Approximate consumption:<\/strong> for a sweater (size M) \u2013 about 7 balls<\/p>\n<p data-start=\"702\" data-end=\"839\"><strong data-start=\"702\" data-end=\"716\">Care:<\/strong><br data-start=\"716\" data-end=\"719\" \/>Wash by hand at a temperature not exceeding 30\u00b0C, dry flat, do not iron with a hot iron.<\/p>\n<p data-start=\"841\" data-end=\"929\" data-is-last-node=\"\" data-is-only-node=\"\"><strong data-start=\"841\" data-end=\"853\">Note:<\/strong> Color shades may vary slightly depending on your device&#039;s screen.<\/p>","protected":false},"excerpt":{"rendered":"<p>Concept by Katia Atenea \u2013 tai itin \u0161veln\u016bs, prabang\u016bs si\u016blai, sujungiantys geriausias nat\u016brali\u0173 pluo\u0161t\u0173 savybes: merino vilnos \u0161ilum\u0105, mako medviln\u0117s \u0161velnum\u0105 ir ka\u0161myro prabang\u0105. Si\u016blai pasi\u017eymi subtiliu matinio blizgesio efektu ir puikia forma, tod\u0117l mezginiai atrodo eleganti\u0161kai bei i\u0161lieka itin malon\u016bs d\u0117v\u0117ti. Puikus pasirinkimas lengviems megztiniams, kardiganams ar megztoms palaidin\u0117ms. Sud\u0117tis: 42 % merino vilna, [&hellip;]<\/p>\n","protected":false},"featured_media":4744,"comment_status":"open","ping_status":"closed","template":"","meta":{"_acf_changed":false},"product_brand":[69],"product_cat":[15,18],"product_tag":[],"pro-kategorijos":[46,55,71],"class_list":{"0":"post-5281","1":"product","2":"type-product","3":"status-publish","4":"has-post-thumbnail","6":"product_brand-concept-by-katia","7":"product_cat-visi-produktai","8":"product_cat-siulai","9":"pro-kategorijos-kasmyras","10":"pro-kategorijos-medvilne","11":"pro-kategorijos-merino-vilna","13":"first","14":"instock","15":"shipping-taxable","16":"purchasable","17":"product-type-variable"},"acf":[],"yoast_head":"<!-- This site is optimized with the Yoast SEO plugin v26.8 - https:\/\/yoast.com\/product\/yoast-seo-wordpress\/ -->\n<title>Concept by Katia Atenea - Happyinaknit.com<\/title>\n<meta name=\"robots\" content=\"index, follow, max-snippet:-1, max-image-preview:large, max-video-preview:-1\" \/>\n<link rel=\"canonical\" href=\"https:\/\/happyinaknit.com\/en\/product\/concept-by-katia-atenea\/\" \/>\n<meta property=\"og:locale\" content=\"en_US\" \/>\n<meta property=\"og:type\" content=\"article\" \/>\n<meta property=\"og:title\" content=\"Concept by Katia Atenea - Happyinaknit.com\" \/>\n<meta property=\"og:description\" content=\"Concept by Katia Atenea \u2013 tai itin \u0161veln\u016bs, prabang\u016bs si\u016blai, sujungiantys geriausias nat\u016brali\u0173 pluo\u0161t\u0173 savybes: merino vilnos \u0161ilum\u0105, mako medviln\u0117s \u0161velnum\u0105 ir ka\u0161myro prabang\u0105. Si\u016blai pasi\u017eymi subtiliu matinio blizgesio efektu ir puikia forma, tod\u0117l mezginiai atrodo eleganti\u0161kai bei i\u0161lieka itin malon\u016bs d\u0117v\u0117ti. Puikus pasirinkimas lengviems megztiniams, kardiganams ar megztoms palaidin\u0117ms. Sud\u0117tis: 42 % merino vilna, [&hellip;]\" \/>\n<meta property=\"og:url\" content=\"https:\/\/happyinaknit.com\/en\/product\/concept-by-katia-atenea\/\" \/>\n<meta property=\"og:site_name\" content=\"Happyinaknit.com\" \/>\n<meta property=\"article:modified_time\" content=\"2026-03-02T21:55:23+00:00\" \/>\n<meta property=\"og:image\" content=\"https:\/\/happyinaknit.com\/wp-content\/uploads\/2025\/10\/IMG_9532.jpg\" \/>\n\t<meta property=\"og:image:width\" content=\"1320\" \/>\n\t<meta property=\"og:image:height\" content=\"1146\" \/>\n\t<meta property=\"og:image:type\" content=\"image\/jpeg\" \/>\n<meta name=\"twitter:card\" content=\"summary_large_image\" \/>\n<meta name=\"twitter:label1\" content=\"Est. reading time\" \/>\n\t<meta name=\"twitter:data1\" content=\"1 minute\" \/>\n<script type=\"application\/ld+json\" class=\"yoast-schema-graph\">{\"@context\":\"https:\/\/schema.org\",\"@graph\":[{\"@type\":\"WebPage\",\"@id\":\"https:\/\/happyinaknit.com\/produktas\/concept-by-katia-atenea\/\",\"url\":\"https:\/\/happyinaknit.com\/produktas\/concept-by-katia-atenea\/\",\"name\":\"Concept by Katia Atenea - Happyinaknit.com\",\"isPartOf\":{\"@id\":\"https:\/\/happyinaknit.com\/lt\/#website\"},\"primaryImageOfPage\":{\"@id\":\"https:\/\/happyinaknit.com\/produktas\/concept-by-katia-atenea\/#primaryimage\"},\"image\":{\"@id\":\"https:\/\/happyinaknit.com\/produktas\/concept-by-katia-atenea\/#primaryimage\"},\"thumbnailUrl\":\"https:\/\/happyinaknit.com\/wp-content\/uploads\/2025\/10\/IMG_9532.jpg\",\"datePublished\":\"2025-10-15T09:49:18+00:00\",\"dateModified\":\"2026-03-02T21:55:23+00:00\",\"breadcrumb\":{\"@id\":\"https:\/\/happyinaknit.com\/produktas\/concept-by-katia-atenea\/#breadcrumb\"},\"inLanguage\":\"en-US\",\"potentialAction\":[{\"@type\":\"ReadAction\",\"target\":[\"https:\/\/happyinaknit.com\/produktas\/concept-by-katia-atenea\/\"]}]},{\"@type\":\"ImageObject\",\"inLanguage\":\"en-US\",\"@id\":\"https:\/\/happyinaknit.com\/produktas\/concept-by-katia-atenea\/#primaryimage\",\"url\":\"https:\/\/happyinaknit.com\/wp-content\/uploads\/2025\/10\/IMG_9532.jpg\",\"contentUrl\":\"https:\/\/happyinaknit.com\/wp-content\/uploads\/2025\/10\/IMG_9532.jpg\",\"width\":1320,\"height\":1146},{\"@type\":\"BreadcrumbList\",\"@id\":\"https:\/\/happyinaknit.com\/produktas\/concept-by-katia-atenea\/#breadcrumb\",\"itemListElement\":[{\"@type\":\"ListItem\",\"position\":1,\"name\":\"Home\",\"item\":\"https:\/\/happyinaknit.com\/lt\/\"},{\"@type\":\"ListItem\",\"position\":2,\"name\":\"Parduotuv\u0117\",\"item\":\"https:\/\/happyinaknit.com\/lt\/parduotuve\/\"},{\"@type\":\"ListItem\",\"position\":3,\"name\":\"Concept by Katia Atenea\"}]},{\"@type\":\"WebSite\",\"@id\":\"https:\/\/happyinaknit.com\/lt\/#website\",\"url\":\"https:\/\/happyinaknit.com\/lt\/\",\"name\":\"Happyinaknit.com\",\"description\":\"\",\"potentialAction\":[{\"@type\":\"SearchAction\",\"target\":{\"@type\":\"EntryPoint\",\"urlTemplate\":\"https:\/\/happyinaknit.com\/lt\/?s={search_term_string}\"},\"query-input\":{\"@type\":\"PropertyValueSpecification\",\"valueRequired\":true,\"valueName\":\"search_term_string\"}}],\"inLanguage\":\"en-US\"}]}<\/script>\n<!-- \/ Yoast SEO plugin. -->","yoast_head_json":{"title":"Concept by Katia Atenea - Happyinaknit.com","robots":{"index":"index","follow":"follow","max-snippet":"max-snippet:-1","max-image-preview":"max-image-preview:large","max-video-preview":"max-video-preview:-1"},"canonical":"https:\/\/happyinaknit.com\/en\/product\/concept-by-katia-atenea\/","og_locale":"en_US","og_type":"article","og_title":"Concept by Katia Atenea - Happyinaknit.com","og_description":"Concept by Katia Atenea \u2013 tai itin \u0161veln\u016bs, prabang\u016bs si\u016blai, sujungiantys geriausias nat\u016brali\u0173 pluo\u0161t\u0173 savybes: merino vilnos \u0161ilum\u0105, mako medviln\u0117s \u0161velnum\u0105 ir ka\u0161myro prabang\u0105. Si\u016blai pasi\u017eymi subtiliu matinio blizgesio efektu ir puikia forma, tod\u0117l mezginiai atrodo eleganti\u0161kai bei i\u0161lieka itin malon\u016bs d\u0117v\u0117ti. Puikus pasirinkimas lengviems megztiniams, kardiganams ar megztoms palaidin\u0117ms. Sud\u0117tis: 42 % merino vilna, [&hellip;]","og_url":"https:\/\/happyinaknit.com\/en\/product\/concept-by-katia-atenea\/","og_site_name":"Happyinaknit.com","article_modified_time":"2026-03-02T21:55:23+00:00","og_image":[{"width":1320,"height":1146,"url":"https:\/\/happyinaknit.com\/wp-content\/uploads\/2025\/10\/IMG_9532.jpg","type":"image\/jpeg"}],"twitter_card":"summary_large_image","twitter_misc":{"Est. reading time":"1 minute"},"schema":{"@context":"https:\/\/schema.org","@graph":[{"@type":"WebPage","@id":"https:\/\/happyinaknit.com\/produktas\/concept-by-katia-atenea\/","url":"https:\/\/happyinaknit.com\/produktas\/concept-by-katia-atenea\/","name":"Concept by Katia Atenea - Happyinaknit.com","isPartOf":{"@id":"https:\/\/happyinaknit.com\/lt\/#website"},"primaryImageOfPage":{"@id":"https:\/\/happyinaknit.com\/produktas\/concept-by-katia-atenea\/#primaryimage"},"image":{"@id":"https:\/\/happyinaknit.com\/produktas\/concept-by-katia-atenea\/#primaryimage"},"thumbnailUrl":"https:\/\/happyinaknit.com\/wp-content\/uploads\/2025\/10\/IMG_9532.jpg","datePublished":"2025-10-15T09:49:18+00:00","dateModified":"2026-03-02T21:55:23+00:00","breadcrumb":{"@id":"https:\/\/happyinaknit.com\/produktas\/concept-by-katia-atenea\/#breadcrumb"},"inLanguage":"en-US","potentialAction":[{"@type":"ReadAction","target":["https:\/\/happyinaknit.com\/produktas\/concept-by-katia-atenea\/"]}]},{"@type":"ImageObject","inLanguage":"en-US","@id":"https:\/\/happyinaknit.com\/produktas\/concept-by-katia-atenea\/#primaryimage","url":"https:\/\/happyinaknit.com\/wp-content\/uploads\/2025\/10\/IMG_9532.jpg","contentUrl":"https:\/\/happyinaknit.com\/wp-content\/uploads\/2025\/10\/IMG_9532.jpg","width":1320,"height":1146},{"@type":"BreadcrumbList","@id":"https:\/\/happyinaknit.com\/produktas\/concept-by-katia-atenea\/#breadcrumb","itemListElement":[{"@type":"ListItem","position":1,"name":"Home","item":"https:\/\/happyinaknit.com\/lt\/"},{"@type":"ListItem","position":2,"name":"Parduotuv\u0117","item":"https:\/\/happyinaknit.com\/lt\/parduotuve\/"},{"@type":"ListItem","position":3,"name":"Concept by Katia Atenea"}]},{"@type":"WebSite","@id":"https:\/\/happyinaknit.com\/lt\/#website","url":"https:\/\/happyinaknit.com\/lt\/","name":"Happyinaknit.com","description":"","potentialAction":[{"@type":"SearchAction","target":{"@type":"EntryPoint","urlTemplate":"https:\/\/happyinaknit.com\/lt\/?s={search_term_string}"},"query-input":{"@type":"PropertyValueSpecification","valueRequired":true,"valueName":"search_term_string"}}],"inLanguage":"en-US"}]}},"_links":{"self":[{"href":"https:\/\/happyinaknit.com\/en\/wp-json\/wp\/v2\/product\/5281","targetHints":{"allow":["GET"]}}],"collection":[{"href":"https:\/\/happyinaknit.com\/en\/wp-json\/wp\/v2\/product"}],"about":[{"href":"https:\/\/happyinaknit.com\/en\/wp-json\/wp\/v2\/types\/product"}],"replies":[{"embeddable":true,"href":"https:\/\/happyinaknit.com\/en\/wp-json\/wp\/v2\/comments?post=5281"}],"wp:featuredmedia":[{"embeddable":true,"href":"https:\/\/happyinaknit.com\/en\/wp-json\/wp\/v2\/media\/4744"}],"wp:attachment":[{"href":"https:\/\/happyinaknit.com\/en\/wp-json\/wp\/v2\/media?parent=5281"}],"wp:term":[{"taxonomy":"product_brand","embeddable":true,"href":"https:\/\/happyinaknit.com\/en\/wp-json\/wp\/v2\/product_brand?post=5281"},{"taxonomy":"product_cat","embeddable":true,"href":"https:\/\/happyinaknit.com\/en\/wp-json\/wp\/v2\/product_cat?post=5281"},{"taxonomy":"product_tag","embeddable":true,"href":"https:\/\/happyinaknit.com\/en\/wp-json\/wp\/v2\/product_tag?post=5281"},{"taxonomy":"pro-kategorijos","embeddable":true,"href":"https:\/\/happyinaknit.com\/en\/wp-json\/wp\/v2\/pro-kategorijos?post=5281"}],"curies":[{"name":"wp","href":"https:\/\/api.w.org\/{rel}","templated":true}]}}