{"id":5264,"date":"2025-10-15T09:18:39","date_gmt":"2025-10-15T09:18:39","guid":{"rendered":"https:\/\/happyinaknit.com\/?post_type=product&#038;p=5264"},"modified":"2026-03-20T15:26:08","modified_gmt":"2026-03-20T15:26:08","slug":"concept-by-katia-cotton-merino-glam","status":"publish","type":"product","link":"https:\/\/happyinaknit.com\/en\/product\/concept-by-katia-cotton-merino-glam\/","title":{"rendered":"Concept by Katia Cotton-Merino Glam"},"content":{"rendered":"<p data-start=\"45\" data-end=\"456\"><strong data-start=\"45\" data-end=\"84\">Concept by Katia Cotton-Merino Glam<\/strong> \u2013 is a luxurious, soft and slightly shimmering yarn that combines the natural softness of cotton and wool with a subtle sheen. Thanks to the metallized fiber, these yarns give knitwear an elegant shine while maintaining a natural feel. Perfect for sweaters, cardigans, scarves and accessories when you want to add a little luxury to everyday clothing.<\/p>\n<p data-start=\"458\" data-end=\"727\"><strong data-start=\"458\" data-end=\"470\">Composition:<\/strong> 46 % cotton, 34 % wool, 12 % polyester, 8 % polyamide<br data-start=\"530\" data-end=\"533\" \/><strong data-start=\"533\" data-end=\"552\">Weight\/Length:<\/strong> 50 g - 120 m<br data-start=\"565\" data-end=\"568\" \/><strong data-start=\"568\" data-end=\"596\" data-is-only-node=\"\">Recommended needles:<\/strong> 5 \u2013 6 mm<br data-start=\"605\" data-end=\"608\" \/><strong data-start=\"608\" data-end=\"621\">Density:<\/strong> 10 \u00d7 10 cm \u2013 17 stitches \u00d7 23 rows<br data-start=\"653\" data-end=\"656\" \/><strong data-start=\"656\" data-end=\"683\">Consumption:<\/strong> for a sweater (size S) \u2013 about 8 balls<\/p>\n<p data-start=\"729\" data-end=\"874\"><strong data-start=\"729\" data-end=\"743\">Care:<\/strong><br data-start=\"743\" data-end=\"746\" \/>Hand wash at a temperature not exceeding 30\u00b0C, dry flat, avoid bleaching and hot ironing.<\/p>\n<p data-start=\"876\" data-end=\"964\" data-is-last-node=\"\" data-is-only-node=\"\"><strong data-start=\"876\" data-end=\"888\">Note:<\/strong> Color shades may vary slightly depending on your device&#039;s screen.<\/p>","protected":false},"excerpt":{"rendered":"<p>Concept by Katia Cotton-Merino Glam \u2013 tai prabang\u016bs, \u0161veln\u016bs ir lengvai \u017evilgantys si\u016blai, kuriuose derinamas nat\u016bralus medviln\u0117s ir vilnos \u0161velnumas su subtiliu blizgesiu. D\u0117l metalizuoto pluo\u0161to \u0161ie si\u016blai suteikia mezginiams eleganti\u0161k\u0105 spindes\u012f, i\u0161laikydami nat\u016bral\u0173 poj\u016bt\u012f. Puikiai tinka megztiniams, kardiganams, skaroms ir aksesuarams, kai norisi prid\u0117ti \u0161iek tiek prabangos kasdieniams drabu\u017eiams. Sud\u0117tis: 46 % medviln\u0117, 34 [&hellip;]<\/p>\n","protected":false},"featured_media":4763,"comment_status":"open","ping_status":"closed","template":"","meta":{"_acf_changed":false},"product_brand":[69],"product_cat":[15,182,18],"product_tag":[33],"pro-kategorijos":[55,56],"class_list":{"0":"post-5264","1":"product","2":"type-product","3":"status-publish","4":"has-post-thumbnail","6":"product_brand-concept-by-katia","7":"product_cat-visi-produktai","8":"product_cat-ispardavimas","9":"product_cat-siulai","10":"product_tag-ispardavimas","11":"pro-kategorijos-medvilne","12":"pro-kategorijos-vilna","14":"first","15":"instock","16":"sale","17":"shipping-taxable","18":"purchasable","19":"product-type-variable"},"acf":[],"yoast_head":"<!-- This site is optimized with the Yoast SEO plugin v26.8 - https:\/\/yoast.com\/product\/yoast-seo-wordpress\/ -->\n<title>Concept by Katia Cotton-Merino Glam - Happyinaknit.com<\/title>\n<meta name=\"robots\" content=\"index, follow, max-snippet:-1, max-image-preview:large, max-video-preview:-1\" \/>\n<link rel=\"canonical\" href=\"https:\/\/happyinaknit.com\/en\/product\/concept-by-katia-cotton-merino-glam\/\" \/>\n<meta property=\"og:locale\" content=\"en_US\" \/>\n<meta property=\"og:type\" content=\"article\" \/>\n<meta property=\"og:title\" content=\"Concept by Katia Cotton-Merino Glam - Happyinaknit.com\" \/>\n<meta property=\"og:description\" content=\"Concept by Katia Cotton-Merino Glam \u2013 tai prabang\u016bs, \u0161veln\u016bs ir lengvai \u017evilgantys si\u016blai, kuriuose derinamas nat\u016bralus medviln\u0117s ir vilnos \u0161velnumas su subtiliu blizgesiu. D\u0117l metalizuoto pluo\u0161to \u0161ie si\u016blai suteikia mezginiams eleganti\u0161k\u0105 spindes\u012f, i\u0161laikydami nat\u016bral\u0173 poj\u016bt\u012f. Puikiai tinka megztiniams, kardiganams, skaroms ir aksesuarams, kai norisi prid\u0117ti \u0161iek tiek prabangos kasdieniams drabu\u017eiams. Sud\u0117tis: 46 % medviln\u0117, 34 [&hellip;]\" \/>\n<meta property=\"og:url\" content=\"https:\/\/happyinaknit.com\/en\/product\/concept-by-katia-cotton-merino-glam\/\" \/>\n<meta property=\"og:site_name\" content=\"Happyinaknit.com\" \/>\n<meta property=\"article:modified_time\" content=\"2026-03-20T15:26:08+00:00\" \/>\n<meta property=\"og:image\" content=\"https:\/\/happyinaknit.com\/wp-content\/uploads\/2025\/10\/IMG_9513.jpg\" \/>\n\t<meta property=\"og:image:width\" content=\"1320\" \/>\n\t<meta property=\"og:image:height\" content=\"1121\" \/>\n\t<meta property=\"og:image:type\" content=\"image\/jpeg\" \/>\n<meta name=\"twitter:card\" content=\"summary_large_image\" \/>\n<meta name=\"twitter:label1\" content=\"Est. reading time\" \/>\n\t<meta name=\"twitter:data1\" content=\"1 minute\" \/>\n<script type=\"application\/ld+json\" class=\"yoast-schema-graph\">{\"@context\":\"https:\/\/schema.org\",\"@graph\":[{\"@type\":\"WebPage\",\"@id\":\"https:\/\/happyinaknit.com\/produktas\/concept-by-katia-cotton-merino-glam\/\",\"url\":\"https:\/\/happyinaknit.com\/produktas\/concept-by-katia-cotton-merino-glam\/\",\"name\":\"Concept by Katia Cotton-Merino Glam - Happyinaknit.com\",\"isPartOf\":{\"@id\":\"https:\/\/happyinaknit.com\/lt\/#website\"},\"primaryImageOfPage\":{\"@id\":\"https:\/\/happyinaknit.com\/produktas\/concept-by-katia-cotton-merino-glam\/#primaryimage\"},\"image\":{\"@id\":\"https:\/\/happyinaknit.com\/produktas\/concept-by-katia-cotton-merino-glam\/#primaryimage\"},\"thumbnailUrl\":\"https:\/\/happyinaknit.com\/wp-content\/uploads\/2025\/10\/IMG_9513.jpg\",\"datePublished\":\"2025-10-15T09:18:39+00:00\",\"dateModified\":\"2026-03-20T15:26:08+00:00\",\"breadcrumb\":{\"@id\":\"https:\/\/happyinaknit.com\/produktas\/concept-by-katia-cotton-merino-glam\/#breadcrumb\"},\"inLanguage\":\"en-US\",\"potentialAction\":[{\"@type\":\"ReadAction\",\"target\":[\"https:\/\/happyinaknit.com\/produktas\/concept-by-katia-cotton-merino-glam\/\"]}]},{\"@type\":\"ImageObject\",\"inLanguage\":\"en-US\",\"@id\":\"https:\/\/happyinaknit.com\/produktas\/concept-by-katia-cotton-merino-glam\/#primaryimage\",\"url\":\"https:\/\/happyinaknit.com\/wp-content\/uploads\/2025\/10\/IMG_9513.jpg\",\"contentUrl\":\"https:\/\/happyinaknit.com\/wp-content\/uploads\/2025\/10\/IMG_9513.jpg\",\"width\":1320,\"height\":1121},{\"@type\":\"BreadcrumbList\",\"@id\":\"https:\/\/happyinaknit.com\/produktas\/concept-by-katia-cotton-merino-glam\/#breadcrumb\",\"itemListElement\":[{\"@type\":\"ListItem\",\"position\":1,\"name\":\"Home\",\"item\":\"https:\/\/happyinaknit.com\/lt\/\"},{\"@type\":\"ListItem\",\"position\":2,\"name\":\"Parduotuv\u0117\",\"item\":\"https:\/\/happyinaknit.com\/lt\/parduotuve\/\"},{\"@type\":\"ListItem\",\"position\":3,\"name\":\"Concept by Katia Cotton-Merino Glam\"}]},{\"@type\":\"WebSite\",\"@id\":\"https:\/\/happyinaknit.com\/lt\/#website\",\"url\":\"https:\/\/happyinaknit.com\/lt\/\",\"name\":\"Happyinaknit.com\",\"description\":\"\",\"potentialAction\":[{\"@type\":\"SearchAction\",\"target\":{\"@type\":\"EntryPoint\",\"urlTemplate\":\"https:\/\/happyinaknit.com\/lt\/?s={search_term_string}\"},\"query-input\":{\"@type\":\"PropertyValueSpecification\",\"valueRequired\":true,\"valueName\":\"search_term_string\"}}],\"inLanguage\":\"en-US\"}]}<\/script>\n<!-- \/ Yoast SEO plugin. -->","yoast_head_json":{"title":"Concept by Katia Cotton-Merino Glam - Happyinaknit.com","robots":{"index":"index","follow":"follow","max-snippet":"max-snippet:-1","max-image-preview":"max-image-preview:large","max-video-preview":"max-video-preview:-1"},"canonical":"https:\/\/happyinaknit.com\/en\/product\/concept-by-katia-cotton-merino-glam\/","og_locale":"en_US","og_type":"article","og_title":"Concept by Katia Cotton-Merino Glam - Happyinaknit.com","og_description":"Concept by Katia Cotton-Merino Glam \u2013 tai prabang\u016bs, \u0161veln\u016bs ir lengvai \u017evilgantys si\u016blai, kuriuose derinamas nat\u016bralus medviln\u0117s ir vilnos \u0161velnumas su subtiliu blizgesiu. D\u0117l metalizuoto pluo\u0161to \u0161ie si\u016blai suteikia mezginiams eleganti\u0161k\u0105 spindes\u012f, i\u0161laikydami nat\u016bral\u0173 poj\u016bt\u012f. Puikiai tinka megztiniams, kardiganams, skaroms ir aksesuarams, kai norisi prid\u0117ti \u0161iek tiek prabangos kasdieniams drabu\u017eiams. Sud\u0117tis: 46 % medviln\u0117, 34 [&hellip;]","og_url":"https:\/\/happyinaknit.com\/en\/product\/concept-by-katia-cotton-merino-glam\/","og_site_name":"Happyinaknit.com","article_modified_time":"2026-03-20T15:26:08+00:00","og_image":[{"width":1320,"height":1121,"url":"https:\/\/happyinaknit.com\/wp-content\/uploads\/2025\/10\/IMG_9513.jpg","type":"image\/jpeg"}],"twitter_card":"summary_large_image","twitter_misc":{"Est. reading time":"1 minute"},"schema":{"@context":"https:\/\/schema.org","@graph":[{"@type":"WebPage","@id":"https:\/\/happyinaknit.com\/produktas\/concept-by-katia-cotton-merino-glam\/","url":"https:\/\/happyinaknit.com\/produktas\/concept-by-katia-cotton-merino-glam\/","name":"Concept by Katia Cotton-Merino Glam - Happyinaknit.com","isPartOf":{"@id":"https:\/\/happyinaknit.com\/lt\/#website"},"primaryImageOfPage":{"@id":"https:\/\/happyinaknit.com\/produktas\/concept-by-katia-cotton-merino-glam\/#primaryimage"},"image":{"@id":"https:\/\/happyinaknit.com\/produktas\/concept-by-katia-cotton-merino-glam\/#primaryimage"},"thumbnailUrl":"https:\/\/happyinaknit.com\/wp-content\/uploads\/2025\/10\/IMG_9513.jpg","datePublished":"2025-10-15T09:18:39+00:00","dateModified":"2026-03-20T15:26:08+00:00","breadcrumb":{"@id":"https:\/\/happyinaknit.com\/produktas\/concept-by-katia-cotton-merino-glam\/#breadcrumb"},"inLanguage":"en-US","potentialAction":[{"@type":"ReadAction","target":["https:\/\/happyinaknit.com\/produktas\/concept-by-katia-cotton-merino-glam\/"]}]},{"@type":"ImageObject","inLanguage":"en-US","@id":"https:\/\/happyinaknit.com\/produktas\/concept-by-katia-cotton-merino-glam\/#primaryimage","url":"https:\/\/happyinaknit.com\/wp-content\/uploads\/2025\/10\/IMG_9513.jpg","contentUrl":"https:\/\/happyinaknit.com\/wp-content\/uploads\/2025\/10\/IMG_9513.jpg","width":1320,"height":1121},{"@type":"BreadcrumbList","@id":"https:\/\/happyinaknit.com\/produktas\/concept-by-katia-cotton-merino-glam\/#breadcrumb","itemListElement":[{"@type":"ListItem","position":1,"name":"Home","item":"https:\/\/happyinaknit.com\/lt\/"},{"@type":"ListItem","position":2,"name":"Parduotuv\u0117","item":"https:\/\/happyinaknit.com\/lt\/parduotuve\/"},{"@type":"ListItem","position":3,"name":"Concept by Katia Cotton-Merino Glam"}]},{"@type":"WebSite","@id":"https:\/\/happyinaknit.com\/lt\/#website","url":"https:\/\/happyinaknit.com\/lt\/","name":"Happyinaknit.com","description":"","potentialAction":[{"@type":"SearchAction","target":{"@type":"EntryPoint","urlTemplate":"https:\/\/happyinaknit.com\/lt\/?s={search_term_string}"},"query-input":{"@type":"PropertyValueSpecification","valueRequired":true,"valueName":"search_term_string"}}],"inLanguage":"en-US"}]}},"_links":{"self":[{"href":"https:\/\/happyinaknit.com\/en\/wp-json\/wp\/v2\/product\/5264","targetHints":{"allow":["GET"]}}],"collection":[{"href":"https:\/\/happyinaknit.com\/en\/wp-json\/wp\/v2\/product"}],"about":[{"href":"https:\/\/happyinaknit.com\/en\/wp-json\/wp\/v2\/types\/product"}],"replies":[{"embeddable":true,"href":"https:\/\/happyinaknit.com\/en\/wp-json\/wp\/v2\/comments?post=5264"}],"wp:featuredmedia":[{"embeddable":true,"href":"https:\/\/happyinaknit.com\/en\/wp-json\/wp\/v2\/media\/4763"}],"wp:attachment":[{"href":"https:\/\/happyinaknit.com\/en\/wp-json\/wp\/v2\/media?parent=5264"}],"wp:term":[{"taxonomy":"product_brand","embeddable":true,"href":"https:\/\/happyinaknit.com\/en\/wp-json\/wp\/v2\/product_brand?post=5264"},{"taxonomy":"product_cat","embeddable":true,"href":"https:\/\/happyinaknit.com\/en\/wp-json\/wp\/v2\/product_cat?post=5264"},{"taxonomy":"product_tag","embeddable":true,"href":"https:\/\/happyinaknit.com\/en\/wp-json\/wp\/v2\/product_tag?post=5264"},{"taxonomy":"pro-kategorijos","embeddable":true,"href":"https:\/\/happyinaknit.com\/en\/wp-json\/wp\/v2\/pro-kategorijos?post=5264"}],"curies":[{"name":"wp","href":"https:\/\/api.w.org\/{rel}","templated":true}]}}