{"id":5251,"date":"2025-10-15T08:34:44","date_gmt":"2025-10-15T08:34:44","guid":{"rendered":"https:\/\/happyinaknit.com\/?post_type=product&#038;p=5251"},"modified":"2026-01-05T22:04:58","modified_gmt":"2026-01-05T22:04:58","slug":"concept-by-katia-piumino","status":"publish","type":"product","link":"https:\/\/happyinaknit.com\/en\/product\/concept-by-katia-piumino\/","title":{"rendered":"Concept by Katia Piumino"},"content":{"rendered":"<p data-start=\"34\" data-end=\"396\"><strong data-start=\"34\" data-end=\"62\">Concept by Katia Piumino<\/strong> \u2013 is an extremely light, fluffy and soft yarn made from high-quality Superfine alpaca and polyamide. Due to its fluffy structure, the yarn gives knitwear exceptional softness, warmth and a luxurious feel. Perfect for winter sweaters, scarves, hats and cardigans \u2013 knitwear becomes cozy and light as fluff.<\/p>\n<p data-start=\"398\" data-end=\"692\"><strong data-start=\"398\" data-end=\"410\">Composition:<\/strong> 64 % Superfine alpaca, 36 % polyamide<br data-start=\"451\" data-end=\"454\" \/><strong data-start=\"454\" data-end=\"473\">Weight\/Length:<\/strong> 50 g - 125 m<br data-start=\"486\" data-end=\"489\" \/><strong data-start=\"489\" data-end=\"517\" data-is-only-node=\"\">Recommended needles:<\/strong> 6.5 \u2013 7.0 mm<br data-start=\"530\" data-end=\"533\" \/><strong data-start=\"533\" data-end=\"561\">Recommended hook:<\/strong> 7.0 \u2013 8.0 mm<br data-start=\"574\" data-end=\"577\" \/><strong data-start=\"577\" data-end=\"590\">Density:<\/strong> 10 \u00d7 10 cm \u2013 11 stitches \u00d7 17 rows<br data-start=\"622\" data-end=\"625\" \/><strong data-start=\"625\" data-end=\"652\">Consumption:<\/strong> for a sweater (size 44\u201346) \u2013 about 250 g<\/p>\n<p data-start=\"694\" data-end=\"810\"><strong data-start=\"694\" data-end=\"708\">Care:<\/strong><br data-start=\"708\" data-end=\"711\" \/>Hand wash in cool water, dry flat, do not iron with a hot iron.<\/p>\n<p data-start=\"812\" data-end=\"900\" data-is-last-node=\"\" data-is-only-node=\"\"><strong data-start=\"812\" data-end=\"824\">Note:<\/strong> Color shades may vary slightly depending on your device&#039;s screen.<\/p>","protected":false},"excerpt":{"rendered":"<p>Concept by Katia Piumino \u2013 tai itin lengvi, pur\u016bs ir \u0161veln\u016bs si\u016blai, pagaminti i\u0161 auk\u0161tos kokyb\u0117s \u201eSuperfine\u201c alpakos ir poliamido. D\u0117l savo p\u016bkuotos strukt\u016bros si\u016blai suteikia mezginiams i\u0161skirtin\u012f mink\u0161tum\u0105, \u0161ilum\u0105 ir prabangos poj\u016bt\u012f. Puikiai tinka \u017eieminiams megztiniams, \u0161alikams, kepur\u0117ms ir kardiganams \u2013 mezginiai tampa jauk\u016bs ir lengvi kaip p\u016bkas. Sud\u0117tis: 64 % \u201eSuperfine\u201c alpaka, 36 [&hellip;]<\/p>\n","protected":false},"featured_media":4768,"comment_status":"open","ping_status":"closed","template":"","meta":{"_acf_changed":false},"product_brand":[69],"product_cat":[15,182,18],"product_tag":[33],"pro-kategorijos":[54],"class_list":{"0":"post-5251","1":"product","2":"type-product","3":"status-publish","4":"has-post-thumbnail","6":"product_brand-concept-by-katia","7":"product_cat-visi-produktai","8":"product_cat-ispardavimas","9":"product_cat-siulai","10":"product_tag-ispardavimas","11":"pro-kategorijos-alpaka","13":"first","14":"outofstock","15":"sale","16":"shipping-taxable","17":"purchasable","18":"product-type-variable"},"acf":[],"yoast_head":"<!-- This site is optimized with the Yoast SEO plugin v26.8 - https:\/\/yoast.com\/product\/yoast-seo-wordpress\/ -->\n<title>Concept by Katia Piumino - Happyinaknit.com<\/title>\n<meta name=\"robots\" content=\"index, follow, max-snippet:-1, max-image-preview:large, max-video-preview:-1\" \/>\n<link rel=\"canonical\" href=\"https:\/\/happyinaknit.com\/en\/product\/concept-by-katia-piumino\/\" \/>\n<meta property=\"og:locale\" content=\"en_US\" \/>\n<meta property=\"og:type\" content=\"article\" \/>\n<meta property=\"og:title\" content=\"Concept by Katia Piumino - Happyinaknit.com\" \/>\n<meta property=\"og:description\" content=\"Concept by Katia Piumino \u2013 tai itin lengvi, pur\u016bs ir \u0161veln\u016bs si\u016blai, pagaminti i\u0161 auk\u0161tos kokyb\u0117s \u201eSuperfine\u201c alpakos ir poliamido. D\u0117l savo p\u016bkuotos strukt\u016bros si\u016blai suteikia mezginiams i\u0161skirtin\u012f mink\u0161tum\u0105, \u0161ilum\u0105 ir prabangos poj\u016bt\u012f. Puikiai tinka \u017eieminiams megztiniams, \u0161alikams, kepur\u0117ms ir kardiganams \u2013 mezginiai tampa jauk\u016bs ir lengvi kaip p\u016bkas. Sud\u0117tis: 64 % \u201eSuperfine\u201c alpaka, 36 [&hellip;]\" \/>\n<meta property=\"og:url\" content=\"https:\/\/happyinaknit.com\/en\/product\/concept-by-katia-piumino\/\" \/>\n<meta property=\"og:site_name\" content=\"Happyinaknit.com\" \/>\n<meta property=\"article:modified_time\" content=\"2026-01-05T22:04:58+00:00\" \/>\n<meta property=\"og:image\" content=\"https:\/\/happyinaknit.com\/wp-content\/uploads\/2025\/10\/IMG_9508.jpg\" \/>\n\t<meta property=\"og:image:width\" content=\"1320\" \/>\n\t<meta property=\"og:image:height\" content=\"1302\" \/>\n\t<meta property=\"og:image:type\" content=\"image\/jpeg\" \/>\n<meta name=\"twitter:card\" content=\"summary_large_image\" \/>\n<meta name=\"twitter:label1\" content=\"Est. reading time\" \/>\n\t<meta name=\"twitter:data1\" content=\"1 minute\" \/>\n<script type=\"application\/ld+json\" class=\"yoast-schema-graph\">{\"@context\":\"https:\/\/schema.org\",\"@graph\":[{\"@type\":\"WebPage\",\"@id\":\"https:\/\/happyinaknit.com\/produktas\/concept-by-katia-piumino\/\",\"url\":\"https:\/\/happyinaknit.com\/produktas\/concept-by-katia-piumino\/\",\"name\":\"Concept by Katia Piumino - Happyinaknit.com\",\"isPartOf\":{\"@id\":\"https:\/\/happyinaknit.com\/lt\/#website\"},\"primaryImageOfPage\":{\"@id\":\"https:\/\/happyinaknit.com\/produktas\/concept-by-katia-piumino\/#primaryimage\"},\"image\":{\"@id\":\"https:\/\/happyinaknit.com\/produktas\/concept-by-katia-piumino\/#primaryimage\"},\"thumbnailUrl\":\"https:\/\/happyinaknit.com\/wp-content\/uploads\/2025\/10\/IMG_9508.jpg\",\"datePublished\":\"2025-10-15T08:34:44+00:00\",\"dateModified\":\"2026-01-05T22:04:58+00:00\",\"breadcrumb\":{\"@id\":\"https:\/\/happyinaknit.com\/produktas\/concept-by-katia-piumino\/#breadcrumb\"},\"inLanguage\":\"en-US\",\"potentialAction\":[{\"@type\":\"ReadAction\",\"target\":[\"https:\/\/happyinaknit.com\/produktas\/concept-by-katia-piumino\/\"]}]},{\"@type\":\"ImageObject\",\"inLanguage\":\"en-US\",\"@id\":\"https:\/\/happyinaknit.com\/produktas\/concept-by-katia-piumino\/#primaryimage\",\"url\":\"https:\/\/happyinaknit.com\/wp-content\/uploads\/2025\/10\/IMG_9508.jpg\",\"contentUrl\":\"https:\/\/happyinaknit.com\/wp-content\/uploads\/2025\/10\/IMG_9508.jpg\",\"width\":1320,\"height\":1302},{\"@type\":\"BreadcrumbList\",\"@id\":\"https:\/\/happyinaknit.com\/produktas\/concept-by-katia-piumino\/#breadcrumb\",\"itemListElement\":[{\"@type\":\"ListItem\",\"position\":1,\"name\":\"Home\",\"item\":\"https:\/\/happyinaknit.com\/lt\/\"},{\"@type\":\"ListItem\",\"position\":2,\"name\":\"Parduotuv\u0117\",\"item\":\"https:\/\/happyinaknit.com\/lt\/parduotuve\/\"},{\"@type\":\"ListItem\",\"position\":3,\"name\":\"Concept by Katia Piumino\"}]},{\"@type\":\"WebSite\",\"@id\":\"https:\/\/happyinaknit.com\/lt\/#website\",\"url\":\"https:\/\/happyinaknit.com\/lt\/\",\"name\":\"Happyinaknit.com\",\"description\":\"\",\"potentialAction\":[{\"@type\":\"SearchAction\",\"target\":{\"@type\":\"EntryPoint\",\"urlTemplate\":\"https:\/\/happyinaknit.com\/lt\/?s={search_term_string}\"},\"query-input\":{\"@type\":\"PropertyValueSpecification\",\"valueRequired\":true,\"valueName\":\"search_term_string\"}}],\"inLanguage\":\"en-US\"}]}<\/script>\n<!-- \/ Yoast SEO plugin. -->","yoast_head_json":{"title":"Concept by Katia Piumino - Happyinaknit.com","robots":{"index":"index","follow":"follow","max-snippet":"max-snippet:-1","max-image-preview":"max-image-preview:large","max-video-preview":"max-video-preview:-1"},"canonical":"https:\/\/happyinaknit.com\/en\/product\/concept-by-katia-piumino\/","og_locale":"en_US","og_type":"article","og_title":"Concept by Katia Piumino - Happyinaknit.com","og_description":"Concept by Katia Piumino \u2013 tai itin lengvi, pur\u016bs ir \u0161veln\u016bs si\u016blai, pagaminti i\u0161 auk\u0161tos kokyb\u0117s \u201eSuperfine\u201c alpakos ir poliamido. D\u0117l savo p\u016bkuotos strukt\u016bros si\u016blai suteikia mezginiams i\u0161skirtin\u012f mink\u0161tum\u0105, \u0161ilum\u0105 ir prabangos poj\u016bt\u012f. Puikiai tinka \u017eieminiams megztiniams, \u0161alikams, kepur\u0117ms ir kardiganams \u2013 mezginiai tampa jauk\u016bs ir lengvi kaip p\u016bkas. Sud\u0117tis: 64 % \u201eSuperfine\u201c alpaka, 36 [&hellip;]","og_url":"https:\/\/happyinaknit.com\/en\/product\/concept-by-katia-piumino\/","og_site_name":"Happyinaknit.com","article_modified_time":"2026-01-05T22:04:58+00:00","og_image":[{"width":1320,"height":1302,"url":"https:\/\/happyinaknit.com\/wp-content\/uploads\/2025\/10\/IMG_9508.jpg","type":"image\/jpeg"}],"twitter_card":"summary_large_image","twitter_misc":{"Est. reading time":"1 minute"},"schema":{"@context":"https:\/\/schema.org","@graph":[{"@type":"WebPage","@id":"https:\/\/happyinaknit.com\/produktas\/concept-by-katia-piumino\/","url":"https:\/\/happyinaknit.com\/produktas\/concept-by-katia-piumino\/","name":"Concept by Katia Piumino - Happyinaknit.com","isPartOf":{"@id":"https:\/\/happyinaknit.com\/lt\/#website"},"primaryImageOfPage":{"@id":"https:\/\/happyinaknit.com\/produktas\/concept-by-katia-piumino\/#primaryimage"},"image":{"@id":"https:\/\/happyinaknit.com\/produktas\/concept-by-katia-piumino\/#primaryimage"},"thumbnailUrl":"https:\/\/happyinaknit.com\/wp-content\/uploads\/2025\/10\/IMG_9508.jpg","datePublished":"2025-10-15T08:34:44+00:00","dateModified":"2026-01-05T22:04:58+00:00","breadcrumb":{"@id":"https:\/\/happyinaknit.com\/produktas\/concept-by-katia-piumino\/#breadcrumb"},"inLanguage":"en-US","potentialAction":[{"@type":"ReadAction","target":["https:\/\/happyinaknit.com\/produktas\/concept-by-katia-piumino\/"]}]},{"@type":"ImageObject","inLanguage":"en-US","@id":"https:\/\/happyinaknit.com\/produktas\/concept-by-katia-piumino\/#primaryimage","url":"https:\/\/happyinaknit.com\/wp-content\/uploads\/2025\/10\/IMG_9508.jpg","contentUrl":"https:\/\/happyinaknit.com\/wp-content\/uploads\/2025\/10\/IMG_9508.jpg","width":1320,"height":1302},{"@type":"BreadcrumbList","@id":"https:\/\/happyinaknit.com\/produktas\/concept-by-katia-piumino\/#breadcrumb","itemListElement":[{"@type":"ListItem","position":1,"name":"Home","item":"https:\/\/happyinaknit.com\/lt\/"},{"@type":"ListItem","position":2,"name":"Parduotuv\u0117","item":"https:\/\/happyinaknit.com\/lt\/parduotuve\/"},{"@type":"ListItem","position":3,"name":"Concept by Katia Piumino"}]},{"@type":"WebSite","@id":"https:\/\/happyinaknit.com\/lt\/#website","url":"https:\/\/happyinaknit.com\/lt\/","name":"Happyinaknit.com","description":"","potentialAction":[{"@type":"SearchAction","target":{"@type":"EntryPoint","urlTemplate":"https:\/\/happyinaknit.com\/lt\/?s={search_term_string}"},"query-input":{"@type":"PropertyValueSpecification","valueRequired":true,"valueName":"search_term_string"}}],"inLanguage":"en-US"}]}},"_links":{"self":[{"href":"https:\/\/happyinaknit.com\/en\/wp-json\/wp\/v2\/product\/5251","targetHints":{"allow":["GET"]}}],"collection":[{"href":"https:\/\/happyinaknit.com\/en\/wp-json\/wp\/v2\/product"}],"about":[{"href":"https:\/\/happyinaknit.com\/en\/wp-json\/wp\/v2\/types\/product"}],"replies":[{"embeddable":true,"href":"https:\/\/happyinaknit.com\/en\/wp-json\/wp\/v2\/comments?post=5251"}],"wp:featuredmedia":[{"embeddable":true,"href":"https:\/\/happyinaknit.com\/en\/wp-json\/wp\/v2\/media\/4768"}],"wp:attachment":[{"href":"https:\/\/happyinaknit.com\/en\/wp-json\/wp\/v2\/media?parent=5251"}],"wp:term":[{"taxonomy":"product_brand","embeddable":true,"href":"https:\/\/happyinaknit.com\/en\/wp-json\/wp\/v2\/product_brand?post=5251"},{"taxonomy":"product_cat","embeddable":true,"href":"https:\/\/happyinaknit.com\/en\/wp-json\/wp\/v2\/product_cat?post=5251"},{"taxonomy":"product_tag","embeddable":true,"href":"https:\/\/happyinaknit.com\/en\/wp-json\/wp\/v2\/product_tag?post=5251"},{"taxonomy":"pro-kategorijos","embeddable":true,"href":"https:\/\/happyinaknit.com\/en\/wp-json\/wp\/v2\/pro-kategorijos?post=5251"}],"curies":[{"name":"wp","href":"https:\/\/api.w.org\/{rel}","templated":true}]}}