{"id":5228,"date":"2025-10-15T07:42:22","date_gmt":"2025-10-15T07:42:22","guid":{"rendered":"https:\/\/happyinaknit.com\/?post_type=product&#038;p=5228"},"modified":"2025-11-13T20:08:24","modified_gmt":"2025-11-13T20:08:24","slug":"katia-alexandria","status":"publish","type":"product","link":"https:\/\/happyinaknit.com\/en\/product\/katia-alexandria\/","title":{"rendered":"Katia Alexandria"},"content":{"rendered":"<p data-start=\"26\" data-end=\"338\"><strong data-start=\"26\" data-end=\"46\">Katia Alexandria<\/strong> \u2013 classic, thin 100 % mercerized cotton yarn, perfect for crocheting. These yarns have a subtle sheen, strength and extremely smooth structure, so they can be used to create light and elegant knitwear \u2013 tablecloths, napkins, summer clothes or accessories.<\/p>\n<p data-start=\"340\" data-end=\"501\"><strong data-start=\"340\" data-end=\"352\">Composition:<\/strong> 100 % mercerized cotton<br data-start=\"380\" data-end=\"383\" \/><strong data-start=\"383\" data-end=\"402\">Weight\/Length:<\/strong> 100 g - 400 m<br data-start=\"416\" data-end=\"419\" \/><strong data-start=\"419\" data-end=\"447\" data-is-only-node=\"\">Recommended needles:<\/strong> 2.5mm<br data-start=\"454\" data-end=\"457\" \/><strong data-start=\"457\" data-end=\"485\">Recommended hook:<\/strong> 1.75 \u2013 2.0mm<\/p>\n<p data-start=\"503\" data-end=\"633\"><strong data-start=\"503\" data-end=\"517\">Care:<\/strong><br data-start=\"517\" data-end=\"520\" \/>Wash on gentle cycle at a temperature of up to 30\u00b0C, do not use chlorine or bleach, dry flat.<\/p>\n<p data-start=\"635\" data-end=\"723\" data-is-last-node=\"\" data-is-only-node=\"\"><strong data-start=\"635\" data-end=\"647\">Note:<\/strong> Color shades may vary slightly depending on your device&#039;s screen.<\/p>","protected":false},"excerpt":{"rendered":"<p>Katia Alexandria \u2013 klasikiniai, ploni 100 % merserizuotos medviln\u0117s si\u016blai, puikiai tinkantys n\u0117rimui v\u0105\u0161eliu. \u0160ie si\u016blai pasi\u017eymi subtiliu blizgesiu, tvirtumu ir itin lygia strukt\u016bra, tod\u0117l i\u0161 j\u0173 galima kurti lengvus bei eleganti\u0161kus mezginius \u2013 staltieses, servet\u0117les, vasarinius drabu\u017eius ar aksesuarus. Sud\u0117tis: 100 % merserizuota medviln\u0117Svoris \/ ilgis: 100 g &#8211; 400 mRekomenduojami virbalai: 2,5 mmRekomenduojamas [&hellip;]<\/p>\n","protected":false},"featured_media":4788,"comment_status":"open","ping_status":"closed","template":"","meta":{"_acf_changed":false},"product_brand":[69],"product_cat":[15,18],"product_tag":[],"pro-kategorijos":[55],"class_list":{"0":"post-5228","1":"product","2":"type-product","3":"status-publish","4":"has-post-thumbnail","6":"product_brand-concept-by-katia","7":"product_cat-visi-produktai","8":"product_cat-siulai","9":"pro-kategorijos-medvilne","11":"first","12":"instock","13":"shipping-taxable","14":"purchasable","15":"product-type-simple"},"acf":[],"yoast_head":"<!-- This site is optimized with the Yoast SEO plugin v26.8 - https:\/\/yoast.com\/product\/yoast-seo-wordpress\/ -->\n<title>Katia Alexandria - Happyinaknit.com<\/title>\n<meta name=\"robots\" content=\"index, follow, max-snippet:-1, max-image-preview:large, max-video-preview:-1\" \/>\n<link rel=\"canonical\" href=\"https:\/\/happyinaknit.com\/en\/product\/katia-alexandria\/\" \/>\n<meta property=\"og:locale\" content=\"en_US\" \/>\n<meta property=\"og:type\" content=\"article\" \/>\n<meta property=\"og:title\" content=\"Katia Alexandria - Happyinaknit.com\" \/>\n<meta property=\"og:description\" content=\"Katia Alexandria \u2013 klasikiniai, ploni 100 % merserizuotos medviln\u0117s si\u016blai, puikiai tinkantys n\u0117rimui v\u0105\u0161eliu. \u0160ie si\u016blai pasi\u017eymi subtiliu blizgesiu, tvirtumu ir itin lygia strukt\u016bra, tod\u0117l i\u0161 j\u0173 galima kurti lengvus bei eleganti\u0161kus mezginius \u2013 staltieses, servet\u0117les, vasarinius drabu\u017eius ar aksesuarus. Sud\u0117tis: 100 % merserizuota medviln\u0117Svoris \/ ilgis: 100 g &#8211; 400 mRekomenduojami virbalai: 2,5 mmRekomenduojamas [&hellip;]\" \/>\n<meta property=\"og:url\" content=\"https:\/\/happyinaknit.com\/en\/product\/katia-alexandria\/\" \/>\n<meta property=\"og:site_name\" content=\"Happyinaknit.com\" \/>\n<meta property=\"article:modified_time\" content=\"2025-11-13T20:08:24+00:00\" \/>\n<meta property=\"og:image\" content=\"https:\/\/happyinaknit.com\/wp-content\/uploads\/2025\/10\/IMG_9488.jpg\" \/>\n\t<meta property=\"og:image:width\" content=\"1320\" \/>\n\t<meta property=\"og:image:height\" content=\"1161\" \/>\n\t<meta property=\"og:image:type\" content=\"image\/jpeg\" \/>\n<meta name=\"twitter:card\" content=\"summary_large_image\" \/>\n<script type=\"application\/ld+json\" class=\"yoast-schema-graph\">{\"@context\":\"https:\/\/schema.org\",\"@graph\":[{\"@type\":\"WebPage\",\"@id\":\"https:\/\/happyinaknit.com\/produktas\/katia-alexandria\/\",\"url\":\"https:\/\/happyinaknit.com\/produktas\/katia-alexandria\/\",\"name\":\"Katia Alexandria - Happyinaknit.com\",\"isPartOf\":{\"@id\":\"https:\/\/happyinaknit.com\/lt\/#website\"},\"primaryImageOfPage\":{\"@id\":\"https:\/\/happyinaknit.com\/produktas\/katia-alexandria\/#primaryimage\"},\"image\":{\"@id\":\"https:\/\/happyinaknit.com\/produktas\/katia-alexandria\/#primaryimage\"},\"thumbnailUrl\":\"https:\/\/happyinaknit.com\/wp-content\/uploads\/2025\/10\/IMG_9488.jpg\",\"datePublished\":\"2025-10-15T07:42:22+00:00\",\"dateModified\":\"2025-11-13T20:08:24+00:00\",\"breadcrumb\":{\"@id\":\"https:\/\/happyinaknit.com\/produktas\/katia-alexandria\/#breadcrumb\"},\"inLanguage\":\"en-US\",\"potentialAction\":[{\"@type\":\"ReadAction\",\"target\":[\"https:\/\/happyinaknit.com\/produktas\/katia-alexandria\/\"]}]},{\"@type\":\"ImageObject\",\"inLanguage\":\"en-US\",\"@id\":\"https:\/\/happyinaknit.com\/produktas\/katia-alexandria\/#primaryimage\",\"url\":\"https:\/\/happyinaknit.com\/wp-content\/uploads\/2025\/10\/IMG_9488.jpg\",\"contentUrl\":\"https:\/\/happyinaknit.com\/wp-content\/uploads\/2025\/10\/IMG_9488.jpg\",\"width\":1320,\"height\":1161},{\"@type\":\"BreadcrumbList\",\"@id\":\"https:\/\/happyinaknit.com\/produktas\/katia-alexandria\/#breadcrumb\",\"itemListElement\":[{\"@type\":\"ListItem\",\"position\":1,\"name\":\"Home\",\"item\":\"https:\/\/happyinaknit.com\/lt\/\"},{\"@type\":\"ListItem\",\"position\":2,\"name\":\"Parduotuv\u0117\",\"item\":\"https:\/\/happyinaknit.com\/lt\/parduotuve\/\"},{\"@type\":\"ListItem\",\"position\":3,\"name\":\"Katia Alexandria\"}]},{\"@type\":\"WebSite\",\"@id\":\"https:\/\/happyinaknit.com\/lt\/#website\",\"url\":\"https:\/\/happyinaknit.com\/lt\/\",\"name\":\"Happyinaknit.com\",\"description\":\"\",\"potentialAction\":[{\"@type\":\"SearchAction\",\"target\":{\"@type\":\"EntryPoint\",\"urlTemplate\":\"https:\/\/happyinaknit.com\/lt\/?s={search_term_string}\"},\"query-input\":{\"@type\":\"PropertyValueSpecification\",\"valueRequired\":true,\"valueName\":\"search_term_string\"}}],\"inLanguage\":\"en-US\"}]}<\/script>\n<!-- \/ Yoast SEO plugin. -->","yoast_head_json":{"title":"Katia Alexandria - Happyinaknit.com","robots":{"index":"index","follow":"follow","max-snippet":"max-snippet:-1","max-image-preview":"max-image-preview:large","max-video-preview":"max-video-preview:-1"},"canonical":"https:\/\/happyinaknit.com\/en\/product\/katia-alexandria\/","og_locale":"en_US","og_type":"article","og_title":"Katia Alexandria - Happyinaknit.com","og_description":"Katia Alexandria \u2013 klasikiniai, ploni 100 % merserizuotos medviln\u0117s si\u016blai, puikiai tinkantys n\u0117rimui v\u0105\u0161eliu. \u0160ie si\u016blai pasi\u017eymi subtiliu blizgesiu, tvirtumu ir itin lygia strukt\u016bra, tod\u0117l i\u0161 j\u0173 galima kurti lengvus bei eleganti\u0161kus mezginius \u2013 staltieses, servet\u0117les, vasarinius drabu\u017eius ar aksesuarus. Sud\u0117tis: 100 % merserizuota medviln\u0117Svoris \/ ilgis: 100 g &#8211; 400 mRekomenduojami virbalai: 2,5 mmRekomenduojamas [&hellip;]","og_url":"https:\/\/happyinaknit.com\/en\/product\/katia-alexandria\/","og_site_name":"Happyinaknit.com","article_modified_time":"2025-11-13T20:08:24+00:00","og_image":[{"width":1320,"height":1161,"url":"https:\/\/happyinaknit.com\/wp-content\/uploads\/2025\/10\/IMG_9488.jpg","type":"image\/jpeg"}],"twitter_card":"summary_large_image","schema":{"@context":"https:\/\/schema.org","@graph":[{"@type":"WebPage","@id":"https:\/\/happyinaknit.com\/produktas\/katia-alexandria\/","url":"https:\/\/happyinaknit.com\/produktas\/katia-alexandria\/","name":"Katia Alexandria - Happyinaknit.com","isPartOf":{"@id":"https:\/\/happyinaknit.com\/lt\/#website"},"primaryImageOfPage":{"@id":"https:\/\/happyinaknit.com\/produktas\/katia-alexandria\/#primaryimage"},"image":{"@id":"https:\/\/happyinaknit.com\/produktas\/katia-alexandria\/#primaryimage"},"thumbnailUrl":"https:\/\/happyinaknit.com\/wp-content\/uploads\/2025\/10\/IMG_9488.jpg","datePublished":"2025-10-15T07:42:22+00:00","dateModified":"2025-11-13T20:08:24+00:00","breadcrumb":{"@id":"https:\/\/happyinaknit.com\/produktas\/katia-alexandria\/#breadcrumb"},"inLanguage":"en-US","potentialAction":[{"@type":"ReadAction","target":["https:\/\/happyinaknit.com\/produktas\/katia-alexandria\/"]}]},{"@type":"ImageObject","inLanguage":"en-US","@id":"https:\/\/happyinaknit.com\/produktas\/katia-alexandria\/#primaryimage","url":"https:\/\/happyinaknit.com\/wp-content\/uploads\/2025\/10\/IMG_9488.jpg","contentUrl":"https:\/\/happyinaknit.com\/wp-content\/uploads\/2025\/10\/IMG_9488.jpg","width":1320,"height":1161},{"@type":"BreadcrumbList","@id":"https:\/\/happyinaknit.com\/produktas\/katia-alexandria\/#breadcrumb","itemListElement":[{"@type":"ListItem","position":1,"name":"Home","item":"https:\/\/happyinaknit.com\/lt\/"},{"@type":"ListItem","position":2,"name":"Parduotuv\u0117","item":"https:\/\/happyinaknit.com\/lt\/parduotuve\/"},{"@type":"ListItem","position":3,"name":"Katia Alexandria"}]},{"@type":"WebSite","@id":"https:\/\/happyinaknit.com\/lt\/#website","url":"https:\/\/happyinaknit.com\/lt\/","name":"Happyinaknit.com","description":"","potentialAction":[{"@type":"SearchAction","target":{"@type":"EntryPoint","urlTemplate":"https:\/\/happyinaknit.com\/lt\/?s={search_term_string}"},"query-input":{"@type":"PropertyValueSpecification","valueRequired":true,"valueName":"search_term_string"}}],"inLanguage":"en-US"}]}},"_links":{"self":[{"href":"https:\/\/happyinaknit.com\/en\/wp-json\/wp\/v2\/product\/5228","targetHints":{"allow":["GET"]}}],"collection":[{"href":"https:\/\/happyinaknit.com\/en\/wp-json\/wp\/v2\/product"}],"about":[{"href":"https:\/\/happyinaknit.com\/en\/wp-json\/wp\/v2\/types\/product"}],"replies":[{"embeddable":true,"href":"https:\/\/happyinaknit.com\/en\/wp-json\/wp\/v2\/comments?post=5228"}],"wp:featuredmedia":[{"embeddable":true,"href":"https:\/\/happyinaknit.com\/en\/wp-json\/wp\/v2\/media\/4788"}],"wp:attachment":[{"href":"https:\/\/happyinaknit.com\/en\/wp-json\/wp\/v2\/media?parent=5228"}],"wp:term":[{"taxonomy":"product_brand","embeddable":true,"href":"https:\/\/happyinaknit.com\/en\/wp-json\/wp\/v2\/product_brand?post=5228"},{"taxonomy":"product_cat","embeddable":true,"href":"https:\/\/happyinaknit.com\/en\/wp-json\/wp\/v2\/product_cat?post=5228"},{"taxonomy":"product_tag","embeddable":true,"href":"https:\/\/happyinaknit.com\/en\/wp-json\/wp\/v2\/product_tag?post=5228"},{"taxonomy":"pro-kategorijos","embeddable":true,"href":"https:\/\/happyinaknit.com\/en\/wp-json\/wp\/v2\/pro-kategorijos?post=5228"}],"curies":[{"name":"wp","href":"https:\/\/api.w.org\/{rel}","templated":true}]}}