{"id":5203,"date":"2025-10-15T07:11:41","date_gmt":"2025-10-15T07:11:41","guid":{"rendered":"https:\/\/happyinaknit.com\/?post_type=product&#038;p=5203"},"modified":"2026-03-26T12:27:30","modified_gmt":"2026-03-26T12:27:30","slug":"katia-paraiso","status":"publish","type":"product","link":"https:\/\/happyinaknit.com\/en\/product\/katia-paraiso\/","title":{"rendered":"Katia Paraiso"},"content":{"rendered":"<p data-start=\"23\" data-end=\"446\"><strong data-start=\"23\" data-end=\"40\">Katia Paraiso<\/strong> - colourful summer fun in a ball! This is 100 % cotton yarns, each ball featuring harmonious shade transitions. \u201ePerfect for both knitting and crocheting, Paraiso is the perfect yarn for creating light, breathable garments and bright accessories. For an even more interesting effect, Paraiso can be combined with monochrome cotton yarns such as Katia Fair Cotton.<\/p>\n<p data-start=\"448\" data-end=\"605\"><strong data-start=\"448\" data-end=\"460\">Composition:<\/strong> 100 % cotton<br data-start=\"475\" data-end=\"478\" \/><strong data-start=\"478\" data-end=\"497\">Weight\/Length:<\/strong> 100 g - 360 m<br data-start=\"511\" data-end=\"514\" \/><strong data-start=\"514\" data-end=\"542\">Recommended needles:<\/strong> 3.0 \u2013 3.5 mm<br data-start=\"555\" data-end=\"558\" \/><strong data-start=\"558\" data-end=\"571\" data-is-only-node=\"\">Density:<\/strong> 10 \u00d7 10 cm \u2013 23 stitches \u00d7 30 rows<\/p>\n<p data-start=\"607\" data-end=\"636\"><strong data-start=\"607\" data-end=\"634\">Consumption:<\/strong><\/p>\n<ul data-start=\"637\" data-end=\"783\">\n<li data-start=\"637\" data-end=\"689\">\n<p data-start=\"639\" data-end=\"689\">For T-shirts (size 44\u201346) \u2013 about 2 balls<\/p>\n<\/li>\n<li data-start=\"690\" data-end=\"739\">\n<p data-start=\"692\" data-end=\"739\">For a sweater (size 44\u201346) \u2013 about 3 balls<\/p>\n<\/li>\n<li data-start=\"740\" data-end=\"783\">\n<p data-start=\"742\" data-end=\"783\">For a knee-length dress \u2013 about 4 balls<\/p>\n<\/li>\n<\/ul>\n<p data-start=\"785\" data-end=\"883\"><strong data-start=\"785\" data-end=\"799\">Care:<\/strong><br data-start=\"799\" data-end=\"802\" \/>Wash at a temperature of up to 30 \u00b0C, can be ironed, and dried naturally.<\/p>\n<p data-start=\"885\" data-end=\"973\" data-is-last-node=\"\" data-is-only-node=\"\"><strong data-start=\"885\" data-end=\"897\">Note:<\/strong> Color shades may vary slightly depending on your device&#039;s screen.<\/p>","protected":false},"excerpt":{"rendered":"<p>Katia Paraiso \u2013 spalvotas vasaros d\u017eiaugsmas kamuoliuke! Tai 100 % medvilniniai si\u016blai, kuri\u0173 kiekvienas kamuoliukas pasi\u017eymi harmoningais atspalvi\u0173 per\u0117jimais. \u201eParaiso\u201c puikiai tinka tiek mezgimui, tiek n\u0117rimui \u2013 i\u0161 \u0161i\u0173 si\u016bl\u0173 sukursite lengvus, kv\u0117puojan\u010dius drabu\u017eius ir ry\u0161kius aksesuarus. Norint dar \u012fdomesnio efekto, \u201eParaiso\u201c galima derinti su vienspalviais medvilniniais si\u016blais, pavyzd\u017eiui, Katia Fair Cotton. Sud\u0117tis: 100 % [&hellip;]<\/p>\n","protected":false},"featured_media":4807,"comment_status":"open","ping_status":"closed","template":"","meta":{"_acf_changed":false},"product_brand":[69],"product_cat":[15,182,18],"product_tag":[33],"pro-kategorijos":[55],"class_list":{"0":"post-5203","1":"product","2":"type-product","3":"status-publish","4":"has-post-thumbnail","6":"product_brand-concept-by-katia","7":"product_cat-visi-produktai","8":"product_cat-ispardavimas","9":"product_cat-siulai","10":"product_tag-ispardavimas","11":"pro-kategorijos-medvilne","13":"first","14":"instock","15":"sale","16":"shipping-taxable","17":"purchasable","18":"product-type-variable"},"acf":[],"yoast_head":"<!-- This site is optimized with the Yoast SEO plugin v26.8 - https:\/\/yoast.com\/product\/yoast-seo-wordpress\/ -->\n<title>Katia Paraiso - Happyinaknit.com<\/title>\n<meta name=\"robots\" content=\"index, follow, max-snippet:-1, max-image-preview:large, max-video-preview:-1\" \/>\n<link rel=\"canonical\" href=\"https:\/\/happyinaknit.com\/en\/product\/katia-paraiso\/\" \/>\n<meta property=\"og:locale\" content=\"en_US\" \/>\n<meta property=\"og:type\" content=\"article\" \/>\n<meta property=\"og:title\" content=\"Katia Paraiso - Happyinaknit.com\" \/>\n<meta property=\"og:description\" content=\"Katia Paraiso \u2013 spalvotas vasaros d\u017eiaugsmas kamuoliuke! Tai 100 % medvilniniai si\u016blai, kuri\u0173 kiekvienas kamuoliukas pasi\u017eymi harmoningais atspalvi\u0173 per\u0117jimais. \u201eParaiso\u201c puikiai tinka tiek mezgimui, tiek n\u0117rimui \u2013 i\u0161 \u0161i\u0173 si\u016bl\u0173 sukursite lengvus, kv\u0117puojan\u010dius drabu\u017eius ir ry\u0161kius aksesuarus. Norint dar \u012fdomesnio efekto, \u201eParaiso\u201c galima derinti su vienspalviais medvilniniais si\u016blais, pavyzd\u017eiui, Katia Fair Cotton. Sud\u0117tis: 100 % [&hellip;]\" \/>\n<meta property=\"og:url\" content=\"https:\/\/happyinaknit.com\/en\/product\/katia-paraiso\/\" \/>\n<meta property=\"og:site_name\" content=\"Happyinaknit.com\" \/>\n<meta property=\"article:modified_time\" content=\"2026-03-26T12:27:30+00:00\" \/>\n<meta property=\"og:image\" content=\"https:\/\/happyinaknit.com\/wp-content\/uploads\/2025\/10\/IMG_9469.jpg\" \/>\n\t<meta property=\"og:image:width\" content=\"1320\" \/>\n\t<meta property=\"og:image:height\" content=\"1198\" \/>\n\t<meta property=\"og:image:type\" content=\"image\/jpeg\" \/>\n<meta name=\"twitter:card\" content=\"summary_large_image\" \/>\n<meta name=\"twitter:label1\" content=\"Est. reading time\" \/>\n\t<meta name=\"twitter:data1\" content=\"1 minute\" \/>\n<script type=\"application\/ld+json\" class=\"yoast-schema-graph\">{\"@context\":\"https:\/\/schema.org\",\"@graph\":[{\"@type\":\"WebPage\",\"@id\":\"https:\/\/happyinaknit.com\/produktas\/katia-paraiso\/\",\"url\":\"https:\/\/happyinaknit.com\/produktas\/katia-paraiso\/\",\"name\":\"Katia Paraiso - Happyinaknit.com\",\"isPartOf\":{\"@id\":\"https:\/\/happyinaknit.com\/lt\/#website\"},\"primaryImageOfPage\":{\"@id\":\"https:\/\/happyinaknit.com\/produktas\/katia-paraiso\/#primaryimage\"},\"image\":{\"@id\":\"https:\/\/happyinaknit.com\/produktas\/katia-paraiso\/#primaryimage\"},\"thumbnailUrl\":\"https:\/\/happyinaknit.com\/wp-content\/uploads\/2025\/10\/IMG_9469.jpg\",\"datePublished\":\"2025-10-15T07:11:41+00:00\",\"dateModified\":\"2026-03-26T12:27:30+00:00\",\"breadcrumb\":{\"@id\":\"https:\/\/happyinaknit.com\/produktas\/katia-paraiso\/#breadcrumb\"},\"inLanguage\":\"en-US\",\"potentialAction\":[{\"@type\":\"ReadAction\",\"target\":[\"https:\/\/happyinaknit.com\/produktas\/katia-paraiso\/\"]}]},{\"@type\":\"ImageObject\",\"inLanguage\":\"en-US\",\"@id\":\"https:\/\/happyinaknit.com\/produktas\/katia-paraiso\/#primaryimage\",\"url\":\"https:\/\/happyinaknit.com\/wp-content\/uploads\/2025\/10\/IMG_9469.jpg\",\"contentUrl\":\"https:\/\/happyinaknit.com\/wp-content\/uploads\/2025\/10\/IMG_9469.jpg\",\"width\":1320,\"height\":1198},{\"@type\":\"BreadcrumbList\",\"@id\":\"https:\/\/happyinaknit.com\/produktas\/katia-paraiso\/#breadcrumb\",\"itemListElement\":[{\"@type\":\"ListItem\",\"position\":1,\"name\":\"Home\",\"item\":\"https:\/\/happyinaknit.com\/lt\/\"},{\"@type\":\"ListItem\",\"position\":2,\"name\":\"Parduotuv\u0117\",\"item\":\"https:\/\/happyinaknit.com\/lt\/parduotuve\/\"},{\"@type\":\"ListItem\",\"position\":3,\"name\":\"Katia Paraiso\"}]},{\"@type\":\"WebSite\",\"@id\":\"https:\/\/happyinaknit.com\/lt\/#website\",\"url\":\"https:\/\/happyinaknit.com\/lt\/\",\"name\":\"Happyinaknit.com\",\"description\":\"\",\"potentialAction\":[{\"@type\":\"SearchAction\",\"target\":{\"@type\":\"EntryPoint\",\"urlTemplate\":\"https:\/\/happyinaknit.com\/lt\/?s={search_term_string}\"},\"query-input\":{\"@type\":\"PropertyValueSpecification\",\"valueRequired\":true,\"valueName\":\"search_term_string\"}}],\"inLanguage\":\"en-US\"}]}<\/script>\n<!-- \/ Yoast SEO plugin. -->","yoast_head_json":{"title":"Katia Paraiso - Happyinaknit.com","robots":{"index":"index","follow":"follow","max-snippet":"max-snippet:-1","max-image-preview":"max-image-preview:large","max-video-preview":"max-video-preview:-1"},"canonical":"https:\/\/happyinaknit.com\/en\/product\/katia-paraiso\/","og_locale":"en_US","og_type":"article","og_title":"Katia Paraiso - Happyinaknit.com","og_description":"Katia Paraiso \u2013 spalvotas vasaros d\u017eiaugsmas kamuoliuke! Tai 100 % medvilniniai si\u016blai, kuri\u0173 kiekvienas kamuoliukas pasi\u017eymi harmoningais atspalvi\u0173 per\u0117jimais. \u201eParaiso\u201c puikiai tinka tiek mezgimui, tiek n\u0117rimui \u2013 i\u0161 \u0161i\u0173 si\u016bl\u0173 sukursite lengvus, kv\u0117puojan\u010dius drabu\u017eius ir ry\u0161kius aksesuarus. Norint dar \u012fdomesnio efekto, \u201eParaiso\u201c galima derinti su vienspalviais medvilniniais si\u016blais, pavyzd\u017eiui, Katia Fair Cotton. Sud\u0117tis: 100 % [&hellip;]","og_url":"https:\/\/happyinaknit.com\/en\/product\/katia-paraiso\/","og_site_name":"Happyinaknit.com","article_modified_time":"2026-03-26T12:27:30+00:00","og_image":[{"width":1320,"height":1198,"url":"https:\/\/happyinaknit.com\/wp-content\/uploads\/2025\/10\/IMG_9469.jpg","type":"image\/jpeg"}],"twitter_card":"summary_large_image","twitter_misc":{"Est. reading time":"1 minute"},"schema":{"@context":"https:\/\/schema.org","@graph":[{"@type":"WebPage","@id":"https:\/\/happyinaknit.com\/produktas\/katia-paraiso\/","url":"https:\/\/happyinaknit.com\/produktas\/katia-paraiso\/","name":"Katia Paraiso - Happyinaknit.com","isPartOf":{"@id":"https:\/\/happyinaknit.com\/lt\/#website"},"primaryImageOfPage":{"@id":"https:\/\/happyinaknit.com\/produktas\/katia-paraiso\/#primaryimage"},"image":{"@id":"https:\/\/happyinaknit.com\/produktas\/katia-paraiso\/#primaryimage"},"thumbnailUrl":"https:\/\/happyinaknit.com\/wp-content\/uploads\/2025\/10\/IMG_9469.jpg","datePublished":"2025-10-15T07:11:41+00:00","dateModified":"2026-03-26T12:27:30+00:00","breadcrumb":{"@id":"https:\/\/happyinaknit.com\/produktas\/katia-paraiso\/#breadcrumb"},"inLanguage":"en-US","potentialAction":[{"@type":"ReadAction","target":["https:\/\/happyinaknit.com\/produktas\/katia-paraiso\/"]}]},{"@type":"ImageObject","inLanguage":"en-US","@id":"https:\/\/happyinaknit.com\/produktas\/katia-paraiso\/#primaryimage","url":"https:\/\/happyinaknit.com\/wp-content\/uploads\/2025\/10\/IMG_9469.jpg","contentUrl":"https:\/\/happyinaknit.com\/wp-content\/uploads\/2025\/10\/IMG_9469.jpg","width":1320,"height":1198},{"@type":"BreadcrumbList","@id":"https:\/\/happyinaknit.com\/produktas\/katia-paraiso\/#breadcrumb","itemListElement":[{"@type":"ListItem","position":1,"name":"Home","item":"https:\/\/happyinaknit.com\/lt\/"},{"@type":"ListItem","position":2,"name":"Parduotuv\u0117","item":"https:\/\/happyinaknit.com\/lt\/parduotuve\/"},{"@type":"ListItem","position":3,"name":"Katia Paraiso"}]},{"@type":"WebSite","@id":"https:\/\/happyinaknit.com\/lt\/#website","url":"https:\/\/happyinaknit.com\/lt\/","name":"Happyinaknit.com","description":"","potentialAction":[{"@type":"SearchAction","target":{"@type":"EntryPoint","urlTemplate":"https:\/\/happyinaknit.com\/lt\/?s={search_term_string}"},"query-input":{"@type":"PropertyValueSpecification","valueRequired":true,"valueName":"search_term_string"}}],"inLanguage":"en-US"}]}},"_links":{"self":[{"href":"https:\/\/happyinaknit.com\/en\/wp-json\/wp\/v2\/product\/5203","targetHints":{"allow":["GET"]}}],"collection":[{"href":"https:\/\/happyinaknit.com\/en\/wp-json\/wp\/v2\/product"}],"about":[{"href":"https:\/\/happyinaknit.com\/en\/wp-json\/wp\/v2\/types\/product"}],"replies":[{"embeddable":true,"href":"https:\/\/happyinaknit.com\/en\/wp-json\/wp\/v2\/comments?post=5203"}],"wp:featuredmedia":[{"embeddable":true,"href":"https:\/\/happyinaknit.com\/en\/wp-json\/wp\/v2\/media\/4807"}],"wp:attachment":[{"href":"https:\/\/happyinaknit.com\/en\/wp-json\/wp\/v2\/media?parent=5203"}],"wp:term":[{"taxonomy":"product_brand","embeddable":true,"href":"https:\/\/happyinaknit.com\/en\/wp-json\/wp\/v2\/product_brand?post=5203"},{"taxonomy":"product_cat","embeddable":true,"href":"https:\/\/happyinaknit.com\/en\/wp-json\/wp\/v2\/product_cat?post=5203"},{"taxonomy":"product_tag","embeddable":true,"href":"https:\/\/happyinaknit.com\/en\/wp-json\/wp\/v2\/product_tag?post=5203"},{"taxonomy":"pro-kategorijos","embeddable":true,"href":"https:\/\/happyinaknit.com\/en\/wp-json\/wp\/v2\/pro-kategorijos?post=5203"}],"curies":[{"name":"wp","href":"https:\/\/api.w.org\/{rel}","templated":true}]}}