{"id":4971,"date":"2025-10-13T22:20:46","date_gmt":"2025-10-13T22:20:46","guid":{"rendered":"https:\/\/happyinaknit.com\/?post_type=product&#038;p=4971"},"modified":"2025-10-13T22:20:46","modified_gmt":"2025-10-13T22:20:46","slug":"tulip-etimo-silver-vaseliu-rinkinys","status":"publish","type":"product","link":"https:\/\/happyinaknit.com\/en\/product\/tulip-etimo-silver-vaseliu-rinkinys\/","title":{"rendered":"Tulip Etimo Silver Crochet Hook Set"},"content":{"rendered":"<p data-start=\"0\" data-end=\"234\"><strong data-start=\"0\" data-end=\"47\">Tulip Etimo Silver TEG-002 hook set<\/strong> \u2013 an elegant and functional choice for every diver who values quality, comfort and style. This set combines Japanese precision, exquisite design and ergonomics.<\/p>\n<p data-start=\"539\" data-end=\"806\">Tulip Etimo Silver series hooks feature <strong data-start=\"601\" data-end=\"631\">soft ergonomic handle<\/strong>, which lies comfortably in the hand and allows you to work without fatigue even during long dives. The gold tips ensure <strong data-start=\"739\" data-end=\"762\">excellent thread glide<\/strong>, making crocheting smooth and enjoyable.<\/p>\n<p data-start=\"808\" data-end=\"979\">All the tools are included in <strong data-start=\"834\" data-end=\"865\">gray twill case<\/strong> with a metal clasp - practical, stylish and perfect for both travel and everyday use.<\/p>\n<p data-start=\"236\" data-end=\"256\"><strong data-start=\"236\" data-end=\"254\">The set includes:<\/strong><\/p>\n<ul data-start=\"257\" data-end=\"537\">\n<li data-start=\"257\" data-end=\"425\">\n<p data-start=\"259\" data-end=\"425\"><strong data-start=\"259\" data-end=\"286\">8 ergonomic handles<\/strong> with a dark gray handle and a gold tip:<br data-start=\"341\" data-end=\"344\" \/>2.00 mm 2.20 mm 2.50 mm 3.00 mm 3.50 mm 4.00 mm 5.00 mm 6.00 mm<\/p>\n<\/li>\n<li data-start=\"426\" data-end=\"479\">\n<p data-start=\"428\" data-end=\"479\"><strong data-start=\"428\" data-end=\"455\">Gold-plated scissors<\/strong> with original design<\/p>\n<\/li>\n<li data-start=\"480\" data-end=\"537\">\n<p data-start=\"482\" data-end=\"537\"><strong data-start=\"482\" data-end=\"512\">2 steel sewing needles<\/strong> (55 mm and 70 mm long)<\/p>\n<\/li>\n<\/ul>\n<p data-start=\"981\" data-end=\"1015\"><strong data-start=\"981\" data-end=\"996\">Manufacturer:<\/strong> Tulip (Japan)<\/p>\n<p data-start=\"1017\" data-end=\"1105\" data-is-last-node=\"\" data-is-only-node=\"\"><strong data-start=\"1017\" data-end=\"1029\">Note:<\/strong> Color shades may vary slightly depending on your device&#039;s screen.<\/p>","protected":false},"excerpt":{"rendered":"<p data-start=\"236\" data-end=\"256\">\n<ul data-start=\"257\" data-end=\"537\">\n<li data-start=\"257\" data-end=\"425\"><\/li>\n<\/ul>\n<p data-start=\"539\" data-end=\"806\">","protected":false},"featured_media":4973,"comment_status":"open","ping_status":"closed","template":"","meta":{"_acf_changed":false},"product_brand":[757],"product_cat":[15,19,788],"product_tag":[],"pro-kategorijos":[],"class_list":{"0":"post-4971","1":"product","2":"type-product","3":"status-publish","4":"has-post-thumbnail","6":"product_brand-tulip","7":"product_cat-visi-produktai","8":"product_cat-mezgimo-priemones","9":"product_cat-vaseliu-rinkiniai","11":"first","12":"instock","13":"shipping-taxable","14":"purchasable","15":"product-type-simple"},"acf":[],"yoast_head":"<!-- This site is optimized with the Yoast SEO plugin v26.8 - https:\/\/yoast.com\/product\/yoast-seo-wordpress\/ -->\n<title>Tulip Etimo Silver v\u0105\u0161eli\u0173 rinkinys - Happyinaknit.com<\/title>\n<meta name=\"robots\" content=\"index, follow, max-snippet:-1, max-image-preview:large, max-video-preview:-1\" \/>\n<link rel=\"canonical\" href=\"https:\/\/happyinaknit.com\/en\/product\/tulip-etimo-silver-vaseliu-rinkinys\/\" \/>\n<meta property=\"og:locale\" content=\"en_US\" \/>\n<meta property=\"og:type\" content=\"article\" \/>\n<meta property=\"og:title\" content=\"Tulip Etimo Silver v\u0105\u0161eli\u0173 rinkinys - Happyinaknit.com\" \/>\n<meta property=\"og:url\" content=\"https:\/\/happyinaknit.com\/en\/product\/tulip-etimo-silver-vaseliu-rinkinys\/\" \/>\n<meta property=\"og:site_name\" content=\"Happyinaknit.com\" \/>\n<meta property=\"og:image\" content=\"https:\/\/happyinaknit.com\/wp-content\/uploads\/2025\/10\/crochet-hooks-tulip-etimo-premium-gold-set.jpg.webp\" \/>\n\t<meta property=\"og:image:width\" content=\"800\" \/>\n\t<meta property=\"og:image:height\" content=\"800\" \/>\n\t<meta property=\"og:image:type\" content=\"image\/webp\" \/>\n<meta name=\"twitter:card\" content=\"summary_large_image\" \/>\n<meta name=\"twitter:label1\" content=\"Est. reading time\" \/>\n\t<meta name=\"twitter:data1\" content=\"1 minute\" \/>\n<script type=\"application\/ld+json\" class=\"yoast-schema-graph\">{\"@context\":\"https:\/\/schema.org\",\"@graph\":[{\"@type\":\"WebPage\",\"@id\":\"https:\/\/happyinaknit.com\/produktas\/tulip-etimo-silver-vaseliu-rinkinys\/\",\"url\":\"https:\/\/happyinaknit.com\/produktas\/tulip-etimo-silver-vaseliu-rinkinys\/\",\"name\":\"Tulip Etimo Silver v\u0105\u0161eli\u0173 rinkinys - Happyinaknit.com\",\"isPartOf\":{\"@id\":\"https:\/\/happyinaknit.com\/lt\/#website\"},\"primaryImageOfPage\":{\"@id\":\"https:\/\/happyinaknit.com\/produktas\/tulip-etimo-silver-vaseliu-rinkinys\/#primaryimage\"},\"image\":{\"@id\":\"https:\/\/happyinaknit.com\/produktas\/tulip-etimo-silver-vaseliu-rinkinys\/#primaryimage\"},\"thumbnailUrl\":\"https:\/\/happyinaknit.com\/wp-content\/uploads\/2025\/10\/crochet-hooks-tulip-etimo-premium-gold-set.jpg.webp\",\"datePublished\":\"2025-10-13T22:20:46+00:00\",\"breadcrumb\":{\"@id\":\"https:\/\/happyinaknit.com\/produktas\/tulip-etimo-silver-vaseliu-rinkinys\/#breadcrumb\"},\"inLanguage\":\"en-US\",\"potentialAction\":[{\"@type\":\"ReadAction\",\"target\":[\"https:\/\/happyinaknit.com\/produktas\/tulip-etimo-silver-vaseliu-rinkinys\/\"]}]},{\"@type\":\"ImageObject\",\"inLanguage\":\"en-US\",\"@id\":\"https:\/\/happyinaknit.com\/produktas\/tulip-etimo-silver-vaseliu-rinkinys\/#primaryimage\",\"url\":\"https:\/\/happyinaknit.com\/wp-content\/uploads\/2025\/10\/crochet-hooks-tulip-etimo-premium-gold-set.jpg.webp\",\"contentUrl\":\"https:\/\/happyinaknit.com\/wp-content\/uploads\/2025\/10\/crochet-hooks-tulip-etimo-premium-gold-set.jpg.webp\",\"width\":800,\"height\":800},{\"@type\":\"BreadcrumbList\",\"@id\":\"https:\/\/happyinaknit.com\/produktas\/tulip-etimo-silver-vaseliu-rinkinys\/#breadcrumb\",\"itemListElement\":[{\"@type\":\"ListItem\",\"position\":1,\"name\":\"Home\",\"item\":\"https:\/\/happyinaknit.com\/lt\/\"},{\"@type\":\"ListItem\",\"position\":2,\"name\":\"Parduotuv\u0117\",\"item\":\"https:\/\/happyinaknit.com\/lt\/parduotuve\/\"},{\"@type\":\"ListItem\",\"position\":3,\"name\":\"Tulip Etimo Silver v\u0105\u0161eli\u0173 rinkinys\"}]},{\"@type\":\"WebSite\",\"@id\":\"https:\/\/happyinaknit.com\/lt\/#website\",\"url\":\"https:\/\/happyinaknit.com\/lt\/\",\"name\":\"Happyinaknit.com\",\"description\":\"\",\"potentialAction\":[{\"@type\":\"SearchAction\",\"target\":{\"@type\":\"EntryPoint\",\"urlTemplate\":\"https:\/\/happyinaknit.com\/lt\/?s={search_term_string}\"},\"query-input\":{\"@type\":\"PropertyValueSpecification\",\"valueRequired\":true,\"valueName\":\"search_term_string\"}}],\"inLanguage\":\"en-US\"}]}<\/script>\n<!-- \/ Yoast SEO plugin. -->","yoast_head_json":{"title":"Tulip Etimo Silver v\u0105\u0161eli\u0173 rinkinys - Happyinaknit.com","robots":{"index":"index","follow":"follow","max-snippet":"max-snippet:-1","max-image-preview":"max-image-preview:large","max-video-preview":"max-video-preview:-1"},"canonical":"https:\/\/happyinaknit.com\/en\/product\/tulip-etimo-silver-vaseliu-rinkinys\/","og_locale":"en_US","og_type":"article","og_title":"Tulip Etimo Silver v\u0105\u0161eli\u0173 rinkinys - Happyinaknit.com","og_url":"https:\/\/happyinaknit.com\/en\/product\/tulip-etimo-silver-vaseliu-rinkinys\/","og_site_name":"Happyinaknit.com","og_image":[{"width":800,"height":800,"url":"https:\/\/happyinaknit.com\/wp-content\/uploads\/2025\/10\/crochet-hooks-tulip-etimo-premium-gold-set.jpg.webp","type":"image\/webp"}],"twitter_card":"summary_large_image","twitter_misc":{"Est. reading time":"1 minute"},"schema":{"@context":"https:\/\/schema.org","@graph":[{"@type":"WebPage","@id":"https:\/\/happyinaknit.com\/produktas\/tulip-etimo-silver-vaseliu-rinkinys\/","url":"https:\/\/happyinaknit.com\/produktas\/tulip-etimo-silver-vaseliu-rinkinys\/","name":"Tulip Etimo Silver v\u0105\u0161eli\u0173 rinkinys - Happyinaknit.com","isPartOf":{"@id":"https:\/\/happyinaknit.com\/lt\/#website"},"primaryImageOfPage":{"@id":"https:\/\/happyinaknit.com\/produktas\/tulip-etimo-silver-vaseliu-rinkinys\/#primaryimage"},"image":{"@id":"https:\/\/happyinaknit.com\/produktas\/tulip-etimo-silver-vaseliu-rinkinys\/#primaryimage"},"thumbnailUrl":"https:\/\/happyinaknit.com\/wp-content\/uploads\/2025\/10\/crochet-hooks-tulip-etimo-premium-gold-set.jpg.webp","datePublished":"2025-10-13T22:20:46+00:00","breadcrumb":{"@id":"https:\/\/happyinaknit.com\/produktas\/tulip-etimo-silver-vaseliu-rinkinys\/#breadcrumb"},"inLanguage":"en-US","potentialAction":[{"@type":"ReadAction","target":["https:\/\/happyinaknit.com\/produktas\/tulip-etimo-silver-vaseliu-rinkinys\/"]}]},{"@type":"ImageObject","inLanguage":"en-US","@id":"https:\/\/happyinaknit.com\/produktas\/tulip-etimo-silver-vaseliu-rinkinys\/#primaryimage","url":"https:\/\/happyinaknit.com\/wp-content\/uploads\/2025\/10\/crochet-hooks-tulip-etimo-premium-gold-set.jpg.webp","contentUrl":"https:\/\/happyinaknit.com\/wp-content\/uploads\/2025\/10\/crochet-hooks-tulip-etimo-premium-gold-set.jpg.webp","width":800,"height":800},{"@type":"BreadcrumbList","@id":"https:\/\/happyinaknit.com\/produktas\/tulip-etimo-silver-vaseliu-rinkinys\/#breadcrumb","itemListElement":[{"@type":"ListItem","position":1,"name":"Home","item":"https:\/\/happyinaknit.com\/lt\/"},{"@type":"ListItem","position":2,"name":"Parduotuv\u0117","item":"https:\/\/happyinaknit.com\/lt\/parduotuve\/"},{"@type":"ListItem","position":3,"name":"Tulip Etimo Silver v\u0105\u0161eli\u0173 rinkinys"}]},{"@type":"WebSite","@id":"https:\/\/happyinaknit.com\/lt\/#website","url":"https:\/\/happyinaknit.com\/lt\/","name":"Happyinaknit.com","description":"","potentialAction":[{"@type":"SearchAction","target":{"@type":"EntryPoint","urlTemplate":"https:\/\/happyinaknit.com\/lt\/?s={search_term_string}"},"query-input":{"@type":"PropertyValueSpecification","valueRequired":true,"valueName":"search_term_string"}}],"inLanguage":"en-US"}]}},"_links":{"self":[{"href":"https:\/\/happyinaknit.com\/en\/wp-json\/wp\/v2\/product\/4971","targetHints":{"allow":["GET"]}}],"collection":[{"href":"https:\/\/happyinaknit.com\/en\/wp-json\/wp\/v2\/product"}],"about":[{"href":"https:\/\/happyinaknit.com\/en\/wp-json\/wp\/v2\/types\/product"}],"replies":[{"embeddable":true,"href":"https:\/\/happyinaknit.com\/en\/wp-json\/wp\/v2\/comments?post=4971"}],"wp:featuredmedia":[{"embeddable":true,"href":"https:\/\/happyinaknit.com\/en\/wp-json\/wp\/v2\/media\/4973"}],"wp:attachment":[{"href":"https:\/\/happyinaknit.com\/en\/wp-json\/wp\/v2\/media?parent=4971"}],"wp:term":[{"taxonomy":"product_brand","embeddable":true,"href":"https:\/\/happyinaknit.com\/en\/wp-json\/wp\/v2\/product_brand?post=4971"},{"taxonomy":"product_cat","embeddable":true,"href":"https:\/\/happyinaknit.com\/en\/wp-json\/wp\/v2\/product_cat?post=4971"},{"taxonomy":"product_tag","embeddable":true,"href":"https:\/\/happyinaknit.com\/en\/wp-json\/wp\/v2\/product_tag?post=4971"},{"taxonomy":"pro-kategorijos","embeddable":true,"href":"https:\/\/happyinaknit.com\/en\/wp-json\/wp\/v2\/pro-kategorijos?post=4971"}],"curies":[{"name":"wp","href":"https:\/\/api.w.org\/{rel}","templated":true}]}}