{"id":4961,"date":"2025-10-13T22:04:26","date_gmt":"2025-10-13T22:04:26","guid":{"rendered":"https:\/\/happyinaknit.com\/?post_type=product&#038;p=4961"},"modified":"2025-11-28T08:37:45","modified_gmt":"2025-11-28T08:37:45","slug":"knitpro-jadore-cubics-deluxe-prisukamu-virbalu-rinkinys-13-cm","status":"publish","type":"product","link":"https:\/\/happyinaknit.com\/en\/product\/knitpro-jadore-cubics-deluxe-prisukamu-virbalu-rinkinys-13-cm\/","title":{"rendered":"KnitPro J\u2019ADORE CUBICS Special Interchangeable Needle Set, 10 cm"},"content":{"rendered":"<p data-start=\"0\" data-end=\"289\"><strong data-start=\"0\" data-end=\"62\">KnitPro J&#039;adore Cubics Deluxe Screw-in Needle Set<\/strong> \u2013 this is an exclusive set that will make a perfect gift for yourself or any knitting enthusiast. The elegant design, cubic-shaped needles and swivel lines provide not only beauty, but also extraordinary comfort when knitting.<\/p>\n<p data-start=\"639\" data-end=\"957\">J&#039;adore Cubics Deluxe needles are a unique <strong data-start=\"704\" data-end=\"722\">cubic shape<\/strong> A design that helps reduce hand and finger fatigue, making knitting easier even on long projects. Each needle has gently rounded corners, so the yarn glides smoothly and the knitting density remains accurate.<\/p>\n<p data-start=\"959\" data-end=\"1162\">Swivel <strong data-start=\"968\" data-end=\"982\">360\u00b0 lines<\/strong> ensures maximum comfort \u2013 they do not twist and allow the needles to move freely.<br data-start=\"1065\" data-end=\"1068\" \/>The stylish, luxurious case keeps everything organized and easy to take with you.<\/p>\n<p data-start=\"1164\" data-end=\"1250\">A great choice for those who value aesthetics, ergonomics and the highest quality.<\/p>\n<p data-start=\"291\" data-end=\"311\"><strong data-start=\"291\" data-end=\"309\">The set includes:<\/strong><\/p>\n<ul data-start=\"312\" data-end=\"637\">\n<li data-start=\"312\" data-end=\"435\">\n<p data-start=\"314\" data-end=\"435\"><strong data-start=\"314\" data-end=\"353\">7 pairs of screw-on cubic needles<\/strong> (length 13 cm):<br data-start=\"368\" data-end=\"371\" \/>4.0mm 4.5mm 5.0mm 5.5mm 6.0mm 7.0mm 8.0mm<\/p>\n<\/li>\n<li data-start=\"436\" data-end=\"544\">\n<p data-start=\"438\" data-end=\"544\"><strong data-start=\"438\" data-end=\"465\">4 swivel lines (360\u00b0)<\/strong> made of stainless steel with nylon coating:<br data-start=\"506\" data-end=\"509\" \/>60 cm \u00b7 80 cm (2 pcs.) \u00b7 100 cm<\/p>\n<\/li>\n<li data-start=\"545\" data-end=\"564\">\n<p data-start=\"547\" data-end=\"564\"><strong data-start=\"547\" data-end=\"562\">8 tips<\/strong><\/p>\n<\/li>\n<li data-start=\"565\" data-end=\"594\">\n<p data-start=\"567\" data-end=\"594\"><strong data-start=\"567\" data-end=\"592\">4 wrenches<\/strong><\/p>\n<\/li>\n<li data-start=\"595\" data-end=\"637\">\n<p data-start=\"597\" data-end=\"637\"><strong data-start=\"597\" data-end=\"635\">1 set of connectors for connecting lines<\/strong><\/p>\n<\/li>\n<\/ul>\n<p data-start=\"1252\" data-end=\"1277\"><strong data-start=\"1252\" data-end=\"1267\">Manufacturer:<\/strong> KnitPro<\/p>\n<p data-start=\"1279\" data-end=\"1367\" data-is-last-node=\"\" data-is-only-node=\"\"><strong data-start=\"1279\" data-end=\"1291\">Note:<\/strong> Color shades may vary slightly depending on your device&#039;s screen.<\/p>","protected":false},"excerpt":{"rendered":"<p>KnitPro J\u2019adore Cubics Deluxe prisukam\u0173j\u0173 virbal\u0173 rinkinys \u2013 tai i\u0161skirtinis rinkinys, kuris taps tobula dovana tiek sau, tiek kiekvienai mezgimo entuziastei. Eleganti\u0161kas dizainas, kubin\u0117s formos virbalai ir pasukami valai suteikia ne tik gro\u017eio, bet ir nepaprasto patogumo mezgant. \u201eJ\u2019adore Cubics Deluxe\u201c virbalai \u2013 tai unikalus kubin\u0117s formos dizainas, padedantis ma\u017eiau varginti rankas ir pir\u0161tus, tod\u0117l [&hellip;]<\/p>\n","protected":false},"featured_media":4965,"comment_status":"open","ping_status":"closed","template":"","meta":{"_acf_changed":false},"product_brand":[1069],"product_cat":[15,19,861],"product_tag":[],"pro-kategorijos":[],"class_list":{"0":"post-4961","1":"product","2":"type-product","3":"status-publish","4":"has-post-thumbnail","6":"product_brand-knitpro","7":"product_cat-visi-produktai","8":"product_cat-mezgimo-priemones","9":"product_cat-virbalu-rinkiniai","11":"first","12":"outofstock","13":"shipping-taxable","14":"purchasable","15":"product-type-simple"},"acf":[],"yoast_head":"<!-- This site is optimized with the Yoast SEO plugin v26.8 - https:\/\/yoast.com\/product\/yoast-seo-wordpress\/ -->\n<title>Knitpro J\u2019ADORE CUBICS DELUXE prisukam\u0173 virbal\u0173 rinkinys 13 cm - Happyinaknit.com<\/title>\n<meta name=\"robots\" content=\"index, follow, max-snippet:-1, max-image-preview:large, max-video-preview:-1\" \/>\n<link rel=\"canonical\" href=\"https:\/\/happyinaknit.com\/en\/product\/knitpro-jadore-cubics-deluxe-prisukamu-virbalu-rinkinys-13-cm\/\" \/>\n<meta property=\"og:locale\" content=\"en_US\" \/>\n<meta property=\"og:type\" content=\"article\" \/>\n<meta property=\"og:title\" content=\"Knitpro J\u2019ADORE CUBICS DELUXE prisukam\u0173 virbal\u0173 rinkinys 13 cm - Happyinaknit.com\" \/>\n<meta property=\"og:description\" content=\"KnitPro J\u2019adore Cubics Deluxe prisukam\u0173j\u0173 virbal\u0173 rinkinys \u2013 tai i\u0161skirtinis rinkinys, kuris taps tobula dovana tiek sau, tiek kiekvienai mezgimo entuziastei. Eleganti\u0161kas dizainas, kubin\u0117s formos virbalai ir pasukami valai suteikia ne tik gro\u017eio, bet ir nepaprasto patogumo mezgant. \u201eJ\u2019adore Cubics Deluxe\u201c virbalai \u2013 tai unikalus kubin\u0117s formos dizainas, padedantis ma\u017eiau varginti rankas ir pir\u0161tus, tod\u0117l [&hellip;]\" \/>\n<meta property=\"og:url\" content=\"https:\/\/happyinaknit.com\/en\/product\/knitpro-jadore-cubics-deluxe-prisukamu-virbalu-rinkinys-13-cm\/\" \/>\n<meta property=\"og:site_name\" content=\"Happyinaknit.com\" \/>\n<meta property=\"article:modified_time\" content=\"2025-11-28T08:37:45+00:00\" \/>\n<meta property=\"og:image\" content=\"https:\/\/happyinaknit.com\/wp-content\/uploads\/2025\/10\/jadore-cubics-interchangeable-deluxe-set-13cm-2.webp\" \/>\n\t<meta property=\"og:image:width\" content=\"500\" \/>\n\t<meta property=\"og:image:height\" content=\"500\" \/>\n\t<meta property=\"og:image:type\" content=\"image\/webp\" \/>\n<meta name=\"twitter:card\" content=\"summary_large_image\" \/>\n<meta name=\"twitter:label1\" content=\"Est. reading time\" \/>\n\t<meta name=\"twitter:data1\" content=\"1 minute\" \/>\n<script type=\"application\/ld+json\" class=\"yoast-schema-graph\">{\"@context\":\"https:\/\/schema.org\",\"@graph\":[{\"@type\":\"WebPage\",\"@id\":\"https:\/\/happyinaknit.com\/produktas\/knitpro-jadore-cubics-deluxe-prisukamu-virbalu-rinkinys-13-cm\/\",\"url\":\"https:\/\/happyinaknit.com\/produktas\/knitpro-jadore-cubics-deluxe-prisukamu-virbalu-rinkinys-13-cm\/\",\"name\":\"Knitpro J\u2019ADORE CUBICS DELUXE prisukam\u0173 virbal\u0173 rinkinys 13 cm - Happyinaknit.com\",\"isPartOf\":{\"@id\":\"https:\/\/happyinaknit.com\/lt\/#website\"},\"primaryImageOfPage\":{\"@id\":\"https:\/\/happyinaknit.com\/produktas\/knitpro-jadore-cubics-deluxe-prisukamu-virbalu-rinkinys-13-cm\/#primaryimage\"},\"image\":{\"@id\":\"https:\/\/happyinaknit.com\/produktas\/knitpro-jadore-cubics-deluxe-prisukamu-virbalu-rinkinys-13-cm\/#primaryimage\"},\"thumbnailUrl\":\"https:\/\/happyinaknit.com\/wp-content\/uploads\/2025\/10\/jadore-cubics-interchangeable-deluxe-set-13cm-2.webp\",\"datePublished\":\"2025-10-13T22:04:26+00:00\",\"dateModified\":\"2025-11-28T08:37:45+00:00\",\"breadcrumb\":{\"@id\":\"https:\/\/happyinaknit.com\/produktas\/knitpro-jadore-cubics-deluxe-prisukamu-virbalu-rinkinys-13-cm\/#breadcrumb\"},\"inLanguage\":\"en-US\",\"potentialAction\":[{\"@type\":\"ReadAction\",\"target\":[\"https:\/\/happyinaknit.com\/produktas\/knitpro-jadore-cubics-deluxe-prisukamu-virbalu-rinkinys-13-cm\/\"]}]},{\"@type\":\"ImageObject\",\"inLanguage\":\"en-US\",\"@id\":\"https:\/\/happyinaknit.com\/produktas\/knitpro-jadore-cubics-deluxe-prisukamu-virbalu-rinkinys-13-cm\/#primaryimage\",\"url\":\"https:\/\/happyinaknit.com\/wp-content\/uploads\/2025\/10\/jadore-cubics-interchangeable-deluxe-set-13cm-2.webp\",\"contentUrl\":\"https:\/\/happyinaknit.com\/wp-content\/uploads\/2025\/10\/jadore-cubics-interchangeable-deluxe-set-13cm-2.webp\",\"width\":500,\"height\":500},{\"@type\":\"BreadcrumbList\",\"@id\":\"https:\/\/happyinaknit.com\/produktas\/knitpro-jadore-cubics-deluxe-prisukamu-virbalu-rinkinys-13-cm\/#breadcrumb\",\"itemListElement\":[{\"@type\":\"ListItem\",\"position\":1,\"name\":\"Home\",\"item\":\"https:\/\/happyinaknit.com\/lt\/\"},{\"@type\":\"ListItem\",\"position\":2,\"name\":\"Parduotuv\u0117\",\"item\":\"https:\/\/happyinaknit.com\/lt\/parduotuve\/\"},{\"@type\":\"ListItem\",\"position\":3,\"name\":\"Knitpro J\u2019ADORE CUBICS DELUXE prisukam\u0173 virbal\u0173 rinkinys 13 cm\"}]},{\"@type\":\"WebSite\",\"@id\":\"https:\/\/happyinaknit.com\/lt\/#website\",\"url\":\"https:\/\/happyinaknit.com\/lt\/\",\"name\":\"Happyinaknit.com\",\"description\":\"\",\"potentialAction\":[{\"@type\":\"SearchAction\",\"target\":{\"@type\":\"EntryPoint\",\"urlTemplate\":\"https:\/\/happyinaknit.com\/lt\/?s={search_term_string}\"},\"query-input\":{\"@type\":\"PropertyValueSpecification\",\"valueRequired\":true,\"valueName\":\"search_term_string\"}}],\"inLanguage\":\"en-US\"}]}<\/script>\n<!-- \/ Yoast SEO plugin. -->","yoast_head_json":{"title":"Knitpro J\u2019ADORE CUBICS DELUXE prisukam\u0173 virbal\u0173 rinkinys 13 cm - Happyinaknit.com","robots":{"index":"index","follow":"follow","max-snippet":"max-snippet:-1","max-image-preview":"max-image-preview:large","max-video-preview":"max-video-preview:-1"},"canonical":"https:\/\/happyinaknit.com\/en\/product\/knitpro-jadore-cubics-deluxe-prisukamu-virbalu-rinkinys-13-cm\/","og_locale":"en_US","og_type":"article","og_title":"Knitpro J\u2019ADORE CUBICS DELUXE prisukam\u0173 virbal\u0173 rinkinys 13 cm - Happyinaknit.com","og_description":"KnitPro J\u2019adore Cubics Deluxe prisukam\u0173j\u0173 virbal\u0173 rinkinys \u2013 tai i\u0161skirtinis rinkinys, kuris taps tobula dovana tiek sau, tiek kiekvienai mezgimo entuziastei. Eleganti\u0161kas dizainas, kubin\u0117s formos virbalai ir pasukami valai suteikia ne tik gro\u017eio, bet ir nepaprasto patogumo mezgant. \u201eJ\u2019adore Cubics Deluxe\u201c virbalai \u2013 tai unikalus kubin\u0117s formos dizainas, padedantis ma\u017eiau varginti rankas ir pir\u0161tus, tod\u0117l [&hellip;]","og_url":"https:\/\/happyinaknit.com\/en\/product\/knitpro-jadore-cubics-deluxe-prisukamu-virbalu-rinkinys-13-cm\/","og_site_name":"Happyinaknit.com","article_modified_time":"2025-11-28T08:37:45+00:00","og_image":[{"width":500,"height":500,"url":"https:\/\/happyinaknit.com\/wp-content\/uploads\/2025\/10\/jadore-cubics-interchangeable-deluxe-set-13cm-2.webp","type":"image\/webp"}],"twitter_card":"summary_large_image","twitter_misc":{"Est. reading time":"1 minute"},"schema":{"@context":"https:\/\/schema.org","@graph":[{"@type":"WebPage","@id":"https:\/\/happyinaknit.com\/produktas\/knitpro-jadore-cubics-deluxe-prisukamu-virbalu-rinkinys-13-cm\/","url":"https:\/\/happyinaknit.com\/produktas\/knitpro-jadore-cubics-deluxe-prisukamu-virbalu-rinkinys-13-cm\/","name":"Knitpro J\u2019ADORE CUBICS DELUXE prisukam\u0173 virbal\u0173 rinkinys 13 cm - Happyinaknit.com","isPartOf":{"@id":"https:\/\/happyinaknit.com\/lt\/#website"},"primaryImageOfPage":{"@id":"https:\/\/happyinaknit.com\/produktas\/knitpro-jadore-cubics-deluxe-prisukamu-virbalu-rinkinys-13-cm\/#primaryimage"},"image":{"@id":"https:\/\/happyinaknit.com\/produktas\/knitpro-jadore-cubics-deluxe-prisukamu-virbalu-rinkinys-13-cm\/#primaryimage"},"thumbnailUrl":"https:\/\/happyinaknit.com\/wp-content\/uploads\/2025\/10\/jadore-cubics-interchangeable-deluxe-set-13cm-2.webp","datePublished":"2025-10-13T22:04:26+00:00","dateModified":"2025-11-28T08:37:45+00:00","breadcrumb":{"@id":"https:\/\/happyinaknit.com\/produktas\/knitpro-jadore-cubics-deluxe-prisukamu-virbalu-rinkinys-13-cm\/#breadcrumb"},"inLanguage":"en-US","potentialAction":[{"@type":"ReadAction","target":["https:\/\/happyinaknit.com\/produktas\/knitpro-jadore-cubics-deluxe-prisukamu-virbalu-rinkinys-13-cm\/"]}]},{"@type":"ImageObject","inLanguage":"en-US","@id":"https:\/\/happyinaknit.com\/produktas\/knitpro-jadore-cubics-deluxe-prisukamu-virbalu-rinkinys-13-cm\/#primaryimage","url":"https:\/\/happyinaknit.com\/wp-content\/uploads\/2025\/10\/jadore-cubics-interchangeable-deluxe-set-13cm-2.webp","contentUrl":"https:\/\/happyinaknit.com\/wp-content\/uploads\/2025\/10\/jadore-cubics-interchangeable-deluxe-set-13cm-2.webp","width":500,"height":500},{"@type":"BreadcrumbList","@id":"https:\/\/happyinaknit.com\/produktas\/knitpro-jadore-cubics-deluxe-prisukamu-virbalu-rinkinys-13-cm\/#breadcrumb","itemListElement":[{"@type":"ListItem","position":1,"name":"Home","item":"https:\/\/happyinaknit.com\/lt\/"},{"@type":"ListItem","position":2,"name":"Parduotuv\u0117","item":"https:\/\/happyinaknit.com\/lt\/parduotuve\/"},{"@type":"ListItem","position":3,"name":"Knitpro J\u2019ADORE CUBICS DELUXE prisukam\u0173 virbal\u0173 rinkinys 13 cm"}]},{"@type":"WebSite","@id":"https:\/\/happyinaknit.com\/lt\/#website","url":"https:\/\/happyinaknit.com\/lt\/","name":"Happyinaknit.com","description":"","potentialAction":[{"@type":"SearchAction","target":{"@type":"EntryPoint","urlTemplate":"https:\/\/happyinaknit.com\/lt\/?s={search_term_string}"},"query-input":{"@type":"PropertyValueSpecification","valueRequired":true,"valueName":"search_term_string"}}],"inLanguage":"en-US"}]}},"_links":{"self":[{"href":"https:\/\/happyinaknit.com\/en\/wp-json\/wp\/v2\/product\/4961","targetHints":{"allow":["GET"]}}],"collection":[{"href":"https:\/\/happyinaknit.com\/en\/wp-json\/wp\/v2\/product"}],"about":[{"href":"https:\/\/happyinaknit.com\/en\/wp-json\/wp\/v2\/types\/product"}],"replies":[{"embeddable":true,"href":"https:\/\/happyinaknit.com\/en\/wp-json\/wp\/v2\/comments?post=4961"}],"wp:featuredmedia":[{"embeddable":true,"href":"https:\/\/happyinaknit.com\/en\/wp-json\/wp\/v2\/media\/4965"}],"wp:attachment":[{"href":"https:\/\/happyinaknit.com\/en\/wp-json\/wp\/v2\/media?parent=4961"}],"wp:term":[{"taxonomy":"product_brand","embeddable":true,"href":"https:\/\/happyinaknit.com\/en\/wp-json\/wp\/v2\/product_brand?post=4961"},{"taxonomy":"product_cat","embeddable":true,"href":"https:\/\/happyinaknit.com\/en\/wp-json\/wp\/v2\/product_cat?post=4961"},{"taxonomy":"product_tag","embeddable":true,"href":"https:\/\/happyinaknit.com\/en\/wp-json\/wp\/v2\/product_tag?post=4961"},{"taxonomy":"pro-kategorijos","embeddable":true,"href":"https:\/\/happyinaknit.com\/en\/wp-json\/wp\/v2\/pro-kategorijos?post=4961"}],"curies":[{"name":"wp","href":"https:\/\/api.w.org\/{rel}","templated":true}]}}