{"id":4949,"date":"2025-10-13T21:47:05","date_gmt":"2025-10-13T21:47:05","guid":{"rendered":"https:\/\/happyinaknit.com\/?post_type=product&#038;p=4949"},"modified":"2025-10-13T21:47:05","modified_gmt":"2025-10-13T21:47:05","slug":"knitpro-day-nite-prisukamu-mediniu-virbalu-rinkinys-13-cm","status":"publish","type":"product","link":"https:\/\/happyinaknit.com\/en\/product\/knitpro-day-nite-prisukamu-mediniu-virbalu-rinkinys-13-cm\/","title":{"rendered":"KnitPro DAY &amp; NITE Interchangeable Wooden Needle Set, 13 cm"},"content":{"rendered":"<p data-start=\"0\" data-end=\"318\"><strong data-start=\"0\" data-end=\"51\">KnitPro Day &amp; Nite Screw-in Needle Set<\/strong> \u2013 is a unique and innovative set designed for knitters who want to see every stitch clearly, regardless of the color of the yarn. With contrasting black and light natural wood tones, these needles provide a perfect backdrop for both dark and light yarns.<\/p>\n<p data-start=\"320\" data-end=\"521\">Knitting with dark yarn? Just turn the needle with the light side up and your eyes will rest.<br data-start=\"417\" data-end=\"420\" \/>Are you using light or colorful yarn? Turn the needle over to the dark side and you will see the eyes even more clearly.<\/p>\n<p data-start=\"954\" data-end=\"1282\">Day &amp; Nite needles are a two-sided solution for every project. Each needle is made of <strong data-start=\"1075\" data-end=\"1103\">high quality wood<\/strong>, with two contrasting sides \u2013 light and dark. This is not only a stylish but also a functional choice that helps prevent eye strain and improves visibility while knitting.<\/p>\n<p data-start=\"1284\" data-end=\"1470\">Swivel <strong data-start=\"1293\" data-end=\"1307\">360\u00b0 lines<\/strong> provides freedom and comfort while knitting without twisting or twisting.<br data-start=\"1371\" data-end=\"1374\" \/>The elegant case ensures that all components are always at hand and neatly arranged.<\/p>\n<p data-start=\"523\" data-end=\"543\"><strong data-start=\"523\" data-end=\"541\">The set includes:<\/strong><\/p>\n<ul data-start=\"544\" data-end=\"952\">\n<li data-start=\"544\" data-end=\"685\">\n<p data-start=\"546\" data-end=\"685\"><strong data-start=\"546\" data-end=\"577\">8 pairs of screw-on pins<\/strong> with size markings on the tips:<br data-start=\"609\" data-end=\"612\" \/>3.5mm 4.0mm 4.5mm 5.0mm 5.5mm 6.0mm 7.0mm 8.0mm<\/p>\n<\/li>\n<li data-start=\"686\" data-end=\"794\">\n<p data-start=\"688\" data-end=\"794\"><strong data-start=\"688\" data-end=\"715\">4 swivel lines (360\u00b0)<\/strong> made of stainless steel with nylon coating:<br data-start=\"756\" data-end=\"759\" \/>60 cm \u00b7 80 cm (2 pcs.) \u00b7 100 cm<\/p>\n<\/li>\n<li data-start=\"795\" data-end=\"837\">\n<p data-start=\"797\" data-end=\"837\"><strong data-start=\"797\" data-end=\"835\">1 set of connectors for connecting lines<\/strong><\/p>\n<\/li>\n<li data-start=\"838\" data-end=\"857\">\n<p data-start=\"840\" data-end=\"857\"><strong data-start=\"840\" data-end=\"855\">4 nozzles<\/strong><\/p>\n<\/li>\n<li data-start=\"858\" data-end=\"887\">\n<p data-start=\"860\" data-end=\"887\"><strong data-start=\"860\" data-end=\"885\">2 wrenches<\/strong><\/p>\n<\/li>\n<li data-start=\"888\" data-end=\"952\">\n<p data-start=\"890\" data-end=\"952\"><strong data-start=\"890\" data-end=\"911\">Additional gift:<\/strong> 4 wooden Day &amp; Nite style buttons<\/p>\n<\/li>\n<\/ul>\n<p data-start=\"1472\" data-end=\"1497\"><strong data-start=\"1472\" data-end=\"1487\">Manufacturer:<\/strong> KnitPro<\/p>\n<p data-start=\"1499\" data-end=\"1587\" data-is-last-node=\"\" data-is-only-node=\"\"><strong data-start=\"1499\" data-end=\"1511\">Note:<\/strong> Color shades may vary slightly depending on your device&#039;s screen.<\/p>","protected":false},"excerpt":{"rendered":"<p>KnitPro Day &amp; Nite prisukam\u0173j\u0173 virbal\u0173 rinkinys \u2013 tai i\u0161skirtinis ir inovatyvus rinkinys, sukurtas mezg\u0117joms, kurios nori matyti kiekvien\u0105 dygsn\u012f ai\u0161kiai, nepaisant si\u016bl\u0173 spalvos. D\u0117l kontrasting\u0173 juodos ir \u0161viesios nat\u016bralios medienos ton\u0173 \u0161ie virbalai suteikia puik\u0173 fon\u0105 tiek tamsiems, tiek \u0161viesiems si\u016blams. Mezgate tamsiais si\u016blais? Tiesiog pasukite virbal\u0105 \u0161viesi\u0105ja puse \u012f vir\u0161\u0173 \u2013 ir j\u016bs\u0173 [&hellip;]<\/p>\n","protected":false},"featured_media":4950,"comment_status":"open","ping_status":"closed","template":"","meta":{"_acf_changed":false},"product_brand":[1069],"product_cat":[15,19,861],"product_tag":[],"pro-kategorijos":[],"class_list":{"0":"post-4949","1":"product","2":"type-product","3":"status-publish","4":"has-post-thumbnail","6":"product_brand-knitpro","7":"product_cat-visi-produktai","8":"product_cat-mezgimo-priemones","9":"product_cat-virbalu-rinkiniai","11":"first","12":"instock","13":"shipping-taxable","14":"purchasable","15":"product-type-simple"},"acf":[],"yoast_head":"<!-- This site is optimized with the Yoast SEO plugin v26.8 - https:\/\/yoast.com\/product\/yoast-seo-wordpress\/ -->\n<title>Knitpro DAY &amp; NITE prisukam\u0173 medini\u0173 virbal\u0173 rinkinys 13 cm - Happyinaknit.com<\/title>\n<meta name=\"robots\" content=\"index, follow, max-snippet:-1, max-image-preview:large, max-video-preview:-1\" \/>\n<link rel=\"canonical\" href=\"https:\/\/happyinaknit.com\/en\/product\/knitpro-day-nite-prisukamu-mediniu-virbalu-rinkinys-13-cm\/\" \/>\n<meta property=\"og:locale\" content=\"en_US\" \/>\n<meta property=\"og:type\" content=\"article\" \/>\n<meta property=\"og:title\" content=\"Knitpro DAY &amp; NITE prisukam\u0173 medini\u0173 virbal\u0173 rinkinys 13 cm - Happyinaknit.com\" \/>\n<meta property=\"og:description\" content=\"KnitPro Day &amp; Nite prisukam\u0173j\u0173 virbal\u0173 rinkinys \u2013 tai i\u0161skirtinis ir inovatyvus rinkinys, sukurtas mezg\u0117joms, kurios nori matyti kiekvien\u0105 dygsn\u012f ai\u0161kiai, nepaisant si\u016bl\u0173 spalvos. D\u0117l kontrasting\u0173 juodos ir \u0161viesios nat\u016bralios medienos ton\u0173 \u0161ie virbalai suteikia puik\u0173 fon\u0105 tiek tamsiems, tiek \u0161viesiems si\u016blams. Mezgate tamsiais si\u016blais? Tiesiog pasukite virbal\u0105 \u0161viesi\u0105ja puse \u012f vir\u0161\u0173 \u2013 ir j\u016bs\u0173 [&hellip;]\" \/>\n<meta property=\"og:url\" content=\"https:\/\/happyinaknit.com\/en\/product\/knitpro-day-nite-prisukamu-mediniu-virbalu-rinkinys-13-cm\/\" \/>\n<meta property=\"og:site_name\" content=\"Happyinaknit.com\" \/>\n<meta property=\"og:image\" content=\"https:\/\/happyinaknit.com\/wp-content\/uploads\/2025\/10\/IMG_9700.jpg\" \/>\n\t<meta property=\"og:image:width\" content=\"1000\" \/>\n\t<meta property=\"og:image:height\" content=\"1000\" \/>\n\t<meta property=\"og:image:type\" content=\"image\/jpeg\" \/>\n<meta name=\"twitter:card\" content=\"summary_large_image\" \/>\n<meta name=\"twitter:label1\" content=\"Est. reading time\" \/>\n\t<meta name=\"twitter:data1\" content=\"1 minute\" \/>\n<script type=\"application\/ld+json\" class=\"yoast-schema-graph\">{\"@context\":\"https:\/\/schema.org\",\"@graph\":[{\"@type\":\"WebPage\",\"@id\":\"https:\/\/happyinaknit.com\/produktas\/knitpro-day-nite-prisukamu-mediniu-virbalu-rinkinys-13-cm\/\",\"url\":\"https:\/\/happyinaknit.com\/produktas\/knitpro-day-nite-prisukamu-mediniu-virbalu-rinkinys-13-cm\/\",\"name\":\"Knitpro DAY & NITE prisukam\u0173 medini\u0173 virbal\u0173 rinkinys 13 cm - Happyinaknit.com\",\"isPartOf\":{\"@id\":\"https:\/\/happyinaknit.com\/lt\/#website\"},\"primaryImageOfPage\":{\"@id\":\"https:\/\/happyinaknit.com\/produktas\/knitpro-day-nite-prisukamu-mediniu-virbalu-rinkinys-13-cm\/#primaryimage\"},\"image\":{\"@id\":\"https:\/\/happyinaknit.com\/produktas\/knitpro-day-nite-prisukamu-mediniu-virbalu-rinkinys-13-cm\/#primaryimage\"},\"thumbnailUrl\":\"https:\/\/happyinaknit.com\/wp-content\/uploads\/2025\/10\/IMG_9700.jpg\",\"datePublished\":\"2025-10-13T21:47:05+00:00\",\"breadcrumb\":{\"@id\":\"https:\/\/happyinaknit.com\/produktas\/knitpro-day-nite-prisukamu-mediniu-virbalu-rinkinys-13-cm\/#breadcrumb\"},\"inLanguage\":\"en-US\",\"potentialAction\":[{\"@type\":\"ReadAction\",\"target\":[\"https:\/\/happyinaknit.com\/produktas\/knitpro-day-nite-prisukamu-mediniu-virbalu-rinkinys-13-cm\/\"]}]},{\"@type\":\"ImageObject\",\"inLanguage\":\"en-US\",\"@id\":\"https:\/\/happyinaknit.com\/produktas\/knitpro-day-nite-prisukamu-mediniu-virbalu-rinkinys-13-cm\/#primaryimage\",\"url\":\"https:\/\/happyinaknit.com\/wp-content\/uploads\/2025\/10\/IMG_9700.jpg\",\"contentUrl\":\"https:\/\/happyinaknit.com\/wp-content\/uploads\/2025\/10\/IMG_9700.jpg\",\"width\":1000,\"height\":1000},{\"@type\":\"BreadcrumbList\",\"@id\":\"https:\/\/happyinaknit.com\/produktas\/knitpro-day-nite-prisukamu-mediniu-virbalu-rinkinys-13-cm\/#breadcrumb\",\"itemListElement\":[{\"@type\":\"ListItem\",\"position\":1,\"name\":\"Home\",\"item\":\"https:\/\/happyinaknit.com\/lt\/\"},{\"@type\":\"ListItem\",\"position\":2,\"name\":\"Parduotuv\u0117\",\"item\":\"https:\/\/happyinaknit.com\/lt\/parduotuve\/\"},{\"@type\":\"ListItem\",\"position\":3,\"name\":\"Knitpro DAY &#038; NITE prisukam\u0173 medini\u0173 virbal\u0173 rinkinys 13 cm\"}]},{\"@type\":\"WebSite\",\"@id\":\"https:\/\/happyinaknit.com\/lt\/#website\",\"url\":\"https:\/\/happyinaknit.com\/lt\/\",\"name\":\"Happyinaknit.com\",\"description\":\"\",\"potentialAction\":[{\"@type\":\"SearchAction\",\"target\":{\"@type\":\"EntryPoint\",\"urlTemplate\":\"https:\/\/happyinaknit.com\/lt\/?s={search_term_string}\"},\"query-input\":{\"@type\":\"PropertyValueSpecification\",\"valueRequired\":true,\"valueName\":\"search_term_string\"}}],\"inLanguage\":\"en-US\"}]}<\/script>\n<!-- \/ Yoast SEO plugin. -->","yoast_head_json":{"title":"Knitpro DAY & NITE prisukam\u0173 medini\u0173 virbal\u0173 rinkinys 13 cm - Happyinaknit.com","robots":{"index":"index","follow":"follow","max-snippet":"max-snippet:-1","max-image-preview":"max-image-preview:large","max-video-preview":"max-video-preview:-1"},"canonical":"https:\/\/happyinaknit.com\/en\/product\/knitpro-day-nite-prisukamu-mediniu-virbalu-rinkinys-13-cm\/","og_locale":"en_US","og_type":"article","og_title":"Knitpro DAY & NITE prisukam\u0173 medini\u0173 virbal\u0173 rinkinys 13 cm - Happyinaknit.com","og_description":"KnitPro Day &amp; Nite prisukam\u0173j\u0173 virbal\u0173 rinkinys \u2013 tai i\u0161skirtinis ir inovatyvus rinkinys, sukurtas mezg\u0117joms, kurios nori matyti kiekvien\u0105 dygsn\u012f ai\u0161kiai, nepaisant si\u016bl\u0173 spalvos. D\u0117l kontrasting\u0173 juodos ir \u0161viesios nat\u016bralios medienos ton\u0173 \u0161ie virbalai suteikia puik\u0173 fon\u0105 tiek tamsiems, tiek \u0161viesiems si\u016blams. Mezgate tamsiais si\u016blais? Tiesiog pasukite virbal\u0105 \u0161viesi\u0105ja puse \u012f vir\u0161\u0173 \u2013 ir j\u016bs\u0173 [&hellip;]","og_url":"https:\/\/happyinaknit.com\/en\/product\/knitpro-day-nite-prisukamu-mediniu-virbalu-rinkinys-13-cm\/","og_site_name":"Happyinaknit.com","og_image":[{"width":1000,"height":1000,"url":"https:\/\/happyinaknit.com\/wp-content\/uploads\/2025\/10\/IMG_9700.jpg","type":"image\/jpeg"}],"twitter_card":"summary_large_image","twitter_misc":{"Est. reading time":"1 minute"},"schema":{"@context":"https:\/\/schema.org","@graph":[{"@type":"WebPage","@id":"https:\/\/happyinaknit.com\/produktas\/knitpro-day-nite-prisukamu-mediniu-virbalu-rinkinys-13-cm\/","url":"https:\/\/happyinaknit.com\/produktas\/knitpro-day-nite-prisukamu-mediniu-virbalu-rinkinys-13-cm\/","name":"Knitpro DAY & NITE prisukam\u0173 medini\u0173 virbal\u0173 rinkinys 13 cm - Happyinaknit.com","isPartOf":{"@id":"https:\/\/happyinaknit.com\/lt\/#website"},"primaryImageOfPage":{"@id":"https:\/\/happyinaknit.com\/produktas\/knitpro-day-nite-prisukamu-mediniu-virbalu-rinkinys-13-cm\/#primaryimage"},"image":{"@id":"https:\/\/happyinaknit.com\/produktas\/knitpro-day-nite-prisukamu-mediniu-virbalu-rinkinys-13-cm\/#primaryimage"},"thumbnailUrl":"https:\/\/happyinaknit.com\/wp-content\/uploads\/2025\/10\/IMG_9700.jpg","datePublished":"2025-10-13T21:47:05+00:00","breadcrumb":{"@id":"https:\/\/happyinaknit.com\/produktas\/knitpro-day-nite-prisukamu-mediniu-virbalu-rinkinys-13-cm\/#breadcrumb"},"inLanguage":"en-US","potentialAction":[{"@type":"ReadAction","target":["https:\/\/happyinaknit.com\/produktas\/knitpro-day-nite-prisukamu-mediniu-virbalu-rinkinys-13-cm\/"]}]},{"@type":"ImageObject","inLanguage":"en-US","@id":"https:\/\/happyinaknit.com\/produktas\/knitpro-day-nite-prisukamu-mediniu-virbalu-rinkinys-13-cm\/#primaryimage","url":"https:\/\/happyinaknit.com\/wp-content\/uploads\/2025\/10\/IMG_9700.jpg","contentUrl":"https:\/\/happyinaknit.com\/wp-content\/uploads\/2025\/10\/IMG_9700.jpg","width":1000,"height":1000},{"@type":"BreadcrumbList","@id":"https:\/\/happyinaknit.com\/produktas\/knitpro-day-nite-prisukamu-mediniu-virbalu-rinkinys-13-cm\/#breadcrumb","itemListElement":[{"@type":"ListItem","position":1,"name":"Home","item":"https:\/\/happyinaknit.com\/lt\/"},{"@type":"ListItem","position":2,"name":"Parduotuv\u0117","item":"https:\/\/happyinaknit.com\/lt\/parduotuve\/"},{"@type":"ListItem","position":3,"name":"Knitpro DAY &#038; NITE prisukam\u0173 medini\u0173 virbal\u0173 rinkinys 13 cm"}]},{"@type":"WebSite","@id":"https:\/\/happyinaknit.com\/lt\/#website","url":"https:\/\/happyinaknit.com\/lt\/","name":"Happyinaknit.com","description":"","potentialAction":[{"@type":"SearchAction","target":{"@type":"EntryPoint","urlTemplate":"https:\/\/happyinaknit.com\/lt\/?s={search_term_string}"},"query-input":{"@type":"PropertyValueSpecification","valueRequired":true,"valueName":"search_term_string"}}],"inLanguage":"en-US"}]}},"_links":{"self":[{"href":"https:\/\/happyinaknit.com\/en\/wp-json\/wp\/v2\/product\/4949","targetHints":{"allow":["GET"]}}],"collection":[{"href":"https:\/\/happyinaknit.com\/en\/wp-json\/wp\/v2\/product"}],"about":[{"href":"https:\/\/happyinaknit.com\/en\/wp-json\/wp\/v2\/types\/product"}],"replies":[{"embeddable":true,"href":"https:\/\/happyinaknit.com\/en\/wp-json\/wp\/v2\/comments?post=4949"}],"wp:featuredmedia":[{"embeddable":true,"href":"https:\/\/happyinaknit.com\/en\/wp-json\/wp\/v2\/media\/4950"}],"wp:attachment":[{"href":"https:\/\/happyinaknit.com\/en\/wp-json\/wp\/v2\/media?parent=4949"}],"wp:term":[{"taxonomy":"product_brand","embeddable":true,"href":"https:\/\/happyinaknit.com\/en\/wp-json\/wp\/v2\/product_brand?post=4949"},{"taxonomy":"product_cat","embeddable":true,"href":"https:\/\/happyinaknit.com\/en\/wp-json\/wp\/v2\/product_cat?post=4949"},{"taxonomy":"product_tag","embeddable":true,"href":"https:\/\/happyinaknit.com\/en\/wp-json\/wp\/v2\/product_tag?post=4949"},{"taxonomy":"pro-kategorijos","embeddable":true,"href":"https:\/\/happyinaknit.com\/en\/wp-json\/wp\/v2\/pro-kategorijos?post=4949"}],"curies":[{"name":"wp","href":"https:\/\/api.w.org\/{rel}","templated":true}]}}