{"id":4945,"date":"2025-10-13T21:38:09","date_gmt":"2025-10-13T21:38:09","guid":{"rendered":"https:\/\/happyinaknit.com\/?post_type=product&#038;p=4945"},"modified":"2025-10-13T21:38:10","modified_gmt":"2025-10-13T21:38:10","slug":"the-mindful-collection-explore-25-cm-virbalu-su-valu-rinkinys","status":"publish","type":"product","link":"https:\/\/happyinaknit.com\/en\/product\/the-mindful-collection-explore-25-cm-virbalu-su-valu-rinkinys\/","title":{"rendered":"The Mindful Collection \u201cExplore\u201d Interchangeable Needle Set, 25 cm"},"content":{"rendered":"<p data-start=\"0\" data-end=\"274\"><strong data-start=\"0\" data-end=\"85\">KnitPro The Mindful Collection Explore Short Circular Needle Set (25 cm)<\/strong> \u2013 is a carefully thought-out set for knitters who like to create with care, peace and quality. An ideal choice for small projects such as socks, sleeves or hats.<\/p>\n<p data-start=\"635\" data-end=\"959\">The Mindful Collection needles are made of <strong data-start=\"707\" data-end=\"746\">high quality stainless steel<\/strong>, has an extremely smooth surface and an ergonomic design that ensures pleasant knitting even during long projects. Short, 25 cm long needles are a great choice for knitting narrow circular products without seams.<\/p>\n<p data-start=\"961\" data-end=\"1176\">Elegant <strong data-start=\"974\" data-end=\"992\">fabric case<\/strong> helps keep all tools and accessories organized.<br data-start=\"1048\" data-end=\"1051\" \/>This set is perfect for both beginners and experienced knitters who value quality, precision, and style.<\/p>\n<p data-start=\"276\" data-end=\"296\"><strong data-start=\"276\" data-end=\"294\">The set includes:<\/strong><\/p>\n<ul data-start=\"297\" data-end=\"633\">\n<li data-start=\"297\" data-end=\"319\">\n<p data-start=\"299\" data-end=\"319\"><strong data-start=\"299\" data-end=\"317\">Fabric case<\/strong><\/p>\n<\/li>\n<li data-start=\"320\" data-end=\"451\">\n<p data-start=\"322\" data-end=\"451\"><strong data-start=\"322\" data-end=\"375\">8 pairs of circular knitting needles &quot;Mindful&quot; (25 cm long):<\/strong><br data-start=\"375\" data-end=\"378\" \/>2.0mm 2.5mm 3.0mm 3.5mm 4.0mm 4.5mm 5.0mm 6.0mm<\/p>\n<\/li>\n<li data-start=\"452\" data-end=\"484\">\n<p data-start=\"454\" data-end=\"484\"><strong data-start=\"454\" data-end=\"482\">Needle size gauge<\/strong><\/p>\n<\/li>\n<li data-start=\"485\" data-end=\"520\">\n<p data-start=\"487\" data-end=\"520\"><strong data-start=\"487\" data-end=\"509\">2 knitting needles<\/strong> for sewing<\/p>\n<\/li>\n<li data-start=\"521\" data-end=\"617\">\n<p data-start=\"523\" data-end=\"549\"><strong data-start=\"523\" data-end=\"547\">30 knitting markers:<\/strong><\/p>\n<ul data-start=\"552\" data-end=\"617\">\n<li data-start=\"552\" data-end=\"582\">\n<p data-start=\"554\" data-end=\"582\">10 &quot;safety pin&quot; shapes<\/p>\n<\/li>\n<li data-start=\"585\" data-end=\"599\">\n<p data-start=\"587\" data-end=\"599\">10 rounds<\/p>\n<\/li>\n<li data-start=\"602\" data-end=\"617\">\n<p data-start=\"604\" data-end=\"617\">10 circular<\/p>\n<\/li>\n<\/ul>\n<\/li>\n<li data-start=\"618\" data-end=\"633\">\n<p data-start=\"620\" data-end=\"633\"><strong data-start=\"620\" data-end=\"631\">Scissor<\/strong><\/p>\n<\/li>\n<\/ul>\n<p data-start=\"1178\" data-end=\"1203\"><strong data-start=\"1178\" data-end=\"1193\">Manufacturer:<\/strong> KnitPro<\/p>\n<p data-start=\"1205\" data-end=\"1293\" data-is-last-node=\"\" data-is-only-node=\"\"><strong data-start=\"1205\" data-end=\"1217\">Note:<\/strong> Color shades may vary slightly depending on your device&#039;s screen.<\/p>","protected":false},"excerpt":{"rendered":"<p>KnitPro The Mindful Collection \u201eExplore\u201c trump\u0173 apskrit\u0173 virbal\u0173 rinkinys (25 cm) \u2013 tai kruop\u0161\u010diai apgalvotas rinkinys mezg\u0117joms, m\u0117gstan\u010dioms kurti su d\u0117mesingumu, ramybe ir kokybe. Idealus pasirinkimas smulkiems projektams, tokiems kaip kojin\u0117s, rankov\u0117s ar kepur\u0117s. The Mindful Collection\u201c serijos virbalai pagaminti i\u0161 auk\u0161tos kokyb\u0117s ner\u016bdijan\u010dio plieno, pasi\u017eymi itin glotniu pavir\u0161iumi ir ergonomi\u0161ku dizainu, u\u017etikrinan\u010diu malon\u0173 mezgim\u0105 [&hellip;]<\/p>\n","protected":false},"featured_media":4948,"comment_status":"open","ping_status":"closed","template":"","meta":{"_acf_changed":false},"product_brand":[1069,1071],"product_cat":[15,19,861],"product_tag":[],"pro-kategorijos":[],"class_list":{"0":"post-4945","1":"product","2":"type-product","3":"status-publish","4":"has-post-thumbnail","6":"product_brand-knitpro","7":"product_brand-the-mindful-collection","8":"product_cat-visi-produktai","9":"product_cat-mezgimo-priemones","10":"product_cat-virbalu-rinkiniai","12":"first","13":"instock","14":"shipping-taxable","15":"purchasable","16":"product-type-simple"},"acf":[],"yoast_head":"<!-- This site is optimized with the Yoast SEO plugin v26.8 - https:\/\/yoast.com\/product\/yoast-seo-wordpress\/ -->\n<title>The Mindful Collection &quot;Explore&quot; 25 cm virbal\u0173 su valu rinkinys - Happyinaknit.com<\/title>\n<meta name=\"robots\" content=\"index, follow, max-snippet:-1, max-image-preview:large, max-video-preview:-1\" \/>\n<link rel=\"canonical\" href=\"https:\/\/happyinaknit.com\/en\/product\/the-mindful-collection-explore-25-cm-virbalu-su-valu-rinkinys\/\" \/>\n<meta property=\"og:locale\" content=\"en_US\" \/>\n<meta property=\"og:type\" content=\"article\" \/>\n<meta property=\"og:title\" content=\"The Mindful Collection &quot;Explore&quot; 25 cm virbal\u0173 su valu rinkinys - Happyinaknit.com\" \/>\n<meta property=\"og:description\" content=\"KnitPro The Mindful Collection \u201eExplore\u201c trump\u0173 apskrit\u0173 virbal\u0173 rinkinys (25 cm) \u2013 tai kruop\u0161\u010diai apgalvotas rinkinys mezg\u0117joms, m\u0117gstan\u010dioms kurti su d\u0117mesingumu, ramybe ir kokybe. Idealus pasirinkimas smulkiems projektams, tokiems kaip kojin\u0117s, rankov\u0117s ar kepur\u0117s. The Mindful Collection\u201c serijos virbalai pagaminti i\u0161 auk\u0161tos kokyb\u0117s ner\u016bdijan\u010dio plieno, pasi\u017eymi itin glotniu pavir\u0161iumi ir ergonomi\u0161ku dizainu, u\u017etikrinan\u010diu malon\u0173 mezgim\u0105 [&hellip;]\" \/>\n<meta property=\"og:url\" content=\"https:\/\/happyinaknit.com\/en\/product\/the-mindful-collection-explore-25-cm-virbalu-su-valu-rinkinys\/\" \/>\n<meta property=\"og:site_name\" content=\"Happyinaknit.com\" \/>\n<meta property=\"article:modified_time\" content=\"2025-10-13T21:38:10+00:00\" \/>\n<meta property=\"og:image\" content=\"https:\/\/happyinaknit.com\/wp-content\/uploads\/2025\/10\/IMG_9694.jpg\" \/>\n\t<meta property=\"og:image:width\" content=\"1320\" \/>\n\t<meta property=\"og:image:height\" content=\"1262\" \/>\n\t<meta property=\"og:image:type\" content=\"image\/jpeg\" \/>\n<meta name=\"twitter:card\" content=\"summary_large_image\" \/>\n<meta name=\"twitter:label1\" content=\"Est. reading time\" \/>\n\t<meta name=\"twitter:data1\" content=\"1 minute\" \/>\n<script type=\"application\/ld+json\" class=\"yoast-schema-graph\">{\"@context\":\"https:\/\/schema.org\",\"@graph\":[{\"@type\":\"WebPage\",\"@id\":\"https:\/\/happyinaknit.com\/produktas\/the-mindful-collection-explore-25-cm-virbalu-su-valu-rinkinys\/\",\"url\":\"https:\/\/happyinaknit.com\/produktas\/the-mindful-collection-explore-25-cm-virbalu-su-valu-rinkinys\/\",\"name\":\"The Mindful Collection \\\"Explore\\\" 25 cm virbal\u0173 su valu rinkinys - Happyinaknit.com\",\"isPartOf\":{\"@id\":\"https:\/\/happyinaknit.com\/lt\/#website\"},\"primaryImageOfPage\":{\"@id\":\"https:\/\/happyinaknit.com\/produktas\/the-mindful-collection-explore-25-cm-virbalu-su-valu-rinkinys\/#primaryimage\"},\"image\":{\"@id\":\"https:\/\/happyinaknit.com\/produktas\/the-mindful-collection-explore-25-cm-virbalu-su-valu-rinkinys\/#primaryimage\"},\"thumbnailUrl\":\"https:\/\/happyinaknit.com\/wp-content\/uploads\/2025\/10\/IMG_9694.jpg\",\"datePublished\":\"2025-10-13T21:38:09+00:00\",\"dateModified\":\"2025-10-13T21:38:10+00:00\",\"breadcrumb\":{\"@id\":\"https:\/\/happyinaknit.com\/produktas\/the-mindful-collection-explore-25-cm-virbalu-su-valu-rinkinys\/#breadcrumb\"},\"inLanguage\":\"en-US\",\"potentialAction\":[{\"@type\":\"ReadAction\",\"target\":[\"https:\/\/happyinaknit.com\/produktas\/the-mindful-collection-explore-25-cm-virbalu-su-valu-rinkinys\/\"]}]},{\"@type\":\"ImageObject\",\"inLanguage\":\"en-US\",\"@id\":\"https:\/\/happyinaknit.com\/produktas\/the-mindful-collection-explore-25-cm-virbalu-su-valu-rinkinys\/#primaryimage\",\"url\":\"https:\/\/happyinaknit.com\/wp-content\/uploads\/2025\/10\/IMG_9694.jpg\",\"contentUrl\":\"https:\/\/happyinaknit.com\/wp-content\/uploads\/2025\/10\/IMG_9694.jpg\",\"width\":1320,\"height\":1262},{\"@type\":\"BreadcrumbList\",\"@id\":\"https:\/\/happyinaknit.com\/produktas\/the-mindful-collection-explore-25-cm-virbalu-su-valu-rinkinys\/#breadcrumb\",\"itemListElement\":[{\"@type\":\"ListItem\",\"position\":1,\"name\":\"Home\",\"item\":\"https:\/\/happyinaknit.com\/lt\/\"},{\"@type\":\"ListItem\",\"position\":2,\"name\":\"Parduotuv\u0117\",\"item\":\"https:\/\/happyinaknit.com\/lt\/parduotuve\/\"},{\"@type\":\"ListItem\",\"position\":3,\"name\":\"The Mindful Collection &#8222;Explore&#8221; 25 cm virbal\u0173 su valu rinkinys\"}]},{\"@type\":\"WebSite\",\"@id\":\"https:\/\/happyinaknit.com\/lt\/#website\",\"url\":\"https:\/\/happyinaknit.com\/lt\/\",\"name\":\"Happyinaknit.com\",\"description\":\"\",\"potentialAction\":[{\"@type\":\"SearchAction\",\"target\":{\"@type\":\"EntryPoint\",\"urlTemplate\":\"https:\/\/happyinaknit.com\/lt\/?s={search_term_string}\"},\"query-input\":{\"@type\":\"PropertyValueSpecification\",\"valueRequired\":true,\"valueName\":\"search_term_string\"}}],\"inLanguage\":\"en-US\"}]}<\/script>\n<!-- \/ Yoast SEO plugin. -->","yoast_head_json":{"title":"The Mindful Collection \"Explore\" 25 cm virbal\u0173 su valu rinkinys - Happyinaknit.com","robots":{"index":"index","follow":"follow","max-snippet":"max-snippet:-1","max-image-preview":"max-image-preview:large","max-video-preview":"max-video-preview:-1"},"canonical":"https:\/\/happyinaknit.com\/en\/product\/the-mindful-collection-explore-25-cm-virbalu-su-valu-rinkinys\/","og_locale":"en_US","og_type":"article","og_title":"The Mindful Collection \"Explore\" 25 cm virbal\u0173 su valu rinkinys - Happyinaknit.com","og_description":"KnitPro The Mindful Collection \u201eExplore\u201c trump\u0173 apskrit\u0173 virbal\u0173 rinkinys (25 cm) \u2013 tai kruop\u0161\u010diai apgalvotas rinkinys mezg\u0117joms, m\u0117gstan\u010dioms kurti su d\u0117mesingumu, ramybe ir kokybe. Idealus pasirinkimas smulkiems projektams, tokiems kaip kojin\u0117s, rankov\u0117s ar kepur\u0117s. The Mindful Collection\u201c serijos virbalai pagaminti i\u0161 auk\u0161tos kokyb\u0117s ner\u016bdijan\u010dio plieno, pasi\u017eymi itin glotniu pavir\u0161iumi ir ergonomi\u0161ku dizainu, u\u017etikrinan\u010diu malon\u0173 mezgim\u0105 [&hellip;]","og_url":"https:\/\/happyinaknit.com\/en\/product\/the-mindful-collection-explore-25-cm-virbalu-su-valu-rinkinys\/","og_site_name":"Happyinaknit.com","article_modified_time":"2025-10-13T21:38:10+00:00","og_image":[{"width":1320,"height":1262,"url":"https:\/\/happyinaknit.com\/wp-content\/uploads\/2025\/10\/IMG_9694.jpg","type":"image\/jpeg"}],"twitter_card":"summary_large_image","twitter_misc":{"Est. reading time":"1 minute"},"schema":{"@context":"https:\/\/schema.org","@graph":[{"@type":"WebPage","@id":"https:\/\/happyinaknit.com\/produktas\/the-mindful-collection-explore-25-cm-virbalu-su-valu-rinkinys\/","url":"https:\/\/happyinaknit.com\/produktas\/the-mindful-collection-explore-25-cm-virbalu-su-valu-rinkinys\/","name":"The Mindful Collection \"Explore\" 25 cm virbal\u0173 su valu rinkinys - Happyinaknit.com","isPartOf":{"@id":"https:\/\/happyinaknit.com\/lt\/#website"},"primaryImageOfPage":{"@id":"https:\/\/happyinaknit.com\/produktas\/the-mindful-collection-explore-25-cm-virbalu-su-valu-rinkinys\/#primaryimage"},"image":{"@id":"https:\/\/happyinaknit.com\/produktas\/the-mindful-collection-explore-25-cm-virbalu-su-valu-rinkinys\/#primaryimage"},"thumbnailUrl":"https:\/\/happyinaknit.com\/wp-content\/uploads\/2025\/10\/IMG_9694.jpg","datePublished":"2025-10-13T21:38:09+00:00","dateModified":"2025-10-13T21:38:10+00:00","breadcrumb":{"@id":"https:\/\/happyinaknit.com\/produktas\/the-mindful-collection-explore-25-cm-virbalu-su-valu-rinkinys\/#breadcrumb"},"inLanguage":"en-US","potentialAction":[{"@type":"ReadAction","target":["https:\/\/happyinaknit.com\/produktas\/the-mindful-collection-explore-25-cm-virbalu-su-valu-rinkinys\/"]}]},{"@type":"ImageObject","inLanguage":"en-US","@id":"https:\/\/happyinaknit.com\/produktas\/the-mindful-collection-explore-25-cm-virbalu-su-valu-rinkinys\/#primaryimage","url":"https:\/\/happyinaknit.com\/wp-content\/uploads\/2025\/10\/IMG_9694.jpg","contentUrl":"https:\/\/happyinaknit.com\/wp-content\/uploads\/2025\/10\/IMG_9694.jpg","width":1320,"height":1262},{"@type":"BreadcrumbList","@id":"https:\/\/happyinaknit.com\/produktas\/the-mindful-collection-explore-25-cm-virbalu-su-valu-rinkinys\/#breadcrumb","itemListElement":[{"@type":"ListItem","position":1,"name":"Home","item":"https:\/\/happyinaknit.com\/lt\/"},{"@type":"ListItem","position":2,"name":"Parduotuv\u0117","item":"https:\/\/happyinaknit.com\/lt\/parduotuve\/"},{"@type":"ListItem","position":3,"name":"The Mindful Collection &#8222;Explore&#8221; 25 cm virbal\u0173 su valu rinkinys"}]},{"@type":"WebSite","@id":"https:\/\/happyinaknit.com\/lt\/#website","url":"https:\/\/happyinaknit.com\/lt\/","name":"Happyinaknit.com","description":"","potentialAction":[{"@type":"SearchAction","target":{"@type":"EntryPoint","urlTemplate":"https:\/\/happyinaknit.com\/lt\/?s={search_term_string}"},"query-input":{"@type":"PropertyValueSpecification","valueRequired":true,"valueName":"search_term_string"}}],"inLanguage":"en-US"}]}},"_links":{"self":[{"href":"https:\/\/happyinaknit.com\/en\/wp-json\/wp\/v2\/product\/4945","targetHints":{"allow":["GET"]}}],"collection":[{"href":"https:\/\/happyinaknit.com\/en\/wp-json\/wp\/v2\/product"}],"about":[{"href":"https:\/\/happyinaknit.com\/en\/wp-json\/wp\/v2\/types\/product"}],"replies":[{"embeddable":true,"href":"https:\/\/happyinaknit.com\/en\/wp-json\/wp\/v2\/comments?post=4945"}],"wp:featuredmedia":[{"embeddable":true,"href":"https:\/\/happyinaknit.com\/en\/wp-json\/wp\/v2\/media\/4948"}],"wp:attachment":[{"href":"https:\/\/happyinaknit.com\/en\/wp-json\/wp\/v2\/media?parent=4945"}],"wp:term":[{"taxonomy":"product_brand","embeddable":true,"href":"https:\/\/happyinaknit.com\/en\/wp-json\/wp\/v2\/product_brand?post=4945"},{"taxonomy":"product_cat","embeddable":true,"href":"https:\/\/happyinaknit.com\/en\/wp-json\/wp\/v2\/product_cat?post=4945"},{"taxonomy":"product_tag","embeddable":true,"href":"https:\/\/happyinaknit.com\/en\/wp-json\/wp\/v2\/product_tag?post=4945"},{"taxonomy":"pro-kategorijos","embeddable":true,"href":"https:\/\/happyinaknit.com\/en\/wp-json\/wp\/v2\/pro-kategorijos?post=4945"}],"curies":[{"name":"wp","href":"https:\/\/api.w.org\/{rel}","templated":true}]}}