{"id":4930,"date":"2025-10-13T21:05:59","date_gmt":"2025-10-13T21:05:59","guid":{"rendered":"https:\/\/happyinaknit.com\/?post_type=product&#038;p=4930"},"modified":"2025-10-13T21:05:59","modified_gmt":"2025-10-13T21:05:59","slug":"lykke-color-grey-prisukamu-mediniu-virbalu-rinkinys-13-cm","status":"publish","type":"product","link":"https:\/\/happyinaknit.com\/en\/product\/lykke-color-grey-prisukamu-mediniu-virbalu-rinkinys-13-cm\/","title":{"rendered":"Lykke Colour Grey Interchangeable Wooden Needle Set, 13 cm"},"content":{"rendered":"<p data-start=\"0\" data-end=\"174\"><strong data-start=\"0\" data-end=\"58\">Lykke Colour Grey screw-on skewer set (13 cm)<\/strong> \u2013 an elegant and functional set of <strong data-start=\"102\" data-end=\"111\">LYKKE<\/strong>, which combines high quality, comfort and stylish design. This set with <strong data-start=\"577\" data-end=\"618\">13 cm long <\/strong>The screw-in knitting needle is made of sturdy yet pleasant-to-the-touch wood and has an extremely smooth surface. The flexible lines allow you to comfortably knit both small and large projects, and the sturdy connection mechanism ensures safe and smooth work.<br data-start=\"846\" data-end=\"849\" \/>The convenient gray case not only protects the needles, but also gives the set a unique style.<\/p>\n<p data-start=\"176\" data-end=\"196\"><strong data-start=\"176\" data-end=\"194\">The set includes:<\/strong><\/p>\n<ul data-start=\"197\" data-end=\"542\">\n<li data-start=\"197\" data-end=\"360\">\n<p data-start=\"199\" data-end=\"360\"><strong data-start=\"199\" data-end=\"230\">12 pairs of screw-on needles<\/strong> (13 cm long):<br data-start=\"245\" data-end=\"248\" \/>3.5mm 3.75mm 4.0mm 4.5mm 5.0mm 5.5mm 6.0mm 6.5mm 8.0mm 9.0mm 10.0mm 12.0mm<\/p>\n<\/li>\n<li data-start=\"361\" data-end=\"412\">\n<p data-start=\"363\" data-end=\"412\"><strong data-start=\"363\" data-end=\"375\">5 lines:<\/strong> 2 \u00d7 60 cm \u00b7 2 \u00d7 80 cm \u00b7 1 \u00d7 100 cm<\/p>\n<\/li>\n<li data-start=\"413\" data-end=\"490\">\n<p data-start=\"415\" data-end=\"490\"><strong data-start=\"415\" data-end=\"430\">8 tips<\/strong>, <strong data-start=\"432\" data-end=\"457\">4 wrenches<\/strong>, <strong data-start=\"459\" data-end=\"488\">2 connectors for connecting lines<\/strong><\/p>\n<\/li>\n<li data-start=\"491\" data-end=\"542\">\n<p data-start=\"493\" data-end=\"542\"><strong data-start=\"493\" data-end=\"522\">Gray textile case<\/strong> with button closure<\/p>\n<\/li>\n<\/ul>\n<p data-start=\"957\" data-end=\"996\"><strong data-start=\"957\" data-end=\"972\">Manufacturer:<\/strong> LYKKE (USA\/Nepal)<\/p>","protected":false},"excerpt":{"rendered":"<p>Lykke Colour Grey prisukam\u0173j\u0173 virbal\u0173 rinkinys (13 cm) \u2013 eleganti\u0161kas ir funkcionalus rinkinys i\u0161 LYKKE, kuris sujungia auk\u0161t\u0105 kokyb\u0119, patogum\u0105 ir stiling\u0105 dizain\u0105. \u0160is rinkinys su 13 cm ilgio prisukamaisiais virbalais pagamintas i\u0161 tvirto, bet malonaus liesti med\u017eio ir pasi\u017eymi itin glotniu pavir\u0161iumi. Lankst\u016bs valai leid\u017eia patogiai megzti tiek ma\u017eus, tiek didelius projektus, o tvirtas [&hellip;]<\/p>\n","protected":false},"featured_media":4931,"comment_status":"open","ping_status":"closed","template":"","meta":{"_acf_changed":false},"product_brand":[790],"product_cat":[15,182,19,861],"product_tag":[],"pro-kategorijos":[],"class_list":{"0":"post-4930","1":"product","2":"type-product","3":"status-publish","4":"has-post-thumbnail","6":"product_brand-lykke","7":"product_cat-visi-produktai","8":"product_cat-ispardavimas","9":"product_cat-mezgimo-priemones","10":"product_cat-virbalu-rinkiniai","12":"first","13":"instock","14":"sale","15":"shipping-taxable","16":"purchasable","17":"product-type-simple"},"acf":[],"yoast_head":"<!-- This site is optimized with the Yoast SEO plugin v26.8 - https:\/\/yoast.com\/product\/yoast-seo-wordpress\/ -->\n<title>Lykke Color Grey prisukam\u0173 medini\u0173 virbal\u0173 rinkinys 13 cm - Happyinaknit.com<\/title>\n<meta name=\"robots\" content=\"index, follow, max-snippet:-1, max-image-preview:large, max-video-preview:-1\" \/>\n<link rel=\"canonical\" href=\"https:\/\/happyinaknit.com\/en\/product\/lykke-color-grey-prisukamu-mediniu-virbalu-rinkinys-13-cm\/\" \/>\n<meta property=\"og:locale\" content=\"en_US\" \/>\n<meta property=\"og:type\" content=\"article\" \/>\n<meta property=\"og:title\" content=\"Lykke Color Grey prisukam\u0173 medini\u0173 virbal\u0173 rinkinys 13 cm - Happyinaknit.com\" \/>\n<meta property=\"og:description\" content=\"Lykke Colour Grey prisukam\u0173j\u0173 virbal\u0173 rinkinys (13 cm) \u2013 eleganti\u0161kas ir funkcionalus rinkinys i\u0161 LYKKE, kuris sujungia auk\u0161t\u0105 kokyb\u0119, patogum\u0105 ir stiling\u0105 dizain\u0105. \u0160is rinkinys su 13 cm ilgio prisukamaisiais virbalais pagamintas i\u0161 tvirto, bet malonaus liesti med\u017eio ir pasi\u017eymi itin glotniu pavir\u0161iumi. Lankst\u016bs valai leid\u017eia patogiai megzti tiek ma\u017eus, tiek didelius projektus, o tvirtas [&hellip;]\" \/>\n<meta property=\"og:url\" content=\"https:\/\/happyinaknit.com\/en\/product\/lykke-color-grey-prisukamu-mediniu-virbalu-rinkinys-13-cm\/\" \/>\n<meta property=\"og:site_name\" content=\"Happyinaknit.com\" \/>\n<meta property=\"og:image\" content=\"https:\/\/happyinaknit.com\/wp-content\/uploads\/2025\/10\/IMG_9691.jpg\" \/>\n\t<meta property=\"og:image:width\" content=\"1320\" \/>\n\t<meta property=\"og:image:height\" content=\"1288\" \/>\n\t<meta property=\"og:image:type\" content=\"image\/jpeg\" \/>\n<meta name=\"twitter:card\" content=\"summary_large_image\" \/>\n<meta name=\"twitter:label1\" content=\"Est. reading time\" \/>\n\t<meta name=\"twitter:data1\" content=\"1 minute\" \/>\n<script type=\"application\/ld+json\" class=\"yoast-schema-graph\">{\"@context\":\"https:\/\/schema.org\",\"@graph\":[{\"@type\":\"WebPage\",\"@id\":\"https:\/\/happyinaknit.com\/produktas\/lykke-color-grey-prisukamu-mediniu-virbalu-rinkinys-13-cm\/\",\"url\":\"https:\/\/happyinaknit.com\/produktas\/lykke-color-grey-prisukamu-mediniu-virbalu-rinkinys-13-cm\/\",\"name\":\"Lykke Color Grey prisukam\u0173 medini\u0173 virbal\u0173 rinkinys 13 cm - Happyinaknit.com\",\"isPartOf\":{\"@id\":\"https:\/\/happyinaknit.com\/lt\/#website\"},\"primaryImageOfPage\":{\"@id\":\"https:\/\/happyinaknit.com\/produktas\/lykke-color-grey-prisukamu-mediniu-virbalu-rinkinys-13-cm\/#primaryimage\"},\"image\":{\"@id\":\"https:\/\/happyinaknit.com\/produktas\/lykke-color-grey-prisukamu-mediniu-virbalu-rinkinys-13-cm\/#primaryimage\"},\"thumbnailUrl\":\"https:\/\/happyinaknit.com\/wp-content\/uploads\/2025\/10\/IMG_9691.jpg\",\"datePublished\":\"2025-10-13T21:05:59+00:00\",\"breadcrumb\":{\"@id\":\"https:\/\/happyinaknit.com\/produktas\/lykke-color-grey-prisukamu-mediniu-virbalu-rinkinys-13-cm\/#breadcrumb\"},\"inLanguage\":\"en-US\",\"potentialAction\":[{\"@type\":\"ReadAction\",\"target\":[\"https:\/\/happyinaknit.com\/produktas\/lykke-color-grey-prisukamu-mediniu-virbalu-rinkinys-13-cm\/\"]}]},{\"@type\":\"ImageObject\",\"inLanguage\":\"en-US\",\"@id\":\"https:\/\/happyinaknit.com\/produktas\/lykke-color-grey-prisukamu-mediniu-virbalu-rinkinys-13-cm\/#primaryimage\",\"url\":\"https:\/\/happyinaknit.com\/wp-content\/uploads\/2025\/10\/IMG_9691.jpg\",\"contentUrl\":\"https:\/\/happyinaknit.com\/wp-content\/uploads\/2025\/10\/IMG_9691.jpg\",\"width\":1320,\"height\":1288},{\"@type\":\"BreadcrumbList\",\"@id\":\"https:\/\/happyinaknit.com\/produktas\/lykke-color-grey-prisukamu-mediniu-virbalu-rinkinys-13-cm\/#breadcrumb\",\"itemListElement\":[{\"@type\":\"ListItem\",\"position\":1,\"name\":\"Home\",\"item\":\"https:\/\/happyinaknit.com\/lt\/\"},{\"@type\":\"ListItem\",\"position\":2,\"name\":\"Parduotuv\u0117\",\"item\":\"https:\/\/happyinaknit.com\/lt\/parduotuve\/\"},{\"@type\":\"ListItem\",\"position\":3,\"name\":\"Lykke Color Grey prisukam\u0173 medini\u0173 virbal\u0173 rinkinys 13 cm\"}]},{\"@type\":\"WebSite\",\"@id\":\"https:\/\/happyinaknit.com\/lt\/#website\",\"url\":\"https:\/\/happyinaknit.com\/lt\/\",\"name\":\"Happyinaknit.com\",\"description\":\"\",\"potentialAction\":[{\"@type\":\"SearchAction\",\"target\":{\"@type\":\"EntryPoint\",\"urlTemplate\":\"https:\/\/happyinaknit.com\/lt\/?s={search_term_string}\"},\"query-input\":{\"@type\":\"PropertyValueSpecification\",\"valueRequired\":true,\"valueName\":\"search_term_string\"}}],\"inLanguage\":\"en-US\"}]}<\/script>\n<!-- \/ Yoast SEO plugin. -->","yoast_head_json":{"title":"Lykke Color Grey prisukam\u0173 medini\u0173 virbal\u0173 rinkinys 13 cm - Happyinaknit.com","robots":{"index":"index","follow":"follow","max-snippet":"max-snippet:-1","max-image-preview":"max-image-preview:large","max-video-preview":"max-video-preview:-1"},"canonical":"https:\/\/happyinaknit.com\/en\/product\/lykke-color-grey-prisukamu-mediniu-virbalu-rinkinys-13-cm\/","og_locale":"en_US","og_type":"article","og_title":"Lykke Color Grey prisukam\u0173 medini\u0173 virbal\u0173 rinkinys 13 cm - Happyinaknit.com","og_description":"Lykke Colour Grey prisukam\u0173j\u0173 virbal\u0173 rinkinys (13 cm) \u2013 eleganti\u0161kas ir funkcionalus rinkinys i\u0161 LYKKE, kuris sujungia auk\u0161t\u0105 kokyb\u0119, patogum\u0105 ir stiling\u0105 dizain\u0105. \u0160is rinkinys su 13 cm ilgio prisukamaisiais virbalais pagamintas i\u0161 tvirto, bet malonaus liesti med\u017eio ir pasi\u017eymi itin glotniu pavir\u0161iumi. Lankst\u016bs valai leid\u017eia patogiai megzti tiek ma\u017eus, tiek didelius projektus, o tvirtas [&hellip;]","og_url":"https:\/\/happyinaknit.com\/en\/product\/lykke-color-grey-prisukamu-mediniu-virbalu-rinkinys-13-cm\/","og_site_name":"Happyinaknit.com","og_image":[{"width":1320,"height":1288,"url":"https:\/\/happyinaknit.com\/wp-content\/uploads\/2025\/10\/IMG_9691.jpg","type":"image\/jpeg"}],"twitter_card":"summary_large_image","twitter_misc":{"Est. reading time":"1 minute"},"schema":{"@context":"https:\/\/schema.org","@graph":[{"@type":"WebPage","@id":"https:\/\/happyinaknit.com\/produktas\/lykke-color-grey-prisukamu-mediniu-virbalu-rinkinys-13-cm\/","url":"https:\/\/happyinaknit.com\/produktas\/lykke-color-grey-prisukamu-mediniu-virbalu-rinkinys-13-cm\/","name":"Lykke Color Grey prisukam\u0173 medini\u0173 virbal\u0173 rinkinys 13 cm - Happyinaknit.com","isPartOf":{"@id":"https:\/\/happyinaknit.com\/lt\/#website"},"primaryImageOfPage":{"@id":"https:\/\/happyinaknit.com\/produktas\/lykke-color-grey-prisukamu-mediniu-virbalu-rinkinys-13-cm\/#primaryimage"},"image":{"@id":"https:\/\/happyinaknit.com\/produktas\/lykke-color-grey-prisukamu-mediniu-virbalu-rinkinys-13-cm\/#primaryimage"},"thumbnailUrl":"https:\/\/happyinaknit.com\/wp-content\/uploads\/2025\/10\/IMG_9691.jpg","datePublished":"2025-10-13T21:05:59+00:00","breadcrumb":{"@id":"https:\/\/happyinaknit.com\/produktas\/lykke-color-grey-prisukamu-mediniu-virbalu-rinkinys-13-cm\/#breadcrumb"},"inLanguage":"en-US","potentialAction":[{"@type":"ReadAction","target":["https:\/\/happyinaknit.com\/produktas\/lykke-color-grey-prisukamu-mediniu-virbalu-rinkinys-13-cm\/"]}]},{"@type":"ImageObject","inLanguage":"en-US","@id":"https:\/\/happyinaknit.com\/produktas\/lykke-color-grey-prisukamu-mediniu-virbalu-rinkinys-13-cm\/#primaryimage","url":"https:\/\/happyinaknit.com\/wp-content\/uploads\/2025\/10\/IMG_9691.jpg","contentUrl":"https:\/\/happyinaknit.com\/wp-content\/uploads\/2025\/10\/IMG_9691.jpg","width":1320,"height":1288},{"@type":"BreadcrumbList","@id":"https:\/\/happyinaknit.com\/produktas\/lykke-color-grey-prisukamu-mediniu-virbalu-rinkinys-13-cm\/#breadcrumb","itemListElement":[{"@type":"ListItem","position":1,"name":"Home","item":"https:\/\/happyinaknit.com\/lt\/"},{"@type":"ListItem","position":2,"name":"Parduotuv\u0117","item":"https:\/\/happyinaknit.com\/lt\/parduotuve\/"},{"@type":"ListItem","position":3,"name":"Lykke Color Grey prisukam\u0173 medini\u0173 virbal\u0173 rinkinys 13 cm"}]},{"@type":"WebSite","@id":"https:\/\/happyinaknit.com\/lt\/#website","url":"https:\/\/happyinaknit.com\/lt\/","name":"Happyinaknit.com","description":"","potentialAction":[{"@type":"SearchAction","target":{"@type":"EntryPoint","urlTemplate":"https:\/\/happyinaknit.com\/lt\/?s={search_term_string}"},"query-input":{"@type":"PropertyValueSpecification","valueRequired":true,"valueName":"search_term_string"}}],"inLanguage":"en-US"}]}},"_links":{"self":[{"href":"https:\/\/happyinaknit.com\/en\/wp-json\/wp\/v2\/product\/4930","targetHints":{"allow":["GET"]}}],"collection":[{"href":"https:\/\/happyinaknit.com\/en\/wp-json\/wp\/v2\/product"}],"about":[{"href":"https:\/\/happyinaknit.com\/en\/wp-json\/wp\/v2\/types\/product"}],"replies":[{"embeddable":true,"href":"https:\/\/happyinaknit.com\/en\/wp-json\/wp\/v2\/comments?post=4930"}],"wp:featuredmedia":[{"embeddable":true,"href":"https:\/\/happyinaknit.com\/en\/wp-json\/wp\/v2\/media\/4931"}],"wp:attachment":[{"href":"https:\/\/happyinaknit.com\/en\/wp-json\/wp\/v2\/media?parent=4930"}],"wp:term":[{"taxonomy":"product_brand","embeddable":true,"href":"https:\/\/happyinaknit.com\/en\/wp-json\/wp\/v2\/product_brand?post=4930"},{"taxonomy":"product_cat","embeddable":true,"href":"https:\/\/happyinaknit.com\/en\/wp-json\/wp\/v2\/product_cat?post=4930"},{"taxonomy":"product_tag","embeddable":true,"href":"https:\/\/happyinaknit.com\/en\/wp-json\/wp\/v2\/product_tag?post=4930"},{"taxonomy":"pro-kategorijos","embeddable":true,"href":"https:\/\/happyinaknit.com\/en\/wp-json\/wp\/v2\/pro-kategorijos?post=4930"}],"curies":[{"name":"wp","href":"https:\/\/api.w.org\/{rel}","templated":true}]}}