{"id":4908,"date":"2025-10-13T20:03:06","date_gmt":"2025-10-13T20:03:06","guid":{"rendered":"https:\/\/happyinaknit.com\/?post_type=product&#038;p=4908"},"modified":"2025-10-22T20:52:21","modified_gmt":"2025-10-22T20:52:21","slug":"chiaogoo-twist-yellow-shorties-prisukamuju-metaliniu-virbalu-rinkinys-8-cm","status":"publish","type":"product","link":"https:\/\/happyinaknit.com\/en\/product\/chiaogoo-twist-yellow-shorties-prisukamuju-metaliniu-virbalu-rinkinys-8-cm\/","title":{"rendered":"ChiaoGoo TWIST Yellow Shorties Interchangeable Needle Set, 8 cm"},"content":{"rendered":"<p data-start=\"0\" data-end=\"322\"><strong data-start=\"0\" data-end=\"80\">ChiaoGoo TWIST Yellow Shorties Screw-on Metal Skewers Set (8 cm)<\/strong> \u2013 a compact and extremely convenient set for small knitting projects, such as knitting sleeves or hats in the round. Using the lines included in the set, you can create short circular needles, the total length of which will be <strong data-start=\"299\" data-end=\"319\">30cm or 36cm<\/strong>.<\/p>\n<p data-start=\"324\" data-end=\"344\"><strong data-start=\"324\" data-end=\"342\">The set includes:<\/strong><\/p>\n<ul data-start=\"345\" data-end=\"755\">\n<li data-start=\"345\" data-end=\"436\">\n<p data-start=\"347\" data-end=\"436\">4 pairs of 8 cm long screw-on metal skewers:<br data-start=\"396\" data-end=\"399\" \/>5.5mm \u00b7 6.0mm \u00b7 6.5mm \u00b7 8.0mm<\/p>\n<\/li>\n<li data-start=\"437\" data-end=\"549\">\n<p data-start=\"439\" data-end=\"549\">3 transparent rotating <strong data-start=\"463\" data-end=\"487\">SWIV360 Silver Cable<\/strong> lines (L-type connector):<br data-start=\"511\" data-end=\"514\" \/>15 cm (2 pcs.) \u00b7 20 cm (1 pc.)<\/p>\n<\/li>\n<li data-start=\"550\" data-end=\"755\">\n<p data-start=\"552\" data-end=\"573\">Accessory set:<\/p>\n<ul data-start=\"576\" data-end=\"755\">\n<li data-start=\"576\" data-end=\"600\">\n<p data-start=\"578\" data-end=\"600\">Tips<\/p>\n<\/li>\n<li data-start=\"603\" data-end=\"626\">\n<p data-start=\"605\" data-end=\"626\">Spanners<\/p>\n<\/li>\n<li data-start=\"629\" data-end=\"655\">\n<p data-start=\"631\" data-end=\"655\">Connectors<\/p>\n<\/li>\n<li data-start=\"658\" data-end=\"679\">\n<p data-start=\"660\" data-end=\"679\">Round markers<\/p>\n<\/li>\n<li data-start=\"682\" data-end=\"712\">\n<p data-start=\"684\" data-end=\"712\">Heart-shaped clip<\/p>\n<\/li>\n<li data-start=\"715\" data-end=\"755\">\n<p data-start=\"717\" data-end=\"755\">Needle size gauge with ruler<\/p>\n<\/li>\n<\/ul>\n<\/li>\n<\/ul>\n<p data-start=\"757\" data-end=\"865\"><strong data-start=\"757\" data-end=\"768\">Case:<\/strong><br data-start=\"768\" data-end=\"771\" \/>Compact yellow nylon case with zipper<br data-start=\"833\" data-end=\"836\" \/>Measurements: <strong data-start=\"849\" data-end=\"863\">12 \u00d7 10 cm<\/strong><\/p>\n<p data-start=\"1208\" data-end=\"1296\" data-is-last-node=\"\" data-is-only-node=\"\"><strong data-start=\"1208\" data-end=\"1220\">Note:<\/strong> Color shades may vary slightly depending on your device&#039;s screen.<\/p>","protected":false},"excerpt":{"rendered":"<p>ChiaoGoo TWIST Yellow Shorties prisukam\u0173j\u0173 metalini\u0173 virbal\u0173 rinkinys (8 cm) \u2013 kompakti\u0161kas ir itin patogus rinkinys ma\u017eiems mezgimo projektams, pavyzd\u017eiui, rankov\u0117ms ar kepur\u0117ms megzti ratu. Naudodami rinkinyje esan\u010dius valus galite sudaryti trumpus apskritus virbalus, kuri\u0173 bendras ilgis bus 30 cm arba 36 cm. Rinkinyje yra: 4 poros 8 cm ilgio prisukam\u0173j\u0173 metalini\u0173 virbal\u0173:5,5 mm \u00b7 [&hellip;]<\/p>\n","protected":false},"featured_media":4910,"comment_status":"open","ping_status":"closed","template":"","meta":{"_acf_changed":false},"product_brand":[166],"product_cat":[15,19,861],"product_tag":[],"pro-kategorijos":[],"class_list":{"0":"post-4908","1":"product","2":"type-product","3":"status-publish","4":"has-post-thumbnail","6":"product_brand-chiaogoo","7":"product_cat-visi-produktai","8":"product_cat-mezgimo-priemones","9":"product_cat-virbalu-rinkiniai","11":"first","12":"outofstock","13":"shipping-taxable","14":"purchasable","15":"product-type-simple"},"acf":[],"yoast_head":"<!-- This site is optimized with the Yoast SEO plugin v26.8 - https:\/\/yoast.com\/product\/yoast-seo-wordpress\/ -->\n<title>Chiaogoo Twist Yellow Shorties prisukam\u0173j\u0173 metalini\u0173 virbal\u0173 rinkinys 8 cm - Happyinaknit.com<\/title>\n<meta name=\"robots\" content=\"index, follow, max-snippet:-1, max-image-preview:large, max-video-preview:-1\" \/>\n<link rel=\"canonical\" href=\"https:\/\/happyinaknit.com\/en\/product\/chiaogoo-twist-yellow-shorties-prisukamuju-metaliniu-virbalu-rinkinys-8-cm\/\" \/>\n<meta property=\"og:locale\" content=\"en_US\" \/>\n<meta property=\"og:type\" content=\"article\" \/>\n<meta property=\"og:title\" content=\"Chiaogoo Twist Yellow Shorties prisukam\u0173j\u0173 metalini\u0173 virbal\u0173 rinkinys 8 cm - Happyinaknit.com\" \/>\n<meta property=\"og:description\" content=\"ChiaoGoo TWIST Yellow Shorties prisukam\u0173j\u0173 metalini\u0173 virbal\u0173 rinkinys (8 cm) \u2013 kompakti\u0161kas ir itin patogus rinkinys ma\u017eiems mezgimo projektams, pavyzd\u017eiui, rankov\u0117ms ar kepur\u0117ms megzti ratu. Naudodami rinkinyje esan\u010dius valus galite sudaryti trumpus apskritus virbalus, kuri\u0173 bendras ilgis bus 30 cm arba 36 cm. Rinkinyje yra: 4 poros 8 cm ilgio prisukam\u0173j\u0173 metalini\u0173 virbal\u0173:5,5 mm \u00b7 [&hellip;]\" \/>\n<meta property=\"og:url\" content=\"https:\/\/happyinaknit.com\/en\/product\/chiaogoo-twist-yellow-shorties-prisukamuju-metaliniu-virbalu-rinkinys-8-cm\/\" \/>\n<meta property=\"og:site_name\" content=\"Happyinaknit.com\" \/>\n<meta property=\"article:modified_time\" content=\"2025-10-22T20:52:21+00:00\" \/>\n<meta property=\"og:image\" content=\"https:\/\/happyinaknit.com\/wp-content\/uploads\/2025\/10\/IMG_9679.webp\" \/>\n\t<meta property=\"og:image:width\" content=\"1080\" \/>\n\t<meta property=\"og:image:height\" content=\"1080\" \/>\n\t<meta property=\"og:image:type\" content=\"image\/webp\" \/>\n<meta name=\"twitter:card\" content=\"summary_large_image\" \/>\n<meta name=\"twitter:label1\" content=\"Est. reading time\" \/>\n\t<meta name=\"twitter:data1\" content=\"1 minute\" \/>\n<script type=\"application\/ld+json\" class=\"yoast-schema-graph\">{\"@context\":\"https:\/\/schema.org\",\"@graph\":[{\"@type\":\"WebPage\",\"@id\":\"https:\/\/happyinaknit.com\/produktas\/chiaogoo-twist-yellow-shorties-prisukamuju-metaliniu-virbalu-rinkinys-8-cm\/\",\"url\":\"https:\/\/happyinaknit.com\/produktas\/chiaogoo-twist-yellow-shorties-prisukamuju-metaliniu-virbalu-rinkinys-8-cm\/\",\"name\":\"Chiaogoo Twist Yellow Shorties prisukam\u0173j\u0173 metalini\u0173 virbal\u0173 rinkinys 8 cm - Happyinaknit.com\",\"isPartOf\":{\"@id\":\"https:\/\/happyinaknit.com\/lt\/#website\"},\"primaryImageOfPage\":{\"@id\":\"https:\/\/happyinaknit.com\/produktas\/chiaogoo-twist-yellow-shorties-prisukamuju-metaliniu-virbalu-rinkinys-8-cm\/#primaryimage\"},\"image\":{\"@id\":\"https:\/\/happyinaknit.com\/produktas\/chiaogoo-twist-yellow-shorties-prisukamuju-metaliniu-virbalu-rinkinys-8-cm\/#primaryimage\"},\"thumbnailUrl\":\"https:\/\/happyinaknit.com\/wp-content\/uploads\/2025\/10\/IMG_9679.webp\",\"datePublished\":\"2025-10-13T20:03:06+00:00\",\"dateModified\":\"2025-10-22T20:52:21+00:00\",\"breadcrumb\":{\"@id\":\"https:\/\/happyinaknit.com\/produktas\/chiaogoo-twist-yellow-shorties-prisukamuju-metaliniu-virbalu-rinkinys-8-cm\/#breadcrumb\"},\"inLanguage\":\"en-US\",\"potentialAction\":[{\"@type\":\"ReadAction\",\"target\":[\"https:\/\/happyinaknit.com\/produktas\/chiaogoo-twist-yellow-shorties-prisukamuju-metaliniu-virbalu-rinkinys-8-cm\/\"]}]},{\"@type\":\"ImageObject\",\"inLanguage\":\"en-US\",\"@id\":\"https:\/\/happyinaknit.com\/produktas\/chiaogoo-twist-yellow-shorties-prisukamuju-metaliniu-virbalu-rinkinys-8-cm\/#primaryimage\",\"url\":\"https:\/\/happyinaknit.com\/wp-content\/uploads\/2025\/10\/IMG_9679.webp\",\"contentUrl\":\"https:\/\/happyinaknit.com\/wp-content\/uploads\/2025\/10\/IMG_9679.webp\",\"width\":1080,\"height\":1080},{\"@type\":\"BreadcrumbList\",\"@id\":\"https:\/\/happyinaknit.com\/produktas\/chiaogoo-twist-yellow-shorties-prisukamuju-metaliniu-virbalu-rinkinys-8-cm\/#breadcrumb\",\"itemListElement\":[{\"@type\":\"ListItem\",\"position\":1,\"name\":\"Home\",\"item\":\"https:\/\/happyinaknit.com\/lt\/\"},{\"@type\":\"ListItem\",\"position\":2,\"name\":\"Parduotuv\u0117\",\"item\":\"https:\/\/happyinaknit.com\/lt\/parduotuve\/\"},{\"@type\":\"ListItem\",\"position\":3,\"name\":\"Chiaogoo Twist Yellow Shorties prisukam\u0173j\u0173 metalini\u0173 virbal\u0173 rinkinys 8 cm\"}]},{\"@type\":\"WebSite\",\"@id\":\"https:\/\/happyinaknit.com\/lt\/#website\",\"url\":\"https:\/\/happyinaknit.com\/lt\/\",\"name\":\"Happyinaknit.com\",\"description\":\"\",\"potentialAction\":[{\"@type\":\"SearchAction\",\"target\":{\"@type\":\"EntryPoint\",\"urlTemplate\":\"https:\/\/happyinaknit.com\/lt\/?s={search_term_string}\"},\"query-input\":{\"@type\":\"PropertyValueSpecification\",\"valueRequired\":true,\"valueName\":\"search_term_string\"}}],\"inLanguage\":\"en-US\"}]}<\/script>\n<!-- \/ Yoast SEO plugin. -->","yoast_head_json":{"title":"Chiaogoo Twist Yellow Shorties prisukam\u0173j\u0173 metalini\u0173 virbal\u0173 rinkinys 8 cm - Happyinaknit.com","robots":{"index":"index","follow":"follow","max-snippet":"max-snippet:-1","max-image-preview":"max-image-preview:large","max-video-preview":"max-video-preview:-1"},"canonical":"https:\/\/happyinaknit.com\/en\/product\/chiaogoo-twist-yellow-shorties-prisukamuju-metaliniu-virbalu-rinkinys-8-cm\/","og_locale":"en_US","og_type":"article","og_title":"Chiaogoo Twist Yellow Shorties prisukam\u0173j\u0173 metalini\u0173 virbal\u0173 rinkinys 8 cm - Happyinaknit.com","og_description":"ChiaoGoo TWIST Yellow Shorties prisukam\u0173j\u0173 metalini\u0173 virbal\u0173 rinkinys (8 cm) \u2013 kompakti\u0161kas ir itin patogus rinkinys ma\u017eiems mezgimo projektams, pavyzd\u017eiui, rankov\u0117ms ar kepur\u0117ms megzti ratu. Naudodami rinkinyje esan\u010dius valus galite sudaryti trumpus apskritus virbalus, kuri\u0173 bendras ilgis bus 30 cm arba 36 cm. Rinkinyje yra: 4 poros 8 cm ilgio prisukam\u0173j\u0173 metalini\u0173 virbal\u0173:5,5 mm \u00b7 [&hellip;]","og_url":"https:\/\/happyinaknit.com\/en\/product\/chiaogoo-twist-yellow-shorties-prisukamuju-metaliniu-virbalu-rinkinys-8-cm\/","og_site_name":"Happyinaknit.com","article_modified_time":"2025-10-22T20:52:21+00:00","og_image":[{"width":1080,"height":1080,"url":"https:\/\/happyinaknit.com\/wp-content\/uploads\/2025\/10\/IMG_9679.webp","type":"image\/webp"}],"twitter_card":"summary_large_image","twitter_misc":{"Est. reading time":"1 minute"},"schema":{"@context":"https:\/\/schema.org","@graph":[{"@type":"WebPage","@id":"https:\/\/happyinaknit.com\/produktas\/chiaogoo-twist-yellow-shorties-prisukamuju-metaliniu-virbalu-rinkinys-8-cm\/","url":"https:\/\/happyinaknit.com\/produktas\/chiaogoo-twist-yellow-shorties-prisukamuju-metaliniu-virbalu-rinkinys-8-cm\/","name":"Chiaogoo Twist Yellow Shorties prisukam\u0173j\u0173 metalini\u0173 virbal\u0173 rinkinys 8 cm - Happyinaknit.com","isPartOf":{"@id":"https:\/\/happyinaknit.com\/lt\/#website"},"primaryImageOfPage":{"@id":"https:\/\/happyinaknit.com\/produktas\/chiaogoo-twist-yellow-shorties-prisukamuju-metaliniu-virbalu-rinkinys-8-cm\/#primaryimage"},"image":{"@id":"https:\/\/happyinaknit.com\/produktas\/chiaogoo-twist-yellow-shorties-prisukamuju-metaliniu-virbalu-rinkinys-8-cm\/#primaryimage"},"thumbnailUrl":"https:\/\/happyinaknit.com\/wp-content\/uploads\/2025\/10\/IMG_9679.webp","datePublished":"2025-10-13T20:03:06+00:00","dateModified":"2025-10-22T20:52:21+00:00","breadcrumb":{"@id":"https:\/\/happyinaknit.com\/produktas\/chiaogoo-twist-yellow-shorties-prisukamuju-metaliniu-virbalu-rinkinys-8-cm\/#breadcrumb"},"inLanguage":"en-US","potentialAction":[{"@type":"ReadAction","target":["https:\/\/happyinaknit.com\/produktas\/chiaogoo-twist-yellow-shorties-prisukamuju-metaliniu-virbalu-rinkinys-8-cm\/"]}]},{"@type":"ImageObject","inLanguage":"en-US","@id":"https:\/\/happyinaknit.com\/produktas\/chiaogoo-twist-yellow-shorties-prisukamuju-metaliniu-virbalu-rinkinys-8-cm\/#primaryimage","url":"https:\/\/happyinaknit.com\/wp-content\/uploads\/2025\/10\/IMG_9679.webp","contentUrl":"https:\/\/happyinaknit.com\/wp-content\/uploads\/2025\/10\/IMG_9679.webp","width":1080,"height":1080},{"@type":"BreadcrumbList","@id":"https:\/\/happyinaknit.com\/produktas\/chiaogoo-twist-yellow-shorties-prisukamuju-metaliniu-virbalu-rinkinys-8-cm\/#breadcrumb","itemListElement":[{"@type":"ListItem","position":1,"name":"Home","item":"https:\/\/happyinaknit.com\/lt\/"},{"@type":"ListItem","position":2,"name":"Parduotuv\u0117","item":"https:\/\/happyinaknit.com\/lt\/parduotuve\/"},{"@type":"ListItem","position":3,"name":"Chiaogoo Twist Yellow Shorties prisukam\u0173j\u0173 metalini\u0173 virbal\u0173 rinkinys 8 cm"}]},{"@type":"WebSite","@id":"https:\/\/happyinaknit.com\/lt\/#website","url":"https:\/\/happyinaknit.com\/lt\/","name":"Happyinaknit.com","description":"","potentialAction":[{"@type":"SearchAction","target":{"@type":"EntryPoint","urlTemplate":"https:\/\/happyinaknit.com\/lt\/?s={search_term_string}"},"query-input":{"@type":"PropertyValueSpecification","valueRequired":true,"valueName":"search_term_string"}}],"inLanguage":"en-US"}]}},"_links":{"self":[{"href":"https:\/\/happyinaknit.com\/en\/wp-json\/wp\/v2\/product\/4908","targetHints":{"allow":["GET"]}}],"collection":[{"href":"https:\/\/happyinaknit.com\/en\/wp-json\/wp\/v2\/product"}],"about":[{"href":"https:\/\/happyinaknit.com\/en\/wp-json\/wp\/v2\/types\/product"}],"replies":[{"embeddable":true,"href":"https:\/\/happyinaknit.com\/en\/wp-json\/wp\/v2\/comments?post=4908"}],"wp:featuredmedia":[{"embeddable":true,"href":"https:\/\/happyinaknit.com\/en\/wp-json\/wp\/v2\/media\/4910"}],"wp:attachment":[{"href":"https:\/\/happyinaknit.com\/en\/wp-json\/wp\/v2\/media?parent=4908"}],"wp:term":[{"taxonomy":"product_brand","embeddable":true,"href":"https:\/\/happyinaknit.com\/en\/wp-json\/wp\/v2\/product_brand?post=4908"},{"taxonomy":"product_cat","embeddable":true,"href":"https:\/\/happyinaknit.com\/en\/wp-json\/wp\/v2\/product_cat?post=4908"},{"taxonomy":"product_tag","embeddable":true,"href":"https:\/\/happyinaknit.com\/en\/wp-json\/wp\/v2\/product_tag?post=4908"},{"taxonomy":"pro-kategorijos","embeddable":true,"href":"https:\/\/happyinaknit.com\/en\/wp-json\/wp\/v2\/pro-kategorijos?post=4908"}],"curies":[{"name":"wp","href":"https:\/\/api.w.org\/{rel}","templated":true}]}}