{"id":4892,"date":"2025-10-13T18:58:13","date_gmt":"2025-10-13T18:58:13","guid":{"rendered":"https:\/\/happyinaknit.com\/?post_type=product&#038;p=4892"},"modified":"2026-03-13T12:52:50","modified_gmt":"2026-03-13T12:52:50","slug":"chiaogoo-forte-2-0-prisukamu-virbalu-rinkinys","status":"publish","type":"product","link":"https:\/\/happyinaknit.com\/en\/product\/chiaogoo-forte-2-0-prisukamu-virbalu-rinkinys\/","title":{"rendered":"ChiaoGoo Forte 2.0 Interchangeable Needle Set"},"content":{"rendered":"<p data-start=\"0\" data-end=\"269\"><strong data-start=\"0\" data-end=\"56\">ChiaoGoo Fort\u00e9 \u2013 a luxurious set of interchangeable needles<\/strong>, which combines modern materials and sophisticated design. It is an elegant combination of stainless steel, high-tech carbon fiber (carbon) and luxurious African ebony (<em data-start=\"246\" data-end=\"265\">African Blackwood<\/em>).<\/p>\n<p data-start=\"271\" data-end=\"376\">This set is designed for craftsmen who value not only functionality, but also an exceptional aesthetic sense.<\/p>\n<p data-start=\"378\" data-end=\"401\"><strong data-start=\"378\" data-end=\"399\">Kit contents:<\/strong><\/p>\n<ul data-start=\"402\" data-end=\"753\">\n<li data-start=\"402\" data-end=\"753\">\n<p data-start=\"404\" data-end=\"525\">14 pairs of needles (13 cm long): 2.75 \/ 3.0 \/ 3.25 \/ 3.5 \/ 3.75 \/ 4.0 \/ 4.5 \/ 5.0 \/ 5.5 \/ 6.0 \/ 6.5 \/ 8.0 \/ 9.0 \/ 10.0 mm<\/p>\n<ul data-start=\"528\" data-end=\"753\">\n<li data-start=\"528\" data-end=\"605\">\n<p data-start=\"530\" data-end=\"605\">Needles from 2.75 to 5.0 mm are made of stainless steel and carbon.<\/p>\n<\/li>\n<li data-start=\"608\" data-end=\"665\">\n<p data-start=\"610\" data-end=\"665\">Needles from 5.0 to 10.0 mm - made of African ebony.<\/p>\n<\/li>\n<li data-start=\"668\" data-end=\"753\">\n<p data-start=\"670\" data-end=\"753\">The steel parts have laser engraving of the size that will never wear off.<\/p>\n<\/li>\n<\/ul>\n<\/li>\n<\/ul>\n<p data-start=\"755\" data-end=\"771\"><strong data-start=\"755\" data-end=\"769\">Lines:<\/strong><\/p>\n<ul>\n<li>6 SWIV360 rotary lines (S \u2013 35 cm, 55 cm, 75 cm, L \u2013 35 vm, 55 cm, 75 cm)<\/li>\n<li>3 TWIST RED red lines without memory (S \u2013 35 cm, 55 cm, 75 cm)<\/li>\n<\/ul>\n<p data-start=\"927\" data-end=\"954\"><strong data-start=\"927\" data-end=\"952\">Additional measures:<\/strong><\/p>\n<ul data-start=\"955\" data-end=\"1091\">\n<li data-start=\"955\" data-end=\"978\">\n<p data-start=\"957\" data-end=\"978\">steel scissors<\/p>\n<\/li>\n<li data-start=\"955\" data-end=\"978\">\n<p data-start=\"957\" data-end=\"978\">Measuring tape<\/p>\n<\/li>\n<li data-start=\"955\" data-end=\"978\">\n<p data-start=\"957\" data-end=\"978\">stop plugs<\/p>\n<\/li>\n<li data-start=\"955\" data-end=\"978\">\n<p data-start=\"957\" data-end=\"978\">2 pcs needles<\/p>\n<\/li>\n<li data-start=\"955\" data-end=\"978\">\n<p data-start=\"957\" data-end=\"978\">Markers<\/p>\n<\/li>\n<li data-start=\"955\" data-end=\"978\">\n<p data-start=\"957\" data-end=\"978\">Ruler for measuring the thickness of the needles<\/p>\n<\/li>\n<li data-start=\"955\" data-end=\"978\">\n<p data-start=\"957\" data-end=\"978\">2 flags<\/p>\n<\/li>\n<li data-start=\"955\" data-end=\"978\">\n<p data-start=\"957\" data-end=\"978\">1 tentacle<\/p>\n<\/li>\n<li data-start=\"955\" data-end=\"978\">\n<p data-start=\"957\" data-end=\"978\">2 keys<\/p>\n<\/li>\n<li data-start=\"955\" data-end=\"978\">\n<p data-start=\"957\" data-end=\"978\">Connectors for screw-on rods (S and L)<\/p>\n<\/li>\n<li data-start=\"955\" data-end=\"978\">\n<p data-start=\"957\" data-end=\"978\">Adapters for screw-on rods<\/p>\n<\/li>\n<li data-start=\"955\" data-end=\"978\">\n<p data-start=\"957\" data-end=\"978\">Tips for screw-on needles (S and L)<\/p>\n<\/li>\n<li data-start=\"955\" data-end=\"978\">\n<p data-start=\"957\" data-end=\"978\">Pen<\/p>\n<\/li>\n<\/ul>\n<p data-start=\"1093\" data-end=\"1261\">All <strong data-start=\"1099\" data-end=\"1108\">Forte<\/strong> the parts of the kit have <strong data-start=\"1129\" data-end=\"1138\">Small<\/strong> or <strong data-start=\"1144\" data-end=\"1153\">Large<\/strong> connector, making it fully compatible with all <strong data-start=\"1204\" data-end=\"1216\">ChiaoGoo<\/strong> with rods and cables of appropriate size.<\/p>\n<p data-start=\"1263\" data-end=\"1348\"><strong data-start=\"1263\" data-end=\"1274\">Case:<\/strong><br data-start=\"1274\" data-end=\"1277\" \/>Elegant, functional gray case made of eco-leather.<\/p>\n<ul data-start=\"1349\" data-end=\"1616\">\n<li data-start=\"1349\" data-end=\"1441\">\n<p data-start=\"1351\" data-end=\"1441\">Double-sided removable base with rubber strips that hold the rods firmly.<\/p>\n<\/li>\n<li data-start=\"1442\" data-end=\"1508\">\n<p data-start=\"1444\" data-end=\"1508\">Four pockets for accessories, including space for writing or notes.<\/p>\n<\/li>\n<li data-start=\"1509\" data-end=\"1616\">\n<p data-start=\"1511\" data-end=\"1616\">Full-length zipper closure, opens like a book - just like other ChiaoGoo sets.<\/p>\n<\/li>\n<\/ul>\n<p data-start=\"1618\" data-end=\"1706\" data-is-last-node=\"\" data-is-only-node=\"\"><strong data-start=\"1618\" data-end=\"1630\">Note:<\/strong> Color shades may vary slightly depending on your device&#039;s screen.<\/p>","protected":false},"excerpt":{"rendered":"<p>ChiaoGoo Fort\u00e9 \u2013 prabangus kei\u010diam\u0173 virbal\u0173 rinkinys, kuriame dera modernios med\u017eiagos ir rafinuotas dizainas. Tai eleganti\u0161kas derinys i\u0161 ner\u016bdijan\u010dio plieno, auk\u0161t\u0173j\u0173 technologij\u0173 anglies pluo\u0161to (karbono) ir prabangaus Afrikos juodmed\u017eio (African Blackwood). \u0160is rinkinys sukurtas meistrams, vertinantiems ne tik funkcionalum\u0105, bet ir i\u0161skirtin\u012f estetin\u012f poj\u016bt\u012f. Rinkinio sud\u0117tis: 14 por\u0173 virbal\u0173 (13 cm ilgio): 2,75 \/ 3,0 [&hellip;]<\/p>\n","protected":false},"featured_media":4897,"comment_status":"open","ping_status":"closed","template":"","meta":{"_acf_changed":false},"product_brand":[166],"product_cat":[15,19,861],"product_tag":[],"pro-kategorijos":[],"class_list":{"0":"post-4892","1":"product","2":"type-product","3":"status-publish","4":"has-post-thumbnail","6":"product_brand-chiaogoo","7":"product_cat-visi-produktai","8":"product_cat-mezgimo-priemones","9":"product_cat-virbalu-rinkiniai","11":"first","12":"instock","13":"shipping-taxable","14":"purchasable","15":"product-type-simple"},"acf":[],"yoast_head":"<!-- This site is optimized with the Yoast SEO plugin v26.8 - https:\/\/yoast.com\/product\/yoast-seo-wordpress\/ -->\n<title>Chiaogoo Forte 2.0 prisukam\u0173 virbal\u0173 rinkinys - Happyinaknit.com<\/title>\n<meta name=\"robots\" content=\"index, follow, max-snippet:-1, max-image-preview:large, max-video-preview:-1\" \/>\n<link rel=\"canonical\" href=\"https:\/\/happyinaknit.com\/en\/product\/chiaogoo-forte-2-0-prisukamu-virbalu-rinkinys\/\" \/>\n<meta property=\"og:locale\" content=\"en_US\" \/>\n<meta property=\"og:type\" content=\"article\" \/>\n<meta property=\"og:title\" content=\"Chiaogoo Forte 2.0 prisukam\u0173 virbal\u0173 rinkinys - Happyinaknit.com\" \/>\n<meta property=\"og:description\" content=\"ChiaoGoo Fort\u00e9 \u2013 prabangus kei\u010diam\u0173 virbal\u0173 rinkinys, kuriame dera modernios med\u017eiagos ir rafinuotas dizainas. Tai eleganti\u0161kas derinys i\u0161 ner\u016bdijan\u010dio plieno, auk\u0161t\u0173j\u0173 technologij\u0173 anglies pluo\u0161to (karbono) ir prabangaus Afrikos juodmed\u017eio (African Blackwood). \u0160is rinkinys sukurtas meistrams, vertinantiems ne tik funkcionalum\u0105, bet ir i\u0161skirtin\u012f estetin\u012f poj\u016bt\u012f. Rinkinio sud\u0117tis: 14 por\u0173 virbal\u0173 (13 cm ilgio): 2,75 \/ 3,0 [&hellip;]\" \/>\n<meta property=\"og:url\" content=\"https:\/\/happyinaknit.com\/en\/product\/chiaogoo-forte-2-0-prisukamu-virbalu-rinkinys\/\" \/>\n<meta property=\"og:site_name\" content=\"Happyinaknit.com\" \/>\n<meta property=\"article:modified_time\" content=\"2026-03-13T12:52:50+00:00\" \/>\n<meta property=\"og:image\" content=\"https:\/\/happyinaknit.com\/wp-content\/uploads\/2025\/10\/Forte_7.webp\" \/>\n\t<meta property=\"og:image:width\" content=\"1120\" \/>\n\t<meta property=\"og:image:height\" content=\"1120\" \/>\n\t<meta property=\"og:image:type\" content=\"image\/webp\" \/>\n<meta name=\"twitter:card\" content=\"summary_large_image\" \/>\n<meta name=\"twitter:label1\" content=\"Est. reading time\" \/>\n\t<meta name=\"twitter:data1\" content=\"1 minute\" \/>\n<script type=\"application\/ld+json\" class=\"yoast-schema-graph\">{\"@context\":\"https:\/\/schema.org\",\"@graph\":[{\"@type\":\"WebPage\",\"@id\":\"https:\/\/happyinaknit.com\/produktas\/chiaogoo-forte-2-0-prisukamu-virbalu-rinkinys\/\",\"url\":\"https:\/\/happyinaknit.com\/produktas\/chiaogoo-forte-2-0-prisukamu-virbalu-rinkinys\/\",\"name\":\"Chiaogoo Forte 2.0 prisukam\u0173 virbal\u0173 rinkinys - Happyinaknit.com\",\"isPartOf\":{\"@id\":\"https:\/\/happyinaknit.com\/lt\/#website\"},\"primaryImageOfPage\":{\"@id\":\"https:\/\/happyinaknit.com\/produktas\/chiaogoo-forte-2-0-prisukamu-virbalu-rinkinys\/#primaryimage\"},\"image\":{\"@id\":\"https:\/\/happyinaknit.com\/produktas\/chiaogoo-forte-2-0-prisukamu-virbalu-rinkinys\/#primaryimage\"},\"thumbnailUrl\":\"https:\/\/happyinaknit.com\/wp-content\/uploads\/2025\/10\/Forte_7.webp\",\"datePublished\":\"2025-10-13T18:58:13+00:00\",\"dateModified\":\"2026-03-13T12:52:50+00:00\",\"breadcrumb\":{\"@id\":\"https:\/\/happyinaknit.com\/produktas\/chiaogoo-forte-2-0-prisukamu-virbalu-rinkinys\/#breadcrumb\"},\"inLanguage\":\"en-US\",\"potentialAction\":[{\"@type\":\"ReadAction\",\"target\":[\"https:\/\/happyinaknit.com\/produktas\/chiaogoo-forte-2-0-prisukamu-virbalu-rinkinys\/\"]}]},{\"@type\":\"ImageObject\",\"inLanguage\":\"en-US\",\"@id\":\"https:\/\/happyinaknit.com\/produktas\/chiaogoo-forte-2-0-prisukamu-virbalu-rinkinys\/#primaryimage\",\"url\":\"https:\/\/happyinaknit.com\/wp-content\/uploads\/2025\/10\/Forte_7.webp\",\"contentUrl\":\"https:\/\/happyinaknit.com\/wp-content\/uploads\/2025\/10\/Forte_7.webp\",\"width\":1120,\"height\":1120},{\"@type\":\"BreadcrumbList\",\"@id\":\"https:\/\/happyinaknit.com\/produktas\/chiaogoo-forte-2-0-prisukamu-virbalu-rinkinys\/#breadcrumb\",\"itemListElement\":[{\"@type\":\"ListItem\",\"position\":1,\"name\":\"Home\",\"item\":\"https:\/\/happyinaknit.com\/lt\/\"},{\"@type\":\"ListItem\",\"position\":2,\"name\":\"Parduotuv\u0117\",\"item\":\"https:\/\/happyinaknit.com\/lt\/parduotuve\/\"},{\"@type\":\"ListItem\",\"position\":3,\"name\":\"Chiaogoo Forte 2.0 prisukam\u0173 virbal\u0173 rinkinys\"}]},{\"@type\":\"WebSite\",\"@id\":\"https:\/\/happyinaknit.com\/lt\/#website\",\"url\":\"https:\/\/happyinaknit.com\/lt\/\",\"name\":\"Happyinaknit.com\",\"description\":\"\",\"potentialAction\":[{\"@type\":\"SearchAction\",\"target\":{\"@type\":\"EntryPoint\",\"urlTemplate\":\"https:\/\/happyinaknit.com\/lt\/?s={search_term_string}\"},\"query-input\":{\"@type\":\"PropertyValueSpecification\",\"valueRequired\":true,\"valueName\":\"search_term_string\"}}],\"inLanguage\":\"en-US\"}]}<\/script>\n<!-- \/ Yoast SEO plugin. -->","yoast_head_json":{"title":"Chiaogoo Forte 2.0 prisukam\u0173 virbal\u0173 rinkinys - Happyinaknit.com","robots":{"index":"index","follow":"follow","max-snippet":"max-snippet:-1","max-image-preview":"max-image-preview:large","max-video-preview":"max-video-preview:-1"},"canonical":"https:\/\/happyinaknit.com\/en\/product\/chiaogoo-forte-2-0-prisukamu-virbalu-rinkinys\/","og_locale":"en_US","og_type":"article","og_title":"Chiaogoo Forte 2.0 prisukam\u0173 virbal\u0173 rinkinys - Happyinaknit.com","og_description":"ChiaoGoo Fort\u00e9 \u2013 prabangus kei\u010diam\u0173 virbal\u0173 rinkinys, kuriame dera modernios med\u017eiagos ir rafinuotas dizainas. Tai eleganti\u0161kas derinys i\u0161 ner\u016bdijan\u010dio plieno, auk\u0161t\u0173j\u0173 technologij\u0173 anglies pluo\u0161to (karbono) ir prabangaus Afrikos juodmed\u017eio (African Blackwood). \u0160is rinkinys sukurtas meistrams, vertinantiems ne tik funkcionalum\u0105, bet ir i\u0161skirtin\u012f estetin\u012f poj\u016bt\u012f. Rinkinio sud\u0117tis: 14 por\u0173 virbal\u0173 (13 cm ilgio): 2,75 \/ 3,0 [&hellip;]","og_url":"https:\/\/happyinaknit.com\/en\/product\/chiaogoo-forte-2-0-prisukamu-virbalu-rinkinys\/","og_site_name":"Happyinaknit.com","article_modified_time":"2026-03-13T12:52:50+00:00","og_image":[{"width":1120,"height":1120,"url":"https:\/\/happyinaknit.com\/wp-content\/uploads\/2025\/10\/Forte_7.webp","type":"image\/webp"}],"twitter_card":"summary_large_image","twitter_misc":{"Est. reading time":"1 minute"},"schema":{"@context":"https:\/\/schema.org","@graph":[{"@type":"WebPage","@id":"https:\/\/happyinaknit.com\/produktas\/chiaogoo-forte-2-0-prisukamu-virbalu-rinkinys\/","url":"https:\/\/happyinaknit.com\/produktas\/chiaogoo-forte-2-0-prisukamu-virbalu-rinkinys\/","name":"Chiaogoo Forte 2.0 prisukam\u0173 virbal\u0173 rinkinys - Happyinaknit.com","isPartOf":{"@id":"https:\/\/happyinaknit.com\/lt\/#website"},"primaryImageOfPage":{"@id":"https:\/\/happyinaknit.com\/produktas\/chiaogoo-forte-2-0-prisukamu-virbalu-rinkinys\/#primaryimage"},"image":{"@id":"https:\/\/happyinaknit.com\/produktas\/chiaogoo-forte-2-0-prisukamu-virbalu-rinkinys\/#primaryimage"},"thumbnailUrl":"https:\/\/happyinaknit.com\/wp-content\/uploads\/2025\/10\/Forte_7.webp","datePublished":"2025-10-13T18:58:13+00:00","dateModified":"2026-03-13T12:52:50+00:00","breadcrumb":{"@id":"https:\/\/happyinaknit.com\/produktas\/chiaogoo-forte-2-0-prisukamu-virbalu-rinkinys\/#breadcrumb"},"inLanguage":"en-US","potentialAction":[{"@type":"ReadAction","target":["https:\/\/happyinaknit.com\/produktas\/chiaogoo-forte-2-0-prisukamu-virbalu-rinkinys\/"]}]},{"@type":"ImageObject","inLanguage":"en-US","@id":"https:\/\/happyinaknit.com\/produktas\/chiaogoo-forte-2-0-prisukamu-virbalu-rinkinys\/#primaryimage","url":"https:\/\/happyinaknit.com\/wp-content\/uploads\/2025\/10\/Forte_7.webp","contentUrl":"https:\/\/happyinaknit.com\/wp-content\/uploads\/2025\/10\/Forte_7.webp","width":1120,"height":1120},{"@type":"BreadcrumbList","@id":"https:\/\/happyinaknit.com\/produktas\/chiaogoo-forte-2-0-prisukamu-virbalu-rinkinys\/#breadcrumb","itemListElement":[{"@type":"ListItem","position":1,"name":"Home","item":"https:\/\/happyinaknit.com\/lt\/"},{"@type":"ListItem","position":2,"name":"Parduotuv\u0117","item":"https:\/\/happyinaknit.com\/lt\/parduotuve\/"},{"@type":"ListItem","position":3,"name":"Chiaogoo Forte 2.0 prisukam\u0173 virbal\u0173 rinkinys"}]},{"@type":"WebSite","@id":"https:\/\/happyinaknit.com\/lt\/#website","url":"https:\/\/happyinaknit.com\/lt\/","name":"Happyinaknit.com","description":"","potentialAction":[{"@type":"SearchAction","target":{"@type":"EntryPoint","urlTemplate":"https:\/\/happyinaknit.com\/lt\/?s={search_term_string}"},"query-input":{"@type":"PropertyValueSpecification","valueRequired":true,"valueName":"search_term_string"}}],"inLanguage":"en-US"}]}},"_links":{"self":[{"href":"https:\/\/happyinaknit.com\/en\/wp-json\/wp\/v2\/product\/4892","targetHints":{"allow":["GET"]}}],"collection":[{"href":"https:\/\/happyinaknit.com\/en\/wp-json\/wp\/v2\/product"}],"about":[{"href":"https:\/\/happyinaknit.com\/en\/wp-json\/wp\/v2\/types\/product"}],"replies":[{"embeddable":true,"href":"https:\/\/happyinaknit.com\/en\/wp-json\/wp\/v2\/comments?post=4892"}],"wp:featuredmedia":[{"embeddable":true,"href":"https:\/\/happyinaknit.com\/en\/wp-json\/wp\/v2\/media\/4897"}],"wp:attachment":[{"href":"https:\/\/happyinaknit.com\/en\/wp-json\/wp\/v2\/media?parent=4892"}],"wp:term":[{"taxonomy":"product_brand","embeddable":true,"href":"https:\/\/happyinaknit.com\/en\/wp-json\/wp\/v2\/product_brand?post=4892"},{"taxonomy":"product_cat","embeddable":true,"href":"https:\/\/happyinaknit.com\/en\/wp-json\/wp\/v2\/product_cat?post=4892"},{"taxonomy":"product_tag","embeddable":true,"href":"https:\/\/happyinaknit.com\/en\/wp-json\/wp\/v2\/product_tag?post=4892"},{"taxonomy":"pro-kategorijos","embeddable":true,"href":"https:\/\/happyinaknit.com\/en\/wp-json\/wp\/v2\/pro-kategorijos?post=4892"}],"curies":[{"name":"wp","href":"https:\/\/api.w.org\/{rel}","templated":true}]}}