{"id":4626,"date":"2025-10-12T19:44:06","date_gmt":"2025-10-12T19:44:06","guid":{"rendered":"https:\/\/happyinaknit.com\/?post_type=product&#038;p=4626"},"modified":"2026-03-04T07:11:28","modified_gmt":"2026-03-04T07:11:28","slug":"woolly-hugs-glitzer","status":"publish","type":"product","link":"https:\/\/happyinaknit.com\/en\/product\/woolly-hugs-glitzer\/","title":{"rendered":"Woolly Hugs Glitter"},"content":{"rendered":"<p data-start=\"0\" data-end=\"347\"><strong data-start=\"0\" data-end=\"35\">Woolly Hugs Glitter <\/strong>\u00a0\u2013 even 1000 meters of shining joy! \u2728<br data-start=\"80\" data-end=\"83\" data-is-only-node=\"\" \/>This metallic thread will add a special shine and elegance to your knitted or crocheted items - scarves, tunics or shawls. It is perfect as an additional thread when knitting or crocheting together with other threads to give your creations a subtle shine.<\/p>\n<p data-start=\"349\" data-end=\"637\"><strong data-start=\"349\" data-end=\"361\">Composition:<\/strong> 62% polyester, 38% polyamide<br data-start=\"421\" data-end=\"424\" \/><strong data-start=\"424\" data-end=\"434\">Length:<\/strong> 1000 m<br data-start=\"441\" data-end=\"444\" \/><br data-start=\"527\" data-end=\"530\" \/><strong data-start=\"530\" data-end=\"544\">Care:<\/strong> Wash by hand at a temperature not exceeding 30 \u00b0C, dry flat.<\/p>\n<p data-start=\"639\" data-end=\"727\" data-is-last-node=\"\" data-is-only-node=\"\"><strong data-start=\"639\" data-end=\"651\">Note:<\/strong> Color shades may vary slightly depending on your device&#039;s screen.<\/p>","protected":false},"excerpt":{"rendered":"<p>Woolly Hugs Glitzer \u00a0\u2013 net 1000 metr\u0173 spindin\u010dio d\u017eiaugsmo! \u2728\u0160is metalizuotas si\u016blas suteiks j\u016bs\u0173 megztiems ar nertiems gaminiams \u2013 \u0161alikams, tunikoms ar skaroms \u2013 ypatingo \u017evilgesio ir elegancijos. Puikiai tinka kaip papildomas si\u016blas, mezgant ar n\u0117riant kartu su kitais si\u016blais, kad j\u016bs\u0173 k\u016briniai \u012fgaut\u0173 subtil\u0173 blizges\u012f. Sud\u0117tis: 62% poliesteris, 38% poliamidasIlgis: 1000 mPrie\u017ei\u016bra: skalbti rankomis [&hellip;]<\/p>\n","protected":false},"featured_media":4627,"comment_status":"open","ping_status":"closed","template":"","meta":{"_acf_changed":false},"product_brand":[1090],"product_cat":[15,18,323],"product_tag":[],"pro-kategorijos":[81,79],"class_list":{"0":"post-4626","1":"product","2":"type-product","3":"status-publish","4":"has-post-thumbnail","6":"product_brand-wolly-hugs","7":"product_cat-visi-produktai","8":"product_cat-siulai","9":"product_cat-siulai-su-lureksu-ir-zvyneliais","10":"pro-kategorijos-poliamidas-zvyneliai","11":"pro-kategorijos-poliesteris","13":"first","14":"instock","15":"shipping-taxable","16":"purchasable","17":"product-type-variable"},"acf":[],"yoast_head":"<!-- This site is optimized with the Yoast SEO plugin v26.8 - https:\/\/yoast.com\/product\/yoast-seo-wordpress\/ -->\n<title>Woolly Hugs Glitzer - Happyinaknit.com<\/title>\n<meta name=\"robots\" content=\"index, follow, max-snippet:-1, max-image-preview:large, max-video-preview:-1\" \/>\n<link rel=\"canonical\" href=\"https:\/\/happyinaknit.com\/en\/product\/woolly-hugs-glitzer\/\" \/>\n<meta property=\"og:locale\" content=\"en_US\" \/>\n<meta property=\"og:type\" content=\"article\" \/>\n<meta property=\"og:title\" content=\"Woolly Hugs Glitzer - Happyinaknit.com\" \/>\n<meta property=\"og:description\" content=\"Woolly Hugs Glitzer \u00a0\u2013 net 1000 metr\u0173 spindin\u010dio d\u017eiaugsmo! \u2728\u0160is metalizuotas si\u016blas suteiks j\u016bs\u0173 megztiems ar nertiems gaminiams \u2013 \u0161alikams, tunikoms ar skaroms \u2013 ypatingo \u017evilgesio ir elegancijos. Puikiai tinka kaip papildomas si\u016blas, mezgant ar n\u0117riant kartu su kitais si\u016blais, kad j\u016bs\u0173 k\u016briniai \u012fgaut\u0173 subtil\u0173 blizges\u012f. Sud\u0117tis: 62% poliesteris, 38% poliamidasIlgis: 1000 mPrie\u017ei\u016bra: skalbti rankomis [&hellip;]\" \/>\n<meta property=\"og:url\" content=\"https:\/\/happyinaknit.com\/en\/product\/woolly-hugs-glitzer\/\" \/>\n<meta property=\"og:site_name\" content=\"Happyinaknit.com\" \/>\n<meta property=\"article:modified_time\" content=\"2026-03-04T07:11:28+00:00\" \/>\n<meta property=\"og:image\" content=\"https:\/\/happyinaknit.com\/wp-content\/uploads\/2025\/10\/woolly-hugs_glitzer-beilaufgarn-titelbild-fr-neue-webseite.jpg\" \/>\n\t<meta property=\"og:image:width\" content=\"956\" \/>\n\t<meta property=\"og:image:height\" content=\"956\" \/>\n\t<meta property=\"og:image:type\" content=\"image\/jpeg\" \/>\n<meta name=\"twitter:card\" content=\"summary_large_image\" \/>\n<script type=\"application\/ld+json\" class=\"yoast-schema-graph\">{\"@context\":\"https:\/\/schema.org\",\"@graph\":[{\"@type\":\"WebPage\",\"@id\":\"https:\/\/happyinaknit.com\/produktas\/woolly-hugs-glitzer\/\",\"url\":\"https:\/\/happyinaknit.com\/produktas\/woolly-hugs-glitzer\/\",\"name\":\"Woolly Hugs Glitzer - Happyinaknit.com\",\"isPartOf\":{\"@id\":\"https:\/\/happyinaknit.com\/lt\/#website\"},\"primaryImageOfPage\":{\"@id\":\"https:\/\/happyinaknit.com\/produktas\/woolly-hugs-glitzer\/#primaryimage\"},\"image\":{\"@id\":\"https:\/\/happyinaknit.com\/produktas\/woolly-hugs-glitzer\/#primaryimage\"},\"thumbnailUrl\":\"https:\/\/happyinaknit.com\/wp-content\/uploads\/2025\/10\/woolly-hugs_glitzer-beilaufgarn-titelbild-fr-neue-webseite.jpg\",\"datePublished\":\"2025-10-12T19:44:06+00:00\",\"dateModified\":\"2026-03-04T07:11:28+00:00\",\"breadcrumb\":{\"@id\":\"https:\/\/happyinaknit.com\/produktas\/woolly-hugs-glitzer\/#breadcrumb\"},\"inLanguage\":\"en-US\",\"potentialAction\":[{\"@type\":\"ReadAction\",\"target\":[\"https:\/\/happyinaknit.com\/produktas\/woolly-hugs-glitzer\/\"]}]},{\"@type\":\"ImageObject\",\"inLanguage\":\"en-US\",\"@id\":\"https:\/\/happyinaknit.com\/produktas\/woolly-hugs-glitzer\/#primaryimage\",\"url\":\"https:\/\/happyinaknit.com\/wp-content\/uploads\/2025\/10\/woolly-hugs_glitzer-beilaufgarn-titelbild-fr-neue-webseite.jpg\",\"contentUrl\":\"https:\/\/happyinaknit.com\/wp-content\/uploads\/2025\/10\/woolly-hugs_glitzer-beilaufgarn-titelbild-fr-neue-webseite.jpg\",\"width\":956,\"height\":956},{\"@type\":\"BreadcrumbList\",\"@id\":\"https:\/\/happyinaknit.com\/produktas\/woolly-hugs-glitzer\/#breadcrumb\",\"itemListElement\":[{\"@type\":\"ListItem\",\"position\":1,\"name\":\"Home\",\"item\":\"https:\/\/happyinaknit.com\/lt\/\"},{\"@type\":\"ListItem\",\"position\":2,\"name\":\"Parduotuv\u0117\",\"item\":\"https:\/\/happyinaknit.com\/lt\/parduotuve\/\"},{\"@type\":\"ListItem\",\"position\":3,\"name\":\"Woolly Hugs Glitzer\"}]},{\"@type\":\"WebSite\",\"@id\":\"https:\/\/happyinaknit.com\/lt\/#website\",\"url\":\"https:\/\/happyinaknit.com\/lt\/\",\"name\":\"Happyinaknit.com\",\"description\":\"\",\"potentialAction\":[{\"@type\":\"SearchAction\",\"target\":{\"@type\":\"EntryPoint\",\"urlTemplate\":\"https:\/\/happyinaknit.com\/lt\/?s={search_term_string}\"},\"query-input\":{\"@type\":\"PropertyValueSpecification\",\"valueRequired\":true,\"valueName\":\"search_term_string\"}}],\"inLanguage\":\"en-US\"}]}<\/script>\n<!-- \/ Yoast SEO plugin. -->","yoast_head_json":{"title":"Woolly Hugs Glitzer - Happyinaknit.com","robots":{"index":"index","follow":"follow","max-snippet":"max-snippet:-1","max-image-preview":"max-image-preview:large","max-video-preview":"max-video-preview:-1"},"canonical":"https:\/\/happyinaknit.com\/en\/product\/woolly-hugs-glitzer\/","og_locale":"en_US","og_type":"article","og_title":"Woolly Hugs Glitzer - Happyinaknit.com","og_description":"Woolly Hugs Glitzer \u00a0\u2013 net 1000 metr\u0173 spindin\u010dio d\u017eiaugsmo! \u2728\u0160is metalizuotas si\u016blas suteiks j\u016bs\u0173 megztiems ar nertiems gaminiams \u2013 \u0161alikams, tunikoms ar skaroms \u2013 ypatingo \u017evilgesio ir elegancijos. Puikiai tinka kaip papildomas si\u016blas, mezgant ar n\u0117riant kartu su kitais si\u016blais, kad j\u016bs\u0173 k\u016briniai \u012fgaut\u0173 subtil\u0173 blizges\u012f. Sud\u0117tis: 62% poliesteris, 38% poliamidasIlgis: 1000 mPrie\u017ei\u016bra: skalbti rankomis [&hellip;]","og_url":"https:\/\/happyinaknit.com\/en\/product\/woolly-hugs-glitzer\/","og_site_name":"Happyinaknit.com","article_modified_time":"2026-03-04T07:11:28+00:00","og_image":[{"width":956,"height":956,"url":"https:\/\/happyinaknit.com\/wp-content\/uploads\/2025\/10\/woolly-hugs_glitzer-beilaufgarn-titelbild-fr-neue-webseite.jpg","type":"image\/jpeg"}],"twitter_card":"summary_large_image","schema":{"@context":"https:\/\/schema.org","@graph":[{"@type":"WebPage","@id":"https:\/\/happyinaknit.com\/produktas\/woolly-hugs-glitzer\/","url":"https:\/\/happyinaknit.com\/produktas\/woolly-hugs-glitzer\/","name":"Woolly Hugs Glitzer - Happyinaknit.com","isPartOf":{"@id":"https:\/\/happyinaknit.com\/lt\/#website"},"primaryImageOfPage":{"@id":"https:\/\/happyinaknit.com\/produktas\/woolly-hugs-glitzer\/#primaryimage"},"image":{"@id":"https:\/\/happyinaknit.com\/produktas\/woolly-hugs-glitzer\/#primaryimage"},"thumbnailUrl":"https:\/\/happyinaknit.com\/wp-content\/uploads\/2025\/10\/woolly-hugs_glitzer-beilaufgarn-titelbild-fr-neue-webseite.jpg","datePublished":"2025-10-12T19:44:06+00:00","dateModified":"2026-03-04T07:11:28+00:00","breadcrumb":{"@id":"https:\/\/happyinaknit.com\/produktas\/woolly-hugs-glitzer\/#breadcrumb"},"inLanguage":"en-US","potentialAction":[{"@type":"ReadAction","target":["https:\/\/happyinaknit.com\/produktas\/woolly-hugs-glitzer\/"]}]},{"@type":"ImageObject","inLanguage":"en-US","@id":"https:\/\/happyinaknit.com\/produktas\/woolly-hugs-glitzer\/#primaryimage","url":"https:\/\/happyinaknit.com\/wp-content\/uploads\/2025\/10\/woolly-hugs_glitzer-beilaufgarn-titelbild-fr-neue-webseite.jpg","contentUrl":"https:\/\/happyinaknit.com\/wp-content\/uploads\/2025\/10\/woolly-hugs_glitzer-beilaufgarn-titelbild-fr-neue-webseite.jpg","width":956,"height":956},{"@type":"BreadcrumbList","@id":"https:\/\/happyinaknit.com\/produktas\/woolly-hugs-glitzer\/#breadcrumb","itemListElement":[{"@type":"ListItem","position":1,"name":"Home","item":"https:\/\/happyinaknit.com\/lt\/"},{"@type":"ListItem","position":2,"name":"Parduotuv\u0117","item":"https:\/\/happyinaknit.com\/lt\/parduotuve\/"},{"@type":"ListItem","position":3,"name":"Woolly Hugs Glitzer"}]},{"@type":"WebSite","@id":"https:\/\/happyinaknit.com\/lt\/#website","url":"https:\/\/happyinaknit.com\/lt\/","name":"Happyinaknit.com","description":"","potentialAction":[{"@type":"SearchAction","target":{"@type":"EntryPoint","urlTemplate":"https:\/\/happyinaknit.com\/lt\/?s={search_term_string}"},"query-input":{"@type":"PropertyValueSpecification","valueRequired":true,"valueName":"search_term_string"}}],"inLanguage":"en-US"}]}},"_links":{"self":[{"href":"https:\/\/happyinaknit.com\/en\/wp-json\/wp\/v2\/product\/4626","targetHints":{"allow":["GET"]}}],"collection":[{"href":"https:\/\/happyinaknit.com\/en\/wp-json\/wp\/v2\/product"}],"about":[{"href":"https:\/\/happyinaknit.com\/en\/wp-json\/wp\/v2\/types\/product"}],"replies":[{"embeddable":true,"href":"https:\/\/happyinaknit.com\/en\/wp-json\/wp\/v2\/comments?post=4626"}],"wp:featuredmedia":[{"embeddable":true,"href":"https:\/\/happyinaknit.com\/en\/wp-json\/wp\/v2\/media\/4627"}],"wp:attachment":[{"href":"https:\/\/happyinaknit.com\/en\/wp-json\/wp\/v2\/media?parent=4626"}],"wp:term":[{"taxonomy":"product_brand","embeddable":true,"href":"https:\/\/happyinaknit.com\/en\/wp-json\/wp\/v2\/product_brand?post=4626"},{"taxonomy":"product_cat","embeddable":true,"href":"https:\/\/happyinaknit.com\/en\/wp-json\/wp\/v2\/product_cat?post=4626"},{"taxonomy":"product_tag","embeddable":true,"href":"https:\/\/happyinaknit.com\/en\/wp-json\/wp\/v2\/product_tag?post=4626"},{"taxonomy":"pro-kategorijos","embeddable":true,"href":"https:\/\/happyinaknit.com\/en\/wp-json\/wp\/v2\/pro-kategorijos?post=4626"}],"curies":[{"name":"wp","href":"https:\/\/api.w.org\/{rel}","templated":true}]}}