{"id":4621,"date":"2025-10-12T19:27:01","date_gmt":"2025-10-12T19:27:01","guid":{"rendered":"https:\/\/happyinaknit.com\/?post_type=product&#038;p=4621"},"modified":"2025-11-19T13:22:04","modified_gmt":"2025-11-19T13:22:04","slug":"concept-by-katia-10-shiny-shades","status":"publish","type":"product","link":"https:\/\/happyinaknit.com\/en\/product\/concept-by-katia-10-shiny-shades\/","title":{"rendered":"Concept by Katia 10 Shiny Shades"},"content":{"rendered":"<p data-start=\"0\" data-end=\"313\"><strong data-start=\"0\" data-end=\"38\">Concept by Katia - 10 Shiny Shades<\/strong> \u2013 ultra-fine yarn with a subtle metallic sheen. This high-quality combination of viscose and polyester gives knitwear an elegant shine and lightness. Ideal for combining with other yarns, as well as for lace, scarves or festive accessories.<\/p>\n<p data-start=\"315\" data-end=\"591\"><strong data-start=\"315\" data-end=\"327\">Composition:<\/strong> 70% viscose, 30% polyester<br data-start=\"356\" data-end=\"359\" \/><strong data-start=\"359\" data-end=\"370\" data-is-only-node=\"\">Weight\/length:<\/strong> 30 g - 1050 m<br data-start=\"395\" data-end=\"398\" \/><strong data-start=\"398\" data-end=\"411\">Density:<\/strong> 10 \u00d7 10 cm \u2013 34 stitches \u00d7 44 rows<br data-start=\"443\" data-end=\"446\" \/><strong data-start=\"446\" data-end=\"474\">Recommended needles:<\/strong> 2-3mm<br data-start=\"481\" data-end=\"484\" \/><strong data-start=\"484\" data-end=\"498\">Care:<\/strong> Wash by hand at a temperature not exceeding 30 \u00b0C, dry flat.<\/p>\n<p data-start=\"593\" data-end=\"681\" data-is-last-node=\"\" data-is-only-node=\"\"><strong data-start=\"593\" data-end=\"605\">Note:<\/strong> Color shades may vary slightly depending on your device&#039;s screen.<\/p>","protected":false},"excerpt":{"rendered":"<p>Concept by Katia \u2013 10 Shiny Shades \u2013 itin ploni si\u016blai su subtiliu metaliniu spindesiu. \u0160i auk\u0161tos kokyb\u0117s viskoz\u0117s ir poliesterio kombinacija suteikia mezginiams eleganti\u0161ko blizgesio bei lengvumo. Idealiai tinka derinti su kitais si\u016blais, taip pat n\u0117riniams, skaroms ar \u0161ventiniams aksesuarams. Sud\u0117tis: 70% viskoz\u0117, 30% poliesterisSvoris\/ilgis: 30 g &#8211; 1050 mTankumas: 10 \u00d7 10 cm [&hellip;]<\/p>\n","protected":false},"featured_media":4618,"comment_status":"open","ping_status":"closed","template":"","meta":{"_acf_changed":false},"product_brand":[69],"product_cat":[15,18,323],"product_tag":[],"pro-kategorijos":[79,78],"class_list":{"0":"post-4621","1":"product","2":"type-product","3":"status-publish","4":"has-post-thumbnail","6":"product_brand-concept-by-katia","7":"product_cat-visi-produktai","8":"product_cat-siulai","9":"product_cat-siulai-su-lureksu-ir-zvyneliais","10":"pro-kategorijos-poliesteris","11":"pro-kategorijos-viskoze","13":"first","14":"instock","15":"shipping-taxable","16":"purchasable","17":"product-type-variable"},"acf":[],"yoast_head":"<!-- This site is optimized with the Yoast SEO plugin v26.8 - https:\/\/yoast.com\/product\/yoast-seo-wordpress\/ -->\n<title>Concept by Katia 10 Shiny Shades - Happyinaknit.com<\/title>\n<meta name=\"robots\" content=\"index, follow, max-snippet:-1, max-image-preview:large, max-video-preview:-1\" \/>\n<link rel=\"canonical\" href=\"https:\/\/happyinaknit.com\/en\/product\/concept-by-katia-10-shiny-shades\/\" \/>\n<meta property=\"og:locale\" content=\"en_US\" \/>\n<meta property=\"og:type\" content=\"article\" \/>\n<meta property=\"og:title\" content=\"Concept by Katia 10 Shiny Shades - Happyinaknit.com\" \/>\n<meta property=\"og:description\" content=\"Concept by Katia \u2013 10 Shiny Shades \u2013 itin ploni si\u016blai su subtiliu metaliniu spindesiu. \u0160i auk\u0161tos kokyb\u0117s viskoz\u0117s ir poliesterio kombinacija suteikia mezginiams eleganti\u0161ko blizgesio bei lengvumo. Idealiai tinka derinti su kitais si\u016blais, taip pat n\u0117riniams, skaroms ar \u0161ventiniams aksesuarams. Sud\u0117tis: 70% viskoz\u0117, 30% poliesterisSvoris\/ilgis: 30 g &#8211; 1050 mTankumas: 10 \u00d7 10 cm [&hellip;]\" \/>\n<meta property=\"og:url\" content=\"https:\/\/happyinaknit.com\/en\/product\/concept-by-katia-10-shiny-shades\/\" \/>\n<meta property=\"og:site_name\" content=\"Happyinaknit.com\" \/>\n<meta property=\"article:modified_time\" content=\"2025-11-19T13:22:04+00:00\" \/>\n<meta property=\"og:image\" content=\"https:\/\/happyinaknit.com\/wp-content\/uploads\/2025\/10\/IMG_9363.jpg\" \/>\n\t<meta property=\"og:image:width\" content=\"1320\" \/>\n\t<meta property=\"og:image:height\" content=\"1209\" \/>\n\t<meta property=\"og:image:type\" content=\"image\/jpeg\" \/>\n<meta name=\"twitter:card\" content=\"summary_large_image\" \/>\n<script type=\"application\/ld+json\" class=\"yoast-schema-graph\">{\"@context\":\"https:\/\/schema.org\",\"@graph\":[{\"@type\":\"WebPage\",\"@id\":\"https:\/\/happyinaknit.com\/produktas\/concept-by-katia-10-shiny-shades\/\",\"url\":\"https:\/\/happyinaknit.com\/produktas\/concept-by-katia-10-shiny-shades\/\",\"name\":\"Concept by Katia 10 Shiny Shades - Happyinaknit.com\",\"isPartOf\":{\"@id\":\"https:\/\/happyinaknit.com\/lt\/#website\"},\"primaryImageOfPage\":{\"@id\":\"https:\/\/happyinaknit.com\/produktas\/concept-by-katia-10-shiny-shades\/#primaryimage\"},\"image\":{\"@id\":\"https:\/\/happyinaknit.com\/produktas\/concept-by-katia-10-shiny-shades\/#primaryimage\"},\"thumbnailUrl\":\"https:\/\/happyinaknit.com\/wp-content\/uploads\/2025\/10\/IMG_9363.jpg\",\"datePublished\":\"2025-10-12T19:27:01+00:00\",\"dateModified\":\"2025-11-19T13:22:04+00:00\",\"breadcrumb\":{\"@id\":\"https:\/\/happyinaknit.com\/produktas\/concept-by-katia-10-shiny-shades\/#breadcrumb\"},\"inLanguage\":\"en-US\",\"potentialAction\":[{\"@type\":\"ReadAction\",\"target\":[\"https:\/\/happyinaknit.com\/produktas\/concept-by-katia-10-shiny-shades\/\"]}]},{\"@type\":\"ImageObject\",\"inLanguage\":\"en-US\",\"@id\":\"https:\/\/happyinaknit.com\/produktas\/concept-by-katia-10-shiny-shades\/#primaryimage\",\"url\":\"https:\/\/happyinaknit.com\/wp-content\/uploads\/2025\/10\/IMG_9363.jpg\",\"contentUrl\":\"https:\/\/happyinaknit.com\/wp-content\/uploads\/2025\/10\/IMG_9363.jpg\",\"width\":1320,\"height\":1209},{\"@type\":\"BreadcrumbList\",\"@id\":\"https:\/\/happyinaknit.com\/produktas\/concept-by-katia-10-shiny-shades\/#breadcrumb\",\"itemListElement\":[{\"@type\":\"ListItem\",\"position\":1,\"name\":\"Home\",\"item\":\"https:\/\/happyinaknit.com\/lt\/\"},{\"@type\":\"ListItem\",\"position\":2,\"name\":\"Parduotuv\u0117\",\"item\":\"https:\/\/happyinaknit.com\/lt\/parduotuve\/\"},{\"@type\":\"ListItem\",\"position\":3,\"name\":\"Concept by Katia 10 Shiny Shades\"}]},{\"@type\":\"WebSite\",\"@id\":\"https:\/\/happyinaknit.com\/lt\/#website\",\"url\":\"https:\/\/happyinaknit.com\/lt\/\",\"name\":\"Happyinaknit.com\",\"description\":\"\",\"potentialAction\":[{\"@type\":\"SearchAction\",\"target\":{\"@type\":\"EntryPoint\",\"urlTemplate\":\"https:\/\/happyinaknit.com\/lt\/?s={search_term_string}\"},\"query-input\":{\"@type\":\"PropertyValueSpecification\",\"valueRequired\":true,\"valueName\":\"search_term_string\"}}],\"inLanguage\":\"en-US\"}]}<\/script>\n<!-- \/ Yoast SEO plugin. -->","yoast_head_json":{"title":"Concept by Katia 10 Shiny Shades - Happyinaknit.com","robots":{"index":"index","follow":"follow","max-snippet":"max-snippet:-1","max-image-preview":"max-image-preview:large","max-video-preview":"max-video-preview:-1"},"canonical":"https:\/\/happyinaknit.com\/en\/product\/concept-by-katia-10-shiny-shades\/","og_locale":"en_US","og_type":"article","og_title":"Concept by Katia 10 Shiny Shades - Happyinaknit.com","og_description":"Concept by Katia \u2013 10 Shiny Shades \u2013 itin ploni si\u016blai su subtiliu metaliniu spindesiu. \u0160i auk\u0161tos kokyb\u0117s viskoz\u0117s ir poliesterio kombinacija suteikia mezginiams eleganti\u0161ko blizgesio bei lengvumo. Idealiai tinka derinti su kitais si\u016blais, taip pat n\u0117riniams, skaroms ar \u0161ventiniams aksesuarams. Sud\u0117tis: 70% viskoz\u0117, 30% poliesterisSvoris\/ilgis: 30 g &#8211; 1050 mTankumas: 10 \u00d7 10 cm [&hellip;]","og_url":"https:\/\/happyinaknit.com\/en\/product\/concept-by-katia-10-shiny-shades\/","og_site_name":"Happyinaknit.com","article_modified_time":"2025-11-19T13:22:04+00:00","og_image":[{"width":1320,"height":1209,"url":"https:\/\/happyinaknit.com\/wp-content\/uploads\/2025\/10\/IMG_9363.jpg","type":"image\/jpeg"}],"twitter_card":"summary_large_image","schema":{"@context":"https:\/\/schema.org","@graph":[{"@type":"WebPage","@id":"https:\/\/happyinaknit.com\/produktas\/concept-by-katia-10-shiny-shades\/","url":"https:\/\/happyinaknit.com\/produktas\/concept-by-katia-10-shiny-shades\/","name":"Concept by Katia 10 Shiny Shades - Happyinaknit.com","isPartOf":{"@id":"https:\/\/happyinaknit.com\/lt\/#website"},"primaryImageOfPage":{"@id":"https:\/\/happyinaknit.com\/produktas\/concept-by-katia-10-shiny-shades\/#primaryimage"},"image":{"@id":"https:\/\/happyinaknit.com\/produktas\/concept-by-katia-10-shiny-shades\/#primaryimage"},"thumbnailUrl":"https:\/\/happyinaknit.com\/wp-content\/uploads\/2025\/10\/IMG_9363.jpg","datePublished":"2025-10-12T19:27:01+00:00","dateModified":"2025-11-19T13:22:04+00:00","breadcrumb":{"@id":"https:\/\/happyinaknit.com\/produktas\/concept-by-katia-10-shiny-shades\/#breadcrumb"},"inLanguage":"en-US","potentialAction":[{"@type":"ReadAction","target":["https:\/\/happyinaknit.com\/produktas\/concept-by-katia-10-shiny-shades\/"]}]},{"@type":"ImageObject","inLanguage":"en-US","@id":"https:\/\/happyinaknit.com\/produktas\/concept-by-katia-10-shiny-shades\/#primaryimage","url":"https:\/\/happyinaknit.com\/wp-content\/uploads\/2025\/10\/IMG_9363.jpg","contentUrl":"https:\/\/happyinaknit.com\/wp-content\/uploads\/2025\/10\/IMG_9363.jpg","width":1320,"height":1209},{"@type":"BreadcrumbList","@id":"https:\/\/happyinaknit.com\/produktas\/concept-by-katia-10-shiny-shades\/#breadcrumb","itemListElement":[{"@type":"ListItem","position":1,"name":"Home","item":"https:\/\/happyinaknit.com\/lt\/"},{"@type":"ListItem","position":2,"name":"Parduotuv\u0117","item":"https:\/\/happyinaknit.com\/lt\/parduotuve\/"},{"@type":"ListItem","position":3,"name":"Concept by Katia 10 Shiny Shades"}]},{"@type":"WebSite","@id":"https:\/\/happyinaknit.com\/lt\/#website","url":"https:\/\/happyinaknit.com\/lt\/","name":"Happyinaknit.com","description":"","potentialAction":[{"@type":"SearchAction","target":{"@type":"EntryPoint","urlTemplate":"https:\/\/happyinaknit.com\/lt\/?s={search_term_string}"},"query-input":{"@type":"PropertyValueSpecification","valueRequired":true,"valueName":"search_term_string"}}],"inLanguage":"en-US"}]}},"_links":{"self":[{"href":"https:\/\/happyinaknit.com\/en\/wp-json\/wp\/v2\/product\/4621","targetHints":{"allow":["GET"]}}],"collection":[{"href":"https:\/\/happyinaknit.com\/en\/wp-json\/wp\/v2\/product"}],"about":[{"href":"https:\/\/happyinaknit.com\/en\/wp-json\/wp\/v2\/types\/product"}],"replies":[{"embeddable":true,"href":"https:\/\/happyinaknit.com\/en\/wp-json\/wp\/v2\/comments?post=4621"}],"wp:featuredmedia":[{"embeddable":true,"href":"https:\/\/happyinaknit.com\/en\/wp-json\/wp\/v2\/media\/4618"}],"wp:attachment":[{"href":"https:\/\/happyinaknit.com\/en\/wp-json\/wp\/v2\/media?parent=4621"}],"wp:term":[{"taxonomy":"product_brand","embeddable":true,"href":"https:\/\/happyinaknit.com\/en\/wp-json\/wp\/v2\/product_brand?post=4621"},{"taxonomy":"product_cat","embeddable":true,"href":"https:\/\/happyinaknit.com\/en\/wp-json\/wp\/v2\/product_cat?post=4621"},{"taxonomy":"product_tag","embeddable":true,"href":"https:\/\/happyinaknit.com\/en\/wp-json\/wp\/v2\/product_tag?post=4621"},{"taxonomy":"pro-kategorijos","embeddable":true,"href":"https:\/\/happyinaknit.com\/en\/wp-json\/wp\/v2\/pro-kategorijos?post=4621"}],"curies":[{"name":"wp","href":"https:\/\/api.w.org\/{rel}","templated":true}]}}