{"id":4511,"date":"2025-10-11T22:50:38","date_gmt":"2025-10-11T22:50:38","guid":{"rendered":"https:\/\/happyinaknit.com\/?post_type=product&#038;p=4511"},"modified":"2026-02-16T21:45:33","modified_gmt":"2026-02-16T21:45:33","slug":"rico-design-luxury-alpaca-superfine-aran","status":"publish","type":"product","link":"https:\/\/happyinaknit.com\/en\/product\/rico-design-luxury-alpaca-superfine-aran\/","title":{"rendered":"Rico Design Luxury Alpaca Superfine Aran"},"content":{"rendered":"<p data-start=\"0\" data-end=\"302\"><strong data-start=\"0\" data-end=\"44\">Rico Design Luxury Alpaca Superfine Aran<\/strong> \u2013 extremely soft and light yarn made from high-quality alpaca fiber. The loosely spun yarn gives the knitwear special softness and warmth, and the natural shades are perfect for creating cozy, elegant winter clothing and accessories.<\/p>\n<p data-start=\"304\" data-end=\"585\"><strong data-start=\"304\" data-end=\"316\">Composition:<\/strong> 63 % alpaca, 37 % polyamide<br data-start=\"345\" data-end=\"348\" \/><strong data-start=\"348\" data-end=\"367\" data-is-only-node=\"\">Weight\/Length:<\/strong> 50 g - 140 m<br data-start=\"380\" data-end=\"383\" \/><strong data-start=\"383\" data-end=\"411\">Recommended needles:<\/strong> 5.0-6.0mm<br data-start=\"422\" data-end=\"425\" \/><strong data-start=\"425\" data-end=\"438\">Density:<\/strong> 10 \u00d7 10 cm \u2013 18 stitches \u00d7 24 rows<br data-start=\"470\" data-end=\"473\" \/><strong data-start=\"473\" data-end=\"490\">Consumption:<\/strong> For a size M sweater \u2013 about 450 g<br data-start=\"523\" data-end=\"526\" \/><strong data-start=\"526\" data-end=\"540\">Care:<\/strong> wash by hand<br data-start=\"557\" data-end=\"560\" \/><strong data-start=\"560\" data-end=\"583\">Made in Italy<\/strong><\/p>\n<p data-start=\"587\" data-end=\"786\" data-is-last-node=\"\" data-is-only-node=\"\">Light, fluffy and extremely comfortable yarn - the perfect choice for a warm sweater, hat or scarf.<\/p>\n<p data-start=\"587\" data-end=\"786\" data-is-last-node=\"\" data-is-only-node=\"\"><br data-start=\"695\" data-end=\"698\" \/><strong data-start=\"698\" data-end=\"710\">Note:<\/strong> Color shades may vary slightly depending on your device&#039;s screen.<\/p>","protected":false},"excerpt":{"rendered":"<p>Rico Design Luxury Alpaca Superfine Aran \u2013 itin \u0161veln\u016bs ir lengvi si\u016blai, pagaminti i\u0161 auk\u0161tos kokyb\u0117s alpakos pluo\u0161to. Puriai suverptas si\u016blas suteikia mezginiui ypatingo mink\u0161tumo ir \u0161ilumos, o nat\u016bral\u016bs atspalviai puikiai tinka jaukiems, eleganti\u0161kiems \u017eiemos drabu\u017eiams bei aksesuarams kurti. Sud\u0117tis: 63 % alpaka, 37 % poliamidasSvoris \/ ilgis: 50 g &#8211; 140 mRekomenduojami virbalai: 5,0\u20136,0 [&hellip;]<\/p>\n","protected":false},"featured_media":4527,"comment_status":"open","ping_status":"closed","template":"","meta":{"_acf_changed":false},"product_brand":[68],"product_cat":[15,182,18],"product_tag":[33],"pro-kategorijos":[54],"class_list":{"0":"post-4511","1":"product","2":"type-product","3":"status-publish","4":"has-post-thumbnail","6":"product_brand-rico-design","7":"product_cat-visi-produktai","8":"product_cat-ispardavimas","9":"product_cat-siulai","10":"product_tag-ispardavimas","11":"pro-kategorijos-alpaka","13":"first","14":"instock","15":"sale","16":"shipping-taxable","17":"purchasable","18":"product-type-variable"},"acf":[],"yoast_head":"<!-- This site is optimized with the Yoast SEO plugin v26.8 - https:\/\/yoast.com\/product\/yoast-seo-wordpress\/ -->\n<title>Rico Design Luxury Alpaca Superfine Aran - Happyinaknit.com<\/title>\n<meta name=\"robots\" content=\"index, follow, max-snippet:-1, max-image-preview:large, max-video-preview:-1\" \/>\n<link rel=\"canonical\" href=\"https:\/\/happyinaknit.com\/en\/product\/rico-design-luxury-alpaca-superfine-aran\/\" \/>\n<meta property=\"og:locale\" content=\"en_US\" \/>\n<meta property=\"og:type\" content=\"article\" \/>\n<meta property=\"og:title\" content=\"Rico Design Luxury Alpaca Superfine Aran - Happyinaknit.com\" \/>\n<meta property=\"og:description\" content=\"Rico Design Luxury Alpaca Superfine Aran \u2013 itin \u0161veln\u016bs ir lengvi si\u016blai, pagaminti i\u0161 auk\u0161tos kokyb\u0117s alpakos pluo\u0161to. Puriai suverptas si\u016blas suteikia mezginiui ypatingo mink\u0161tumo ir \u0161ilumos, o nat\u016bral\u016bs atspalviai puikiai tinka jaukiems, eleganti\u0161kiems \u017eiemos drabu\u017eiams bei aksesuarams kurti. Sud\u0117tis: 63 % alpaka, 37 % poliamidasSvoris \/ ilgis: 50 g &#8211; 140 mRekomenduojami virbalai: 5,0\u20136,0 [&hellip;]\" \/>\n<meta property=\"og:url\" content=\"https:\/\/happyinaknit.com\/en\/product\/rico-design-luxury-alpaca-superfine-aran\/\" \/>\n<meta property=\"og:site_name\" content=\"Happyinaknit.com\" \/>\n<meta property=\"article:modified_time\" content=\"2026-02-16T21:45:33+00:00\" \/>\n<meta property=\"og:image\" content=\"https:\/\/happyinaknit.com\/wp-content\/uploads\/2025\/10\/IMG_9286.jpg\" \/>\n\t<meta property=\"og:image:width\" content=\"1320\" \/>\n\t<meta property=\"og:image:height\" content=\"1322\" \/>\n\t<meta property=\"og:image:type\" content=\"image\/jpeg\" \/>\n<meta name=\"twitter:card\" content=\"summary_large_image\" \/>\n<meta name=\"twitter:label1\" content=\"Est. reading time\" \/>\n\t<meta name=\"twitter:data1\" content=\"1 minute\" \/>\n<script type=\"application\/ld+json\" class=\"yoast-schema-graph\">{\"@context\":\"https:\/\/schema.org\",\"@graph\":[{\"@type\":\"WebPage\",\"@id\":\"https:\/\/happyinaknit.com\/produktas\/rico-design-luxury-alpaca-superfine-aran\/\",\"url\":\"https:\/\/happyinaknit.com\/produktas\/rico-design-luxury-alpaca-superfine-aran\/\",\"name\":\"Rico Design Luxury Alpaca Superfine Aran - Happyinaknit.com\",\"isPartOf\":{\"@id\":\"https:\/\/happyinaknit.com\/lt\/#website\"},\"primaryImageOfPage\":{\"@id\":\"https:\/\/happyinaknit.com\/produktas\/rico-design-luxury-alpaca-superfine-aran\/#primaryimage\"},\"image\":{\"@id\":\"https:\/\/happyinaknit.com\/produktas\/rico-design-luxury-alpaca-superfine-aran\/#primaryimage\"},\"thumbnailUrl\":\"https:\/\/happyinaknit.com\/wp-content\/uploads\/2025\/10\/IMG_9286.jpg\",\"datePublished\":\"2025-10-11T22:50:38+00:00\",\"dateModified\":\"2026-02-16T21:45:33+00:00\",\"breadcrumb\":{\"@id\":\"https:\/\/happyinaknit.com\/produktas\/rico-design-luxury-alpaca-superfine-aran\/#breadcrumb\"},\"inLanguage\":\"en-US\",\"potentialAction\":[{\"@type\":\"ReadAction\",\"target\":[\"https:\/\/happyinaknit.com\/produktas\/rico-design-luxury-alpaca-superfine-aran\/\"]}]},{\"@type\":\"ImageObject\",\"inLanguage\":\"en-US\",\"@id\":\"https:\/\/happyinaknit.com\/produktas\/rico-design-luxury-alpaca-superfine-aran\/#primaryimage\",\"url\":\"https:\/\/happyinaknit.com\/wp-content\/uploads\/2025\/10\/IMG_9286.jpg\",\"contentUrl\":\"https:\/\/happyinaknit.com\/wp-content\/uploads\/2025\/10\/IMG_9286.jpg\",\"width\":1320,\"height\":1322},{\"@type\":\"BreadcrumbList\",\"@id\":\"https:\/\/happyinaknit.com\/produktas\/rico-design-luxury-alpaca-superfine-aran\/#breadcrumb\",\"itemListElement\":[{\"@type\":\"ListItem\",\"position\":1,\"name\":\"Home\",\"item\":\"https:\/\/happyinaknit.com\/lt\/\"},{\"@type\":\"ListItem\",\"position\":2,\"name\":\"Parduotuv\u0117\",\"item\":\"https:\/\/happyinaknit.com\/lt\/parduotuve\/\"},{\"@type\":\"ListItem\",\"position\":3,\"name\":\"Rico Design Luxury Alpaca Superfine Aran\"}]},{\"@type\":\"WebSite\",\"@id\":\"https:\/\/happyinaknit.com\/lt\/#website\",\"url\":\"https:\/\/happyinaknit.com\/lt\/\",\"name\":\"Happyinaknit.com\",\"description\":\"\",\"potentialAction\":[{\"@type\":\"SearchAction\",\"target\":{\"@type\":\"EntryPoint\",\"urlTemplate\":\"https:\/\/happyinaknit.com\/lt\/?s={search_term_string}\"},\"query-input\":{\"@type\":\"PropertyValueSpecification\",\"valueRequired\":true,\"valueName\":\"search_term_string\"}}],\"inLanguage\":\"en-US\"}]}<\/script>\n<!-- \/ Yoast SEO plugin. -->","yoast_head_json":{"title":"Rico Design Luxury Alpaca Superfine Aran - Happyinaknit.com","robots":{"index":"index","follow":"follow","max-snippet":"max-snippet:-1","max-image-preview":"max-image-preview:large","max-video-preview":"max-video-preview:-1"},"canonical":"https:\/\/happyinaknit.com\/en\/product\/rico-design-luxury-alpaca-superfine-aran\/","og_locale":"en_US","og_type":"article","og_title":"Rico Design Luxury Alpaca Superfine Aran - Happyinaknit.com","og_description":"Rico Design Luxury Alpaca Superfine Aran \u2013 itin \u0161veln\u016bs ir lengvi si\u016blai, pagaminti i\u0161 auk\u0161tos kokyb\u0117s alpakos pluo\u0161to. Puriai suverptas si\u016blas suteikia mezginiui ypatingo mink\u0161tumo ir \u0161ilumos, o nat\u016bral\u016bs atspalviai puikiai tinka jaukiems, eleganti\u0161kiems \u017eiemos drabu\u017eiams bei aksesuarams kurti. Sud\u0117tis: 63 % alpaka, 37 % poliamidasSvoris \/ ilgis: 50 g &#8211; 140 mRekomenduojami virbalai: 5,0\u20136,0 [&hellip;]","og_url":"https:\/\/happyinaknit.com\/en\/product\/rico-design-luxury-alpaca-superfine-aran\/","og_site_name":"Happyinaknit.com","article_modified_time":"2026-02-16T21:45:33+00:00","og_image":[{"width":1320,"height":1322,"url":"https:\/\/happyinaknit.com\/wp-content\/uploads\/2025\/10\/IMG_9286.jpg","type":"image\/jpeg"}],"twitter_card":"summary_large_image","twitter_misc":{"Est. reading time":"1 minute"},"schema":{"@context":"https:\/\/schema.org","@graph":[{"@type":"WebPage","@id":"https:\/\/happyinaknit.com\/produktas\/rico-design-luxury-alpaca-superfine-aran\/","url":"https:\/\/happyinaknit.com\/produktas\/rico-design-luxury-alpaca-superfine-aran\/","name":"Rico Design Luxury Alpaca Superfine Aran - Happyinaknit.com","isPartOf":{"@id":"https:\/\/happyinaknit.com\/lt\/#website"},"primaryImageOfPage":{"@id":"https:\/\/happyinaknit.com\/produktas\/rico-design-luxury-alpaca-superfine-aran\/#primaryimage"},"image":{"@id":"https:\/\/happyinaknit.com\/produktas\/rico-design-luxury-alpaca-superfine-aran\/#primaryimage"},"thumbnailUrl":"https:\/\/happyinaknit.com\/wp-content\/uploads\/2025\/10\/IMG_9286.jpg","datePublished":"2025-10-11T22:50:38+00:00","dateModified":"2026-02-16T21:45:33+00:00","breadcrumb":{"@id":"https:\/\/happyinaknit.com\/produktas\/rico-design-luxury-alpaca-superfine-aran\/#breadcrumb"},"inLanguage":"en-US","potentialAction":[{"@type":"ReadAction","target":["https:\/\/happyinaknit.com\/produktas\/rico-design-luxury-alpaca-superfine-aran\/"]}]},{"@type":"ImageObject","inLanguage":"en-US","@id":"https:\/\/happyinaknit.com\/produktas\/rico-design-luxury-alpaca-superfine-aran\/#primaryimage","url":"https:\/\/happyinaknit.com\/wp-content\/uploads\/2025\/10\/IMG_9286.jpg","contentUrl":"https:\/\/happyinaknit.com\/wp-content\/uploads\/2025\/10\/IMG_9286.jpg","width":1320,"height":1322},{"@type":"BreadcrumbList","@id":"https:\/\/happyinaknit.com\/produktas\/rico-design-luxury-alpaca-superfine-aran\/#breadcrumb","itemListElement":[{"@type":"ListItem","position":1,"name":"Home","item":"https:\/\/happyinaknit.com\/lt\/"},{"@type":"ListItem","position":2,"name":"Parduotuv\u0117","item":"https:\/\/happyinaknit.com\/lt\/parduotuve\/"},{"@type":"ListItem","position":3,"name":"Rico Design Luxury Alpaca Superfine Aran"}]},{"@type":"WebSite","@id":"https:\/\/happyinaknit.com\/lt\/#website","url":"https:\/\/happyinaknit.com\/lt\/","name":"Happyinaknit.com","description":"","potentialAction":[{"@type":"SearchAction","target":{"@type":"EntryPoint","urlTemplate":"https:\/\/happyinaknit.com\/lt\/?s={search_term_string}"},"query-input":{"@type":"PropertyValueSpecification","valueRequired":true,"valueName":"search_term_string"}}],"inLanguage":"en-US"}]}},"_links":{"self":[{"href":"https:\/\/happyinaknit.com\/en\/wp-json\/wp\/v2\/product\/4511","targetHints":{"allow":["GET"]}}],"collection":[{"href":"https:\/\/happyinaknit.com\/en\/wp-json\/wp\/v2\/product"}],"about":[{"href":"https:\/\/happyinaknit.com\/en\/wp-json\/wp\/v2\/types\/product"}],"replies":[{"embeddable":true,"href":"https:\/\/happyinaknit.com\/en\/wp-json\/wp\/v2\/comments?post=4511"}],"wp:featuredmedia":[{"embeddable":true,"href":"https:\/\/happyinaknit.com\/en\/wp-json\/wp\/v2\/media\/4527"}],"wp:attachment":[{"href":"https:\/\/happyinaknit.com\/en\/wp-json\/wp\/v2\/media?parent=4511"}],"wp:term":[{"taxonomy":"product_brand","embeddable":true,"href":"https:\/\/happyinaknit.com\/en\/wp-json\/wp\/v2\/product_brand?post=4511"},{"taxonomy":"product_cat","embeddable":true,"href":"https:\/\/happyinaknit.com\/en\/wp-json\/wp\/v2\/product_cat?post=4511"},{"taxonomy":"product_tag","embeddable":true,"href":"https:\/\/happyinaknit.com\/en\/wp-json\/wp\/v2\/product_tag?post=4511"},{"taxonomy":"pro-kategorijos","embeddable":true,"href":"https:\/\/happyinaknit.com\/en\/wp-json\/wp\/v2\/pro-kategorijos?post=4511"}],"curies":[{"name":"wp","href":"https:\/\/api.w.org\/{rel}","templated":true}]}}