{"id":4509,"date":"2025-10-11T22:34:34","date_gmt":"2025-10-11T22:34:34","guid":{"rendered":"https:\/\/happyinaknit.com\/?post_type=product&#038;p=4509"},"modified":"2025-11-13T21:32:34","modified_gmt":"2025-11-13T21:32:34","slug":"rico-design-metallic-10-blue","status":"publish","type":"product","link":"https:\/\/happyinaknit.com\/en\/product\/rico-design-metallic-10-blue\/","title":{"rendered":"Rico Design Metallic #10 blue"},"content":{"rendered":"<p data-start=\"0\" data-end=\"367\"><strong data-start=\"0\" data-end=\"33\">Rico Design Metallic \u211610 Blue<\/strong> \u2013 decorative threads with a subtle metallic sheen, ideal for crocheting, embroidery or embellishing knitwear. Thanks to their fine texture and strength, they allow you to create elegant accents and add a festive glow to your needlework. Perfect for both fine lace and details in clothing or accessories.<\/p>\n<p data-start=\"369\" data-end=\"526\"><strong data-start=\"369\" data-end=\"381\">Composition:<\/strong> 60 % polyamide, 40 % polyester<br data-start=\"415\" data-end=\"418\" \/><strong data-start=\"418\" data-end=\"437\" data-is-only-node=\"\">Weight\/Length:<\/strong> 14 g - 40 m<br data-start=\"490\" data-end=\"493\" \/><strong data-start=\"493\" data-end=\"507\">Care:<\/strong> wash by hand<\/p>\n<p data-start=\"528\" data-end=\"686\" data-is-last-node=\"\" data-is-only-node=\"\">A great choice to add luxury and shine to your work.<\/p>\n<p data-start=\"528\" data-end=\"686\" data-is-last-node=\"\" data-is-only-node=\"\"><br data-start=\"595\" data-end=\"598\" \/><strong data-start=\"598\" data-end=\"610\">Note:<\/strong> Color shades may vary slightly depending on your device&#039;s screen.<\/p>","protected":false},"excerpt":{"rendered":"<p>Rico Design Metallic \u211610 Blue \u2013 dekoratyviniai si\u016blai su subtiliu metaliniu \u017evilgesiu, idealiai tinkantys n\u0117rimui, siuvin\u0117jimui ar mezgini\u0173 puo\u0161ybai. D\u0117l savo plonos tekst\u016bros ir tvirtumo jie leid\u017eia kurti eleganti\u0161kus akcentus bei prid\u0117ti \u0161venti\u0161ko spindesio j\u016bs\u0173 rankdarbiams. Puikiai tinka tiek smulkiems n\u0117riniams, tiek detal\u0117ms drabu\u017eiuose ar aksesuaruose. Sud\u0117tis: 60 % poliamidas, 40 % poliesterisSvoris \/ ilgis: [&hellip;]<\/p>\n","protected":false},"featured_media":4510,"comment_status":"open","ping_status":"closed","template":"","meta":{"_acf_changed":false},"product_brand":[68],"product_cat":[15,18,323],"product_tag":[],"pro-kategorijos":[81],"class_list":{"0":"post-4509","1":"product","2":"type-product","3":"status-publish","4":"has-post-thumbnail","6":"product_brand-rico-design","7":"product_cat-visi-produktai","8":"product_cat-siulai","9":"product_cat-siulai-su-lureksu-ir-zvyneliais","10":"pro-kategorijos-poliamidas-zvyneliai","12":"first","13":"instock","14":"shipping-taxable","15":"purchasable","16":"product-type-simple"},"acf":[],"yoast_head":"<!-- This site is optimized with the Yoast SEO plugin v26.8 - https:\/\/yoast.com\/product\/yoast-seo-wordpress\/ -->\n<title>Rico Design Metallic #10 blue - Happyinaknit.com<\/title>\n<meta name=\"robots\" content=\"index, follow, max-snippet:-1, max-image-preview:large, max-video-preview:-1\" \/>\n<link rel=\"canonical\" href=\"https:\/\/happyinaknit.com\/en\/product\/rico-design-metallic-10-blue\/\" \/>\n<meta property=\"og:locale\" content=\"en_US\" \/>\n<meta property=\"og:type\" content=\"article\" \/>\n<meta property=\"og:title\" content=\"Rico Design Metallic #10 blue - Happyinaknit.com\" \/>\n<meta property=\"og:description\" content=\"Rico Design Metallic \u211610 Blue \u2013 dekoratyviniai si\u016blai su subtiliu metaliniu \u017evilgesiu, idealiai tinkantys n\u0117rimui, siuvin\u0117jimui ar mezgini\u0173 puo\u0161ybai. D\u0117l savo plonos tekst\u016bros ir tvirtumo jie leid\u017eia kurti eleganti\u0161kus akcentus bei prid\u0117ti \u0161venti\u0161ko spindesio j\u016bs\u0173 rankdarbiams. Puikiai tinka tiek smulkiems n\u0117riniams, tiek detal\u0117ms drabu\u017eiuose ar aksesuaruose. Sud\u0117tis: 60 % poliamidas, 40 % poliesterisSvoris \/ ilgis: [&hellip;]\" \/>\n<meta property=\"og:url\" content=\"https:\/\/happyinaknit.com\/en\/product\/rico-design-metallic-10-blue\/\" \/>\n<meta property=\"og:site_name\" content=\"Happyinaknit.com\" \/>\n<meta property=\"article:modified_time\" content=\"2025-11-13T21:32:34+00:00\" \/>\n<meta property=\"og:image\" content=\"https:\/\/happyinaknit.com\/wp-content\/uploads\/2025\/10\/IMG_9283.jpg\" \/>\n\t<meta property=\"og:image:width\" content=\"1320\" \/>\n\t<meta property=\"og:image:height\" content=\"1186\" \/>\n\t<meta property=\"og:image:type\" content=\"image\/jpeg\" \/>\n<meta name=\"twitter:card\" content=\"summary_large_image\" \/>\n<script type=\"application\/ld+json\" class=\"yoast-schema-graph\">{\"@context\":\"https:\/\/schema.org\",\"@graph\":[{\"@type\":\"WebPage\",\"@id\":\"https:\/\/happyinaknit.com\/produktas\/rico-design-metallic-10-blue\/\",\"url\":\"https:\/\/happyinaknit.com\/produktas\/rico-design-metallic-10-blue\/\",\"name\":\"Rico Design Metallic #10 blue - Happyinaknit.com\",\"isPartOf\":{\"@id\":\"https:\/\/happyinaknit.com\/lt\/#website\"},\"primaryImageOfPage\":{\"@id\":\"https:\/\/happyinaknit.com\/produktas\/rico-design-metallic-10-blue\/#primaryimage\"},\"image\":{\"@id\":\"https:\/\/happyinaknit.com\/produktas\/rico-design-metallic-10-blue\/#primaryimage\"},\"thumbnailUrl\":\"https:\/\/happyinaknit.com\/wp-content\/uploads\/2025\/10\/IMG_9283.jpg\",\"datePublished\":\"2025-10-11T22:34:34+00:00\",\"dateModified\":\"2025-11-13T21:32:34+00:00\",\"breadcrumb\":{\"@id\":\"https:\/\/happyinaknit.com\/produktas\/rico-design-metallic-10-blue\/#breadcrumb\"},\"inLanguage\":\"en-US\",\"potentialAction\":[{\"@type\":\"ReadAction\",\"target\":[\"https:\/\/happyinaknit.com\/produktas\/rico-design-metallic-10-blue\/\"]}]},{\"@type\":\"ImageObject\",\"inLanguage\":\"en-US\",\"@id\":\"https:\/\/happyinaknit.com\/produktas\/rico-design-metallic-10-blue\/#primaryimage\",\"url\":\"https:\/\/happyinaknit.com\/wp-content\/uploads\/2025\/10\/IMG_9283.jpg\",\"contentUrl\":\"https:\/\/happyinaknit.com\/wp-content\/uploads\/2025\/10\/IMG_9283.jpg\",\"width\":1320,\"height\":1186},{\"@type\":\"BreadcrumbList\",\"@id\":\"https:\/\/happyinaknit.com\/produktas\/rico-design-metallic-10-blue\/#breadcrumb\",\"itemListElement\":[{\"@type\":\"ListItem\",\"position\":1,\"name\":\"Home\",\"item\":\"https:\/\/happyinaknit.com\/lt\/\"},{\"@type\":\"ListItem\",\"position\":2,\"name\":\"Parduotuv\u0117\",\"item\":\"https:\/\/happyinaknit.com\/lt\/parduotuve\/\"},{\"@type\":\"ListItem\",\"position\":3,\"name\":\"Rico Design Metallic #10 blue\"}]},{\"@type\":\"WebSite\",\"@id\":\"https:\/\/happyinaknit.com\/lt\/#website\",\"url\":\"https:\/\/happyinaknit.com\/lt\/\",\"name\":\"Happyinaknit.com\",\"description\":\"\",\"potentialAction\":[{\"@type\":\"SearchAction\",\"target\":{\"@type\":\"EntryPoint\",\"urlTemplate\":\"https:\/\/happyinaknit.com\/lt\/?s={search_term_string}\"},\"query-input\":{\"@type\":\"PropertyValueSpecification\",\"valueRequired\":true,\"valueName\":\"search_term_string\"}}],\"inLanguage\":\"en-US\"}]}<\/script>\n<!-- \/ Yoast SEO plugin. -->","yoast_head_json":{"title":"Rico Design Metallic #10 blue - Happyinaknit.com","robots":{"index":"index","follow":"follow","max-snippet":"max-snippet:-1","max-image-preview":"max-image-preview:large","max-video-preview":"max-video-preview:-1"},"canonical":"https:\/\/happyinaknit.com\/en\/product\/rico-design-metallic-10-blue\/","og_locale":"en_US","og_type":"article","og_title":"Rico Design Metallic #10 blue - Happyinaknit.com","og_description":"Rico Design Metallic \u211610 Blue \u2013 dekoratyviniai si\u016blai su subtiliu metaliniu \u017evilgesiu, idealiai tinkantys n\u0117rimui, siuvin\u0117jimui ar mezgini\u0173 puo\u0161ybai. D\u0117l savo plonos tekst\u016bros ir tvirtumo jie leid\u017eia kurti eleganti\u0161kus akcentus bei prid\u0117ti \u0161venti\u0161ko spindesio j\u016bs\u0173 rankdarbiams. Puikiai tinka tiek smulkiems n\u0117riniams, tiek detal\u0117ms drabu\u017eiuose ar aksesuaruose. Sud\u0117tis: 60 % poliamidas, 40 % poliesterisSvoris \/ ilgis: [&hellip;]","og_url":"https:\/\/happyinaknit.com\/en\/product\/rico-design-metallic-10-blue\/","og_site_name":"Happyinaknit.com","article_modified_time":"2025-11-13T21:32:34+00:00","og_image":[{"width":1320,"height":1186,"url":"https:\/\/happyinaknit.com\/wp-content\/uploads\/2025\/10\/IMG_9283.jpg","type":"image\/jpeg"}],"twitter_card":"summary_large_image","schema":{"@context":"https:\/\/schema.org","@graph":[{"@type":"WebPage","@id":"https:\/\/happyinaknit.com\/produktas\/rico-design-metallic-10-blue\/","url":"https:\/\/happyinaknit.com\/produktas\/rico-design-metallic-10-blue\/","name":"Rico Design Metallic #10 blue - Happyinaknit.com","isPartOf":{"@id":"https:\/\/happyinaknit.com\/lt\/#website"},"primaryImageOfPage":{"@id":"https:\/\/happyinaknit.com\/produktas\/rico-design-metallic-10-blue\/#primaryimage"},"image":{"@id":"https:\/\/happyinaknit.com\/produktas\/rico-design-metallic-10-blue\/#primaryimage"},"thumbnailUrl":"https:\/\/happyinaknit.com\/wp-content\/uploads\/2025\/10\/IMG_9283.jpg","datePublished":"2025-10-11T22:34:34+00:00","dateModified":"2025-11-13T21:32:34+00:00","breadcrumb":{"@id":"https:\/\/happyinaknit.com\/produktas\/rico-design-metallic-10-blue\/#breadcrumb"},"inLanguage":"en-US","potentialAction":[{"@type":"ReadAction","target":["https:\/\/happyinaknit.com\/produktas\/rico-design-metallic-10-blue\/"]}]},{"@type":"ImageObject","inLanguage":"en-US","@id":"https:\/\/happyinaknit.com\/produktas\/rico-design-metallic-10-blue\/#primaryimage","url":"https:\/\/happyinaknit.com\/wp-content\/uploads\/2025\/10\/IMG_9283.jpg","contentUrl":"https:\/\/happyinaknit.com\/wp-content\/uploads\/2025\/10\/IMG_9283.jpg","width":1320,"height":1186},{"@type":"BreadcrumbList","@id":"https:\/\/happyinaknit.com\/produktas\/rico-design-metallic-10-blue\/#breadcrumb","itemListElement":[{"@type":"ListItem","position":1,"name":"Home","item":"https:\/\/happyinaknit.com\/lt\/"},{"@type":"ListItem","position":2,"name":"Parduotuv\u0117","item":"https:\/\/happyinaknit.com\/lt\/parduotuve\/"},{"@type":"ListItem","position":3,"name":"Rico Design Metallic #10 blue"}]},{"@type":"WebSite","@id":"https:\/\/happyinaknit.com\/lt\/#website","url":"https:\/\/happyinaknit.com\/lt\/","name":"Happyinaknit.com","description":"","potentialAction":[{"@type":"SearchAction","target":{"@type":"EntryPoint","urlTemplate":"https:\/\/happyinaknit.com\/lt\/?s={search_term_string}"},"query-input":{"@type":"PropertyValueSpecification","valueRequired":true,"valueName":"search_term_string"}}],"inLanguage":"en-US"}]}},"_links":{"self":[{"href":"https:\/\/happyinaknit.com\/en\/wp-json\/wp\/v2\/product\/4509","targetHints":{"allow":["GET"]}}],"collection":[{"href":"https:\/\/happyinaknit.com\/en\/wp-json\/wp\/v2\/product"}],"about":[{"href":"https:\/\/happyinaknit.com\/en\/wp-json\/wp\/v2\/types\/product"}],"replies":[{"embeddable":true,"href":"https:\/\/happyinaknit.com\/en\/wp-json\/wp\/v2\/comments?post=4509"}],"wp:featuredmedia":[{"embeddable":true,"href":"https:\/\/happyinaknit.com\/en\/wp-json\/wp\/v2\/media\/4510"}],"wp:attachment":[{"href":"https:\/\/happyinaknit.com\/en\/wp-json\/wp\/v2\/media?parent=4509"}],"wp:term":[{"taxonomy":"product_brand","embeddable":true,"href":"https:\/\/happyinaknit.com\/en\/wp-json\/wp\/v2\/product_brand?post=4509"},{"taxonomy":"product_cat","embeddable":true,"href":"https:\/\/happyinaknit.com\/en\/wp-json\/wp\/v2\/product_cat?post=4509"},{"taxonomy":"product_tag","embeddable":true,"href":"https:\/\/happyinaknit.com\/en\/wp-json\/wp\/v2\/product_tag?post=4509"},{"taxonomy":"pro-kategorijos","embeddable":true,"href":"https:\/\/happyinaknit.com\/en\/wp-json\/wp\/v2\/pro-kategorijos?post=4509"}],"curies":[{"name":"wp","href":"https:\/\/api.w.org\/{rel}","templated":true}]}}