{"id":4488,"date":"2025-10-11T21:34:29","date_gmt":"2025-10-11T21:34:29","guid":{"rendered":"https:\/\/happyinaknit.com\/?post_type=product&#038;p=4488"},"modified":"2025-11-13T21:31:50","modified_gmt":"2025-11-13T21:31:50","slug":"rico-design-creative-make-it-glitter","status":"publish","type":"product","link":"https:\/\/happyinaknit.com\/en\/product\/rico-design-creative-make-it-glitter\/","title":{"rendered":"Rico Design Creative Make It Glitter"},"content":{"rendered":"<p data-start=\"0\" data-end=\"254\"><strong data-start=\"0\" data-end=\"40\">Rico Design Creative Make It Glitter<\/strong> \u2013 decorative additional threads that add shine and color to your knits. Just knit these shiny threads together with the main ones, and your work will take on a subtle glow of fashionable rainbow shades.<\/p>\n<p data-start=\"256\" data-end=\"386\"><strong data-start=\"256\" data-end=\"268\">Composition:<\/strong> 80 % viscose, 20 % polyester<br data-start=\"299\" data-end=\"302\" \/><strong data-start=\"302\" data-end=\"321\" data-is-only-node=\"\">Weight\/Length:<\/strong> 25 g - 100 m<br data-start=\"334\" data-end=\"337\" \/><strong data-start=\"337\" data-end=\"351\">Care:<\/strong> wash on gentle cycle up to 30 \u00b0C<\/p>\n<p data-start=\"388\" data-end=\"614\" data-is-last-node=\"\" data-is-only-node=\"\">A great choice for those who want to add a glowing accent to their knitwear - suitable for sweaters, scarves, hats and accessories.<\/p>\n<p data-start=\"388\" data-end=\"614\" data-is-last-node=\"\" data-is-only-node=\"\"><br data-start=\"523\" data-end=\"526\" \/><strong data-start=\"526\" data-end=\"538\">Note:<\/strong> Color shades may vary slightly depending on your device&#039;s screen.<\/p>","protected":false},"excerpt":{"rendered":"<p>Rico Design Creative Make It Glitter \u2013 dekoratyviniai papildomi si\u016blai, suteikiantys mezginiams \u017evilgesio ir spalv\u0173. Tereikia \u0161iuos blizgius si\u016blus megzti kartu su pagrindiniais, ir j\u016bs\u0173 darbas \u012fgaus subtil\u0173 spindes\u012f mading\u0173 vaivoryk\u0161t\u0117s atspalvi\u0173. Sud\u0117tis: 80 % viskoz\u0117, 20 % poliesterisSvoris \/ ilgis: 25 g &#8211; 100 mPrie\u017ei\u016bra: skalbti \u0161velniu re\u017eimu iki 30 \u00b0C Puikus pasirinkimas tiems, [&hellip;]<\/p>\n","protected":false},"featured_media":4491,"comment_status":"open","ping_status":"closed","template":"","meta":{"_acf_changed":false},"product_brand":[68],"product_cat":[15,18,323],"product_tag":[],"pro-kategorijos":[78],"class_list":{"0":"post-4488","1":"product","2":"type-product","3":"status-publish","4":"has-post-thumbnail","6":"product_brand-rico-design","7":"product_cat-visi-produktai","8":"product_cat-siulai","9":"product_cat-siulai-su-lureksu-ir-zvyneliais","10":"pro-kategorijos-viskoze","12":"first","13":"instock","14":"shipping-taxable","15":"purchasable","16":"product-type-variable"},"acf":[],"yoast_head":"<!-- This site is optimized with the Yoast SEO plugin v26.8 - https:\/\/yoast.com\/product\/yoast-seo-wordpress\/ -->\n<title>Rico Design Creative Make It Glitter - Happyinaknit.com<\/title>\n<meta name=\"robots\" content=\"index, follow, max-snippet:-1, max-image-preview:large, max-video-preview:-1\" \/>\n<link rel=\"canonical\" href=\"https:\/\/happyinaknit.com\/en\/product\/rico-design-creative-make-it-glitter\/\" \/>\n<meta property=\"og:locale\" content=\"en_US\" \/>\n<meta property=\"og:type\" content=\"article\" \/>\n<meta property=\"og:title\" content=\"Rico Design Creative Make It Glitter - Happyinaknit.com\" \/>\n<meta property=\"og:description\" content=\"Rico Design Creative Make It Glitter \u2013 dekoratyviniai papildomi si\u016blai, suteikiantys mezginiams \u017evilgesio ir spalv\u0173. Tereikia \u0161iuos blizgius si\u016blus megzti kartu su pagrindiniais, ir j\u016bs\u0173 darbas \u012fgaus subtil\u0173 spindes\u012f mading\u0173 vaivoryk\u0161t\u0117s atspalvi\u0173. Sud\u0117tis: 80 % viskoz\u0117, 20 % poliesterisSvoris \/ ilgis: 25 g &#8211; 100 mPrie\u017ei\u016bra: skalbti \u0161velniu re\u017eimu iki 30 \u00b0C Puikus pasirinkimas tiems, [&hellip;]\" \/>\n<meta property=\"og:url\" content=\"https:\/\/happyinaknit.com\/en\/product\/rico-design-creative-make-it-glitter\/\" \/>\n<meta property=\"og:site_name\" content=\"Happyinaknit.com\" \/>\n<meta property=\"article:modified_time\" content=\"2025-11-13T21:31:50+00:00\" \/>\n<meta property=\"og:image\" content=\"https:\/\/happyinaknit.com\/wp-content\/uploads\/2025\/10\/IMG_9274.jpg\" \/>\n\t<meta property=\"og:image:width\" content=\"1320\" \/>\n\t<meta property=\"og:image:height\" content=\"1631\" \/>\n\t<meta property=\"og:image:type\" content=\"image\/jpeg\" \/>\n<meta name=\"twitter:card\" content=\"summary_large_image\" \/>\n<script type=\"application\/ld+json\" class=\"yoast-schema-graph\">{\"@context\":\"https:\/\/schema.org\",\"@graph\":[{\"@type\":\"WebPage\",\"@id\":\"https:\/\/happyinaknit.com\/produktas\/rico-design-creative-make-it-glitter\/\",\"url\":\"https:\/\/happyinaknit.com\/produktas\/rico-design-creative-make-it-glitter\/\",\"name\":\"Rico Design Creative Make It Glitter - Happyinaknit.com\",\"isPartOf\":{\"@id\":\"https:\/\/happyinaknit.com\/lt\/#website\"},\"primaryImageOfPage\":{\"@id\":\"https:\/\/happyinaknit.com\/produktas\/rico-design-creative-make-it-glitter\/#primaryimage\"},\"image\":{\"@id\":\"https:\/\/happyinaknit.com\/produktas\/rico-design-creative-make-it-glitter\/#primaryimage\"},\"thumbnailUrl\":\"https:\/\/happyinaknit.com\/wp-content\/uploads\/2025\/10\/IMG_9274.jpg\",\"datePublished\":\"2025-10-11T21:34:29+00:00\",\"dateModified\":\"2025-11-13T21:31:50+00:00\",\"breadcrumb\":{\"@id\":\"https:\/\/happyinaknit.com\/produktas\/rico-design-creative-make-it-glitter\/#breadcrumb\"},\"inLanguage\":\"en-US\",\"potentialAction\":[{\"@type\":\"ReadAction\",\"target\":[\"https:\/\/happyinaknit.com\/produktas\/rico-design-creative-make-it-glitter\/\"]}]},{\"@type\":\"ImageObject\",\"inLanguage\":\"en-US\",\"@id\":\"https:\/\/happyinaknit.com\/produktas\/rico-design-creative-make-it-glitter\/#primaryimage\",\"url\":\"https:\/\/happyinaknit.com\/wp-content\/uploads\/2025\/10\/IMG_9274.jpg\",\"contentUrl\":\"https:\/\/happyinaknit.com\/wp-content\/uploads\/2025\/10\/IMG_9274.jpg\",\"width\":1320,\"height\":1631},{\"@type\":\"BreadcrumbList\",\"@id\":\"https:\/\/happyinaknit.com\/produktas\/rico-design-creative-make-it-glitter\/#breadcrumb\",\"itemListElement\":[{\"@type\":\"ListItem\",\"position\":1,\"name\":\"Home\",\"item\":\"https:\/\/happyinaknit.com\/lt\/\"},{\"@type\":\"ListItem\",\"position\":2,\"name\":\"Parduotuv\u0117\",\"item\":\"https:\/\/happyinaknit.com\/lt\/parduotuve\/\"},{\"@type\":\"ListItem\",\"position\":3,\"name\":\"Rico Design Creative Make It Glitter\"}]},{\"@type\":\"WebSite\",\"@id\":\"https:\/\/happyinaknit.com\/lt\/#website\",\"url\":\"https:\/\/happyinaknit.com\/lt\/\",\"name\":\"Happyinaknit.com\",\"description\":\"\",\"potentialAction\":[{\"@type\":\"SearchAction\",\"target\":{\"@type\":\"EntryPoint\",\"urlTemplate\":\"https:\/\/happyinaknit.com\/lt\/?s={search_term_string}\"},\"query-input\":{\"@type\":\"PropertyValueSpecification\",\"valueRequired\":true,\"valueName\":\"search_term_string\"}}],\"inLanguage\":\"en-US\"}]}<\/script>\n<!-- \/ Yoast SEO plugin. -->","yoast_head_json":{"title":"Rico Design Creative Make It Glitter - Happyinaknit.com","robots":{"index":"index","follow":"follow","max-snippet":"max-snippet:-1","max-image-preview":"max-image-preview:large","max-video-preview":"max-video-preview:-1"},"canonical":"https:\/\/happyinaknit.com\/en\/product\/rico-design-creative-make-it-glitter\/","og_locale":"en_US","og_type":"article","og_title":"Rico Design Creative Make It Glitter - Happyinaknit.com","og_description":"Rico Design Creative Make It Glitter \u2013 dekoratyviniai papildomi si\u016blai, suteikiantys mezginiams \u017evilgesio ir spalv\u0173. Tereikia \u0161iuos blizgius si\u016blus megzti kartu su pagrindiniais, ir j\u016bs\u0173 darbas \u012fgaus subtil\u0173 spindes\u012f mading\u0173 vaivoryk\u0161t\u0117s atspalvi\u0173. Sud\u0117tis: 80 % viskoz\u0117, 20 % poliesterisSvoris \/ ilgis: 25 g &#8211; 100 mPrie\u017ei\u016bra: skalbti \u0161velniu re\u017eimu iki 30 \u00b0C Puikus pasirinkimas tiems, [&hellip;]","og_url":"https:\/\/happyinaknit.com\/en\/product\/rico-design-creative-make-it-glitter\/","og_site_name":"Happyinaknit.com","article_modified_time":"2025-11-13T21:31:50+00:00","og_image":[{"width":1320,"height":1631,"url":"https:\/\/happyinaknit.com\/wp-content\/uploads\/2025\/10\/IMG_9274.jpg","type":"image\/jpeg"}],"twitter_card":"summary_large_image","schema":{"@context":"https:\/\/schema.org","@graph":[{"@type":"WebPage","@id":"https:\/\/happyinaknit.com\/produktas\/rico-design-creative-make-it-glitter\/","url":"https:\/\/happyinaknit.com\/produktas\/rico-design-creative-make-it-glitter\/","name":"Rico Design Creative Make It Glitter - Happyinaknit.com","isPartOf":{"@id":"https:\/\/happyinaknit.com\/lt\/#website"},"primaryImageOfPage":{"@id":"https:\/\/happyinaknit.com\/produktas\/rico-design-creative-make-it-glitter\/#primaryimage"},"image":{"@id":"https:\/\/happyinaknit.com\/produktas\/rico-design-creative-make-it-glitter\/#primaryimage"},"thumbnailUrl":"https:\/\/happyinaknit.com\/wp-content\/uploads\/2025\/10\/IMG_9274.jpg","datePublished":"2025-10-11T21:34:29+00:00","dateModified":"2025-11-13T21:31:50+00:00","breadcrumb":{"@id":"https:\/\/happyinaknit.com\/produktas\/rico-design-creative-make-it-glitter\/#breadcrumb"},"inLanguage":"en-US","potentialAction":[{"@type":"ReadAction","target":["https:\/\/happyinaknit.com\/produktas\/rico-design-creative-make-it-glitter\/"]}]},{"@type":"ImageObject","inLanguage":"en-US","@id":"https:\/\/happyinaknit.com\/produktas\/rico-design-creative-make-it-glitter\/#primaryimage","url":"https:\/\/happyinaknit.com\/wp-content\/uploads\/2025\/10\/IMG_9274.jpg","contentUrl":"https:\/\/happyinaknit.com\/wp-content\/uploads\/2025\/10\/IMG_9274.jpg","width":1320,"height":1631},{"@type":"BreadcrumbList","@id":"https:\/\/happyinaknit.com\/produktas\/rico-design-creative-make-it-glitter\/#breadcrumb","itemListElement":[{"@type":"ListItem","position":1,"name":"Home","item":"https:\/\/happyinaknit.com\/lt\/"},{"@type":"ListItem","position":2,"name":"Parduotuv\u0117","item":"https:\/\/happyinaknit.com\/lt\/parduotuve\/"},{"@type":"ListItem","position":3,"name":"Rico Design Creative Make It Glitter"}]},{"@type":"WebSite","@id":"https:\/\/happyinaknit.com\/lt\/#website","url":"https:\/\/happyinaknit.com\/lt\/","name":"Happyinaknit.com","description":"","potentialAction":[{"@type":"SearchAction","target":{"@type":"EntryPoint","urlTemplate":"https:\/\/happyinaknit.com\/lt\/?s={search_term_string}"},"query-input":{"@type":"PropertyValueSpecification","valueRequired":true,"valueName":"search_term_string"}}],"inLanguage":"en-US"}]}},"_links":{"self":[{"href":"https:\/\/happyinaknit.com\/en\/wp-json\/wp\/v2\/product\/4488","targetHints":{"allow":["GET"]}}],"collection":[{"href":"https:\/\/happyinaknit.com\/en\/wp-json\/wp\/v2\/product"}],"about":[{"href":"https:\/\/happyinaknit.com\/en\/wp-json\/wp\/v2\/types\/product"}],"replies":[{"embeddable":true,"href":"https:\/\/happyinaknit.com\/en\/wp-json\/wp\/v2\/comments?post=4488"}],"wp:featuredmedia":[{"embeddable":true,"href":"https:\/\/happyinaknit.com\/en\/wp-json\/wp\/v2\/media\/4491"}],"wp:attachment":[{"href":"https:\/\/happyinaknit.com\/en\/wp-json\/wp\/v2\/media?parent=4488"}],"wp:term":[{"taxonomy":"product_brand","embeddable":true,"href":"https:\/\/happyinaknit.com\/en\/wp-json\/wp\/v2\/product_brand?post=4488"},{"taxonomy":"product_cat","embeddable":true,"href":"https:\/\/happyinaknit.com\/en\/wp-json\/wp\/v2\/product_cat?post=4488"},{"taxonomy":"product_tag","embeddable":true,"href":"https:\/\/happyinaknit.com\/en\/wp-json\/wp\/v2\/product_tag?post=4488"},{"taxonomy":"pro-kategorijos","embeddable":true,"href":"https:\/\/happyinaknit.com\/en\/wp-json\/wp\/v2\/pro-kategorijos?post=4488"}],"curies":[{"name":"wp","href":"https:\/\/api.w.org\/{rel}","templated":true}]}}