{"id":4481,"date":"2025-10-11T21:09:08","date_gmt":"2025-10-11T21:09:08","guid":{"rendered":"https:\/\/happyinaknit.com\/?post_type=product&#038;p=4481"},"modified":"2025-11-13T21:31:05","modified_gmt":"2025-11-13T21:31:05","slug":"rico-design-luxury-super-100-superfine-wool-dk","status":"publish","type":"product","link":"https:\/\/happyinaknit.com\/en\/product\/rico-design-luxury-super-100-superfine-wool-dk\/","title":{"rendered":"Rico Design Luxury Super 100 Superfine Wool DK"},"content":{"rendered":"<p data-start=\"0\" data-end=\"408\"><strong data-start=\"0\" data-end=\"50\">Rico Design Luxury Super 100 Superfine Wool dk<\/strong> \u2013 the highest quality yarn made from ultra-fine Australian merino wool, renowned for its exceptional softness and durability. The \u201cSuper 100\u201d marking means that 100 meters of this wool fiber weighs just 1 gram \u2013 the thinner the fiber, the higher the quality. The thickness of the yarn is only <strong data-start=\"341\" data-end=\"357\">18.5 microns<\/strong>, which is why it is classified as &quot;superfine&quot;.<\/p>\n<p data-start=\"410\" data-end=\"648\">These yarns are soft against the skin, with a cashmere-like feel. They create a very even surface when knitted, and after washing, the products become even softer and more beautiful. They are a great choice for long-lasting, high-quality garments.<\/p>\n<p data-start=\"650\" data-end=\"897\"><strong data-start=\"650\" data-end=\"662\">Composition:<\/strong> 100 % merino wool<br data-start=\"681\" data-end=\"684\" \/><strong data-start=\"684\" data-end=\"703\">Weight\/Length:<\/strong> 50 g - 165 m<br data-start=\"716\" data-end=\"719\" data-is-only-node=\"\" \/><strong data-start=\"719\" data-end=\"737\">Needle size:<\/strong> 4.0mm<br data-start=\"744\" data-end=\"747\" \/><strong data-start=\"747\" data-end=\"760\">Density:<\/strong> 10 \u00d7 10 cm \u2013 21 stitches \u00d7 28 rows<br data-start=\"792\" data-end=\"795\" \/><strong data-start=\"795\" data-end=\"812\">Consumption:<\/strong> For a size 40 sweater \u2013 about 500 g<br data-start=\"846\" data-end=\"849\" \/><strong data-start=\"849\" data-end=\"863\">Care:<\/strong> wash on wool cycle up to 30 \u00b0C<\/p>\n<p data-start=\"899\" data-end=\"1128\" data-is-last-node=\"\" data-is-only-node=\"\">The yarn is exceptionally soft and suitable for both everyday and luxurious knitwear - sweaters, cardigans, scarves or hats.<br data-start=\"1037\" data-end=\"1040\" \/><strong data-start=\"1040\" data-end=\"1052\">Note:<\/strong> Color shades may vary slightly depending on your device&#039;s screen.<\/p>","protected":false},"excerpt":{"rendered":"<p>Rico Design Luxury Super 100 Superfine Wool dk \u2013 auk\u0161\u010diausios kokyb\u0117s si\u016blai, pagaminti i\u0161 itin plonos Australijos merino vilnos, gars\u0117jan\u010dios savo ypatingu \u0161velnumu ir ilgaam\u017ei\u0161kumu. \u017dym\u0117jimas \u201eSuper 100\u201c rei\u0161kia, kad 100 metr\u0173 \u0161ios vilnos pluo\u0161to sveria vos 1 gram\u0105 \u2013 kuo plonesnis pluo\u0161tas, tuo auk\u0161tesn\u0117 kokyb\u0117. Si\u016blo storis yra tik 18,5 mikrono, tod\u0117l jis priskiriamas [&hellip;]<\/p>\n","protected":false},"featured_media":4478,"comment_status":"open","ping_status":"closed","template":"","meta":{"_acf_changed":false},"product_brand":[68],"product_cat":[15,182,18],"product_tag":[33],"pro-kategorijos":[71],"class_list":{"0":"post-4481","1":"product","2":"type-product","3":"status-publish","4":"has-post-thumbnail","6":"product_brand-rico-design","7":"product_cat-visi-produktai","8":"product_cat-ispardavimas","9":"product_cat-siulai","10":"product_tag-ispardavimas","11":"pro-kategorijos-merino-vilna","13":"first","14":"instock","15":"sale","16":"shipping-taxable","17":"purchasable","18":"product-type-variable"},"acf":[],"yoast_head":"<!-- This site is optimized with the Yoast SEO plugin v26.8 - https:\/\/yoast.com\/product\/yoast-seo-wordpress\/ -->\n<title>Rico Design Luxury Super 100 Superfine Wool DK - Happyinaknit.com<\/title>\n<meta name=\"robots\" content=\"index, follow, max-snippet:-1, max-image-preview:large, max-video-preview:-1\" \/>\n<link rel=\"canonical\" href=\"https:\/\/happyinaknit.com\/en\/product\/rico-design-luxury-super-100-superfine-wool-dk\/\" \/>\n<meta property=\"og:locale\" content=\"en_US\" \/>\n<meta property=\"og:type\" content=\"article\" \/>\n<meta property=\"og:title\" content=\"Rico Design Luxury Super 100 Superfine Wool DK - Happyinaknit.com\" \/>\n<meta property=\"og:description\" content=\"Rico Design Luxury Super 100 Superfine Wool dk \u2013 auk\u0161\u010diausios kokyb\u0117s si\u016blai, pagaminti i\u0161 itin plonos Australijos merino vilnos, gars\u0117jan\u010dios savo ypatingu \u0161velnumu ir ilgaam\u017ei\u0161kumu. \u017dym\u0117jimas \u201eSuper 100\u201c rei\u0161kia, kad 100 metr\u0173 \u0161ios vilnos pluo\u0161to sveria vos 1 gram\u0105 \u2013 kuo plonesnis pluo\u0161tas, tuo auk\u0161tesn\u0117 kokyb\u0117. Si\u016blo storis yra tik 18,5 mikrono, tod\u0117l jis priskiriamas [&hellip;]\" \/>\n<meta property=\"og:url\" content=\"https:\/\/happyinaknit.com\/en\/product\/rico-design-luxury-super-100-superfine-wool-dk\/\" \/>\n<meta property=\"og:site_name\" content=\"Happyinaknit.com\" \/>\n<meta property=\"article:modified_time\" content=\"2025-11-13T21:31:05+00:00\" \/>\n<meta property=\"og:image\" content=\"https:\/\/happyinaknit.com\/wp-content\/uploads\/2025\/10\/IMG_9263.jpg\" \/>\n\t<meta property=\"og:image:width\" content=\"1320\" \/>\n\t<meta property=\"og:image:height\" content=\"1740\" \/>\n\t<meta property=\"og:image:type\" content=\"image\/jpeg\" \/>\n<meta name=\"twitter:card\" content=\"summary_large_image\" \/>\n<meta name=\"twitter:label1\" content=\"Est. reading time\" \/>\n\t<meta name=\"twitter:data1\" content=\"1 minute\" \/>\n<script type=\"application\/ld+json\" class=\"yoast-schema-graph\">{\"@context\":\"https:\/\/schema.org\",\"@graph\":[{\"@type\":\"WebPage\",\"@id\":\"https:\/\/happyinaknit.com\/produktas\/rico-design-luxury-super-100-superfine-wool-dk\/\",\"url\":\"https:\/\/happyinaknit.com\/produktas\/rico-design-luxury-super-100-superfine-wool-dk\/\",\"name\":\"Rico Design Luxury Super 100 Superfine Wool DK - Happyinaknit.com\",\"isPartOf\":{\"@id\":\"https:\/\/happyinaknit.com\/lt\/#website\"},\"primaryImageOfPage\":{\"@id\":\"https:\/\/happyinaknit.com\/produktas\/rico-design-luxury-super-100-superfine-wool-dk\/#primaryimage\"},\"image\":{\"@id\":\"https:\/\/happyinaknit.com\/produktas\/rico-design-luxury-super-100-superfine-wool-dk\/#primaryimage\"},\"thumbnailUrl\":\"https:\/\/happyinaknit.com\/wp-content\/uploads\/2025\/10\/IMG_9263.jpg\",\"datePublished\":\"2025-10-11T21:09:08+00:00\",\"dateModified\":\"2025-11-13T21:31:05+00:00\",\"breadcrumb\":{\"@id\":\"https:\/\/happyinaknit.com\/produktas\/rico-design-luxury-super-100-superfine-wool-dk\/#breadcrumb\"},\"inLanguage\":\"en-US\",\"potentialAction\":[{\"@type\":\"ReadAction\",\"target\":[\"https:\/\/happyinaknit.com\/produktas\/rico-design-luxury-super-100-superfine-wool-dk\/\"]}]},{\"@type\":\"ImageObject\",\"inLanguage\":\"en-US\",\"@id\":\"https:\/\/happyinaknit.com\/produktas\/rico-design-luxury-super-100-superfine-wool-dk\/#primaryimage\",\"url\":\"https:\/\/happyinaknit.com\/wp-content\/uploads\/2025\/10\/IMG_9263.jpg\",\"contentUrl\":\"https:\/\/happyinaknit.com\/wp-content\/uploads\/2025\/10\/IMG_9263.jpg\",\"width\":1320,\"height\":1740},{\"@type\":\"BreadcrumbList\",\"@id\":\"https:\/\/happyinaknit.com\/produktas\/rico-design-luxury-super-100-superfine-wool-dk\/#breadcrumb\",\"itemListElement\":[{\"@type\":\"ListItem\",\"position\":1,\"name\":\"Home\",\"item\":\"https:\/\/happyinaknit.com\/lt\/\"},{\"@type\":\"ListItem\",\"position\":2,\"name\":\"Parduotuv\u0117\",\"item\":\"https:\/\/happyinaknit.com\/lt\/parduotuve\/\"},{\"@type\":\"ListItem\",\"position\":3,\"name\":\"Rico Design Luxury Super 100 Superfine Wool DK\"}]},{\"@type\":\"WebSite\",\"@id\":\"https:\/\/happyinaknit.com\/lt\/#website\",\"url\":\"https:\/\/happyinaknit.com\/lt\/\",\"name\":\"Happyinaknit.com\",\"description\":\"\",\"potentialAction\":[{\"@type\":\"SearchAction\",\"target\":{\"@type\":\"EntryPoint\",\"urlTemplate\":\"https:\/\/happyinaknit.com\/lt\/?s={search_term_string}\"},\"query-input\":{\"@type\":\"PropertyValueSpecification\",\"valueRequired\":true,\"valueName\":\"search_term_string\"}}],\"inLanguage\":\"en-US\"}]}<\/script>\n<!-- \/ Yoast SEO plugin. -->","yoast_head_json":{"title":"Rico Design Luxury Super 100 Superfine Wool DK - Happyinaknit.com","robots":{"index":"index","follow":"follow","max-snippet":"max-snippet:-1","max-image-preview":"max-image-preview:large","max-video-preview":"max-video-preview:-1"},"canonical":"https:\/\/happyinaknit.com\/en\/product\/rico-design-luxury-super-100-superfine-wool-dk\/","og_locale":"en_US","og_type":"article","og_title":"Rico Design Luxury Super 100 Superfine Wool DK - Happyinaknit.com","og_description":"Rico Design Luxury Super 100 Superfine Wool dk \u2013 auk\u0161\u010diausios kokyb\u0117s si\u016blai, pagaminti i\u0161 itin plonos Australijos merino vilnos, gars\u0117jan\u010dios savo ypatingu \u0161velnumu ir ilgaam\u017ei\u0161kumu. \u017dym\u0117jimas \u201eSuper 100\u201c rei\u0161kia, kad 100 metr\u0173 \u0161ios vilnos pluo\u0161to sveria vos 1 gram\u0105 \u2013 kuo plonesnis pluo\u0161tas, tuo auk\u0161tesn\u0117 kokyb\u0117. Si\u016blo storis yra tik 18,5 mikrono, tod\u0117l jis priskiriamas [&hellip;]","og_url":"https:\/\/happyinaknit.com\/en\/product\/rico-design-luxury-super-100-superfine-wool-dk\/","og_site_name":"Happyinaknit.com","article_modified_time":"2025-11-13T21:31:05+00:00","og_image":[{"width":1320,"height":1740,"url":"https:\/\/happyinaknit.com\/wp-content\/uploads\/2025\/10\/IMG_9263.jpg","type":"image\/jpeg"}],"twitter_card":"summary_large_image","twitter_misc":{"Est. reading time":"1 minute"},"schema":{"@context":"https:\/\/schema.org","@graph":[{"@type":"WebPage","@id":"https:\/\/happyinaknit.com\/produktas\/rico-design-luxury-super-100-superfine-wool-dk\/","url":"https:\/\/happyinaknit.com\/produktas\/rico-design-luxury-super-100-superfine-wool-dk\/","name":"Rico Design Luxury Super 100 Superfine Wool DK - Happyinaknit.com","isPartOf":{"@id":"https:\/\/happyinaknit.com\/lt\/#website"},"primaryImageOfPage":{"@id":"https:\/\/happyinaknit.com\/produktas\/rico-design-luxury-super-100-superfine-wool-dk\/#primaryimage"},"image":{"@id":"https:\/\/happyinaknit.com\/produktas\/rico-design-luxury-super-100-superfine-wool-dk\/#primaryimage"},"thumbnailUrl":"https:\/\/happyinaknit.com\/wp-content\/uploads\/2025\/10\/IMG_9263.jpg","datePublished":"2025-10-11T21:09:08+00:00","dateModified":"2025-11-13T21:31:05+00:00","breadcrumb":{"@id":"https:\/\/happyinaknit.com\/produktas\/rico-design-luxury-super-100-superfine-wool-dk\/#breadcrumb"},"inLanguage":"en-US","potentialAction":[{"@type":"ReadAction","target":["https:\/\/happyinaknit.com\/produktas\/rico-design-luxury-super-100-superfine-wool-dk\/"]}]},{"@type":"ImageObject","inLanguage":"en-US","@id":"https:\/\/happyinaknit.com\/produktas\/rico-design-luxury-super-100-superfine-wool-dk\/#primaryimage","url":"https:\/\/happyinaknit.com\/wp-content\/uploads\/2025\/10\/IMG_9263.jpg","contentUrl":"https:\/\/happyinaknit.com\/wp-content\/uploads\/2025\/10\/IMG_9263.jpg","width":1320,"height":1740},{"@type":"BreadcrumbList","@id":"https:\/\/happyinaknit.com\/produktas\/rico-design-luxury-super-100-superfine-wool-dk\/#breadcrumb","itemListElement":[{"@type":"ListItem","position":1,"name":"Home","item":"https:\/\/happyinaknit.com\/lt\/"},{"@type":"ListItem","position":2,"name":"Parduotuv\u0117","item":"https:\/\/happyinaknit.com\/lt\/parduotuve\/"},{"@type":"ListItem","position":3,"name":"Rico Design Luxury Super 100 Superfine Wool DK"}]},{"@type":"WebSite","@id":"https:\/\/happyinaknit.com\/lt\/#website","url":"https:\/\/happyinaknit.com\/lt\/","name":"Happyinaknit.com","description":"","potentialAction":[{"@type":"SearchAction","target":{"@type":"EntryPoint","urlTemplate":"https:\/\/happyinaknit.com\/lt\/?s={search_term_string}"},"query-input":{"@type":"PropertyValueSpecification","valueRequired":true,"valueName":"search_term_string"}}],"inLanguage":"en-US"}]}},"_links":{"self":[{"href":"https:\/\/happyinaknit.com\/en\/wp-json\/wp\/v2\/product\/4481","targetHints":{"allow":["GET"]}}],"collection":[{"href":"https:\/\/happyinaknit.com\/en\/wp-json\/wp\/v2\/product"}],"about":[{"href":"https:\/\/happyinaknit.com\/en\/wp-json\/wp\/v2\/types\/product"}],"replies":[{"embeddable":true,"href":"https:\/\/happyinaknit.com\/en\/wp-json\/wp\/v2\/comments?post=4481"}],"wp:featuredmedia":[{"embeddable":true,"href":"https:\/\/happyinaknit.com\/en\/wp-json\/wp\/v2\/media\/4478"}],"wp:attachment":[{"href":"https:\/\/happyinaknit.com\/en\/wp-json\/wp\/v2\/media?parent=4481"}],"wp:term":[{"taxonomy":"product_brand","embeddable":true,"href":"https:\/\/happyinaknit.com\/en\/wp-json\/wp\/v2\/product_brand?post=4481"},{"taxonomy":"product_cat","embeddable":true,"href":"https:\/\/happyinaknit.com\/en\/wp-json\/wp\/v2\/product_cat?post=4481"},{"taxonomy":"product_tag","embeddable":true,"href":"https:\/\/happyinaknit.com\/en\/wp-json\/wp\/v2\/product_tag?post=4481"},{"taxonomy":"pro-kategorijos","embeddable":true,"href":"https:\/\/happyinaknit.com\/en\/wp-json\/wp\/v2\/pro-kategorijos?post=4481"}],"curies":[{"name":"wp","href":"https:\/\/api.w.org\/{rel}","templated":true}]}}