{"id":4411,"date":"2025-10-10T23:34:06","date_gmt":"2025-10-10T23:34:06","guid":{"rendered":"https:\/\/happyinaknit.com\/?post_type=product&#038;p=4411"},"modified":"2025-11-13T21:29:20","modified_gmt":"2025-11-13T21:29:20","slug":"rico-design-fashion-mohair-merino-chunky","status":"publish","type":"product","link":"https:\/\/happyinaknit.com\/en\/product\/rico-design-fashion-mohair-merino-chunky\/","title":{"rendered":"Rico Design Fashion Mohair Merino Chunky"},"content":{"rendered":"<p data-start=\"0\" data-end=\"425\"><strong data-start=\"0\" data-end=\"44\">Rico Design Fashion Mohair Merino Chunky<\/strong> \u2013 luxurious fluffy yarns, in which the finest merino yarn is wrapped in delicate South African mohair \u2013 a true sign of quality. This combination gives the yarn special fluffiness, warmth and volume, making it ideal for knitting cozy sweaters, scarves, hats or other accessories. The color palette is modern and elegant, allowing you to create stylish, modern knitwear.<\/p>\n<p data-start=\"427\" data-end=\"730\"><strong data-start=\"427\" data-end=\"439\">Composition:<\/strong> 78 % mohair, 13 % wool, 9 % polyamide<br data-start=\"480\" data-end=\"483\" \/><strong data-start=\"483\" data-end=\"502\" data-is-only-node=\"\">Weight\/Length:<\/strong> 50 g - 100 m<br data-start=\"515\" data-end=\"518\" \/><strong data-start=\"518\" data-end=\"536\">Needle size:<\/strong> 6.0mm<br data-start=\"543\" data-end=\"546\" \/><strong data-start=\"546\" data-end=\"559\">Density:<\/strong> 10 \u00d7 10 cm \u2013 14 stitches \u00d7 19 rows<br data-start=\"591\" data-end=\"594\" \/><strong data-start=\"594\" data-end=\"611\">Consumption:<\/strong> For a size 40 sweater \u2013 about 600 g<br data-start=\"645\" data-end=\"648\" \/><strong data-start=\"648\" data-end=\"662\">Care:<\/strong> wash on wool cycle up to 30 \u00b0C, dry flat<\/p>\n<p data-start=\"732\" data-end=\"905\" data-is-last-node=\"\" data-is-only-node=\"\">Light, fluffy and warm yarns will give your knits a luxurious and cozy feel.<br data-start=\"814\" data-end=\"817\" \/><strong data-start=\"817\" data-end=\"829\">Note:<\/strong> Color shades may vary slightly depending on your device&#039;s screen.<\/p>","protected":false},"excerpt":{"rendered":"<p>Rico Design Fashion Mohair Merino Chunky \u2013 prabang\u016bs p\u016bkuoti si\u016blai, kuriuose ploniausias merino si\u016blas apgaubtas subtiliu Piet\u0173 Afrikos moheru \u2013 tikru kokyb\u0117s \u017eenklu. \u0160is derinys suteikia si\u016blui ypatingo purumo, \u0161ilumos ir apimties, tod\u0117l jis idealiai tinka megzti jaukius megztinius, \u0161alikus, kepures ar kitus aksesuarus. Spalv\u0173 palet\u0117 \u2013 \u0161iuolaiki\u0161ka ir eleganti\u0161ka, leid\u017eianti sukurti stilingus, modernius mezginius. [&hellip;]<\/p>\n","protected":false},"featured_media":4412,"comment_status":"open","ping_status":"closed","template":"","meta":{"_acf_changed":false},"product_brand":[68],"product_cat":[15,182,18],"product_tag":[33],"pro-kategorijos":[74,56],"class_list":{"0":"post-4411","1":"product","2":"type-product","3":"status-publish","4":"has-post-thumbnail","6":"product_brand-rico-design","7":"product_cat-visi-produktai","8":"product_cat-ispardavimas","9":"product_cat-siulai","10":"product_tag-ispardavimas","11":"pro-kategorijos-moheras","12":"pro-kategorijos-vilna","14":"first","15":"instock","16":"sale","17":"shipping-taxable","18":"purchasable","19":"product-type-variable"},"acf":[],"yoast_head":"<!-- This site is optimized with the Yoast SEO plugin v26.8 - https:\/\/yoast.com\/product\/yoast-seo-wordpress\/ -->\n<title>Rico Design Fashion Mohair Merino Chunky - Happyinaknit.com<\/title>\n<meta name=\"robots\" content=\"index, follow, max-snippet:-1, max-image-preview:large, max-video-preview:-1\" \/>\n<link rel=\"canonical\" href=\"https:\/\/happyinaknit.com\/en\/product\/rico-design-fashion-mohair-merino-chunky\/\" \/>\n<meta property=\"og:locale\" content=\"en_US\" \/>\n<meta property=\"og:type\" content=\"article\" \/>\n<meta property=\"og:title\" content=\"Rico Design Fashion Mohair Merino Chunky - Happyinaknit.com\" \/>\n<meta property=\"og:description\" content=\"Rico Design Fashion Mohair Merino Chunky \u2013 prabang\u016bs p\u016bkuoti si\u016blai, kuriuose ploniausias merino si\u016blas apgaubtas subtiliu Piet\u0173 Afrikos moheru \u2013 tikru kokyb\u0117s \u017eenklu. \u0160is derinys suteikia si\u016blui ypatingo purumo, \u0161ilumos ir apimties, tod\u0117l jis idealiai tinka megzti jaukius megztinius, \u0161alikus, kepures ar kitus aksesuarus. Spalv\u0173 palet\u0117 \u2013 \u0161iuolaiki\u0161ka ir eleganti\u0161ka, leid\u017eianti sukurti stilingus, modernius mezginius. [&hellip;]\" \/>\n<meta property=\"og:url\" content=\"https:\/\/happyinaknit.com\/en\/product\/rico-design-fashion-mohair-merino-chunky\/\" \/>\n<meta property=\"og:site_name\" content=\"Happyinaknit.com\" \/>\n<meta property=\"article:modified_time\" content=\"2025-11-13T21:29:20+00:00\" \/>\n<meta property=\"og:image\" content=\"https:\/\/happyinaknit.com\/wp-content\/uploads\/2025\/10\/IMG_9210.jpg\" \/>\n\t<meta property=\"og:image:width\" content=\"1320\" \/>\n\t<meta property=\"og:image:height\" content=\"1450\" \/>\n\t<meta property=\"og:image:type\" content=\"image\/jpeg\" \/>\n<meta name=\"twitter:card\" content=\"summary_large_image\" \/>\n<meta name=\"twitter:label1\" content=\"Est. reading time\" \/>\n\t<meta name=\"twitter:data1\" content=\"1 minute\" \/>\n<script type=\"application\/ld+json\" class=\"yoast-schema-graph\">{\"@context\":\"https:\/\/schema.org\",\"@graph\":[{\"@type\":\"WebPage\",\"@id\":\"https:\/\/happyinaknit.com\/produktas\/rico-design-fashion-mohair-merino-chunky\/\",\"url\":\"https:\/\/happyinaknit.com\/produktas\/rico-design-fashion-mohair-merino-chunky\/\",\"name\":\"Rico Design Fashion Mohair Merino Chunky - Happyinaknit.com\",\"isPartOf\":{\"@id\":\"https:\/\/happyinaknit.com\/lt\/#website\"},\"primaryImageOfPage\":{\"@id\":\"https:\/\/happyinaknit.com\/produktas\/rico-design-fashion-mohair-merino-chunky\/#primaryimage\"},\"image\":{\"@id\":\"https:\/\/happyinaknit.com\/produktas\/rico-design-fashion-mohair-merino-chunky\/#primaryimage\"},\"thumbnailUrl\":\"https:\/\/happyinaknit.com\/wp-content\/uploads\/2025\/10\/IMG_9210.jpg\",\"datePublished\":\"2025-10-10T23:34:06+00:00\",\"dateModified\":\"2025-11-13T21:29:20+00:00\",\"breadcrumb\":{\"@id\":\"https:\/\/happyinaknit.com\/produktas\/rico-design-fashion-mohair-merino-chunky\/#breadcrumb\"},\"inLanguage\":\"en-US\",\"potentialAction\":[{\"@type\":\"ReadAction\",\"target\":[\"https:\/\/happyinaknit.com\/produktas\/rico-design-fashion-mohair-merino-chunky\/\"]}]},{\"@type\":\"ImageObject\",\"inLanguage\":\"en-US\",\"@id\":\"https:\/\/happyinaknit.com\/produktas\/rico-design-fashion-mohair-merino-chunky\/#primaryimage\",\"url\":\"https:\/\/happyinaknit.com\/wp-content\/uploads\/2025\/10\/IMG_9210.jpg\",\"contentUrl\":\"https:\/\/happyinaknit.com\/wp-content\/uploads\/2025\/10\/IMG_9210.jpg\",\"width\":1320,\"height\":1450},{\"@type\":\"BreadcrumbList\",\"@id\":\"https:\/\/happyinaknit.com\/produktas\/rico-design-fashion-mohair-merino-chunky\/#breadcrumb\",\"itemListElement\":[{\"@type\":\"ListItem\",\"position\":1,\"name\":\"Home\",\"item\":\"https:\/\/happyinaknit.com\/lt\/\"},{\"@type\":\"ListItem\",\"position\":2,\"name\":\"Parduotuv\u0117\",\"item\":\"https:\/\/happyinaknit.com\/lt\/parduotuve\/\"},{\"@type\":\"ListItem\",\"position\":3,\"name\":\"Rico Design Fashion Mohair Merino Chunky\"}]},{\"@type\":\"WebSite\",\"@id\":\"https:\/\/happyinaknit.com\/lt\/#website\",\"url\":\"https:\/\/happyinaknit.com\/lt\/\",\"name\":\"Happyinaknit.com\",\"description\":\"\",\"potentialAction\":[{\"@type\":\"SearchAction\",\"target\":{\"@type\":\"EntryPoint\",\"urlTemplate\":\"https:\/\/happyinaknit.com\/lt\/?s={search_term_string}\"},\"query-input\":{\"@type\":\"PropertyValueSpecification\",\"valueRequired\":true,\"valueName\":\"search_term_string\"}}],\"inLanguage\":\"en-US\"}]}<\/script>\n<!-- \/ Yoast SEO plugin. -->","yoast_head_json":{"title":"Rico Design Fashion Mohair Merino Chunky - Happyinaknit.com","robots":{"index":"index","follow":"follow","max-snippet":"max-snippet:-1","max-image-preview":"max-image-preview:large","max-video-preview":"max-video-preview:-1"},"canonical":"https:\/\/happyinaknit.com\/en\/product\/rico-design-fashion-mohair-merino-chunky\/","og_locale":"en_US","og_type":"article","og_title":"Rico Design Fashion Mohair Merino Chunky - Happyinaknit.com","og_description":"Rico Design Fashion Mohair Merino Chunky \u2013 prabang\u016bs p\u016bkuoti si\u016blai, kuriuose ploniausias merino si\u016blas apgaubtas subtiliu Piet\u0173 Afrikos moheru \u2013 tikru kokyb\u0117s \u017eenklu. \u0160is derinys suteikia si\u016blui ypatingo purumo, \u0161ilumos ir apimties, tod\u0117l jis idealiai tinka megzti jaukius megztinius, \u0161alikus, kepures ar kitus aksesuarus. Spalv\u0173 palet\u0117 \u2013 \u0161iuolaiki\u0161ka ir eleganti\u0161ka, leid\u017eianti sukurti stilingus, modernius mezginius. [&hellip;]","og_url":"https:\/\/happyinaknit.com\/en\/product\/rico-design-fashion-mohair-merino-chunky\/","og_site_name":"Happyinaknit.com","article_modified_time":"2025-11-13T21:29:20+00:00","og_image":[{"width":1320,"height":1450,"url":"https:\/\/happyinaknit.com\/wp-content\/uploads\/2025\/10\/IMG_9210.jpg","type":"image\/jpeg"}],"twitter_card":"summary_large_image","twitter_misc":{"Est. reading time":"1 minute"},"schema":{"@context":"https:\/\/schema.org","@graph":[{"@type":"WebPage","@id":"https:\/\/happyinaknit.com\/produktas\/rico-design-fashion-mohair-merino-chunky\/","url":"https:\/\/happyinaknit.com\/produktas\/rico-design-fashion-mohair-merino-chunky\/","name":"Rico Design Fashion Mohair Merino Chunky - Happyinaknit.com","isPartOf":{"@id":"https:\/\/happyinaknit.com\/lt\/#website"},"primaryImageOfPage":{"@id":"https:\/\/happyinaknit.com\/produktas\/rico-design-fashion-mohair-merino-chunky\/#primaryimage"},"image":{"@id":"https:\/\/happyinaknit.com\/produktas\/rico-design-fashion-mohair-merino-chunky\/#primaryimage"},"thumbnailUrl":"https:\/\/happyinaknit.com\/wp-content\/uploads\/2025\/10\/IMG_9210.jpg","datePublished":"2025-10-10T23:34:06+00:00","dateModified":"2025-11-13T21:29:20+00:00","breadcrumb":{"@id":"https:\/\/happyinaknit.com\/produktas\/rico-design-fashion-mohair-merino-chunky\/#breadcrumb"},"inLanguage":"en-US","potentialAction":[{"@type":"ReadAction","target":["https:\/\/happyinaknit.com\/produktas\/rico-design-fashion-mohair-merino-chunky\/"]}]},{"@type":"ImageObject","inLanguage":"en-US","@id":"https:\/\/happyinaknit.com\/produktas\/rico-design-fashion-mohair-merino-chunky\/#primaryimage","url":"https:\/\/happyinaknit.com\/wp-content\/uploads\/2025\/10\/IMG_9210.jpg","contentUrl":"https:\/\/happyinaknit.com\/wp-content\/uploads\/2025\/10\/IMG_9210.jpg","width":1320,"height":1450},{"@type":"BreadcrumbList","@id":"https:\/\/happyinaknit.com\/produktas\/rico-design-fashion-mohair-merino-chunky\/#breadcrumb","itemListElement":[{"@type":"ListItem","position":1,"name":"Home","item":"https:\/\/happyinaknit.com\/lt\/"},{"@type":"ListItem","position":2,"name":"Parduotuv\u0117","item":"https:\/\/happyinaknit.com\/lt\/parduotuve\/"},{"@type":"ListItem","position":3,"name":"Rico Design Fashion Mohair Merino Chunky"}]},{"@type":"WebSite","@id":"https:\/\/happyinaknit.com\/lt\/#website","url":"https:\/\/happyinaknit.com\/lt\/","name":"Happyinaknit.com","description":"","potentialAction":[{"@type":"SearchAction","target":{"@type":"EntryPoint","urlTemplate":"https:\/\/happyinaknit.com\/lt\/?s={search_term_string}"},"query-input":{"@type":"PropertyValueSpecification","valueRequired":true,"valueName":"search_term_string"}}],"inLanguage":"en-US"}]}},"_links":{"self":[{"href":"https:\/\/happyinaknit.com\/en\/wp-json\/wp\/v2\/product\/4411","targetHints":{"allow":["GET"]}}],"collection":[{"href":"https:\/\/happyinaknit.com\/en\/wp-json\/wp\/v2\/product"}],"about":[{"href":"https:\/\/happyinaknit.com\/en\/wp-json\/wp\/v2\/types\/product"}],"replies":[{"embeddable":true,"href":"https:\/\/happyinaknit.com\/en\/wp-json\/wp\/v2\/comments?post=4411"}],"wp:featuredmedia":[{"embeddable":true,"href":"https:\/\/happyinaknit.com\/en\/wp-json\/wp\/v2\/media\/4412"}],"wp:attachment":[{"href":"https:\/\/happyinaknit.com\/en\/wp-json\/wp\/v2\/media?parent=4411"}],"wp:term":[{"taxonomy":"product_brand","embeddable":true,"href":"https:\/\/happyinaknit.com\/en\/wp-json\/wp\/v2\/product_brand?post=4411"},{"taxonomy":"product_cat","embeddable":true,"href":"https:\/\/happyinaknit.com\/en\/wp-json\/wp\/v2\/product_cat?post=4411"},{"taxonomy":"product_tag","embeddable":true,"href":"https:\/\/happyinaknit.com\/en\/wp-json\/wp\/v2\/product_tag?post=4411"},{"taxonomy":"pro-kategorijos","embeddable":true,"href":"https:\/\/happyinaknit.com\/en\/wp-json\/wp\/v2\/pro-kategorijos?post=4411"}],"curies":[{"name":"wp","href":"https:\/\/api.w.org\/{rel}","templated":true}]}}