{"id":4351,"date":"2025-10-10T22:50:40","date_gmt":"2025-10-10T22:50:40","guid":{"rendered":"https:\/\/happyinaknit.com\/?post_type=product&#038;p=4351"},"modified":"2026-03-03T21:36:08","modified_gmt":"2026-03-03T21:36:08","slug":"rico-design-fashion-modern-tweed-aran","status":"publish","type":"product","link":"https:\/\/happyinaknit.com\/en\/product\/rico-design-fashion-modern-tweed-aran\/","title":{"rendered":"Rico Design Fashion Modern Tweed Aran"},"content":{"rendered":"<p data-start=\"0\" data-end=\"310\"><strong data-start=\"0\" data-end=\"41\">Rico Design Fashion Modern Tweed Aran<\/strong> \u2013 classic tweed-type yarns with delicate viscose eyelets. They are distinguished by their special softness and lightness, which makes them pleasantly different from traditional tweed yarns. The color palette includes both classic and bright and pastel shades \u2013 for every taste.<\/p>\n<p data-start=\"312\" data-end=\"581\"><strong data-start=\"312\" data-end=\"324\">Composition:<\/strong> 60 % wool, 20 % polyamide, 20 % viscose<br data-start=\"366\" data-end=\"369\" \/><strong data-start=\"369\" data-end=\"388\" data-is-only-node=\"\">Weight\/Length:<\/strong> 50 g - 95 m<br data-start=\"400\" data-end=\"403\" \/><strong data-start=\"403\" data-end=\"421\">Needle size:<\/strong> 5.0mm<br data-start=\"428\" data-end=\"431\" \/><strong data-start=\"431\" data-end=\"444\">Density:<\/strong> 10 \u00d7 10 cm \u2013 17 stitches \u00d7 24 rows<br data-start=\"476\" data-end=\"479\" \/><strong data-start=\"479\" data-end=\"496\">Consumption:<\/strong> For a size 40 sweater \u2013 about 600 g<br data-start=\"530\" data-end=\"533\" \/><strong data-start=\"533\" data-end=\"547\">Care:<\/strong> wash on wool cycle up to 30 \u00b0C<\/p>\n<p data-start=\"583\" data-end=\"733\" data-is-last-node=\"\" data-is-only-node=\"\">This soft, lightweight tweed yarn is perfect for sweaters, cardigans, hats or scarves - cozy yet stylish fall and winter knits.<\/p>","protected":false},"excerpt":{"rendered":"<p>Rico Design Fashion Modern Tweed Aran \u2013 klasikiniai tvido tipo si\u016blai su subtiliomis viskoz\u0117s akut\u0117mis. Jie i\u0161siskiria ypatingu \u0161velnumu ir lengvumu, tod\u0117l maloniai skiriasi nuo tradicini\u0173 tvido si\u016bl\u0173. Spalv\u0173 palet\u0117je rasite tiek klasikinius, tiek ry\u0161kius bei pastelinius atspalvius \u2013 kiekvienam skoniui. Sud\u0117tis: 60 % vilna, 20 % poliamidas, 20 % viskoz\u0117Svoris \/ ilgis: 50 g [&hellip;]<\/p>\n","protected":false},"featured_media":4371,"comment_status":"open","ping_status":"closed","template":"","meta":{"_acf_changed":false},"product_brand":[68],"product_cat":[15,182,18],"product_tag":[33],"pro-kategorijos":[56,78],"class_list":{"0":"post-4351","1":"product","2":"type-product","3":"status-publish","4":"has-post-thumbnail","6":"product_brand-rico-design","7":"product_cat-visi-produktai","8":"product_cat-ispardavimas","9":"product_cat-siulai","10":"product_tag-ispardavimas","11":"pro-kategorijos-vilna","12":"pro-kategorijos-viskoze","14":"first","15":"instock","16":"sale","17":"shipping-taxable","18":"purchasable","19":"product-type-variable"},"acf":[],"yoast_head":"<!-- This site is optimized with the Yoast SEO plugin v26.8 - https:\/\/yoast.com\/product\/yoast-seo-wordpress\/ -->\n<title>Rico Design Fashion Modern Tweed Aran - Happyinaknit.com<\/title>\n<meta name=\"robots\" content=\"index, follow, max-snippet:-1, max-image-preview:large, max-video-preview:-1\" \/>\n<link rel=\"canonical\" href=\"https:\/\/happyinaknit.com\/en\/product\/rico-design-fashion-modern-tweed-aran\/\" \/>\n<meta property=\"og:locale\" content=\"en_US\" \/>\n<meta property=\"og:type\" content=\"article\" \/>\n<meta property=\"og:title\" content=\"Rico Design Fashion Modern Tweed Aran - Happyinaknit.com\" \/>\n<meta property=\"og:description\" content=\"Rico Design Fashion Modern Tweed Aran \u2013 klasikiniai tvido tipo si\u016blai su subtiliomis viskoz\u0117s akut\u0117mis. Jie i\u0161siskiria ypatingu \u0161velnumu ir lengvumu, tod\u0117l maloniai skiriasi nuo tradicini\u0173 tvido si\u016bl\u0173. Spalv\u0173 palet\u0117je rasite tiek klasikinius, tiek ry\u0161kius bei pastelinius atspalvius \u2013 kiekvienam skoniui. Sud\u0117tis: 60 % vilna, 20 % poliamidas, 20 % viskoz\u0117Svoris \/ ilgis: 50 g [&hellip;]\" \/>\n<meta property=\"og:url\" content=\"https:\/\/happyinaknit.com\/en\/product\/rico-design-fashion-modern-tweed-aran\/\" \/>\n<meta property=\"og:site_name\" content=\"Happyinaknit.com\" \/>\n<meta property=\"article:modified_time\" content=\"2026-03-03T21:36:08+00:00\" \/>\n<meta property=\"og:image\" content=\"https:\/\/happyinaknit.com\/wp-content\/uploads\/2025\/10\/IMG_9177.jpg\" \/>\n\t<meta property=\"og:image:width\" content=\"1320\" \/>\n\t<meta property=\"og:image:height\" content=\"1207\" \/>\n\t<meta property=\"og:image:type\" content=\"image\/jpeg\" \/>\n<meta name=\"twitter:card\" content=\"summary_large_image\" \/>\n<script type=\"application\/ld+json\" class=\"yoast-schema-graph\">{\"@context\":\"https:\/\/schema.org\",\"@graph\":[{\"@type\":\"WebPage\",\"@id\":\"https:\/\/happyinaknit.com\/produktas\/rico-design-fashion-modern-tweed-aran\/\",\"url\":\"https:\/\/happyinaknit.com\/produktas\/rico-design-fashion-modern-tweed-aran\/\",\"name\":\"Rico Design Fashion Modern Tweed Aran - Happyinaknit.com\",\"isPartOf\":{\"@id\":\"https:\/\/happyinaknit.com\/lt\/#website\"},\"primaryImageOfPage\":{\"@id\":\"https:\/\/happyinaknit.com\/produktas\/rico-design-fashion-modern-tweed-aran\/#primaryimage\"},\"image\":{\"@id\":\"https:\/\/happyinaknit.com\/produktas\/rico-design-fashion-modern-tweed-aran\/#primaryimage\"},\"thumbnailUrl\":\"https:\/\/happyinaknit.com\/wp-content\/uploads\/2025\/10\/IMG_9177.jpg\",\"datePublished\":\"2025-10-10T22:50:40+00:00\",\"dateModified\":\"2026-03-03T21:36:08+00:00\",\"breadcrumb\":{\"@id\":\"https:\/\/happyinaknit.com\/produktas\/rico-design-fashion-modern-tweed-aran\/#breadcrumb\"},\"inLanguage\":\"en-US\",\"potentialAction\":[{\"@type\":\"ReadAction\",\"target\":[\"https:\/\/happyinaknit.com\/produktas\/rico-design-fashion-modern-tweed-aran\/\"]}]},{\"@type\":\"ImageObject\",\"inLanguage\":\"en-US\",\"@id\":\"https:\/\/happyinaknit.com\/produktas\/rico-design-fashion-modern-tweed-aran\/#primaryimage\",\"url\":\"https:\/\/happyinaknit.com\/wp-content\/uploads\/2025\/10\/IMG_9177.jpg\",\"contentUrl\":\"https:\/\/happyinaknit.com\/wp-content\/uploads\/2025\/10\/IMG_9177.jpg\",\"width\":1320,\"height\":1207},{\"@type\":\"BreadcrumbList\",\"@id\":\"https:\/\/happyinaknit.com\/produktas\/rico-design-fashion-modern-tweed-aran\/#breadcrumb\",\"itemListElement\":[{\"@type\":\"ListItem\",\"position\":1,\"name\":\"Home\",\"item\":\"https:\/\/happyinaknit.com\/lt\/\"},{\"@type\":\"ListItem\",\"position\":2,\"name\":\"Parduotuv\u0117\",\"item\":\"https:\/\/happyinaknit.com\/lt\/parduotuve\/\"},{\"@type\":\"ListItem\",\"position\":3,\"name\":\"Rico Design Fashion Modern Tweed Aran\"}]},{\"@type\":\"WebSite\",\"@id\":\"https:\/\/happyinaknit.com\/lt\/#website\",\"url\":\"https:\/\/happyinaknit.com\/lt\/\",\"name\":\"Happyinaknit.com\",\"description\":\"\",\"potentialAction\":[{\"@type\":\"SearchAction\",\"target\":{\"@type\":\"EntryPoint\",\"urlTemplate\":\"https:\/\/happyinaknit.com\/lt\/?s={search_term_string}\"},\"query-input\":{\"@type\":\"PropertyValueSpecification\",\"valueRequired\":true,\"valueName\":\"search_term_string\"}}],\"inLanguage\":\"en-US\"}]}<\/script>\n<!-- \/ Yoast SEO plugin. -->","yoast_head_json":{"title":"Rico Design Fashion Modern Tweed Aran - Happyinaknit.com","robots":{"index":"index","follow":"follow","max-snippet":"max-snippet:-1","max-image-preview":"max-image-preview:large","max-video-preview":"max-video-preview:-1"},"canonical":"https:\/\/happyinaknit.com\/en\/product\/rico-design-fashion-modern-tweed-aran\/","og_locale":"en_US","og_type":"article","og_title":"Rico Design Fashion Modern Tweed Aran - Happyinaknit.com","og_description":"Rico Design Fashion Modern Tweed Aran \u2013 klasikiniai tvido tipo si\u016blai su subtiliomis viskoz\u0117s akut\u0117mis. Jie i\u0161siskiria ypatingu \u0161velnumu ir lengvumu, tod\u0117l maloniai skiriasi nuo tradicini\u0173 tvido si\u016bl\u0173. Spalv\u0173 palet\u0117je rasite tiek klasikinius, tiek ry\u0161kius bei pastelinius atspalvius \u2013 kiekvienam skoniui. Sud\u0117tis: 60 % vilna, 20 % poliamidas, 20 % viskoz\u0117Svoris \/ ilgis: 50 g [&hellip;]","og_url":"https:\/\/happyinaknit.com\/en\/product\/rico-design-fashion-modern-tweed-aran\/","og_site_name":"Happyinaknit.com","article_modified_time":"2026-03-03T21:36:08+00:00","og_image":[{"width":1320,"height":1207,"url":"https:\/\/happyinaknit.com\/wp-content\/uploads\/2025\/10\/IMG_9177.jpg","type":"image\/jpeg"}],"twitter_card":"summary_large_image","schema":{"@context":"https:\/\/schema.org","@graph":[{"@type":"WebPage","@id":"https:\/\/happyinaknit.com\/produktas\/rico-design-fashion-modern-tweed-aran\/","url":"https:\/\/happyinaknit.com\/produktas\/rico-design-fashion-modern-tweed-aran\/","name":"Rico Design Fashion Modern Tweed Aran - Happyinaknit.com","isPartOf":{"@id":"https:\/\/happyinaknit.com\/lt\/#website"},"primaryImageOfPage":{"@id":"https:\/\/happyinaknit.com\/produktas\/rico-design-fashion-modern-tweed-aran\/#primaryimage"},"image":{"@id":"https:\/\/happyinaknit.com\/produktas\/rico-design-fashion-modern-tweed-aran\/#primaryimage"},"thumbnailUrl":"https:\/\/happyinaknit.com\/wp-content\/uploads\/2025\/10\/IMG_9177.jpg","datePublished":"2025-10-10T22:50:40+00:00","dateModified":"2026-03-03T21:36:08+00:00","breadcrumb":{"@id":"https:\/\/happyinaknit.com\/produktas\/rico-design-fashion-modern-tweed-aran\/#breadcrumb"},"inLanguage":"en-US","potentialAction":[{"@type":"ReadAction","target":["https:\/\/happyinaknit.com\/produktas\/rico-design-fashion-modern-tweed-aran\/"]}]},{"@type":"ImageObject","inLanguage":"en-US","@id":"https:\/\/happyinaknit.com\/produktas\/rico-design-fashion-modern-tweed-aran\/#primaryimage","url":"https:\/\/happyinaknit.com\/wp-content\/uploads\/2025\/10\/IMG_9177.jpg","contentUrl":"https:\/\/happyinaknit.com\/wp-content\/uploads\/2025\/10\/IMG_9177.jpg","width":1320,"height":1207},{"@type":"BreadcrumbList","@id":"https:\/\/happyinaknit.com\/produktas\/rico-design-fashion-modern-tweed-aran\/#breadcrumb","itemListElement":[{"@type":"ListItem","position":1,"name":"Home","item":"https:\/\/happyinaknit.com\/lt\/"},{"@type":"ListItem","position":2,"name":"Parduotuv\u0117","item":"https:\/\/happyinaknit.com\/lt\/parduotuve\/"},{"@type":"ListItem","position":3,"name":"Rico Design Fashion Modern Tweed Aran"}]},{"@type":"WebSite","@id":"https:\/\/happyinaknit.com\/lt\/#website","url":"https:\/\/happyinaknit.com\/lt\/","name":"Happyinaknit.com","description":"","potentialAction":[{"@type":"SearchAction","target":{"@type":"EntryPoint","urlTemplate":"https:\/\/happyinaknit.com\/lt\/?s={search_term_string}"},"query-input":{"@type":"PropertyValueSpecification","valueRequired":true,"valueName":"search_term_string"}}],"inLanguage":"en-US"}]}},"_links":{"self":[{"href":"https:\/\/happyinaknit.com\/en\/wp-json\/wp\/v2\/product\/4351","targetHints":{"allow":["GET"]}}],"collection":[{"href":"https:\/\/happyinaknit.com\/en\/wp-json\/wp\/v2\/product"}],"about":[{"href":"https:\/\/happyinaknit.com\/en\/wp-json\/wp\/v2\/types\/product"}],"replies":[{"embeddable":true,"href":"https:\/\/happyinaknit.com\/en\/wp-json\/wp\/v2\/comments?post=4351"}],"wp:featuredmedia":[{"embeddable":true,"href":"https:\/\/happyinaknit.com\/en\/wp-json\/wp\/v2\/media\/4371"}],"wp:attachment":[{"href":"https:\/\/happyinaknit.com\/en\/wp-json\/wp\/v2\/media?parent=4351"}],"wp:term":[{"taxonomy":"product_brand","embeddable":true,"href":"https:\/\/happyinaknit.com\/en\/wp-json\/wp\/v2\/product_brand?post=4351"},{"taxonomy":"product_cat","embeddable":true,"href":"https:\/\/happyinaknit.com\/en\/wp-json\/wp\/v2\/product_cat?post=4351"},{"taxonomy":"product_tag","embeddable":true,"href":"https:\/\/happyinaknit.com\/en\/wp-json\/wp\/v2\/product_tag?post=4351"},{"taxonomy":"pro-kategorijos","embeddable":true,"href":"https:\/\/happyinaknit.com\/en\/wp-json\/wp\/v2\/pro-kategorijos?post=4351"}],"curies":[{"name":"wp","href":"https:\/\/api.w.org\/{rel}","templated":true}]}}