{"id":4328,"date":"2025-10-10T21:53:11","date_gmt":"2025-10-10T21:53:11","guid":{"rendered":"https:\/\/happyinaknit.com\/?post_type=product&#038;p=4328"},"modified":"2026-02-16T17:39:39","modified_gmt":"2026-02-16T17:39:39","slug":"rico-design-creative-make-it-tweed-glitz","status":"publish","type":"product","link":"https:\/\/happyinaknit.com\/en\/product\/rico-design-creative-make-it-tweed-glitz\/","title":{"rendered":"Rico Design Creative Make IT Tweed Glitz"},"content":{"rendered":"<p data-start=\"0\" data-end=\"251\"><strong data-start=\"0\" data-end=\"44\">Rico Design Creative Make It Tweed Glitz<\/strong> \u2013 decorative additional thread with a subtle sheen, giving knitwear an expressive look <em data-start=\"137\" data-end=\"151\">tweed effect<\/em>Just knit together with the main thread and your work will take on a glowing, elegant hue.<\/p>\n<p data-start=\"253\" data-end=\"425\"><strong data-start=\"253\" data-end=\"265\">Composition:<\/strong> 41 % polyacrylic, 33 % polyamide, 16 % viscose, 10 % metallized yarn<br data-start=\"339\" data-end=\"342\" \/><strong data-start=\"342\" data-end=\"361\" data-is-only-node=\"\">Weight\/Length:<\/strong> 50 g - 525 m<br data-start=\"374\" data-end=\"377\" \/><strong data-start=\"377\" data-end=\"391\">Care:<\/strong> wash on wool cycle up to 30 \u00b0C<\/p>\n<p data-start=\"427\" data-end=\"515\" data-is-last-node=\"\" data-is-only-node=\"\">A great choice for adding festive charm and subtle shine to knitwear.<\/p>","protected":false},"excerpt":{"rendered":"<p>Rico Design Creative Make It Tweed Glitz \u2013 dekoratyvinis priedinis si\u016blas su subtiliu blizgesiu, suteikiantis mezginiams i\u0161rai\u0161king\u0105 tvido efekt\u0105. Tereikia megzti kartu su pagrindiniu si\u016blu \u2013 ir j\u016bs\u0173 darbas \u012fgaus \u017e\u0117rint\u012f, eleganti\u0161k\u0105 atspalv\u012f. Sud\u0117tis: 41 % poliakrilas, 33 % poliamidas, 16 % viskoz\u0117, 10 % metalizuotas si\u016blasSvoris \/ ilgis: 50 g &#8211; 525 mPrie\u017ei\u016bra: skalbti [&hellip;]<\/p>\n","protected":false},"featured_media":4291,"comment_status":"open","ping_status":"closed","template":"","meta":{"_acf_changed":false},"product_brand":[68],"product_cat":[15,18,323],"product_tag":[],"pro-kategorijos":[81,78],"class_list":{"0":"post-4328","1":"product","2":"type-product","3":"status-publish","4":"has-post-thumbnail","6":"product_brand-rico-design","7":"product_cat-visi-produktai","8":"product_cat-siulai","9":"product_cat-siulai-su-lureksu-ir-zvyneliais","10":"pro-kategorijos-poliamidas-zvyneliai","11":"pro-kategorijos-viskoze","13":"first","14":"instock","15":"shipping-taxable","16":"purchasable","17":"product-type-variable"},"acf":[],"yoast_head":"<!-- This site is optimized with the Yoast SEO plugin v26.8 - https:\/\/yoast.com\/product\/yoast-seo-wordpress\/ -->\n<title>Rico Design Creative Make IT Tweed Glitz - Happyinaknit.com<\/title>\n<meta name=\"robots\" content=\"index, follow, max-snippet:-1, max-image-preview:large, max-video-preview:-1\" \/>\n<link rel=\"canonical\" href=\"https:\/\/happyinaknit.com\/en\/product\/rico-design-creative-make-it-tweed-glitz\/\" \/>\n<meta property=\"og:locale\" content=\"en_US\" \/>\n<meta property=\"og:type\" content=\"article\" \/>\n<meta property=\"og:title\" content=\"Rico Design Creative Make IT Tweed Glitz - Happyinaknit.com\" \/>\n<meta property=\"og:description\" content=\"Rico Design Creative Make It Tweed Glitz \u2013 dekoratyvinis priedinis si\u016blas su subtiliu blizgesiu, suteikiantis mezginiams i\u0161rai\u0161king\u0105 tvido efekt\u0105. Tereikia megzti kartu su pagrindiniu si\u016blu \u2013 ir j\u016bs\u0173 darbas \u012fgaus \u017e\u0117rint\u012f, eleganti\u0161k\u0105 atspalv\u012f. Sud\u0117tis: 41 % poliakrilas, 33 % poliamidas, 16 % viskoz\u0117, 10 % metalizuotas si\u016blasSvoris \/ ilgis: 50 g &#8211; 525 mPrie\u017ei\u016bra: skalbti [&hellip;]\" \/>\n<meta property=\"og:url\" content=\"https:\/\/happyinaknit.com\/en\/product\/rico-design-creative-make-it-tweed-glitz\/\" \/>\n<meta property=\"og:site_name\" content=\"Happyinaknit.com\" \/>\n<meta property=\"article:modified_time\" content=\"2026-02-16T17:39:39+00:00\" \/>\n<meta property=\"og:image\" content=\"https:\/\/happyinaknit.com\/wp-content\/uploads\/2025\/10\/IMG_9148.jpg\" \/>\n\t<meta property=\"og:image:width\" content=\"1320\" \/>\n\t<meta property=\"og:image:height\" content=\"1601\" \/>\n\t<meta property=\"og:image:type\" content=\"image\/jpeg\" \/>\n<meta name=\"twitter:card\" content=\"summary_large_image\" \/>\n<script type=\"application\/ld+json\" class=\"yoast-schema-graph\">{\"@context\":\"https:\/\/schema.org\",\"@graph\":[{\"@type\":\"WebPage\",\"@id\":\"https:\/\/happyinaknit.com\/produktas\/rico-design-creative-make-it-tweed-glitz\/\",\"url\":\"https:\/\/happyinaknit.com\/produktas\/rico-design-creative-make-it-tweed-glitz\/\",\"name\":\"Rico Design Creative Make IT Tweed Glitz - Happyinaknit.com\",\"isPartOf\":{\"@id\":\"https:\/\/happyinaknit.com\/lt\/#website\"},\"primaryImageOfPage\":{\"@id\":\"https:\/\/happyinaknit.com\/produktas\/rico-design-creative-make-it-tweed-glitz\/#primaryimage\"},\"image\":{\"@id\":\"https:\/\/happyinaknit.com\/produktas\/rico-design-creative-make-it-tweed-glitz\/#primaryimage\"},\"thumbnailUrl\":\"https:\/\/happyinaknit.com\/wp-content\/uploads\/2025\/10\/IMG_9148.jpg\",\"datePublished\":\"2025-10-10T21:53:11+00:00\",\"dateModified\":\"2026-02-16T17:39:39+00:00\",\"breadcrumb\":{\"@id\":\"https:\/\/happyinaknit.com\/produktas\/rico-design-creative-make-it-tweed-glitz\/#breadcrumb\"},\"inLanguage\":\"en-US\",\"potentialAction\":[{\"@type\":\"ReadAction\",\"target\":[\"https:\/\/happyinaknit.com\/produktas\/rico-design-creative-make-it-tweed-glitz\/\"]}]},{\"@type\":\"ImageObject\",\"inLanguage\":\"en-US\",\"@id\":\"https:\/\/happyinaknit.com\/produktas\/rico-design-creative-make-it-tweed-glitz\/#primaryimage\",\"url\":\"https:\/\/happyinaknit.com\/wp-content\/uploads\/2025\/10\/IMG_9148.jpg\",\"contentUrl\":\"https:\/\/happyinaknit.com\/wp-content\/uploads\/2025\/10\/IMG_9148.jpg\",\"width\":1320,\"height\":1601},{\"@type\":\"BreadcrumbList\",\"@id\":\"https:\/\/happyinaknit.com\/produktas\/rico-design-creative-make-it-tweed-glitz\/#breadcrumb\",\"itemListElement\":[{\"@type\":\"ListItem\",\"position\":1,\"name\":\"Home\",\"item\":\"https:\/\/happyinaknit.com\/lt\/\"},{\"@type\":\"ListItem\",\"position\":2,\"name\":\"Parduotuv\u0117\",\"item\":\"https:\/\/happyinaknit.com\/lt\/parduotuve\/\"},{\"@type\":\"ListItem\",\"position\":3,\"name\":\"Rico Design Creative Make IT Tweed Glitz\"}]},{\"@type\":\"WebSite\",\"@id\":\"https:\/\/happyinaknit.com\/lt\/#website\",\"url\":\"https:\/\/happyinaknit.com\/lt\/\",\"name\":\"Happyinaknit.com\",\"description\":\"\",\"potentialAction\":[{\"@type\":\"SearchAction\",\"target\":{\"@type\":\"EntryPoint\",\"urlTemplate\":\"https:\/\/happyinaknit.com\/lt\/?s={search_term_string}\"},\"query-input\":{\"@type\":\"PropertyValueSpecification\",\"valueRequired\":true,\"valueName\":\"search_term_string\"}}],\"inLanguage\":\"en-US\"}]}<\/script>\n<!-- \/ Yoast SEO plugin. -->","yoast_head_json":{"title":"Rico Design Creative Make IT Tweed Glitz - Happyinaknit.com","robots":{"index":"index","follow":"follow","max-snippet":"max-snippet:-1","max-image-preview":"max-image-preview:large","max-video-preview":"max-video-preview:-1"},"canonical":"https:\/\/happyinaknit.com\/en\/product\/rico-design-creative-make-it-tweed-glitz\/","og_locale":"en_US","og_type":"article","og_title":"Rico Design Creative Make IT Tweed Glitz - Happyinaknit.com","og_description":"Rico Design Creative Make It Tweed Glitz \u2013 dekoratyvinis priedinis si\u016blas su subtiliu blizgesiu, suteikiantis mezginiams i\u0161rai\u0161king\u0105 tvido efekt\u0105. Tereikia megzti kartu su pagrindiniu si\u016blu \u2013 ir j\u016bs\u0173 darbas \u012fgaus \u017e\u0117rint\u012f, eleganti\u0161k\u0105 atspalv\u012f. Sud\u0117tis: 41 % poliakrilas, 33 % poliamidas, 16 % viskoz\u0117, 10 % metalizuotas si\u016blasSvoris \/ ilgis: 50 g &#8211; 525 mPrie\u017ei\u016bra: skalbti [&hellip;]","og_url":"https:\/\/happyinaknit.com\/en\/product\/rico-design-creative-make-it-tweed-glitz\/","og_site_name":"Happyinaknit.com","article_modified_time":"2026-02-16T17:39:39+00:00","og_image":[{"width":1320,"height":1601,"url":"https:\/\/happyinaknit.com\/wp-content\/uploads\/2025\/10\/IMG_9148.jpg","type":"image\/jpeg"}],"twitter_card":"summary_large_image","schema":{"@context":"https:\/\/schema.org","@graph":[{"@type":"WebPage","@id":"https:\/\/happyinaknit.com\/produktas\/rico-design-creative-make-it-tweed-glitz\/","url":"https:\/\/happyinaknit.com\/produktas\/rico-design-creative-make-it-tweed-glitz\/","name":"Rico Design Creative Make IT Tweed Glitz - Happyinaknit.com","isPartOf":{"@id":"https:\/\/happyinaknit.com\/lt\/#website"},"primaryImageOfPage":{"@id":"https:\/\/happyinaknit.com\/produktas\/rico-design-creative-make-it-tweed-glitz\/#primaryimage"},"image":{"@id":"https:\/\/happyinaknit.com\/produktas\/rico-design-creative-make-it-tweed-glitz\/#primaryimage"},"thumbnailUrl":"https:\/\/happyinaknit.com\/wp-content\/uploads\/2025\/10\/IMG_9148.jpg","datePublished":"2025-10-10T21:53:11+00:00","dateModified":"2026-02-16T17:39:39+00:00","breadcrumb":{"@id":"https:\/\/happyinaknit.com\/produktas\/rico-design-creative-make-it-tweed-glitz\/#breadcrumb"},"inLanguage":"en-US","potentialAction":[{"@type":"ReadAction","target":["https:\/\/happyinaknit.com\/produktas\/rico-design-creative-make-it-tweed-glitz\/"]}]},{"@type":"ImageObject","inLanguage":"en-US","@id":"https:\/\/happyinaknit.com\/produktas\/rico-design-creative-make-it-tweed-glitz\/#primaryimage","url":"https:\/\/happyinaknit.com\/wp-content\/uploads\/2025\/10\/IMG_9148.jpg","contentUrl":"https:\/\/happyinaknit.com\/wp-content\/uploads\/2025\/10\/IMG_9148.jpg","width":1320,"height":1601},{"@type":"BreadcrumbList","@id":"https:\/\/happyinaknit.com\/produktas\/rico-design-creative-make-it-tweed-glitz\/#breadcrumb","itemListElement":[{"@type":"ListItem","position":1,"name":"Home","item":"https:\/\/happyinaknit.com\/lt\/"},{"@type":"ListItem","position":2,"name":"Parduotuv\u0117","item":"https:\/\/happyinaknit.com\/lt\/parduotuve\/"},{"@type":"ListItem","position":3,"name":"Rico Design Creative Make IT Tweed Glitz"}]},{"@type":"WebSite","@id":"https:\/\/happyinaknit.com\/lt\/#website","url":"https:\/\/happyinaknit.com\/lt\/","name":"Happyinaknit.com","description":"","potentialAction":[{"@type":"SearchAction","target":{"@type":"EntryPoint","urlTemplate":"https:\/\/happyinaknit.com\/lt\/?s={search_term_string}"},"query-input":{"@type":"PropertyValueSpecification","valueRequired":true,"valueName":"search_term_string"}}],"inLanguage":"en-US"}]}},"_links":{"self":[{"href":"https:\/\/happyinaknit.com\/en\/wp-json\/wp\/v2\/product\/4328","targetHints":{"allow":["GET"]}}],"collection":[{"href":"https:\/\/happyinaknit.com\/en\/wp-json\/wp\/v2\/product"}],"about":[{"href":"https:\/\/happyinaknit.com\/en\/wp-json\/wp\/v2\/types\/product"}],"replies":[{"embeddable":true,"href":"https:\/\/happyinaknit.com\/en\/wp-json\/wp\/v2\/comments?post=4328"}],"wp:featuredmedia":[{"embeddable":true,"href":"https:\/\/happyinaknit.com\/en\/wp-json\/wp\/v2\/media\/4291"}],"wp:attachment":[{"href":"https:\/\/happyinaknit.com\/en\/wp-json\/wp\/v2\/media?parent=4328"}],"wp:term":[{"taxonomy":"product_brand","embeddable":true,"href":"https:\/\/happyinaknit.com\/en\/wp-json\/wp\/v2\/product_brand?post=4328"},{"taxonomy":"product_cat","embeddable":true,"href":"https:\/\/happyinaknit.com\/en\/wp-json\/wp\/v2\/product_cat?post=4328"},{"taxonomy":"product_tag","embeddable":true,"href":"https:\/\/happyinaknit.com\/en\/wp-json\/wp\/v2\/product_tag?post=4328"},{"taxonomy":"pro-kategorijos","embeddable":true,"href":"https:\/\/happyinaknit.com\/en\/wp-json\/wp\/v2\/pro-kategorijos?post=4328"}],"curies":[{"name":"wp","href":"https:\/\/api.w.org\/{rel}","templated":true}]}}