{"id":4325,"date":"2025-10-10T21:45:42","date_gmt":"2025-10-10T21:45:42","guid":{"rendered":"https:\/\/happyinaknit.com\/?post_type=product&#038;p=4325"},"modified":"2025-11-24T15:59:06","modified_gmt":"2025-11-24T15:59:06","slug":"rico-design-creative-make-it-tweed-neon","status":"publish","type":"product","link":"https:\/\/happyinaknit.com\/en\/product\/rico-design-creative-make-it-tweed-neon\/","title":{"rendered":"Rico Design Creative Make IT Tweed\/Neon"},"content":{"rendered":"<p data-start=\"0\" data-end=\"271\"><strong data-start=\"0\" data-end=\"43\">Rico Design Creative Make It Tweed Neon<\/strong> \u2013 a decorative additional thread that gives any thread an expressive look <em data-start=\"123\" data-end=\"170\">tweed effect with bright neon eyes<\/em>Just knit together with the main yarn, and your knitting will take on a playful and radiant look.<\/p>\n<p data-start=\"273\" data-end=\"405\"><strong data-start=\"273\" data-end=\"285\">Composition:<\/strong> 70 % polyacrylic, 30 % polyamide<br data-start=\"319\" data-end=\"322\" \/><strong data-start=\"322\" data-end=\"341\" data-is-only-node=\"\">Weight\/Length:<\/strong> 50 g - 460 m<br data-start=\"354\" data-end=\"357\" \/><strong data-start=\"357\" data-end=\"371\">Care:<\/strong> wash on wool cycle up to 30 \u00b0C<\/p>\n<p data-start=\"407\" data-end=\"502\" data-is-last-node=\"\" data-is-only-node=\"\">A great choice to add originality to sweaters, scarves, hats or accessories.<\/p>","protected":false},"excerpt":{"rendered":"<p>Rico Design Creative Make It Tweed Neon \u2013 dekoratyvinis priedinis si\u016blas, kuris bet kokiam si\u016blui suteikia i\u0161rai\u0161king\u0105 tvido efekt\u0105 su ry\u0161kiomis neonin\u0117mis akut\u0117mis. Tereikia megzti kartu su pagrindiniu si\u016blu, ir j\u016bs\u0173 mezginys \u012fgaus \u017eaisming\u0105 bei \u0161vytint\u012f vaizd\u0105. Sud\u0117tis: 70 % poliakrilas, 30 % poliamidasSvoris \/ ilgis: 50 g &#8211; 460 mPrie\u017ei\u016bra: skalbti vilnos re\u017eimu iki [&hellip;]<\/p>\n","protected":false},"featured_media":4299,"comment_status":"open","ping_status":"closed","template":"","meta":{"_acf_changed":false},"product_brand":[68],"product_cat":[15,18,323],"product_tag":[],"pro-kategorijos":[81],"class_list":{"0":"post-4325","1":"product","2":"type-product","3":"status-publish","4":"has-post-thumbnail","6":"product_brand-rico-design","7":"product_cat-visi-produktai","8":"product_cat-siulai","9":"product_cat-siulai-su-lureksu-ir-zvyneliais","10":"pro-kategorijos-poliamidas-zvyneliai","12":"first","13":"instock","14":"shipping-taxable","15":"purchasable","16":"product-type-variable"},"acf":[],"yoast_head":"<!-- This site is optimized with the Yoast SEO plugin v26.8 - https:\/\/yoast.com\/product\/yoast-seo-wordpress\/ -->\n<title>Rico Design Creative Make IT Tweed\/Neon - Happyinaknit.com<\/title>\n<meta name=\"robots\" content=\"index, follow, max-snippet:-1, max-image-preview:large, max-video-preview:-1\" \/>\n<link rel=\"canonical\" href=\"https:\/\/happyinaknit.com\/en\/product\/rico-design-creative-make-it-tweed-neon\/\" \/>\n<meta property=\"og:locale\" content=\"en_US\" \/>\n<meta property=\"og:type\" content=\"article\" \/>\n<meta property=\"og:title\" content=\"Rico Design Creative Make IT Tweed\/Neon - Happyinaknit.com\" \/>\n<meta property=\"og:description\" content=\"Rico Design Creative Make It Tweed Neon \u2013 dekoratyvinis priedinis si\u016blas, kuris bet kokiam si\u016blui suteikia i\u0161rai\u0161king\u0105 tvido efekt\u0105 su ry\u0161kiomis neonin\u0117mis akut\u0117mis. Tereikia megzti kartu su pagrindiniu si\u016blu, ir j\u016bs\u0173 mezginys \u012fgaus \u017eaisming\u0105 bei \u0161vytint\u012f vaizd\u0105. Sud\u0117tis: 70 % poliakrilas, 30 % poliamidasSvoris \/ ilgis: 50 g &#8211; 460 mPrie\u017ei\u016bra: skalbti vilnos re\u017eimu iki [&hellip;]\" \/>\n<meta property=\"og:url\" content=\"https:\/\/happyinaknit.com\/en\/product\/rico-design-creative-make-it-tweed-neon\/\" \/>\n<meta property=\"og:site_name\" content=\"Happyinaknit.com\" \/>\n<meta property=\"article:modified_time\" content=\"2025-11-24T15:59:06+00:00\" \/>\n<meta property=\"og:image\" content=\"https:\/\/happyinaknit.com\/wp-content\/uploads\/2025\/10\/IMG_9140.jpg\" \/>\n\t<meta property=\"og:image:width\" content=\"1320\" \/>\n\t<meta property=\"og:image:height\" content=\"1743\" \/>\n\t<meta property=\"og:image:type\" content=\"image\/jpeg\" \/>\n<meta name=\"twitter:card\" content=\"summary_large_image\" \/>\n<script type=\"application\/ld+json\" class=\"yoast-schema-graph\">{\"@context\":\"https:\/\/schema.org\",\"@graph\":[{\"@type\":\"WebPage\",\"@id\":\"https:\/\/happyinaknit.com\/produktas\/rico-design-creative-make-it-tweed-neon\/\",\"url\":\"https:\/\/happyinaknit.com\/produktas\/rico-design-creative-make-it-tweed-neon\/\",\"name\":\"Rico Design Creative Make IT Tweed\/Neon - Happyinaknit.com\",\"isPartOf\":{\"@id\":\"https:\/\/happyinaknit.com\/lt\/#website\"},\"primaryImageOfPage\":{\"@id\":\"https:\/\/happyinaknit.com\/produktas\/rico-design-creative-make-it-tweed-neon\/#primaryimage\"},\"image\":{\"@id\":\"https:\/\/happyinaknit.com\/produktas\/rico-design-creative-make-it-tweed-neon\/#primaryimage\"},\"thumbnailUrl\":\"https:\/\/happyinaknit.com\/wp-content\/uploads\/2025\/10\/IMG_9140.jpg\",\"datePublished\":\"2025-10-10T21:45:42+00:00\",\"dateModified\":\"2025-11-24T15:59:06+00:00\",\"breadcrumb\":{\"@id\":\"https:\/\/happyinaknit.com\/produktas\/rico-design-creative-make-it-tweed-neon\/#breadcrumb\"},\"inLanguage\":\"en-US\",\"potentialAction\":[{\"@type\":\"ReadAction\",\"target\":[\"https:\/\/happyinaknit.com\/produktas\/rico-design-creative-make-it-tweed-neon\/\"]}]},{\"@type\":\"ImageObject\",\"inLanguage\":\"en-US\",\"@id\":\"https:\/\/happyinaknit.com\/produktas\/rico-design-creative-make-it-tweed-neon\/#primaryimage\",\"url\":\"https:\/\/happyinaknit.com\/wp-content\/uploads\/2025\/10\/IMG_9140.jpg\",\"contentUrl\":\"https:\/\/happyinaknit.com\/wp-content\/uploads\/2025\/10\/IMG_9140.jpg\",\"width\":1320,\"height\":1743},{\"@type\":\"BreadcrumbList\",\"@id\":\"https:\/\/happyinaknit.com\/produktas\/rico-design-creative-make-it-tweed-neon\/#breadcrumb\",\"itemListElement\":[{\"@type\":\"ListItem\",\"position\":1,\"name\":\"Home\",\"item\":\"https:\/\/happyinaknit.com\/lt\/\"},{\"@type\":\"ListItem\",\"position\":2,\"name\":\"Parduotuv\u0117\",\"item\":\"https:\/\/happyinaknit.com\/lt\/parduotuve\/\"},{\"@type\":\"ListItem\",\"position\":3,\"name\":\"Rico Design Creative Make IT Tweed\/Neon\"}]},{\"@type\":\"WebSite\",\"@id\":\"https:\/\/happyinaknit.com\/lt\/#website\",\"url\":\"https:\/\/happyinaknit.com\/lt\/\",\"name\":\"Happyinaknit.com\",\"description\":\"\",\"potentialAction\":[{\"@type\":\"SearchAction\",\"target\":{\"@type\":\"EntryPoint\",\"urlTemplate\":\"https:\/\/happyinaknit.com\/lt\/?s={search_term_string}\"},\"query-input\":{\"@type\":\"PropertyValueSpecification\",\"valueRequired\":true,\"valueName\":\"search_term_string\"}}],\"inLanguage\":\"en-US\"}]}<\/script>\n<!-- \/ Yoast SEO plugin. -->","yoast_head_json":{"title":"Rico Design Creative Make IT Tweed\/Neon - Happyinaknit.com","robots":{"index":"index","follow":"follow","max-snippet":"max-snippet:-1","max-image-preview":"max-image-preview:large","max-video-preview":"max-video-preview:-1"},"canonical":"https:\/\/happyinaknit.com\/en\/product\/rico-design-creative-make-it-tweed-neon\/","og_locale":"en_US","og_type":"article","og_title":"Rico Design Creative Make IT Tweed\/Neon - Happyinaknit.com","og_description":"Rico Design Creative Make It Tweed Neon \u2013 dekoratyvinis priedinis si\u016blas, kuris bet kokiam si\u016blui suteikia i\u0161rai\u0161king\u0105 tvido efekt\u0105 su ry\u0161kiomis neonin\u0117mis akut\u0117mis. Tereikia megzti kartu su pagrindiniu si\u016blu, ir j\u016bs\u0173 mezginys \u012fgaus \u017eaisming\u0105 bei \u0161vytint\u012f vaizd\u0105. Sud\u0117tis: 70 % poliakrilas, 30 % poliamidasSvoris \/ ilgis: 50 g &#8211; 460 mPrie\u017ei\u016bra: skalbti vilnos re\u017eimu iki [&hellip;]","og_url":"https:\/\/happyinaknit.com\/en\/product\/rico-design-creative-make-it-tweed-neon\/","og_site_name":"Happyinaknit.com","article_modified_time":"2025-11-24T15:59:06+00:00","og_image":[{"width":1320,"height":1743,"url":"https:\/\/happyinaknit.com\/wp-content\/uploads\/2025\/10\/IMG_9140.jpg","type":"image\/jpeg"}],"twitter_card":"summary_large_image","schema":{"@context":"https:\/\/schema.org","@graph":[{"@type":"WebPage","@id":"https:\/\/happyinaknit.com\/produktas\/rico-design-creative-make-it-tweed-neon\/","url":"https:\/\/happyinaknit.com\/produktas\/rico-design-creative-make-it-tweed-neon\/","name":"Rico Design Creative Make IT Tweed\/Neon - Happyinaknit.com","isPartOf":{"@id":"https:\/\/happyinaknit.com\/lt\/#website"},"primaryImageOfPage":{"@id":"https:\/\/happyinaknit.com\/produktas\/rico-design-creative-make-it-tweed-neon\/#primaryimage"},"image":{"@id":"https:\/\/happyinaknit.com\/produktas\/rico-design-creative-make-it-tweed-neon\/#primaryimage"},"thumbnailUrl":"https:\/\/happyinaknit.com\/wp-content\/uploads\/2025\/10\/IMG_9140.jpg","datePublished":"2025-10-10T21:45:42+00:00","dateModified":"2025-11-24T15:59:06+00:00","breadcrumb":{"@id":"https:\/\/happyinaknit.com\/produktas\/rico-design-creative-make-it-tweed-neon\/#breadcrumb"},"inLanguage":"en-US","potentialAction":[{"@type":"ReadAction","target":["https:\/\/happyinaknit.com\/produktas\/rico-design-creative-make-it-tweed-neon\/"]}]},{"@type":"ImageObject","inLanguage":"en-US","@id":"https:\/\/happyinaknit.com\/produktas\/rico-design-creative-make-it-tweed-neon\/#primaryimage","url":"https:\/\/happyinaknit.com\/wp-content\/uploads\/2025\/10\/IMG_9140.jpg","contentUrl":"https:\/\/happyinaknit.com\/wp-content\/uploads\/2025\/10\/IMG_9140.jpg","width":1320,"height":1743},{"@type":"BreadcrumbList","@id":"https:\/\/happyinaknit.com\/produktas\/rico-design-creative-make-it-tweed-neon\/#breadcrumb","itemListElement":[{"@type":"ListItem","position":1,"name":"Home","item":"https:\/\/happyinaknit.com\/lt\/"},{"@type":"ListItem","position":2,"name":"Parduotuv\u0117","item":"https:\/\/happyinaknit.com\/lt\/parduotuve\/"},{"@type":"ListItem","position":3,"name":"Rico Design Creative Make IT Tweed\/Neon"}]},{"@type":"WebSite","@id":"https:\/\/happyinaknit.com\/lt\/#website","url":"https:\/\/happyinaknit.com\/lt\/","name":"Happyinaknit.com","description":"","potentialAction":[{"@type":"SearchAction","target":{"@type":"EntryPoint","urlTemplate":"https:\/\/happyinaknit.com\/lt\/?s={search_term_string}"},"query-input":{"@type":"PropertyValueSpecification","valueRequired":true,"valueName":"search_term_string"}}],"inLanguage":"en-US"}]}},"_links":{"self":[{"href":"https:\/\/happyinaknit.com\/en\/wp-json\/wp\/v2\/product\/4325","targetHints":{"allow":["GET"]}}],"collection":[{"href":"https:\/\/happyinaknit.com\/en\/wp-json\/wp\/v2\/product"}],"about":[{"href":"https:\/\/happyinaknit.com\/en\/wp-json\/wp\/v2\/types\/product"}],"replies":[{"embeddable":true,"href":"https:\/\/happyinaknit.com\/en\/wp-json\/wp\/v2\/comments?post=4325"}],"wp:featuredmedia":[{"embeddable":true,"href":"https:\/\/happyinaknit.com\/en\/wp-json\/wp\/v2\/media\/4299"}],"wp:attachment":[{"href":"https:\/\/happyinaknit.com\/en\/wp-json\/wp\/v2\/media?parent=4325"}],"wp:term":[{"taxonomy":"product_brand","embeddable":true,"href":"https:\/\/happyinaknit.com\/en\/wp-json\/wp\/v2\/product_brand?post=4325"},{"taxonomy":"product_cat","embeddable":true,"href":"https:\/\/happyinaknit.com\/en\/wp-json\/wp\/v2\/product_cat?post=4325"},{"taxonomy":"product_tag","embeddable":true,"href":"https:\/\/happyinaknit.com\/en\/wp-json\/wp\/v2\/product_tag?post=4325"},{"taxonomy":"pro-kategorijos","embeddable":true,"href":"https:\/\/happyinaknit.com\/en\/wp-json\/wp\/v2\/pro-kategorijos?post=4325"}],"curies":[{"name":"wp","href":"https:\/\/api.w.org\/{rel}","templated":true}]}}