{"id":4275,"date":"2025-10-10T20:35:19","date_gmt":"2025-10-10T20:35:19","guid":{"rendered":"https:\/\/happyinaknit.com\/?post_type=product&#038;p=4275"},"modified":"2025-11-13T21:42:19","modified_gmt":"2025-11-13T21:42:19","slug":"rico-design-essentials-super-kid-mohair-loves-silk-colourlove","status":"publish","type":"product","link":"https:\/\/happyinaknit.com\/en\/product\/rico-design-essentials-super-kid-mohair-loves-silk-colourlove\/","title":{"rendered":"Rico Design Essentials Super Kid Mohair Loves Silk Colorlove"},"content":{"rendered":"<p data-start=\"0\" data-end=\"299\"><strong>Essentials Super Kid Mohair Loves Silk Colourlove<\/strong> - luxurious yarns combining soft Kid mohair and high quality silk. This special composition creates a light, fluffy and luxuriously lustrous yarn, while the smooth colour gradient gives the knitwear an elegant and harmonious look.<\/p>\n<p data-start=\"301\" data-end=\"455\">This yarn is perfect for scarves, shawls, sweaters or other light and delicate projects that require a subtle fall and warmth.<\/p>\n<p data-start=\"457\" data-end=\"796\"><strong data-start=\"457\" data-end=\"469\">Composition:<\/strong> 72 % mohair, 28 % silk<br data-start=\"495\" data-end=\"498\" \/><strong data-start=\"498\" data-end=\"517\">Weight\/Length:<\/strong> 100g \u2013 265m<br data-start=\"531\" data-end=\"534\" data-is-only-node=\"\" \/><strong data-start=\"534\" data-end=\"547\">Density:<\/strong> 10 \u00d7 10 cm \u2013 13 stitches \u00d7 18 rows<br data-start=\"579\" data-end=\"582\" \/><strong data-start=\"582\" data-end=\"610\">Recommended needles:<\/strong> 6.0mm<br data-start=\"617\" data-end=\"620\" \/><strong data-start=\"620\" data-end=\"637\">Consumption:<\/strong> a triangular side needs about 200 g<br data-start=\"673\" data-end=\"676\" \/><strong data-start=\"676\" data-end=\"690\">Care:<\/strong> wash on wool cycle up to 30 \u00b0C, dry flat<\/p>\n<p data-start=\"457\" data-end=\"796\"><strong data-start=\"3\" data-end=\"37\">Approximate thread consumption:<\/strong><br data-start=\"37\" data-end=\"40\" \/>\ud83e\udde4 For gloves\/mittens \u2013 1 ball<br data-start=\"82\" data-end=\"85\" \/>\ud83d\udc55 For a sweater (size S) \u2013 2 balls<br data-start=\"124\" data-end=\"127\" \/>\ud83e\udde3 Scarves (triangular shape) \u2013 1 ball<br data-start=\"174\" data-end=\"177\" \/>\ud83d\udc5a For the shirt \u2013 1 ball<br data-start=\"204\" data-end=\"207\" \/>\ud83c\udf00 For the mouse \u2013 1 ball<br data-start=\"233\" data-end=\"236\" \/>\ud83e\udde2 For a &quot;bini&quot; style hat \u2013 1 ball<br data-start=\"278\" data-end=\"281\" \/>\ud83e\udde2 For a hat with elastic \u2013 1 ball<br data-start=\"374\" data-end=\"377\" \/>\ud83e\udde3 Scarf \u2013 1 ball<\/p>\n<p data-start=\"798\" data-end=\"886\" data-is-last-node=\"\" data-is-only-node=\"\"><strong data-start=\"798\" data-end=\"810\">Note:<\/strong> Color shades may vary slightly depending on your device&#039;s screen.<\/p>","protected":false},"excerpt":{"rendered":"<p>Essentials Super Kid Mohair Loves Silk Colourlove \u2013 prabang\u016bs si\u016blai, kuriuose dera \u0161velnus \u201eKid\u201c moheris ir auk\u0161tos kokyb\u0117s \u0161ilkas. \u0160i ypatinga sud\u0117tis sukuria lengv\u0105, pur\u0173 ir prabangiai \u017evilgant\u012f si\u016bl\u0105, o tolygus spalv\u0173 per\u0117jimas suteikia mezginiams eleganti\u0161k\u0105 ir harmoning\u0105 vaizd\u0105. \u0160ie si\u016blai puikiai tinka \u0161alikams, skaroms, megztiniams ar kitiems lengviems ir \u0161velniems projektams, kurie reikalauja subtilaus [&hellip;]<\/p>\n","protected":false},"featured_media":4284,"comment_status":"open","ping_status":"closed","template":"","meta":{"_acf_changed":false},"product_brand":[68],"product_cat":[15,182,18],"product_tag":[33],"pro-kategorijos":[74,77],"class_list":{"0":"post-4275","1":"product","2":"type-product","3":"status-publish","4":"has-post-thumbnail","6":"product_brand-rico-design","7":"product_cat-visi-produktai","8":"product_cat-ispardavimas","9":"product_cat-siulai","10":"product_tag-ispardavimas","11":"pro-kategorijos-moheras","12":"pro-kategorijos-silkas","14":"first","15":"instock","16":"sale","17":"shipping-taxable","18":"purchasable","19":"product-type-variable"},"acf":[],"yoast_head":"<!-- This site is optimized with the Yoast SEO plugin v26.8 - https:\/\/yoast.com\/product\/yoast-seo-wordpress\/ -->\n<title>Rico Design Essentials Super Kid Mohair Loves Silk Colourlove - Happyinaknit.com<\/title>\n<meta name=\"robots\" content=\"index, follow, max-snippet:-1, max-image-preview:large, max-video-preview:-1\" \/>\n<link rel=\"canonical\" href=\"https:\/\/happyinaknit.com\/en\/product\/rico-design-essentials-super-kid-mohair-loves-silk-colourlove\/\" \/>\n<meta property=\"og:locale\" content=\"en_US\" \/>\n<meta property=\"og:type\" content=\"article\" \/>\n<meta property=\"og:title\" content=\"Rico Design Essentials Super Kid Mohair Loves Silk Colourlove - Happyinaknit.com\" \/>\n<meta property=\"og:description\" content=\"Essentials Super Kid Mohair Loves Silk Colourlove \u2013 prabang\u016bs si\u016blai, kuriuose dera \u0161velnus \u201eKid\u201c moheris ir auk\u0161tos kokyb\u0117s \u0161ilkas. \u0160i ypatinga sud\u0117tis sukuria lengv\u0105, pur\u0173 ir prabangiai \u017evilgant\u012f si\u016bl\u0105, o tolygus spalv\u0173 per\u0117jimas suteikia mezginiams eleganti\u0161k\u0105 ir harmoning\u0105 vaizd\u0105. \u0160ie si\u016blai puikiai tinka \u0161alikams, skaroms, megztiniams ar kitiems lengviems ir \u0161velniems projektams, kurie reikalauja subtilaus [&hellip;]\" \/>\n<meta property=\"og:url\" content=\"https:\/\/happyinaknit.com\/en\/product\/rico-design-essentials-super-kid-mohair-loves-silk-colourlove\/\" \/>\n<meta property=\"og:site_name\" content=\"Happyinaknit.com\" \/>\n<meta property=\"article:modified_time\" content=\"2025-11-13T21:42:19+00:00\" \/>\n<meta property=\"og:image\" content=\"https:\/\/happyinaknit.com\/wp-content\/uploads\/2025\/10\/IMG_9115.jpg\" \/>\n\t<meta property=\"og:image:width\" content=\"1320\" \/>\n\t<meta property=\"og:image:height\" content=\"1573\" \/>\n\t<meta property=\"og:image:type\" content=\"image\/jpeg\" \/>\n<meta name=\"twitter:card\" content=\"summary_large_image\" \/>\n<meta name=\"twitter:label1\" content=\"Est. reading time\" \/>\n\t<meta name=\"twitter:data1\" content=\"1 minute\" \/>\n<script type=\"application\/ld+json\" class=\"yoast-schema-graph\">{\"@context\":\"https:\/\/schema.org\",\"@graph\":[{\"@type\":\"WebPage\",\"@id\":\"https:\/\/happyinaknit.com\/produktas\/rico-design-essentials-super-kid-mohair-loves-silk-colourlove\/\",\"url\":\"https:\/\/happyinaknit.com\/produktas\/rico-design-essentials-super-kid-mohair-loves-silk-colourlove\/\",\"name\":\"Rico Design Essentials Super Kid Mohair Loves Silk Colourlove - Happyinaknit.com\",\"isPartOf\":{\"@id\":\"https:\/\/happyinaknit.com\/lt\/#website\"},\"primaryImageOfPage\":{\"@id\":\"https:\/\/happyinaknit.com\/produktas\/rico-design-essentials-super-kid-mohair-loves-silk-colourlove\/#primaryimage\"},\"image\":{\"@id\":\"https:\/\/happyinaknit.com\/produktas\/rico-design-essentials-super-kid-mohair-loves-silk-colourlove\/#primaryimage\"},\"thumbnailUrl\":\"https:\/\/happyinaknit.com\/wp-content\/uploads\/2025\/10\/IMG_9115.jpg\",\"datePublished\":\"2025-10-10T20:35:19+00:00\",\"dateModified\":\"2025-11-13T21:42:19+00:00\",\"breadcrumb\":{\"@id\":\"https:\/\/happyinaknit.com\/produktas\/rico-design-essentials-super-kid-mohair-loves-silk-colourlove\/#breadcrumb\"},\"inLanguage\":\"en-US\",\"potentialAction\":[{\"@type\":\"ReadAction\",\"target\":[\"https:\/\/happyinaknit.com\/produktas\/rico-design-essentials-super-kid-mohair-loves-silk-colourlove\/\"]}]},{\"@type\":\"ImageObject\",\"inLanguage\":\"en-US\",\"@id\":\"https:\/\/happyinaknit.com\/produktas\/rico-design-essentials-super-kid-mohair-loves-silk-colourlove\/#primaryimage\",\"url\":\"https:\/\/happyinaknit.com\/wp-content\/uploads\/2025\/10\/IMG_9115.jpg\",\"contentUrl\":\"https:\/\/happyinaknit.com\/wp-content\/uploads\/2025\/10\/IMG_9115.jpg\",\"width\":1320,\"height\":1573},{\"@type\":\"BreadcrumbList\",\"@id\":\"https:\/\/happyinaknit.com\/produktas\/rico-design-essentials-super-kid-mohair-loves-silk-colourlove\/#breadcrumb\",\"itemListElement\":[{\"@type\":\"ListItem\",\"position\":1,\"name\":\"Home\",\"item\":\"https:\/\/happyinaknit.com\/lt\/\"},{\"@type\":\"ListItem\",\"position\":2,\"name\":\"Parduotuv\u0117\",\"item\":\"https:\/\/happyinaknit.com\/lt\/parduotuve\/\"},{\"@type\":\"ListItem\",\"position\":3,\"name\":\"Rico Design Essentials Super Kid Mohair Loves Silk Colourlove\"}]},{\"@type\":\"WebSite\",\"@id\":\"https:\/\/happyinaknit.com\/lt\/#website\",\"url\":\"https:\/\/happyinaknit.com\/lt\/\",\"name\":\"Happyinaknit.com\",\"description\":\"\",\"potentialAction\":[{\"@type\":\"SearchAction\",\"target\":{\"@type\":\"EntryPoint\",\"urlTemplate\":\"https:\/\/happyinaknit.com\/lt\/?s={search_term_string}\"},\"query-input\":{\"@type\":\"PropertyValueSpecification\",\"valueRequired\":true,\"valueName\":\"search_term_string\"}}],\"inLanguage\":\"en-US\"}]}<\/script>\n<!-- \/ Yoast SEO plugin. -->","yoast_head_json":{"title":"Rico Design Essentials Super Kid Mohair Loves Silk Colourlove - Happyinaknit.com","robots":{"index":"index","follow":"follow","max-snippet":"max-snippet:-1","max-image-preview":"max-image-preview:large","max-video-preview":"max-video-preview:-1"},"canonical":"https:\/\/happyinaknit.com\/en\/product\/rico-design-essentials-super-kid-mohair-loves-silk-colourlove\/","og_locale":"en_US","og_type":"article","og_title":"Rico Design Essentials Super Kid Mohair Loves Silk Colourlove - Happyinaknit.com","og_description":"Essentials Super Kid Mohair Loves Silk Colourlove \u2013 prabang\u016bs si\u016blai, kuriuose dera \u0161velnus \u201eKid\u201c moheris ir auk\u0161tos kokyb\u0117s \u0161ilkas. \u0160i ypatinga sud\u0117tis sukuria lengv\u0105, pur\u0173 ir prabangiai \u017evilgant\u012f si\u016bl\u0105, o tolygus spalv\u0173 per\u0117jimas suteikia mezginiams eleganti\u0161k\u0105 ir harmoning\u0105 vaizd\u0105. \u0160ie si\u016blai puikiai tinka \u0161alikams, skaroms, megztiniams ar kitiems lengviems ir \u0161velniems projektams, kurie reikalauja subtilaus [&hellip;]","og_url":"https:\/\/happyinaknit.com\/en\/product\/rico-design-essentials-super-kid-mohair-loves-silk-colourlove\/","og_site_name":"Happyinaknit.com","article_modified_time":"2025-11-13T21:42:19+00:00","og_image":[{"width":1320,"height":1573,"url":"https:\/\/happyinaknit.com\/wp-content\/uploads\/2025\/10\/IMG_9115.jpg","type":"image\/jpeg"}],"twitter_card":"summary_large_image","twitter_misc":{"Est. reading time":"1 minute"},"schema":{"@context":"https:\/\/schema.org","@graph":[{"@type":"WebPage","@id":"https:\/\/happyinaknit.com\/produktas\/rico-design-essentials-super-kid-mohair-loves-silk-colourlove\/","url":"https:\/\/happyinaknit.com\/produktas\/rico-design-essentials-super-kid-mohair-loves-silk-colourlove\/","name":"Rico Design Essentials Super Kid Mohair Loves Silk Colourlove - Happyinaknit.com","isPartOf":{"@id":"https:\/\/happyinaknit.com\/lt\/#website"},"primaryImageOfPage":{"@id":"https:\/\/happyinaknit.com\/produktas\/rico-design-essentials-super-kid-mohair-loves-silk-colourlove\/#primaryimage"},"image":{"@id":"https:\/\/happyinaknit.com\/produktas\/rico-design-essentials-super-kid-mohair-loves-silk-colourlove\/#primaryimage"},"thumbnailUrl":"https:\/\/happyinaknit.com\/wp-content\/uploads\/2025\/10\/IMG_9115.jpg","datePublished":"2025-10-10T20:35:19+00:00","dateModified":"2025-11-13T21:42:19+00:00","breadcrumb":{"@id":"https:\/\/happyinaknit.com\/produktas\/rico-design-essentials-super-kid-mohair-loves-silk-colourlove\/#breadcrumb"},"inLanguage":"en-US","potentialAction":[{"@type":"ReadAction","target":["https:\/\/happyinaknit.com\/produktas\/rico-design-essentials-super-kid-mohair-loves-silk-colourlove\/"]}]},{"@type":"ImageObject","inLanguage":"en-US","@id":"https:\/\/happyinaknit.com\/produktas\/rico-design-essentials-super-kid-mohair-loves-silk-colourlove\/#primaryimage","url":"https:\/\/happyinaknit.com\/wp-content\/uploads\/2025\/10\/IMG_9115.jpg","contentUrl":"https:\/\/happyinaknit.com\/wp-content\/uploads\/2025\/10\/IMG_9115.jpg","width":1320,"height":1573},{"@type":"BreadcrumbList","@id":"https:\/\/happyinaknit.com\/produktas\/rico-design-essentials-super-kid-mohair-loves-silk-colourlove\/#breadcrumb","itemListElement":[{"@type":"ListItem","position":1,"name":"Home","item":"https:\/\/happyinaknit.com\/lt\/"},{"@type":"ListItem","position":2,"name":"Parduotuv\u0117","item":"https:\/\/happyinaknit.com\/lt\/parduotuve\/"},{"@type":"ListItem","position":3,"name":"Rico Design Essentials Super Kid Mohair Loves Silk Colourlove"}]},{"@type":"WebSite","@id":"https:\/\/happyinaknit.com\/lt\/#website","url":"https:\/\/happyinaknit.com\/lt\/","name":"Happyinaknit.com","description":"","potentialAction":[{"@type":"SearchAction","target":{"@type":"EntryPoint","urlTemplate":"https:\/\/happyinaknit.com\/lt\/?s={search_term_string}"},"query-input":{"@type":"PropertyValueSpecification","valueRequired":true,"valueName":"search_term_string"}}],"inLanguage":"en-US"}]}},"_links":{"self":[{"href":"https:\/\/happyinaknit.com\/en\/wp-json\/wp\/v2\/product\/4275","targetHints":{"allow":["GET"]}}],"collection":[{"href":"https:\/\/happyinaknit.com\/en\/wp-json\/wp\/v2\/product"}],"about":[{"href":"https:\/\/happyinaknit.com\/en\/wp-json\/wp\/v2\/types\/product"}],"replies":[{"embeddable":true,"href":"https:\/\/happyinaknit.com\/en\/wp-json\/wp\/v2\/comments?post=4275"}],"wp:featuredmedia":[{"embeddable":true,"href":"https:\/\/happyinaknit.com\/en\/wp-json\/wp\/v2\/media\/4284"}],"wp:attachment":[{"href":"https:\/\/happyinaknit.com\/en\/wp-json\/wp\/v2\/media?parent=4275"}],"wp:term":[{"taxonomy":"product_brand","embeddable":true,"href":"https:\/\/happyinaknit.com\/en\/wp-json\/wp\/v2\/product_brand?post=4275"},{"taxonomy":"product_cat","embeddable":true,"href":"https:\/\/happyinaknit.com\/en\/wp-json\/wp\/v2\/product_cat?post=4275"},{"taxonomy":"product_tag","embeddable":true,"href":"https:\/\/happyinaknit.com\/en\/wp-json\/wp\/v2\/product_tag?post=4275"},{"taxonomy":"pro-kategorijos","embeddable":true,"href":"https:\/\/happyinaknit.com\/en\/wp-json\/wp\/v2\/pro-kategorijos?post=4275"}],"curies":[{"name":"wp","href":"https:\/\/api.w.org\/{rel}","templated":true}]}}