{"id":4061,"date":"2025-10-10T09:04:06","date_gmt":"2025-10-10T09:04:06","guid":{"rendered":"https:\/\/happyinaknit.com\/?post_type=product&#038;p=4061"},"modified":"2025-11-13T21:38:57","modified_gmt":"2025-11-13T21:38:57","slug":"rico-design-fashion-light-luxury-hand-dyed","status":"publish","type":"product","link":"https:\/\/happyinaknit.com\/en\/product\/rico-design-fashion-light-luxury-hand-dyed\/","title":{"rendered":"Rico Design Fashion Light Luxury Hand Dyed"},"content":{"rendered":"<p data-start=\"0\" data-end=\"347\"><strong data-start=\"0\" data-end=\"34\">Fashion Light Luxury Hand-Dyed<\/strong> \u2013 these are extremely soft threads with <strong data-start=\"69\" data-end=\"95\">hand painting imitation<\/strong>, which are distinguished by their subtle and harmonious color transitions. Each ball looks unique \u2013 as if it were hand-painted. Light, fluffy and warm yarns are ideal for <strong data-start=\"275\" data-end=\"345\" data-is-only-node=\"\">for scarves, sweaters, cardigans and cozy winter accessories.<\/strong><\/p>\n<p data-start=\"349\" data-end=\"631\"><strong data-start=\"349\" data-end=\"361\">Composition:<\/strong> 74 % alpaca, 22 % wool, 4 % nylon<br data-start=\"400\" data-end=\"403\" \/><strong data-start=\"403\" data-end=\"422\" data-is-only-node=\"\">Weight\/Length:<\/strong> 50g \u2013 125m<br data-start=\"435\" data-end=\"438\" \/><strong data-start=\"438\" data-end=\"451\">Density:<\/strong> 10 \u00d7 10 cm \u2013 12 stitches \u00d7 18 rows<br data-start=\"483\" data-end=\"486\" \/><strong data-start=\"486\" data-end=\"514\">Recommended needles:<\/strong> 6.0mm<br data-start=\"521\" data-end=\"524\" \/><strong data-start=\"524\" data-end=\"538\">Care:<\/strong> Wash by hand at a temperature not exceeding 30 \u00b0C, dry flat.<\/p>\n<p data-start=\"633\" data-end=\"721\" data-is-last-node=\"\" data-is-only-node=\"\"><strong data-start=\"633\" data-end=\"645\">Note:<\/strong> Color shades may vary slightly depending on your device&#039;s screen.<\/p>","protected":false},"excerpt":{"rendered":"<p>Fashion Light Luxury Hand-Dyed \u2013 tai ypatingai \u0161veln\u016bs si\u016blai su rank\u0173 da\u017eymo imitacija, kurie i\u0161siskiria subtiliais ir harmoningais spalv\u0173 per\u0117jimais. Kiekvienas kamuoliukas atrodo unikalus \u2013 tarsi b\u016bt\u0173 da\u017eytas rankomis. Lengvi, pur\u016bs ir \u0161ilti si\u016blai idealiai tinka \u0161alikams, megztiniams, kardiganams ir jaukiems \u017eiemos aksesuarams. Sud\u0117tis: 74 % alpakos, 22 % vilna, 4 % nailonasSvoris \/ ilgis: [&hellip;]<\/p>\n","protected":false},"featured_media":4070,"comment_status":"open","ping_status":"closed","template":"","meta":{"_acf_changed":false},"product_brand":[68],"product_cat":[15,18],"product_tag":[],"pro-kategorijos":[54,56],"class_list":{"0":"post-4061","1":"product","2":"type-product","3":"status-publish","4":"has-post-thumbnail","6":"product_brand-rico-design","7":"product_cat-visi-produktai","8":"product_cat-siulai","9":"pro-kategorijos-alpaka","10":"pro-kategorijos-vilna","12":"first","13":"instock","14":"shipping-taxable","15":"purchasable","16":"product-type-variable"},"acf":[],"yoast_head":"<!-- This site is optimized with the Yoast SEO plugin v26.8 - https:\/\/yoast.com\/product\/yoast-seo-wordpress\/ -->\n<title>Rico Design Fashion Light Luxury Hand Dyed - Happyinaknit.com<\/title>\n<meta name=\"robots\" content=\"index, follow, max-snippet:-1, max-image-preview:large, max-video-preview:-1\" \/>\n<link rel=\"canonical\" href=\"https:\/\/happyinaknit.com\/en\/product\/rico-design-fashion-light-luxury-hand-dyed\/\" \/>\n<meta property=\"og:locale\" content=\"en_US\" \/>\n<meta property=\"og:type\" content=\"article\" \/>\n<meta property=\"og:title\" content=\"Rico Design Fashion Light Luxury Hand Dyed - Happyinaknit.com\" \/>\n<meta property=\"og:description\" content=\"Fashion Light Luxury Hand-Dyed \u2013 tai ypatingai \u0161veln\u016bs si\u016blai su rank\u0173 da\u017eymo imitacija, kurie i\u0161siskiria subtiliais ir harmoningais spalv\u0173 per\u0117jimais. Kiekvienas kamuoliukas atrodo unikalus \u2013 tarsi b\u016bt\u0173 da\u017eytas rankomis. Lengvi, pur\u016bs ir \u0161ilti si\u016blai idealiai tinka \u0161alikams, megztiniams, kardiganams ir jaukiems \u017eiemos aksesuarams. Sud\u0117tis: 74 % alpakos, 22 % vilna, 4 % nailonasSvoris \/ ilgis: [&hellip;]\" \/>\n<meta property=\"og:url\" content=\"https:\/\/happyinaknit.com\/en\/product\/rico-design-fashion-light-luxury-hand-dyed\/\" \/>\n<meta property=\"og:site_name\" content=\"Happyinaknit.com\" \/>\n<meta property=\"article:modified_time\" content=\"2025-11-13T21:38:57+00:00\" \/>\n<meta property=\"og:image\" content=\"https:\/\/happyinaknit.com\/wp-content\/uploads\/2025\/10\/IMG_8971.jpg\" \/>\n\t<meta property=\"og:image:width\" content=\"1320\" \/>\n\t<meta property=\"og:image:height\" content=\"1259\" \/>\n\t<meta property=\"og:image:type\" content=\"image\/jpeg\" \/>\n<meta name=\"twitter:card\" content=\"summary_large_image\" \/>\n<script type=\"application\/ld+json\" class=\"yoast-schema-graph\">{\"@context\":\"https:\/\/schema.org\",\"@graph\":[{\"@type\":\"WebPage\",\"@id\":\"https:\/\/happyinaknit.com\/produktas\/rico-design-fashion-light-luxury-hand-dyed\/\",\"url\":\"https:\/\/happyinaknit.com\/produktas\/rico-design-fashion-light-luxury-hand-dyed\/\",\"name\":\"Rico Design Fashion Light Luxury Hand Dyed - Happyinaknit.com\",\"isPartOf\":{\"@id\":\"https:\/\/happyinaknit.com\/lt\/#website\"},\"primaryImageOfPage\":{\"@id\":\"https:\/\/happyinaknit.com\/produktas\/rico-design-fashion-light-luxury-hand-dyed\/#primaryimage\"},\"image\":{\"@id\":\"https:\/\/happyinaknit.com\/produktas\/rico-design-fashion-light-luxury-hand-dyed\/#primaryimage\"},\"thumbnailUrl\":\"https:\/\/happyinaknit.com\/wp-content\/uploads\/2025\/10\/IMG_8971.jpg\",\"datePublished\":\"2025-10-10T09:04:06+00:00\",\"dateModified\":\"2025-11-13T21:38:57+00:00\",\"breadcrumb\":{\"@id\":\"https:\/\/happyinaknit.com\/produktas\/rico-design-fashion-light-luxury-hand-dyed\/#breadcrumb\"},\"inLanguage\":\"en-US\",\"potentialAction\":[{\"@type\":\"ReadAction\",\"target\":[\"https:\/\/happyinaknit.com\/produktas\/rico-design-fashion-light-luxury-hand-dyed\/\"]}]},{\"@type\":\"ImageObject\",\"inLanguage\":\"en-US\",\"@id\":\"https:\/\/happyinaknit.com\/produktas\/rico-design-fashion-light-luxury-hand-dyed\/#primaryimage\",\"url\":\"https:\/\/happyinaknit.com\/wp-content\/uploads\/2025\/10\/IMG_8971.jpg\",\"contentUrl\":\"https:\/\/happyinaknit.com\/wp-content\/uploads\/2025\/10\/IMG_8971.jpg\",\"width\":1320,\"height\":1259},{\"@type\":\"BreadcrumbList\",\"@id\":\"https:\/\/happyinaknit.com\/produktas\/rico-design-fashion-light-luxury-hand-dyed\/#breadcrumb\",\"itemListElement\":[{\"@type\":\"ListItem\",\"position\":1,\"name\":\"Home\",\"item\":\"https:\/\/happyinaknit.com\/lt\/\"},{\"@type\":\"ListItem\",\"position\":2,\"name\":\"Parduotuv\u0117\",\"item\":\"https:\/\/happyinaknit.com\/lt\/parduotuve\/\"},{\"@type\":\"ListItem\",\"position\":3,\"name\":\"Rico Design Fashion Light Luxury Hand Dyed\"}]},{\"@type\":\"WebSite\",\"@id\":\"https:\/\/happyinaknit.com\/lt\/#website\",\"url\":\"https:\/\/happyinaknit.com\/lt\/\",\"name\":\"Happyinaknit.com\",\"description\":\"\",\"potentialAction\":[{\"@type\":\"SearchAction\",\"target\":{\"@type\":\"EntryPoint\",\"urlTemplate\":\"https:\/\/happyinaknit.com\/lt\/?s={search_term_string}\"},\"query-input\":{\"@type\":\"PropertyValueSpecification\",\"valueRequired\":true,\"valueName\":\"search_term_string\"}}],\"inLanguage\":\"en-US\"}]}<\/script>\n<!-- \/ Yoast SEO plugin. -->","yoast_head_json":{"title":"Rico Design Fashion Light Luxury Hand Dyed - Happyinaknit.com","robots":{"index":"index","follow":"follow","max-snippet":"max-snippet:-1","max-image-preview":"max-image-preview:large","max-video-preview":"max-video-preview:-1"},"canonical":"https:\/\/happyinaknit.com\/en\/product\/rico-design-fashion-light-luxury-hand-dyed\/","og_locale":"en_US","og_type":"article","og_title":"Rico Design Fashion Light Luxury Hand Dyed - Happyinaknit.com","og_description":"Fashion Light Luxury Hand-Dyed \u2013 tai ypatingai \u0161veln\u016bs si\u016blai su rank\u0173 da\u017eymo imitacija, kurie i\u0161siskiria subtiliais ir harmoningais spalv\u0173 per\u0117jimais. Kiekvienas kamuoliukas atrodo unikalus \u2013 tarsi b\u016bt\u0173 da\u017eytas rankomis. Lengvi, pur\u016bs ir \u0161ilti si\u016blai idealiai tinka \u0161alikams, megztiniams, kardiganams ir jaukiems \u017eiemos aksesuarams. Sud\u0117tis: 74 % alpakos, 22 % vilna, 4 % nailonasSvoris \/ ilgis: [&hellip;]","og_url":"https:\/\/happyinaknit.com\/en\/product\/rico-design-fashion-light-luxury-hand-dyed\/","og_site_name":"Happyinaknit.com","article_modified_time":"2025-11-13T21:38:57+00:00","og_image":[{"width":1320,"height":1259,"url":"https:\/\/happyinaknit.com\/wp-content\/uploads\/2025\/10\/IMG_8971.jpg","type":"image\/jpeg"}],"twitter_card":"summary_large_image","schema":{"@context":"https:\/\/schema.org","@graph":[{"@type":"WebPage","@id":"https:\/\/happyinaknit.com\/produktas\/rico-design-fashion-light-luxury-hand-dyed\/","url":"https:\/\/happyinaknit.com\/produktas\/rico-design-fashion-light-luxury-hand-dyed\/","name":"Rico Design Fashion Light Luxury Hand Dyed - Happyinaknit.com","isPartOf":{"@id":"https:\/\/happyinaknit.com\/lt\/#website"},"primaryImageOfPage":{"@id":"https:\/\/happyinaknit.com\/produktas\/rico-design-fashion-light-luxury-hand-dyed\/#primaryimage"},"image":{"@id":"https:\/\/happyinaknit.com\/produktas\/rico-design-fashion-light-luxury-hand-dyed\/#primaryimage"},"thumbnailUrl":"https:\/\/happyinaknit.com\/wp-content\/uploads\/2025\/10\/IMG_8971.jpg","datePublished":"2025-10-10T09:04:06+00:00","dateModified":"2025-11-13T21:38:57+00:00","breadcrumb":{"@id":"https:\/\/happyinaknit.com\/produktas\/rico-design-fashion-light-luxury-hand-dyed\/#breadcrumb"},"inLanguage":"en-US","potentialAction":[{"@type":"ReadAction","target":["https:\/\/happyinaknit.com\/produktas\/rico-design-fashion-light-luxury-hand-dyed\/"]}]},{"@type":"ImageObject","inLanguage":"en-US","@id":"https:\/\/happyinaknit.com\/produktas\/rico-design-fashion-light-luxury-hand-dyed\/#primaryimage","url":"https:\/\/happyinaknit.com\/wp-content\/uploads\/2025\/10\/IMG_8971.jpg","contentUrl":"https:\/\/happyinaknit.com\/wp-content\/uploads\/2025\/10\/IMG_8971.jpg","width":1320,"height":1259},{"@type":"BreadcrumbList","@id":"https:\/\/happyinaknit.com\/produktas\/rico-design-fashion-light-luxury-hand-dyed\/#breadcrumb","itemListElement":[{"@type":"ListItem","position":1,"name":"Home","item":"https:\/\/happyinaknit.com\/lt\/"},{"@type":"ListItem","position":2,"name":"Parduotuv\u0117","item":"https:\/\/happyinaknit.com\/lt\/parduotuve\/"},{"@type":"ListItem","position":3,"name":"Rico Design Fashion Light Luxury Hand Dyed"}]},{"@type":"WebSite","@id":"https:\/\/happyinaknit.com\/lt\/#website","url":"https:\/\/happyinaknit.com\/lt\/","name":"Happyinaknit.com","description":"","potentialAction":[{"@type":"SearchAction","target":{"@type":"EntryPoint","urlTemplate":"https:\/\/happyinaknit.com\/lt\/?s={search_term_string}"},"query-input":{"@type":"PropertyValueSpecification","valueRequired":true,"valueName":"search_term_string"}}],"inLanguage":"en-US"}]}},"_links":{"self":[{"href":"https:\/\/happyinaknit.com\/en\/wp-json\/wp\/v2\/product\/4061","targetHints":{"allow":["GET"]}}],"collection":[{"href":"https:\/\/happyinaknit.com\/en\/wp-json\/wp\/v2\/product"}],"about":[{"href":"https:\/\/happyinaknit.com\/en\/wp-json\/wp\/v2\/types\/product"}],"replies":[{"embeddable":true,"href":"https:\/\/happyinaknit.com\/en\/wp-json\/wp\/v2\/comments?post=4061"}],"wp:featuredmedia":[{"embeddable":true,"href":"https:\/\/happyinaknit.com\/en\/wp-json\/wp\/v2\/media\/4070"}],"wp:attachment":[{"href":"https:\/\/happyinaknit.com\/en\/wp-json\/wp\/v2\/media?parent=4061"}],"wp:term":[{"taxonomy":"product_brand","embeddable":true,"href":"https:\/\/happyinaknit.com\/en\/wp-json\/wp\/v2\/product_brand?post=4061"},{"taxonomy":"product_cat","embeddable":true,"href":"https:\/\/happyinaknit.com\/en\/wp-json\/wp\/v2\/product_cat?post=4061"},{"taxonomy":"product_tag","embeddable":true,"href":"https:\/\/happyinaknit.com\/en\/wp-json\/wp\/v2\/product_tag?post=4061"},{"taxonomy":"pro-kategorijos","embeddable":true,"href":"https:\/\/happyinaknit.com\/en\/wp-json\/wp\/v2\/pro-kategorijos?post=4061"}],"curies":[{"name":"wp","href":"https:\/\/api.w.org\/{rel}","templated":true}]}}