{"id":4042,"date":"2025-10-10T08:39:39","date_gmt":"2025-10-10T08:39:39","guid":{"rendered":"https:\/\/happyinaknit.com\/?post_type=product&#038;p=4042"},"modified":"2025-11-13T21:38:38","modified_gmt":"2025-11-13T21:38:38","slug":"rico-design-essentials-super-kid-mohair-loves-silk-glamorous-glitter","status":"publish","type":"product","link":"https:\/\/happyinaknit.com\/en\/product\/rico-design-essentials-super-kid-mohair-loves-silk-glamorous-glitter\/","title":{"rendered":"Rico Design Essentials Super Kid Mohair Loves Silk Glamorous Glitter"},"content":{"rendered":"<p data-start=\"0\" data-end=\"394\"><strong data-start=\"0\" data-end=\"60\">Essentials Super Kid Mohair Loves Silk Glamorous Glitter<\/strong> - This is a high quality yarn with a subtle sheen. The luxurious composition of super kid mohair, silk and merino wool, interwoven with a fine metallic thread, gives this combination of yarns an elegant and sophisticated glow. Soft and lightweight yarns are perfect for creating soft sweaters, scarves or lightweight accessories.<\/p>\n<p data-start=\"396\" data-end=\"646\"><strong data-start=\"396\" data-end=\"408\">Composition:<\/strong> 50 % mohair, 29 % silk, 18 % wool, 3 % lurex<br data-start=\"461\" data-end=\"464\" \/><strong data-start=\"464\" data-end=\"483\" data-is-only-node=\"\">Weight\/Length:<\/strong> 25g \u2013 190m<br data-start=\"496\" data-end=\"499\" \/><strong data-start=\"499\" data-end=\"523\">Density (10 \u00d7 10 cm):<\/strong> 20 mesh \u00d7 30 rows<br data-start=\"542\" data-end=\"545\" \/><strong data-start=\"545\" data-end=\"573\">Recommended needles:<\/strong> 4.0 \u2013 4.5 mm<br data-start=\"586\" data-end=\"589\" \/><strong data-start=\"589\" data-end=\"599\">Suitable for:<\/strong> scarves, sweaters, shawls, accessories.<\/p>\n<p data-start=\"648\" data-end=\"736\" data-is-last-node=\"\" data-is-only-node=\"\"><strong data-start=\"648\" data-end=\"660\">Note:<\/strong> Color shades may vary slightly depending on your device&#039;s screen.<\/p>","protected":false},"excerpt":{"rendered":"<p>Essentials Super Kid Mohair Loves Silk Glamorous Glitter \u2013 tai auk\u0161tos kokyb\u0117s si\u016blai su subtiliu blizgesiu. Prabangi sud\u0117tis \u2013 super kid moheris, \u0161ilkas ir merino vilna, persipynusi su plonu metalizuotu si\u016blu \u2013 suteikia \u0161iai gij\u0173 kombinacijai eleganti\u0161k\u0105 ir rafinuot\u0105 spindes\u012f. Mink\u0161ti ir lengvi si\u016blai puikiai tinka \u0161velniems megztiniams, skaroms ar lengviems aksesuarams kurti. Sud\u0117tis: 50 [&hellip;]<\/p>\n","protected":false},"featured_media":4048,"comment_status":"open","ping_status":"closed","template":"","meta":{"_acf_changed":false},"product_brand":[68],"product_cat":[15,18,323],"product_tag":[],"pro-kategorijos":[87,74,77,56],"class_list":{"0":"post-4042","1":"product","2":"type-product","3":"status-publish","4":"has-post-thumbnail","6":"product_brand-rico-design","7":"product_cat-visi-produktai","8":"product_cat-siulai","9":"product_cat-siulai-su-lureksu-ir-zvyneliais","10":"pro-kategorijos-liureksas","11":"pro-kategorijos-moheras","12":"pro-kategorijos-silkas","13":"pro-kategorijos-vilna","15":"first","16":"instock","17":"shipping-taxable","18":"purchasable","19":"product-type-variable"},"acf":[],"yoast_head":"<!-- This site is optimized with the Yoast SEO plugin v26.8 - https:\/\/yoast.com\/product\/yoast-seo-wordpress\/ -->\n<title>Rico Design Essentials Super Kid Mohair Loves Silk Glamorous Glitter - Happyinaknit.com<\/title>\n<meta name=\"robots\" content=\"index, follow, max-snippet:-1, max-image-preview:large, max-video-preview:-1\" \/>\n<link rel=\"canonical\" href=\"https:\/\/happyinaknit.com\/en\/product\/rico-design-essentials-super-kid-mohair-loves-silk-glamorous-glitter\/\" \/>\n<meta property=\"og:locale\" content=\"en_US\" \/>\n<meta property=\"og:type\" content=\"article\" \/>\n<meta property=\"og:title\" content=\"Rico Design Essentials Super Kid Mohair Loves Silk Glamorous Glitter - Happyinaknit.com\" \/>\n<meta property=\"og:description\" content=\"Essentials Super Kid Mohair Loves Silk Glamorous Glitter \u2013 tai auk\u0161tos kokyb\u0117s si\u016blai su subtiliu blizgesiu. Prabangi sud\u0117tis \u2013 super kid moheris, \u0161ilkas ir merino vilna, persipynusi su plonu metalizuotu si\u016blu \u2013 suteikia \u0161iai gij\u0173 kombinacijai eleganti\u0161k\u0105 ir rafinuot\u0105 spindes\u012f. Mink\u0161ti ir lengvi si\u016blai puikiai tinka \u0161velniems megztiniams, skaroms ar lengviems aksesuarams kurti. Sud\u0117tis: 50 [&hellip;]\" \/>\n<meta property=\"og:url\" content=\"https:\/\/happyinaknit.com\/en\/product\/rico-design-essentials-super-kid-mohair-loves-silk-glamorous-glitter\/\" \/>\n<meta property=\"og:site_name\" content=\"Happyinaknit.com\" \/>\n<meta property=\"article:modified_time\" content=\"2025-11-13T21:38:38+00:00\" \/>\n<meta property=\"og:image\" content=\"https:\/\/happyinaknit.com\/wp-content\/uploads\/2025\/10\/IMG_8956.jpg\" \/>\n\t<meta property=\"og:image:width\" content=\"1320\" \/>\n\t<meta property=\"og:image:height\" content=\"1464\" \/>\n\t<meta property=\"og:image:type\" content=\"image\/jpeg\" \/>\n<meta name=\"twitter:card\" content=\"summary_large_image\" \/>\n<script type=\"application\/ld+json\" class=\"yoast-schema-graph\">{\"@context\":\"https:\/\/schema.org\",\"@graph\":[{\"@type\":\"WebPage\",\"@id\":\"https:\/\/happyinaknit.com\/produktas\/rico-design-essentials-super-kid-mohair-loves-silk-glamorous-glitter\/\",\"url\":\"https:\/\/happyinaknit.com\/produktas\/rico-design-essentials-super-kid-mohair-loves-silk-glamorous-glitter\/\",\"name\":\"Rico Design Essentials Super Kid Mohair Loves Silk Glamorous Glitter - Happyinaknit.com\",\"isPartOf\":{\"@id\":\"https:\/\/happyinaknit.com\/lt\/#website\"},\"primaryImageOfPage\":{\"@id\":\"https:\/\/happyinaknit.com\/produktas\/rico-design-essentials-super-kid-mohair-loves-silk-glamorous-glitter\/#primaryimage\"},\"image\":{\"@id\":\"https:\/\/happyinaknit.com\/produktas\/rico-design-essentials-super-kid-mohair-loves-silk-glamorous-glitter\/#primaryimage\"},\"thumbnailUrl\":\"https:\/\/happyinaknit.com\/wp-content\/uploads\/2025\/10\/IMG_8956.jpg\",\"datePublished\":\"2025-10-10T08:39:39+00:00\",\"dateModified\":\"2025-11-13T21:38:38+00:00\",\"breadcrumb\":{\"@id\":\"https:\/\/happyinaknit.com\/produktas\/rico-design-essentials-super-kid-mohair-loves-silk-glamorous-glitter\/#breadcrumb\"},\"inLanguage\":\"en-US\",\"potentialAction\":[{\"@type\":\"ReadAction\",\"target\":[\"https:\/\/happyinaknit.com\/produktas\/rico-design-essentials-super-kid-mohair-loves-silk-glamorous-glitter\/\"]}]},{\"@type\":\"ImageObject\",\"inLanguage\":\"en-US\",\"@id\":\"https:\/\/happyinaknit.com\/produktas\/rico-design-essentials-super-kid-mohair-loves-silk-glamorous-glitter\/#primaryimage\",\"url\":\"https:\/\/happyinaknit.com\/wp-content\/uploads\/2025\/10\/IMG_8956.jpg\",\"contentUrl\":\"https:\/\/happyinaknit.com\/wp-content\/uploads\/2025\/10\/IMG_8956.jpg\",\"width\":1320,\"height\":1464},{\"@type\":\"BreadcrumbList\",\"@id\":\"https:\/\/happyinaknit.com\/produktas\/rico-design-essentials-super-kid-mohair-loves-silk-glamorous-glitter\/#breadcrumb\",\"itemListElement\":[{\"@type\":\"ListItem\",\"position\":1,\"name\":\"Home\",\"item\":\"https:\/\/happyinaknit.com\/lt\/\"},{\"@type\":\"ListItem\",\"position\":2,\"name\":\"Parduotuv\u0117\",\"item\":\"https:\/\/happyinaknit.com\/lt\/parduotuve\/\"},{\"@type\":\"ListItem\",\"position\":3,\"name\":\"Rico Design Essentials Super Kid Mohair Loves Silk Glamorous Glitter\"}]},{\"@type\":\"WebSite\",\"@id\":\"https:\/\/happyinaknit.com\/lt\/#website\",\"url\":\"https:\/\/happyinaknit.com\/lt\/\",\"name\":\"Happyinaknit.com\",\"description\":\"\",\"potentialAction\":[{\"@type\":\"SearchAction\",\"target\":{\"@type\":\"EntryPoint\",\"urlTemplate\":\"https:\/\/happyinaknit.com\/lt\/?s={search_term_string}\"},\"query-input\":{\"@type\":\"PropertyValueSpecification\",\"valueRequired\":true,\"valueName\":\"search_term_string\"}}],\"inLanguage\":\"en-US\"}]}<\/script>\n<!-- \/ Yoast SEO plugin. -->","yoast_head_json":{"title":"Rico Design Essentials Super Kid Mohair Loves Silk Glamorous Glitter - Happyinaknit.com","robots":{"index":"index","follow":"follow","max-snippet":"max-snippet:-1","max-image-preview":"max-image-preview:large","max-video-preview":"max-video-preview:-1"},"canonical":"https:\/\/happyinaknit.com\/en\/product\/rico-design-essentials-super-kid-mohair-loves-silk-glamorous-glitter\/","og_locale":"en_US","og_type":"article","og_title":"Rico Design Essentials Super Kid Mohair Loves Silk Glamorous Glitter - Happyinaknit.com","og_description":"Essentials Super Kid Mohair Loves Silk Glamorous Glitter \u2013 tai auk\u0161tos kokyb\u0117s si\u016blai su subtiliu blizgesiu. Prabangi sud\u0117tis \u2013 super kid moheris, \u0161ilkas ir merino vilna, persipynusi su plonu metalizuotu si\u016blu \u2013 suteikia \u0161iai gij\u0173 kombinacijai eleganti\u0161k\u0105 ir rafinuot\u0105 spindes\u012f. Mink\u0161ti ir lengvi si\u016blai puikiai tinka \u0161velniems megztiniams, skaroms ar lengviems aksesuarams kurti. Sud\u0117tis: 50 [&hellip;]","og_url":"https:\/\/happyinaknit.com\/en\/product\/rico-design-essentials-super-kid-mohair-loves-silk-glamorous-glitter\/","og_site_name":"Happyinaknit.com","article_modified_time":"2025-11-13T21:38:38+00:00","og_image":[{"width":1320,"height":1464,"url":"https:\/\/happyinaknit.com\/wp-content\/uploads\/2025\/10\/IMG_8956.jpg","type":"image\/jpeg"}],"twitter_card":"summary_large_image","schema":{"@context":"https:\/\/schema.org","@graph":[{"@type":"WebPage","@id":"https:\/\/happyinaknit.com\/produktas\/rico-design-essentials-super-kid-mohair-loves-silk-glamorous-glitter\/","url":"https:\/\/happyinaknit.com\/produktas\/rico-design-essentials-super-kid-mohair-loves-silk-glamorous-glitter\/","name":"Rico Design Essentials Super Kid Mohair Loves Silk Glamorous Glitter - Happyinaknit.com","isPartOf":{"@id":"https:\/\/happyinaknit.com\/lt\/#website"},"primaryImageOfPage":{"@id":"https:\/\/happyinaknit.com\/produktas\/rico-design-essentials-super-kid-mohair-loves-silk-glamorous-glitter\/#primaryimage"},"image":{"@id":"https:\/\/happyinaknit.com\/produktas\/rico-design-essentials-super-kid-mohair-loves-silk-glamorous-glitter\/#primaryimage"},"thumbnailUrl":"https:\/\/happyinaknit.com\/wp-content\/uploads\/2025\/10\/IMG_8956.jpg","datePublished":"2025-10-10T08:39:39+00:00","dateModified":"2025-11-13T21:38:38+00:00","breadcrumb":{"@id":"https:\/\/happyinaknit.com\/produktas\/rico-design-essentials-super-kid-mohair-loves-silk-glamorous-glitter\/#breadcrumb"},"inLanguage":"en-US","potentialAction":[{"@type":"ReadAction","target":["https:\/\/happyinaknit.com\/produktas\/rico-design-essentials-super-kid-mohair-loves-silk-glamorous-glitter\/"]}]},{"@type":"ImageObject","inLanguage":"en-US","@id":"https:\/\/happyinaknit.com\/produktas\/rico-design-essentials-super-kid-mohair-loves-silk-glamorous-glitter\/#primaryimage","url":"https:\/\/happyinaknit.com\/wp-content\/uploads\/2025\/10\/IMG_8956.jpg","contentUrl":"https:\/\/happyinaknit.com\/wp-content\/uploads\/2025\/10\/IMG_8956.jpg","width":1320,"height":1464},{"@type":"BreadcrumbList","@id":"https:\/\/happyinaknit.com\/produktas\/rico-design-essentials-super-kid-mohair-loves-silk-glamorous-glitter\/#breadcrumb","itemListElement":[{"@type":"ListItem","position":1,"name":"Home","item":"https:\/\/happyinaknit.com\/lt\/"},{"@type":"ListItem","position":2,"name":"Parduotuv\u0117","item":"https:\/\/happyinaknit.com\/lt\/parduotuve\/"},{"@type":"ListItem","position":3,"name":"Rico Design Essentials Super Kid Mohair Loves Silk Glamorous Glitter"}]},{"@type":"WebSite","@id":"https:\/\/happyinaknit.com\/lt\/#website","url":"https:\/\/happyinaknit.com\/lt\/","name":"Happyinaknit.com","description":"","potentialAction":[{"@type":"SearchAction","target":{"@type":"EntryPoint","urlTemplate":"https:\/\/happyinaknit.com\/lt\/?s={search_term_string}"},"query-input":{"@type":"PropertyValueSpecification","valueRequired":true,"valueName":"search_term_string"}}],"inLanguage":"en-US"}]}},"_links":{"self":[{"href":"https:\/\/happyinaknit.com\/en\/wp-json\/wp\/v2\/product\/4042","targetHints":{"allow":["GET"]}}],"collection":[{"href":"https:\/\/happyinaknit.com\/en\/wp-json\/wp\/v2\/product"}],"about":[{"href":"https:\/\/happyinaknit.com\/en\/wp-json\/wp\/v2\/types\/product"}],"replies":[{"embeddable":true,"href":"https:\/\/happyinaknit.com\/en\/wp-json\/wp\/v2\/comments?post=4042"}],"wp:featuredmedia":[{"embeddable":true,"href":"https:\/\/happyinaknit.com\/en\/wp-json\/wp\/v2\/media\/4048"}],"wp:attachment":[{"href":"https:\/\/happyinaknit.com\/en\/wp-json\/wp\/v2\/media?parent=4042"}],"wp:term":[{"taxonomy":"product_brand","embeddable":true,"href":"https:\/\/happyinaknit.com\/en\/wp-json\/wp\/v2\/product_brand?post=4042"},{"taxonomy":"product_cat","embeddable":true,"href":"https:\/\/happyinaknit.com\/en\/wp-json\/wp\/v2\/product_cat?post=4042"},{"taxonomy":"product_tag","embeddable":true,"href":"https:\/\/happyinaknit.com\/en\/wp-json\/wp\/v2\/product_tag?post=4042"},{"taxonomy":"pro-kategorijos","embeddable":true,"href":"https:\/\/happyinaknit.com\/en\/wp-json\/wp\/v2\/pro-kategorijos?post=4042"}],"curies":[{"name":"wp","href":"https:\/\/api.w.org\/{rel}","templated":true}]}}