{"id":4009,"date":"2025-10-09T13:05:45","date_gmt":"2025-10-09T13:05:45","guid":{"rendered":"https:\/\/happyinaknit.com\/?post_type=product&#038;p=4009"},"modified":"2026-02-04T09:50:35","modified_gmt":"2026-02-04T09:50:35","slug":"concept-by-katia-symmetric-socks-more-illusion","status":"publish","type":"product","link":"https:\/\/happyinaknit.com\/en\/product\/concept-by-katia-symmetric-socks-more-illusion\/","title":{"rendered":"Concept by Katia SYMMETRIC SOCKS &amp; MORE - ILLUSION"},"content":{"rendered":"<p data-start=\"83\" data-end=\"479\"><strong data-start=\"83\" data-end=\"126\">Concept Illusion Symmetric Socks &amp; More<\/strong> - is an innovative 4-ply yarn with a perfectly repeating colour pattern, giving your every knit a very neat and professional look. The playful colour effect combines bold stripes and soft gradients, making this yarn the perfect choice for unique socks, scarves or snood neck accessories.<\/p>\n<p data-start=\"481\" data-end=\"648\">With just one ball, you can knit a pair of colourful socks up to size 44 or an elegant scarf-snood. Enjoy the creative process and the vibrant result!<\/p>\n<p data-start=\"650\" data-end=\"946\"><strong data-start=\"650\" data-end=\"662\">Composition:<\/strong> 75 % wool (superwash), 25 % polyamide<br data-start=\"702\" data-end=\"705\" \/><strong data-start=\"705\" data-end=\"724\">Weight\/Length:<\/strong> 80g \u2013 320m<br data-start=\"737\" data-end=\"740\" \/><strong data-start=\"740\" data-end=\"766\">Density: <\/strong>10 \u00d7 10 cm \u2013 30 mesh \u00d7 42 rows<br data-start=\"785\" data-end=\"788\" data-is-only-node=\"\" \/><strong data-start=\"788\" data-end=\"816\">Recommended needles:<\/strong> 2.5-3.0mm<br data-start=\"827\" data-end=\"830\" \/><strong data-start=\"830\" data-end=\"841\">Yield:<\/strong><br data-start=\"841\" data-end=\"844\" \/>\u2013 1 ball (80 g) is enough for a pair of socks up to size 44<br data-start=\"901\" data-end=\"904\" \/>\u2013 50 g is enough for a pair of socks size 28\u201329<\/p>\n<p data-start=\"948\" data-end=\"1012\"><strong data-start=\"948\" data-end=\"958\">Suitable for:<\/strong> socks, scarves, snoods, gloves, hats.<\/p>\n<p data-start=\"1014\" data-end=\"1210\" data-is-last-node=\"\" data-is-only-node=\"\"><strong data-start=\"1014\" data-end=\"1028\">Care:<\/strong> Wash by hand at a temperature not exceeding 30 \u00b0C, dry flat.<\/p>\n<p data-start=\"1014\" data-end=\"1210\" data-is-last-node=\"\" data-is-only-node=\"\"><br data-start=\"1119\" data-end=\"1122\" \/><strong data-start=\"1122\" data-end=\"1134\">Note:<\/strong> Color shades may vary slightly depending on your device&#039;s screen.<\/p>","protected":false},"excerpt":{"rendered":"<p>Concept Illusion \u00a0Symmetric Socks &amp; More \u2013 tai novatori\u0161ki 4 sluoksni\u0173 si\u016blai, kuri\u0173 spalvinis ra\u0161tas idealiai kartojasi, tod\u0117l kiekvienas j\u016bs\u0173 mezginys atrodo itin tvarkingai ir profesionaliai. \u017daismingas spalv\u0173 efektas sujungia dr\u0105sias juosteles ir \u0161velnius gradientus, tod\u0117l \u0161ie si\u016blai \u2013 puikus pasirinkimas i\u0161skirtin\u0117ms kojin\u0117ms, \u0161alikams ar snood tipo kaklo aksesuarams. Vos vienas kamuoliukas leis jums numegzti [&hellip;]<\/p>\n","protected":false},"featured_media":4006,"comment_status":"open","ping_status":"closed","template":"","meta":{"_acf_changed":false},"product_brand":[69],"product_cat":[15,18,94],"product_tag":[],"pro-kategorijos":[56],"class_list":{"0":"post-4009","1":"product","2":"type-product","3":"status-publish","4":"has-post-thumbnail","6":"product_brand-concept-by-katia","7":"product_cat-visi-produktai","8":"product_cat-siulai","9":"product_cat-siulai-kojinems","10":"pro-kategorijos-vilna","12":"first","13":"instock","14":"shipping-taxable","15":"purchasable","16":"product-type-variable"},"acf":[],"yoast_head":"<!-- This site is optimized with the Yoast SEO plugin v26.8 - https:\/\/yoast.com\/product\/yoast-seo-wordpress\/ -->\n<title>Concept by Katia SYMMETRIC SOCKS &amp; MORE - ILLUSION - Happyinaknit.com<\/title>\n<meta name=\"robots\" content=\"index, follow, max-snippet:-1, max-image-preview:large, max-video-preview:-1\" \/>\n<link rel=\"canonical\" href=\"https:\/\/happyinaknit.com\/en\/product\/concept-by-katia-symmetric-socks-more-illusion\/\" \/>\n<meta property=\"og:locale\" content=\"en_US\" \/>\n<meta property=\"og:type\" content=\"article\" \/>\n<meta property=\"og:title\" content=\"Concept by Katia SYMMETRIC SOCKS &amp; MORE - ILLUSION - Happyinaknit.com\" \/>\n<meta property=\"og:description\" content=\"Concept Illusion \u00a0Symmetric Socks &amp; More \u2013 tai novatori\u0161ki 4 sluoksni\u0173 si\u016blai, kuri\u0173 spalvinis ra\u0161tas idealiai kartojasi, tod\u0117l kiekvienas j\u016bs\u0173 mezginys atrodo itin tvarkingai ir profesionaliai. \u017daismingas spalv\u0173 efektas sujungia dr\u0105sias juosteles ir \u0161velnius gradientus, tod\u0117l \u0161ie si\u016blai \u2013 puikus pasirinkimas i\u0161skirtin\u0117ms kojin\u0117ms, \u0161alikams ar snood tipo kaklo aksesuarams. Vos vienas kamuoliukas leis jums numegzti [&hellip;]\" \/>\n<meta property=\"og:url\" content=\"https:\/\/happyinaknit.com\/en\/product\/concept-by-katia-symmetric-socks-more-illusion\/\" \/>\n<meta property=\"og:site_name\" content=\"Happyinaknit.com\" \/>\n<meta property=\"article:modified_time\" content=\"2026-02-04T09:50:35+00:00\" \/>\n<meta property=\"og:image\" content=\"https:\/\/happyinaknit.com\/wp-content\/uploads\/2025\/10\/IMG_8873.jpg\" \/>\n\t<meta property=\"og:image:width\" content=\"1320\" \/>\n\t<meta property=\"og:image:height\" content=\"1253\" \/>\n\t<meta property=\"og:image:type\" content=\"image\/jpeg\" \/>\n<meta name=\"twitter:card\" content=\"summary_large_image\" \/>\n<meta name=\"twitter:label1\" content=\"Est. reading time\" \/>\n\t<meta name=\"twitter:data1\" content=\"1 minute\" \/>\n<script type=\"application\/ld+json\" class=\"yoast-schema-graph\">{\"@context\":\"https:\/\/schema.org\",\"@graph\":[{\"@type\":\"WebPage\",\"@id\":\"https:\/\/happyinaknit.com\/produktas\/concept-by-katia-symmetric-socks-more-illusion\/\",\"url\":\"https:\/\/happyinaknit.com\/produktas\/concept-by-katia-symmetric-socks-more-illusion\/\",\"name\":\"Concept by Katia SYMMETRIC SOCKS & MORE - ILLUSION - Happyinaknit.com\",\"isPartOf\":{\"@id\":\"https:\/\/happyinaknit.com\/lt\/#website\"},\"primaryImageOfPage\":{\"@id\":\"https:\/\/happyinaknit.com\/produktas\/concept-by-katia-symmetric-socks-more-illusion\/#primaryimage\"},\"image\":{\"@id\":\"https:\/\/happyinaknit.com\/produktas\/concept-by-katia-symmetric-socks-more-illusion\/#primaryimage\"},\"thumbnailUrl\":\"https:\/\/happyinaknit.com\/wp-content\/uploads\/2025\/10\/IMG_8873.jpg\",\"datePublished\":\"2025-10-09T13:05:45+00:00\",\"dateModified\":\"2026-02-04T09:50:35+00:00\",\"breadcrumb\":{\"@id\":\"https:\/\/happyinaknit.com\/produktas\/concept-by-katia-symmetric-socks-more-illusion\/#breadcrumb\"},\"inLanguage\":\"en-US\",\"potentialAction\":[{\"@type\":\"ReadAction\",\"target\":[\"https:\/\/happyinaknit.com\/produktas\/concept-by-katia-symmetric-socks-more-illusion\/\"]}]},{\"@type\":\"ImageObject\",\"inLanguage\":\"en-US\",\"@id\":\"https:\/\/happyinaknit.com\/produktas\/concept-by-katia-symmetric-socks-more-illusion\/#primaryimage\",\"url\":\"https:\/\/happyinaknit.com\/wp-content\/uploads\/2025\/10\/IMG_8873.jpg\",\"contentUrl\":\"https:\/\/happyinaknit.com\/wp-content\/uploads\/2025\/10\/IMG_8873.jpg\",\"width\":1320,\"height\":1253},{\"@type\":\"BreadcrumbList\",\"@id\":\"https:\/\/happyinaknit.com\/produktas\/concept-by-katia-symmetric-socks-more-illusion\/#breadcrumb\",\"itemListElement\":[{\"@type\":\"ListItem\",\"position\":1,\"name\":\"Home\",\"item\":\"https:\/\/happyinaknit.com\/lt\/\"},{\"@type\":\"ListItem\",\"position\":2,\"name\":\"Parduotuv\u0117\",\"item\":\"https:\/\/happyinaknit.com\/lt\/parduotuve\/\"},{\"@type\":\"ListItem\",\"position\":3,\"name\":\"Concept by Katia SYMMETRIC SOCKS &#038; MORE &#8211; ILLUSION\"}]},{\"@type\":\"WebSite\",\"@id\":\"https:\/\/happyinaknit.com\/lt\/#website\",\"url\":\"https:\/\/happyinaknit.com\/lt\/\",\"name\":\"Happyinaknit.com\",\"description\":\"\",\"potentialAction\":[{\"@type\":\"SearchAction\",\"target\":{\"@type\":\"EntryPoint\",\"urlTemplate\":\"https:\/\/happyinaknit.com\/lt\/?s={search_term_string}\"},\"query-input\":{\"@type\":\"PropertyValueSpecification\",\"valueRequired\":true,\"valueName\":\"search_term_string\"}}],\"inLanguage\":\"en-US\"}]}<\/script>\n<!-- \/ Yoast SEO plugin. -->","yoast_head_json":{"title":"Concept by Katia SYMMETRIC SOCKS & MORE - ILLUSION - Happyinaknit.com","robots":{"index":"index","follow":"follow","max-snippet":"max-snippet:-1","max-image-preview":"max-image-preview:large","max-video-preview":"max-video-preview:-1"},"canonical":"https:\/\/happyinaknit.com\/en\/product\/concept-by-katia-symmetric-socks-more-illusion\/","og_locale":"en_US","og_type":"article","og_title":"Concept by Katia SYMMETRIC SOCKS & MORE - ILLUSION - Happyinaknit.com","og_description":"Concept Illusion \u00a0Symmetric Socks &amp; More \u2013 tai novatori\u0161ki 4 sluoksni\u0173 si\u016blai, kuri\u0173 spalvinis ra\u0161tas idealiai kartojasi, tod\u0117l kiekvienas j\u016bs\u0173 mezginys atrodo itin tvarkingai ir profesionaliai. \u017daismingas spalv\u0173 efektas sujungia dr\u0105sias juosteles ir \u0161velnius gradientus, tod\u0117l \u0161ie si\u016blai \u2013 puikus pasirinkimas i\u0161skirtin\u0117ms kojin\u0117ms, \u0161alikams ar snood tipo kaklo aksesuarams. Vos vienas kamuoliukas leis jums numegzti [&hellip;]","og_url":"https:\/\/happyinaknit.com\/en\/product\/concept-by-katia-symmetric-socks-more-illusion\/","og_site_name":"Happyinaknit.com","article_modified_time":"2026-02-04T09:50:35+00:00","og_image":[{"width":1320,"height":1253,"url":"https:\/\/happyinaknit.com\/wp-content\/uploads\/2025\/10\/IMG_8873.jpg","type":"image\/jpeg"}],"twitter_card":"summary_large_image","twitter_misc":{"Est. reading time":"1 minute"},"schema":{"@context":"https:\/\/schema.org","@graph":[{"@type":"WebPage","@id":"https:\/\/happyinaknit.com\/produktas\/concept-by-katia-symmetric-socks-more-illusion\/","url":"https:\/\/happyinaknit.com\/produktas\/concept-by-katia-symmetric-socks-more-illusion\/","name":"Concept by Katia SYMMETRIC SOCKS & MORE - ILLUSION - Happyinaknit.com","isPartOf":{"@id":"https:\/\/happyinaknit.com\/lt\/#website"},"primaryImageOfPage":{"@id":"https:\/\/happyinaknit.com\/produktas\/concept-by-katia-symmetric-socks-more-illusion\/#primaryimage"},"image":{"@id":"https:\/\/happyinaknit.com\/produktas\/concept-by-katia-symmetric-socks-more-illusion\/#primaryimage"},"thumbnailUrl":"https:\/\/happyinaknit.com\/wp-content\/uploads\/2025\/10\/IMG_8873.jpg","datePublished":"2025-10-09T13:05:45+00:00","dateModified":"2026-02-04T09:50:35+00:00","breadcrumb":{"@id":"https:\/\/happyinaknit.com\/produktas\/concept-by-katia-symmetric-socks-more-illusion\/#breadcrumb"},"inLanguage":"en-US","potentialAction":[{"@type":"ReadAction","target":["https:\/\/happyinaknit.com\/produktas\/concept-by-katia-symmetric-socks-more-illusion\/"]}]},{"@type":"ImageObject","inLanguage":"en-US","@id":"https:\/\/happyinaknit.com\/produktas\/concept-by-katia-symmetric-socks-more-illusion\/#primaryimage","url":"https:\/\/happyinaknit.com\/wp-content\/uploads\/2025\/10\/IMG_8873.jpg","contentUrl":"https:\/\/happyinaknit.com\/wp-content\/uploads\/2025\/10\/IMG_8873.jpg","width":1320,"height":1253},{"@type":"BreadcrumbList","@id":"https:\/\/happyinaknit.com\/produktas\/concept-by-katia-symmetric-socks-more-illusion\/#breadcrumb","itemListElement":[{"@type":"ListItem","position":1,"name":"Home","item":"https:\/\/happyinaknit.com\/lt\/"},{"@type":"ListItem","position":2,"name":"Parduotuv\u0117","item":"https:\/\/happyinaknit.com\/lt\/parduotuve\/"},{"@type":"ListItem","position":3,"name":"Concept by Katia SYMMETRIC SOCKS &#038; MORE &#8211; ILLUSION"}]},{"@type":"WebSite","@id":"https:\/\/happyinaknit.com\/lt\/#website","url":"https:\/\/happyinaknit.com\/lt\/","name":"Happyinaknit.com","description":"","potentialAction":[{"@type":"SearchAction","target":{"@type":"EntryPoint","urlTemplate":"https:\/\/happyinaknit.com\/lt\/?s={search_term_string}"},"query-input":{"@type":"PropertyValueSpecification","valueRequired":true,"valueName":"search_term_string"}}],"inLanguage":"en-US"}]}},"_links":{"self":[{"href":"https:\/\/happyinaknit.com\/en\/wp-json\/wp\/v2\/product\/4009","targetHints":{"allow":["GET"]}}],"collection":[{"href":"https:\/\/happyinaknit.com\/en\/wp-json\/wp\/v2\/product"}],"about":[{"href":"https:\/\/happyinaknit.com\/en\/wp-json\/wp\/v2\/types\/product"}],"replies":[{"embeddable":true,"href":"https:\/\/happyinaknit.com\/en\/wp-json\/wp\/v2\/comments?post=4009"}],"wp:featuredmedia":[{"embeddable":true,"href":"https:\/\/happyinaknit.com\/en\/wp-json\/wp\/v2\/media\/4006"}],"wp:attachment":[{"href":"https:\/\/happyinaknit.com\/en\/wp-json\/wp\/v2\/media?parent=4009"}],"wp:term":[{"taxonomy":"product_brand","embeddable":true,"href":"https:\/\/happyinaknit.com\/en\/wp-json\/wp\/v2\/product_brand?post=4009"},{"taxonomy":"product_cat","embeddable":true,"href":"https:\/\/happyinaknit.com\/en\/wp-json\/wp\/v2\/product_cat?post=4009"},{"taxonomy":"product_tag","embeddable":true,"href":"https:\/\/happyinaknit.com\/en\/wp-json\/wp\/v2\/product_tag?post=4009"},{"taxonomy":"pro-kategorijos","embeddable":true,"href":"https:\/\/happyinaknit.com\/en\/wp-json\/wp\/v2\/pro-kategorijos?post=4009"}],"curies":[{"name":"wp","href":"https:\/\/api.w.org\/{rel}","templated":true}]}}