{"id":3927,"date":"2025-10-09T09:34:14","date_gmt":"2025-10-09T09:34:14","guid":{"rendered":"https:\/\/happyinaknit.com\/?post_type=product&#038;p=3927"},"modified":"2026-03-23T14:50:09","modified_gmt":"2026-03-23T14:50:09","slug":"opal-flair-4-ply","status":"publish","type":"product","link":"https:\/\/happyinaknit.com\/en\/product\/opal-flair-4-ply\/","title":{"rendered":"Opal Flair 4-ply"},"content":{"rendered":"<p data-start=\"69\" data-end=\"306\">This 4-ply wool from the Opal series is ideal for warm, strong and colorful knits. The color transitions form unique patterns, making each knit look unique - like a handmade work of art.<\/p>\n<p data-start=\"308\" data-end=\"515\">The yarn is perfect for knitting socks, but can also be used for sweaters, hats, gloves or scarves. Thanks to the superwash treatment, it is easy to care for, gentle on the skin and durable.<\/p>\n<p data-start=\"517\" data-end=\"763\"><strong data-start=\"517\" data-end=\"529\">Composition:<\/strong> 75 % wool (superwash), 25 % polyamide<br data-start=\"569\" data-end=\"572\" \/><strong data-start=\"572\" data-end=\"583\">Weight\/length:<\/strong> 100 g - 425 m<br data-start=\"608\" data-end=\"611\" data-is-only-node=\"\" \/><strong data-start=\"611\" data-end=\"637\">Density: <\/strong>10 \u00d7 10 cm \u2013 30 mesh \u00d7 42 rows<br data-start=\"656\" data-end=\"659\" \/><strong data-start=\"659\" data-end=\"687\">Recommended needles:<\/strong> 2.5mm<br data-start=\"694\" data-end=\"697\" \/><strong data-start=\"697\" data-end=\"708\">Yield:<\/strong> one ball is enough for a pair of socks up to size 46<\/p>\n<p data-start=\"765\" data-end=\"832\"><strong data-start=\"765\" data-end=\"775\">Suitable for:<\/strong> socks, sweaters, hats, gloves, scarves.<\/p>\n<p data-start=\"834\" data-end=\"1022\" data-is-last-node=\"\" data-is-only-node=\"\"><strong data-start=\"834\" data-end=\"848\">Care:<\/strong> Wash at a temperature of up to 40 \u00b0C (wool mode), dry flat.<\/p>\n<p data-start=\"834\" data-end=\"1022\" data-is-last-node=\"\" data-is-only-node=\"\"><br data-start=\"931\" data-end=\"934\" \/><strong data-start=\"934\" data-end=\"946\">Note:<\/strong> Color shades may vary slightly depending on your device&#039;s screen.<\/p>","protected":false},"excerpt":{"rendered":"<p>\u0160i Opal serijos 4 sluoksni\u0173 (4-ply) vilna idealiai tinka \u0161iltiems, tvirtiems ir spalvingiems mezginiams. Spalv\u0173 per\u0117jimai formuoja unikalius ra\u0161tus, tod\u0117l kiekvienas mezginys atrodo i\u0161skirtinai \u2013 tarsi rank\u0173 darbo meno k\u016brinys. Si\u016blai puikiai tinka kojini\u0173 mezgimui, ta\u010diau juos galima naudoti ir megztiniams, kepur\u0117ms, pir\u0161tin\u0117ms ar \u0161alikams. D\u0117l superwash apdirbimo jie yra lengvai pri\u017ei\u016brimi, \u0161veln\u016bs odai ir [&hellip;]<\/p>\n","protected":false},"featured_media":3928,"comment_status":"open","ping_status":"closed","template":"","meta":{"_acf_changed":false},"product_brand":[871],"product_cat":[15,18,94],"product_tag":[],"pro-kategorijos":[56],"class_list":{"0":"post-3927","1":"product","2":"type-product","3":"status-publish","4":"has-post-thumbnail","6":"product_brand-opal","7":"product_cat-visi-produktai","8":"product_cat-siulai","9":"product_cat-siulai-kojinems","10":"pro-kategorijos-vilna","12":"first","13":"instock","14":"shipping-taxable","15":"purchasable","16":"product-type-variable"},"acf":[],"yoast_head":"<!-- This site is optimized with the Yoast SEO plugin v26.8 - https:\/\/yoast.com\/product\/yoast-seo-wordpress\/ -->\n<title>Opal Flair 4-ply - Happyinaknit.com<\/title>\n<meta name=\"robots\" content=\"index, follow, max-snippet:-1, max-image-preview:large, max-video-preview:-1\" \/>\n<link rel=\"canonical\" href=\"https:\/\/happyinaknit.com\/en\/product\/opal-flair-4-ply\/\" \/>\n<meta property=\"og:locale\" content=\"en_US\" \/>\n<meta property=\"og:type\" content=\"article\" \/>\n<meta property=\"og:title\" content=\"Opal Flair 4-ply - Happyinaknit.com\" \/>\n<meta property=\"og:description\" content=\"\u0160i Opal serijos 4 sluoksni\u0173 (4-ply) vilna idealiai tinka \u0161iltiems, tvirtiems ir spalvingiems mezginiams. Spalv\u0173 per\u0117jimai formuoja unikalius ra\u0161tus, tod\u0117l kiekvienas mezginys atrodo i\u0161skirtinai \u2013 tarsi rank\u0173 darbo meno k\u016brinys. Si\u016blai puikiai tinka kojini\u0173 mezgimui, ta\u010diau juos galima naudoti ir megztiniams, kepur\u0117ms, pir\u0161tin\u0117ms ar \u0161alikams. D\u0117l superwash apdirbimo jie yra lengvai pri\u017ei\u016brimi, \u0161veln\u016bs odai ir [&hellip;]\" \/>\n<meta property=\"og:url\" content=\"https:\/\/happyinaknit.com\/en\/product\/opal-flair-4-ply\/\" \/>\n<meta property=\"og:site_name\" content=\"Happyinaknit.com\" \/>\n<meta property=\"article:modified_time\" content=\"2026-03-23T14:50:09+00:00\" \/>\n<meta property=\"og:image\" content=\"https:\/\/happyinaknit.com\/wp-content\/uploads\/2025\/10\/opal-flair-4-ply.jpg.webp\" \/>\n\t<meta property=\"og:image:width\" content=\"800\" \/>\n\t<meta property=\"og:image:height\" content=\"800\" \/>\n\t<meta property=\"og:image:type\" content=\"image\/webp\" \/>\n<meta name=\"twitter:card\" content=\"summary_large_image\" \/>\n<meta name=\"twitter:label1\" content=\"Est. reading time\" \/>\n\t<meta name=\"twitter:data1\" content=\"1 minute\" \/>\n<script type=\"application\/ld+json\" class=\"yoast-schema-graph\">{\"@context\":\"https:\/\/schema.org\",\"@graph\":[{\"@type\":\"WebPage\",\"@id\":\"https:\/\/happyinaknit.com\/produktas\/opal-flair-4-ply\/\",\"url\":\"https:\/\/happyinaknit.com\/produktas\/opal-flair-4-ply\/\",\"name\":\"Opal Flair 4-ply - Happyinaknit.com\",\"isPartOf\":{\"@id\":\"https:\/\/happyinaknit.com\/lt\/#website\"},\"primaryImageOfPage\":{\"@id\":\"https:\/\/happyinaknit.com\/produktas\/opal-flair-4-ply\/#primaryimage\"},\"image\":{\"@id\":\"https:\/\/happyinaknit.com\/produktas\/opal-flair-4-ply\/#primaryimage\"},\"thumbnailUrl\":\"https:\/\/happyinaknit.com\/wp-content\/uploads\/2025\/10\/opal-flair-4-ply.jpg.webp\",\"datePublished\":\"2025-10-09T09:34:14+00:00\",\"dateModified\":\"2026-03-23T14:50:09+00:00\",\"breadcrumb\":{\"@id\":\"https:\/\/happyinaknit.com\/produktas\/opal-flair-4-ply\/#breadcrumb\"},\"inLanguage\":\"en-US\",\"potentialAction\":[{\"@type\":\"ReadAction\",\"target\":[\"https:\/\/happyinaknit.com\/produktas\/opal-flair-4-ply\/\"]}]},{\"@type\":\"ImageObject\",\"inLanguage\":\"en-US\",\"@id\":\"https:\/\/happyinaknit.com\/produktas\/opal-flair-4-ply\/#primaryimage\",\"url\":\"https:\/\/happyinaknit.com\/wp-content\/uploads\/2025\/10\/opal-flair-4-ply.jpg.webp\",\"contentUrl\":\"https:\/\/happyinaknit.com\/wp-content\/uploads\/2025\/10\/opal-flair-4-ply.jpg.webp\",\"width\":800,\"height\":800},{\"@type\":\"BreadcrumbList\",\"@id\":\"https:\/\/happyinaknit.com\/produktas\/opal-flair-4-ply\/#breadcrumb\",\"itemListElement\":[{\"@type\":\"ListItem\",\"position\":1,\"name\":\"Home\",\"item\":\"https:\/\/happyinaknit.com\/lt\/\"},{\"@type\":\"ListItem\",\"position\":2,\"name\":\"Parduotuv\u0117\",\"item\":\"https:\/\/happyinaknit.com\/lt\/parduotuve\/\"},{\"@type\":\"ListItem\",\"position\":3,\"name\":\"Opal Flair 4-ply\"}]},{\"@type\":\"WebSite\",\"@id\":\"https:\/\/happyinaknit.com\/lt\/#website\",\"url\":\"https:\/\/happyinaknit.com\/lt\/\",\"name\":\"Happyinaknit.com\",\"description\":\"\",\"potentialAction\":[{\"@type\":\"SearchAction\",\"target\":{\"@type\":\"EntryPoint\",\"urlTemplate\":\"https:\/\/happyinaknit.com\/lt\/?s={search_term_string}\"},\"query-input\":{\"@type\":\"PropertyValueSpecification\",\"valueRequired\":true,\"valueName\":\"search_term_string\"}}],\"inLanguage\":\"en-US\"}]}<\/script>\n<!-- \/ Yoast SEO plugin. -->","yoast_head_json":{"title":"Opal Flair 4-ply - Happyinaknit.com","robots":{"index":"index","follow":"follow","max-snippet":"max-snippet:-1","max-image-preview":"max-image-preview:large","max-video-preview":"max-video-preview:-1"},"canonical":"https:\/\/happyinaknit.com\/en\/product\/opal-flair-4-ply\/","og_locale":"en_US","og_type":"article","og_title":"Opal Flair 4-ply - Happyinaknit.com","og_description":"\u0160i Opal serijos 4 sluoksni\u0173 (4-ply) vilna idealiai tinka \u0161iltiems, tvirtiems ir spalvingiems mezginiams. Spalv\u0173 per\u0117jimai formuoja unikalius ra\u0161tus, tod\u0117l kiekvienas mezginys atrodo i\u0161skirtinai \u2013 tarsi rank\u0173 darbo meno k\u016brinys. Si\u016blai puikiai tinka kojini\u0173 mezgimui, ta\u010diau juos galima naudoti ir megztiniams, kepur\u0117ms, pir\u0161tin\u0117ms ar \u0161alikams. D\u0117l superwash apdirbimo jie yra lengvai pri\u017ei\u016brimi, \u0161veln\u016bs odai ir [&hellip;]","og_url":"https:\/\/happyinaknit.com\/en\/product\/opal-flair-4-ply\/","og_site_name":"Happyinaknit.com","article_modified_time":"2026-03-23T14:50:09+00:00","og_image":[{"width":800,"height":800,"url":"https:\/\/happyinaknit.com\/wp-content\/uploads\/2025\/10\/opal-flair-4-ply.jpg.webp","type":"image\/webp"}],"twitter_card":"summary_large_image","twitter_misc":{"Est. reading time":"1 minute"},"schema":{"@context":"https:\/\/schema.org","@graph":[{"@type":"WebPage","@id":"https:\/\/happyinaknit.com\/produktas\/opal-flair-4-ply\/","url":"https:\/\/happyinaknit.com\/produktas\/opal-flair-4-ply\/","name":"Opal Flair 4-ply - Happyinaknit.com","isPartOf":{"@id":"https:\/\/happyinaknit.com\/lt\/#website"},"primaryImageOfPage":{"@id":"https:\/\/happyinaknit.com\/produktas\/opal-flair-4-ply\/#primaryimage"},"image":{"@id":"https:\/\/happyinaknit.com\/produktas\/opal-flair-4-ply\/#primaryimage"},"thumbnailUrl":"https:\/\/happyinaknit.com\/wp-content\/uploads\/2025\/10\/opal-flair-4-ply.jpg.webp","datePublished":"2025-10-09T09:34:14+00:00","dateModified":"2026-03-23T14:50:09+00:00","breadcrumb":{"@id":"https:\/\/happyinaknit.com\/produktas\/opal-flair-4-ply\/#breadcrumb"},"inLanguage":"en-US","potentialAction":[{"@type":"ReadAction","target":["https:\/\/happyinaknit.com\/produktas\/opal-flair-4-ply\/"]}]},{"@type":"ImageObject","inLanguage":"en-US","@id":"https:\/\/happyinaknit.com\/produktas\/opal-flair-4-ply\/#primaryimage","url":"https:\/\/happyinaknit.com\/wp-content\/uploads\/2025\/10\/opal-flair-4-ply.jpg.webp","contentUrl":"https:\/\/happyinaknit.com\/wp-content\/uploads\/2025\/10\/opal-flair-4-ply.jpg.webp","width":800,"height":800},{"@type":"BreadcrumbList","@id":"https:\/\/happyinaknit.com\/produktas\/opal-flair-4-ply\/#breadcrumb","itemListElement":[{"@type":"ListItem","position":1,"name":"Home","item":"https:\/\/happyinaknit.com\/lt\/"},{"@type":"ListItem","position":2,"name":"Parduotuv\u0117","item":"https:\/\/happyinaknit.com\/lt\/parduotuve\/"},{"@type":"ListItem","position":3,"name":"Opal Flair 4-ply"}]},{"@type":"WebSite","@id":"https:\/\/happyinaknit.com\/lt\/#website","url":"https:\/\/happyinaknit.com\/lt\/","name":"Happyinaknit.com","description":"","potentialAction":[{"@type":"SearchAction","target":{"@type":"EntryPoint","urlTemplate":"https:\/\/happyinaknit.com\/lt\/?s={search_term_string}"},"query-input":{"@type":"PropertyValueSpecification","valueRequired":true,"valueName":"search_term_string"}}],"inLanguage":"en-US"}]}},"_links":{"self":[{"href":"https:\/\/happyinaknit.com\/en\/wp-json\/wp\/v2\/product\/3927","targetHints":{"allow":["GET"]}}],"collection":[{"href":"https:\/\/happyinaknit.com\/en\/wp-json\/wp\/v2\/product"}],"about":[{"href":"https:\/\/happyinaknit.com\/en\/wp-json\/wp\/v2\/types\/product"}],"replies":[{"embeddable":true,"href":"https:\/\/happyinaknit.com\/en\/wp-json\/wp\/v2\/comments?post=3927"}],"wp:featuredmedia":[{"embeddable":true,"href":"https:\/\/happyinaknit.com\/en\/wp-json\/wp\/v2\/media\/3928"}],"wp:attachment":[{"href":"https:\/\/happyinaknit.com\/en\/wp-json\/wp\/v2\/media?parent=3927"}],"wp:term":[{"taxonomy":"product_brand","embeddable":true,"href":"https:\/\/happyinaknit.com\/en\/wp-json\/wp\/v2\/product_brand?post=3927"},{"taxonomy":"product_cat","embeddable":true,"href":"https:\/\/happyinaknit.com\/en\/wp-json\/wp\/v2\/product_cat?post=3927"},{"taxonomy":"product_tag","embeddable":true,"href":"https:\/\/happyinaknit.com\/en\/wp-json\/wp\/v2\/product_tag?post=3927"},{"taxonomy":"pro-kategorijos","embeddable":true,"href":"https:\/\/happyinaknit.com\/en\/wp-json\/wp\/v2\/pro-kategorijos?post=3927"}],"curies":[{"name":"wp","href":"https:\/\/api.w.org\/{rel}","templated":true}]}}