{"id":3903,"date":"2025-10-09T09:07:32","date_gmt":"2025-10-09T09:07:32","guid":{"rendered":"https:\/\/happyinaknit.com\/?post_type=product&#038;p=3903"},"modified":"2026-03-23T14:54:34","modified_gmt":"2026-03-23T14:54:34","slug":"opal-zauberwald","status":"publish","type":"product","link":"https:\/\/happyinaknit.com\/en\/product\/opal-zauberwald\/","title":{"rendered":"Opal Zauberwald"},"content":{"rendered":"<p data-start=\"67\" data-end=\"420\">Opal Zauberwald is a strong, high-quality 4-ply yarn collection made of 75 % wool (superwash) and 25 % polyamide. This series takes you to a world of fairy tales - from dragons and wizards to unicorns and dwarves. Wonderful, smooth color transitions create magic in knitting, making each project look unique.<\/p>\n<p data-start=\"422\" data-end=\"671\">The yarn is soft on the skin, durable and does not shrink when washed. Thanks to the superwash treatment, it is easy to care for and suitable for washing at temperatures up to 40 \u00b0C. Perfect for knitting socks, sweaters, hats, gloves or scarves.<\/p>\n<p data-start=\"673\" data-end=\"919\"><strong data-start=\"673\" data-end=\"685\">Composition:<\/strong> 75 % wool (superwash), 25 % polyamide<br data-start=\"725\" data-end=\"728\" \/><strong data-start=\"728\" data-end=\"739\">Weight\/length:<\/strong> 100g <b>-<\/b>\u00a0425 m<br data-start=\"764\" data-end=\"767\" data-is-only-node=\"\" \/><strong data-start=\"767\" data-end=\"793\">Density 10 \u00d7 10 cm:<\/strong> 30 mesh \u00d7 42 rows<br data-start=\"812\" data-end=\"815\" \/><strong data-start=\"815\" data-end=\"843\">Recommended needles:<\/strong> 2.5mm<br data-start=\"850\" data-end=\"853\" \/><strong data-start=\"853\" data-end=\"864\">Yield:<\/strong> one ball is enough for a pair of socks up to size 46<\/p>\n<p data-start=\"921\" data-end=\"988\"><strong data-start=\"921\" data-end=\"931\">Suitable for:<\/strong> socks, sweaters, hats, gloves, scarves.<\/p>\n<p data-start=\"990\" data-end=\"1162\" data-is-last-node=\"\" data-is-only-node=\"\"><strong data-start=\"990\" data-end=\"1004\">Care:<\/strong> Wash at a temperature of up to 40 \u00b0C, dry flat.<\/p>\n<p data-start=\"990\" data-end=\"1162\" data-is-last-node=\"\" data-is-only-node=\"\"><br data-start=\"1071\" data-end=\"1074\" \/><strong data-start=\"1074\" data-end=\"1086\">Note:<\/strong> Color shades may vary slightly depending on your device&#039;s screen.<\/p>","protected":false},"excerpt":{"rendered":"<p>Opal Zauberwald \u2013 tai tvirta, auk\u0161tos kokyb\u0117s 4 sluoksni\u0173 si\u016bl\u0173 kolekcija, pagaminta i\u0161 75 % vilnos (superwash) ir 25 % poliamido. \u0160i serija nukelia jus \u012f pasak\u0173 pasaul\u012f \u2013 nuo drakon\u0173 ir burtinink\u0173 iki vienaragi\u0173 ir nyk\u0161tuk\u0173. Nuostab\u016bs, skland\u016bs spalv\u0173 per\u0117jimai sukuria magij\u0105 mezginyje, tod\u0117l kiekvienas projektas atrodo i\u0161skirtinai. Si\u016blai yra \u0161veln\u016bs odai, patvar\u016bs ir [&hellip;]<\/p>\n","protected":false},"featured_media":3904,"comment_status":"open","ping_status":"closed","template":"","meta":{"_acf_changed":false},"product_brand":[871],"product_cat":[15,18,94],"product_tag":[],"pro-kategorijos":[56],"class_list":{"0":"post-3903","1":"product","2":"type-product","3":"status-publish","4":"has-post-thumbnail","6":"product_brand-opal","7":"product_cat-visi-produktai","8":"product_cat-siulai","9":"product_cat-siulai-kojinems","10":"pro-kategorijos-vilna","12":"first","13":"instock","14":"shipping-taxable","15":"purchasable","16":"product-type-variable"},"acf":[],"yoast_head":"<!-- This site is optimized with the Yoast SEO plugin v26.8 - https:\/\/yoast.com\/product\/yoast-seo-wordpress\/ -->\n<title>Opal Zauberwald - Happyinaknit.com<\/title>\n<meta name=\"robots\" content=\"index, follow, max-snippet:-1, max-image-preview:large, max-video-preview:-1\" \/>\n<link rel=\"canonical\" href=\"https:\/\/happyinaknit.com\/en\/product\/opal-zauberwald\/\" \/>\n<meta property=\"og:locale\" content=\"en_US\" \/>\n<meta property=\"og:type\" content=\"article\" \/>\n<meta property=\"og:title\" content=\"Opal Zauberwald - Happyinaknit.com\" \/>\n<meta property=\"og:description\" content=\"Opal Zauberwald \u2013 tai tvirta, auk\u0161tos kokyb\u0117s 4 sluoksni\u0173 si\u016bl\u0173 kolekcija, pagaminta i\u0161 75 % vilnos (superwash) ir 25 % poliamido. \u0160i serija nukelia jus \u012f pasak\u0173 pasaul\u012f \u2013 nuo drakon\u0173 ir burtinink\u0173 iki vienaragi\u0173 ir nyk\u0161tuk\u0173. Nuostab\u016bs, skland\u016bs spalv\u0173 per\u0117jimai sukuria magij\u0105 mezginyje, tod\u0117l kiekvienas projektas atrodo i\u0161skirtinai. Si\u016blai yra \u0161veln\u016bs odai, patvar\u016bs ir [&hellip;]\" \/>\n<meta property=\"og:url\" content=\"https:\/\/happyinaknit.com\/en\/product\/opal-zauberwald\/\" \/>\n<meta property=\"og:site_name\" content=\"Happyinaknit.com\" \/>\n<meta property=\"article:modified_time\" content=\"2026-03-23T14:54:34+00:00\" \/>\n<meta property=\"og:image\" content=\"https:\/\/happyinaknit.com\/wp-content\/uploads\/2025\/10\/op233-1-11443-1-1726654758-1000xauto_0.jpg\" \/>\n\t<meta property=\"og:image:width\" content=\"1000\" \/>\n\t<meta property=\"og:image:height\" content=\"1000\" \/>\n\t<meta property=\"og:image:type\" content=\"image\/jpeg\" \/>\n<meta name=\"twitter:card\" content=\"summary_large_image\" \/>\n<meta name=\"twitter:label1\" content=\"Est. reading time\" \/>\n\t<meta name=\"twitter:data1\" content=\"1 minute\" \/>\n<script type=\"application\/ld+json\" class=\"yoast-schema-graph\">{\"@context\":\"https:\/\/schema.org\",\"@graph\":[{\"@type\":\"WebPage\",\"@id\":\"https:\/\/happyinaknit.com\/produktas\/opal-zauberwald\/\",\"url\":\"https:\/\/happyinaknit.com\/produktas\/opal-zauberwald\/\",\"name\":\"Opal Zauberwald - Happyinaknit.com\",\"isPartOf\":{\"@id\":\"https:\/\/happyinaknit.com\/lt\/#website\"},\"primaryImageOfPage\":{\"@id\":\"https:\/\/happyinaknit.com\/produktas\/opal-zauberwald\/#primaryimage\"},\"image\":{\"@id\":\"https:\/\/happyinaknit.com\/produktas\/opal-zauberwald\/#primaryimage\"},\"thumbnailUrl\":\"https:\/\/happyinaknit.com\/wp-content\/uploads\/2025\/10\/op233-1-11443-1-1726654758-1000xauto_0.jpg\",\"datePublished\":\"2025-10-09T09:07:32+00:00\",\"dateModified\":\"2026-03-23T14:54:34+00:00\",\"breadcrumb\":{\"@id\":\"https:\/\/happyinaknit.com\/produktas\/opal-zauberwald\/#breadcrumb\"},\"inLanguage\":\"en-US\",\"potentialAction\":[{\"@type\":\"ReadAction\",\"target\":[\"https:\/\/happyinaknit.com\/produktas\/opal-zauberwald\/\"]}]},{\"@type\":\"ImageObject\",\"inLanguage\":\"en-US\",\"@id\":\"https:\/\/happyinaknit.com\/produktas\/opal-zauberwald\/#primaryimage\",\"url\":\"https:\/\/happyinaknit.com\/wp-content\/uploads\/2025\/10\/op233-1-11443-1-1726654758-1000xauto_0.jpg\",\"contentUrl\":\"https:\/\/happyinaknit.com\/wp-content\/uploads\/2025\/10\/op233-1-11443-1-1726654758-1000xauto_0.jpg\",\"width\":1000,\"height\":1000},{\"@type\":\"BreadcrumbList\",\"@id\":\"https:\/\/happyinaknit.com\/produktas\/opal-zauberwald\/#breadcrumb\",\"itemListElement\":[{\"@type\":\"ListItem\",\"position\":1,\"name\":\"Home\",\"item\":\"https:\/\/happyinaknit.com\/lt\/\"},{\"@type\":\"ListItem\",\"position\":2,\"name\":\"Parduotuv\u0117\",\"item\":\"https:\/\/happyinaknit.com\/lt\/parduotuve\/\"},{\"@type\":\"ListItem\",\"position\":3,\"name\":\"Opal Zauberwald\"}]},{\"@type\":\"WebSite\",\"@id\":\"https:\/\/happyinaknit.com\/lt\/#website\",\"url\":\"https:\/\/happyinaknit.com\/lt\/\",\"name\":\"Happyinaknit.com\",\"description\":\"\",\"potentialAction\":[{\"@type\":\"SearchAction\",\"target\":{\"@type\":\"EntryPoint\",\"urlTemplate\":\"https:\/\/happyinaknit.com\/lt\/?s={search_term_string}\"},\"query-input\":{\"@type\":\"PropertyValueSpecification\",\"valueRequired\":true,\"valueName\":\"search_term_string\"}}],\"inLanguage\":\"en-US\"}]}<\/script>\n<!-- \/ Yoast SEO plugin. -->","yoast_head_json":{"title":"Opal Zauberwald - Happyinaknit.com","robots":{"index":"index","follow":"follow","max-snippet":"max-snippet:-1","max-image-preview":"max-image-preview:large","max-video-preview":"max-video-preview:-1"},"canonical":"https:\/\/happyinaknit.com\/en\/product\/opal-zauberwald\/","og_locale":"en_US","og_type":"article","og_title":"Opal Zauberwald - Happyinaknit.com","og_description":"Opal Zauberwald \u2013 tai tvirta, auk\u0161tos kokyb\u0117s 4 sluoksni\u0173 si\u016bl\u0173 kolekcija, pagaminta i\u0161 75 % vilnos (superwash) ir 25 % poliamido. \u0160i serija nukelia jus \u012f pasak\u0173 pasaul\u012f \u2013 nuo drakon\u0173 ir burtinink\u0173 iki vienaragi\u0173 ir nyk\u0161tuk\u0173. Nuostab\u016bs, skland\u016bs spalv\u0173 per\u0117jimai sukuria magij\u0105 mezginyje, tod\u0117l kiekvienas projektas atrodo i\u0161skirtinai. Si\u016blai yra \u0161veln\u016bs odai, patvar\u016bs ir [&hellip;]","og_url":"https:\/\/happyinaknit.com\/en\/product\/opal-zauberwald\/","og_site_name":"Happyinaknit.com","article_modified_time":"2026-03-23T14:54:34+00:00","og_image":[{"width":1000,"height":1000,"url":"https:\/\/happyinaknit.com\/wp-content\/uploads\/2025\/10\/op233-1-11443-1-1726654758-1000xauto_0.jpg","type":"image\/jpeg"}],"twitter_card":"summary_large_image","twitter_misc":{"Est. reading time":"1 minute"},"schema":{"@context":"https:\/\/schema.org","@graph":[{"@type":"WebPage","@id":"https:\/\/happyinaknit.com\/produktas\/opal-zauberwald\/","url":"https:\/\/happyinaknit.com\/produktas\/opal-zauberwald\/","name":"Opal Zauberwald - Happyinaknit.com","isPartOf":{"@id":"https:\/\/happyinaknit.com\/lt\/#website"},"primaryImageOfPage":{"@id":"https:\/\/happyinaknit.com\/produktas\/opal-zauberwald\/#primaryimage"},"image":{"@id":"https:\/\/happyinaknit.com\/produktas\/opal-zauberwald\/#primaryimage"},"thumbnailUrl":"https:\/\/happyinaknit.com\/wp-content\/uploads\/2025\/10\/op233-1-11443-1-1726654758-1000xauto_0.jpg","datePublished":"2025-10-09T09:07:32+00:00","dateModified":"2026-03-23T14:54:34+00:00","breadcrumb":{"@id":"https:\/\/happyinaknit.com\/produktas\/opal-zauberwald\/#breadcrumb"},"inLanguage":"en-US","potentialAction":[{"@type":"ReadAction","target":["https:\/\/happyinaknit.com\/produktas\/opal-zauberwald\/"]}]},{"@type":"ImageObject","inLanguage":"en-US","@id":"https:\/\/happyinaknit.com\/produktas\/opal-zauberwald\/#primaryimage","url":"https:\/\/happyinaknit.com\/wp-content\/uploads\/2025\/10\/op233-1-11443-1-1726654758-1000xauto_0.jpg","contentUrl":"https:\/\/happyinaknit.com\/wp-content\/uploads\/2025\/10\/op233-1-11443-1-1726654758-1000xauto_0.jpg","width":1000,"height":1000},{"@type":"BreadcrumbList","@id":"https:\/\/happyinaknit.com\/produktas\/opal-zauberwald\/#breadcrumb","itemListElement":[{"@type":"ListItem","position":1,"name":"Home","item":"https:\/\/happyinaknit.com\/lt\/"},{"@type":"ListItem","position":2,"name":"Parduotuv\u0117","item":"https:\/\/happyinaknit.com\/lt\/parduotuve\/"},{"@type":"ListItem","position":3,"name":"Opal Zauberwald"}]},{"@type":"WebSite","@id":"https:\/\/happyinaknit.com\/lt\/#website","url":"https:\/\/happyinaknit.com\/lt\/","name":"Happyinaknit.com","description":"","potentialAction":[{"@type":"SearchAction","target":{"@type":"EntryPoint","urlTemplate":"https:\/\/happyinaknit.com\/lt\/?s={search_term_string}"},"query-input":{"@type":"PropertyValueSpecification","valueRequired":true,"valueName":"search_term_string"}}],"inLanguage":"en-US"}]}},"_links":{"self":[{"href":"https:\/\/happyinaknit.com\/en\/wp-json\/wp\/v2\/product\/3903","targetHints":{"allow":["GET"]}}],"collection":[{"href":"https:\/\/happyinaknit.com\/en\/wp-json\/wp\/v2\/product"}],"about":[{"href":"https:\/\/happyinaknit.com\/en\/wp-json\/wp\/v2\/types\/product"}],"replies":[{"embeddable":true,"href":"https:\/\/happyinaknit.com\/en\/wp-json\/wp\/v2\/comments?post=3903"}],"wp:featuredmedia":[{"embeddable":true,"href":"https:\/\/happyinaknit.com\/en\/wp-json\/wp\/v2\/media\/3904"}],"wp:attachment":[{"href":"https:\/\/happyinaknit.com\/en\/wp-json\/wp\/v2\/media?parent=3903"}],"wp:term":[{"taxonomy":"product_brand","embeddable":true,"href":"https:\/\/happyinaknit.com\/en\/wp-json\/wp\/v2\/product_brand?post=3903"},{"taxonomy":"product_cat","embeddable":true,"href":"https:\/\/happyinaknit.com\/en\/wp-json\/wp\/v2\/product_cat?post=3903"},{"taxonomy":"product_tag","embeddable":true,"href":"https:\/\/happyinaknit.com\/en\/wp-json\/wp\/v2\/product_tag?post=3903"},{"taxonomy":"pro-kategorijos","embeddable":true,"href":"https:\/\/happyinaknit.com\/en\/wp-json\/wp\/v2\/pro-kategorijos?post=3903"}],"curies":[{"name":"wp","href":"https:\/\/api.w.org\/{rel}","templated":true}]}}