{"id":3880,"date":"2025-10-09T08:54:34","date_gmt":"2025-10-09T08:54:34","guid":{"rendered":"https:\/\/happyinaknit.com\/?post_type=product&#038;p=3880"},"modified":"2026-01-02T19:46:21","modified_gmt":"2026-01-02T19:46:21","slug":"opal-aquarell-4ply","status":"publish","type":"product","link":"https:\/\/happyinaknit.com\/en\/product\/opal-aquarell-4ply\/","title":{"rendered":"Opal Aquarell 4ply"},"content":{"rendered":"<p data-start=\"63\" data-end=\"373\">Opal Aquarell is a beautiful yarn that will bring a real celebration of color to your knitting. Gently blending shades create a unique gradient effect, reminiscent of delicate watercolor strokes in a painting. Each ball is like a work of art, giving the knitting vitality and uniqueness.<\/p>\n<p data-start=\"375\" data-end=\"620\">These yarns are perfect for knitting socks, gloves, scarves, hats, accessories, and children&#039;s clothing.<br data-start=\"482\" data-end=\"485\" \/>Due to their composition, they are warm, durable, and easy to care for - an ideal choice for both everyday knitwear and gift items.<\/p>\n<p data-start=\"622\" data-end=\"872\"><strong data-start=\"622\" data-end=\"634\">Composition:<\/strong> 75 % wool (superwash), 25 % polyamide<br data-start=\"674\" data-end=\"677\" \/><strong data-start=\"677\" data-end=\"699\">Weight \/ length:<\/strong> 100 g - 425 m<br data-start=\"713\" data-end=\"716\" \/><strong data-start=\"716\" data-end=\"744\">Recommended needles:<\/strong> 2.5mm<br data-start=\"751\" data-end=\"754\" data-is-only-node=\"\" \/><strong data-start=\"754\" data-end=\"767\">Density:<\/strong> 10 \u00d7 10 cm \u2013 about 30 stitches \u00d7 42 rows<br data-start=\"804\" data-end=\"807\" \/><strong data-start=\"807\" data-end=\"818\">Yield:<\/strong> 1 ball \u2013 enough for a pair of socks up to size 46<\/p>\n<p data-start=\"874\" data-end=\"965\"><strong data-start=\"874\" data-end=\"884\">Suitable for:<\/strong> socks, gloves, scarves, hats, accessories, children&#039;s clothing.<\/p>\n<p data-start=\"967\" data-end=\"1167\" data-is-last-node=\"\" data-is-only-node=\"\"><strong data-start=\"967\" data-end=\"981\">Care:<\/strong> Wash by hand or on wool cycle at a temperature of up to 30\u00b0C, dry flat.<\/p>\n<p data-start=\"967\" data-end=\"1167\" data-is-last-node=\"\" data-is-only-node=\"\"><br data-start=\"1076\" data-end=\"1079\" \/><strong data-start=\"1079\" data-end=\"1091\">Note:<\/strong> Color shades may vary slightly depending on your device&#039;s screen.<\/p>","protected":false},"excerpt":{"rendered":"<p>Opal Aquarell \u2013 tai nuostab\u016bs si\u016blai, kurie \u012f j\u016bs\u0173 mezginius \u012fne\u0161 tikr\u0105 spalv\u0173 \u0161vent\u0119. \u0160velniai susiliejantys atspalviai kuria unikal\u0173 gradiento efekt\u0105, primenant\u012f subtilius akvarel\u0117s pot\u0117pius paveiksle. Kiekvienas kamuoliukas \u2013 tarsi meno k\u016brinys, suteikiantis mezginiui gyvybingumo ir i\u0161skirtinumo. \u0160ie si\u016blai puikiai tinka kojini\u0173, pir\u0161tini\u0173, \u0161alik\u0173, kepuri\u0173, aksesuar\u0173 bei vaiki\u0161k\u0173 drabu\u017ei\u0173 mezgimui.D\u0117l savo sud\u0117ties jie yra \u0161ilti, [&hellip;]<\/p>\n","protected":false},"featured_media":3892,"comment_status":"open","ping_status":"closed","template":"","meta":{"_acf_changed":false},"product_brand":[871],"product_cat":[15,18,94],"product_tag":[],"pro-kategorijos":[56],"class_list":{"0":"post-3880","1":"product","2":"type-product","3":"status-publish","4":"has-post-thumbnail","6":"product_brand-opal","7":"product_cat-visi-produktai","8":"product_cat-siulai","9":"product_cat-siulai-kojinems","10":"pro-kategorijos-vilna","12":"first","13":"instock","14":"shipping-taxable","15":"purchasable","16":"product-type-variable"},"acf":[],"yoast_head":"<!-- This site is optimized with the Yoast SEO plugin v26.8 - https:\/\/yoast.com\/product\/yoast-seo-wordpress\/ -->\n<title>Opal Aquarell 4ply - Happyinaknit.com<\/title>\n<meta name=\"robots\" content=\"index, follow, max-snippet:-1, max-image-preview:large, max-video-preview:-1\" \/>\n<link rel=\"canonical\" href=\"https:\/\/happyinaknit.com\/en\/product\/opal-aquarell-4ply\/\" \/>\n<meta property=\"og:locale\" content=\"en_US\" \/>\n<meta property=\"og:type\" content=\"article\" \/>\n<meta property=\"og:title\" content=\"Opal Aquarell 4ply - Happyinaknit.com\" \/>\n<meta property=\"og:description\" content=\"Opal Aquarell \u2013 tai nuostab\u016bs si\u016blai, kurie \u012f j\u016bs\u0173 mezginius \u012fne\u0161 tikr\u0105 spalv\u0173 \u0161vent\u0119. \u0160velniai susiliejantys atspalviai kuria unikal\u0173 gradiento efekt\u0105, primenant\u012f subtilius akvarel\u0117s pot\u0117pius paveiksle. Kiekvienas kamuoliukas \u2013 tarsi meno k\u016brinys, suteikiantis mezginiui gyvybingumo ir i\u0161skirtinumo. \u0160ie si\u016blai puikiai tinka kojini\u0173, pir\u0161tini\u0173, \u0161alik\u0173, kepuri\u0173, aksesuar\u0173 bei vaiki\u0161k\u0173 drabu\u017ei\u0173 mezgimui.D\u0117l savo sud\u0117ties jie yra \u0161ilti, [&hellip;]\" \/>\n<meta property=\"og:url\" content=\"https:\/\/happyinaknit.com\/en\/product\/opal-aquarell-4ply\/\" \/>\n<meta property=\"og:site_name\" content=\"Happyinaknit.com\" \/>\n<meta property=\"article:modified_time\" content=\"2026-01-02T19:46:21+00:00\" \/>\n<meta property=\"og:image\" content=\"https:\/\/happyinaknit.com\/wp-content\/uploads\/2025\/10\/opal-aquarell-4-ply.jpg.webp\" \/>\n\t<meta property=\"og:image:width\" content=\"800\" \/>\n\t<meta property=\"og:image:height\" content=\"800\" \/>\n\t<meta property=\"og:image:type\" content=\"image\/webp\" \/>\n<meta name=\"twitter:card\" content=\"summary_large_image\" \/>\n<meta name=\"twitter:label1\" content=\"Est. reading time\" \/>\n\t<meta name=\"twitter:data1\" content=\"1 minute\" \/>\n<script type=\"application\/ld+json\" class=\"yoast-schema-graph\">{\"@context\":\"https:\/\/schema.org\",\"@graph\":[{\"@type\":\"WebPage\",\"@id\":\"https:\/\/happyinaknit.com\/produktas\/opal-aquarell-4ply\/\",\"url\":\"https:\/\/happyinaknit.com\/produktas\/opal-aquarell-4ply\/\",\"name\":\"Opal Aquarell 4ply - Happyinaknit.com\",\"isPartOf\":{\"@id\":\"https:\/\/happyinaknit.com\/lt\/#website\"},\"primaryImageOfPage\":{\"@id\":\"https:\/\/happyinaknit.com\/produktas\/opal-aquarell-4ply\/#primaryimage\"},\"image\":{\"@id\":\"https:\/\/happyinaknit.com\/produktas\/opal-aquarell-4ply\/#primaryimage\"},\"thumbnailUrl\":\"https:\/\/happyinaknit.com\/wp-content\/uploads\/2025\/10\/opal-aquarell-4-ply.jpg.webp\",\"datePublished\":\"2025-10-09T08:54:34+00:00\",\"dateModified\":\"2026-01-02T19:46:21+00:00\",\"breadcrumb\":{\"@id\":\"https:\/\/happyinaknit.com\/produktas\/opal-aquarell-4ply\/#breadcrumb\"},\"inLanguage\":\"en-US\",\"potentialAction\":[{\"@type\":\"ReadAction\",\"target\":[\"https:\/\/happyinaknit.com\/produktas\/opal-aquarell-4ply\/\"]}]},{\"@type\":\"ImageObject\",\"inLanguage\":\"en-US\",\"@id\":\"https:\/\/happyinaknit.com\/produktas\/opal-aquarell-4ply\/#primaryimage\",\"url\":\"https:\/\/happyinaknit.com\/wp-content\/uploads\/2025\/10\/opal-aquarell-4-ply.jpg.webp\",\"contentUrl\":\"https:\/\/happyinaknit.com\/wp-content\/uploads\/2025\/10\/opal-aquarell-4-ply.jpg.webp\",\"width\":800,\"height\":800},{\"@type\":\"BreadcrumbList\",\"@id\":\"https:\/\/happyinaknit.com\/produktas\/opal-aquarell-4ply\/#breadcrumb\",\"itemListElement\":[{\"@type\":\"ListItem\",\"position\":1,\"name\":\"Home\",\"item\":\"https:\/\/happyinaknit.com\/lt\/\"},{\"@type\":\"ListItem\",\"position\":2,\"name\":\"Parduotuv\u0117\",\"item\":\"https:\/\/happyinaknit.com\/lt\/parduotuve\/\"},{\"@type\":\"ListItem\",\"position\":3,\"name\":\"Opal Aquarell 4ply\"}]},{\"@type\":\"WebSite\",\"@id\":\"https:\/\/happyinaknit.com\/lt\/#website\",\"url\":\"https:\/\/happyinaknit.com\/lt\/\",\"name\":\"Happyinaknit.com\",\"description\":\"\",\"potentialAction\":[{\"@type\":\"SearchAction\",\"target\":{\"@type\":\"EntryPoint\",\"urlTemplate\":\"https:\/\/happyinaknit.com\/lt\/?s={search_term_string}\"},\"query-input\":{\"@type\":\"PropertyValueSpecification\",\"valueRequired\":true,\"valueName\":\"search_term_string\"}}],\"inLanguage\":\"en-US\"}]}<\/script>\n<!-- \/ Yoast SEO plugin. -->","yoast_head_json":{"title":"Opal Aquarell 4ply - Happyinaknit.com","robots":{"index":"index","follow":"follow","max-snippet":"max-snippet:-1","max-image-preview":"max-image-preview:large","max-video-preview":"max-video-preview:-1"},"canonical":"https:\/\/happyinaknit.com\/en\/product\/opal-aquarell-4ply\/","og_locale":"en_US","og_type":"article","og_title":"Opal Aquarell 4ply - Happyinaknit.com","og_description":"Opal Aquarell \u2013 tai nuostab\u016bs si\u016blai, kurie \u012f j\u016bs\u0173 mezginius \u012fne\u0161 tikr\u0105 spalv\u0173 \u0161vent\u0119. \u0160velniai susiliejantys atspalviai kuria unikal\u0173 gradiento efekt\u0105, primenant\u012f subtilius akvarel\u0117s pot\u0117pius paveiksle. Kiekvienas kamuoliukas \u2013 tarsi meno k\u016brinys, suteikiantis mezginiui gyvybingumo ir i\u0161skirtinumo. \u0160ie si\u016blai puikiai tinka kojini\u0173, pir\u0161tini\u0173, \u0161alik\u0173, kepuri\u0173, aksesuar\u0173 bei vaiki\u0161k\u0173 drabu\u017ei\u0173 mezgimui.D\u0117l savo sud\u0117ties jie yra \u0161ilti, [&hellip;]","og_url":"https:\/\/happyinaknit.com\/en\/product\/opal-aquarell-4ply\/","og_site_name":"Happyinaknit.com","article_modified_time":"2026-01-02T19:46:21+00:00","og_image":[{"width":800,"height":800,"url":"https:\/\/happyinaknit.com\/wp-content\/uploads\/2025\/10\/opal-aquarell-4-ply.jpg.webp","type":"image\/webp"}],"twitter_card":"summary_large_image","twitter_misc":{"Est. reading time":"1 minute"},"schema":{"@context":"https:\/\/schema.org","@graph":[{"@type":"WebPage","@id":"https:\/\/happyinaknit.com\/produktas\/opal-aquarell-4ply\/","url":"https:\/\/happyinaknit.com\/produktas\/opal-aquarell-4ply\/","name":"Opal Aquarell 4ply - Happyinaknit.com","isPartOf":{"@id":"https:\/\/happyinaknit.com\/lt\/#website"},"primaryImageOfPage":{"@id":"https:\/\/happyinaknit.com\/produktas\/opal-aquarell-4ply\/#primaryimage"},"image":{"@id":"https:\/\/happyinaknit.com\/produktas\/opal-aquarell-4ply\/#primaryimage"},"thumbnailUrl":"https:\/\/happyinaknit.com\/wp-content\/uploads\/2025\/10\/opal-aquarell-4-ply.jpg.webp","datePublished":"2025-10-09T08:54:34+00:00","dateModified":"2026-01-02T19:46:21+00:00","breadcrumb":{"@id":"https:\/\/happyinaknit.com\/produktas\/opal-aquarell-4ply\/#breadcrumb"},"inLanguage":"en-US","potentialAction":[{"@type":"ReadAction","target":["https:\/\/happyinaknit.com\/produktas\/opal-aquarell-4ply\/"]}]},{"@type":"ImageObject","inLanguage":"en-US","@id":"https:\/\/happyinaknit.com\/produktas\/opal-aquarell-4ply\/#primaryimage","url":"https:\/\/happyinaknit.com\/wp-content\/uploads\/2025\/10\/opal-aquarell-4-ply.jpg.webp","contentUrl":"https:\/\/happyinaknit.com\/wp-content\/uploads\/2025\/10\/opal-aquarell-4-ply.jpg.webp","width":800,"height":800},{"@type":"BreadcrumbList","@id":"https:\/\/happyinaknit.com\/produktas\/opal-aquarell-4ply\/#breadcrumb","itemListElement":[{"@type":"ListItem","position":1,"name":"Home","item":"https:\/\/happyinaknit.com\/lt\/"},{"@type":"ListItem","position":2,"name":"Parduotuv\u0117","item":"https:\/\/happyinaknit.com\/lt\/parduotuve\/"},{"@type":"ListItem","position":3,"name":"Opal Aquarell 4ply"}]},{"@type":"WebSite","@id":"https:\/\/happyinaknit.com\/lt\/#website","url":"https:\/\/happyinaknit.com\/lt\/","name":"Happyinaknit.com","description":"","potentialAction":[{"@type":"SearchAction","target":{"@type":"EntryPoint","urlTemplate":"https:\/\/happyinaknit.com\/lt\/?s={search_term_string}"},"query-input":{"@type":"PropertyValueSpecification","valueRequired":true,"valueName":"search_term_string"}}],"inLanguage":"en-US"}]}},"_links":{"self":[{"href":"https:\/\/happyinaknit.com\/en\/wp-json\/wp\/v2\/product\/3880","targetHints":{"allow":["GET"]}}],"collection":[{"href":"https:\/\/happyinaknit.com\/en\/wp-json\/wp\/v2\/product"}],"about":[{"href":"https:\/\/happyinaknit.com\/en\/wp-json\/wp\/v2\/types\/product"}],"replies":[{"embeddable":true,"href":"https:\/\/happyinaknit.com\/en\/wp-json\/wp\/v2\/comments?post=3880"}],"wp:featuredmedia":[{"embeddable":true,"href":"https:\/\/happyinaknit.com\/en\/wp-json\/wp\/v2\/media\/3892"}],"wp:attachment":[{"href":"https:\/\/happyinaknit.com\/en\/wp-json\/wp\/v2\/media?parent=3880"}],"wp:term":[{"taxonomy":"product_brand","embeddable":true,"href":"https:\/\/happyinaknit.com\/en\/wp-json\/wp\/v2\/product_brand?post=3880"},{"taxonomy":"product_cat","embeddable":true,"href":"https:\/\/happyinaknit.com\/en\/wp-json\/wp\/v2\/product_cat?post=3880"},{"taxonomy":"product_tag","embeddable":true,"href":"https:\/\/happyinaknit.com\/en\/wp-json\/wp\/v2\/product_tag?post=3880"},{"taxonomy":"pro-kategorijos","embeddable":true,"href":"https:\/\/happyinaknit.com\/en\/wp-json\/wp\/v2\/pro-kategorijos?post=3880"}],"curies":[{"name":"wp","href":"https:\/\/api.w.org\/{rel}","templated":true}]}}