{"id":3866,"date":"2025-10-09T08:32:15","date_gmt":"2025-10-09T08:32:15","guid":{"rendered":"https:\/\/happyinaknit.com\/?post_type=product&#038;p=3866"},"modified":"2025-11-13T21:07:59","modified_gmt":"2025-11-13T21:07:59","slug":"opal-mixtape-4-ply","status":"publish","type":"product","link":"https:\/\/happyinaknit.com\/en\/product\/opal-mixtape-4-ply\/","title":{"rendered":"Opal MixTape 4-ply"},"content":{"rendered":"<p data-start=\"76\" data-end=\"363\">Opal MixTape is a high-quality 4-ply yarn designed to make your knits durable, warm and full of color. The composition includes 75 % natural wool (superwash treatment) for warmth and breathability, and 25 % polyamide for durability and elasticity.<\/p>\n<p data-start=\"365\" data-end=\"552\">This collection is inspired by the emotions of musical rhythms and melodies, so each ball is a colorful story that creates unique, self-forming patterns in the knit.<\/p>\n<p data-start=\"554\" data-end=\"675\">Perfect for knitting socks, but the yarn is also ideal for sweaters, hats, gloves or scarves.<\/p>\n<p data-start=\"677\" data-end=\"926\"><strong data-start=\"677\" data-end=\"689\">Composition:<\/strong> 75 % wool (superwash), 25 % polyamide<br data-start=\"729\" data-end=\"732\" \/><strong data-start=\"732\" data-end=\"754\">Weight \/ length:<\/strong> 100 g - 425 m<br data-start=\"768\" data-end=\"771\" \/><strong data-start=\"771\" data-end=\"799\">Recommended needles:<\/strong> 2.5mm<br data-start=\"806\" data-end=\"809\" \/><strong data-start=\"809\" data-end=\"822\" data-is-only-node=\"\">Density:<\/strong> 10 \u00d7 10 cm \u2013 about 30 stitches \u00d7 42 rows<br data-start=\"859\" data-end=\"862\" \/><strong data-start=\"862\" data-end=\"873\">Yield:<\/strong> for one pair of socks up to size 46 \u2013 1 ball<\/p>\n<p data-start=\"928\" data-end=\"995\"><strong data-start=\"928\" data-end=\"938\">Suitable for:<\/strong> socks, sweaters, gloves, hats, scarves.<\/p>\n<p data-start=\"997\" data-end=\"1197\" data-is-last-node=\"\" data-is-only-node=\"\"><strong data-start=\"997\" data-end=\"1011\">Care:<\/strong> Wash by hand or on wool cycle at a temperature of up to 30\u00b0C, dry flat.<\/p>\n<p data-start=\"997\" data-end=\"1197\" data-is-last-node=\"\" data-is-only-node=\"\"><br data-start=\"1106\" data-end=\"1109\" \/><strong data-start=\"1109\" data-end=\"1121\">Note:<\/strong> Color shades may vary slightly depending on your device&#039;s screen.<\/p>","protected":false},"excerpt":{"rendered":"<p>Opal MixTape \u2013 tai auk\u0161tos kokyb\u0117s 4 sluoksni\u0173 si\u016blai, sukurti tam, kad j\u016bs\u0173 mezginiai b\u016bt\u0173 ilgaam\u017eiai, \u0161ilti ir kupini spalv\u0173. Sud\u0117tyje esanti 75 % nat\u016brali vilna (superwash apdirbimas) suteikia \u0161ilum\u0105 ir kv\u0117puojan\u010dias savybes, o 25 % poliamido \u2013 patvarumo ir elastingumo. \u0160i kolekcija \u012fkv\u0117pta muzikos ritm\u0173 ir melodij\u0173 emocij\u0173, tod\u0117l kiekvienas kamuoliukas \u2013 tai spalvingas [&hellip;]<\/p>\n","protected":false},"featured_media":3872,"comment_status":"open","ping_status":"closed","template":"","meta":{"_acf_changed":false},"product_brand":[871],"product_cat":[15,18,94],"product_tag":[],"pro-kategorijos":[56],"class_list":{"0":"post-3866","1":"product","2":"type-product","3":"status-publish","4":"has-post-thumbnail","6":"product_brand-opal","7":"product_cat-visi-produktai","8":"product_cat-siulai","9":"product_cat-siulai-kojinems","10":"pro-kategorijos-vilna","12":"first","13":"instock","14":"shipping-taxable","15":"purchasable","16":"product-type-variable"},"acf":[],"yoast_head":"<!-- This site is optimized with the Yoast SEO plugin v26.8 - https:\/\/yoast.com\/product\/yoast-seo-wordpress\/ -->\n<title>Opal MixTape 4-ply - Happyinaknit.com<\/title>\n<meta name=\"robots\" content=\"index, follow, max-snippet:-1, max-image-preview:large, max-video-preview:-1\" \/>\n<link rel=\"canonical\" href=\"https:\/\/happyinaknit.com\/en\/product\/opal-mixtape-4-ply\/\" \/>\n<meta property=\"og:locale\" content=\"en_US\" \/>\n<meta property=\"og:type\" content=\"article\" \/>\n<meta property=\"og:title\" content=\"Opal MixTape 4-ply - Happyinaknit.com\" \/>\n<meta property=\"og:description\" content=\"Opal MixTape \u2013 tai auk\u0161tos kokyb\u0117s 4 sluoksni\u0173 si\u016blai, sukurti tam, kad j\u016bs\u0173 mezginiai b\u016bt\u0173 ilgaam\u017eiai, \u0161ilti ir kupini spalv\u0173. Sud\u0117tyje esanti 75 % nat\u016brali vilna (superwash apdirbimas) suteikia \u0161ilum\u0105 ir kv\u0117puojan\u010dias savybes, o 25 % poliamido \u2013 patvarumo ir elastingumo. \u0160i kolekcija \u012fkv\u0117pta muzikos ritm\u0173 ir melodij\u0173 emocij\u0173, tod\u0117l kiekvienas kamuoliukas \u2013 tai spalvingas [&hellip;]\" \/>\n<meta property=\"og:url\" content=\"https:\/\/happyinaknit.com\/en\/product\/opal-mixtape-4-ply\/\" \/>\n<meta property=\"og:site_name\" content=\"Happyinaknit.com\" \/>\n<meta property=\"article:modified_time\" content=\"2025-11-13T21:07:59+00:00\" \/>\n<meta property=\"og:image\" content=\"https:\/\/happyinaknit.com\/wp-content\/uploads\/2025\/10\/opal-mixtape-40-ply.jpg.webp\" \/>\n\t<meta property=\"og:image:width\" content=\"800\" \/>\n\t<meta property=\"og:image:height\" content=\"800\" \/>\n\t<meta property=\"og:image:type\" content=\"image\/webp\" \/>\n<meta name=\"twitter:card\" content=\"summary_large_image\" \/>\n<meta name=\"twitter:label1\" content=\"Est. reading time\" \/>\n\t<meta name=\"twitter:data1\" content=\"1 minute\" \/>\n<script type=\"application\/ld+json\" class=\"yoast-schema-graph\">{\"@context\":\"https:\/\/schema.org\",\"@graph\":[{\"@type\":\"WebPage\",\"@id\":\"https:\/\/happyinaknit.com\/produktas\/opal-mixtape-4-ply\/\",\"url\":\"https:\/\/happyinaknit.com\/produktas\/opal-mixtape-4-ply\/\",\"name\":\"Opal MixTape 4-ply - Happyinaknit.com\",\"isPartOf\":{\"@id\":\"https:\/\/happyinaknit.com\/lt\/#website\"},\"primaryImageOfPage\":{\"@id\":\"https:\/\/happyinaknit.com\/produktas\/opal-mixtape-4-ply\/#primaryimage\"},\"image\":{\"@id\":\"https:\/\/happyinaknit.com\/produktas\/opal-mixtape-4-ply\/#primaryimage\"},\"thumbnailUrl\":\"https:\/\/happyinaknit.com\/wp-content\/uploads\/2025\/10\/opal-mixtape-40-ply.jpg.webp\",\"datePublished\":\"2025-10-09T08:32:15+00:00\",\"dateModified\":\"2025-11-13T21:07:59+00:00\",\"breadcrumb\":{\"@id\":\"https:\/\/happyinaknit.com\/produktas\/opal-mixtape-4-ply\/#breadcrumb\"},\"inLanguage\":\"en-US\",\"potentialAction\":[{\"@type\":\"ReadAction\",\"target\":[\"https:\/\/happyinaknit.com\/produktas\/opal-mixtape-4-ply\/\"]}]},{\"@type\":\"ImageObject\",\"inLanguage\":\"en-US\",\"@id\":\"https:\/\/happyinaknit.com\/produktas\/opal-mixtape-4-ply\/#primaryimage\",\"url\":\"https:\/\/happyinaknit.com\/wp-content\/uploads\/2025\/10\/opal-mixtape-40-ply.jpg.webp\",\"contentUrl\":\"https:\/\/happyinaknit.com\/wp-content\/uploads\/2025\/10\/opal-mixtape-40-ply.jpg.webp\",\"width\":800,\"height\":800},{\"@type\":\"BreadcrumbList\",\"@id\":\"https:\/\/happyinaknit.com\/produktas\/opal-mixtape-4-ply\/#breadcrumb\",\"itemListElement\":[{\"@type\":\"ListItem\",\"position\":1,\"name\":\"Home\",\"item\":\"https:\/\/happyinaknit.com\/lt\/\"},{\"@type\":\"ListItem\",\"position\":2,\"name\":\"Parduotuv\u0117\",\"item\":\"https:\/\/happyinaknit.com\/lt\/parduotuve\/\"},{\"@type\":\"ListItem\",\"position\":3,\"name\":\"Opal MixTape 4-ply\"}]},{\"@type\":\"WebSite\",\"@id\":\"https:\/\/happyinaknit.com\/lt\/#website\",\"url\":\"https:\/\/happyinaknit.com\/lt\/\",\"name\":\"Happyinaknit.com\",\"description\":\"\",\"potentialAction\":[{\"@type\":\"SearchAction\",\"target\":{\"@type\":\"EntryPoint\",\"urlTemplate\":\"https:\/\/happyinaknit.com\/lt\/?s={search_term_string}\"},\"query-input\":{\"@type\":\"PropertyValueSpecification\",\"valueRequired\":true,\"valueName\":\"search_term_string\"}}],\"inLanguage\":\"en-US\"}]}<\/script>\n<!-- \/ Yoast SEO plugin. -->","yoast_head_json":{"title":"Opal MixTape 4-ply - Happyinaknit.com","robots":{"index":"index","follow":"follow","max-snippet":"max-snippet:-1","max-image-preview":"max-image-preview:large","max-video-preview":"max-video-preview:-1"},"canonical":"https:\/\/happyinaknit.com\/en\/product\/opal-mixtape-4-ply\/","og_locale":"en_US","og_type":"article","og_title":"Opal MixTape 4-ply - Happyinaknit.com","og_description":"Opal MixTape \u2013 tai auk\u0161tos kokyb\u0117s 4 sluoksni\u0173 si\u016blai, sukurti tam, kad j\u016bs\u0173 mezginiai b\u016bt\u0173 ilgaam\u017eiai, \u0161ilti ir kupini spalv\u0173. Sud\u0117tyje esanti 75 % nat\u016brali vilna (superwash apdirbimas) suteikia \u0161ilum\u0105 ir kv\u0117puojan\u010dias savybes, o 25 % poliamido \u2013 patvarumo ir elastingumo. \u0160i kolekcija \u012fkv\u0117pta muzikos ritm\u0173 ir melodij\u0173 emocij\u0173, tod\u0117l kiekvienas kamuoliukas \u2013 tai spalvingas [&hellip;]","og_url":"https:\/\/happyinaknit.com\/en\/product\/opal-mixtape-4-ply\/","og_site_name":"Happyinaknit.com","article_modified_time":"2025-11-13T21:07:59+00:00","og_image":[{"width":800,"height":800,"url":"https:\/\/happyinaknit.com\/wp-content\/uploads\/2025\/10\/opal-mixtape-40-ply.jpg.webp","type":"image\/webp"}],"twitter_card":"summary_large_image","twitter_misc":{"Est. reading time":"1 minute"},"schema":{"@context":"https:\/\/schema.org","@graph":[{"@type":"WebPage","@id":"https:\/\/happyinaknit.com\/produktas\/opal-mixtape-4-ply\/","url":"https:\/\/happyinaknit.com\/produktas\/opal-mixtape-4-ply\/","name":"Opal MixTape 4-ply - Happyinaknit.com","isPartOf":{"@id":"https:\/\/happyinaknit.com\/lt\/#website"},"primaryImageOfPage":{"@id":"https:\/\/happyinaknit.com\/produktas\/opal-mixtape-4-ply\/#primaryimage"},"image":{"@id":"https:\/\/happyinaknit.com\/produktas\/opal-mixtape-4-ply\/#primaryimage"},"thumbnailUrl":"https:\/\/happyinaknit.com\/wp-content\/uploads\/2025\/10\/opal-mixtape-40-ply.jpg.webp","datePublished":"2025-10-09T08:32:15+00:00","dateModified":"2025-11-13T21:07:59+00:00","breadcrumb":{"@id":"https:\/\/happyinaknit.com\/produktas\/opal-mixtape-4-ply\/#breadcrumb"},"inLanguage":"en-US","potentialAction":[{"@type":"ReadAction","target":["https:\/\/happyinaknit.com\/produktas\/opal-mixtape-4-ply\/"]}]},{"@type":"ImageObject","inLanguage":"en-US","@id":"https:\/\/happyinaknit.com\/produktas\/opal-mixtape-4-ply\/#primaryimage","url":"https:\/\/happyinaknit.com\/wp-content\/uploads\/2025\/10\/opal-mixtape-40-ply.jpg.webp","contentUrl":"https:\/\/happyinaknit.com\/wp-content\/uploads\/2025\/10\/opal-mixtape-40-ply.jpg.webp","width":800,"height":800},{"@type":"BreadcrumbList","@id":"https:\/\/happyinaknit.com\/produktas\/opal-mixtape-4-ply\/#breadcrumb","itemListElement":[{"@type":"ListItem","position":1,"name":"Home","item":"https:\/\/happyinaknit.com\/lt\/"},{"@type":"ListItem","position":2,"name":"Parduotuv\u0117","item":"https:\/\/happyinaknit.com\/lt\/parduotuve\/"},{"@type":"ListItem","position":3,"name":"Opal MixTape 4-ply"}]},{"@type":"WebSite","@id":"https:\/\/happyinaknit.com\/lt\/#website","url":"https:\/\/happyinaknit.com\/lt\/","name":"Happyinaknit.com","description":"","potentialAction":[{"@type":"SearchAction","target":{"@type":"EntryPoint","urlTemplate":"https:\/\/happyinaknit.com\/lt\/?s={search_term_string}"},"query-input":{"@type":"PropertyValueSpecification","valueRequired":true,"valueName":"search_term_string"}}],"inLanguage":"en-US"}]}},"_links":{"self":[{"href":"https:\/\/happyinaknit.com\/en\/wp-json\/wp\/v2\/product\/3866","targetHints":{"allow":["GET"]}}],"collection":[{"href":"https:\/\/happyinaknit.com\/en\/wp-json\/wp\/v2\/product"}],"about":[{"href":"https:\/\/happyinaknit.com\/en\/wp-json\/wp\/v2\/types\/product"}],"replies":[{"embeddable":true,"href":"https:\/\/happyinaknit.com\/en\/wp-json\/wp\/v2\/comments?post=3866"}],"wp:featuredmedia":[{"embeddable":true,"href":"https:\/\/happyinaknit.com\/en\/wp-json\/wp\/v2\/media\/3872"}],"wp:attachment":[{"href":"https:\/\/happyinaknit.com\/en\/wp-json\/wp\/v2\/media?parent=3866"}],"wp:term":[{"taxonomy":"product_brand","embeddable":true,"href":"https:\/\/happyinaknit.com\/en\/wp-json\/wp\/v2\/product_brand?post=3866"},{"taxonomy":"product_cat","embeddable":true,"href":"https:\/\/happyinaknit.com\/en\/wp-json\/wp\/v2\/product_cat?post=3866"},{"taxonomy":"product_tag","embeddable":true,"href":"https:\/\/happyinaknit.com\/en\/wp-json\/wp\/v2\/product_tag?post=3866"},{"taxonomy":"pro-kategorijos","embeddable":true,"href":"https:\/\/happyinaknit.com\/en\/wp-json\/wp\/v2\/pro-kategorijos?post=3866"}],"curies":[{"name":"wp","href":"https:\/\/api.w.org\/{rel}","templated":true}]}}