{"id":3841,"date":"2025-10-08T22:43:26","date_gmt":"2025-10-08T22:43:26","guid":{"rendered":"https:\/\/happyinaknit.com\/?post_type=product&#038;p=3841"},"modified":"2025-11-13T21:56:57","modified_gmt":"2025-11-13T21:56:57","slug":"lanamania-airy","status":"publish","type":"product","link":"https:\/\/happyinaknit.com\/en\/product\/lanamania-airy\/","title":{"rendered":"Lanamania Airy"},"content":{"rendered":"<p data-start=\"67\" data-end=\"309\"><strong data-start=\"67\" data-end=\"92\">Pure Super Kid Mohair<\/strong> \u2013 is a 100 % super kid mohair yarn, characterized by extraordinary softness, lightness and a natural subtle shine. This yarn creates an elegant, slightly fluffy texture of the knit and perfectly highlights the eye pattern.<\/p>\n<p data-start=\"311\" data-end=\"586\">They are very suitable for both <strong data-start=\"331\" data-end=\"348\">for even writing<\/strong>, both <strong data-start=\"355\" data-end=\"393\">for openwork scarves and shawls<\/strong>, giving the products a sense of lightness and luxury.<br data-start=\"446\" data-end=\"449\" \/>&quot;Super kid&quot; is the highest quality mohair, obtained from the wool of the youngest Angora goats, making the yarn gentle even for sensitive skin.<\/p>\n<p data-start=\"588\" data-end=\"816\"><strong data-start=\"588\" data-end=\"600\">Composition:<\/strong> 100 % super kid mohair<br data-start=\"624\" data-end=\"627\" \/><strong data-start=\"627\" data-end=\"649\">Weight \/ length:<\/strong> 50 g - 200 m<br data-start=\"662\" data-end=\"665\" \/><strong data-start=\"665\" data-end=\"693\">Recommended needles:<\/strong> 2.5-4.0mm<br data-start=\"704\" data-end=\"707\" data-is-only-node=\"\" \/><strong data-start=\"707\" data-end=\"720\">Density:<\/strong> 10 \u00d7 10 cm \u2013 about 25 stitches \u00d7 36 rows<br data-start=\"757\" data-end=\"760\" \/><strong data-start=\"760\" data-end=\"771\">Yield:<\/strong> for a sweater (size 40) \u2013 about 5 balls<\/p>\n<p data-start=\"818\" data-end=\"910\"><strong data-start=\"818\" data-end=\"828\">Suitable for:<\/strong> for light sweaters, shawls, scarves, cardigans and openwork knitwear.<\/p>\n<p data-start=\"912\" data-end=\"1108\" data-is-last-node=\"\" data-is-only-node=\"\"><strong data-start=\"912\" data-end=\"926\">Care:<\/strong> Wash by hand at a temperature not exceeding 30 \u00b0C, dry flat.<\/p>\n<p data-start=\"912\" data-end=\"1108\" data-is-last-node=\"\" data-is-only-node=\"\"><br data-start=\"1017\" data-end=\"1020\" \/><strong data-start=\"1020\" data-end=\"1032\">Note:<\/strong> Color shades may vary slightly depending on your device&#039;s screen.<\/p>","protected":false},"excerpt":{"rendered":"<p>Pure Super Kid Mohair \u2013 tai 100 % super kid moh\u0117jos si\u016blai, pasi\u017eymintys nepaprastu \u0161velnumu, lengvumu ir nat\u016braliu subtiliu blizgesiu. \u0160ie si\u016blai sukuria eleganti\u0161k\u0105, \u0161iek tiek p\u016bkuot\u0105 mezginio tekst\u016br\u0105 ir tobulai i\u0161ry\u0161kina aki\u0173 ra\u0161t\u0105. Jie itin tinka tiek lygiam ra\u0161tui, tiek kiaurara\u0161\u010diams \u0161alikams ir skaroms, suteikdami gaminiams lengvumo bei prabangos poj\u016bt\u012f.\u201eSuper kid\u201c \u2013 tai auk\u0161\u010diausios [&hellip;]<\/p>\n","protected":false},"featured_media":6678,"comment_status":"open","ping_status":"closed","template":"","meta":{"_acf_changed":false},"product_brand":[64],"product_cat":[15,182,18],"product_tag":[33],"pro-kategorijos":[74],"class_list":{"0":"post-3841","1":"product","2":"type-product","3":"status-publish","4":"has-post-thumbnail","6":"product_brand-zealanalanamania","7":"product_cat-visi-produktai","8":"product_cat-ispardavimas","9":"product_cat-siulai","10":"product_tag-ispardavimas","11":"pro-kategorijos-moheras","13":"first","14":"instock","15":"sale","16":"shipping-taxable","17":"purchasable","18":"product-type-variable"},"acf":[],"yoast_head":"<!-- This site is optimized with the Yoast SEO plugin v26.8 - https:\/\/yoast.com\/product\/yoast-seo-wordpress\/ -->\n<title>Lanamania Airy - Happyinaknit.com<\/title>\n<meta name=\"robots\" content=\"index, follow, max-snippet:-1, max-image-preview:large, max-video-preview:-1\" \/>\n<link rel=\"canonical\" href=\"https:\/\/happyinaknit.com\/en\/product\/lanamania-airy\/\" \/>\n<meta property=\"og:locale\" content=\"en_US\" \/>\n<meta property=\"og:type\" content=\"article\" \/>\n<meta property=\"og:title\" content=\"Lanamania Airy - Happyinaknit.com\" \/>\n<meta property=\"og:description\" content=\"Pure Super Kid Mohair \u2013 tai 100 % super kid moh\u0117jos si\u016blai, pasi\u017eymintys nepaprastu \u0161velnumu, lengvumu ir nat\u016braliu subtiliu blizgesiu. \u0160ie si\u016blai sukuria eleganti\u0161k\u0105, \u0161iek tiek p\u016bkuot\u0105 mezginio tekst\u016br\u0105 ir tobulai i\u0161ry\u0161kina aki\u0173 ra\u0161t\u0105. Jie itin tinka tiek lygiam ra\u0161tui, tiek kiaurara\u0161\u010diams \u0161alikams ir skaroms, suteikdami gaminiams lengvumo bei prabangos poj\u016bt\u012f.\u201eSuper kid\u201c \u2013 tai auk\u0161\u010diausios [&hellip;]\" \/>\n<meta property=\"og:url\" content=\"https:\/\/happyinaknit.com\/en\/product\/lanamania-airy\/\" \/>\n<meta property=\"og:site_name\" content=\"Happyinaknit.com\" \/>\n<meta property=\"article:modified_time\" content=\"2025-11-13T21:56:57+00:00\" \/>\n<meta property=\"og:image\" content=\"https:\/\/happyinaknit.com\/wp-content\/uploads\/2025\/10\/DSC_5536-scaled.jpg\" \/>\n\t<meta property=\"og:image:width\" content=\"2560\" \/>\n\t<meta property=\"og:image:height\" content=\"2560\" \/>\n\t<meta property=\"og:image:type\" content=\"image\/jpeg\" \/>\n<meta name=\"twitter:card\" content=\"summary_large_image\" \/>\n<meta name=\"twitter:label1\" content=\"Est. reading time\" \/>\n\t<meta name=\"twitter:data1\" content=\"1 minute\" \/>\n<script type=\"application\/ld+json\" class=\"yoast-schema-graph\">{\"@context\":\"https:\/\/schema.org\",\"@graph\":[{\"@type\":\"WebPage\",\"@id\":\"https:\/\/happyinaknit.com\/produktas\/lanamania-airy\/\",\"url\":\"https:\/\/happyinaknit.com\/produktas\/lanamania-airy\/\",\"name\":\"Lanamania Airy - Happyinaknit.com\",\"isPartOf\":{\"@id\":\"https:\/\/happyinaknit.com\/lt\/#website\"},\"primaryImageOfPage\":{\"@id\":\"https:\/\/happyinaknit.com\/produktas\/lanamania-airy\/#primaryimage\"},\"image\":{\"@id\":\"https:\/\/happyinaknit.com\/produktas\/lanamania-airy\/#primaryimage\"},\"thumbnailUrl\":\"https:\/\/happyinaknit.com\/wp-content\/uploads\/2025\/10\/DSC_5536-scaled.jpg\",\"datePublished\":\"2025-10-08T22:43:26+00:00\",\"dateModified\":\"2025-11-13T21:56:57+00:00\",\"breadcrumb\":{\"@id\":\"https:\/\/happyinaknit.com\/produktas\/lanamania-airy\/#breadcrumb\"},\"inLanguage\":\"en-US\",\"potentialAction\":[{\"@type\":\"ReadAction\",\"target\":[\"https:\/\/happyinaknit.com\/produktas\/lanamania-airy\/\"]}]},{\"@type\":\"ImageObject\",\"inLanguage\":\"en-US\",\"@id\":\"https:\/\/happyinaknit.com\/produktas\/lanamania-airy\/#primaryimage\",\"url\":\"https:\/\/happyinaknit.com\/wp-content\/uploads\/2025\/10\/DSC_5536-scaled.jpg\",\"contentUrl\":\"https:\/\/happyinaknit.com\/wp-content\/uploads\/2025\/10\/DSC_5536-scaled.jpg\",\"width\":2560,\"height\":2560},{\"@type\":\"BreadcrumbList\",\"@id\":\"https:\/\/happyinaknit.com\/produktas\/lanamania-airy\/#breadcrumb\",\"itemListElement\":[{\"@type\":\"ListItem\",\"position\":1,\"name\":\"Home\",\"item\":\"https:\/\/happyinaknit.com\/lt\/\"},{\"@type\":\"ListItem\",\"position\":2,\"name\":\"Parduotuv\u0117\",\"item\":\"https:\/\/happyinaknit.com\/lt\/parduotuve\/\"},{\"@type\":\"ListItem\",\"position\":3,\"name\":\"Lanamania Airy\"}]},{\"@type\":\"WebSite\",\"@id\":\"https:\/\/happyinaknit.com\/lt\/#website\",\"url\":\"https:\/\/happyinaknit.com\/lt\/\",\"name\":\"Happyinaknit.com\",\"description\":\"\",\"potentialAction\":[{\"@type\":\"SearchAction\",\"target\":{\"@type\":\"EntryPoint\",\"urlTemplate\":\"https:\/\/happyinaknit.com\/lt\/?s={search_term_string}\"},\"query-input\":{\"@type\":\"PropertyValueSpecification\",\"valueRequired\":true,\"valueName\":\"search_term_string\"}}],\"inLanguage\":\"en-US\"}]}<\/script>\n<!-- \/ Yoast SEO plugin. -->","yoast_head_json":{"title":"Lanamania Airy - Happyinaknit.com","robots":{"index":"index","follow":"follow","max-snippet":"max-snippet:-1","max-image-preview":"max-image-preview:large","max-video-preview":"max-video-preview:-1"},"canonical":"https:\/\/happyinaknit.com\/en\/product\/lanamania-airy\/","og_locale":"en_US","og_type":"article","og_title":"Lanamania Airy - Happyinaknit.com","og_description":"Pure Super Kid Mohair \u2013 tai 100 % super kid moh\u0117jos si\u016blai, pasi\u017eymintys nepaprastu \u0161velnumu, lengvumu ir nat\u016braliu subtiliu blizgesiu. \u0160ie si\u016blai sukuria eleganti\u0161k\u0105, \u0161iek tiek p\u016bkuot\u0105 mezginio tekst\u016br\u0105 ir tobulai i\u0161ry\u0161kina aki\u0173 ra\u0161t\u0105. Jie itin tinka tiek lygiam ra\u0161tui, tiek kiaurara\u0161\u010diams \u0161alikams ir skaroms, suteikdami gaminiams lengvumo bei prabangos poj\u016bt\u012f.\u201eSuper kid\u201c \u2013 tai auk\u0161\u010diausios [&hellip;]","og_url":"https:\/\/happyinaknit.com\/en\/product\/lanamania-airy\/","og_site_name":"Happyinaknit.com","article_modified_time":"2025-11-13T21:56:57+00:00","og_image":[{"width":2560,"height":2560,"url":"https:\/\/happyinaknit.com\/wp-content\/uploads\/2025\/10\/DSC_5536-scaled.jpg","type":"image\/jpeg"}],"twitter_card":"summary_large_image","twitter_misc":{"Est. reading time":"1 minute"},"schema":{"@context":"https:\/\/schema.org","@graph":[{"@type":"WebPage","@id":"https:\/\/happyinaknit.com\/produktas\/lanamania-airy\/","url":"https:\/\/happyinaknit.com\/produktas\/lanamania-airy\/","name":"Lanamania Airy - Happyinaknit.com","isPartOf":{"@id":"https:\/\/happyinaknit.com\/lt\/#website"},"primaryImageOfPage":{"@id":"https:\/\/happyinaknit.com\/produktas\/lanamania-airy\/#primaryimage"},"image":{"@id":"https:\/\/happyinaknit.com\/produktas\/lanamania-airy\/#primaryimage"},"thumbnailUrl":"https:\/\/happyinaknit.com\/wp-content\/uploads\/2025\/10\/DSC_5536-scaled.jpg","datePublished":"2025-10-08T22:43:26+00:00","dateModified":"2025-11-13T21:56:57+00:00","breadcrumb":{"@id":"https:\/\/happyinaknit.com\/produktas\/lanamania-airy\/#breadcrumb"},"inLanguage":"en-US","potentialAction":[{"@type":"ReadAction","target":["https:\/\/happyinaknit.com\/produktas\/lanamania-airy\/"]}]},{"@type":"ImageObject","inLanguage":"en-US","@id":"https:\/\/happyinaknit.com\/produktas\/lanamania-airy\/#primaryimage","url":"https:\/\/happyinaknit.com\/wp-content\/uploads\/2025\/10\/DSC_5536-scaled.jpg","contentUrl":"https:\/\/happyinaknit.com\/wp-content\/uploads\/2025\/10\/DSC_5536-scaled.jpg","width":2560,"height":2560},{"@type":"BreadcrumbList","@id":"https:\/\/happyinaknit.com\/produktas\/lanamania-airy\/#breadcrumb","itemListElement":[{"@type":"ListItem","position":1,"name":"Home","item":"https:\/\/happyinaknit.com\/lt\/"},{"@type":"ListItem","position":2,"name":"Parduotuv\u0117","item":"https:\/\/happyinaknit.com\/lt\/parduotuve\/"},{"@type":"ListItem","position":3,"name":"Lanamania Airy"}]},{"@type":"WebSite","@id":"https:\/\/happyinaknit.com\/lt\/#website","url":"https:\/\/happyinaknit.com\/lt\/","name":"Happyinaknit.com","description":"","potentialAction":[{"@type":"SearchAction","target":{"@type":"EntryPoint","urlTemplate":"https:\/\/happyinaknit.com\/lt\/?s={search_term_string}"},"query-input":{"@type":"PropertyValueSpecification","valueRequired":true,"valueName":"search_term_string"}}],"inLanguage":"en-US"}]}},"_links":{"self":[{"href":"https:\/\/happyinaknit.com\/en\/wp-json\/wp\/v2\/product\/3841","targetHints":{"allow":["GET"]}}],"collection":[{"href":"https:\/\/happyinaknit.com\/en\/wp-json\/wp\/v2\/product"}],"about":[{"href":"https:\/\/happyinaknit.com\/en\/wp-json\/wp\/v2\/types\/product"}],"replies":[{"embeddable":true,"href":"https:\/\/happyinaknit.com\/en\/wp-json\/wp\/v2\/comments?post=3841"}],"wp:featuredmedia":[{"embeddable":true,"href":"https:\/\/happyinaknit.com\/en\/wp-json\/wp\/v2\/media\/6678"}],"wp:attachment":[{"href":"https:\/\/happyinaknit.com\/en\/wp-json\/wp\/v2\/media?parent=3841"}],"wp:term":[{"taxonomy":"product_brand","embeddable":true,"href":"https:\/\/happyinaknit.com\/en\/wp-json\/wp\/v2\/product_brand?post=3841"},{"taxonomy":"product_cat","embeddable":true,"href":"https:\/\/happyinaknit.com\/en\/wp-json\/wp\/v2\/product_cat?post=3841"},{"taxonomy":"product_tag","embeddable":true,"href":"https:\/\/happyinaknit.com\/en\/wp-json\/wp\/v2\/product_tag?post=3841"},{"taxonomy":"pro-kategorijos","embeddable":true,"href":"https:\/\/happyinaknit.com\/en\/wp-json\/wp\/v2\/pro-kategorijos?post=3841"}],"curies":[{"name":"wp","href":"https:\/\/api.w.org\/{rel}","templated":true}]}}