{"id":3824,"date":"2025-10-08T22:16:55","date_gmt":"2025-10-08T22:16:55","guid":{"rendered":"https:\/\/happyinaknit.com\/?post_type=product&#038;p=3824"},"modified":"2026-04-06T15:51:06","modified_gmt":"2026-04-06T15:51:06","slug":"lanamania-buchara-light","status":"publish","type":"product","link":"https:\/\/happyinaknit.com\/en\/product\/lanamania-buchara-light\/","title":{"rendered":"Lanamania Buchara Light"},"content":{"rendered":"<p data-start=\"65\" data-end=\"321\"><strong data-start=\"65\" data-end=\"85\">Lanamania Alpaca<\/strong> - is a premium quality yarn made from fine Peruvian alpaca wool, with exceptional softness, warmth and lightness. This yarn seems to be designed to dispel the gloom of autumn and give a feeling of cosiness and light.<\/p>\n<p data-start=\"323\" data-end=\"648\">The hollow structure of alpaca wool gives the yarn its natural thermo-regulating properties - it warms the clothes in the cold and allows the body to breathe in warmer air.<br data-start=\"504\" data-end=\"507\" \/>Baby alpaca wool, which comes from the first shearing of young alpacas, is extremely soft, elastic and several times warmer than sheep wool.<\/p>\n<p data-start=\"650\" data-end=\"782\">The Lanamania brand combines a love of nature, sustainability and craftsmanship to make every ball an enjoyable creative experience.<\/p>\n<p data-start=\"784\" data-end=\"930\"><strong data-start=\"784\" data-end=\"796\">Composition:<\/strong> 89 % alpaca, 11 % nylon<br data-start=\"823\" data-end=\"826\" \/><strong data-start=\"826\" data-end=\"848\">Weight \/ length:<\/strong> 50 g - 250 m<br data-start=\"861\" data-end=\"864\" \/><strong data-start=\"864\" data-end=\"892\">Recommended needles:<\/strong> 4.0-5.0mm<br data-start=\"903\" data-end=\"906\" \/><strong data-start=\"906\" data-end=\"923\" data-is-only-node=\"\">Country of origin:<\/strong> Peru<\/p>\n<p data-start=\"932\" data-end=\"1021\"><strong data-start=\"932\" data-end=\"942\">Suitable for:<\/strong> for sweaters, scarves, hats and light, warm accessories.<\/p>\n<p data-start=\"1023\" data-end=\"1219\" data-is-last-node=\"\" data-is-only-node=\"\"><strong data-start=\"1023\" data-end=\"1037\">Care:<\/strong> Wash by hand at a temperature not exceeding 30 \u00b0C, dry flat.<br data-start=\"1128\" data-end=\"1131\" \/><strong data-start=\"1131\" data-end=\"1143\">Note:<\/strong> Color shades may vary slightly depending on your device&#039;s screen.<\/p>","protected":false},"excerpt":{"rendered":"<p>Lanamania Alpaca \u2013 tai auk\u0161\u010diausios kokyb\u0117s si\u016blai, pagaminti i\u0161 \u0161velnios Peru alpako vilnos, pasi\u017eymintys ypatingu \u0161velnumu, \u0161iluma ir lengvumu. \u0160ie si\u016blai tarsi sukurti tam, kad i\u0161sklaidyt\u0173 rudens ni\u016brum\u0105 ir suteikt\u0173 jaukumo bei \u0161viesos poj\u016bt\u012f. D\u0117l alpako vilnos tu\u0161\u010diavidur\u0117s strukt\u016bros si\u016blai pasi\u017eymi nat\u016braliomis termoreguliacin\u0117mis savyb\u0117mis \u2013 drabu\u017eiai i\u0161 j\u0173 \u0161ildo \u0161al\u010diu ir leid\u017eia k\u016bnui kv\u0117puoti \u0161iltesniu [&hellip;]<\/p>\n","protected":false},"featured_media":3728,"comment_status":"open","ping_status":"closed","template":"","meta":{"_acf_changed":false},"product_brand":[64],"product_cat":[15,18],"product_tag":[],"pro-kategorijos":[54],"class_list":{"0":"post-3824","1":"product","2":"type-product","3":"status-publish","4":"has-post-thumbnail","6":"product_brand-zealanalanamania","7":"product_cat-visi-produktai","8":"product_cat-siulai","9":"pro-kategorijos-alpaka","11":"first","12":"instock","13":"shipping-taxable","14":"purchasable","15":"product-type-variable"},"acf":[],"yoast_head":"<!-- This site is optimized with the Yoast SEO plugin v26.8 - https:\/\/yoast.com\/product\/yoast-seo-wordpress\/ -->\n<title>Lanamania Buchara Light - Happyinaknit.com<\/title>\n<meta name=\"robots\" content=\"index, follow, max-snippet:-1, max-image-preview:large, max-video-preview:-1\" \/>\n<link rel=\"canonical\" href=\"https:\/\/happyinaknit.com\/en\/product\/lanamania-buchara-light\/\" \/>\n<meta property=\"og:locale\" content=\"en_US\" \/>\n<meta property=\"og:type\" content=\"article\" \/>\n<meta property=\"og:title\" content=\"Lanamania Buchara Light - Happyinaknit.com\" \/>\n<meta property=\"og:description\" content=\"Lanamania Alpaca \u2013 tai auk\u0161\u010diausios kokyb\u0117s si\u016blai, pagaminti i\u0161 \u0161velnios Peru alpako vilnos, pasi\u017eymintys ypatingu \u0161velnumu, \u0161iluma ir lengvumu. \u0160ie si\u016blai tarsi sukurti tam, kad i\u0161sklaidyt\u0173 rudens ni\u016brum\u0105 ir suteikt\u0173 jaukumo bei \u0161viesos poj\u016bt\u012f. D\u0117l alpako vilnos tu\u0161\u010diavidur\u0117s strukt\u016bros si\u016blai pasi\u017eymi nat\u016braliomis termoreguliacin\u0117mis savyb\u0117mis \u2013 drabu\u017eiai i\u0161 j\u0173 \u0161ildo \u0161al\u010diu ir leid\u017eia k\u016bnui kv\u0117puoti \u0161iltesniu [&hellip;]\" \/>\n<meta property=\"og:url\" content=\"https:\/\/happyinaknit.com\/en\/product\/lanamania-buchara-light\/\" \/>\n<meta property=\"og:site_name\" content=\"Happyinaknit.com\" \/>\n<meta property=\"article:modified_time\" content=\"2026-04-06T15:51:06+00:00\" \/>\n<meta property=\"og:image\" content=\"https:\/\/happyinaknit.com\/wp-content\/uploads\/2025\/10\/IMG_8822.jpg\" \/>\n\t<meta property=\"og:image:width\" content=\"1320\" \/>\n\t<meta property=\"og:image:height\" content=\"1338\" \/>\n\t<meta property=\"og:image:type\" content=\"image\/jpeg\" \/>\n<meta name=\"twitter:card\" content=\"summary_large_image\" \/>\n<meta name=\"twitter:label1\" content=\"Est. reading time\" \/>\n\t<meta name=\"twitter:data1\" content=\"1 minute\" \/>\n<script type=\"application\/ld+json\" class=\"yoast-schema-graph\">{\"@context\":\"https:\/\/schema.org\",\"@graph\":[{\"@type\":\"WebPage\",\"@id\":\"https:\/\/happyinaknit.com\/produktas\/lanamania-buchara-light\/\",\"url\":\"https:\/\/happyinaknit.com\/produktas\/lanamania-buchara-light\/\",\"name\":\"Lanamania Buchara Light - Happyinaknit.com\",\"isPartOf\":{\"@id\":\"https:\/\/happyinaknit.com\/lt\/#website\"},\"primaryImageOfPage\":{\"@id\":\"https:\/\/happyinaknit.com\/produktas\/lanamania-buchara-light\/#primaryimage\"},\"image\":{\"@id\":\"https:\/\/happyinaknit.com\/produktas\/lanamania-buchara-light\/#primaryimage\"},\"thumbnailUrl\":\"https:\/\/happyinaknit.com\/wp-content\/uploads\/2025\/10\/IMG_8822.jpg\",\"datePublished\":\"2025-10-08T22:16:55+00:00\",\"dateModified\":\"2026-04-06T15:51:06+00:00\",\"breadcrumb\":{\"@id\":\"https:\/\/happyinaknit.com\/produktas\/lanamania-buchara-light\/#breadcrumb\"},\"inLanguage\":\"en-US\",\"potentialAction\":[{\"@type\":\"ReadAction\",\"target\":[\"https:\/\/happyinaknit.com\/produktas\/lanamania-buchara-light\/\"]}]},{\"@type\":\"ImageObject\",\"inLanguage\":\"en-US\",\"@id\":\"https:\/\/happyinaknit.com\/produktas\/lanamania-buchara-light\/#primaryimage\",\"url\":\"https:\/\/happyinaknit.com\/wp-content\/uploads\/2025\/10\/IMG_8822.jpg\",\"contentUrl\":\"https:\/\/happyinaknit.com\/wp-content\/uploads\/2025\/10\/IMG_8822.jpg\",\"width\":1320,\"height\":1338},{\"@type\":\"BreadcrumbList\",\"@id\":\"https:\/\/happyinaknit.com\/produktas\/lanamania-buchara-light\/#breadcrumb\",\"itemListElement\":[{\"@type\":\"ListItem\",\"position\":1,\"name\":\"Home\",\"item\":\"https:\/\/happyinaknit.com\/lt\/\"},{\"@type\":\"ListItem\",\"position\":2,\"name\":\"Parduotuv\u0117\",\"item\":\"https:\/\/happyinaknit.com\/lt\/parduotuve\/\"},{\"@type\":\"ListItem\",\"position\":3,\"name\":\"Lanamania Buchara Light\"}]},{\"@type\":\"WebSite\",\"@id\":\"https:\/\/happyinaknit.com\/lt\/#website\",\"url\":\"https:\/\/happyinaknit.com\/lt\/\",\"name\":\"Happyinaknit.com\",\"description\":\"\",\"potentialAction\":[{\"@type\":\"SearchAction\",\"target\":{\"@type\":\"EntryPoint\",\"urlTemplate\":\"https:\/\/happyinaknit.com\/lt\/?s={search_term_string}\"},\"query-input\":{\"@type\":\"PropertyValueSpecification\",\"valueRequired\":true,\"valueName\":\"search_term_string\"}}],\"inLanguage\":\"en-US\"}]}<\/script>\n<!-- \/ Yoast SEO plugin. -->","yoast_head_json":{"title":"Lanamania Buchara Light - Happyinaknit.com","robots":{"index":"index","follow":"follow","max-snippet":"max-snippet:-1","max-image-preview":"max-image-preview:large","max-video-preview":"max-video-preview:-1"},"canonical":"https:\/\/happyinaknit.com\/en\/product\/lanamania-buchara-light\/","og_locale":"en_US","og_type":"article","og_title":"Lanamania Buchara Light - Happyinaknit.com","og_description":"Lanamania Alpaca \u2013 tai auk\u0161\u010diausios kokyb\u0117s si\u016blai, pagaminti i\u0161 \u0161velnios Peru alpako vilnos, pasi\u017eymintys ypatingu \u0161velnumu, \u0161iluma ir lengvumu. \u0160ie si\u016blai tarsi sukurti tam, kad i\u0161sklaidyt\u0173 rudens ni\u016brum\u0105 ir suteikt\u0173 jaukumo bei \u0161viesos poj\u016bt\u012f. D\u0117l alpako vilnos tu\u0161\u010diavidur\u0117s strukt\u016bros si\u016blai pasi\u017eymi nat\u016braliomis termoreguliacin\u0117mis savyb\u0117mis \u2013 drabu\u017eiai i\u0161 j\u0173 \u0161ildo \u0161al\u010diu ir leid\u017eia k\u016bnui kv\u0117puoti \u0161iltesniu [&hellip;]","og_url":"https:\/\/happyinaknit.com\/en\/product\/lanamania-buchara-light\/","og_site_name":"Happyinaknit.com","article_modified_time":"2026-04-06T15:51:06+00:00","og_image":[{"width":1320,"height":1338,"url":"https:\/\/happyinaknit.com\/wp-content\/uploads\/2025\/10\/IMG_8822.jpg","type":"image\/jpeg"}],"twitter_card":"summary_large_image","twitter_misc":{"Est. reading time":"1 minute"},"schema":{"@context":"https:\/\/schema.org","@graph":[{"@type":"WebPage","@id":"https:\/\/happyinaknit.com\/produktas\/lanamania-buchara-light\/","url":"https:\/\/happyinaknit.com\/produktas\/lanamania-buchara-light\/","name":"Lanamania Buchara Light - Happyinaknit.com","isPartOf":{"@id":"https:\/\/happyinaknit.com\/lt\/#website"},"primaryImageOfPage":{"@id":"https:\/\/happyinaknit.com\/produktas\/lanamania-buchara-light\/#primaryimage"},"image":{"@id":"https:\/\/happyinaknit.com\/produktas\/lanamania-buchara-light\/#primaryimage"},"thumbnailUrl":"https:\/\/happyinaknit.com\/wp-content\/uploads\/2025\/10\/IMG_8822.jpg","datePublished":"2025-10-08T22:16:55+00:00","dateModified":"2026-04-06T15:51:06+00:00","breadcrumb":{"@id":"https:\/\/happyinaknit.com\/produktas\/lanamania-buchara-light\/#breadcrumb"},"inLanguage":"en-US","potentialAction":[{"@type":"ReadAction","target":["https:\/\/happyinaknit.com\/produktas\/lanamania-buchara-light\/"]}]},{"@type":"ImageObject","inLanguage":"en-US","@id":"https:\/\/happyinaknit.com\/produktas\/lanamania-buchara-light\/#primaryimage","url":"https:\/\/happyinaknit.com\/wp-content\/uploads\/2025\/10\/IMG_8822.jpg","contentUrl":"https:\/\/happyinaknit.com\/wp-content\/uploads\/2025\/10\/IMG_8822.jpg","width":1320,"height":1338},{"@type":"BreadcrumbList","@id":"https:\/\/happyinaknit.com\/produktas\/lanamania-buchara-light\/#breadcrumb","itemListElement":[{"@type":"ListItem","position":1,"name":"Home","item":"https:\/\/happyinaknit.com\/lt\/"},{"@type":"ListItem","position":2,"name":"Parduotuv\u0117","item":"https:\/\/happyinaknit.com\/lt\/parduotuve\/"},{"@type":"ListItem","position":3,"name":"Lanamania Buchara Light"}]},{"@type":"WebSite","@id":"https:\/\/happyinaknit.com\/lt\/#website","url":"https:\/\/happyinaknit.com\/lt\/","name":"Happyinaknit.com","description":"","potentialAction":[{"@type":"SearchAction","target":{"@type":"EntryPoint","urlTemplate":"https:\/\/happyinaknit.com\/lt\/?s={search_term_string}"},"query-input":{"@type":"PropertyValueSpecification","valueRequired":true,"valueName":"search_term_string"}}],"inLanguage":"en-US"}]}},"_links":{"self":[{"href":"https:\/\/happyinaknit.com\/en\/wp-json\/wp\/v2\/product\/3824","targetHints":{"allow":["GET"]}}],"collection":[{"href":"https:\/\/happyinaknit.com\/en\/wp-json\/wp\/v2\/product"}],"about":[{"href":"https:\/\/happyinaknit.com\/en\/wp-json\/wp\/v2\/types\/product"}],"replies":[{"embeddable":true,"href":"https:\/\/happyinaknit.com\/en\/wp-json\/wp\/v2\/comments?post=3824"}],"wp:featuredmedia":[{"embeddable":true,"href":"https:\/\/happyinaknit.com\/en\/wp-json\/wp\/v2\/media\/3728"}],"wp:attachment":[{"href":"https:\/\/happyinaknit.com\/en\/wp-json\/wp\/v2\/media?parent=3824"}],"wp:term":[{"taxonomy":"product_brand","embeddable":true,"href":"https:\/\/happyinaknit.com\/en\/wp-json\/wp\/v2\/product_brand?post=3824"},{"taxonomy":"product_cat","embeddable":true,"href":"https:\/\/happyinaknit.com\/en\/wp-json\/wp\/v2\/product_cat?post=3824"},{"taxonomy":"product_tag","embeddable":true,"href":"https:\/\/happyinaknit.com\/en\/wp-json\/wp\/v2\/product_tag?post=3824"},{"taxonomy":"pro-kategorijos","embeddable":true,"href":"https:\/\/happyinaknit.com\/en\/wp-json\/wp\/v2\/pro-kategorijos?post=3824"}],"curies":[{"name":"wp","href":"https:\/\/api.w.org\/{rel}","templated":true}]}}